{"id":48399,"date":"2025-05-28T12:15:09","date_gmt":"2025-05-28T09:15:09","guid":{"rendered":"https:\/\/miumjau.ee\/toode\/kramtomasis-skanestas-frigera-himalaju-suris-is-jaku-ir-karviu-pieno-m-70-90-g\/"},"modified":"2026-01-07T20:45:16","modified_gmt":"2026-01-07T18:45:16","slug":"kramtomasis-skanestas-frigera-himalaju-suris-is-jaku-ir-karviu-pieno-m-70-90-g","status":"publish","type":"product","link":"https:\/\/miumjau.ee\/lt\/produktas\/kramtomasis-skanestas-frigera-himalaju-suris-is-jaku-ir-karviu-pieno-m-70-90-g\/","title":{"rendered":"Kramtomasis skan\u0117stas Frigera \u201eHimalaj\u0173 s\u016bris\u201c i\u0161 jak\u0173 ir karvi\u0173 pieno M (70\u201390 g)"},"content":{"rendered":"","protected":false},"excerpt":{"rendered":"<p data-start=\"4335\" data-end=\"4518\">Norite savo mylimam keturkojui draugui pasi\u016blyti k\u0105 nors tradicinio ir rank\u0173 darbo i\u0161 kito pasaulio kra\u0161to? Tuomet paie\u0161kos baigtos \u2013 friGERA jak\u0173 pieno s\u016bris yra puikus pasirinkimas!<\/p>\n<p data-start=\"4520\" data-end=\"4756\">\u0160is unikalus ir hipoalerginis skan\u0117stas rankomis gaminamas Himalaj\u0173 regiono vietini\u0173 \u016bkinink\u0173, naudojant tradicinius metodus. Beveik be laktoz\u0117s esantis s\u016bris gaminamas i\u0161 pasuk\u0173, i\u0161spaud\u017eiant vanden\u012f ir d\u017eiovinant \u017eemoje temperat\u016broje.<\/p>\n<p data-start=\"4758\" data-end=\"4952\">Tai liesas (0 transriebal\u0173!) ir itin baltymingas produktas, kuriame gausu kazeino, magnio, kalcio ir antioksidant\u0173, tod\u0117l jis yra daug sveikesn\u0117 alternatyva \u012fprastiems kramtomiesiems skan\u0117stams.<\/p>\n<p data-start=\"4954\" data-end=\"4975\">Ir tai dar ne viskas!<\/p>\n<p data-start=\"4977\" data-end=\"5157\">\u2714\ufe0f Be dirbtini\u0173 da\u017eikli\u0173, kvapi\u0173j\u0173 med\u017eiag\u0173 ir konservant\u0173<br data-start=\"5035\" data-end=\"5038\" \/>\u2714\ufe0f Turtingas omega-3 \u0161altinis \u2013 palaiko sveik\u0105 od\u0105 ir kail\u012f<br data-start=\"5097\" data-end=\"5100\" \/>\u2714\ufe0f Nat\u016bralus probiotikas, padedantis gerinti vir\u0161kinim\u0105<\/p>\n<p data-start=\"5159\" data-end=\"5352\">Kadangi \u0161uniui reikia ilgai kramtyti, kol s\u016bris sumink\u0161t\u0117ja, jis puikiai tinka dant\u0173 prie\u017ei\u016brai ir ilgesniam u\u017eimtumui. M\u016bs\u0173 asortimente yra jak\u0173 pieno s\u016bris \u012fvairi\u0173 dyd\u017ei\u0173 \u2013 kiekvienam \u0161uniui!<\/p>\n<p data-start=\"5354\" data-end=\"5493\">\ud83d\udca1 <strong data-start=\"5357\" data-end=\"5371\">Patarimas:<\/strong> jei po kramtymo lieka ma\u017eas gabal\u0117lis, \u012fd\u0117kite j\u012f \u012f mikrobang\u0173 krosnel\u0119 30\u201345 sekund\u0117ms \u2013 jis pavirs tra\u0161kiu \u201esprag\u0117siu\u201c!<\/p>\n","protected":false},"featured_media":48400,"template":"","meta":[],"product_brand":[],"product_cat":[540],"product_tag":[],"class_list":{"0":"post-48399","1":"product","2":"type-product","3":"status-publish","4":"has-post-thumbnail","6":"product_cat-skanestai-sunims","8":"first","9":"instock","10":"sale","11":"taxable","12":"shipping-taxable","13":"purchasable","14":"product-type-simple"},"yoast_head":"<!-- This site is optimized with the Yoast SEO plugin v27.4 - https:\/\/yoast.com\/product\/yoast-seo-wordpress\/ -->\n<title>Kramtomasis skan\u0117stas Frigera \u201eHimalaj\u0173 s\u016bris\u201c i\u0161 jak\u0173 ir karvi\u0173 pieno M (70\u201390 g) - MiuMjau<\/title>\n<meta name=\"robots\" content=\"index, follow, max-snippet:-1, max-image-preview:large, max-video-preview:-1\" \/>\n<link rel=\"canonical\" href=\"https:\/\/miumjau.ee\/lt\/produktas\/kramtomasis-skanestas-frigera-himalaju-suris-is-jaku-ir-karviu-pieno-m-70-90-g\/\" \/>\n<meta property=\"og:locale\" content=\"lt_LT\" \/>\n<meta property=\"og:type\" content=\"article\" \/>\n<meta property=\"og:title\" content=\"Kramtomasis skan\u0117stas Frigera \u201eHimalaj\u0173 s\u016bris\u201c i\u0161 jak\u0173 ir karvi\u0173 pieno M (70\u201390 g) - MiuMjau\" \/>\n<meta property=\"og:description\" content=\"Norite savo mylimam keturkojui draugui pasi\u016blyti k\u0105 nors tradicinio ir rank\u0173 darbo i\u0161 kito pasaulio kra\u0161to? Tuomet paie\u0161kos baigtos \u2013 friGERA jak\u0173 pieno s\u016bris yra puikus pasirinkimas! \u0160is unikalus ir hipoalerginis skan\u0117stas rankomis gaminamas Himalaj\u0173 regiono vietini\u0173 \u016bkinink\u0173, naudojant tradicinius metodus. Beveik be laktoz\u0117s esantis s\u016bris gaminamas i\u0161 pasuk\u0173, i\u0161spaud\u017eiant vanden\u012f ir d\u017eiovinant \u017eemoje temperat\u016broje. Tai liesas (0 transriebal\u0173!) ir itin baltymingas produktas, kuriame gausu kazeino, magnio, kalcio ir antioksidant\u0173, tod\u0117l jis yra daug sveikesn\u0117 alternatyva \u012fprastiems kramtomiesiems skan\u0117stams. Ir tai dar ne viskas! \u2714\ufe0f Be dirbtini\u0173 da\u017eikli\u0173, kvapi\u0173j\u0173 med\u017eiag\u0173 ir konservant\u0173\u2714\ufe0f Turtingas omega-3 \u0161altinis \u2013 palaiko sveik\u0105 od\u0105 ir kail\u012f\u2714\ufe0f Nat\u016bralus probiotikas, padedantis gerinti vir\u0161kinim\u0105 Kadangi \u0161uniui reikia ilgai kramtyti, kol s\u016bris sumink\u0161t\u0117ja, jis puikiai tinka dant\u0173 prie\u017ei\u016brai ir ilgesniam u\u017eimtumui. M\u016bs\u0173 asortimente yra jak\u0173 pieno s\u016bris \u012fvairi\u0173 dyd\u017ei\u0173 \u2013 kiekvienam \u0161uniui! \ud83d\udca1 Patarimas: jei po kramtymo lieka ma\u017eas gabal\u0117lis, \u012fd\u0117kite j\u012f \u012f mikrobang\u0173 krosnel\u0119 30\u201345 sekund\u0117ms \u2013 jis pavirs tra\u0161kiu \u201esprag\u0117siu\u201c!\" \/>\n<meta property=\"og:url\" content=\"https:\/\/miumjau.ee\/lt\/produktas\/kramtomasis-skanestas-frigera-himalaju-suris-is-jaku-ir-karviu-pieno-m-70-90-g\/\" \/>\n<meta property=\"og:site_name\" content=\"MiuMjau\" \/>\n<meta property=\"article:publisher\" content=\"https:\/\/www.facebook.com\/miumjaupood\/\" \/>\n<meta property=\"article:modified_time\" content=\"2026-01-07T18:45:16+00:00\" \/>\n<meta property=\"og:image\" content=\"https:\/\/miumjau.ee\/wp-content\/uploads\/2025\/05\/frigera-jakijuustu-pulk-m-Photoroom.webp\" \/>\n\t<meta property=\"og:image:width\" content=\"600\" \/>\n\t<meta property=\"og:image:height\" content=\"800\" \/>\n\t<meta property=\"og:image:type\" content=\"image\/webp\" \/>\n<meta name=\"twitter:card\" content=\"summary_large_image\" \/>\n<script type=\"application\/ld+json\" class=\"yoast-schema-graph\">{\"@context\":\"https:\\\/\\\/schema.org\",\"@graph\":[{\"@type\":\"WebPage\",\"@id\":\"https:\\\/\\\/miumjau.ee\\\/lt\\\/produktas\\\/kramtomasis-skanestas-frigera-himalaju-suris-is-jaku-ir-karviu-pieno-m-70-90-g\\\/\",\"url\":\"https:\\\/\\\/miumjau.ee\\\/lt\\\/produktas\\\/kramtomasis-skanestas-frigera-himalaju-suris-is-jaku-ir-karviu-pieno-m-70-90-g\\\/\",\"name\":\"Kramtomasis skan\u0117stas Frigera \u201eHimalaj\u0173 s\u016bris\u201c i\u0161 jak\u0173 ir karvi\u0173 pieno M (70\u201390 g) - MiuMjau\",\"isPartOf\":{\"@id\":\"https:\\\/\\\/miumjau.ee\\\/#website\"},\"primaryImageOfPage\":{\"@id\":\"https:\\\/\\\/miumjau.ee\\\/lt\\\/produktas\\\/kramtomasis-skanestas-frigera-himalaju-suris-is-jaku-ir-karviu-pieno-m-70-90-g\\\/#primaryimage\"},\"image\":{\"@id\":\"https:\\\/\\\/miumjau.ee\\\/lt\\\/produktas\\\/kramtomasis-skanestas-frigera-himalaju-suris-is-jaku-ir-karviu-pieno-m-70-90-g\\\/#primaryimage\"},\"thumbnailUrl\":\"https:\\\/\\\/miumjau.ee\\\/wp-content\\\/uploads\\\/2025\\\/05\\\/frigera-jakijuustu-pulk-m-Photoroom.webp\",\"datePublished\":\"2025-05-28T09:15:09+00:00\",\"dateModified\":\"2026-01-07T18:45:16+00:00\",\"breadcrumb\":{\"@id\":\"https:\\\/\\\/miumjau.ee\\\/lt\\\/produktas\\\/kramtomasis-skanestas-frigera-himalaju-suris-is-jaku-ir-karviu-pieno-m-70-90-g\\\/#breadcrumb\"},\"inLanguage\":\"lt-LT\",\"potentialAction\":[{\"@type\":\"ReadAction\",\"target\":[\"https:\\\/\\\/miumjau.ee\\\/lt\\\/produktas\\\/kramtomasis-skanestas-frigera-himalaju-suris-is-jaku-ir-karviu-pieno-m-70-90-g\\\/\"]}]},{\"@type\":\"ImageObject\",\"inLanguage\":\"lt-LT\",\"@id\":\"https:\\\/\\\/miumjau.ee\\\/lt\\\/produktas\\\/kramtomasis-skanestas-frigera-himalaju-suris-is-jaku-ir-karviu-pieno-m-70-90-g\\\/#primaryimage\",\"url\":\"https:\\\/\\\/miumjau.ee\\\/wp-content\\\/uploads\\\/2025\\\/05\\\/frigera-jakijuustu-pulk-m-Photoroom.webp\",\"contentUrl\":\"https:\\\/\\\/miumjau.ee\\\/wp-content\\\/uploads\\\/2025\\\/05\\\/frigera-jakijuustu-pulk-m-Photoroom.webp\",\"width\":600,\"height\":800},{\"@type\":\"BreadcrumbList\",\"@id\":\"https:\\\/\\\/miumjau.ee\\\/lt\\\/produktas\\\/kramtomasis-skanestas-frigera-himalaju-suris-is-jaku-ir-karviu-pieno-m-70-90-g\\\/#breadcrumb\",\"itemListElement\":[{\"@type\":\"ListItem\",\"position\":1,\"name\":\"Home\",\"item\":\"https:\\\/\\\/miumjau.ee\\\/lt\\\/\"},{\"@type\":\"ListItem\",\"position\":2,\"name\":\"Parduotuv\u0117\",\"item\":\"https:\\\/\\\/miumjau.ee\\\/lt\\\/parduotuve\\\/\"},{\"@type\":\"ListItem\",\"position\":3,\"name\":\"Kramtomasis skan\u0117stas Frigera \u201eHimalaj\u0173 s\u016bris\u201c i\u0161 jak\u0173 ir karvi\u0173 pieno M (70\u201390 g)\"}]},{\"@type\":\"WebSite\",\"@id\":\"https:\\\/\\\/miumjau.ee\\\/#website\",\"url\":\"https:\\\/\\\/miumjau.ee\\\/\",\"name\":\"MiuMjau\",\"description\":\"Kraapimispuud kassidele\",\"publisher\":{\"@id\":\"https:\\\/\\\/miumjau.ee\\\/#organization\"},\"potentialAction\":[{\"@type\":\"SearchAction\",\"target\":{\"@type\":\"EntryPoint\",\"urlTemplate\":\"https:\\\/\\\/miumjau.ee\\\/?s={search_term_string}\"},\"query-input\":{\"@type\":\"PropertyValueSpecification\",\"valueRequired\":true,\"valueName\":\"search_term_string\"}}],\"inLanguage\":\"lt-LT\"},{\"@type\":\"Organization\",\"@id\":\"https:\\\/\\\/miumjau.ee\\\/#organization\",\"name\":\"MiuMjau O\u00dc\",\"url\":\"https:\\\/\\\/miumjau.ee\\\/\",\"logo\":{\"@type\":\"ImageObject\",\"inLanguage\":\"lt-LT\",\"@id\":\"https:\\\/\\\/miumjau.ee\\\/#\\\/schema\\\/logo\\\/image\\\/\",\"url\":\"https:\\\/\\\/miumjau.ee\\\/wp-content\\\/uploads\\\/2022\\\/04\\\/MiuMjau-logo-kollane.png\",\"contentUrl\":\"https:\\\/\\\/miumjau.ee\\\/wp-content\\\/uploads\\\/2022\\\/04\\\/MiuMjau-logo-kollane.png\",\"width\":219,\"height\":100,\"caption\":\"MiuMjau O\u00dc\"},\"image\":{\"@id\":\"https:\\\/\\\/miumjau.ee\\\/#\\\/schema\\\/logo\\\/image\\\/\"},\"sameAs\":[\"https:\\\/\\\/www.facebook.com\\\/miumjaupood\\\/\"]}]}<\/script>\n<!-- \/ Yoast SEO plugin. -->","yoast_head_json":{"title":"Kramtomasis skan\u0117stas Frigera \u201eHimalaj\u0173 s\u016bris\u201c i\u0161 jak\u0173 ir karvi\u0173 pieno M (70\u201390 g) - MiuMjau","robots":{"index":"index","follow":"follow","max-snippet":"max-snippet:-1","max-image-preview":"max-image-preview:large","max-video-preview":"max-video-preview:-1"},"canonical":"https:\/\/miumjau.ee\/lt\/produktas\/kramtomasis-skanestas-frigera-himalaju-suris-is-jaku-ir-karviu-pieno-m-70-90-g\/","og_locale":"lt_LT","og_type":"article","og_title":"Kramtomasis skan\u0117stas Frigera \u201eHimalaj\u0173 s\u016bris\u201c i\u0161 jak\u0173 ir karvi\u0173 pieno M (70\u201390 g) - MiuMjau","og_description":"Norite savo mylimam keturkojui draugui pasi\u016blyti k\u0105 nors tradicinio ir rank\u0173 darbo i\u0161 kito pasaulio kra\u0161to? Tuomet paie\u0161kos baigtos \u2013 friGERA jak\u0173 pieno s\u016bris yra puikus pasirinkimas! \u0160is unikalus ir hipoalerginis skan\u0117stas rankomis gaminamas Himalaj\u0173 regiono vietini\u0173 \u016bkinink\u0173, naudojant tradicinius metodus. Beveik be laktoz\u0117s esantis s\u016bris gaminamas i\u0161 pasuk\u0173, i\u0161spaud\u017eiant vanden\u012f ir d\u017eiovinant \u017eemoje temperat\u016broje. Tai liesas (0 transriebal\u0173!) ir itin baltymingas produktas, kuriame gausu kazeino, magnio, kalcio ir antioksidant\u0173, tod\u0117l jis yra daug sveikesn\u0117 alternatyva \u012fprastiems kramtomiesiems skan\u0117stams. Ir tai dar ne viskas! \u2714\ufe0f Be dirbtini\u0173 da\u017eikli\u0173, kvapi\u0173j\u0173 med\u017eiag\u0173 ir konservant\u0173\u2714\ufe0f Turtingas omega-3 \u0161altinis \u2013 palaiko sveik\u0105 od\u0105 ir kail\u012f\u2714\ufe0f Nat\u016bralus probiotikas, padedantis gerinti vir\u0161kinim\u0105 Kadangi \u0161uniui reikia ilgai kramtyti, kol s\u016bris sumink\u0161t\u0117ja, jis puikiai tinka dant\u0173 prie\u017ei\u016brai ir ilgesniam u\u017eimtumui. M\u016bs\u0173 asortimente yra jak\u0173 pieno s\u016bris \u012fvairi\u0173 dyd\u017ei\u0173 \u2013 kiekvienam \u0161uniui! \ud83d\udca1 Patarimas: jei po kramtymo lieka ma\u017eas gabal\u0117lis, \u012fd\u0117kite j\u012f \u012f mikrobang\u0173 krosnel\u0119 30\u201345 sekund\u0117ms \u2013 jis pavirs tra\u0161kiu \u201esprag\u0117siu\u201c!","og_url":"https:\/\/miumjau.ee\/lt\/produktas\/kramtomasis-skanestas-frigera-himalaju-suris-is-jaku-ir-karviu-pieno-m-70-90-g\/","og_site_name":"MiuMjau","article_publisher":"https:\/\/www.facebook.com\/miumjaupood\/","article_modified_time":"2026-01-07T18:45:16+00:00","og_image":[{"width":600,"height":800,"url":"https:\/\/miumjau.ee\/wp-content\/uploads\/2025\/05\/frigera-jakijuustu-pulk-m-Photoroom.webp","type":"image\/webp"}],"twitter_card":"summary_large_image","schema":{"@context":"https:\/\/schema.org","@graph":[{"@type":"WebPage","@id":"https:\/\/miumjau.ee\/lt\/produktas\/kramtomasis-skanestas-frigera-himalaju-suris-is-jaku-ir-karviu-pieno-m-70-90-g\/","url":"https:\/\/miumjau.ee\/lt\/produktas\/kramtomasis-skanestas-frigera-himalaju-suris-is-jaku-ir-karviu-pieno-m-70-90-g\/","name":"Kramtomasis skan\u0117stas Frigera \u201eHimalaj\u0173 s\u016bris\u201c i\u0161 jak\u0173 ir karvi\u0173 pieno M (70\u201390 g) - MiuMjau","isPartOf":{"@id":"https:\/\/miumjau.ee\/#website"},"primaryImageOfPage":{"@id":"https:\/\/miumjau.ee\/lt\/produktas\/kramtomasis-skanestas-frigera-himalaju-suris-is-jaku-ir-karviu-pieno-m-70-90-g\/#primaryimage"},"image":{"@id":"https:\/\/miumjau.ee\/lt\/produktas\/kramtomasis-skanestas-frigera-himalaju-suris-is-jaku-ir-karviu-pieno-m-70-90-g\/#primaryimage"},"thumbnailUrl":"https:\/\/miumjau.ee\/wp-content\/uploads\/2025\/05\/frigera-jakijuustu-pulk-m-Photoroom.webp","datePublished":"2025-05-28T09:15:09+00:00","dateModified":"2026-01-07T18:45:16+00:00","breadcrumb":{"@id":"https:\/\/miumjau.ee\/lt\/produktas\/kramtomasis-skanestas-frigera-himalaju-suris-is-jaku-ir-karviu-pieno-m-70-90-g\/#breadcrumb"},"inLanguage":"lt-LT","potentialAction":[{"@type":"ReadAction","target":["https:\/\/miumjau.ee\/lt\/produktas\/kramtomasis-skanestas-frigera-himalaju-suris-is-jaku-ir-karviu-pieno-m-70-90-g\/"]}]},{"@type":"ImageObject","inLanguage":"lt-LT","@id":"https:\/\/miumjau.ee\/lt\/produktas\/kramtomasis-skanestas-frigera-himalaju-suris-is-jaku-ir-karviu-pieno-m-70-90-g\/#primaryimage","url":"https:\/\/miumjau.ee\/wp-content\/uploads\/2025\/05\/frigera-jakijuustu-pulk-m-Photoroom.webp","contentUrl":"https:\/\/miumjau.ee\/wp-content\/uploads\/2025\/05\/frigera-jakijuustu-pulk-m-Photoroom.webp","width":600,"height":800},{"@type":"BreadcrumbList","@id":"https:\/\/miumjau.ee\/lt\/produktas\/kramtomasis-skanestas-frigera-himalaju-suris-is-jaku-ir-karviu-pieno-m-70-90-g\/#breadcrumb","itemListElement":[{"@type":"ListItem","position":1,"name":"Home","item":"https:\/\/miumjau.ee\/lt\/"},{"@type":"ListItem","position":2,"name":"Parduotuv\u0117","item":"https:\/\/miumjau.ee\/lt\/parduotuve\/"},{"@type":"ListItem","position":3,"name":"Kramtomasis skan\u0117stas Frigera \u201eHimalaj\u0173 s\u016bris\u201c i\u0161 jak\u0173 ir karvi\u0173 pieno M (70\u201390 g)"}]},{"@type":"WebSite","@id":"https:\/\/miumjau.ee\/#website","url":"https:\/\/miumjau.ee\/","name":"MiuMjau","description":"Kraapimispuud kassidele","publisher":{"@id":"https:\/\/miumjau.ee\/#organization"},"potentialAction":[{"@type":"SearchAction","target":{"@type":"EntryPoint","urlTemplate":"https:\/\/miumjau.ee\/?s={search_term_string}"},"query-input":{"@type":"PropertyValueSpecification","valueRequired":true,"valueName":"search_term_string"}}],"inLanguage":"lt-LT"},{"@type":"Organization","@id":"https:\/\/miumjau.ee\/#organization","name":"MiuMjau O\u00dc","url":"https:\/\/miumjau.ee\/","logo":{"@type":"ImageObject","inLanguage":"lt-LT","@id":"https:\/\/miumjau.ee\/#\/schema\/logo\/image\/","url":"https:\/\/miumjau.ee\/wp-content\/uploads\/2022\/04\/MiuMjau-logo-kollane.png","contentUrl":"https:\/\/miumjau.ee\/wp-content\/uploads\/2022\/04\/MiuMjau-logo-kollane.png","width":219,"height":100,"caption":"MiuMjau O\u00dc"},"image":{"@id":"https:\/\/miumjau.ee\/#\/schema\/logo\/image\/"},"sameAs":["https:\/\/www.facebook.com\/miumjaupood\/"]}]}},"_links":{"self":[{"href":"https:\/\/miumjau.ee\/lt\/wp-json\/wp\/v2\/product\/48399","targetHints":{"allow":["GET"]}}],"collection":[{"href":"https:\/\/miumjau.ee\/lt\/wp-json\/wp\/v2\/product"}],"about":[{"href":"https:\/\/miumjau.ee\/lt\/wp-json\/wp\/v2\/types\/product"}],"wp:featuredmedia":[{"embeddable":true,"href":"https:\/\/miumjau.ee\/lt\/wp-json\/wp\/v2\/media\/48400"}],"wp:attachment":[{"href":"https:\/\/miumjau.ee\/lt\/wp-json\/wp\/v2\/media?parent=48399"}],"wp:term":[{"taxonomy":"product_brand","embeddable":true,"href":"https:\/\/miumjau.ee\/lt\/wp-json\/wp\/v2\/product_brand?post=48399"},{"taxonomy":"product_cat","embeddable":true,"href":"https:\/\/miumjau.ee\/lt\/wp-json\/wp\/v2\/product_cat?post=48399"},{"taxonomy":"product_tag","embeddable":true,"href":"https:\/\/miumjau.ee\/lt\/wp-json\/wp\/v2\/product_tag?post=48399"}],"curies":[{"name":"wp","href":"https:\/\/api.w.org\/{rel}","templated":true}]}}