{"id":48387,"date":"2025-05-28T13:49:36","date_gmt":"2025-05-28T10:49:36","guid":{"rendered":"https:\/\/miumjau.ee\/toode\/tvirtas-kavamedzio-kramtomasis-pagaliukas-sunims-frigera-s\/"},"modified":"2026-01-07T20:45:16","modified_gmt":"2026-01-07T18:45:16","slug":"tvirtas-kavamedzio-kramtomasis-pagaliukas-sunims-frigera-s","status":"publish","type":"product","link":"https:\/\/miumjau.ee\/lt\/produktas\/tvirtas-kavamedzio-kramtomasis-pagaliukas-sunims-frigera-s\/","title":{"rendered":"Tvirtas kavamed\u017eio kramtomasis pagaliukas \u0161unims Frigera S"},"content":{"rendered":"","protected":false},"excerpt":{"rendered":"<p data-start=\"3119\" data-end=\"3339\">Ar j\u016bs\u0173 \u0161uo perkramto kiekvien\u0105 skan\u0117st\u0105 dar nesp\u0117jus apsidairyti? Pavargote nuo sugadint\u0173 bat\u0173 ir subrai\u017eyt\u0173 bald\u0173 koj\u0173? Nesijaudinkite \u2013 friGERA kavamed\u017eio kramtomieji pagaliukai pad\u0117s apsaugoti j\u016bs\u0173 vertingus daiktus!<\/p>\n<p data-start=\"3341\" data-end=\"3540\">Tai vienas nat\u016braliausi\u0173 ir patvariausi\u0173 kramtom\u0173j\u0173 skan\u0117st\u0173! M\u016bs\u0173 kavamed\u017eio pagaliukai yra:<br data-start=\"3434\" data-end=\"3437\" \/>\u2714\ufe0f 100 % vegani\u0161ki<br data-start=\"3455\" data-end=\"3458\" \/>\u2714\ufe0f Rank\u0173 darbo<br data-start=\"3472\" data-end=\"3475\" \/>\u2714\ufe0f Pagaminti i\u0161 perteklin\u0117s gen\u0117jimo medienos, nekertant med\u017ei\u0173<\/p>\n<p data-start=\"3542\" data-end=\"3819\">D\u0117l nat\u016bralaus kietumo \u0161ie pagaliukai palaiko \u0161uns dant\u0173 sveikat\u0105 \u2013 kramtymas padeda ma\u017einti apna\u0161as ir dant\u0173 akmenis, o medienos skaidulos \u0161velniai valo dantis. Ir tarsi to b\u016bt\u0173 negana \u2013 \u0161is skan\u0117stas visi\u0161kai nekaloringas, tod\u0117l ypa\u010d tinka \u0161unims, linkusiems priaugti svorio!<\/p>\n<p data-start=\"3821\" data-end=\"3904\">Patenkinkite nat\u016bral\u0173 savo \u0161uns kramtymo poreik\u012f sveiku ir aplinkai draugi\u0161ku b\u016bdu!<\/p>\n<p data-start=\"3906\" data-end=\"3954\">Grynasis svoris: 35 g<br data-start=\"3927\" data-end=\"3930\" \/>Sud\u0117tis: 100 % kavamedis<\/p>\n","protected":false},"featured_media":48388,"template":"","meta":[],"product_brand":[],"product_cat":[541],"product_tag":[],"class_list":{"0":"post-48387","1":"product","2":"type-product","3":"status-publish","4":"has-post-thumbnail","6":"product_cat-zaislai-sunims","8":"first","9":"instock","10":"sale","11":"taxable","12":"shipping-taxable","13":"purchasable","14":"product-type-simple"},"yoast_head":"<!-- This site is optimized with the Yoast SEO plugin v27.4 - https:\/\/yoast.com\/product\/yoast-seo-wordpress\/ -->\n<title>Tvirtas kavamed\u017eio kramtomasis pagaliukas \u0161unims Frigera S - MiuMjau<\/title>\n<meta name=\"robots\" content=\"index, follow, max-snippet:-1, max-image-preview:large, max-video-preview:-1\" \/>\n<link rel=\"canonical\" href=\"https:\/\/miumjau.ee\/lt\/produktas\/tvirtas-kavamedzio-kramtomasis-pagaliukas-sunims-frigera-s\/\" \/>\n<meta property=\"og:locale\" content=\"lt_LT\" \/>\n<meta property=\"og:type\" content=\"article\" \/>\n<meta property=\"og:title\" content=\"Tvirtas kavamed\u017eio kramtomasis pagaliukas \u0161unims Frigera S - MiuMjau\" \/>\n<meta property=\"og:description\" content=\"Ar j\u016bs\u0173 \u0161uo perkramto kiekvien\u0105 skan\u0117st\u0105 dar nesp\u0117jus apsidairyti? Pavargote nuo sugadint\u0173 bat\u0173 ir subrai\u017eyt\u0173 bald\u0173 koj\u0173? Nesijaudinkite \u2013 friGERA kavamed\u017eio kramtomieji pagaliukai pad\u0117s apsaugoti j\u016bs\u0173 vertingus daiktus! Tai vienas nat\u016braliausi\u0173 ir patvariausi\u0173 kramtom\u0173j\u0173 skan\u0117st\u0173! M\u016bs\u0173 kavamed\u017eio pagaliukai yra:\u2714\ufe0f 100 % vegani\u0161ki\u2714\ufe0f Rank\u0173 darbo\u2714\ufe0f Pagaminti i\u0161 perteklin\u0117s gen\u0117jimo medienos, nekertant med\u017ei\u0173 D\u0117l nat\u016bralaus kietumo \u0161ie pagaliukai palaiko \u0161uns dant\u0173 sveikat\u0105 \u2013 kramtymas padeda ma\u017einti apna\u0161as ir dant\u0173 akmenis, o medienos skaidulos \u0161velniai valo dantis. Ir tarsi to b\u016bt\u0173 negana \u2013 \u0161is skan\u0117stas visi\u0161kai nekaloringas, tod\u0117l ypa\u010d tinka \u0161unims, linkusiems priaugti svorio! Patenkinkite nat\u016bral\u0173 savo \u0161uns kramtymo poreik\u012f sveiku ir aplinkai draugi\u0161ku b\u016bdu! Grynasis svoris: 35 gSud\u0117tis: 100 % kavamedis\" \/>\n<meta property=\"og:url\" content=\"https:\/\/miumjau.ee\/lt\/produktas\/tvirtas-kavamedzio-kramtomasis-pagaliukas-sunims-frigera-s\/\" \/>\n<meta property=\"og:site_name\" content=\"MiuMjau\" \/>\n<meta property=\"article:publisher\" content=\"https:\/\/www.facebook.com\/miumjaupood\/\" \/>\n<meta property=\"article:modified_time\" content=\"2026-01-07T18:45:16+00:00\" \/>\n<meta property=\"og:image\" content=\"https:\/\/miumjau.ee\/wp-content\/uploads\/2025\/05\/frigera-kohvipuidust-narimispulk-s-1-tk-Photoroom.webp\" \/>\n\t<meta property=\"og:image:width\" content=\"600\" \/>\n\t<meta property=\"og:image:height\" content=\"800\" \/>\n\t<meta property=\"og:image:type\" content=\"image\/webp\" \/>\n<meta name=\"twitter:card\" content=\"summary_large_image\" \/>\n<script type=\"application\/ld+json\" class=\"yoast-schema-graph\">{\"@context\":\"https:\\\/\\\/schema.org\",\"@graph\":[{\"@type\":\"WebPage\",\"@id\":\"https:\\\/\\\/miumjau.ee\\\/lt\\\/produktas\\\/tvirtas-kavamedzio-kramtomasis-pagaliukas-sunims-frigera-s\\\/\",\"url\":\"https:\\\/\\\/miumjau.ee\\\/lt\\\/produktas\\\/tvirtas-kavamedzio-kramtomasis-pagaliukas-sunims-frigera-s\\\/\",\"name\":\"Tvirtas kavamed\u017eio kramtomasis pagaliukas \u0161unims Frigera S - MiuMjau\",\"isPartOf\":{\"@id\":\"https:\\\/\\\/miumjau.ee\\\/#website\"},\"primaryImageOfPage\":{\"@id\":\"https:\\\/\\\/miumjau.ee\\\/lt\\\/produktas\\\/tvirtas-kavamedzio-kramtomasis-pagaliukas-sunims-frigera-s\\\/#primaryimage\"},\"image\":{\"@id\":\"https:\\\/\\\/miumjau.ee\\\/lt\\\/produktas\\\/tvirtas-kavamedzio-kramtomasis-pagaliukas-sunims-frigera-s\\\/#primaryimage\"},\"thumbnailUrl\":\"https:\\\/\\\/miumjau.ee\\\/wp-content\\\/uploads\\\/2025\\\/05\\\/frigera-kohvipuidust-narimispulk-s-1-tk-Photoroom.webp\",\"datePublished\":\"2025-05-28T10:49:36+00:00\",\"dateModified\":\"2026-01-07T18:45:16+00:00\",\"breadcrumb\":{\"@id\":\"https:\\\/\\\/miumjau.ee\\\/lt\\\/produktas\\\/tvirtas-kavamedzio-kramtomasis-pagaliukas-sunims-frigera-s\\\/#breadcrumb\"},\"inLanguage\":\"lt-LT\",\"potentialAction\":[{\"@type\":\"ReadAction\",\"target\":[\"https:\\\/\\\/miumjau.ee\\\/lt\\\/produktas\\\/tvirtas-kavamedzio-kramtomasis-pagaliukas-sunims-frigera-s\\\/\"]}]},{\"@type\":\"ImageObject\",\"inLanguage\":\"lt-LT\",\"@id\":\"https:\\\/\\\/miumjau.ee\\\/lt\\\/produktas\\\/tvirtas-kavamedzio-kramtomasis-pagaliukas-sunims-frigera-s\\\/#primaryimage\",\"url\":\"https:\\\/\\\/miumjau.ee\\\/wp-content\\\/uploads\\\/2025\\\/05\\\/frigera-kohvipuidust-narimispulk-s-1-tk-Photoroom.webp\",\"contentUrl\":\"https:\\\/\\\/miumjau.ee\\\/wp-content\\\/uploads\\\/2025\\\/05\\\/frigera-kohvipuidust-narimispulk-s-1-tk-Photoroom.webp\",\"width\":600,\"height\":800},{\"@type\":\"BreadcrumbList\",\"@id\":\"https:\\\/\\\/miumjau.ee\\\/lt\\\/produktas\\\/tvirtas-kavamedzio-kramtomasis-pagaliukas-sunims-frigera-s\\\/#breadcrumb\",\"itemListElement\":[{\"@type\":\"ListItem\",\"position\":1,\"name\":\"Home\",\"item\":\"https:\\\/\\\/miumjau.ee\\\/lt\\\/\"},{\"@type\":\"ListItem\",\"position\":2,\"name\":\"Parduotuv\u0117\",\"item\":\"https:\\\/\\\/miumjau.ee\\\/lt\\\/parduotuve\\\/\"},{\"@type\":\"ListItem\",\"position\":3,\"name\":\"Tvirtas kavamed\u017eio kramtomasis pagaliukas \u0161unims Frigera S\"}]},{\"@type\":\"WebSite\",\"@id\":\"https:\\\/\\\/miumjau.ee\\\/#website\",\"url\":\"https:\\\/\\\/miumjau.ee\\\/\",\"name\":\"MiuMjau\",\"description\":\"Kraapimispuud kassidele\",\"publisher\":{\"@id\":\"https:\\\/\\\/miumjau.ee\\\/#organization\"},\"potentialAction\":[{\"@type\":\"SearchAction\",\"target\":{\"@type\":\"EntryPoint\",\"urlTemplate\":\"https:\\\/\\\/miumjau.ee\\\/?s={search_term_string}\"},\"query-input\":{\"@type\":\"PropertyValueSpecification\",\"valueRequired\":true,\"valueName\":\"search_term_string\"}}],\"inLanguage\":\"lt-LT\"},{\"@type\":\"Organization\",\"@id\":\"https:\\\/\\\/miumjau.ee\\\/#organization\",\"name\":\"MiuMjau O\u00dc\",\"url\":\"https:\\\/\\\/miumjau.ee\\\/\",\"logo\":{\"@type\":\"ImageObject\",\"inLanguage\":\"lt-LT\",\"@id\":\"https:\\\/\\\/miumjau.ee\\\/#\\\/schema\\\/logo\\\/image\\\/\",\"url\":\"https:\\\/\\\/miumjau.ee\\\/wp-content\\\/uploads\\\/2022\\\/04\\\/MiuMjau-logo-kollane.png\",\"contentUrl\":\"https:\\\/\\\/miumjau.ee\\\/wp-content\\\/uploads\\\/2022\\\/04\\\/MiuMjau-logo-kollane.png\",\"width\":219,\"height\":100,\"caption\":\"MiuMjau O\u00dc\"},\"image\":{\"@id\":\"https:\\\/\\\/miumjau.ee\\\/#\\\/schema\\\/logo\\\/image\\\/\"},\"sameAs\":[\"https:\\\/\\\/www.facebook.com\\\/miumjaupood\\\/\"]}]}<\/script>\n<!-- \/ Yoast SEO plugin. -->","yoast_head_json":{"title":"Tvirtas kavamed\u017eio kramtomasis pagaliukas \u0161unims Frigera S - MiuMjau","robots":{"index":"index","follow":"follow","max-snippet":"max-snippet:-1","max-image-preview":"max-image-preview:large","max-video-preview":"max-video-preview:-1"},"canonical":"https:\/\/miumjau.ee\/lt\/produktas\/tvirtas-kavamedzio-kramtomasis-pagaliukas-sunims-frigera-s\/","og_locale":"lt_LT","og_type":"article","og_title":"Tvirtas kavamed\u017eio kramtomasis pagaliukas \u0161unims Frigera S - MiuMjau","og_description":"Ar j\u016bs\u0173 \u0161uo perkramto kiekvien\u0105 skan\u0117st\u0105 dar nesp\u0117jus apsidairyti? Pavargote nuo sugadint\u0173 bat\u0173 ir subrai\u017eyt\u0173 bald\u0173 koj\u0173? Nesijaudinkite \u2013 friGERA kavamed\u017eio kramtomieji pagaliukai pad\u0117s apsaugoti j\u016bs\u0173 vertingus daiktus! Tai vienas nat\u016braliausi\u0173 ir patvariausi\u0173 kramtom\u0173j\u0173 skan\u0117st\u0173! M\u016bs\u0173 kavamed\u017eio pagaliukai yra:\u2714\ufe0f 100 % vegani\u0161ki\u2714\ufe0f Rank\u0173 darbo\u2714\ufe0f Pagaminti i\u0161 perteklin\u0117s gen\u0117jimo medienos, nekertant med\u017ei\u0173 D\u0117l nat\u016bralaus kietumo \u0161ie pagaliukai palaiko \u0161uns dant\u0173 sveikat\u0105 \u2013 kramtymas padeda ma\u017einti apna\u0161as ir dant\u0173 akmenis, o medienos skaidulos \u0161velniai valo dantis. Ir tarsi to b\u016bt\u0173 negana \u2013 \u0161is skan\u0117stas visi\u0161kai nekaloringas, tod\u0117l ypa\u010d tinka \u0161unims, linkusiems priaugti svorio! Patenkinkite nat\u016bral\u0173 savo \u0161uns kramtymo poreik\u012f sveiku ir aplinkai draugi\u0161ku b\u016bdu! Grynasis svoris: 35 gSud\u0117tis: 100 % kavamedis","og_url":"https:\/\/miumjau.ee\/lt\/produktas\/tvirtas-kavamedzio-kramtomasis-pagaliukas-sunims-frigera-s\/","og_site_name":"MiuMjau","article_publisher":"https:\/\/www.facebook.com\/miumjaupood\/","article_modified_time":"2026-01-07T18:45:16+00:00","og_image":[{"width":600,"height":800,"url":"https:\/\/miumjau.ee\/wp-content\/uploads\/2025\/05\/frigera-kohvipuidust-narimispulk-s-1-tk-Photoroom.webp","type":"image\/webp"}],"twitter_card":"summary_large_image","schema":{"@context":"https:\/\/schema.org","@graph":[{"@type":"WebPage","@id":"https:\/\/miumjau.ee\/lt\/produktas\/tvirtas-kavamedzio-kramtomasis-pagaliukas-sunims-frigera-s\/","url":"https:\/\/miumjau.ee\/lt\/produktas\/tvirtas-kavamedzio-kramtomasis-pagaliukas-sunims-frigera-s\/","name":"Tvirtas kavamed\u017eio kramtomasis pagaliukas \u0161unims Frigera S - MiuMjau","isPartOf":{"@id":"https:\/\/miumjau.ee\/#website"},"primaryImageOfPage":{"@id":"https:\/\/miumjau.ee\/lt\/produktas\/tvirtas-kavamedzio-kramtomasis-pagaliukas-sunims-frigera-s\/#primaryimage"},"image":{"@id":"https:\/\/miumjau.ee\/lt\/produktas\/tvirtas-kavamedzio-kramtomasis-pagaliukas-sunims-frigera-s\/#primaryimage"},"thumbnailUrl":"https:\/\/miumjau.ee\/wp-content\/uploads\/2025\/05\/frigera-kohvipuidust-narimispulk-s-1-tk-Photoroom.webp","datePublished":"2025-05-28T10:49:36+00:00","dateModified":"2026-01-07T18:45:16+00:00","breadcrumb":{"@id":"https:\/\/miumjau.ee\/lt\/produktas\/tvirtas-kavamedzio-kramtomasis-pagaliukas-sunims-frigera-s\/#breadcrumb"},"inLanguage":"lt-LT","potentialAction":[{"@type":"ReadAction","target":["https:\/\/miumjau.ee\/lt\/produktas\/tvirtas-kavamedzio-kramtomasis-pagaliukas-sunims-frigera-s\/"]}]},{"@type":"ImageObject","inLanguage":"lt-LT","@id":"https:\/\/miumjau.ee\/lt\/produktas\/tvirtas-kavamedzio-kramtomasis-pagaliukas-sunims-frigera-s\/#primaryimage","url":"https:\/\/miumjau.ee\/wp-content\/uploads\/2025\/05\/frigera-kohvipuidust-narimispulk-s-1-tk-Photoroom.webp","contentUrl":"https:\/\/miumjau.ee\/wp-content\/uploads\/2025\/05\/frigera-kohvipuidust-narimispulk-s-1-tk-Photoroom.webp","width":600,"height":800},{"@type":"BreadcrumbList","@id":"https:\/\/miumjau.ee\/lt\/produktas\/tvirtas-kavamedzio-kramtomasis-pagaliukas-sunims-frigera-s\/#breadcrumb","itemListElement":[{"@type":"ListItem","position":1,"name":"Home","item":"https:\/\/miumjau.ee\/lt\/"},{"@type":"ListItem","position":2,"name":"Parduotuv\u0117","item":"https:\/\/miumjau.ee\/lt\/parduotuve\/"},{"@type":"ListItem","position":3,"name":"Tvirtas kavamed\u017eio kramtomasis pagaliukas \u0161unims Frigera S"}]},{"@type":"WebSite","@id":"https:\/\/miumjau.ee\/#website","url":"https:\/\/miumjau.ee\/","name":"MiuMjau","description":"Kraapimispuud kassidele","publisher":{"@id":"https:\/\/miumjau.ee\/#organization"},"potentialAction":[{"@type":"SearchAction","target":{"@type":"EntryPoint","urlTemplate":"https:\/\/miumjau.ee\/?s={search_term_string}"},"query-input":{"@type":"PropertyValueSpecification","valueRequired":true,"valueName":"search_term_string"}}],"inLanguage":"lt-LT"},{"@type":"Organization","@id":"https:\/\/miumjau.ee\/#organization","name":"MiuMjau O\u00dc","url":"https:\/\/miumjau.ee\/","logo":{"@type":"ImageObject","inLanguage":"lt-LT","@id":"https:\/\/miumjau.ee\/#\/schema\/logo\/image\/","url":"https:\/\/miumjau.ee\/wp-content\/uploads\/2022\/04\/MiuMjau-logo-kollane.png","contentUrl":"https:\/\/miumjau.ee\/wp-content\/uploads\/2022\/04\/MiuMjau-logo-kollane.png","width":219,"height":100,"caption":"MiuMjau O\u00dc"},"image":{"@id":"https:\/\/miumjau.ee\/#\/schema\/logo\/image\/"},"sameAs":["https:\/\/www.facebook.com\/miumjaupood\/"]}]}},"_links":{"self":[{"href":"https:\/\/miumjau.ee\/lt\/wp-json\/wp\/v2\/product\/48387","targetHints":{"allow":["GET"]}}],"collection":[{"href":"https:\/\/miumjau.ee\/lt\/wp-json\/wp\/v2\/product"}],"about":[{"href":"https:\/\/miumjau.ee\/lt\/wp-json\/wp\/v2\/types\/product"}],"wp:featuredmedia":[{"embeddable":true,"href":"https:\/\/miumjau.ee\/lt\/wp-json\/wp\/v2\/media\/48388"}],"wp:attachment":[{"href":"https:\/\/miumjau.ee\/lt\/wp-json\/wp\/v2\/media?parent=48387"}],"wp:term":[{"taxonomy":"product_brand","embeddable":true,"href":"https:\/\/miumjau.ee\/lt\/wp-json\/wp\/v2\/product_brand?post=48387"},{"taxonomy":"product_cat","embeddable":true,"href":"https:\/\/miumjau.ee\/lt\/wp-json\/wp\/v2\/product_cat?post=48387"},{"taxonomy":"product_tag","embeddable":true,"href":"https:\/\/miumjau.ee\/lt\/wp-json\/wp\/v2\/product_tag?post=48387"}],"curies":[{"name":"wp","href":"https:\/\/api.w.org\/{rel}","templated":true}]}}