{"id":48373,"date":"2025-05-28T15:16:04","date_gmt":"2025-05-28T12:16:04","guid":{"rendered":"https:\/\/miumjau.ee\/toode\/alyvmedzio-kramtomasis-pagaliukas-sunims-frigera-s\/"},"modified":"2026-01-07T20:45:16","modified_gmt":"2026-01-07T18:45:16","slug":"alyvmedzio-kramtomasis-pagaliukas-sunims-frigera-s","status":"publish","type":"product","link":"https:\/\/miumjau.ee\/lt\/produktas\/alyvmedzio-kramtomasis-pagaliukas-sunims-frigera-s\/","title":{"rendered":"Alyvmed\u017eio kramtomasis pagaliukas \u0161unims, Frigera S"},"content":{"rendered":"","protected":false},"excerpt":{"rendered":"<p data-start=\"2878\" data-end=\"3072\">Ar j\u016bs\u0173 \u0161uo sunaikina visus skan\u0117stus akimirksniu? Pavargote nuo apkramtyt\u0173 bat\u0173 ir bald\u0173 koj\u0173? Nesijaudinkite \u2013 friGERA alyvmed\u017eio kramtomieji pagaliukai pad\u0117s apsaugoti j\u016bs\u0173 vertingus daiktus!<\/p>\n<p data-start=\"3074\" data-end=\"3282\">\u0160is nat\u016bralus ir patvarus kramtomasis skan\u0117stas pagamintas i\u0161 100 % alyvmed\u017eio ir rankomis apdirbtas j\u016bs\u0173 \u0161uns d\u017eiaugsmui. Pagaliukai gaminami i\u0161 perteklini\u0173 gen\u0117jimo \u0161ak\u0173, tod\u0117l nenukertamas n\u0117 vienas medis.<\/p>\n<p data-start=\"3284\" data-end=\"3550\">D\u0117l nat\u016bralaus kietumo alyvmedis puikiai tinka dant\u0173 prie\u017ei\u016brai \u2013 kramtymas padeda suma\u017einti apna\u0161as ir dant\u0173 akmenis, o smulkios medienos skaidulos \u0161velniai valo dantis. Papildomas privalumas \u2013 visi\u0161kai be kalorij\u0173, tod\u0117l tinka ir linkusiems priaugti svorio \u0161unims!<\/p>\n<p data-start=\"3552\" data-end=\"3631\">Padovanokite savo \u0161uniui sveik\u0105, saug\u0173 ir aplinkai draugi\u0161k\u0105 kramtymo malonum\u0105!<\/p>\n<p data-start=\"3633\" data-end=\"3681\">Grynasis svoris: 50 g<br data-start=\"3654\" data-end=\"3657\" \/>Sud\u0117tis: 100 % alyvmedis<\/p>\n","protected":false},"featured_media":48374,"template":"","meta":[],"product_brand":[],"product_cat":[541],"product_tag":[],"class_list":{"0":"post-48373","1":"product","2":"type-product","3":"status-publish","4":"has-post-thumbnail","6":"product_cat-zaislai-sunims","8":"first","9":"instock","10":"sale","11":"taxable","12":"shipping-taxable","13":"purchasable","14":"product-type-simple"},"yoast_head":"<!-- This site is optimized with the Yoast SEO plugin v27.4 - https:\/\/yoast.com\/product\/yoast-seo-wordpress\/ -->\n<title>Alyvmed\u017eio kramtomasis pagaliukas \u0161unims, Frigera S - MiuMjau<\/title>\n<meta name=\"robots\" content=\"index, follow, max-snippet:-1, max-image-preview:large, max-video-preview:-1\" \/>\n<link rel=\"canonical\" href=\"https:\/\/miumjau.ee\/lt\/produktas\/alyvmedzio-kramtomasis-pagaliukas-sunims-frigera-s\/\" \/>\n<meta property=\"og:locale\" content=\"lt_LT\" \/>\n<meta property=\"og:type\" content=\"article\" \/>\n<meta property=\"og:title\" content=\"Alyvmed\u017eio kramtomasis pagaliukas \u0161unims, Frigera S - MiuMjau\" \/>\n<meta property=\"og:description\" content=\"Ar j\u016bs\u0173 \u0161uo sunaikina visus skan\u0117stus akimirksniu? Pavargote nuo apkramtyt\u0173 bat\u0173 ir bald\u0173 koj\u0173? Nesijaudinkite \u2013 friGERA alyvmed\u017eio kramtomieji pagaliukai pad\u0117s apsaugoti j\u016bs\u0173 vertingus daiktus! \u0160is nat\u016bralus ir patvarus kramtomasis skan\u0117stas pagamintas i\u0161 100 % alyvmed\u017eio ir rankomis apdirbtas j\u016bs\u0173 \u0161uns d\u017eiaugsmui. Pagaliukai gaminami i\u0161 perteklini\u0173 gen\u0117jimo \u0161ak\u0173, tod\u0117l nenukertamas n\u0117 vienas medis. D\u0117l nat\u016bralaus kietumo alyvmedis puikiai tinka dant\u0173 prie\u017ei\u016brai \u2013 kramtymas padeda suma\u017einti apna\u0161as ir dant\u0173 akmenis, o smulkios medienos skaidulos \u0161velniai valo dantis. Papildomas privalumas \u2013 visi\u0161kai be kalorij\u0173, tod\u0117l tinka ir linkusiems priaugti svorio \u0161unims! Padovanokite savo \u0161uniui sveik\u0105, saug\u0173 ir aplinkai draugi\u0161k\u0105 kramtymo malonum\u0105! Grynasis svoris: 50 gSud\u0117tis: 100 % alyvmedis\" \/>\n<meta property=\"og:url\" content=\"https:\/\/miumjau.ee\/lt\/produktas\/alyvmedzio-kramtomasis-pagaliukas-sunims-frigera-s\/\" \/>\n<meta property=\"og:site_name\" content=\"MiuMjau\" \/>\n<meta property=\"article:publisher\" content=\"https:\/\/www.facebook.com\/miumjaupood\/\" \/>\n<meta property=\"article:modified_time\" content=\"2026-01-07T18:45:16+00:00\" \/>\n<meta property=\"og:image\" content=\"https:\/\/miumjau.ee\/wp-content\/uploads\/2025\/05\/frigera-olivipuidust-narimispulk-s-1-tk-Photoroom.webp\" \/>\n\t<meta property=\"og:image:width\" content=\"600\" \/>\n\t<meta property=\"og:image:height\" content=\"800\" \/>\n\t<meta property=\"og:image:type\" content=\"image\/webp\" \/>\n<meta name=\"twitter:card\" content=\"summary_large_image\" \/>\n<script type=\"application\/ld+json\" class=\"yoast-schema-graph\">{\"@context\":\"https:\\\/\\\/schema.org\",\"@graph\":[{\"@type\":\"WebPage\",\"@id\":\"https:\\\/\\\/miumjau.ee\\\/lt\\\/produktas\\\/alyvmedzio-kramtomasis-pagaliukas-sunims-frigera-s\\\/\",\"url\":\"https:\\\/\\\/miumjau.ee\\\/lt\\\/produktas\\\/alyvmedzio-kramtomasis-pagaliukas-sunims-frigera-s\\\/\",\"name\":\"Alyvmed\u017eio kramtomasis pagaliukas \u0161unims, Frigera S - MiuMjau\",\"isPartOf\":{\"@id\":\"https:\\\/\\\/miumjau.ee\\\/#website\"},\"primaryImageOfPage\":{\"@id\":\"https:\\\/\\\/miumjau.ee\\\/lt\\\/produktas\\\/alyvmedzio-kramtomasis-pagaliukas-sunims-frigera-s\\\/#primaryimage\"},\"image\":{\"@id\":\"https:\\\/\\\/miumjau.ee\\\/lt\\\/produktas\\\/alyvmedzio-kramtomasis-pagaliukas-sunims-frigera-s\\\/#primaryimage\"},\"thumbnailUrl\":\"https:\\\/\\\/miumjau.ee\\\/wp-content\\\/uploads\\\/2025\\\/05\\\/frigera-olivipuidust-narimispulk-s-1-tk-Photoroom.webp\",\"datePublished\":\"2025-05-28T12:16:04+00:00\",\"dateModified\":\"2026-01-07T18:45:16+00:00\",\"breadcrumb\":{\"@id\":\"https:\\\/\\\/miumjau.ee\\\/lt\\\/produktas\\\/alyvmedzio-kramtomasis-pagaliukas-sunims-frigera-s\\\/#breadcrumb\"},\"inLanguage\":\"lt-LT\",\"potentialAction\":[{\"@type\":\"ReadAction\",\"target\":[\"https:\\\/\\\/miumjau.ee\\\/lt\\\/produktas\\\/alyvmedzio-kramtomasis-pagaliukas-sunims-frigera-s\\\/\"]}]},{\"@type\":\"ImageObject\",\"inLanguage\":\"lt-LT\",\"@id\":\"https:\\\/\\\/miumjau.ee\\\/lt\\\/produktas\\\/alyvmedzio-kramtomasis-pagaliukas-sunims-frigera-s\\\/#primaryimage\",\"url\":\"https:\\\/\\\/miumjau.ee\\\/wp-content\\\/uploads\\\/2025\\\/05\\\/frigera-olivipuidust-narimispulk-s-1-tk-Photoroom.webp\",\"contentUrl\":\"https:\\\/\\\/miumjau.ee\\\/wp-content\\\/uploads\\\/2025\\\/05\\\/frigera-olivipuidust-narimispulk-s-1-tk-Photoroom.webp\",\"width\":600,\"height\":800},{\"@type\":\"BreadcrumbList\",\"@id\":\"https:\\\/\\\/miumjau.ee\\\/lt\\\/produktas\\\/alyvmedzio-kramtomasis-pagaliukas-sunims-frigera-s\\\/#breadcrumb\",\"itemListElement\":[{\"@type\":\"ListItem\",\"position\":1,\"name\":\"Home\",\"item\":\"https:\\\/\\\/miumjau.ee\\\/lt\\\/\"},{\"@type\":\"ListItem\",\"position\":2,\"name\":\"Parduotuv\u0117\",\"item\":\"https:\\\/\\\/miumjau.ee\\\/lt\\\/parduotuve\\\/\"},{\"@type\":\"ListItem\",\"position\":3,\"name\":\"Alyvmed\u017eio kramtomasis pagaliukas \u0161unims, Frigera S\"}]},{\"@type\":\"WebSite\",\"@id\":\"https:\\\/\\\/miumjau.ee\\\/#website\",\"url\":\"https:\\\/\\\/miumjau.ee\\\/\",\"name\":\"MiuMjau\",\"description\":\"Kraapimispuud kassidele\",\"publisher\":{\"@id\":\"https:\\\/\\\/miumjau.ee\\\/#organization\"},\"potentialAction\":[{\"@type\":\"SearchAction\",\"target\":{\"@type\":\"EntryPoint\",\"urlTemplate\":\"https:\\\/\\\/miumjau.ee\\\/?s={search_term_string}\"},\"query-input\":{\"@type\":\"PropertyValueSpecification\",\"valueRequired\":true,\"valueName\":\"search_term_string\"}}],\"inLanguage\":\"lt-LT\"},{\"@type\":\"Organization\",\"@id\":\"https:\\\/\\\/miumjau.ee\\\/#organization\",\"name\":\"MiuMjau O\u00dc\",\"url\":\"https:\\\/\\\/miumjau.ee\\\/\",\"logo\":{\"@type\":\"ImageObject\",\"inLanguage\":\"lt-LT\",\"@id\":\"https:\\\/\\\/miumjau.ee\\\/#\\\/schema\\\/logo\\\/image\\\/\",\"url\":\"https:\\\/\\\/miumjau.ee\\\/wp-content\\\/uploads\\\/2022\\\/04\\\/MiuMjau-logo-kollane.png\",\"contentUrl\":\"https:\\\/\\\/miumjau.ee\\\/wp-content\\\/uploads\\\/2022\\\/04\\\/MiuMjau-logo-kollane.png\",\"width\":219,\"height\":100,\"caption\":\"MiuMjau O\u00dc\"},\"image\":{\"@id\":\"https:\\\/\\\/miumjau.ee\\\/#\\\/schema\\\/logo\\\/image\\\/\"},\"sameAs\":[\"https:\\\/\\\/www.facebook.com\\\/miumjaupood\\\/\"]}]}<\/script>\n<!-- \/ Yoast SEO plugin. -->","yoast_head_json":{"title":"Alyvmed\u017eio kramtomasis pagaliukas \u0161unims, Frigera S - MiuMjau","robots":{"index":"index","follow":"follow","max-snippet":"max-snippet:-1","max-image-preview":"max-image-preview:large","max-video-preview":"max-video-preview:-1"},"canonical":"https:\/\/miumjau.ee\/lt\/produktas\/alyvmedzio-kramtomasis-pagaliukas-sunims-frigera-s\/","og_locale":"lt_LT","og_type":"article","og_title":"Alyvmed\u017eio kramtomasis pagaliukas \u0161unims, Frigera S - MiuMjau","og_description":"Ar j\u016bs\u0173 \u0161uo sunaikina visus skan\u0117stus akimirksniu? Pavargote nuo apkramtyt\u0173 bat\u0173 ir bald\u0173 koj\u0173? Nesijaudinkite \u2013 friGERA alyvmed\u017eio kramtomieji pagaliukai pad\u0117s apsaugoti j\u016bs\u0173 vertingus daiktus! \u0160is nat\u016bralus ir patvarus kramtomasis skan\u0117stas pagamintas i\u0161 100 % alyvmed\u017eio ir rankomis apdirbtas j\u016bs\u0173 \u0161uns d\u017eiaugsmui. Pagaliukai gaminami i\u0161 perteklini\u0173 gen\u0117jimo \u0161ak\u0173, tod\u0117l nenukertamas n\u0117 vienas medis. D\u0117l nat\u016bralaus kietumo alyvmedis puikiai tinka dant\u0173 prie\u017ei\u016brai \u2013 kramtymas padeda suma\u017einti apna\u0161as ir dant\u0173 akmenis, o smulkios medienos skaidulos \u0161velniai valo dantis. Papildomas privalumas \u2013 visi\u0161kai be kalorij\u0173, tod\u0117l tinka ir linkusiems priaugti svorio \u0161unims! Padovanokite savo \u0161uniui sveik\u0105, saug\u0173 ir aplinkai draugi\u0161k\u0105 kramtymo malonum\u0105! Grynasis svoris: 50 gSud\u0117tis: 100 % alyvmedis","og_url":"https:\/\/miumjau.ee\/lt\/produktas\/alyvmedzio-kramtomasis-pagaliukas-sunims-frigera-s\/","og_site_name":"MiuMjau","article_publisher":"https:\/\/www.facebook.com\/miumjaupood\/","article_modified_time":"2026-01-07T18:45:16+00:00","og_image":[{"width":600,"height":800,"url":"https:\/\/miumjau.ee\/wp-content\/uploads\/2025\/05\/frigera-olivipuidust-narimispulk-s-1-tk-Photoroom.webp","type":"image\/webp"}],"twitter_card":"summary_large_image","schema":{"@context":"https:\/\/schema.org","@graph":[{"@type":"WebPage","@id":"https:\/\/miumjau.ee\/lt\/produktas\/alyvmedzio-kramtomasis-pagaliukas-sunims-frigera-s\/","url":"https:\/\/miumjau.ee\/lt\/produktas\/alyvmedzio-kramtomasis-pagaliukas-sunims-frigera-s\/","name":"Alyvmed\u017eio kramtomasis pagaliukas \u0161unims, Frigera S - MiuMjau","isPartOf":{"@id":"https:\/\/miumjau.ee\/#website"},"primaryImageOfPage":{"@id":"https:\/\/miumjau.ee\/lt\/produktas\/alyvmedzio-kramtomasis-pagaliukas-sunims-frigera-s\/#primaryimage"},"image":{"@id":"https:\/\/miumjau.ee\/lt\/produktas\/alyvmedzio-kramtomasis-pagaliukas-sunims-frigera-s\/#primaryimage"},"thumbnailUrl":"https:\/\/miumjau.ee\/wp-content\/uploads\/2025\/05\/frigera-olivipuidust-narimispulk-s-1-tk-Photoroom.webp","datePublished":"2025-05-28T12:16:04+00:00","dateModified":"2026-01-07T18:45:16+00:00","breadcrumb":{"@id":"https:\/\/miumjau.ee\/lt\/produktas\/alyvmedzio-kramtomasis-pagaliukas-sunims-frigera-s\/#breadcrumb"},"inLanguage":"lt-LT","potentialAction":[{"@type":"ReadAction","target":["https:\/\/miumjau.ee\/lt\/produktas\/alyvmedzio-kramtomasis-pagaliukas-sunims-frigera-s\/"]}]},{"@type":"ImageObject","inLanguage":"lt-LT","@id":"https:\/\/miumjau.ee\/lt\/produktas\/alyvmedzio-kramtomasis-pagaliukas-sunims-frigera-s\/#primaryimage","url":"https:\/\/miumjau.ee\/wp-content\/uploads\/2025\/05\/frigera-olivipuidust-narimispulk-s-1-tk-Photoroom.webp","contentUrl":"https:\/\/miumjau.ee\/wp-content\/uploads\/2025\/05\/frigera-olivipuidust-narimispulk-s-1-tk-Photoroom.webp","width":600,"height":800},{"@type":"BreadcrumbList","@id":"https:\/\/miumjau.ee\/lt\/produktas\/alyvmedzio-kramtomasis-pagaliukas-sunims-frigera-s\/#breadcrumb","itemListElement":[{"@type":"ListItem","position":1,"name":"Home","item":"https:\/\/miumjau.ee\/lt\/"},{"@type":"ListItem","position":2,"name":"Parduotuv\u0117","item":"https:\/\/miumjau.ee\/lt\/parduotuve\/"},{"@type":"ListItem","position":3,"name":"Alyvmed\u017eio kramtomasis pagaliukas \u0161unims, Frigera S"}]},{"@type":"WebSite","@id":"https:\/\/miumjau.ee\/#website","url":"https:\/\/miumjau.ee\/","name":"MiuMjau","description":"Kraapimispuud kassidele","publisher":{"@id":"https:\/\/miumjau.ee\/#organization"},"potentialAction":[{"@type":"SearchAction","target":{"@type":"EntryPoint","urlTemplate":"https:\/\/miumjau.ee\/?s={search_term_string}"},"query-input":{"@type":"PropertyValueSpecification","valueRequired":true,"valueName":"search_term_string"}}],"inLanguage":"lt-LT"},{"@type":"Organization","@id":"https:\/\/miumjau.ee\/#organization","name":"MiuMjau O\u00dc","url":"https:\/\/miumjau.ee\/","logo":{"@type":"ImageObject","inLanguage":"lt-LT","@id":"https:\/\/miumjau.ee\/#\/schema\/logo\/image\/","url":"https:\/\/miumjau.ee\/wp-content\/uploads\/2022\/04\/MiuMjau-logo-kollane.png","contentUrl":"https:\/\/miumjau.ee\/wp-content\/uploads\/2022\/04\/MiuMjau-logo-kollane.png","width":219,"height":100,"caption":"MiuMjau O\u00dc"},"image":{"@id":"https:\/\/miumjau.ee\/#\/schema\/logo\/image\/"},"sameAs":["https:\/\/www.facebook.com\/miumjaupood\/"]}]}},"_links":{"self":[{"href":"https:\/\/miumjau.ee\/lt\/wp-json\/wp\/v2\/product\/48373","targetHints":{"allow":["GET"]}}],"collection":[{"href":"https:\/\/miumjau.ee\/lt\/wp-json\/wp\/v2\/product"}],"about":[{"href":"https:\/\/miumjau.ee\/lt\/wp-json\/wp\/v2\/types\/product"}],"wp:featuredmedia":[{"embeddable":true,"href":"https:\/\/miumjau.ee\/lt\/wp-json\/wp\/v2\/media\/48374"}],"wp:attachment":[{"href":"https:\/\/miumjau.ee\/lt\/wp-json\/wp\/v2\/media?parent=48373"}],"wp:term":[{"taxonomy":"product_brand","embeddable":true,"href":"https:\/\/miumjau.ee\/lt\/wp-json\/wp\/v2\/product_brand?post=48373"},{"taxonomy":"product_cat","embeddable":true,"href":"https:\/\/miumjau.ee\/lt\/wp-json\/wp\/v2\/product_cat?post=48373"},{"taxonomy":"product_tag","embeddable":true,"href":"https:\/\/miumjau.ee\/lt\/wp-json\/wp\/v2\/product_tag?post=48373"}],"curies":[{"name":"wp","href":"https:\/\/api.w.org\/{rel}","templated":true}]}}