{"id":48367,"date":"2025-12-15T21:06:47","date_gmt":"2025-12-15T19:06:47","guid":{"rendered":"https:\/\/miumjau.ee\/toode\/draskymo-stulpas-petrebels-maine-coon-127-baltas\/"},"modified":"2026-01-07T20:45:16","modified_gmt":"2026-01-07T18:45:16","slug":"draskymo-stulpas-petrebels-maine-coon-127-baltas","status":"publish","type":"product","link":"https:\/\/miumjau.ee\/lt\/produktas\/draskymo-stulpas-petrebels-maine-coon-127-baltas\/","title":{"rendered":"Draskymo stulpas Petrebels Maine Coon 127, baltas"},"content":{"rendered":"","protected":false},"excerpt":{"rendered":"<p data-start=\"5401\" data-end=\"5833\">Auk\u0161tos kokyb\u0117s ir tvirtas draskymo stulpas aktyvioms, didel\u0117ms ir sunkioms kat\u0117ms. \u0160is masyvios konstrukcijos draskykl\u0117 sukurta didel\u0117ms ka\u010di\u0173 veisl\u0117ms, tokioms kaip Meino me\u0161k\u0117nai, Ragdoliai ar Norveg\u0173 mi\u0161kin\u0117s kat\u0117s, kurioms reikalinga ypa\u010d patvari laipiojimo ir nag\u0173 galandimo vieta. D\u0117l storo 20 cm skersmens draskymo stulpo, sustiprinto pagrindo ir mink\u0161to pliu\u0161inio pavir\u0161iaus ji idealiai tinka tiek \u017eaidimams, tiek poilsiui.<\/p>\n<p data-start=\"5835\" data-end=\"6242\"><strong data-start=\"5835\" data-end=\"5859\">Pagrindin\u0117s savyb\u0117s:<\/strong><br data-start=\"5859\" data-end=\"5862\" \/>\ud83d\udc49 I\u0161matavimai: ilgis 68 cm \u00d7 plotis 48 cm \u00d7 auk\u0161tis 127 cm<br data-start=\"5921\" data-end=\"5924\" \/>\ud83d\udc49 Tinka: Visoms kat\u0117ms, ypa\u010d didel\u0117ms ir sunkioms<br data-start=\"5974\" data-end=\"5977\" \/>\ud83d\udc49 Tvirtas pagrindas: Didel\u0117 ir tvirta baz\u0117 u\u017etikrina stabilum\u0105 net aktyviai naudojant<br data-start=\"6063\" data-end=\"6066\" \/>\ud83d\udc49 Patogios poilsio zonos: Erdvi poilsio krep\u0161io tipo guoliaviet\u0117 ir patvarus hamakas miegui bei poilsiui<br data-start=\"6171\" data-end=\"6174\" \/>\ud83d\udc49 Nuimamas hamakas ir skalbiama pagalv\u0117l\u0117: Lengva palaikyti \u0161var\u0105<\/p>\n<p data-start=\"6244\" data-end=\"6332\">Produkto svoris pakuot\u0117je: 24 kg, grynasis svoris: 21,8 kg. Pristatoma dviem pakuot\u0117mis.<\/p>\n<p data-start=\"6334\" data-end=\"6624\">\u0160is draskymo stulpas sujungia nag\u0173 galandimo zonas, laipiojimo galimybes ir patogias poilsio vietas, kurios atitinka nat\u016bralius kat\u0117s instinktus \u2013 draskyti, laipioti, \u017eaisti ir ils\u0117tis. Tvirta konstrukcija ir kokybi\u0161kos med\u017eiagos paver\u010dia j\u012f puikiu pasirinkimu net ir labai didel\u0117ms kat\u0117ms.<\/p>\n","protected":false},"featured_media":48285,"template":"","meta":[],"product_brand":[],"product_cat":[513,515],"product_tag":[],"class_list":{"0":"post-48367","1":"product","2":"type-product","3":"status-publish","4":"has-post-thumbnail","6":"product_cat-vidutinio-dydzio-draskymo-medziai-petrebels","7":"product_cat-petrebels-produktai-dideliems-katems","8":"product_shipping_class-pakiautomaati-sobimatu-lt","10":"first","11":"instock","12":"taxable","13":"shipping-taxable","14":"purchasable","15":"product-type-simple"},"yoast_head":"<!-- This site is optimized with the Yoast SEO plugin v27.2 - https:\/\/yoast.com\/product\/yoast-seo-wordpress\/ -->\n<title>Draskymo stulpas Petrebels Maine Coon 127, baltas - MiuMjau<\/title>\n<meta name=\"robots\" content=\"index, follow, max-snippet:-1, max-image-preview:large, max-video-preview:-1\" \/>\n<link rel=\"canonical\" href=\"https:\/\/miumjau.ee\/lt\/produktas\/draskymo-stulpas-petrebels-maine-coon-127-baltas\/\" \/>\n<meta property=\"og:locale\" content=\"lt_LT\" \/>\n<meta property=\"og:type\" content=\"article\" \/>\n<meta property=\"og:title\" content=\"Draskymo stulpas Petrebels Maine Coon 127, baltas - MiuMjau\" \/>\n<meta property=\"og:description\" content=\"Auk\u0161tos kokyb\u0117s ir tvirtas draskymo stulpas aktyvioms, didel\u0117ms ir sunkioms kat\u0117ms. \u0160is masyvios konstrukcijos draskykl\u0117 sukurta didel\u0117ms ka\u010di\u0173 veisl\u0117ms, tokioms kaip Meino me\u0161k\u0117nai, Ragdoliai ar Norveg\u0173 mi\u0161kin\u0117s kat\u0117s, kurioms reikalinga ypa\u010d patvari laipiojimo ir nag\u0173 galandimo vieta. D\u0117l storo 20 cm skersmens draskymo stulpo, sustiprinto pagrindo ir mink\u0161to pliu\u0161inio pavir\u0161iaus ji idealiai tinka tiek \u017eaidimams, tiek poilsiui. Pagrindin\u0117s savyb\u0117s:\ud83d\udc49 I\u0161matavimai: ilgis 68 cm \u00d7 plotis 48 cm \u00d7 auk\u0161tis 127 cm\ud83d\udc49 Tinka: Visoms kat\u0117ms, ypa\u010d didel\u0117ms ir sunkioms\ud83d\udc49 Tvirtas pagrindas: Didel\u0117 ir tvirta baz\u0117 u\u017etikrina stabilum\u0105 net aktyviai naudojant\ud83d\udc49 Patogios poilsio zonos: Erdvi poilsio krep\u0161io tipo guoliaviet\u0117 ir patvarus hamakas miegui bei poilsiui\ud83d\udc49 Nuimamas hamakas ir skalbiama pagalv\u0117l\u0117: Lengva palaikyti \u0161var\u0105 Produkto svoris pakuot\u0117je: 24 kg, grynasis svoris: 21,8 kg. Pristatoma dviem pakuot\u0117mis. \u0160is draskymo stulpas sujungia nag\u0173 galandimo zonas, laipiojimo galimybes ir patogias poilsio vietas, kurios atitinka nat\u016bralius kat\u0117s instinktus \u2013 draskyti, laipioti, \u017eaisti ir ils\u0117tis. Tvirta konstrukcija ir kokybi\u0161kos med\u017eiagos paver\u010dia j\u012f puikiu pasirinkimu net ir labai didel\u0117ms kat\u0117ms.\" \/>\n<meta property=\"og:url\" content=\"https:\/\/miumjau.ee\/lt\/produktas\/draskymo-stulpas-petrebels-maine-coon-127-baltas\/\" \/>\n<meta property=\"og:site_name\" content=\"MiuMjau\" \/>\n<meta property=\"article:publisher\" content=\"https:\/\/www.facebook.com\/miumjaupood\/\" \/>\n<meta property=\"article:modified_time\" content=\"2026-01-07T18:45:16+00:00\" \/>\n<meta property=\"og:image\" content=\"https:\/\/miumjau.ee\/wp-content\/uploads\/2025\/12\/kraapimispost-petrebels-mainecoon1273.jpg\" \/>\n\t<meta property=\"og:image:width\" content=\"600\" \/>\n\t<meta property=\"og:image:height\" content=\"800\" \/>\n\t<meta property=\"og:image:type\" content=\"image\/jpeg\" \/>\n<meta name=\"twitter:card\" content=\"summary_large_image\" \/>\n<script type=\"application\/ld+json\" class=\"yoast-schema-graph\">{\"@context\":\"https:\/\/schema.org\",\"@graph\":[{\"@type\":\"WebPage\",\"@id\":\"https:\/\/miumjau.ee\/lt\/produktas\/draskymo-stulpas-petrebels-maine-coon-127-baltas\/\",\"url\":\"https:\/\/miumjau.ee\/lt\/produktas\/draskymo-stulpas-petrebels-maine-coon-127-baltas\/\",\"name\":\"Draskymo stulpas Petrebels Maine Coon 127, baltas - MiuMjau\",\"isPartOf\":{\"@id\":\"https:\/\/miumjau.ee\/#website\"},\"primaryImageOfPage\":{\"@id\":\"https:\/\/miumjau.ee\/lt\/produktas\/draskymo-stulpas-petrebels-maine-coon-127-baltas\/#primaryimage\"},\"image\":{\"@id\":\"https:\/\/miumjau.ee\/lt\/produktas\/draskymo-stulpas-petrebels-maine-coon-127-baltas\/#primaryimage\"},\"thumbnailUrl\":\"https:\/\/miumjau.ee\/wp-content\/uploads\/2025\/12\/kraapimispost-petrebels-mainecoon1273.jpg\",\"datePublished\":\"2025-12-15T19:06:47+00:00\",\"dateModified\":\"2026-01-07T18:45:16+00:00\",\"breadcrumb\":{\"@id\":\"https:\/\/miumjau.ee\/lt\/produktas\/draskymo-stulpas-petrebels-maine-coon-127-baltas\/#breadcrumb\"},\"inLanguage\":\"lt-LT\",\"potentialAction\":[{\"@type\":\"ReadAction\",\"target\":[\"https:\/\/miumjau.ee\/lt\/produktas\/draskymo-stulpas-petrebels-maine-coon-127-baltas\/\"]}]},{\"@type\":\"ImageObject\",\"inLanguage\":\"lt-LT\",\"@id\":\"https:\/\/miumjau.ee\/lt\/produktas\/draskymo-stulpas-petrebels-maine-coon-127-baltas\/#primaryimage\",\"url\":\"https:\/\/miumjau.ee\/wp-content\/uploads\/2025\/12\/kraapimispost-petrebels-mainecoon1273.jpg\",\"contentUrl\":\"https:\/\/miumjau.ee\/wp-content\/uploads\/2025\/12\/kraapimispost-petrebels-mainecoon1273.jpg\",\"width\":600,\"height\":800,\"caption\":\"Kraapimispost Petrebels Maine Coon 127, white\"},{\"@type\":\"BreadcrumbList\",\"@id\":\"https:\/\/miumjau.ee\/lt\/produktas\/draskymo-stulpas-petrebels-maine-coon-127-baltas\/#breadcrumb\",\"itemListElement\":[{\"@type\":\"ListItem\",\"position\":1,\"name\":\"Home\",\"item\":\"https:\/\/miumjau.ee\/lt\/\"},{\"@type\":\"ListItem\",\"position\":2,\"name\":\"Parduotuv\u0117\",\"item\":\"https:\/\/miumjau.ee\/lt\/parduotuve\/\"},{\"@type\":\"ListItem\",\"position\":3,\"name\":\"Draskymo stulpas Petrebels Maine Coon 127, baltas\"}]},{\"@type\":\"WebSite\",\"@id\":\"https:\/\/miumjau.ee\/#website\",\"url\":\"https:\/\/miumjau.ee\/\",\"name\":\"MiuMjau\",\"description\":\"Kraapimispuud kassidele\",\"publisher\":{\"@id\":\"https:\/\/miumjau.ee\/#organization\"},\"potentialAction\":[{\"@type\":\"SearchAction\",\"target\":{\"@type\":\"EntryPoint\",\"urlTemplate\":\"https:\/\/miumjau.ee\/?s={search_term_string}\"},\"query-input\":{\"@type\":\"PropertyValueSpecification\",\"valueRequired\":true,\"valueName\":\"search_term_string\"}}],\"inLanguage\":\"lt-LT\"},{\"@type\":\"Organization\",\"@id\":\"https:\/\/miumjau.ee\/#organization\",\"name\":\"MiuMjau O\u00dc\",\"url\":\"https:\/\/miumjau.ee\/\",\"logo\":{\"@type\":\"ImageObject\",\"inLanguage\":\"lt-LT\",\"@id\":\"https:\/\/miumjau.ee\/#\/schema\/logo\/image\/\",\"url\":\"https:\/\/miumjau.ee\/wp-content\/uploads\/2022\/04\/MiuMjau-logo-kollane.png\",\"contentUrl\":\"https:\/\/miumjau.ee\/wp-content\/uploads\/2022\/04\/MiuMjau-logo-kollane.png\",\"width\":219,\"height\":100,\"caption\":\"MiuMjau O\u00dc\"},\"image\":{\"@id\":\"https:\/\/miumjau.ee\/#\/schema\/logo\/image\/\"},\"sameAs\":[\"https:\/\/www.facebook.com\/miumjaupood\/\"]}]}<\/script>\n<!-- \/ Yoast SEO plugin. -->","yoast_head_json":{"title":"Draskymo stulpas Petrebels Maine Coon 127, baltas - MiuMjau","robots":{"index":"index","follow":"follow","max-snippet":"max-snippet:-1","max-image-preview":"max-image-preview:large","max-video-preview":"max-video-preview:-1"},"canonical":"https:\/\/miumjau.ee\/lt\/produktas\/draskymo-stulpas-petrebels-maine-coon-127-baltas\/","og_locale":"lt_LT","og_type":"article","og_title":"Draskymo stulpas Petrebels Maine Coon 127, baltas - MiuMjau","og_description":"Auk\u0161tos kokyb\u0117s ir tvirtas draskymo stulpas aktyvioms, didel\u0117ms ir sunkioms kat\u0117ms. \u0160is masyvios konstrukcijos draskykl\u0117 sukurta didel\u0117ms ka\u010di\u0173 veisl\u0117ms, tokioms kaip Meino me\u0161k\u0117nai, Ragdoliai ar Norveg\u0173 mi\u0161kin\u0117s kat\u0117s, kurioms reikalinga ypa\u010d patvari laipiojimo ir nag\u0173 galandimo vieta. D\u0117l storo 20 cm skersmens draskymo stulpo, sustiprinto pagrindo ir mink\u0161to pliu\u0161inio pavir\u0161iaus ji idealiai tinka tiek \u017eaidimams, tiek poilsiui. Pagrindin\u0117s savyb\u0117s:\ud83d\udc49 I\u0161matavimai: ilgis 68 cm \u00d7 plotis 48 cm \u00d7 auk\u0161tis 127 cm\ud83d\udc49 Tinka: Visoms kat\u0117ms, ypa\u010d didel\u0117ms ir sunkioms\ud83d\udc49 Tvirtas pagrindas: Didel\u0117 ir tvirta baz\u0117 u\u017etikrina stabilum\u0105 net aktyviai naudojant\ud83d\udc49 Patogios poilsio zonos: Erdvi poilsio krep\u0161io tipo guoliaviet\u0117 ir patvarus hamakas miegui bei poilsiui\ud83d\udc49 Nuimamas hamakas ir skalbiama pagalv\u0117l\u0117: Lengva palaikyti \u0161var\u0105 Produkto svoris pakuot\u0117je: 24 kg, grynasis svoris: 21,8 kg. Pristatoma dviem pakuot\u0117mis. \u0160is draskymo stulpas sujungia nag\u0173 galandimo zonas, laipiojimo galimybes ir patogias poilsio vietas, kurios atitinka nat\u016bralius kat\u0117s instinktus \u2013 draskyti, laipioti, \u017eaisti ir ils\u0117tis. Tvirta konstrukcija ir kokybi\u0161kos med\u017eiagos paver\u010dia j\u012f puikiu pasirinkimu net ir labai didel\u0117ms kat\u0117ms.","og_url":"https:\/\/miumjau.ee\/lt\/produktas\/draskymo-stulpas-petrebels-maine-coon-127-baltas\/","og_site_name":"MiuMjau","article_publisher":"https:\/\/www.facebook.com\/miumjaupood\/","article_modified_time":"2026-01-07T18:45:16+00:00","og_image":[{"width":600,"height":800,"url":"https:\/\/miumjau.ee\/wp-content\/uploads\/2025\/12\/kraapimispost-petrebels-mainecoon1273.jpg","type":"image\/jpeg"}],"twitter_card":"summary_large_image","schema":{"@context":"https:\/\/schema.org","@graph":[{"@type":"WebPage","@id":"https:\/\/miumjau.ee\/lt\/produktas\/draskymo-stulpas-petrebels-maine-coon-127-baltas\/","url":"https:\/\/miumjau.ee\/lt\/produktas\/draskymo-stulpas-petrebels-maine-coon-127-baltas\/","name":"Draskymo stulpas Petrebels Maine Coon 127, baltas - MiuMjau","isPartOf":{"@id":"https:\/\/miumjau.ee\/#website"},"primaryImageOfPage":{"@id":"https:\/\/miumjau.ee\/lt\/produktas\/draskymo-stulpas-petrebels-maine-coon-127-baltas\/#primaryimage"},"image":{"@id":"https:\/\/miumjau.ee\/lt\/produktas\/draskymo-stulpas-petrebels-maine-coon-127-baltas\/#primaryimage"},"thumbnailUrl":"https:\/\/miumjau.ee\/wp-content\/uploads\/2025\/12\/kraapimispost-petrebels-mainecoon1273.jpg","datePublished":"2025-12-15T19:06:47+00:00","dateModified":"2026-01-07T18:45:16+00:00","breadcrumb":{"@id":"https:\/\/miumjau.ee\/lt\/produktas\/draskymo-stulpas-petrebels-maine-coon-127-baltas\/#breadcrumb"},"inLanguage":"lt-LT","potentialAction":[{"@type":"ReadAction","target":["https:\/\/miumjau.ee\/lt\/produktas\/draskymo-stulpas-petrebels-maine-coon-127-baltas\/"]}]},{"@type":"ImageObject","inLanguage":"lt-LT","@id":"https:\/\/miumjau.ee\/lt\/produktas\/draskymo-stulpas-petrebels-maine-coon-127-baltas\/#primaryimage","url":"https:\/\/miumjau.ee\/wp-content\/uploads\/2025\/12\/kraapimispost-petrebels-mainecoon1273.jpg","contentUrl":"https:\/\/miumjau.ee\/wp-content\/uploads\/2025\/12\/kraapimispost-petrebels-mainecoon1273.jpg","width":600,"height":800,"caption":"Kraapimispost Petrebels Maine Coon 127, white"},{"@type":"BreadcrumbList","@id":"https:\/\/miumjau.ee\/lt\/produktas\/draskymo-stulpas-petrebels-maine-coon-127-baltas\/#breadcrumb","itemListElement":[{"@type":"ListItem","position":1,"name":"Home","item":"https:\/\/miumjau.ee\/lt\/"},{"@type":"ListItem","position":2,"name":"Parduotuv\u0117","item":"https:\/\/miumjau.ee\/lt\/parduotuve\/"},{"@type":"ListItem","position":3,"name":"Draskymo stulpas Petrebels Maine Coon 127, baltas"}]},{"@type":"WebSite","@id":"https:\/\/miumjau.ee\/#website","url":"https:\/\/miumjau.ee\/","name":"MiuMjau","description":"Kraapimispuud kassidele","publisher":{"@id":"https:\/\/miumjau.ee\/#organization"},"potentialAction":[{"@type":"SearchAction","target":{"@type":"EntryPoint","urlTemplate":"https:\/\/miumjau.ee\/?s={search_term_string}"},"query-input":{"@type":"PropertyValueSpecification","valueRequired":true,"valueName":"search_term_string"}}],"inLanguage":"lt-LT"},{"@type":"Organization","@id":"https:\/\/miumjau.ee\/#organization","name":"MiuMjau O\u00dc","url":"https:\/\/miumjau.ee\/","logo":{"@type":"ImageObject","inLanguage":"lt-LT","@id":"https:\/\/miumjau.ee\/#\/schema\/logo\/image\/","url":"https:\/\/miumjau.ee\/wp-content\/uploads\/2022\/04\/MiuMjau-logo-kollane.png","contentUrl":"https:\/\/miumjau.ee\/wp-content\/uploads\/2022\/04\/MiuMjau-logo-kollane.png","width":219,"height":100,"caption":"MiuMjau O\u00dc"},"image":{"@id":"https:\/\/miumjau.ee\/#\/schema\/logo\/image\/"},"sameAs":["https:\/\/www.facebook.com\/miumjaupood\/"]}]}},"_links":{"self":[{"href":"https:\/\/miumjau.ee\/lt\/wp-json\/wp\/v2\/product\/48367","targetHints":{"allow":["GET"]}}],"collection":[{"href":"https:\/\/miumjau.ee\/lt\/wp-json\/wp\/v2\/product"}],"about":[{"href":"https:\/\/miumjau.ee\/lt\/wp-json\/wp\/v2\/types\/product"}],"wp:featuredmedia":[{"embeddable":true,"href":"https:\/\/miumjau.ee\/lt\/wp-json\/wp\/v2\/media\/48285"}],"wp:attachment":[{"href":"https:\/\/miumjau.ee\/lt\/wp-json\/wp\/v2\/media?parent=48367"}],"wp:term":[{"taxonomy":"product_brand","embeddable":true,"href":"https:\/\/miumjau.ee\/lt\/wp-json\/wp\/v2\/product_brand?post=48367"},{"taxonomy":"product_cat","embeddable":true,"href":"https:\/\/miumjau.ee\/lt\/wp-json\/wp\/v2\/product_cat?post=48367"},{"taxonomy":"product_tag","embeddable":true,"href":"https:\/\/miumjau.ee\/lt\/wp-json\/wp\/v2\/product_tag?post=48367"}],"curies":[{"name":"wp","href":"https:\/\/api.w.org\/{rel}","templated":true}]}}