{"id":48352,"date":"2025-12-15T21:15:50","date_gmt":"2025-12-15T19:15:50","guid":{"rendered":"https:\/\/miumjau.ee\/toode\/kaciu-draskykle-petrebels-lodge-150-pilka\/"},"modified":"2026-01-07T20:45:23","modified_gmt":"2026-01-07T18:45:23","slug":"kaciu-draskykle-petrebels-lodge-150-pilka","status":"publish","type":"product","link":"https:\/\/miumjau.ee\/lt\/produktas\/kaciu-draskykle-petrebels-lodge-150-pilka\/","title":{"rendered":"Ka\u010di\u0173 draskykl\u0117 Petrebels Lodge 150, pilka"},"content":{"rendered":"","protected":false},"excerpt":{"rendered":"<p data-start=\"4637\" data-end=\"4687\">Kompakti\u0161ka, jauki ir patogi draskykl\u0117 j\u016bs\u0173 katei.<\/p>\n<p data-start=\"4689\" data-end=\"4819\">\ud83d\udc3e <strong data-start=\"4692\" data-end=\"4715\">Pagrindin\u0117s savyb\u0117s<\/strong><br data-start=\"4715\" data-end=\"4718\" \/>2 patogios miego vietos \u2013 apatinis ir vir\u0161utinis namelis tinka tiek jauniems, tiek vyresniems kat\u0117ms.<\/p>\n<p data-start=\"4821\" data-end=\"4896\">Pakabinamas hamakas, kuriame kat\u0117 gali atsipalaiduoti ir jaukiai susisukti.<\/p>\n<p data-start=\"4898\" data-end=\"4965\">Erdvus vir\u0161utinis poilsio krep\u0161ys \u2013 ideali vieta ramiam snauduliui.<\/p>\n<p data-start=\"4967\" data-end=\"5053\">Stori sizaliu dengti stulpai suteikia pakankamai vietos nag\u0173 galandimui ir tempimuisi.<\/p>\n<p data-start=\"5055\" data-end=\"5119\">Prabangi mink\u0161to pliu\u0161o apdaila, tinkanti bet kokiam interjerui.<\/p>\n<p data-start=\"5121\" data-end=\"5236\">\ud83d\ude3a <strong data-start=\"5124\" data-end=\"5170\">Kod\u0117l \u0161i draskykl\u0117 yra puikus pasirinkimas<\/strong><br data-start=\"5170\" data-end=\"5173\" \/>Tinka visoms kat\u0117ms \u2013 ma\u017eoms ir didel\u0117ms, jaunoms ir vyresn\u0117ms.<\/p>\n<p data-start=\"5238\" data-end=\"5343\">Kompakti\u0161ka, ta\u010diau si\u016blo daugiau, nei atrodo i\u0161 pirmo \u017evilgsnio \u2013 keli lygiai, \u017eaidim\u0173 ir poilsio zonos.<\/p>\n<p data-start=\"5345\" data-end=\"5409\">D\u0117l tvirtos konstrukcijos tinka naudoti dviem ar daugiau kat\u0117ms.<\/p>\n<p data-start=\"5411\" data-end=\"5514\">Stulp\u0173 skersmuo: 9 cm.<br data-start=\"5433\" data-end=\"5436\" \/>Grynasis svoris: 36,85 kg, svoris pakuot\u0117je: 38 kg. Pristatoma vienoje d\u0117\u017e\u0117je.<\/p>\n<p data-start=\"5516\" data-end=\"5649\">Puikus pasirinkimas, jei norite savo katei suteikti patogi\u0105 ir stiling\u0105 poilsio bei \u017eaidim\u0173 erdv\u0119, puikiai tinkan\u010di\u0105 nam\u0173 interjerui.<\/p>\n","protected":false},"featured_media":48303,"template":"","meta":[],"product_brand":[],"product_cat":[515,513],"product_tag":[],"class_list":{"0":"post-48352","1":"product","2":"type-product","3":"status-publish","4":"has-post-thumbnail","6":"product_cat-petrebels-produktai-dideliems-katems","7":"product_cat-vidutinio-dydzio-draskymo-medziai-petrebels","8":"product_shipping_class-pakiautomaati-sobimatu-lt","10":"first","11":"instock","12":"taxable","13":"shipping-taxable","14":"purchasable","15":"product-type-simple"},"yoast_head":"<!-- This site is optimized with the Yoast SEO plugin v27.4 - https:\/\/yoast.com\/product\/yoast-seo-wordpress\/ -->\n<title>Ka\u010di\u0173 draskykl\u0117 Petrebels Lodge 150, pilka - MiuMjau<\/title>\n<meta name=\"robots\" content=\"index, follow, max-snippet:-1, max-image-preview:large, max-video-preview:-1\" \/>\n<link rel=\"canonical\" href=\"https:\/\/miumjau.ee\/lt\/produktas\/kaciu-draskykle-petrebels-lodge-150-pilka\/\" \/>\n<meta property=\"og:locale\" content=\"lt_LT\" \/>\n<meta property=\"og:type\" content=\"article\" \/>\n<meta property=\"og:title\" content=\"Ka\u010di\u0173 draskykl\u0117 Petrebels Lodge 150, pilka - MiuMjau\" \/>\n<meta property=\"og:description\" content=\"Kompakti\u0161ka, jauki ir patogi draskykl\u0117 j\u016bs\u0173 katei. \ud83d\udc3e Pagrindin\u0117s savyb\u0117s2 patogios miego vietos \u2013 apatinis ir vir\u0161utinis namelis tinka tiek jauniems, tiek vyresniems kat\u0117ms. Pakabinamas hamakas, kuriame kat\u0117 gali atsipalaiduoti ir jaukiai susisukti. Erdvus vir\u0161utinis poilsio krep\u0161ys \u2013 ideali vieta ramiam snauduliui. Stori sizaliu dengti stulpai suteikia pakankamai vietos nag\u0173 galandimui ir tempimuisi. Prabangi mink\u0161to pliu\u0161o apdaila, tinkanti bet kokiam interjerui. \ud83d\ude3a Kod\u0117l \u0161i draskykl\u0117 yra puikus pasirinkimasTinka visoms kat\u0117ms \u2013 ma\u017eoms ir didel\u0117ms, jaunoms ir vyresn\u0117ms. Kompakti\u0161ka, ta\u010diau si\u016blo daugiau, nei atrodo i\u0161 pirmo \u017evilgsnio \u2013 keli lygiai, \u017eaidim\u0173 ir poilsio zonos. D\u0117l tvirtos konstrukcijos tinka naudoti dviem ar daugiau kat\u0117ms. Stulp\u0173 skersmuo: 9 cm.Grynasis svoris: 36,85 kg, svoris pakuot\u0117je: 38 kg. Pristatoma vienoje d\u0117\u017e\u0117je. Puikus pasirinkimas, jei norite savo katei suteikti patogi\u0105 ir stiling\u0105 poilsio bei \u017eaidim\u0173 erdv\u0119, puikiai tinkan\u010di\u0105 nam\u0173 interjerui.\" \/>\n<meta property=\"og:url\" content=\"https:\/\/miumjau.ee\/lt\/produktas\/kaciu-draskykle-petrebels-lodge-150-pilka\/\" \/>\n<meta property=\"og:site_name\" content=\"MiuMjau\" \/>\n<meta property=\"article:publisher\" content=\"https:\/\/www.facebook.com\/miumjaupood\/\" \/>\n<meta property=\"article:modified_time\" content=\"2026-01-07T18:45:23+00:00\" \/>\n<meta property=\"og:image\" content=\"https:\/\/miumjau.ee\/wp-content\/uploads\/2025\/12\/ronimispuu-petrebels-lodge1504.jpg\" \/>\n\t<meta property=\"og:image:width\" content=\"600\" \/>\n\t<meta property=\"og:image:height\" content=\"800\" \/>\n\t<meta property=\"og:image:type\" content=\"image\/jpeg\" \/>\n<meta name=\"twitter:card\" content=\"summary_large_image\" \/>\n<script type=\"application\/ld+json\" class=\"yoast-schema-graph\">{\"@context\":\"https:\\\/\\\/schema.org\",\"@graph\":[{\"@type\":\"WebPage\",\"@id\":\"https:\\\/\\\/miumjau.ee\\\/lt\\\/produktas\\\/kaciu-draskykle-petrebels-lodge-150-pilka\\\/\",\"url\":\"https:\\\/\\\/miumjau.ee\\\/lt\\\/produktas\\\/kaciu-draskykle-petrebels-lodge-150-pilka\\\/\",\"name\":\"Ka\u010di\u0173 draskykl\u0117 Petrebels Lodge 150, pilka - MiuMjau\",\"isPartOf\":{\"@id\":\"https:\\\/\\\/miumjau.ee\\\/#website\"},\"primaryImageOfPage\":{\"@id\":\"https:\\\/\\\/miumjau.ee\\\/lt\\\/produktas\\\/kaciu-draskykle-petrebels-lodge-150-pilka\\\/#primaryimage\"},\"image\":{\"@id\":\"https:\\\/\\\/miumjau.ee\\\/lt\\\/produktas\\\/kaciu-draskykle-petrebels-lodge-150-pilka\\\/#primaryimage\"},\"thumbnailUrl\":\"https:\\\/\\\/miumjau.ee\\\/wp-content\\\/uploads\\\/2025\\\/12\\\/ronimispuu-petrebels-lodge1504.jpg\",\"datePublished\":\"2025-12-15T19:15:50+00:00\",\"dateModified\":\"2026-01-07T18:45:23+00:00\",\"breadcrumb\":{\"@id\":\"https:\\\/\\\/miumjau.ee\\\/lt\\\/produktas\\\/kaciu-draskykle-petrebels-lodge-150-pilka\\\/#breadcrumb\"},\"inLanguage\":\"lt-LT\",\"potentialAction\":[{\"@type\":\"ReadAction\",\"target\":[\"https:\\\/\\\/miumjau.ee\\\/lt\\\/produktas\\\/kaciu-draskykle-petrebels-lodge-150-pilka\\\/\"]}]},{\"@type\":\"ImageObject\",\"inLanguage\":\"lt-LT\",\"@id\":\"https:\\\/\\\/miumjau.ee\\\/lt\\\/produktas\\\/kaciu-draskykle-petrebels-lodge-150-pilka\\\/#primaryimage\",\"url\":\"https:\\\/\\\/miumjau.ee\\\/wp-content\\\/uploads\\\/2025\\\/12\\\/ronimispuu-petrebels-lodge1504.jpg\",\"contentUrl\":\"https:\\\/\\\/miumjau.ee\\\/wp-content\\\/uploads\\\/2025\\\/12\\\/ronimispuu-petrebels-lodge1504.jpg\",\"width\":600,\"height\":800,\"caption\":\"Ronimispuu Petrebels Lodge 150, hall\"},{\"@type\":\"BreadcrumbList\",\"@id\":\"https:\\\/\\\/miumjau.ee\\\/lt\\\/produktas\\\/kaciu-draskykle-petrebels-lodge-150-pilka\\\/#breadcrumb\",\"itemListElement\":[{\"@type\":\"ListItem\",\"position\":1,\"name\":\"Home\",\"item\":\"https:\\\/\\\/miumjau.ee\\\/lt\\\/\"},{\"@type\":\"ListItem\",\"position\":2,\"name\":\"Parduotuv\u0117\",\"item\":\"https:\\\/\\\/miumjau.ee\\\/lt\\\/parduotuve\\\/\"},{\"@type\":\"ListItem\",\"position\":3,\"name\":\"Ka\u010di\u0173 draskykl\u0117 Petrebels Lodge 150, pilka\"}]},{\"@type\":\"WebSite\",\"@id\":\"https:\\\/\\\/miumjau.ee\\\/#website\",\"url\":\"https:\\\/\\\/miumjau.ee\\\/\",\"name\":\"MiuMjau\",\"description\":\"Kraapimispuud kassidele\",\"publisher\":{\"@id\":\"https:\\\/\\\/miumjau.ee\\\/#organization\"},\"potentialAction\":[{\"@type\":\"SearchAction\",\"target\":{\"@type\":\"EntryPoint\",\"urlTemplate\":\"https:\\\/\\\/miumjau.ee\\\/?s={search_term_string}\"},\"query-input\":{\"@type\":\"PropertyValueSpecification\",\"valueRequired\":true,\"valueName\":\"search_term_string\"}}],\"inLanguage\":\"lt-LT\"},{\"@type\":\"Organization\",\"@id\":\"https:\\\/\\\/miumjau.ee\\\/#organization\",\"name\":\"MiuMjau O\u00dc\",\"url\":\"https:\\\/\\\/miumjau.ee\\\/\",\"logo\":{\"@type\":\"ImageObject\",\"inLanguage\":\"lt-LT\",\"@id\":\"https:\\\/\\\/miumjau.ee\\\/#\\\/schema\\\/logo\\\/image\\\/\",\"url\":\"https:\\\/\\\/miumjau.ee\\\/wp-content\\\/uploads\\\/2022\\\/04\\\/MiuMjau-logo-kollane.png\",\"contentUrl\":\"https:\\\/\\\/miumjau.ee\\\/wp-content\\\/uploads\\\/2022\\\/04\\\/MiuMjau-logo-kollane.png\",\"width\":219,\"height\":100,\"caption\":\"MiuMjau O\u00dc\"},\"image\":{\"@id\":\"https:\\\/\\\/miumjau.ee\\\/#\\\/schema\\\/logo\\\/image\\\/\"},\"sameAs\":[\"https:\\\/\\\/www.facebook.com\\\/miumjaupood\\\/\"]}]}<\/script>\n<!-- \/ Yoast SEO plugin. -->","yoast_head_json":{"title":"Ka\u010di\u0173 draskykl\u0117 Petrebels Lodge 150, pilka - MiuMjau","robots":{"index":"index","follow":"follow","max-snippet":"max-snippet:-1","max-image-preview":"max-image-preview:large","max-video-preview":"max-video-preview:-1"},"canonical":"https:\/\/miumjau.ee\/lt\/produktas\/kaciu-draskykle-petrebels-lodge-150-pilka\/","og_locale":"lt_LT","og_type":"article","og_title":"Ka\u010di\u0173 draskykl\u0117 Petrebels Lodge 150, pilka - MiuMjau","og_description":"Kompakti\u0161ka, jauki ir patogi draskykl\u0117 j\u016bs\u0173 katei. \ud83d\udc3e Pagrindin\u0117s savyb\u0117s2 patogios miego vietos \u2013 apatinis ir vir\u0161utinis namelis tinka tiek jauniems, tiek vyresniems kat\u0117ms. Pakabinamas hamakas, kuriame kat\u0117 gali atsipalaiduoti ir jaukiai susisukti. Erdvus vir\u0161utinis poilsio krep\u0161ys \u2013 ideali vieta ramiam snauduliui. Stori sizaliu dengti stulpai suteikia pakankamai vietos nag\u0173 galandimui ir tempimuisi. Prabangi mink\u0161to pliu\u0161o apdaila, tinkanti bet kokiam interjerui. \ud83d\ude3a Kod\u0117l \u0161i draskykl\u0117 yra puikus pasirinkimasTinka visoms kat\u0117ms \u2013 ma\u017eoms ir didel\u0117ms, jaunoms ir vyresn\u0117ms. Kompakti\u0161ka, ta\u010diau si\u016blo daugiau, nei atrodo i\u0161 pirmo \u017evilgsnio \u2013 keli lygiai, \u017eaidim\u0173 ir poilsio zonos. D\u0117l tvirtos konstrukcijos tinka naudoti dviem ar daugiau kat\u0117ms. Stulp\u0173 skersmuo: 9 cm.Grynasis svoris: 36,85 kg, svoris pakuot\u0117je: 38 kg. Pristatoma vienoje d\u0117\u017e\u0117je. Puikus pasirinkimas, jei norite savo katei suteikti patogi\u0105 ir stiling\u0105 poilsio bei \u017eaidim\u0173 erdv\u0119, puikiai tinkan\u010di\u0105 nam\u0173 interjerui.","og_url":"https:\/\/miumjau.ee\/lt\/produktas\/kaciu-draskykle-petrebels-lodge-150-pilka\/","og_site_name":"MiuMjau","article_publisher":"https:\/\/www.facebook.com\/miumjaupood\/","article_modified_time":"2026-01-07T18:45:23+00:00","og_image":[{"width":600,"height":800,"url":"https:\/\/miumjau.ee\/wp-content\/uploads\/2025\/12\/ronimispuu-petrebels-lodge1504.jpg","type":"image\/jpeg"}],"twitter_card":"summary_large_image","schema":{"@context":"https:\/\/schema.org","@graph":[{"@type":"WebPage","@id":"https:\/\/miumjau.ee\/lt\/produktas\/kaciu-draskykle-petrebels-lodge-150-pilka\/","url":"https:\/\/miumjau.ee\/lt\/produktas\/kaciu-draskykle-petrebels-lodge-150-pilka\/","name":"Ka\u010di\u0173 draskykl\u0117 Petrebels Lodge 150, pilka - MiuMjau","isPartOf":{"@id":"https:\/\/miumjau.ee\/#website"},"primaryImageOfPage":{"@id":"https:\/\/miumjau.ee\/lt\/produktas\/kaciu-draskykle-petrebels-lodge-150-pilka\/#primaryimage"},"image":{"@id":"https:\/\/miumjau.ee\/lt\/produktas\/kaciu-draskykle-petrebels-lodge-150-pilka\/#primaryimage"},"thumbnailUrl":"https:\/\/miumjau.ee\/wp-content\/uploads\/2025\/12\/ronimispuu-petrebels-lodge1504.jpg","datePublished":"2025-12-15T19:15:50+00:00","dateModified":"2026-01-07T18:45:23+00:00","breadcrumb":{"@id":"https:\/\/miumjau.ee\/lt\/produktas\/kaciu-draskykle-petrebels-lodge-150-pilka\/#breadcrumb"},"inLanguage":"lt-LT","potentialAction":[{"@type":"ReadAction","target":["https:\/\/miumjau.ee\/lt\/produktas\/kaciu-draskykle-petrebels-lodge-150-pilka\/"]}]},{"@type":"ImageObject","inLanguage":"lt-LT","@id":"https:\/\/miumjau.ee\/lt\/produktas\/kaciu-draskykle-petrebels-lodge-150-pilka\/#primaryimage","url":"https:\/\/miumjau.ee\/wp-content\/uploads\/2025\/12\/ronimispuu-petrebels-lodge1504.jpg","contentUrl":"https:\/\/miumjau.ee\/wp-content\/uploads\/2025\/12\/ronimispuu-petrebels-lodge1504.jpg","width":600,"height":800,"caption":"Ronimispuu Petrebels Lodge 150, hall"},{"@type":"BreadcrumbList","@id":"https:\/\/miumjau.ee\/lt\/produktas\/kaciu-draskykle-petrebels-lodge-150-pilka\/#breadcrumb","itemListElement":[{"@type":"ListItem","position":1,"name":"Home","item":"https:\/\/miumjau.ee\/lt\/"},{"@type":"ListItem","position":2,"name":"Parduotuv\u0117","item":"https:\/\/miumjau.ee\/lt\/parduotuve\/"},{"@type":"ListItem","position":3,"name":"Ka\u010di\u0173 draskykl\u0117 Petrebels Lodge 150, pilka"}]},{"@type":"WebSite","@id":"https:\/\/miumjau.ee\/#website","url":"https:\/\/miumjau.ee\/","name":"MiuMjau","description":"Kraapimispuud kassidele","publisher":{"@id":"https:\/\/miumjau.ee\/#organization"},"potentialAction":[{"@type":"SearchAction","target":{"@type":"EntryPoint","urlTemplate":"https:\/\/miumjau.ee\/?s={search_term_string}"},"query-input":{"@type":"PropertyValueSpecification","valueRequired":true,"valueName":"search_term_string"}}],"inLanguage":"lt-LT"},{"@type":"Organization","@id":"https:\/\/miumjau.ee\/#organization","name":"MiuMjau O\u00dc","url":"https:\/\/miumjau.ee\/","logo":{"@type":"ImageObject","inLanguage":"lt-LT","@id":"https:\/\/miumjau.ee\/#\/schema\/logo\/image\/","url":"https:\/\/miumjau.ee\/wp-content\/uploads\/2022\/04\/MiuMjau-logo-kollane.png","contentUrl":"https:\/\/miumjau.ee\/wp-content\/uploads\/2022\/04\/MiuMjau-logo-kollane.png","width":219,"height":100,"caption":"MiuMjau O\u00dc"},"image":{"@id":"https:\/\/miumjau.ee\/#\/schema\/logo\/image\/"},"sameAs":["https:\/\/www.facebook.com\/miumjaupood\/"]}]}},"_links":{"self":[{"href":"https:\/\/miumjau.ee\/lt\/wp-json\/wp\/v2\/product\/48352","targetHints":{"allow":["GET"]}}],"collection":[{"href":"https:\/\/miumjau.ee\/lt\/wp-json\/wp\/v2\/product"}],"about":[{"href":"https:\/\/miumjau.ee\/lt\/wp-json\/wp\/v2\/types\/product"}],"wp:featuredmedia":[{"embeddable":true,"href":"https:\/\/miumjau.ee\/lt\/wp-json\/wp\/v2\/media\/48303"}],"wp:attachment":[{"href":"https:\/\/miumjau.ee\/lt\/wp-json\/wp\/v2\/media?parent=48352"}],"wp:term":[{"taxonomy":"product_brand","embeddable":true,"href":"https:\/\/miumjau.ee\/lt\/wp-json\/wp\/v2\/product_brand?post=48352"},{"taxonomy":"product_cat","embeddable":true,"href":"https:\/\/miumjau.ee\/lt\/wp-json\/wp\/v2\/product_cat?post=48352"},{"taxonomy":"product_tag","embeddable":true,"href":"https:\/\/miumjau.ee\/lt\/wp-json\/wp\/v2\/product_tag?post=48352"}],"curies":[{"name":"wp","href":"https:\/\/api.w.org\/{rel}","templated":true}]}}