{"id":48228,"date":"2024-12-06T19:22:22","date_gmt":"2024-12-06T17:22:22","guid":{"rendered":"https:\/\/miumjau.ee\/toode\/aatas-cat-konservai-katems-24-x-80-g-mix-skoniai\/"},"modified":"2026-01-07T20:45:23","modified_gmt":"2026-01-07T18:45:23","slug":"aatas-cat-konservai-katems-24-x-80-g-mix-skoniai","status":"publish","type":"product","link":"https:\/\/miumjau.ee\/lt\/produktas\/aatas-cat-konservai-katems-24-x-80-g-mix-skoniai\/","title":{"rendered":"Aatas Cat konservai kat\u0117ms, 24 x 80 g, MIX SKONIAI"},"content":{"rendered":"","protected":false},"excerpt":{"rendered":"<p data-start=\"911\" data-end=\"1168\">Skanus papildomas pa\u0161aras kat\u0117ms, pagamintas su dideliu kiekiu m\u0117sos. \u0160iame rinkinyje yra MIX skoniai \u2013 ma\u017eiausiai 3 skirtingi produktai i\u0161 <em data-start=\"1051\" data-end=\"1067\">Creamy Chicken<\/em> ir <em data-start=\"1071\" data-end=\"1089\">Tantalizing Tuna<\/em> serij\u0173. Galimyb\u0117 vienu metu patirti kuo daugiau skoni\u0173. Kat\u0117s m\u0117gsta \u012fvairov\u0119!<\/p>\n<p data-start=\"1170\" data-end=\"1182\"><strong data-start=\"1170\" data-end=\"1182\">Savyb\u0117s:<\/strong><\/p>\n<ul data-start=\"1183\" data-end=\"1363\">\n<li data-start=\"1183\" data-end=\"1200\">\n<p data-start=\"1185\" data-end=\"1200\">Nat\u016brali m\u0117sa<\/p>\n<\/li>\n<li data-start=\"1201\" data-end=\"1230\">\n<p data-start=\"1203\" data-end=\"1230\">Ma\u017eai riebal\u0173 ir kalorij\u0173<\/p>\n<\/li>\n<li data-start=\"1231\" data-end=\"1266\">\n<p data-start=\"1233\" data-end=\"1266\">Tinka net i\u0161rankiausioms kat\u0117ms<\/p>\n<\/li>\n<li data-start=\"1267\" data-end=\"1288\">\n<p data-start=\"1269\" data-end=\"1288\">Be gr\u016bd\u0173 sud\u0117tyje<\/p>\n<\/li>\n<li data-start=\"1289\" data-end=\"1307\">\n<p data-start=\"1291\" data-end=\"1307\">Be konservant\u0173<\/p>\n<\/li>\n<li data-start=\"1308\" data-end=\"1318\">\n<p data-start=\"1310\" data-end=\"1318\">Be GMO<\/p>\n<\/li>\n<li data-start=\"1319\" data-end=\"1363\">\n<p data-start=\"1321\" data-end=\"1363\">I\u0161 viso 24 konservai, kiekvienas po 80 g<\/p>\n<\/li>\n<\/ul>\n<p data-start=\"1365\" data-end=\"1637\" data-is-last-node=\"\" data-is-only-node=\"\"><strong data-start=\"1365\" data-end=\"1389\">\u0160\u0117rimo instrukcijos:<\/strong><br data-start=\"1389\" data-end=\"1392\" \/>Neatidarytus AATAS konservus laikyti kambario temperat\u016broje. Neu\u017e\u0161aldyti. Likus\u012f maist\u0105 laikyti \u0161aldytuve. Skirta tik kat\u0117ms. Patarimas: jei maistas per \u0161altas, j\u012f galima \u0161velniai pa\u0161ildyti, pastatant indel\u012f su maistu \u012f duben\u012f su \u0161iltu vandeniu.<\/p>\n","protected":false},"featured_media":48229,"template":"","meta":[],"product_brand":[],"product_cat":[526],"product_tag":[],"class_list":{"0":"post-48228","1":"product","2":"type-product","3":"status-publish","4":"has-post-thumbnail","6":"product_cat-slapias-maistas","8":"first","9":"instock","10":"taxable","11":"shipping-taxable","12":"purchasable","13":"product-type-simple"},"yoast_head":"<!-- This site is optimized with the Yoast SEO plugin v27.4 - https:\/\/yoast.com\/product\/yoast-seo-wordpress\/ -->\n<title>Aatas Cat konservai kat\u0117ms, 24 x 80 g, MIX SKONIAI - MiuMjau<\/title>\n<meta name=\"robots\" content=\"index, follow, max-snippet:-1, max-image-preview:large, max-video-preview:-1\" \/>\n<link rel=\"canonical\" href=\"https:\/\/miumjau.ee\/lt\/produktas\/aatas-cat-konservai-katems-24-x-80-g-mix-skoniai\/\" \/>\n<meta property=\"og:locale\" content=\"lt_LT\" \/>\n<meta property=\"og:type\" content=\"article\" \/>\n<meta property=\"og:title\" content=\"Aatas Cat konservai kat\u0117ms, 24 x 80 g, MIX SKONIAI - MiuMjau\" \/>\n<meta property=\"og:description\" content=\"Skanus papildomas pa\u0161aras kat\u0117ms, pagamintas su dideliu kiekiu m\u0117sos. \u0160iame rinkinyje yra MIX skoniai \u2013 ma\u017eiausiai 3 skirtingi produktai i\u0161 Creamy Chicken ir Tantalizing Tuna serij\u0173. Galimyb\u0117 vienu metu patirti kuo daugiau skoni\u0173. Kat\u0117s m\u0117gsta \u012fvairov\u0119! Savyb\u0117s:     Nat\u016brali m\u0117sa    Ma\u017eai riebal\u0173 ir kalorij\u0173    Tinka net i\u0161rankiausioms kat\u0117ms    Be gr\u016bd\u0173 sud\u0117tyje    Be konservant\u0173    Be GMO    I\u0161 viso 24 konservai, kiekvienas po 80 g   \u0160\u0117rimo instrukcijos:Neatidarytus AATAS konservus laikyti kambario temperat\u016broje. Neu\u017e\u0161aldyti. Likus\u012f maist\u0105 laikyti \u0161aldytuve. Skirta tik kat\u0117ms. Patarimas: jei maistas per \u0161altas, j\u012f galima \u0161velniai pa\u0161ildyti, pastatant indel\u012f su maistu \u012f duben\u012f su \u0161iltu vandeniu.\" \/>\n<meta property=\"og:url\" content=\"https:\/\/miumjau.ee\/lt\/produktas\/aatas-cat-konservai-katems-24-x-80-g-mix-skoniai\/\" \/>\n<meta property=\"og:site_name\" content=\"MiuMjau\" \/>\n<meta property=\"article:publisher\" content=\"https:\/\/www.facebook.com\/miumjaupood\/\" \/>\n<meta property=\"article:modified_time\" content=\"2026-01-07T18:45:23+00:00\" \/>\n<meta property=\"og:image\" content=\"https:\/\/miumjau.ee\/wp-content\/uploads\/2024\/12\/20241206-_DSC2699-Photoroom.jpg\" \/>\n\t<meta property=\"og:image:width\" content=\"600\" \/>\n\t<meta property=\"og:image:height\" content=\"800\" \/>\n\t<meta property=\"og:image:type\" content=\"image\/jpeg\" \/>\n<meta name=\"twitter:card\" content=\"summary_large_image\" \/>\n<script type=\"application\/ld+json\" class=\"yoast-schema-graph\">{\"@context\":\"https:\\\/\\\/schema.org\",\"@graph\":[{\"@type\":\"WebPage\",\"@id\":\"https:\\\/\\\/miumjau.ee\\\/lt\\\/produktas\\\/aatas-cat-konservai-katems-24-x-80-g-mix-skoniai\\\/\",\"url\":\"https:\\\/\\\/miumjau.ee\\\/lt\\\/produktas\\\/aatas-cat-konservai-katems-24-x-80-g-mix-skoniai\\\/\",\"name\":\"Aatas Cat konservai kat\u0117ms, 24 x 80 g, MIX SKONIAI - MiuMjau\",\"isPartOf\":{\"@id\":\"https:\\\/\\\/miumjau.ee\\\/#website\"},\"primaryImageOfPage\":{\"@id\":\"https:\\\/\\\/miumjau.ee\\\/lt\\\/produktas\\\/aatas-cat-konservai-katems-24-x-80-g-mix-skoniai\\\/#primaryimage\"},\"image\":{\"@id\":\"https:\\\/\\\/miumjau.ee\\\/lt\\\/produktas\\\/aatas-cat-konservai-katems-24-x-80-g-mix-skoniai\\\/#primaryimage\"},\"thumbnailUrl\":\"https:\\\/\\\/miumjau.ee\\\/wp-content\\\/uploads\\\/2024\\\/12\\\/20241206-_DSC2699-Photoroom.jpg\",\"datePublished\":\"2024-12-06T17:22:22+00:00\",\"dateModified\":\"2026-01-07T18:45:23+00:00\",\"breadcrumb\":{\"@id\":\"https:\\\/\\\/miumjau.ee\\\/lt\\\/produktas\\\/aatas-cat-konservai-katems-24-x-80-g-mix-skoniai\\\/#breadcrumb\"},\"inLanguage\":\"lt-LT\",\"potentialAction\":[{\"@type\":\"ReadAction\",\"target\":[\"https:\\\/\\\/miumjau.ee\\\/lt\\\/produktas\\\/aatas-cat-konservai-katems-24-x-80-g-mix-skoniai\\\/\"]}]},{\"@type\":\"ImageObject\",\"inLanguage\":\"lt-LT\",\"@id\":\"https:\\\/\\\/miumjau.ee\\\/lt\\\/produktas\\\/aatas-cat-konservai-katems-24-x-80-g-mix-skoniai\\\/#primaryimage\",\"url\":\"https:\\\/\\\/miumjau.ee\\\/wp-content\\\/uploads\\\/2024\\\/12\\\/20241206-_DSC2699-Photoroom.jpg\",\"contentUrl\":\"https:\\\/\\\/miumjau.ee\\\/wp-content\\\/uploads\\\/2024\\\/12\\\/20241206-_DSC2699-Photoroom.jpg\",\"width\":600,\"height\":800},{\"@type\":\"BreadcrumbList\",\"@id\":\"https:\\\/\\\/miumjau.ee\\\/lt\\\/produktas\\\/aatas-cat-konservai-katems-24-x-80-g-mix-skoniai\\\/#breadcrumb\",\"itemListElement\":[{\"@type\":\"ListItem\",\"position\":1,\"name\":\"Home\",\"item\":\"https:\\\/\\\/miumjau.ee\\\/lt\\\/\"},{\"@type\":\"ListItem\",\"position\":2,\"name\":\"Parduotuv\u0117\",\"item\":\"https:\\\/\\\/miumjau.ee\\\/lt\\\/parduotuve\\\/\"},{\"@type\":\"ListItem\",\"position\":3,\"name\":\"Aatas Cat konservai kat\u0117ms, 24 x 80 g, MIX SKONIAI\"}]},{\"@type\":\"WebSite\",\"@id\":\"https:\\\/\\\/miumjau.ee\\\/#website\",\"url\":\"https:\\\/\\\/miumjau.ee\\\/\",\"name\":\"MiuMjau\",\"description\":\"Kraapimispuud kassidele\",\"publisher\":{\"@id\":\"https:\\\/\\\/miumjau.ee\\\/#organization\"},\"potentialAction\":[{\"@type\":\"SearchAction\",\"target\":{\"@type\":\"EntryPoint\",\"urlTemplate\":\"https:\\\/\\\/miumjau.ee\\\/?s={search_term_string}\"},\"query-input\":{\"@type\":\"PropertyValueSpecification\",\"valueRequired\":true,\"valueName\":\"search_term_string\"}}],\"inLanguage\":\"lt-LT\"},{\"@type\":\"Organization\",\"@id\":\"https:\\\/\\\/miumjau.ee\\\/#organization\",\"name\":\"MiuMjau O\u00dc\",\"url\":\"https:\\\/\\\/miumjau.ee\\\/\",\"logo\":{\"@type\":\"ImageObject\",\"inLanguage\":\"lt-LT\",\"@id\":\"https:\\\/\\\/miumjau.ee\\\/#\\\/schema\\\/logo\\\/image\\\/\",\"url\":\"https:\\\/\\\/miumjau.ee\\\/wp-content\\\/uploads\\\/2022\\\/04\\\/MiuMjau-logo-kollane.png\",\"contentUrl\":\"https:\\\/\\\/miumjau.ee\\\/wp-content\\\/uploads\\\/2022\\\/04\\\/MiuMjau-logo-kollane.png\",\"width\":219,\"height\":100,\"caption\":\"MiuMjau O\u00dc\"},\"image\":{\"@id\":\"https:\\\/\\\/miumjau.ee\\\/#\\\/schema\\\/logo\\\/image\\\/\"},\"sameAs\":[\"https:\\\/\\\/www.facebook.com\\\/miumjaupood\\\/\"]}]}<\/script>\n<!-- \/ Yoast SEO plugin. -->","yoast_head_json":{"title":"Aatas Cat konservai kat\u0117ms, 24 x 80 g, MIX SKONIAI - MiuMjau","robots":{"index":"index","follow":"follow","max-snippet":"max-snippet:-1","max-image-preview":"max-image-preview:large","max-video-preview":"max-video-preview:-1"},"canonical":"https:\/\/miumjau.ee\/lt\/produktas\/aatas-cat-konservai-katems-24-x-80-g-mix-skoniai\/","og_locale":"lt_LT","og_type":"article","og_title":"Aatas Cat konservai kat\u0117ms, 24 x 80 g, MIX SKONIAI - MiuMjau","og_description":"Skanus papildomas pa\u0161aras kat\u0117ms, pagamintas su dideliu kiekiu m\u0117sos. \u0160iame rinkinyje yra MIX skoniai \u2013 ma\u017eiausiai 3 skirtingi produktai i\u0161 Creamy Chicken ir Tantalizing Tuna serij\u0173. Galimyb\u0117 vienu metu patirti kuo daugiau skoni\u0173. Kat\u0117s m\u0117gsta \u012fvairov\u0119! Savyb\u0117s:     Nat\u016brali m\u0117sa    Ma\u017eai riebal\u0173 ir kalorij\u0173    Tinka net i\u0161rankiausioms kat\u0117ms    Be gr\u016bd\u0173 sud\u0117tyje    Be konservant\u0173    Be GMO    I\u0161 viso 24 konservai, kiekvienas po 80 g   \u0160\u0117rimo instrukcijos:Neatidarytus AATAS konservus laikyti kambario temperat\u016broje. Neu\u017e\u0161aldyti. Likus\u012f maist\u0105 laikyti \u0161aldytuve. Skirta tik kat\u0117ms. Patarimas: jei maistas per \u0161altas, j\u012f galima \u0161velniai pa\u0161ildyti, pastatant indel\u012f su maistu \u012f duben\u012f su \u0161iltu vandeniu.","og_url":"https:\/\/miumjau.ee\/lt\/produktas\/aatas-cat-konservai-katems-24-x-80-g-mix-skoniai\/","og_site_name":"MiuMjau","article_publisher":"https:\/\/www.facebook.com\/miumjaupood\/","article_modified_time":"2026-01-07T18:45:23+00:00","og_image":[{"width":600,"height":800,"url":"https:\/\/miumjau.ee\/wp-content\/uploads\/2024\/12\/20241206-_DSC2699-Photoroom.jpg","type":"image\/jpeg"}],"twitter_card":"summary_large_image","schema":{"@context":"https:\/\/schema.org","@graph":[{"@type":"WebPage","@id":"https:\/\/miumjau.ee\/lt\/produktas\/aatas-cat-konservai-katems-24-x-80-g-mix-skoniai\/","url":"https:\/\/miumjau.ee\/lt\/produktas\/aatas-cat-konservai-katems-24-x-80-g-mix-skoniai\/","name":"Aatas Cat konservai kat\u0117ms, 24 x 80 g, MIX SKONIAI - MiuMjau","isPartOf":{"@id":"https:\/\/miumjau.ee\/#website"},"primaryImageOfPage":{"@id":"https:\/\/miumjau.ee\/lt\/produktas\/aatas-cat-konservai-katems-24-x-80-g-mix-skoniai\/#primaryimage"},"image":{"@id":"https:\/\/miumjau.ee\/lt\/produktas\/aatas-cat-konservai-katems-24-x-80-g-mix-skoniai\/#primaryimage"},"thumbnailUrl":"https:\/\/miumjau.ee\/wp-content\/uploads\/2024\/12\/20241206-_DSC2699-Photoroom.jpg","datePublished":"2024-12-06T17:22:22+00:00","dateModified":"2026-01-07T18:45:23+00:00","breadcrumb":{"@id":"https:\/\/miumjau.ee\/lt\/produktas\/aatas-cat-konservai-katems-24-x-80-g-mix-skoniai\/#breadcrumb"},"inLanguage":"lt-LT","potentialAction":[{"@type":"ReadAction","target":["https:\/\/miumjau.ee\/lt\/produktas\/aatas-cat-konservai-katems-24-x-80-g-mix-skoniai\/"]}]},{"@type":"ImageObject","inLanguage":"lt-LT","@id":"https:\/\/miumjau.ee\/lt\/produktas\/aatas-cat-konservai-katems-24-x-80-g-mix-skoniai\/#primaryimage","url":"https:\/\/miumjau.ee\/wp-content\/uploads\/2024\/12\/20241206-_DSC2699-Photoroom.jpg","contentUrl":"https:\/\/miumjau.ee\/wp-content\/uploads\/2024\/12\/20241206-_DSC2699-Photoroom.jpg","width":600,"height":800},{"@type":"BreadcrumbList","@id":"https:\/\/miumjau.ee\/lt\/produktas\/aatas-cat-konservai-katems-24-x-80-g-mix-skoniai\/#breadcrumb","itemListElement":[{"@type":"ListItem","position":1,"name":"Home","item":"https:\/\/miumjau.ee\/lt\/"},{"@type":"ListItem","position":2,"name":"Parduotuv\u0117","item":"https:\/\/miumjau.ee\/lt\/parduotuve\/"},{"@type":"ListItem","position":3,"name":"Aatas Cat konservai kat\u0117ms, 24 x 80 g, MIX SKONIAI"}]},{"@type":"WebSite","@id":"https:\/\/miumjau.ee\/#website","url":"https:\/\/miumjau.ee\/","name":"MiuMjau","description":"Kraapimispuud kassidele","publisher":{"@id":"https:\/\/miumjau.ee\/#organization"},"potentialAction":[{"@type":"SearchAction","target":{"@type":"EntryPoint","urlTemplate":"https:\/\/miumjau.ee\/?s={search_term_string}"},"query-input":{"@type":"PropertyValueSpecification","valueRequired":true,"valueName":"search_term_string"}}],"inLanguage":"lt-LT"},{"@type":"Organization","@id":"https:\/\/miumjau.ee\/#organization","name":"MiuMjau O\u00dc","url":"https:\/\/miumjau.ee\/","logo":{"@type":"ImageObject","inLanguage":"lt-LT","@id":"https:\/\/miumjau.ee\/#\/schema\/logo\/image\/","url":"https:\/\/miumjau.ee\/wp-content\/uploads\/2022\/04\/MiuMjau-logo-kollane.png","contentUrl":"https:\/\/miumjau.ee\/wp-content\/uploads\/2022\/04\/MiuMjau-logo-kollane.png","width":219,"height":100,"caption":"MiuMjau O\u00dc"},"image":{"@id":"https:\/\/miumjau.ee\/#\/schema\/logo\/image\/"},"sameAs":["https:\/\/www.facebook.com\/miumjaupood\/"]}]}},"_links":{"self":[{"href":"https:\/\/miumjau.ee\/lt\/wp-json\/wp\/v2\/product\/48228","targetHints":{"allow":["GET"]}}],"collection":[{"href":"https:\/\/miumjau.ee\/lt\/wp-json\/wp\/v2\/product"}],"about":[{"href":"https:\/\/miumjau.ee\/lt\/wp-json\/wp\/v2\/types\/product"}],"wp:featuredmedia":[{"embeddable":true,"href":"https:\/\/miumjau.ee\/lt\/wp-json\/wp\/v2\/media\/48229"}],"wp:attachment":[{"href":"https:\/\/miumjau.ee\/lt\/wp-json\/wp\/v2\/media?parent=48228"}],"wp:term":[{"taxonomy":"product_brand","embeddable":true,"href":"https:\/\/miumjau.ee\/lt\/wp-json\/wp\/v2\/product_brand?post=48228"},{"taxonomy":"product_cat","embeddable":true,"href":"https:\/\/miumjau.ee\/lt\/wp-json\/wp\/v2\/product_cat?post=48228"},{"taxonomy":"product_tag","embeddable":true,"href":"https:\/\/miumjau.ee\/lt\/wp-json\/wp\/v2\/product_tag?post=48228"}],"curies":[{"name":"wp","href":"https:\/\/api.w.org\/{rel}","templated":true}]}}