{"id":48114,"date":"2025-05-28T16:11:34","date_gmt":"2025-05-28T13:11:34","guid":{"rendered":"https:\/\/miumjau.ee\/toode\/biflio-ragu-virve-zaislas-sunims-frigera-s\/"},"modified":"2026-01-07T20:45:30","modified_gmt":"2026-01-07T18:45:30","slug":"biflio-ragu-virve-zaislas-sunims-frigera-s","status":"publish","type":"product","link":"https:\/\/miumjau.ee\/lt\/produktas\/biflio-ragu-virve-zaislas-sunims-frigera-s\/","title":{"rendered":"Biflio rag\u0173 virv\u0117, \u017eaislas \u0161unims, Frigera S"},"content":{"rendered":"","protected":false},"excerpt":{"rendered":"<p data-start=\"2892\" data-end=\"3288\">Ar j\u016bs\u0173 keturkojis draugas negali atsispirti j\u016bs\u0173 brangiems sportba\u010diams? Nesijaudinkite \u2013 friGERA biflio rag\u0173 virv\u0117s \u017eaislas jums pad\u0117s! \u0160is rank\u0173 darbo nat\u016bralus \u017eaislas suteikia j\u016bs\u0173 \u0161uniui valand\u0173 valandas kramtymo d\u017eiaugsmo. Be nuobodulio mal\u0161inimo, manoma, kad intensyvus kramtymas ma\u017eina nerimo simptomus ir padeda suma\u017einti apna\u0161as, taip palaikant bendr\u0105 j\u016bs\u0173 augintinio burnos higien\u0105.<\/p>\n<p data-start=\"3290\" data-end=\"3666\">M\u016bs\u0173 \u017eaislas, pagamintas i\u0161 biflio rago ir medvilnin\u0117s virv\u0117s, yra sveika ir atsakinga alternatyva brangiems sintetiniams kramtomo \u017eaislams, derinant organin\u0119 medvilnin\u0119 virv\u0119 su maistingais biflio rago gabal\u0117liais. \u0160ie gabal\u0117liai pilni baltym\u0173, kalcio ir fosforo, palaikantys sveikus kaulus ir raumenis! Su vidiniu keratinu \u0161is \u017eaislas gali tarnauti savaites, net m\u0117nesius!<\/p>\n<p data-start=\"3668\" data-end=\"3734\">Grynasis kiekis: 160 g<br data-start=\"3690\" data-end=\"3693\" \/>Sud\u0117tis: Biflio ragas, medvilnin\u0117 virv\u0117<\/p>\n","protected":false},"featured_media":48115,"template":"","meta":[],"product_brand":[],"product_cat":[541],"product_tag":[],"class_list":{"0":"post-48114","1":"product","2":"type-product","3":"status-publish","4":"has-post-thumbnail","6":"product_cat-zaislai-sunims","8":"first","9":"instock","10":"sale","11":"taxable","12":"shipping-taxable","13":"purchasable","14":"product-type-simple"},"yoast_head":"<!-- This site is optimized with the Yoast SEO plugin v27.2 - https:\/\/yoast.com\/product\/yoast-seo-wordpress\/ -->\n<title>Biflio rag\u0173 virv\u0117, \u017eaislas \u0161unims, Frigera S - MiuMjau<\/title>\n<meta name=\"robots\" content=\"index, follow, max-snippet:-1, max-image-preview:large, max-video-preview:-1\" \/>\n<link rel=\"canonical\" href=\"https:\/\/miumjau.ee\/lt\/produktas\/biflio-ragu-virve-zaislas-sunims-frigera-s\/\" \/>\n<meta property=\"og:locale\" content=\"lt_LT\" \/>\n<meta property=\"og:type\" content=\"article\" \/>\n<meta property=\"og:title\" content=\"Biflio rag\u0173 virv\u0117, \u017eaislas \u0161unims, Frigera S - MiuMjau\" \/>\n<meta property=\"og:description\" content=\"Ar j\u016bs\u0173 keturkojis draugas negali atsispirti j\u016bs\u0173 brangiems sportba\u010diams? Nesijaudinkite \u2013 friGERA biflio rag\u0173 virv\u0117s \u017eaislas jums pad\u0117s! \u0160is rank\u0173 darbo nat\u016bralus \u017eaislas suteikia j\u016bs\u0173 \u0161uniui valand\u0173 valandas kramtymo d\u017eiaugsmo. Be nuobodulio mal\u0161inimo, manoma, kad intensyvus kramtymas ma\u017eina nerimo simptomus ir padeda suma\u017einti apna\u0161as, taip palaikant bendr\u0105 j\u016bs\u0173 augintinio burnos higien\u0105. M\u016bs\u0173 \u017eaislas, pagamintas i\u0161 biflio rago ir medvilnin\u0117s virv\u0117s, yra sveika ir atsakinga alternatyva brangiems sintetiniams kramtomo \u017eaislams, derinant organin\u0119 medvilnin\u0119 virv\u0119 su maistingais biflio rago gabal\u0117liais. \u0160ie gabal\u0117liai pilni baltym\u0173, kalcio ir fosforo, palaikantys sveikus kaulus ir raumenis! Su vidiniu keratinu \u0161is \u017eaislas gali tarnauti savaites, net m\u0117nesius! Grynasis kiekis: 160 gSud\u0117tis: Biflio ragas, medvilnin\u0117 virv\u0117\" \/>\n<meta property=\"og:url\" content=\"https:\/\/miumjau.ee\/lt\/produktas\/biflio-ragu-virve-zaislas-sunims-frigera-s\/\" \/>\n<meta property=\"og:site_name\" content=\"MiuMjau\" \/>\n<meta property=\"article:publisher\" content=\"https:\/\/www.facebook.com\/miumjaupood\/\" \/>\n<meta property=\"article:modified_time\" content=\"2026-01-07T18:45:30+00:00\" \/>\n<meta property=\"og:image\" content=\"https:\/\/miumjau.ee\/wp-content\/uploads\/2025\/05\/kois-puhvli-sarvega-frigera1.webp\" \/>\n\t<meta property=\"og:image:width\" content=\"600\" \/>\n\t<meta property=\"og:image:height\" content=\"800\" \/>\n\t<meta property=\"og:image:type\" content=\"image\/webp\" \/>\n<meta name=\"twitter:card\" content=\"summary_large_image\" \/>\n<script type=\"application\/ld+json\" class=\"yoast-schema-graph\">{\"@context\":\"https:\/\/schema.org\",\"@graph\":[{\"@type\":\"WebPage\",\"@id\":\"https:\/\/miumjau.ee\/lt\/produktas\/biflio-ragu-virve-zaislas-sunims-frigera-s\/\",\"url\":\"https:\/\/miumjau.ee\/lt\/produktas\/biflio-ragu-virve-zaislas-sunims-frigera-s\/\",\"name\":\"Biflio rag\u0173 virv\u0117, \u017eaislas \u0161unims, Frigera S - MiuMjau\",\"isPartOf\":{\"@id\":\"https:\/\/miumjau.ee\/#website\"},\"primaryImageOfPage\":{\"@id\":\"https:\/\/miumjau.ee\/lt\/produktas\/biflio-ragu-virve-zaislas-sunims-frigera-s\/#primaryimage\"},\"image\":{\"@id\":\"https:\/\/miumjau.ee\/lt\/produktas\/biflio-ragu-virve-zaislas-sunims-frigera-s\/#primaryimage\"},\"thumbnailUrl\":\"https:\/\/miumjau.ee\/wp-content\/uploads\/2025\/05\/kois-puhvli-sarvega-frigera1.webp\",\"datePublished\":\"2025-05-28T13:11:34+00:00\",\"dateModified\":\"2026-01-07T18:45:30+00:00\",\"breadcrumb\":{\"@id\":\"https:\/\/miumjau.ee\/lt\/produktas\/biflio-ragu-virve-zaislas-sunims-frigera-s\/#breadcrumb\"},\"inLanguage\":\"lt-LT\",\"potentialAction\":[{\"@type\":\"ReadAction\",\"target\":[\"https:\/\/miumjau.ee\/lt\/produktas\/biflio-ragu-virve-zaislas-sunims-frigera-s\/\"]}]},{\"@type\":\"ImageObject\",\"inLanguage\":\"lt-LT\",\"@id\":\"https:\/\/miumjau.ee\/lt\/produktas\/biflio-ragu-virve-zaislas-sunims-frigera-s\/#primaryimage\",\"url\":\"https:\/\/miumjau.ee\/wp-content\/uploads\/2025\/05\/kois-puhvli-sarvega-frigera1.webp\",\"contentUrl\":\"https:\/\/miumjau.ee\/wp-content\/uploads\/2025\/05\/kois-puhvli-sarvega-frigera1.webp\",\"width\":600,\"height\":800},{\"@type\":\"BreadcrumbList\",\"@id\":\"https:\/\/miumjau.ee\/lt\/produktas\/biflio-ragu-virve-zaislas-sunims-frigera-s\/#breadcrumb\",\"itemListElement\":[{\"@type\":\"ListItem\",\"position\":1,\"name\":\"Home\",\"item\":\"https:\/\/miumjau.ee\/lt\/\"},{\"@type\":\"ListItem\",\"position\":2,\"name\":\"Parduotuv\u0117\",\"item\":\"https:\/\/miumjau.ee\/lt\/parduotuve\/\"},{\"@type\":\"ListItem\",\"position\":3,\"name\":\"Biflio rag\u0173 virv\u0117, \u017eaislas \u0161unims, Frigera S\"}]},{\"@type\":\"WebSite\",\"@id\":\"https:\/\/miumjau.ee\/#website\",\"url\":\"https:\/\/miumjau.ee\/\",\"name\":\"MiuMjau\",\"description\":\"Kraapimispuud kassidele\",\"publisher\":{\"@id\":\"https:\/\/miumjau.ee\/#organization\"},\"potentialAction\":[{\"@type\":\"SearchAction\",\"target\":{\"@type\":\"EntryPoint\",\"urlTemplate\":\"https:\/\/miumjau.ee\/?s={search_term_string}\"},\"query-input\":{\"@type\":\"PropertyValueSpecification\",\"valueRequired\":true,\"valueName\":\"search_term_string\"}}],\"inLanguage\":\"lt-LT\"},{\"@type\":\"Organization\",\"@id\":\"https:\/\/miumjau.ee\/#organization\",\"name\":\"MiuMjau O\u00dc\",\"url\":\"https:\/\/miumjau.ee\/\",\"logo\":{\"@type\":\"ImageObject\",\"inLanguage\":\"lt-LT\",\"@id\":\"https:\/\/miumjau.ee\/#\/schema\/logo\/image\/\",\"url\":\"https:\/\/miumjau.ee\/wp-content\/uploads\/2022\/04\/MiuMjau-logo-kollane.png\",\"contentUrl\":\"https:\/\/miumjau.ee\/wp-content\/uploads\/2022\/04\/MiuMjau-logo-kollane.png\",\"width\":219,\"height\":100,\"caption\":\"MiuMjau O\u00dc\"},\"image\":{\"@id\":\"https:\/\/miumjau.ee\/#\/schema\/logo\/image\/\"},\"sameAs\":[\"https:\/\/www.facebook.com\/miumjaupood\/\"]}]}<\/script>\n<!-- \/ Yoast SEO plugin. -->","yoast_head_json":{"title":"Biflio rag\u0173 virv\u0117, \u017eaislas \u0161unims, Frigera S - MiuMjau","robots":{"index":"index","follow":"follow","max-snippet":"max-snippet:-1","max-image-preview":"max-image-preview:large","max-video-preview":"max-video-preview:-1"},"canonical":"https:\/\/miumjau.ee\/lt\/produktas\/biflio-ragu-virve-zaislas-sunims-frigera-s\/","og_locale":"lt_LT","og_type":"article","og_title":"Biflio rag\u0173 virv\u0117, \u017eaislas \u0161unims, Frigera S - MiuMjau","og_description":"Ar j\u016bs\u0173 keturkojis draugas negali atsispirti j\u016bs\u0173 brangiems sportba\u010diams? Nesijaudinkite \u2013 friGERA biflio rag\u0173 virv\u0117s \u017eaislas jums pad\u0117s! \u0160is rank\u0173 darbo nat\u016bralus \u017eaislas suteikia j\u016bs\u0173 \u0161uniui valand\u0173 valandas kramtymo d\u017eiaugsmo. Be nuobodulio mal\u0161inimo, manoma, kad intensyvus kramtymas ma\u017eina nerimo simptomus ir padeda suma\u017einti apna\u0161as, taip palaikant bendr\u0105 j\u016bs\u0173 augintinio burnos higien\u0105. M\u016bs\u0173 \u017eaislas, pagamintas i\u0161 biflio rago ir medvilnin\u0117s virv\u0117s, yra sveika ir atsakinga alternatyva brangiems sintetiniams kramtomo \u017eaislams, derinant organin\u0119 medvilnin\u0119 virv\u0119 su maistingais biflio rago gabal\u0117liais. \u0160ie gabal\u0117liai pilni baltym\u0173, kalcio ir fosforo, palaikantys sveikus kaulus ir raumenis! Su vidiniu keratinu \u0161is \u017eaislas gali tarnauti savaites, net m\u0117nesius! Grynasis kiekis: 160 gSud\u0117tis: Biflio ragas, medvilnin\u0117 virv\u0117","og_url":"https:\/\/miumjau.ee\/lt\/produktas\/biflio-ragu-virve-zaislas-sunims-frigera-s\/","og_site_name":"MiuMjau","article_publisher":"https:\/\/www.facebook.com\/miumjaupood\/","article_modified_time":"2026-01-07T18:45:30+00:00","og_image":[{"width":600,"height":800,"url":"https:\/\/miumjau.ee\/wp-content\/uploads\/2025\/05\/kois-puhvli-sarvega-frigera1.webp","type":"image\/webp"}],"twitter_card":"summary_large_image","schema":{"@context":"https:\/\/schema.org","@graph":[{"@type":"WebPage","@id":"https:\/\/miumjau.ee\/lt\/produktas\/biflio-ragu-virve-zaislas-sunims-frigera-s\/","url":"https:\/\/miumjau.ee\/lt\/produktas\/biflio-ragu-virve-zaislas-sunims-frigera-s\/","name":"Biflio rag\u0173 virv\u0117, \u017eaislas \u0161unims, Frigera S - MiuMjau","isPartOf":{"@id":"https:\/\/miumjau.ee\/#website"},"primaryImageOfPage":{"@id":"https:\/\/miumjau.ee\/lt\/produktas\/biflio-ragu-virve-zaislas-sunims-frigera-s\/#primaryimage"},"image":{"@id":"https:\/\/miumjau.ee\/lt\/produktas\/biflio-ragu-virve-zaislas-sunims-frigera-s\/#primaryimage"},"thumbnailUrl":"https:\/\/miumjau.ee\/wp-content\/uploads\/2025\/05\/kois-puhvli-sarvega-frigera1.webp","datePublished":"2025-05-28T13:11:34+00:00","dateModified":"2026-01-07T18:45:30+00:00","breadcrumb":{"@id":"https:\/\/miumjau.ee\/lt\/produktas\/biflio-ragu-virve-zaislas-sunims-frigera-s\/#breadcrumb"},"inLanguage":"lt-LT","potentialAction":[{"@type":"ReadAction","target":["https:\/\/miumjau.ee\/lt\/produktas\/biflio-ragu-virve-zaislas-sunims-frigera-s\/"]}]},{"@type":"ImageObject","inLanguage":"lt-LT","@id":"https:\/\/miumjau.ee\/lt\/produktas\/biflio-ragu-virve-zaislas-sunims-frigera-s\/#primaryimage","url":"https:\/\/miumjau.ee\/wp-content\/uploads\/2025\/05\/kois-puhvli-sarvega-frigera1.webp","contentUrl":"https:\/\/miumjau.ee\/wp-content\/uploads\/2025\/05\/kois-puhvli-sarvega-frigera1.webp","width":600,"height":800},{"@type":"BreadcrumbList","@id":"https:\/\/miumjau.ee\/lt\/produktas\/biflio-ragu-virve-zaislas-sunims-frigera-s\/#breadcrumb","itemListElement":[{"@type":"ListItem","position":1,"name":"Home","item":"https:\/\/miumjau.ee\/lt\/"},{"@type":"ListItem","position":2,"name":"Parduotuv\u0117","item":"https:\/\/miumjau.ee\/lt\/parduotuve\/"},{"@type":"ListItem","position":3,"name":"Biflio rag\u0173 virv\u0117, \u017eaislas \u0161unims, Frigera S"}]},{"@type":"WebSite","@id":"https:\/\/miumjau.ee\/#website","url":"https:\/\/miumjau.ee\/","name":"MiuMjau","description":"Kraapimispuud kassidele","publisher":{"@id":"https:\/\/miumjau.ee\/#organization"},"potentialAction":[{"@type":"SearchAction","target":{"@type":"EntryPoint","urlTemplate":"https:\/\/miumjau.ee\/?s={search_term_string}"},"query-input":{"@type":"PropertyValueSpecification","valueRequired":true,"valueName":"search_term_string"}}],"inLanguage":"lt-LT"},{"@type":"Organization","@id":"https:\/\/miumjau.ee\/#organization","name":"MiuMjau O\u00dc","url":"https:\/\/miumjau.ee\/","logo":{"@type":"ImageObject","inLanguage":"lt-LT","@id":"https:\/\/miumjau.ee\/#\/schema\/logo\/image\/","url":"https:\/\/miumjau.ee\/wp-content\/uploads\/2022\/04\/MiuMjau-logo-kollane.png","contentUrl":"https:\/\/miumjau.ee\/wp-content\/uploads\/2022\/04\/MiuMjau-logo-kollane.png","width":219,"height":100,"caption":"MiuMjau O\u00dc"},"image":{"@id":"https:\/\/miumjau.ee\/#\/schema\/logo\/image\/"},"sameAs":["https:\/\/www.facebook.com\/miumjaupood\/"]}]}},"_links":{"self":[{"href":"https:\/\/miumjau.ee\/lt\/wp-json\/wp\/v2\/product\/48114","targetHints":{"allow":["GET"]}}],"collection":[{"href":"https:\/\/miumjau.ee\/lt\/wp-json\/wp\/v2\/product"}],"about":[{"href":"https:\/\/miumjau.ee\/lt\/wp-json\/wp\/v2\/types\/product"}],"wp:featuredmedia":[{"embeddable":true,"href":"https:\/\/miumjau.ee\/lt\/wp-json\/wp\/v2\/media\/48115"}],"wp:attachment":[{"href":"https:\/\/miumjau.ee\/lt\/wp-json\/wp\/v2\/media?parent=48114"}],"wp:term":[{"taxonomy":"product_brand","embeddable":true,"href":"https:\/\/miumjau.ee\/lt\/wp-json\/wp\/v2\/product_brand?post=48114"},{"taxonomy":"product_cat","embeddable":true,"href":"https:\/\/miumjau.ee\/lt\/wp-json\/wp\/v2\/product_cat?post=48114"},{"taxonomy":"product_tag","embeddable":true,"href":"https:\/\/miumjau.ee\/lt\/wp-json\/wp\/v2\/product_tag?post=48114"}],"curies":[{"name":"wp","href":"https:\/\/api.w.org\/{rel}","templated":true}]}}