{"id":48105,"date":"2025-05-28T20:13:00","date_gmt":"2025-05-28T17:13:00","guid":{"rendered":"https:\/\/miumjau.ee\/toode\/biflio-ragas-galiukas-1-vnt-frigera-l\/"},"modified":"2026-01-07T20:45:30","modified_gmt":"2026-01-07T18:45:30","slug":"biflio-ragas-galiukas-1-vnt-frigera-l","status":"publish","type":"product","link":"https:\/\/miumjau.ee\/lt\/produktas\/biflio-ragas-galiukas-1-vnt-frigera-l\/","title":{"rendered":"Biflio ragas galiukas 1 vnt., Frigera L"},"content":{"rendered":"","protected":false},"excerpt":{"rendered":"<p data-start=\"4817\" data-end=\"5255\">Ar j\u016bs\u0173 \u0161uo akimirksniu sunaikina visus skan\u0117stus? Ar jau i\u0161band\u0117te visus nat\u016bralius kramtomo skan\u0117stus ir ie\u0161kote ko nors naujo? Nesijaudinkite \u2013 friGERA biflio rag\u0173 galiukai yra prieinamas ir tvirtas skan\u0117stas j\u016bs\u0173 kailiniam draugui! M\u016bs\u0173 biflio rag\u0173 galiukai gaunami i\u0161 laisvai laikom\u0173 ir ganyt\u0173 bifli\u0173. Surinkus, jie mirkomi kar\u0161tame vandenyje, valomi ir poliruojami, kad b\u016bt\u0173 pa\u0161alintos a\u0161trios kra\u0161tin\u0117s, ir kruop\u0161\u010diai d\u017eiovinami.<\/p>\n<p data-start=\"5257\" data-end=\"5677\">Biflio rag\u0173 galiukai pagaminti i\u0161 labai tvirto keratino ir gali tarnauti savaites ar net m\u0117nesius, tod\u0117l jie ypa\u010d tinka neramiems \u0161unims, turintiems stipr\u0173 kramtymo instinkt\u0105 \u2013 intensyvus kramtymas i\u0161skiria endorfinus, padedan\u010dius \u0161uniui jaustis laimingam ir ramiai. \u0160ie skan\u0117stai yra ma\u017eai riebal\u0173 turintys, bet turtingi baltym\u0173, kalcio ir fosforo, palaikantys sveik\u0105 kaul\u0173 ir raumen\u0173 vystym\u0105si, nepa\u017eeid\u017eiant svorio.<\/p>\n<p data-start=\"5679\" data-end=\"6051\">Pro patarimas: U\u017epildykite rag\u0173 galiukus tuo, k\u0105 j\u016bs\u0173 \u0161uo m\u0117gsta \u2013 skaniu \u0161un\u0173 pa\u0161tetu, m\u0117sos \u012fdaru, \u0161lapiu \u0161un\u0173 maistu ir pan. Galimyb\u0117s yra berib\u0117s! Tai puikus ir prieinamas b\u016bdas i\u0161mokyti \u0161un\u012f tinkamo kramtymo elgesio. Kai \u012fdaras baigiasi, \u0161uo nepaliekamas su tu\u0161\u010diu sintetiniu \u017eaislu \u2013 lieka maistingas ir tvirtas ragas kaip papildoma premija po mokymosi ir \u017eaidim\u0173!<\/p>\n<p data-start=\"6053\" data-end=\"6107\">Grynasis kiekis: 300 g<br data-start=\"6075\" data-end=\"6078\" \/>Sud\u0117tis: 100 % biflio ragas<\/p>\n","protected":false},"featured_media":48102,"template":"","meta":[],"product_brand":[],"product_cat":[540],"product_tag":[],"class_list":{"0":"post-48105","1":"product","2":"type-product","3":"status-publish","4":"has-post-thumbnail","6":"product_cat-skanestai-sunims","8":"first","9":"instock","10":"taxable","11":"shipping-taxable","12":"purchasable","13":"product-type-simple"},"yoast_head":"<!-- This site is optimized with the Yoast SEO plugin v27.4 - https:\/\/yoast.com\/product\/yoast-seo-wordpress\/ -->\n<title>Biflio ragas galiukas 1 vnt., Frigera L - MiuMjau<\/title>\n<meta name=\"robots\" content=\"index, follow, max-snippet:-1, max-image-preview:large, max-video-preview:-1\" \/>\n<link rel=\"canonical\" href=\"https:\/\/miumjau.ee\/lt\/produktas\/biflio-ragas-galiukas-1-vnt-frigera-l\/\" \/>\n<meta property=\"og:locale\" content=\"lt_LT\" \/>\n<meta property=\"og:type\" content=\"article\" \/>\n<meta property=\"og:title\" content=\"Biflio ragas galiukas 1 vnt., Frigera L - MiuMjau\" \/>\n<meta property=\"og:description\" content=\"Ar j\u016bs\u0173 \u0161uo akimirksniu sunaikina visus skan\u0117stus? Ar jau i\u0161band\u0117te visus nat\u016bralius kramtomo skan\u0117stus ir ie\u0161kote ko nors naujo? Nesijaudinkite \u2013 friGERA biflio rag\u0173 galiukai yra prieinamas ir tvirtas skan\u0117stas j\u016bs\u0173 kailiniam draugui! M\u016bs\u0173 biflio rag\u0173 galiukai gaunami i\u0161 laisvai laikom\u0173 ir ganyt\u0173 bifli\u0173. Surinkus, jie mirkomi kar\u0161tame vandenyje, valomi ir poliruojami, kad b\u016bt\u0173 pa\u0161alintos a\u0161trios kra\u0161tin\u0117s, ir kruop\u0161\u010diai d\u017eiovinami. Biflio rag\u0173 galiukai pagaminti i\u0161 labai tvirto keratino ir gali tarnauti savaites ar net m\u0117nesius, tod\u0117l jie ypa\u010d tinka neramiems \u0161unims, turintiems stipr\u0173 kramtymo instinkt\u0105 \u2013 intensyvus kramtymas i\u0161skiria endorfinus, padedan\u010dius \u0161uniui jaustis laimingam ir ramiai. \u0160ie skan\u0117stai yra ma\u017eai riebal\u0173 turintys, bet turtingi baltym\u0173, kalcio ir fosforo, palaikantys sveik\u0105 kaul\u0173 ir raumen\u0173 vystym\u0105si, nepa\u017eeid\u017eiant svorio. Pro patarimas: U\u017epildykite rag\u0173 galiukus tuo, k\u0105 j\u016bs\u0173 \u0161uo m\u0117gsta \u2013 skaniu \u0161un\u0173 pa\u0161tetu, m\u0117sos \u012fdaru, \u0161lapiu \u0161un\u0173 maistu ir pan. Galimyb\u0117s yra berib\u0117s! Tai puikus ir prieinamas b\u016bdas i\u0161mokyti \u0161un\u012f tinkamo kramtymo elgesio. Kai \u012fdaras baigiasi, \u0161uo nepaliekamas su tu\u0161\u010diu sintetiniu \u017eaislu \u2013 lieka maistingas ir tvirtas ragas kaip papildoma premija po mokymosi ir \u017eaidim\u0173! Grynasis kiekis: 300 gSud\u0117tis: 100 % biflio ragas\" \/>\n<meta property=\"og:url\" content=\"https:\/\/miumjau.ee\/lt\/produktas\/biflio-ragas-galiukas-1-vnt-frigera-l\/\" \/>\n<meta property=\"og:site_name\" content=\"MiuMjau\" \/>\n<meta property=\"article:publisher\" content=\"https:\/\/www.facebook.com\/miumjaupood\/\" \/>\n<meta property=\"article:modified_time\" content=\"2026-01-07T18:45:30+00:00\" \/>\n<meta property=\"og:image\" content=\"https:\/\/miumjau.ee\/wp-content\/uploads\/2025\/05\/puhvli-sarve-ots-l2.jpg\" \/>\n\t<meta property=\"og:image:width\" content=\"600\" \/>\n\t<meta property=\"og:image:height\" content=\"800\" \/>\n\t<meta property=\"og:image:type\" content=\"image\/jpeg\" \/>\n<meta name=\"twitter:card\" content=\"summary_large_image\" \/>\n<script type=\"application\/ld+json\" class=\"yoast-schema-graph\">{\"@context\":\"https:\\\/\\\/schema.org\",\"@graph\":[{\"@type\":\"WebPage\",\"@id\":\"https:\\\/\\\/miumjau.ee\\\/lt\\\/produktas\\\/biflio-ragas-galiukas-1-vnt-frigera-l\\\/\",\"url\":\"https:\\\/\\\/miumjau.ee\\\/lt\\\/produktas\\\/biflio-ragas-galiukas-1-vnt-frigera-l\\\/\",\"name\":\"Biflio ragas galiukas 1 vnt., Frigera L - MiuMjau\",\"isPartOf\":{\"@id\":\"https:\\\/\\\/miumjau.ee\\\/#website\"},\"primaryImageOfPage\":{\"@id\":\"https:\\\/\\\/miumjau.ee\\\/lt\\\/produktas\\\/biflio-ragas-galiukas-1-vnt-frigera-l\\\/#primaryimage\"},\"image\":{\"@id\":\"https:\\\/\\\/miumjau.ee\\\/lt\\\/produktas\\\/biflio-ragas-galiukas-1-vnt-frigera-l\\\/#primaryimage\"},\"thumbnailUrl\":\"https:\\\/\\\/miumjau.ee\\\/wp-content\\\/uploads\\\/2025\\\/05\\\/puhvli-sarve-ots-l2.jpg\",\"datePublished\":\"2025-05-28T17:13:00+00:00\",\"dateModified\":\"2026-01-07T18:45:30+00:00\",\"breadcrumb\":{\"@id\":\"https:\\\/\\\/miumjau.ee\\\/lt\\\/produktas\\\/biflio-ragas-galiukas-1-vnt-frigera-l\\\/#breadcrumb\"},\"inLanguage\":\"lt-LT\",\"potentialAction\":[{\"@type\":\"ReadAction\",\"target\":[\"https:\\\/\\\/miumjau.ee\\\/lt\\\/produktas\\\/biflio-ragas-galiukas-1-vnt-frigera-l\\\/\"]}]},{\"@type\":\"ImageObject\",\"inLanguage\":\"lt-LT\",\"@id\":\"https:\\\/\\\/miumjau.ee\\\/lt\\\/produktas\\\/biflio-ragas-galiukas-1-vnt-frigera-l\\\/#primaryimage\",\"url\":\"https:\\\/\\\/miumjau.ee\\\/wp-content\\\/uploads\\\/2025\\\/05\\\/puhvli-sarve-ots-l2.jpg\",\"contentUrl\":\"https:\\\/\\\/miumjau.ee\\\/wp-content\\\/uploads\\\/2025\\\/05\\\/puhvli-sarve-ots-l2.jpg\",\"width\":600,\"height\":800},{\"@type\":\"BreadcrumbList\",\"@id\":\"https:\\\/\\\/miumjau.ee\\\/lt\\\/produktas\\\/biflio-ragas-galiukas-1-vnt-frigera-l\\\/#breadcrumb\",\"itemListElement\":[{\"@type\":\"ListItem\",\"position\":1,\"name\":\"Home\",\"item\":\"https:\\\/\\\/miumjau.ee\\\/lt\\\/\"},{\"@type\":\"ListItem\",\"position\":2,\"name\":\"Parduotuv\u0117\",\"item\":\"https:\\\/\\\/miumjau.ee\\\/lt\\\/parduotuve\\\/\"},{\"@type\":\"ListItem\",\"position\":3,\"name\":\"Biflio ragas galiukas 1 vnt., Frigera L\"}]},{\"@type\":\"WebSite\",\"@id\":\"https:\\\/\\\/miumjau.ee\\\/#website\",\"url\":\"https:\\\/\\\/miumjau.ee\\\/\",\"name\":\"MiuMjau\",\"description\":\"Kraapimispuud kassidele\",\"publisher\":{\"@id\":\"https:\\\/\\\/miumjau.ee\\\/#organization\"},\"potentialAction\":[{\"@type\":\"SearchAction\",\"target\":{\"@type\":\"EntryPoint\",\"urlTemplate\":\"https:\\\/\\\/miumjau.ee\\\/?s={search_term_string}\"},\"query-input\":{\"@type\":\"PropertyValueSpecification\",\"valueRequired\":true,\"valueName\":\"search_term_string\"}}],\"inLanguage\":\"lt-LT\"},{\"@type\":\"Organization\",\"@id\":\"https:\\\/\\\/miumjau.ee\\\/#organization\",\"name\":\"MiuMjau O\u00dc\",\"url\":\"https:\\\/\\\/miumjau.ee\\\/\",\"logo\":{\"@type\":\"ImageObject\",\"inLanguage\":\"lt-LT\",\"@id\":\"https:\\\/\\\/miumjau.ee\\\/#\\\/schema\\\/logo\\\/image\\\/\",\"url\":\"https:\\\/\\\/miumjau.ee\\\/wp-content\\\/uploads\\\/2022\\\/04\\\/MiuMjau-logo-kollane.png\",\"contentUrl\":\"https:\\\/\\\/miumjau.ee\\\/wp-content\\\/uploads\\\/2022\\\/04\\\/MiuMjau-logo-kollane.png\",\"width\":219,\"height\":100,\"caption\":\"MiuMjau O\u00dc\"},\"image\":{\"@id\":\"https:\\\/\\\/miumjau.ee\\\/#\\\/schema\\\/logo\\\/image\\\/\"},\"sameAs\":[\"https:\\\/\\\/www.facebook.com\\\/miumjaupood\\\/\"]}]}<\/script>\n<!-- \/ Yoast SEO plugin. -->","yoast_head_json":{"title":"Biflio ragas galiukas 1 vnt., Frigera L - MiuMjau","robots":{"index":"index","follow":"follow","max-snippet":"max-snippet:-1","max-image-preview":"max-image-preview:large","max-video-preview":"max-video-preview:-1"},"canonical":"https:\/\/miumjau.ee\/lt\/produktas\/biflio-ragas-galiukas-1-vnt-frigera-l\/","og_locale":"lt_LT","og_type":"article","og_title":"Biflio ragas galiukas 1 vnt., Frigera L - MiuMjau","og_description":"Ar j\u016bs\u0173 \u0161uo akimirksniu sunaikina visus skan\u0117stus? Ar jau i\u0161band\u0117te visus nat\u016bralius kramtomo skan\u0117stus ir ie\u0161kote ko nors naujo? Nesijaudinkite \u2013 friGERA biflio rag\u0173 galiukai yra prieinamas ir tvirtas skan\u0117stas j\u016bs\u0173 kailiniam draugui! M\u016bs\u0173 biflio rag\u0173 galiukai gaunami i\u0161 laisvai laikom\u0173 ir ganyt\u0173 bifli\u0173. Surinkus, jie mirkomi kar\u0161tame vandenyje, valomi ir poliruojami, kad b\u016bt\u0173 pa\u0161alintos a\u0161trios kra\u0161tin\u0117s, ir kruop\u0161\u010diai d\u017eiovinami. Biflio rag\u0173 galiukai pagaminti i\u0161 labai tvirto keratino ir gali tarnauti savaites ar net m\u0117nesius, tod\u0117l jie ypa\u010d tinka neramiems \u0161unims, turintiems stipr\u0173 kramtymo instinkt\u0105 \u2013 intensyvus kramtymas i\u0161skiria endorfinus, padedan\u010dius \u0161uniui jaustis laimingam ir ramiai. \u0160ie skan\u0117stai yra ma\u017eai riebal\u0173 turintys, bet turtingi baltym\u0173, kalcio ir fosforo, palaikantys sveik\u0105 kaul\u0173 ir raumen\u0173 vystym\u0105si, nepa\u017eeid\u017eiant svorio. Pro patarimas: U\u017epildykite rag\u0173 galiukus tuo, k\u0105 j\u016bs\u0173 \u0161uo m\u0117gsta \u2013 skaniu \u0161un\u0173 pa\u0161tetu, m\u0117sos \u012fdaru, \u0161lapiu \u0161un\u0173 maistu ir pan. Galimyb\u0117s yra berib\u0117s! Tai puikus ir prieinamas b\u016bdas i\u0161mokyti \u0161un\u012f tinkamo kramtymo elgesio. Kai \u012fdaras baigiasi, \u0161uo nepaliekamas su tu\u0161\u010diu sintetiniu \u017eaislu \u2013 lieka maistingas ir tvirtas ragas kaip papildoma premija po mokymosi ir \u017eaidim\u0173! Grynasis kiekis: 300 gSud\u0117tis: 100 % biflio ragas","og_url":"https:\/\/miumjau.ee\/lt\/produktas\/biflio-ragas-galiukas-1-vnt-frigera-l\/","og_site_name":"MiuMjau","article_publisher":"https:\/\/www.facebook.com\/miumjaupood\/","article_modified_time":"2026-01-07T18:45:30+00:00","og_image":[{"width":600,"height":800,"url":"https:\/\/miumjau.ee\/wp-content\/uploads\/2025\/05\/puhvli-sarve-ots-l2.jpg","type":"image\/jpeg"}],"twitter_card":"summary_large_image","schema":{"@context":"https:\/\/schema.org","@graph":[{"@type":"WebPage","@id":"https:\/\/miumjau.ee\/lt\/produktas\/biflio-ragas-galiukas-1-vnt-frigera-l\/","url":"https:\/\/miumjau.ee\/lt\/produktas\/biflio-ragas-galiukas-1-vnt-frigera-l\/","name":"Biflio ragas galiukas 1 vnt., Frigera L - MiuMjau","isPartOf":{"@id":"https:\/\/miumjau.ee\/#website"},"primaryImageOfPage":{"@id":"https:\/\/miumjau.ee\/lt\/produktas\/biflio-ragas-galiukas-1-vnt-frigera-l\/#primaryimage"},"image":{"@id":"https:\/\/miumjau.ee\/lt\/produktas\/biflio-ragas-galiukas-1-vnt-frigera-l\/#primaryimage"},"thumbnailUrl":"https:\/\/miumjau.ee\/wp-content\/uploads\/2025\/05\/puhvli-sarve-ots-l2.jpg","datePublished":"2025-05-28T17:13:00+00:00","dateModified":"2026-01-07T18:45:30+00:00","breadcrumb":{"@id":"https:\/\/miumjau.ee\/lt\/produktas\/biflio-ragas-galiukas-1-vnt-frigera-l\/#breadcrumb"},"inLanguage":"lt-LT","potentialAction":[{"@type":"ReadAction","target":["https:\/\/miumjau.ee\/lt\/produktas\/biflio-ragas-galiukas-1-vnt-frigera-l\/"]}]},{"@type":"ImageObject","inLanguage":"lt-LT","@id":"https:\/\/miumjau.ee\/lt\/produktas\/biflio-ragas-galiukas-1-vnt-frigera-l\/#primaryimage","url":"https:\/\/miumjau.ee\/wp-content\/uploads\/2025\/05\/puhvli-sarve-ots-l2.jpg","contentUrl":"https:\/\/miumjau.ee\/wp-content\/uploads\/2025\/05\/puhvli-sarve-ots-l2.jpg","width":600,"height":800},{"@type":"BreadcrumbList","@id":"https:\/\/miumjau.ee\/lt\/produktas\/biflio-ragas-galiukas-1-vnt-frigera-l\/#breadcrumb","itemListElement":[{"@type":"ListItem","position":1,"name":"Home","item":"https:\/\/miumjau.ee\/lt\/"},{"@type":"ListItem","position":2,"name":"Parduotuv\u0117","item":"https:\/\/miumjau.ee\/lt\/parduotuve\/"},{"@type":"ListItem","position":3,"name":"Biflio ragas galiukas 1 vnt., Frigera L"}]},{"@type":"WebSite","@id":"https:\/\/miumjau.ee\/#website","url":"https:\/\/miumjau.ee\/","name":"MiuMjau","description":"Kraapimispuud kassidele","publisher":{"@id":"https:\/\/miumjau.ee\/#organization"},"potentialAction":[{"@type":"SearchAction","target":{"@type":"EntryPoint","urlTemplate":"https:\/\/miumjau.ee\/?s={search_term_string}"},"query-input":{"@type":"PropertyValueSpecification","valueRequired":true,"valueName":"search_term_string"}}],"inLanguage":"lt-LT"},{"@type":"Organization","@id":"https:\/\/miumjau.ee\/#organization","name":"MiuMjau O\u00dc","url":"https:\/\/miumjau.ee\/","logo":{"@type":"ImageObject","inLanguage":"lt-LT","@id":"https:\/\/miumjau.ee\/#\/schema\/logo\/image\/","url":"https:\/\/miumjau.ee\/wp-content\/uploads\/2022\/04\/MiuMjau-logo-kollane.png","contentUrl":"https:\/\/miumjau.ee\/wp-content\/uploads\/2022\/04\/MiuMjau-logo-kollane.png","width":219,"height":100,"caption":"MiuMjau O\u00dc"},"image":{"@id":"https:\/\/miumjau.ee\/#\/schema\/logo\/image\/"},"sameAs":["https:\/\/www.facebook.com\/miumjaupood\/"]}]}},"_links":{"self":[{"href":"https:\/\/miumjau.ee\/lt\/wp-json\/wp\/v2\/product\/48105","targetHints":{"allow":["GET"]}}],"collection":[{"href":"https:\/\/miumjau.ee\/lt\/wp-json\/wp\/v2\/product"}],"about":[{"href":"https:\/\/miumjau.ee\/lt\/wp-json\/wp\/v2\/types\/product"}],"wp:featuredmedia":[{"embeddable":true,"href":"https:\/\/miumjau.ee\/lt\/wp-json\/wp\/v2\/media\/48102"}],"wp:attachment":[{"href":"https:\/\/miumjau.ee\/lt\/wp-json\/wp\/v2\/media?parent=48105"}],"wp:term":[{"taxonomy":"product_brand","embeddable":true,"href":"https:\/\/miumjau.ee\/lt\/wp-json\/wp\/v2\/product_brand?post=48105"},{"taxonomy":"product_cat","embeddable":true,"href":"https:\/\/miumjau.ee\/lt\/wp-json\/wp\/v2\/product_cat?post=48105"},{"taxonomy":"product_tag","embeddable":true,"href":"https:\/\/miumjau.ee\/lt\/wp-json\/wp\/v2\/product_tag?post=48105"}],"curies":[{"name":"wp","href":"https:\/\/api.w.org\/{rel}","templated":true}]}}