{"id":48098,"date":"2025-05-28T20:21:15","date_gmt":"2025-05-28T17:21:15","guid":{"rendered":"https:\/\/miumjau.ee\/toode\/italijos-kumpio-kaulas-sunims-frigera-xl\/"},"modified":"2026-01-07T20:45:30","modified_gmt":"2026-01-07T18:45:30","slug":"italijos-kumpio-kaulas-sunims-frigera-xl","status":"publish","type":"product","link":"https:\/\/miumjau.ee\/lt\/produktas\/italijos-kumpio-kaulas-sunims-frigera-xl\/","title":{"rendered":"Italijos kumpio kaulas \u0161unims Frigera XL"},"content":{"rendered":"","protected":false},"excerpt":{"rendered":"<p data-start=\"3865\" data-end=\"4058\">Ar ie\u0161kote nepaprastai skanaus, patvaraus ir visi\u0161kai nat\u016bralaus kramtomo skan\u0117sto savo mylimam kailiniam \u0161eimos nariui? Mes turime puik\u0173 sprendim\u0105 \u2013 friGERA autenti\u0161k\u0105 Italijos kumpio kaul\u0105!<\/p>\n<p data-start=\"4060\" data-end=\"4270\">\u017daliava gaunama i\u0161 auk\u0161tos kokyb\u0117s Italijos prosciutto brandinimo proceso. Tai ne tik u\u017etikrina nulio atliek\u0173 sprendim\u0105, bet ir suteikia galimyb\u0119 palepinti savo keturkoj\u012f draug\u0105 i\u0161skirtinio delikateso skoniu.<\/p>\n<p data-start=\"4272\" data-end=\"4653\">Be to, \u0161ie kaulai yra puikus baltym\u0173 \u0161altinis, b\u016btinas sveikiems raumenims. D\u0117l kietos strukt\u016bros jie padeda valyti dantis ir ma\u017einti apna\u0161as. Jie taip pat suteikia valand\u0173 kramtymo malonum\u0105 ir protin\u012f stimuliavim\u0105. Kadangi kaulai turi daug skanaus kumpio, jie yra svarbus kolageno bei nat\u016brali\u0173 aliej\u0173 ir riebal\u0173 \u0161altinis, palaikantis j\u016bs\u0173 \u0161uns s\u0105narius, od\u0105 ir bendr\u0105 sveikat\u0105.<\/p>\n<p data-start=\"4655\" data-end=\"4706\">Grynasis kiekis: 350 g<br data-start=\"4677\" data-end=\"4680\" \/>Sud\u0117tis: 100 % kiauliena<\/p>\n<p data-start=\"4708\" data-end=\"4943\">\u0160\u0117rimo instrukcijos: Duokite kaip skan\u0117st\u0105 tarp valgym\u0173 arba kaip apdovanojim\u0105 dalyvaujant subalansuotoje mityboje. Visada steb\u0117kite savo \u0161un\u012f valgant skan\u0117st\u0105. Visada u\u017etikrinkite pakankamai \u0161vie\u017eio geriamo vandens. Netinka \u017emon\u0117ms.<\/p>\n<p data-start=\"4945\" data-end=\"5016\">Analitin\u0117 sud\u0117tis: Baltymai: 30,3 %, Riebalai: 7,85 %, Dr\u0117gm\u0117: 32,7 %<\/p>\n","protected":false},"featured_media":48094,"template":"","meta":[],"product_brand":[],"product_cat":[540],"product_tag":[],"class_list":{"0":"post-48098","1":"product","2":"type-product","3":"status-publish","4":"has-post-thumbnail","6":"product_cat-skanestai-sunims","8":"first","9":"instock","10":"taxable","11":"shipping-taxable","12":"purchasable","13":"product-type-simple"},"yoast_head":"<!-- This site is optimized with the Yoast SEO plugin v27.4 - https:\/\/yoast.com\/product\/yoast-seo-wordpress\/ -->\n<title>Italijos kumpio kaulas \u0161unims Frigera XL - MiuMjau<\/title>\n<meta name=\"robots\" content=\"index, follow, max-snippet:-1, max-image-preview:large, max-video-preview:-1\" \/>\n<link rel=\"canonical\" href=\"https:\/\/miumjau.ee\/lt\/produktas\/italijos-kumpio-kaulas-sunims-frigera-xl\/\" \/>\n<meta property=\"og:locale\" content=\"lt_LT\" \/>\n<meta property=\"og:type\" content=\"article\" \/>\n<meta property=\"og:title\" content=\"Italijos kumpio kaulas \u0161unims Frigera XL - MiuMjau\" \/>\n<meta property=\"og:description\" content=\"Ar ie\u0161kote nepaprastai skanaus, patvaraus ir visi\u0161kai nat\u016bralaus kramtomo skan\u0117sto savo mylimam kailiniam \u0161eimos nariui? Mes turime puik\u0173 sprendim\u0105 \u2013 friGERA autenti\u0161k\u0105 Italijos kumpio kaul\u0105! \u017daliava gaunama i\u0161 auk\u0161tos kokyb\u0117s Italijos prosciutto brandinimo proceso. Tai ne tik u\u017etikrina nulio atliek\u0173 sprendim\u0105, bet ir suteikia galimyb\u0119 palepinti savo keturkoj\u012f draug\u0105 i\u0161skirtinio delikateso skoniu. Be to, \u0161ie kaulai yra puikus baltym\u0173 \u0161altinis, b\u016btinas sveikiems raumenims. D\u0117l kietos strukt\u016bros jie padeda valyti dantis ir ma\u017einti apna\u0161as. Jie taip pat suteikia valand\u0173 kramtymo malonum\u0105 ir protin\u012f stimuliavim\u0105. Kadangi kaulai turi daug skanaus kumpio, jie yra svarbus kolageno bei nat\u016brali\u0173 aliej\u0173 ir riebal\u0173 \u0161altinis, palaikantis j\u016bs\u0173 \u0161uns s\u0105narius, od\u0105 ir bendr\u0105 sveikat\u0105. Grynasis kiekis: 350 gSud\u0117tis: 100 % kiauliena \u0160\u0117rimo instrukcijos: Duokite kaip skan\u0117st\u0105 tarp valgym\u0173 arba kaip apdovanojim\u0105 dalyvaujant subalansuotoje mityboje. Visada steb\u0117kite savo \u0161un\u012f valgant skan\u0117st\u0105. Visada u\u017etikrinkite pakankamai \u0161vie\u017eio geriamo vandens. Netinka \u017emon\u0117ms. Analitin\u0117 sud\u0117tis: Baltymai: 30,3 %, Riebalai: 7,85 %, Dr\u0117gm\u0117: 32,7 %\" \/>\n<meta property=\"og:url\" content=\"https:\/\/miumjau.ee\/lt\/produktas\/italijos-kumpio-kaulas-sunims-frigera-xl\/\" \/>\n<meta property=\"og:site_name\" content=\"MiuMjau\" \/>\n<meta property=\"article:publisher\" content=\"https:\/\/www.facebook.com\/miumjaupood\/\" \/>\n<meta property=\"article:modified_time\" content=\"2026-01-07T18:45:30+00:00\" \/>\n<meta property=\"og:image\" content=\"https:\/\/miumjau.ee\/wp-content\/uploads\/2025\/05\/itaalia-singi-kont-xl.jpg\" \/>\n\t<meta property=\"og:image:width\" content=\"600\" \/>\n\t<meta property=\"og:image:height\" content=\"800\" \/>\n\t<meta property=\"og:image:type\" content=\"image\/jpeg\" \/>\n<meta name=\"twitter:card\" content=\"summary_large_image\" \/>\n<script type=\"application\/ld+json\" class=\"yoast-schema-graph\">{\"@context\":\"https:\\\/\\\/schema.org\",\"@graph\":[{\"@type\":\"WebPage\",\"@id\":\"https:\\\/\\\/miumjau.ee\\\/lt\\\/produktas\\\/italijos-kumpio-kaulas-sunims-frigera-xl\\\/\",\"url\":\"https:\\\/\\\/miumjau.ee\\\/lt\\\/produktas\\\/italijos-kumpio-kaulas-sunims-frigera-xl\\\/\",\"name\":\"Italijos kumpio kaulas \u0161unims Frigera XL - MiuMjau\",\"isPartOf\":{\"@id\":\"https:\\\/\\\/miumjau.ee\\\/#website\"},\"primaryImageOfPage\":{\"@id\":\"https:\\\/\\\/miumjau.ee\\\/lt\\\/produktas\\\/italijos-kumpio-kaulas-sunims-frigera-xl\\\/#primaryimage\"},\"image\":{\"@id\":\"https:\\\/\\\/miumjau.ee\\\/lt\\\/produktas\\\/italijos-kumpio-kaulas-sunims-frigera-xl\\\/#primaryimage\"},\"thumbnailUrl\":\"https:\\\/\\\/miumjau.ee\\\/wp-content\\\/uploads\\\/2025\\\/05\\\/itaalia-singi-kont-xl.jpg\",\"datePublished\":\"2025-05-28T17:21:15+00:00\",\"dateModified\":\"2026-01-07T18:45:30+00:00\",\"breadcrumb\":{\"@id\":\"https:\\\/\\\/miumjau.ee\\\/lt\\\/produktas\\\/italijos-kumpio-kaulas-sunims-frigera-xl\\\/#breadcrumb\"},\"inLanguage\":\"lt-LT\",\"potentialAction\":[{\"@type\":\"ReadAction\",\"target\":[\"https:\\\/\\\/miumjau.ee\\\/lt\\\/produktas\\\/italijos-kumpio-kaulas-sunims-frigera-xl\\\/\"]}]},{\"@type\":\"ImageObject\",\"inLanguage\":\"lt-LT\",\"@id\":\"https:\\\/\\\/miumjau.ee\\\/lt\\\/produktas\\\/italijos-kumpio-kaulas-sunims-frigera-xl\\\/#primaryimage\",\"url\":\"https:\\\/\\\/miumjau.ee\\\/wp-content\\\/uploads\\\/2025\\\/05\\\/itaalia-singi-kont-xl.jpg\",\"contentUrl\":\"https:\\\/\\\/miumjau.ee\\\/wp-content\\\/uploads\\\/2025\\\/05\\\/itaalia-singi-kont-xl.jpg\",\"width\":600,\"height\":800},{\"@type\":\"BreadcrumbList\",\"@id\":\"https:\\\/\\\/miumjau.ee\\\/lt\\\/produktas\\\/italijos-kumpio-kaulas-sunims-frigera-xl\\\/#breadcrumb\",\"itemListElement\":[{\"@type\":\"ListItem\",\"position\":1,\"name\":\"Home\",\"item\":\"https:\\\/\\\/miumjau.ee\\\/lt\\\/\"},{\"@type\":\"ListItem\",\"position\":2,\"name\":\"Parduotuv\u0117\",\"item\":\"https:\\\/\\\/miumjau.ee\\\/lt\\\/parduotuve\\\/\"},{\"@type\":\"ListItem\",\"position\":3,\"name\":\"Italijos kumpio kaulas \u0161unims Frigera XL\"}]},{\"@type\":\"WebSite\",\"@id\":\"https:\\\/\\\/miumjau.ee\\\/#website\",\"url\":\"https:\\\/\\\/miumjau.ee\\\/\",\"name\":\"MiuMjau\",\"description\":\"Kraapimispuud kassidele\",\"publisher\":{\"@id\":\"https:\\\/\\\/miumjau.ee\\\/#organization\"},\"potentialAction\":[{\"@type\":\"SearchAction\",\"target\":{\"@type\":\"EntryPoint\",\"urlTemplate\":\"https:\\\/\\\/miumjau.ee\\\/?s={search_term_string}\"},\"query-input\":{\"@type\":\"PropertyValueSpecification\",\"valueRequired\":true,\"valueName\":\"search_term_string\"}}],\"inLanguage\":\"lt-LT\"},{\"@type\":\"Organization\",\"@id\":\"https:\\\/\\\/miumjau.ee\\\/#organization\",\"name\":\"MiuMjau O\u00dc\",\"url\":\"https:\\\/\\\/miumjau.ee\\\/\",\"logo\":{\"@type\":\"ImageObject\",\"inLanguage\":\"lt-LT\",\"@id\":\"https:\\\/\\\/miumjau.ee\\\/#\\\/schema\\\/logo\\\/image\\\/\",\"url\":\"https:\\\/\\\/miumjau.ee\\\/wp-content\\\/uploads\\\/2022\\\/04\\\/MiuMjau-logo-kollane.png\",\"contentUrl\":\"https:\\\/\\\/miumjau.ee\\\/wp-content\\\/uploads\\\/2022\\\/04\\\/MiuMjau-logo-kollane.png\",\"width\":219,\"height\":100,\"caption\":\"MiuMjau O\u00dc\"},\"image\":{\"@id\":\"https:\\\/\\\/miumjau.ee\\\/#\\\/schema\\\/logo\\\/image\\\/\"},\"sameAs\":[\"https:\\\/\\\/www.facebook.com\\\/miumjaupood\\\/\"]}]}<\/script>\n<!-- \/ Yoast SEO plugin. -->","yoast_head_json":{"title":"Italijos kumpio kaulas \u0161unims Frigera XL - MiuMjau","robots":{"index":"index","follow":"follow","max-snippet":"max-snippet:-1","max-image-preview":"max-image-preview:large","max-video-preview":"max-video-preview:-1"},"canonical":"https:\/\/miumjau.ee\/lt\/produktas\/italijos-kumpio-kaulas-sunims-frigera-xl\/","og_locale":"lt_LT","og_type":"article","og_title":"Italijos kumpio kaulas \u0161unims Frigera XL - MiuMjau","og_description":"Ar ie\u0161kote nepaprastai skanaus, patvaraus ir visi\u0161kai nat\u016bralaus kramtomo skan\u0117sto savo mylimam kailiniam \u0161eimos nariui? Mes turime puik\u0173 sprendim\u0105 \u2013 friGERA autenti\u0161k\u0105 Italijos kumpio kaul\u0105! \u017daliava gaunama i\u0161 auk\u0161tos kokyb\u0117s Italijos prosciutto brandinimo proceso. Tai ne tik u\u017etikrina nulio atliek\u0173 sprendim\u0105, bet ir suteikia galimyb\u0119 palepinti savo keturkoj\u012f draug\u0105 i\u0161skirtinio delikateso skoniu. Be to, \u0161ie kaulai yra puikus baltym\u0173 \u0161altinis, b\u016btinas sveikiems raumenims. D\u0117l kietos strukt\u016bros jie padeda valyti dantis ir ma\u017einti apna\u0161as. Jie taip pat suteikia valand\u0173 kramtymo malonum\u0105 ir protin\u012f stimuliavim\u0105. Kadangi kaulai turi daug skanaus kumpio, jie yra svarbus kolageno bei nat\u016brali\u0173 aliej\u0173 ir riebal\u0173 \u0161altinis, palaikantis j\u016bs\u0173 \u0161uns s\u0105narius, od\u0105 ir bendr\u0105 sveikat\u0105. Grynasis kiekis: 350 gSud\u0117tis: 100 % kiauliena \u0160\u0117rimo instrukcijos: Duokite kaip skan\u0117st\u0105 tarp valgym\u0173 arba kaip apdovanojim\u0105 dalyvaujant subalansuotoje mityboje. Visada steb\u0117kite savo \u0161un\u012f valgant skan\u0117st\u0105. Visada u\u017etikrinkite pakankamai \u0161vie\u017eio geriamo vandens. Netinka \u017emon\u0117ms. Analitin\u0117 sud\u0117tis: Baltymai: 30,3 %, Riebalai: 7,85 %, Dr\u0117gm\u0117: 32,7 %","og_url":"https:\/\/miumjau.ee\/lt\/produktas\/italijos-kumpio-kaulas-sunims-frigera-xl\/","og_site_name":"MiuMjau","article_publisher":"https:\/\/www.facebook.com\/miumjaupood\/","article_modified_time":"2026-01-07T18:45:30+00:00","og_image":[{"width":600,"height":800,"url":"https:\/\/miumjau.ee\/wp-content\/uploads\/2025\/05\/itaalia-singi-kont-xl.jpg","type":"image\/jpeg"}],"twitter_card":"summary_large_image","schema":{"@context":"https:\/\/schema.org","@graph":[{"@type":"WebPage","@id":"https:\/\/miumjau.ee\/lt\/produktas\/italijos-kumpio-kaulas-sunims-frigera-xl\/","url":"https:\/\/miumjau.ee\/lt\/produktas\/italijos-kumpio-kaulas-sunims-frigera-xl\/","name":"Italijos kumpio kaulas \u0161unims Frigera XL - MiuMjau","isPartOf":{"@id":"https:\/\/miumjau.ee\/#website"},"primaryImageOfPage":{"@id":"https:\/\/miumjau.ee\/lt\/produktas\/italijos-kumpio-kaulas-sunims-frigera-xl\/#primaryimage"},"image":{"@id":"https:\/\/miumjau.ee\/lt\/produktas\/italijos-kumpio-kaulas-sunims-frigera-xl\/#primaryimage"},"thumbnailUrl":"https:\/\/miumjau.ee\/wp-content\/uploads\/2025\/05\/itaalia-singi-kont-xl.jpg","datePublished":"2025-05-28T17:21:15+00:00","dateModified":"2026-01-07T18:45:30+00:00","breadcrumb":{"@id":"https:\/\/miumjau.ee\/lt\/produktas\/italijos-kumpio-kaulas-sunims-frigera-xl\/#breadcrumb"},"inLanguage":"lt-LT","potentialAction":[{"@type":"ReadAction","target":["https:\/\/miumjau.ee\/lt\/produktas\/italijos-kumpio-kaulas-sunims-frigera-xl\/"]}]},{"@type":"ImageObject","inLanguage":"lt-LT","@id":"https:\/\/miumjau.ee\/lt\/produktas\/italijos-kumpio-kaulas-sunims-frigera-xl\/#primaryimage","url":"https:\/\/miumjau.ee\/wp-content\/uploads\/2025\/05\/itaalia-singi-kont-xl.jpg","contentUrl":"https:\/\/miumjau.ee\/wp-content\/uploads\/2025\/05\/itaalia-singi-kont-xl.jpg","width":600,"height":800},{"@type":"BreadcrumbList","@id":"https:\/\/miumjau.ee\/lt\/produktas\/italijos-kumpio-kaulas-sunims-frigera-xl\/#breadcrumb","itemListElement":[{"@type":"ListItem","position":1,"name":"Home","item":"https:\/\/miumjau.ee\/lt\/"},{"@type":"ListItem","position":2,"name":"Parduotuv\u0117","item":"https:\/\/miumjau.ee\/lt\/parduotuve\/"},{"@type":"ListItem","position":3,"name":"Italijos kumpio kaulas \u0161unims Frigera XL"}]},{"@type":"WebSite","@id":"https:\/\/miumjau.ee\/#website","url":"https:\/\/miumjau.ee\/","name":"MiuMjau","description":"Kraapimispuud kassidele","publisher":{"@id":"https:\/\/miumjau.ee\/#organization"},"potentialAction":[{"@type":"SearchAction","target":{"@type":"EntryPoint","urlTemplate":"https:\/\/miumjau.ee\/?s={search_term_string}"},"query-input":{"@type":"PropertyValueSpecification","valueRequired":true,"valueName":"search_term_string"}}],"inLanguage":"lt-LT"},{"@type":"Organization","@id":"https:\/\/miumjau.ee\/#organization","name":"MiuMjau O\u00dc","url":"https:\/\/miumjau.ee\/","logo":{"@type":"ImageObject","inLanguage":"lt-LT","@id":"https:\/\/miumjau.ee\/#\/schema\/logo\/image\/","url":"https:\/\/miumjau.ee\/wp-content\/uploads\/2022\/04\/MiuMjau-logo-kollane.png","contentUrl":"https:\/\/miumjau.ee\/wp-content\/uploads\/2022\/04\/MiuMjau-logo-kollane.png","width":219,"height":100,"caption":"MiuMjau O\u00dc"},"image":{"@id":"https:\/\/miumjau.ee\/#\/schema\/logo\/image\/"},"sameAs":["https:\/\/www.facebook.com\/miumjaupood\/"]}]}},"_links":{"self":[{"href":"https:\/\/miumjau.ee\/lt\/wp-json\/wp\/v2\/product\/48098","targetHints":{"allow":["GET"]}}],"collection":[{"href":"https:\/\/miumjau.ee\/lt\/wp-json\/wp\/v2\/product"}],"about":[{"href":"https:\/\/miumjau.ee\/lt\/wp-json\/wp\/v2\/types\/product"}],"wp:featuredmedia":[{"embeddable":true,"href":"https:\/\/miumjau.ee\/lt\/wp-json\/wp\/v2\/media\/48094"}],"wp:attachment":[{"href":"https:\/\/miumjau.ee\/lt\/wp-json\/wp\/v2\/media?parent=48098"}],"wp:term":[{"taxonomy":"product_brand","embeddable":true,"href":"https:\/\/miumjau.ee\/lt\/wp-json\/wp\/v2\/product_brand?post=48098"},{"taxonomy":"product_cat","embeddable":true,"href":"https:\/\/miumjau.ee\/lt\/wp-json\/wp\/v2\/product_cat?post=48098"},{"taxonomy":"product_tag","embeddable":true,"href":"https:\/\/miumjau.ee\/lt\/wp-json\/wp\/v2\/product_tag?post=48098"}],"curies":[{"name":"wp","href":"https:\/\/api.w.org\/{rel}","templated":true}]}}