{"id":48090,"date":"2025-05-28T20:43:56","date_gmt":"2025-05-28T17:43:56","guid":{"rendered":"https:\/\/miumjau.ee\/toode\/bakonu-idarytas-kramtomas-kaulas-frigera-1-vnt\/"},"modified":"2026-01-07T20:45:30","modified_gmt":"2026-01-07T18:45:30","slug":"bakonu-idarytas-kramtomas-kaulas-frigera-1-vnt","status":"publish","type":"product","link":"https:\/\/miumjau.ee\/lt\/produktas\/bakonu-idarytas-kramtomas-kaulas-frigera-1-vnt\/","title":{"rendered":"Bakonu \u012fdarytas kramtomas kaulas Frigera 1 vnt."},"content":{"rendered":"","protected":false},"excerpt":{"rendered":"<p data-start=\"4784\" data-end=\"4973\">Kod\u0117l pirkti savo \u0161uniui brangias sintetines kramtomas \u017eaislus, kai gamta si\u016blo geresn\u0119 ir sveikesn\u0119 alternatyv\u0105? M\u016bs\u0173 \u012fdaryti blauzdikauliai \u2013 tarsi dvigubas skan\u0117stas d\u0117l skanaus \u012fdaro!<\/p>\n<p data-start=\"4975\" data-end=\"5384\">Pasitik\u0117kite mumis \u2013 \u012fdar\u0173 receptai specialiai paruo\u0161ti pagal \u0161uns skon\u012f, tod\u0117l j\u016bs\u0173 augintinis tikrai juos pam\u0117gs! friGERA \u012fdaryti blauzdikauliai gaminami i\u0161 nuvalyt\u0173, oro d\u017eiovint\u0173 blauzdikauli\u0173 i\u0161 laisvai laikom\u0173 galvij\u0173, kuri\u0173 m\u0117sa tinkama ir \u017emoni\u0173 maistui. Kaulai pripildyti skania mi\u0161inio, tod\u0117l tai puikus skan\u0117stas \u0161unims, turintiems stipr\u0173 kramtymo instinkt\u0105 \u2013 tuo pa\u010diu padedant dant\u0173 prie\u017ei\u016brai!<\/p>\n<p data-start=\"5386\" data-end=\"5781\">Be to, \u0161ie kaulai yra nat\u016bralus kalcio ir fosforo \u0161altinis, padedantis palaikyti stiprius dantis ir kaulus be papildom\u0173 kalorij\u0173 ir riebal\u0173. Premija: \u0161ie kaulai beveik neturi kvapo. M\u016bs\u0173 \u012fdaryti blauzdikauliai taip pat yra prieinamas b\u016bdas i\u0161mokyti \u0161un\u012f tinkamo kramtymo elgesio \u2013 kai \u012fdaras baigiasi, lieka maistingas ir tvirtas kaulas kaip papildoma atlygimo priemon\u0117 po mokymosi ir \u017eaidim\u0173!<\/p>\n<p data-start=\"5783\" data-end=\"5923\">Grynasis kiekis: 120 g<br data-start=\"5805\" data-end=\"5808\" \/>Sud\u0117tis: jautienos kaulas, gr\u016bdai, aliejai ir riebalai, m\u0117sa ir gyv\u016bnin\u0117s kilm\u0117s ingredientai, aliejinis aromatas<\/p>\n<p data-start=\"5925\" data-end=\"6193\">\u0160\u0117rimo instrukcijos: Duokite kaip skan\u0117st\u0105 tarp valgym\u0173 arba kaip apdovanojim\u0105 dalyvaujant subalansuotoje mityboje. Visada steb\u0117kite savo \u0161un\u012f valgant skan\u0117st\u0105. Visada u\u017etikrinkite pakankamai \u0161vie\u017eio geriamo vandens. Netinka \u017emon\u0117ms. Netinka ma\u017eyliams iki 4 m\u0117nesi\u0173.<\/p>\n<p data-start=\"6195\" data-end=\"6261\">Analitin\u0117 sud\u0117tis: Baltymai: 20 %, Riebalai: 10 %, Dr\u0117gm\u0117: 7,5 %<\/p>\n","protected":false},"featured_media":48086,"template":"","meta":[],"product_brand":[],"product_cat":[540],"product_tag":[],"class_list":{"0":"post-48090","1":"product","2":"type-product","3":"status-publish","4":"has-post-thumbnail","6":"product_cat-skanestai-sunims","8":"first","9":"instock","10":"taxable","11":"shipping-taxable","12":"purchasable","13":"product-type-simple"},"yoast_head":"<!-- This site is optimized with the Yoast SEO plugin v27.4 - https:\/\/yoast.com\/product\/yoast-seo-wordpress\/ -->\n<title>Bakonu \u012fdarytas kramtomas kaulas Frigera 1 vnt. - MiuMjau<\/title>\n<meta name=\"robots\" content=\"index, follow, max-snippet:-1, max-image-preview:large, max-video-preview:-1\" \/>\n<link rel=\"canonical\" href=\"https:\/\/miumjau.ee\/lt\/produktas\/bakonu-idarytas-kramtomas-kaulas-frigera-1-vnt\/\" \/>\n<meta property=\"og:locale\" content=\"lt_LT\" \/>\n<meta property=\"og:type\" content=\"article\" \/>\n<meta property=\"og:title\" content=\"Bakonu \u012fdarytas kramtomas kaulas Frigera 1 vnt. - MiuMjau\" \/>\n<meta property=\"og:description\" content=\"Kod\u0117l pirkti savo \u0161uniui brangias sintetines kramtomas \u017eaislus, kai gamta si\u016blo geresn\u0119 ir sveikesn\u0119 alternatyv\u0105? M\u016bs\u0173 \u012fdaryti blauzdikauliai \u2013 tarsi dvigubas skan\u0117stas d\u0117l skanaus \u012fdaro! Pasitik\u0117kite mumis \u2013 \u012fdar\u0173 receptai specialiai paruo\u0161ti pagal \u0161uns skon\u012f, tod\u0117l j\u016bs\u0173 augintinis tikrai juos pam\u0117gs! friGERA \u012fdaryti blauzdikauliai gaminami i\u0161 nuvalyt\u0173, oro d\u017eiovint\u0173 blauzdikauli\u0173 i\u0161 laisvai laikom\u0173 galvij\u0173, kuri\u0173 m\u0117sa tinkama ir \u017emoni\u0173 maistui. Kaulai pripildyti skania mi\u0161inio, tod\u0117l tai puikus skan\u0117stas \u0161unims, turintiems stipr\u0173 kramtymo instinkt\u0105 \u2013 tuo pa\u010diu padedant dant\u0173 prie\u017ei\u016brai! Be to, \u0161ie kaulai yra nat\u016bralus kalcio ir fosforo \u0161altinis, padedantis palaikyti stiprius dantis ir kaulus be papildom\u0173 kalorij\u0173 ir riebal\u0173. Premija: \u0161ie kaulai beveik neturi kvapo. M\u016bs\u0173 \u012fdaryti blauzdikauliai taip pat yra prieinamas b\u016bdas i\u0161mokyti \u0161un\u012f tinkamo kramtymo elgesio \u2013 kai \u012fdaras baigiasi, lieka maistingas ir tvirtas kaulas kaip papildoma atlygimo priemon\u0117 po mokymosi ir \u017eaidim\u0173! Grynasis kiekis: 120 gSud\u0117tis: jautienos kaulas, gr\u016bdai, aliejai ir riebalai, m\u0117sa ir gyv\u016bnin\u0117s kilm\u0117s ingredientai, aliejinis aromatas \u0160\u0117rimo instrukcijos: Duokite kaip skan\u0117st\u0105 tarp valgym\u0173 arba kaip apdovanojim\u0105 dalyvaujant subalansuotoje mityboje. Visada steb\u0117kite savo \u0161un\u012f valgant skan\u0117st\u0105. Visada u\u017etikrinkite pakankamai \u0161vie\u017eio geriamo vandens. Netinka \u017emon\u0117ms. Netinka ma\u017eyliams iki 4 m\u0117nesi\u0173. Analitin\u0117 sud\u0117tis: Baltymai: 20 %, Riebalai: 10 %, Dr\u0117gm\u0117: 7,5 %\" \/>\n<meta property=\"og:url\" content=\"https:\/\/miumjau.ee\/lt\/produktas\/bakonu-idarytas-kramtomas-kaulas-frigera-1-vnt\/\" \/>\n<meta property=\"og:site_name\" content=\"MiuMjau\" \/>\n<meta property=\"article:publisher\" content=\"https:\/\/www.facebook.com\/miumjaupood\/\" \/>\n<meta property=\"article:modified_time\" content=\"2026-01-07T18:45:30+00:00\" \/>\n<meta property=\"og:image\" content=\"https:\/\/miumjau.ee\/wp-content\/uploads\/2025\/05\/peekoniga-taidetud-kont.jpg\" \/>\n\t<meta property=\"og:image:width\" content=\"600\" \/>\n\t<meta property=\"og:image:height\" content=\"800\" \/>\n\t<meta property=\"og:image:type\" content=\"image\/jpeg\" \/>\n<meta name=\"twitter:card\" content=\"summary_large_image\" \/>\n<script type=\"application\/ld+json\" class=\"yoast-schema-graph\">{\"@context\":\"https:\\\/\\\/schema.org\",\"@graph\":[{\"@type\":\"WebPage\",\"@id\":\"https:\\\/\\\/miumjau.ee\\\/lt\\\/produktas\\\/bakonu-idarytas-kramtomas-kaulas-frigera-1-vnt\\\/\",\"url\":\"https:\\\/\\\/miumjau.ee\\\/lt\\\/produktas\\\/bakonu-idarytas-kramtomas-kaulas-frigera-1-vnt\\\/\",\"name\":\"Bakonu \u012fdarytas kramtomas kaulas Frigera 1 vnt. - MiuMjau\",\"isPartOf\":{\"@id\":\"https:\\\/\\\/miumjau.ee\\\/#website\"},\"primaryImageOfPage\":{\"@id\":\"https:\\\/\\\/miumjau.ee\\\/lt\\\/produktas\\\/bakonu-idarytas-kramtomas-kaulas-frigera-1-vnt\\\/#primaryimage\"},\"image\":{\"@id\":\"https:\\\/\\\/miumjau.ee\\\/lt\\\/produktas\\\/bakonu-idarytas-kramtomas-kaulas-frigera-1-vnt\\\/#primaryimage\"},\"thumbnailUrl\":\"https:\\\/\\\/miumjau.ee\\\/wp-content\\\/uploads\\\/2025\\\/05\\\/peekoniga-taidetud-kont.jpg\",\"datePublished\":\"2025-05-28T17:43:56+00:00\",\"dateModified\":\"2026-01-07T18:45:30+00:00\",\"breadcrumb\":{\"@id\":\"https:\\\/\\\/miumjau.ee\\\/lt\\\/produktas\\\/bakonu-idarytas-kramtomas-kaulas-frigera-1-vnt\\\/#breadcrumb\"},\"inLanguage\":\"lt-LT\",\"potentialAction\":[{\"@type\":\"ReadAction\",\"target\":[\"https:\\\/\\\/miumjau.ee\\\/lt\\\/produktas\\\/bakonu-idarytas-kramtomas-kaulas-frigera-1-vnt\\\/\"]}]},{\"@type\":\"ImageObject\",\"inLanguage\":\"lt-LT\",\"@id\":\"https:\\\/\\\/miumjau.ee\\\/lt\\\/produktas\\\/bakonu-idarytas-kramtomas-kaulas-frigera-1-vnt\\\/#primaryimage\",\"url\":\"https:\\\/\\\/miumjau.ee\\\/wp-content\\\/uploads\\\/2025\\\/05\\\/peekoniga-taidetud-kont.jpg\",\"contentUrl\":\"https:\\\/\\\/miumjau.ee\\\/wp-content\\\/uploads\\\/2025\\\/05\\\/peekoniga-taidetud-kont.jpg\",\"width\":600,\"height\":800},{\"@type\":\"BreadcrumbList\",\"@id\":\"https:\\\/\\\/miumjau.ee\\\/lt\\\/produktas\\\/bakonu-idarytas-kramtomas-kaulas-frigera-1-vnt\\\/#breadcrumb\",\"itemListElement\":[{\"@type\":\"ListItem\",\"position\":1,\"name\":\"Home\",\"item\":\"https:\\\/\\\/miumjau.ee\\\/lt\\\/\"},{\"@type\":\"ListItem\",\"position\":2,\"name\":\"Parduotuv\u0117\",\"item\":\"https:\\\/\\\/miumjau.ee\\\/lt\\\/parduotuve\\\/\"},{\"@type\":\"ListItem\",\"position\":3,\"name\":\"Bakonu \u012fdarytas kramtomas kaulas Frigera 1 vnt.\"}]},{\"@type\":\"WebSite\",\"@id\":\"https:\\\/\\\/miumjau.ee\\\/#website\",\"url\":\"https:\\\/\\\/miumjau.ee\\\/\",\"name\":\"MiuMjau\",\"description\":\"Kraapimispuud kassidele\",\"publisher\":{\"@id\":\"https:\\\/\\\/miumjau.ee\\\/#organization\"},\"potentialAction\":[{\"@type\":\"SearchAction\",\"target\":{\"@type\":\"EntryPoint\",\"urlTemplate\":\"https:\\\/\\\/miumjau.ee\\\/?s={search_term_string}\"},\"query-input\":{\"@type\":\"PropertyValueSpecification\",\"valueRequired\":true,\"valueName\":\"search_term_string\"}}],\"inLanguage\":\"lt-LT\"},{\"@type\":\"Organization\",\"@id\":\"https:\\\/\\\/miumjau.ee\\\/#organization\",\"name\":\"MiuMjau O\u00dc\",\"url\":\"https:\\\/\\\/miumjau.ee\\\/\",\"logo\":{\"@type\":\"ImageObject\",\"inLanguage\":\"lt-LT\",\"@id\":\"https:\\\/\\\/miumjau.ee\\\/#\\\/schema\\\/logo\\\/image\\\/\",\"url\":\"https:\\\/\\\/miumjau.ee\\\/wp-content\\\/uploads\\\/2022\\\/04\\\/MiuMjau-logo-kollane.png\",\"contentUrl\":\"https:\\\/\\\/miumjau.ee\\\/wp-content\\\/uploads\\\/2022\\\/04\\\/MiuMjau-logo-kollane.png\",\"width\":219,\"height\":100,\"caption\":\"MiuMjau O\u00dc\"},\"image\":{\"@id\":\"https:\\\/\\\/miumjau.ee\\\/#\\\/schema\\\/logo\\\/image\\\/\"},\"sameAs\":[\"https:\\\/\\\/www.facebook.com\\\/miumjaupood\\\/\"]}]}<\/script>\n<!-- \/ Yoast SEO plugin. -->","yoast_head_json":{"title":"Bakonu \u012fdarytas kramtomas kaulas Frigera 1 vnt. - MiuMjau","robots":{"index":"index","follow":"follow","max-snippet":"max-snippet:-1","max-image-preview":"max-image-preview:large","max-video-preview":"max-video-preview:-1"},"canonical":"https:\/\/miumjau.ee\/lt\/produktas\/bakonu-idarytas-kramtomas-kaulas-frigera-1-vnt\/","og_locale":"lt_LT","og_type":"article","og_title":"Bakonu \u012fdarytas kramtomas kaulas Frigera 1 vnt. - MiuMjau","og_description":"Kod\u0117l pirkti savo \u0161uniui brangias sintetines kramtomas \u017eaislus, kai gamta si\u016blo geresn\u0119 ir sveikesn\u0119 alternatyv\u0105? M\u016bs\u0173 \u012fdaryti blauzdikauliai \u2013 tarsi dvigubas skan\u0117stas d\u0117l skanaus \u012fdaro! Pasitik\u0117kite mumis \u2013 \u012fdar\u0173 receptai specialiai paruo\u0161ti pagal \u0161uns skon\u012f, tod\u0117l j\u016bs\u0173 augintinis tikrai juos pam\u0117gs! friGERA \u012fdaryti blauzdikauliai gaminami i\u0161 nuvalyt\u0173, oro d\u017eiovint\u0173 blauzdikauli\u0173 i\u0161 laisvai laikom\u0173 galvij\u0173, kuri\u0173 m\u0117sa tinkama ir \u017emoni\u0173 maistui. Kaulai pripildyti skania mi\u0161inio, tod\u0117l tai puikus skan\u0117stas \u0161unims, turintiems stipr\u0173 kramtymo instinkt\u0105 \u2013 tuo pa\u010diu padedant dant\u0173 prie\u017ei\u016brai! Be to, \u0161ie kaulai yra nat\u016bralus kalcio ir fosforo \u0161altinis, padedantis palaikyti stiprius dantis ir kaulus be papildom\u0173 kalorij\u0173 ir riebal\u0173. Premija: \u0161ie kaulai beveik neturi kvapo. M\u016bs\u0173 \u012fdaryti blauzdikauliai taip pat yra prieinamas b\u016bdas i\u0161mokyti \u0161un\u012f tinkamo kramtymo elgesio \u2013 kai \u012fdaras baigiasi, lieka maistingas ir tvirtas kaulas kaip papildoma atlygimo priemon\u0117 po mokymosi ir \u017eaidim\u0173! Grynasis kiekis: 120 gSud\u0117tis: jautienos kaulas, gr\u016bdai, aliejai ir riebalai, m\u0117sa ir gyv\u016bnin\u0117s kilm\u0117s ingredientai, aliejinis aromatas \u0160\u0117rimo instrukcijos: Duokite kaip skan\u0117st\u0105 tarp valgym\u0173 arba kaip apdovanojim\u0105 dalyvaujant subalansuotoje mityboje. Visada steb\u0117kite savo \u0161un\u012f valgant skan\u0117st\u0105. Visada u\u017etikrinkite pakankamai \u0161vie\u017eio geriamo vandens. Netinka \u017emon\u0117ms. Netinka ma\u017eyliams iki 4 m\u0117nesi\u0173. Analitin\u0117 sud\u0117tis: Baltymai: 20 %, Riebalai: 10 %, Dr\u0117gm\u0117: 7,5 %","og_url":"https:\/\/miumjau.ee\/lt\/produktas\/bakonu-idarytas-kramtomas-kaulas-frigera-1-vnt\/","og_site_name":"MiuMjau","article_publisher":"https:\/\/www.facebook.com\/miumjaupood\/","article_modified_time":"2026-01-07T18:45:30+00:00","og_image":[{"width":600,"height":800,"url":"https:\/\/miumjau.ee\/wp-content\/uploads\/2025\/05\/peekoniga-taidetud-kont.jpg","type":"image\/jpeg"}],"twitter_card":"summary_large_image","schema":{"@context":"https:\/\/schema.org","@graph":[{"@type":"WebPage","@id":"https:\/\/miumjau.ee\/lt\/produktas\/bakonu-idarytas-kramtomas-kaulas-frigera-1-vnt\/","url":"https:\/\/miumjau.ee\/lt\/produktas\/bakonu-idarytas-kramtomas-kaulas-frigera-1-vnt\/","name":"Bakonu \u012fdarytas kramtomas kaulas Frigera 1 vnt. - MiuMjau","isPartOf":{"@id":"https:\/\/miumjau.ee\/#website"},"primaryImageOfPage":{"@id":"https:\/\/miumjau.ee\/lt\/produktas\/bakonu-idarytas-kramtomas-kaulas-frigera-1-vnt\/#primaryimage"},"image":{"@id":"https:\/\/miumjau.ee\/lt\/produktas\/bakonu-idarytas-kramtomas-kaulas-frigera-1-vnt\/#primaryimage"},"thumbnailUrl":"https:\/\/miumjau.ee\/wp-content\/uploads\/2025\/05\/peekoniga-taidetud-kont.jpg","datePublished":"2025-05-28T17:43:56+00:00","dateModified":"2026-01-07T18:45:30+00:00","breadcrumb":{"@id":"https:\/\/miumjau.ee\/lt\/produktas\/bakonu-idarytas-kramtomas-kaulas-frigera-1-vnt\/#breadcrumb"},"inLanguage":"lt-LT","potentialAction":[{"@type":"ReadAction","target":["https:\/\/miumjau.ee\/lt\/produktas\/bakonu-idarytas-kramtomas-kaulas-frigera-1-vnt\/"]}]},{"@type":"ImageObject","inLanguage":"lt-LT","@id":"https:\/\/miumjau.ee\/lt\/produktas\/bakonu-idarytas-kramtomas-kaulas-frigera-1-vnt\/#primaryimage","url":"https:\/\/miumjau.ee\/wp-content\/uploads\/2025\/05\/peekoniga-taidetud-kont.jpg","contentUrl":"https:\/\/miumjau.ee\/wp-content\/uploads\/2025\/05\/peekoniga-taidetud-kont.jpg","width":600,"height":800},{"@type":"BreadcrumbList","@id":"https:\/\/miumjau.ee\/lt\/produktas\/bakonu-idarytas-kramtomas-kaulas-frigera-1-vnt\/#breadcrumb","itemListElement":[{"@type":"ListItem","position":1,"name":"Home","item":"https:\/\/miumjau.ee\/lt\/"},{"@type":"ListItem","position":2,"name":"Parduotuv\u0117","item":"https:\/\/miumjau.ee\/lt\/parduotuve\/"},{"@type":"ListItem","position":3,"name":"Bakonu \u012fdarytas kramtomas kaulas Frigera 1 vnt."}]},{"@type":"WebSite","@id":"https:\/\/miumjau.ee\/#website","url":"https:\/\/miumjau.ee\/","name":"MiuMjau","description":"Kraapimispuud kassidele","publisher":{"@id":"https:\/\/miumjau.ee\/#organization"},"potentialAction":[{"@type":"SearchAction","target":{"@type":"EntryPoint","urlTemplate":"https:\/\/miumjau.ee\/?s={search_term_string}"},"query-input":{"@type":"PropertyValueSpecification","valueRequired":true,"valueName":"search_term_string"}}],"inLanguage":"lt-LT"},{"@type":"Organization","@id":"https:\/\/miumjau.ee\/#organization","name":"MiuMjau O\u00dc","url":"https:\/\/miumjau.ee\/","logo":{"@type":"ImageObject","inLanguage":"lt-LT","@id":"https:\/\/miumjau.ee\/#\/schema\/logo\/image\/","url":"https:\/\/miumjau.ee\/wp-content\/uploads\/2022\/04\/MiuMjau-logo-kollane.png","contentUrl":"https:\/\/miumjau.ee\/wp-content\/uploads\/2022\/04\/MiuMjau-logo-kollane.png","width":219,"height":100,"caption":"MiuMjau O\u00dc"},"image":{"@id":"https:\/\/miumjau.ee\/#\/schema\/logo\/image\/"},"sameAs":["https:\/\/www.facebook.com\/miumjaupood\/"]}]}},"_links":{"self":[{"href":"https:\/\/miumjau.ee\/lt\/wp-json\/wp\/v2\/product\/48090","targetHints":{"allow":["GET"]}}],"collection":[{"href":"https:\/\/miumjau.ee\/lt\/wp-json\/wp\/v2\/product"}],"about":[{"href":"https:\/\/miumjau.ee\/lt\/wp-json\/wp\/v2\/types\/product"}],"wp:featuredmedia":[{"embeddable":true,"href":"https:\/\/miumjau.ee\/lt\/wp-json\/wp\/v2\/media\/48086"}],"wp:attachment":[{"href":"https:\/\/miumjau.ee\/lt\/wp-json\/wp\/v2\/media?parent=48090"}],"wp:term":[{"taxonomy":"product_brand","embeddable":true,"href":"https:\/\/miumjau.ee\/lt\/wp-json\/wp\/v2\/product_brand?post=48090"},{"taxonomy":"product_cat","embeddable":true,"href":"https:\/\/miumjau.ee\/lt\/wp-json\/wp\/v2\/product_cat?post=48090"},{"taxonomy":"product_tag","embeddable":true,"href":"https:\/\/miumjau.ee\/lt\/wp-json\/wp\/v2\/product_tag?post=48090"}],"curies":[{"name":"wp","href":"https:\/\/api.w.org\/{rel}","templated":true}]}}