{"id":48082,"date":"2025-05-28T20:45:47","date_gmt":"2025-05-28T17:45:47","guid":{"rendered":"https:\/\/miumjau.ee\/toode\/jautiena-kaklo-sausgysle-kramtomas-skanestas-sunims-25-cm-frigera-1-vnt\/"},"modified":"2026-01-07T20:45:37","modified_gmt":"2026-01-07T18:45:37","slug":"jautiena-kaklo-sausgysle-kramtomas-skanestas-sunims-25-cm-frigera-1-vnt","status":"publish","type":"product","link":"https:\/\/miumjau.ee\/lt\/produktas\/jautiena-kaklo-sausgysle-kramtomas-skanestas-sunims-25-cm-frigera-1-vnt\/","title":{"rendered":"Jautiena kaklo sausgysl\u0117 \u2013 kramtomas skan\u0117stas \u0161unims 25 cm Frigera 1 vnt."},"content":{"rendered":"","protected":false},"excerpt":{"rendered":"<p data-start=\"4294\" data-end=\"4402\">friGERA jautienos kaklo sausgysl\u0117s \u2013 tikras pasl\u0117ptas lobis ir puikus skan\u0117stas j\u016bs\u0173 stipriam kramtytojui!<\/p>\n<p data-start=\"4404\" data-end=\"4687\">M\u016bs\u0173 jautienos kaklo sausgysl\u0117s yra skanus, \u0161velniai d\u017eiovintas nat\u016bralus skan\u0117stas, pagamintas i\u0161 laisvai laikyt\u0173 galvij\u0173 kaklo sausgysli\u0173, kuri\u0173 m\u0117sa tinkama ir \u017emoni\u0173 maistui. \u0160ie gyvuliai auginami be antibiotik\u0173, steroid\u0173 ar hormon\u0173, tod\u0117l tai vienas nat\u016braliausi\u0173 pasirinkim\u0173!<\/p>\n<p data-start=\"4689\" data-end=\"4956\">D\u0117l ma\u017eo riebal\u0173 kiekio ir bekvapio pob\u016bd\u017eio jos ypa\u010d tinka \u0161unims, linkusiems \u012f antsvor\u012f, arba naudojimui patalpose, pvz., mieste. Kieta ir skaidulin\u0117 tekst\u016bra, kuri kramtant tampa elastinga, padeda suma\u017einti apna\u0161as ir dant\u0173 akmen\u012f bei stiprina kramtymo raumenis.<\/p>\n<p data-start=\"4958\" data-end=\"5104\">Sausgysl\u0117s supjaustytos tinkamu dyd\u017eiu ma\u017eiems ir vidutinio dyd\u017eio \u0161unims \u2013 tikrai universalus skan\u0117stas, kuris ilgai u\u017eims j\u016bs\u0173 kailin\u012f draug\u0105!<\/p>\n<p data-start=\"5106\" data-end=\"5184\">Jautienos kaklo sausgysl\u0117s \u2013 puikus b\u016bdas i\u0161laikyti \u0161un\u012f laiming\u0105 ir u\u017eimta!<\/p>\n<p data-start=\"5186\" data-end=\"5235\">Grynasis kiekis: 50 g<br data-start=\"5207\" data-end=\"5210\" \/>Sud\u0117tis: 100 % jautiena<\/p>\n<p data-start=\"5237\" data-end=\"5472\">\u0160\u0117rimo instrukcijos: Duokite kaip skan\u0117st\u0105 tarp valgym\u0173 arba kaip apdovanojim\u0105 dalyvaujant subalansuotoje mityboje. Visada steb\u0117kite savo \u0161un\u012f valgant skan\u0117st\u0105. Visada u\u017etikrinkite pakankamai \u0161vie\u017eio geriamo vandens. Netinka \u017emon\u0117ms.<\/p>\n<p data-start=\"5474\" data-end=\"5546\">Analitin\u0117 sud\u0117tis: Baltymai: 90,51 %, Riebalai: 5,23 %, Dr\u0117gm\u0117: 7,47 %<\/p>\n","protected":false},"featured_media":48078,"template":"","meta":[],"product_brand":[],"product_cat":[540],"product_tag":[],"class_list":{"0":"post-48082","1":"product","2":"type-product","3":"status-publish","4":"has-post-thumbnail","6":"product_cat-skanestai-sunims","8":"first","9":"instock","10":"taxable","11":"shipping-taxable","12":"purchasable","13":"product-type-simple"},"yoast_head":"<!-- This site is optimized with the Yoast SEO plugin v27.4 - https:\/\/yoast.com\/product\/yoast-seo-wordpress\/ -->\n<title>Jautiena kaklo sausgysl\u0117 \u2013 kramtomas skan\u0117stas \u0161unims 25 cm Frigera 1 vnt. - MiuMjau<\/title>\n<meta name=\"robots\" content=\"index, follow, max-snippet:-1, max-image-preview:large, max-video-preview:-1\" \/>\n<link rel=\"canonical\" href=\"https:\/\/miumjau.ee\/lt\/produktas\/jautiena-kaklo-sausgysle-kramtomas-skanestas-sunims-25-cm-frigera-1-vnt\/\" \/>\n<meta property=\"og:locale\" content=\"lt_LT\" \/>\n<meta property=\"og:type\" content=\"article\" \/>\n<meta property=\"og:title\" content=\"Jautiena kaklo sausgysl\u0117 \u2013 kramtomas skan\u0117stas \u0161unims 25 cm Frigera 1 vnt. - MiuMjau\" \/>\n<meta property=\"og:description\" content=\"friGERA jautienos kaklo sausgysl\u0117s \u2013 tikras pasl\u0117ptas lobis ir puikus skan\u0117stas j\u016bs\u0173 stipriam kramtytojui! M\u016bs\u0173 jautienos kaklo sausgysl\u0117s yra skanus, \u0161velniai d\u017eiovintas nat\u016bralus skan\u0117stas, pagamintas i\u0161 laisvai laikyt\u0173 galvij\u0173 kaklo sausgysli\u0173, kuri\u0173 m\u0117sa tinkama ir \u017emoni\u0173 maistui. \u0160ie gyvuliai auginami be antibiotik\u0173, steroid\u0173 ar hormon\u0173, tod\u0117l tai vienas nat\u016braliausi\u0173 pasirinkim\u0173! D\u0117l ma\u017eo riebal\u0173 kiekio ir bekvapio pob\u016bd\u017eio jos ypa\u010d tinka \u0161unims, linkusiems \u012f antsvor\u012f, arba naudojimui patalpose, pvz., mieste. Kieta ir skaidulin\u0117 tekst\u016bra, kuri kramtant tampa elastinga, padeda suma\u017einti apna\u0161as ir dant\u0173 akmen\u012f bei stiprina kramtymo raumenis. Sausgysl\u0117s supjaustytos tinkamu dyd\u017eiu ma\u017eiems ir vidutinio dyd\u017eio \u0161unims \u2013 tikrai universalus skan\u0117stas, kuris ilgai u\u017eims j\u016bs\u0173 kailin\u012f draug\u0105! Jautienos kaklo sausgysl\u0117s \u2013 puikus b\u016bdas i\u0161laikyti \u0161un\u012f laiming\u0105 ir u\u017eimta! Grynasis kiekis: 50 gSud\u0117tis: 100 % jautiena \u0160\u0117rimo instrukcijos: Duokite kaip skan\u0117st\u0105 tarp valgym\u0173 arba kaip apdovanojim\u0105 dalyvaujant subalansuotoje mityboje. Visada steb\u0117kite savo \u0161un\u012f valgant skan\u0117st\u0105. Visada u\u017etikrinkite pakankamai \u0161vie\u017eio geriamo vandens. Netinka \u017emon\u0117ms. Analitin\u0117 sud\u0117tis: Baltymai: 90,51 %, Riebalai: 5,23 %, Dr\u0117gm\u0117: 7,47 %\" \/>\n<meta property=\"og:url\" content=\"https:\/\/miumjau.ee\/lt\/produktas\/jautiena-kaklo-sausgysle-kramtomas-skanestas-sunims-25-cm-frigera-1-vnt\/\" \/>\n<meta property=\"og:site_name\" content=\"MiuMjau\" \/>\n<meta property=\"article:publisher\" content=\"https:\/\/www.facebook.com\/miumjaupood\/\" \/>\n<meta property=\"article:modified_time\" content=\"2026-01-07T18:45:37+00:00\" \/>\n<meta property=\"og:image\" content=\"https:\/\/miumjau.ee\/wp-content\/uploads\/2025\/05\/veise-kaela-koolus-1tk.jpg\" \/>\n\t<meta property=\"og:image:width\" content=\"600\" \/>\n\t<meta property=\"og:image:height\" content=\"800\" \/>\n\t<meta property=\"og:image:type\" content=\"image\/jpeg\" \/>\n<meta name=\"twitter:card\" content=\"summary_large_image\" \/>\n<script type=\"application\/ld+json\" class=\"yoast-schema-graph\">{\"@context\":\"https:\\\/\\\/schema.org\",\"@graph\":[{\"@type\":\"WebPage\",\"@id\":\"https:\\\/\\\/miumjau.ee\\\/lt\\\/produktas\\\/jautiena-kaklo-sausgysle-kramtomas-skanestas-sunims-25-cm-frigera-1-vnt\\\/\",\"url\":\"https:\\\/\\\/miumjau.ee\\\/lt\\\/produktas\\\/jautiena-kaklo-sausgysle-kramtomas-skanestas-sunims-25-cm-frigera-1-vnt\\\/\",\"name\":\"Jautiena kaklo sausgysl\u0117 \u2013 kramtomas skan\u0117stas \u0161unims 25 cm Frigera 1 vnt. - MiuMjau\",\"isPartOf\":{\"@id\":\"https:\\\/\\\/miumjau.ee\\\/#website\"},\"primaryImageOfPage\":{\"@id\":\"https:\\\/\\\/miumjau.ee\\\/lt\\\/produktas\\\/jautiena-kaklo-sausgysle-kramtomas-skanestas-sunims-25-cm-frigera-1-vnt\\\/#primaryimage\"},\"image\":{\"@id\":\"https:\\\/\\\/miumjau.ee\\\/lt\\\/produktas\\\/jautiena-kaklo-sausgysle-kramtomas-skanestas-sunims-25-cm-frigera-1-vnt\\\/#primaryimage\"},\"thumbnailUrl\":\"https:\\\/\\\/miumjau.ee\\\/wp-content\\\/uploads\\\/2025\\\/05\\\/veise-kaela-koolus-1tk.jpg\",\"datePublished\":\"2025-05-28T17:45:47+00:00\",\"dateModified\":\"2026-01-07T18:45:37+00:00\",\"breadcrumb\":{\"@id\":\"https:\\\/\\\/miumjau.ee\\\/lt\\\/produktas\\\/jautiena-kaklo-sausgysle-kramtomas-skanestas-sunims-25-cm-frigera-1-vnt\\\/#breadcrumb\"},\"inLanguage\":\"lt-LT\",\"potentialAction\":[{\"@type\":\"ReadAction\",\"target\":[\"https:\\\/\\\/miumjau.ee\\\/lt\\\/produktas\\\/jautiena-kaklo-sausgysle-kramtomas-skanestas-sunims-25-cm-frigera-1-vnt\\\/\"]}]},{\"@type\":\"ImageObject\",\"inLanguage\":\"lt-LT\",\"@id\":\"https:\\\/\\\/miumjau.ee\\\/lt\\\/produktas\\\/jautiena-kaklo-sausgysle-kramtomas-skanestas-sunims-25-cm-frigera-1-vnt\\\/#primaryimage\",\"url\":\"https:\\\/\\\/miumjau.ee\\\/wp-content\\\/uploads\\\/2025\\\/05\\\/veise-kaela-koolus-1tk.jpg\",\"contentUrl\":\"https:\\\/\\\/miumjau.ee\\\/wp-content\\\/uploads\\\/2025\\\/05\\\/veise-kaela-koolus-1tk.jpg\",\"width\":600,\"height\":800},{\"@type\":\"BreadcrumbList\",\"@id\":\"https:\\\/\\\/miumjau.ee\\\/lt\\\/produktas\\\/jautiena-kaklo-sausgysle-kramtomas-skanestas-sunims-25-cm-frigera-1-vnt\\\/#breadcrumb\",\"itemListElement\":[{\"@type\":\"ListItem\",\"position\":1,\"name\":\"Home\",\"item\":\"https:\\\/\\\/miumjau.ee\\\/lt\\\/\"},{\"@type\":\"ListItem\",\"position\":2,\"name\":\"Parduotuv\u0117\",\"item\":\"https:\\\/\\\/miumjau.ee\\\/lt\\\/parduotuve\\\/\"},{\"@type\":\"ListItem\",\"position\":3,\"name\":\"Jautiena kaklo sausgysl\u0117 \u2013 kramtomas skan\u0117stas \u0161unims 25 cm Frigera 1 vnt.\"}]},{\"@type\":\"WebSite\",\"@id\":\"https:\\\/\\\/miumjau.ee\\\/#website\",\"url\":\"https:\\\/\\\/miumjau.ee\\\/\",\"name\":\"MiuMjau\",\"description\":\"Kraapimispuud kassidele\",\"publisher\":{\"@id\":\"https:\\\/\\\/miumjau.ee\\\/#organization\"},\"potentialAction\":[{\"@type\":\"SearchAction\",\"target\":{\"@type\":\"EntryPoint\",\"urlTemplate\":\"https:\\\/\\\/miumjau.ee\\\/?s={search_term_string}\"},\"query-input\":{\"@type\":\"PropertyValueSpecification\",\"valueRequired\":true,\"valueName\":\"search_term_string\"}}],\"inLanguage\":\"lt-LT\"},{\"@type\":\"Organization\",\"@id\":\"https:\\\/\\\/miumjau.ee\\\/#organization\",\"name\":\"MiuMjau O\u00dc\",\"url\":\"https:\\\/\\\/miumjau.ee\\\/\",\"logo\":{\"@type\":\"ImageObject\",\"inLanguage\":\"lt-LT\",\"@id\":\"https:\\\/\\\/miumjau.ee\\\/#\\\/schema\\\/logo\\\/image\\\/\",\"url\":\"https:\\\/\\\/miumjau.ee\\\/wp-content\\\/uploads\\\/2022\\\/04\\\/MiuMjau-logo-kollane.png\",\"contentUrl\":\"https:\\\/\\\/miumjau.ee\\\/wp-content\\\/uploads\\\/2022\\\/04\\\/MiuMjau-logo-kollane.png\",\"width\":219,\"height\":100,\"caption\":\"MiuMjau O\u00dc\"},\"image\":{\"@id\":\"https:\\\/\\\/miumjau.ee\\\/#\\\/schema\\\/logo\\\/image\\\/\"},\"sameAs\":[\"https:\\\/\\\/www.facebook.com\\\/miumjaupood\\\/\"]}]}<\/script>\n<!-- \/ Yoast SEO plugin. -->","yoast_head_json":{"title":"Jautiena kaklo sausgysl\u0117 \u2013 kramtomas skan\u0117stas \u0161unims 25 cm Frigera 1 vnt. - MiuMjau","robots":{"index":"index","follow":"follow","max-snippet":"max-snippet:-1","max-image-preview":"max-image-preview:large","max-video-preview":"max-video-preview:-1"},"canonical":"https:\/\/miumjau.ee\/lt\/produktas\/jautiena-kaklo-sausgysle-kramtomas-skanestas-sunims-25-cm-frigera-1-vnt\/","og_locale":"lt_LT","og_type":"article","og_title":"Jautiena kaklo sausgysl\u0117 \u2013 kramtomas skan\u0117stas \u0161unims 25 cm Frigera 1 vnt. - MiuMjau","og_description":"friGERA jautienos kaklo sausgysl\u0117s \u2013 tikras pasl\u0117ptas lobis ir puikus skan\u0117stas j\u016bs\u0173 stipriam kramtytojui! M\u016bs\u0173 jautienos kaklo sausgysl\u0117s yra skanus, \u0161velniai d\u017eiovintas nat\u016bralus skan\u0117stas, pagamintas i\u0161 laisvai laikyt\u0173 galvij\u0173 kaklo sausgysli\u0173, kuri\u0173 m\u0117sa tinkama ir \u017emoni\u0173 maistui. \u0160ie gyvuliai auginami be antibiotik\u0173, steroid\u0173 ar hormon\u0173, tod\u0117l tai vienas nat\u016braliausi\u0173 pasirinkim\u0173! D\u0117l ma\u017eo riebal\u0173 kiekio ir bekvapio pob\u016bd\u017eio jos ypa\u010d tinka \u0161unims, linkusiems \u012f antsvor\u012f, arba naudojimui patalpose, pvz., mieste. Kieta ir skaidulin\u0117 tekst\u016bra, kuri kramtant tampa elastinga, padeda suma\u017einti apna\u0161as ir dant\u0173 akmen\u012f bei stiprina kramtymo raumenis. Sausgysl\u0117s supjaustytos tinkamu dyd\u017eiu ma\u017eiems ir vidutinio dyd\u017eio \u0161unims \u2013 tikrai universalus skan\u0117stas, kuris ilgai u\u017eims j\u016bs\u0173 kailin\u012f draug\u0105! Jautienos kaklo sausgysl\u0117s \u2013 puikus b\u016bdas i\u0161laikyti \u0161un\u012f laiming\u0105 ir u\u017eimta! Grynasis kiekis: 50 gSud\u0117tis: 100 % jautiena \u0160\u0117rimo instrukcijos: Duokite kaip skan\u0117st\u0105 tarp valgym\u0173 arba kaip apdovanojim\u0105 dalyvaujant subalansuotoje mityboje. Visada steb\u0117kite savo \u0161un\u012f valgant skan\u0117st\u0105. Visada u\u017etikrinkite pakankamai \u0161vie\u017eio geriamo vandens. Netinka \u017emon\u0117ms. Analitin\u0117 sud\u0117tis: Baltymai: 90,51 %, Riebalai: 5,23 %, Dr\u0117gm\u0117: 7,47 %","og_url":"https:\/\/miumjau.ee\/lt\/produktas\/jautiena-kaklo-sausgysle-kramtomas-skanestas-sunims-25-cm-frigera-1-vnt\/","og_site_name":"MiuMjau","article_publisher":"https:\/\/www.facebook.com\/miumjaupood\/","article_modified_time":"2026-01-07T18:45:37+00:00","og_image":[{"width":600,"height":800,"url":"https:\/\/miumjau.ee\/wp-content\/uploads\/2025\/05\/veise-kaela-koolus-1tk.jpg","type":"image\/jpeg"}],"twitter_card":"summary_large_image","schema":{"@context":"https:\/\/schema.org","@graph":[{"@type":"WebPage","@id":"https:\/\/miumjau.ee\/lt\/produktas\/jautiena-kaklo-sausgysle-kramtomas-skanestas-sunims-25-cm-frigera-1-vnt\/","url":"https:\/\/miumjau.ee\/lt\/produktas\/jautiena-kaklo-sausgysle-kramtomas-skanestas-sunims-25-cm-frigera-1-vnt\/","name":"Jautiena kaklo sausgysl\u0117 \u2013 kramtomas skan\u0117stas \u0161unims 25 cm Frigera 1 vnt. - MiuMjau","isPartOf":{"@id":"https:\/\/miumjau.ee\/#website"},"primaryImageOfPage":{"@id":"https:\/\/miumjau.ee\/lt\/produktas\/jautiena-kaklo-sausgysle-kramtomas-skanestas-sunims-25-cm-frigera-1-vnt\/#primaryimage"},"image":{"@id":"https:\/\/miumjau.ee\/lt\/produktas\/jautiena-kaklo-sausgysle-kramtomas-skanestas-sunims-25-cm-frigera-1-vnt\/#primaryimage"},"thumbnailUrl":"https:\/\/miumjau.ee\/wp-content\/uploads\/2025\/05\/veise-kaela-koolus-1tk.jpg","datePublished":"2025-05-28T17:45:47+00:00","dateModified":"2026-01-07T18:45:37+00:00","breadcrumb":{"@id":"https:\/\/miumjau.ee\/lt\/produktas\/jautiena-kaklo-sausgysle-kramtomas-skanestas-sunims-25-cm-frigera-1-vnt\/#breadcrumb"},"inLanguage":"lt-LT","potentialAction":[{"@type":"ReadAction","target":["https:\/\/miumjau.ee\/lt\/produktas\/jautiena-kaklo-sausgysle-kramtomas-skanestas-sunims-25-cm-frigera-1-vnt\/"]}]},{"@type":"ImageObject","inLanguage":"lt-LT","@id":"https:\/\/miumjau.ee\/lt\/produktas\/jautiena-kaklo-sausgysle-kramtomas-skanestas-sunims-25-cm-frigera-1-vnt\/#primaryimage","url":"https:\/\/miumjau.ee\/wp-content\/uploads\/2025\/05\/veise-kaela-koolus-1tk.jpg","contentUrl":"https:\/\/miumjau.ee\/wp-content\/uploads\/2025\/05\/veise-kaela-koolus-1tk.jpg","width":600,"height":800},{"@type":"BreadcrumbList","@id":"https:\/\/miumjau.ee\/lt\/produktas\/jautiena-kaklo-sausgysle-kramtomas-skanestas-sunims-25-cm-frigera-1-vnt\/#breadcrumb","itemListElement":[{"@type":"ListItem","position":1,"name":"Home","item":"https:\/\/miumjau.ee\/lt\/"},{"@type":"ListItem","position":2,"name":"Parduotuv\u0117","item":"https:\/\/miumjau.ee\/lt\/parduotuve\/"},{"@type":"ListItem","position":3,"name":"Jautiena kaklo sausgysl\u0117 \u2013 kramtomas skan\u0117stas \u0161unims 25 cm Frigera 1 vnt."}]},{"@type":"WebSite","@id":"https:\/\/miumjau.ee\/#website","url":"https:\/\/miumjau.ee\/","name":"MiuMjau","description":"Kraapimispuud kassidele","publisher":{"@id":"https:\/\/miumjau.ee\/#organization"},"potentialAction":[{"@type":"SearchAction","target":{"@type":"EntryPoint","urlTemplate":"https:\/\/miumjau.ee\/?s={search_term_string}"},"query-input":{"@type":"PropertyValueSpecification","valueRequired":true,"valueName":"search_term_string"}}],"inLanguage":"lt-LT"},{"@type":"Organization","@id":"https:\/\/miumjau.ee\/#organization","name":"MiuMjau O\u00dc","url":"https:\/\/miumjau.ee\/","logo":{"@type":"ImageObject","inLanguage":"lt-LT","@id":"https:\/\/miumjau.ee\/#\/schema\/logo\/image\/","url":"https:\/\/miumjau.ee\/wp-content\/uploads\/2022\/04\/MiuMjau-logo-kollane.png","contentUrl":"https:\/\/miumjau.ee\/wp-content\/uploads\/2022\/04\/MiuMjau-logo-kollane.png","width":219,"height":100,"caption":"MiuMjau O\u00dc"},"image":{"@id":"https:\/\/miumjau.ee\/#\/schema\/logo\/image\/"},"sameAs":["https:\/\/www.facebook.com\/miumjaupood\/"]}]}},"_links":{"self":[{"href":"https:\/\/miumjau.ee\/lt\/wp-json\/wp\/v2\/product\/48082","targetHints":{"allow":["GET"]}}],"collection":[{"href":"https:\/\/miumjau.ee\/lt\/wp-json\/wp\/v2\/product"}],"about":[{"href":"https:\/\/miumjau.ee\/lt\/wp-json\/wp\/v2\/types\/product"}],"wp:featuredmedia":[{"embeddable":true,"href":"https:\/\/miumjau.ee\/lt\/wp-json\/wp\/v2\/media\/48078"}],"wp:attachment":[{"href":"https:\/\/miumjau.ee\/lt\/wp-json\/wp\/v2\/media?parent=48082"}],"wp:term":[{"taxonomy":"product_brand","embeddable":true,"href":"https:\/\/miumjau.ee\/lt\/wp-json\/wp\/v2\/product_brand?post=48082"},{"taxonomy":"product_cat","embeddable":true,"href":"https:\/\/miumjau.ee\/lt\/wp-json\/wp\/v2\/product_cat?post=48082"},{"taxonomy":"product_tag","embeddable":true,"href":"https:\/\/miumjau.ee\/lt\/wp-json\/wp\/v2\/product_tag?post=48082"}],"curies":[{"name":"wp","href":"https:\/\/api.w.org\/{rel}","templated":true}]}}