{"id":48072,"date":"2025-05-28T21:07:20","date_gmt":"2025-05-28T18:07:20","guid":{"rendered":"https:\/\/miumjau.ee\/toode\/kramtomas-skanestas-jautienos-kanopa-idaryta-mesa-frigera-1-vnt\/"},"modified":"2026-01-07T20:45:37","modified_gmt":"2026-01-07T18:45:37","slug":"kramtomas-skanestas-jautienos-kanopa-idaryta-mesa-frigera-1-vnt","status":"publish","type":"product","link":"https:\/\/miumjau.ee\/lt\/produktas\/kramtomas-skanestas-jautienos-kanopa-idaryta-mesa-frigera-1-vnt\/","title":{"rendered":"Kramtomas skan\u0117stas \u2013 jautienos kanopa, \u012fdaryta m\u0117sa Frigera 1 vnt"},"content":{"rendered":"","protected":false},"excerpt":{"rendered":"<p data-start=\"4270\" data-end=\"4429\">Kod\u0117l pirkti brangius sintetinius kramtukus, kai gamta si\u016blo geresn\u0119 ir sveikesn\u0119 alternatyv\u0105? M\u016bs\u0173 \u012fdaryta kanopa suteikia dvigub\u0105 malonum\u0105 su skaniu \u012fdaru!<\/p>\n<p data-start=\"4431\" data-end=\"4702\">Pasitik\u0117kite mumis \u2013 \u012fdaras specialiai sukurtas patikti \u0161un\u0173 skonio receptoriams, tod\u0117l j\u016bs\u0173 keturkojis draugas tikrai j\u012f pamils. Tai puikus skan\u0117stas jauniems \u0161unims, kuriems reikia stipraus kramtymo, palaikantis dant\u0173 higien\u0105 ir padedantis \u0161uniukams dygstant dantims.<\/p>\n<p data-start=\"4704\" data-end=\"4914\">Kanopa pati yra turtinga keratinu (baltym\u0173 r\u016b\u0161is) ir labai ma\u017eai riebal\u0173, skatinant sveikus raumenis ir blizgant\u012f kail\u012f be papildom\u0173 kalorij\u0173. Be to, ji beveik nesvokia, tod\u0117l puikiai tinka naudoti patalpose.<\/p>\n<p data-start=\"4916\" data-end=\"5098\">\u012edarytos kanopos yra prieinamas ir smagus b\u016bdas i\u0161mokyti \u0161un\u012f ger\u0173 kramtymo \u012fpro\u010di\u0173 \u2013 kai \u012fdaras suvalgomas, nat\u016brali kanopa lieka kaip papildoma premija po \u017eaidim\u0173 ir treniruo\u010di\u0173.<\/p>\n<p data-start=\"5100\" data-end=\"5236\">Grynasis kiekis: 80 g<br data-start=\"5121\" data-end=\"5124\" \/>Sud\u0117tis: Jautienos kanopa, gr\u016bdai, aliejai ir riebalai, m\u0117sa ir gyv\u016bnin\u0117s kilm\u0117s produktai, aliejinis aromatas<\/p>\n<p data-start=\"5238\" data-end=\"5477\">\u0160\u0117rimo instrukcijos: Duoti kaip u\u017ekand\u012f arba apdovanojim\u0105 tarp patiekal\u0173 kaip subalansuotos mitybos dal\u012f. Visada pri\u017ei\u016br\u0117kite \u0161un\u012f valgant skan\u0117st\u0105. Visada u\u017etikrinkite \u0161vie\u017eio vandens prieinamum\u0105. Netinka \u017emon\u0117ms ir \u0161uniukams iki 4 m\u0117n.<\/p>\n<p data-start=\"5479\" data-end=\"5540\" data-is-last-node=\"\" data-is-only-node=\"\">Analitin\u0117 sud\u0117tis: Baltymai 30 %, Riebalai 10 %, Dr\u0117gm\u0117 7,5 %<\/p>\n","protected":false},"featured_media":48068,"template":"","meta":[],"product_brand":[],"product_cat":[540],"product_tag":[],"class_list":{"0":"post-48072","1":"product","2":"type-product","3":"status-publish","4":"has-post-thumbnail","6":"product_cat-skanestai-sunims","8":"first","9":"instock","10":"taxable","11":"shipping-taxable","12":"purchasable","13":"product-type-simple"},"yoast_head":"<!-- This site is optimized with the Yoast SEO plugin v27.4 - https:\/\/yoast.com\/product\/yoast-seo-wordpress\/ -->\n<title>Kramtomas skan\u0117stas \u2013 jautienos kanopa, \u012fdaryta m\u0117sa Frigera 1 vnt - MiuMjau<\/title>\n<meta name=\"robots\" content=\"index, follow, max-snippet:-1, max-image-preview:large, max-video-preview:-1\" \/>\n<link rel=\"canonical\" href=\"https:\/\/miumjau.ee\/lt\/produktas\/kramtomas-skanestas-jautienos-kanopa-idaryta-mesa-frigera-1-vnt\/\" \/>\n<meta property=\"og:locale\" content=\"lt_LT\" \/>\n<meta property=\"og:type\" content=\"article\" \/>\n<meta property=\"og:title\" content=\"Kramtomas skan\u0117stas \u2013 jautienos kanopa, \u012fdaryta m\u0117sa Frigera 1 vnt - MiuMjau\" \/>\n<meta property=\"og:description\" content=\"Kod\u0117l pirkti brangius sintetinius kramtukus, kai gamta si\u016blo geresn\u0119 ir sveikesn\u0119 alternatyv\u0105? M\u016bs\u0173 \u012fdaryta kanopa suteikia dvigub\u0105 malonum\u0105 su skaniu \u012fdaru! Pasitik\u0117kite mumis \u2013 \u012fdaras specialiai sukurtas patikti \u0161un\u0173 skonio receptoriams, tod\u0117l j\u016bs\u0173 keturkojis draugas tikrai j\u012f pamils. Tai puikus skan\u0117stas jauniems \u0161unims, kuriems reikia stipraus kramtymo, palaikantis dant\u0173 higien\u0105 ir padedantis \u0161uniukams dygstant dantims. Kanopa pati yra turtinga keratinu (baltym\u0173 r\u016b\u0161is) ir labai ma\u017eai riebal\u0173, skatinant sveikus raumenis ir blizgant\u012f kail\u012f be papildom\u0173 kalorij\u0173. Be to, ji beveik nesvokia, tod\u0117l puikiai tinka naudoti patalpose. \u012edarytos kanopos yra prieinamas ir smagus b\u016bdas i\u0161mokyti \u0161un\u012f ger\u0173 kramtymo \u012fpro\u010di\u0173 \u2013 kai \u012fdaras suvalgomas, nat\u016brali kanopa lieka kaip papildoma premija po \u017eaidim\u0173 ir treniruo\u010di\u0173. Grynasis kiekis: 80 gSud\u0117tis: Jautienos kanopa, gr\u016bdai, aliejai ir riebalai, m\u0117sa ir gyv\u016bnin\u0117s kilm\u0117s produktai, aliejinis aromatas \u0160\u0117rimo instrukcijos: Duoti kaip u\u017ekand\u012f arba apdovanojim\u0105 tarp patiekal\u0173 kaip subalansuotos mitybos dal\u012f. Visada pri\u017ei\u016br\u0117kite \u0161un\u012f valgant skan\u0117st\u0105. Visada u\u017etikrinkite \u0161vie\u017eio vandens prieinamum\u0105. Netinka \u017emon\u0117ms ir \u0161uniukams iki 4 m\u0117n. Analitin\u0117 sud\u0117tis: Baltymai 30 %, Riebalai 10 %, Dr\u0117gm\u0117 7,5 %\" \/>\n<meta property=\"og:url\" content=\"https:\/\/miumjau.ee\/lt\/produktas\/kramtomas-skanestas-jautienos-kanopa-idaryta-mesa-frigera-1-vnt\/\" \/>\n<meta property=\"og:site_name\" content=\"MiuMjau\" \/>\n<meta property=\"article:publisher\" content=\"https:\/\/www.facebook.com\/miumjaupood\/\" \/>\n<meta property=\"article:modified_time\" content=\"2026-01-07T18:45:37+00:00\" \/>\n<meta property=\"og:image\" content=\"https:\/\/miumjau.ee\/wp-content\/uploads\/2025\/05\/narimismaius-lihaga-taidetud-sorg.jpg\" \/>\n\t<meta property=\"og:image:width\" content=\"600\" \/>\n\t<meta property=\"og:image:height\" content=\"800\" \/>\n\t<meta property=\"og:image:type\" content=\"image\/jpeg\" \/>\n<meta name=\"twitter:card\" content=\"summary_large_image\" \/>\n<script type=\"application\/ld+json\" class=\"yoast-schema-graph\">{\"@context\":\"https:\\\/\\\/schema.org\",\"@graph\":[{\"@type\":\"WebPage\",\"@id\":\"https:\\\/\\\/miumjau.ee\\\/lt\\\/produktas\\\/kramtomas-skanestas-jautienos-kanopa-idaryta-mesa-frigera-1-vnt\\\/\",\"url\":\"https:\\\/\\\/miumjau.ee\\\/lt\\\/produktas\\\/kramtomas-skanestas-jautienos-kanopa-idaryta-mesa-frigera-1-vnt\\\/\",\"name\":\"Kramtomas skan\u0117stas \u2013 jautienos kanopa, \u012fdaryta m\u0117sa Frigera 1 vnt - MiuMjau\",\"isPartOf\":{\"@id\":\"https:\\\/\\\/miumjau.ee\\\/#website\"},\"primaryImageOfPage\":{\"@id\":\"https:\\\/\\\/miumjau.ee\\\/lt\\\/produktas\\\/kramtomas-skanestas-jautienos-kanopa-idaryta-mesa-frigera-1-vnt\\\/#primaryimage\"},\"image\":{\"@id\":\"https:\\\/\\\/miumjau.ee\\\/lt\\\/produktas\\\/kramtomas-skanestas-jautienos-kanopa-idaryta-mesa-frigera-1-vnt\\\/#primaryimage\"},\"thumbnailUrl\":\"https:\\\/\\\/miumjau.ee\\\/wp-content\\\/uploads\\\/2025\\\/05\\\/narimismaius-lihaga-taidetud-sorg.jpg\",\"datePublished\":\"2025-05-28T18:07:20+00:00\",\"dateModified\":\"2026-01-07T18:45:37+00:00\",\"breadcrumb\":{\"@id\":\"https:\\\/\\\/miumjau.ee\\\/lt\\\/produktas\\\/kramtomas-skanestas-jautienos-kanopa-idaryta-mesa-frigera-1-vnt\\\/#breadcrumb\"},\"inLanguage\":\"lt-LT\",\"potentialAction\":[{\"@type\":\"ReadAction\",\"target\":[\"https:\\\/\\\/miumjau.ee\\\/lt\\\/produktas\\\/kramtomas-skanestas-jautienos-kanopa-idaryta-mesa-frigera-1-vnt\\\/\"]}]},{\"@type\":\"ImageObject\",\"inLanguage\":\"lt-LT\",\"@id\":\"https:\\\/\\\/miumjau.ee\\\/lt\\\/produktas\\\/kramtomas-skanestas-jautienos-kanopa-idaryta-mesa-frigera-1-vnt\\\/#primaryimage\",\"url\":\"https:\\\/\\\/miumjau.ee\\\/wp-content\\\/uploads\\\/2025\\\/05\\\/narimismaius-lihaga-taidetud-sorg.jpg\",\"contentUrl\":\"https:\\\/\\\/miumjau.ee\\\/wp-content\\\/uploads\\\/2025\\\/05\\\/narimismaius-lihaga-taidetud-sorg.jpg\",\"width\":600,\"height\":800},{\"@type\":\"BreadcrumbList\",\"@id\":\"https:\\\/\\\/miumjau.ee\\\/lt\\\/produktas\\\/kramtomas-skanestas-jautienos-kanopa-idaryta-mesa-frigera-1-vnt\\\/#breadcrumb\",\"itemListElement\":[{\"@type\":\"ListItem\",\"position\":1,\"name\":\"Home\",\"item\":\"https:\\\/\\\/miumjau.ee\\\/lt\\\/\"},{\"@type\":\"ListItem\",\"position\":2,\"name\":\"Parduotuv\u0117\",\"item\":\"https:\\\/\\\/miumjau.ee\\\/lt\\\/parduotuve\\\/\"},{\"@type\":\"ListItem\",\"position\":3,\"name\":\"Kramtomas skan\u0117stas \u2013 jautienos kanopa, \u012fdaryta m\u0117sa Frigera 1 vnt\"}]},{\"@type\":\"WebSite\",\"@id\":\"https:\\\/\\\/miumjau.ee\\\/#website\",\"url\":\"https:\\\/\\\/miumjau.ee\\\/\",\"name\":\"MiuMjau\",\"description\":\"Kraapimispuud kassidele\",\"publisher\":{\"@id\":\"https:\\\/\\\/miumjau.ee\\\/#organization\"},\"potentialAction\":[{\"@type\":\"SearchAction\",\"target\":{\"@type\":\"EntryPoint\",\"urlTemplate\":\"https:\\\/\\\/miumjau.ee\\\/?s={search_term_string}\"},\"query-input\":{\"@type\":\"PropertyValueSpecification\",\"valueRequired\":true,\"valueName\":\"search_term_string\"}}],\"inLanguage\":\"lt-LT\"},{\"@type\":\"Organization\",\"@id\":\"https:\\\/\\\/miumjau.ee\\\/#organization\",\"name\":\"MiuMjau O\u00dc\",\"url\":\"https:\\\/\\\/miumjau.ee\\\/\",\"logo\":{\"@type\":\"ImageObject\",\"inLanguage\":\"lt-LT\",\"@id\":\"https:\\\/\\\/miumjau.ee\\\/#\\\/schema\\\/logo\\\/image\\\/\",\"url\":\"https:\\\/\\\/miumjau.ee\\\/wp-content\\\/uploads\\\/2022\\\/04\\\/MiuMjau-logo-kollane.png\",\"contentUrl\":\"https:\\\/\\\/miumjau.ee\\\/wp-content\\\/uploads\\\/2022\\\/04\\\/MiuMjau-logo-kollane.png\",\"width\":219,\"height\":100,\"caption\":\"MiuMjau O\u00dc\"},\"image\":{\"@id\":\"https:\\\/\\\/miumjau.ee\\\/#\\\/schema\\\/logo\\\/image\\\/\"},\"sameAs\":[\"https:\\\/\\\/www.facebook.com\\\/miumjaupood\\\/\"]}]}<\/script>\n<!-- \/ Yoast SEO plugin. -->","yoast_head_json":{"title":"Kramtomas skan\u0117stas \u2013 jautienos kanopa, \u012fdaryta m\u0117sa Frigera 1 vnt - MiuMjau","robots":{"index":"index","follow":"follow","max-snippet":"max-snippet:-1","max-image-preview":"max-image-preview:large","max-video-preview":"max-video-preview:-1"},"canonical":"https:\/\/miumjau.ee\/lt\/produktas\/kramtomas-skanestas-jautienos-kanopa-idaryta-mesa-frigera-1-vnt\/","og_locale":"lt_LT","og_type":"article","og_title":"Kramtomas skan\u0117stas \u2013 jautienos kanopa, \u012fdaryta m\u0117sa Frigera 1 vnt - MiuMjau","og_description":"Kod\u0117l pirkti brangius sintetinius kramtukus, kai gamta si\u016blo geresn\u0119 ir sveikesn\u0119 alternatyv\u0105? M\u016bs\u0173 \u012fdaryta kanopa suteikia dvigub\u0105 malonum\u0105 su skaniu \u012fdaru! Pasitik\u0117kite mumis \u2013 \u012fdaras specialiai sukurtas patikti \u0161un\u0173 skonio receptoriams, tod\u0117l j\u016bs\u0173 keturkojis draugas tikrai j\u012f pamils. Tai puikus skan\u0117stas jauniems \u0161unims, kuriems reikia stipraus kramtymo, palaikantis dant\u0173 higien\u0105 ir padedantis \u0161uniukams dygstant dantims. Kanopa pati yra turtinga keratinu (baltym\u0173 r\u016b\u0161is) ir labai ma\u017eai riebal\u0173, skatinant sveikus raumenis ir blizgant\u012f kail\u012f be papildom\u0173 kalorij\u0173. Be to, ji beveik nesvokia, tod\u0117l puikiai tinka naudoti patalpose. \u012edarytos kanopos yra prieinamas ir smagus b\u016bdas i\u0161mokyti \u0161un\u012f ger\u0173 kramtymo \u012fpro\u010di\u0173 \u2013 kai \u012fdaras suvalgomas, nat\u016brali kanopa lieka kaip papildoma premija po \u017eaidim\u0173 ir treniruo\u010di\u0173. Grynasis kiekis: 80 gSud\u0117tis: Jautienos kanopa, gr\u016bdai, aliejai ir riebalai, m\u0117sa ir gyv\u016bnin\u0117s kilm\u0117s produktai, aliejinis aromatas \u0160\u0117rimo instrukcijos: Duoti kaip u\u017ekand\u012f arba apdovanojim\u0105 tarp patiekal\u0173 kaip subalansuotos mitybos dal\u012f. Visada pri\u017ei\u016br\u0117kite \u0161un\u012f valgant skan\u0117st\u0105. Visada u\u017etikrinkite \u0161vie\u017eio vandens prieinamum\u0105. Netinka \u017emon\u0117ms ir \u0161uniukams iki 4 m\u0117n. Analitin\u0117 sud\u0117tis: Baltymai 30 %, Riebalai 10 %, Dr\u0117gm\u0117 7,5 %","og_url":"https:\/\/miumjau.ee\/lt\/produktas\/kramtomas-skanestas-jautienos-kanopa-idaryta-mesa-frigera-1-vnt\/","og_site_name":"MiuMjau","article_publisher":"https:\/\/www.facebook.com\/miumjaupood\/","article_modified_time":"2026-01-07T18:45:37+00:00","og_image":[{"width":600,"height":800,"url":"https:\/\/miumjau.ee\/wp-content\/uploads\/2025\/05\/narimismaius-lihaga-taidetud-sorg.jpg","type":"image\/jpeg"}],"twitter_card":"summary_large_image","schema":{"@context":"https:\/\/schema.org","@graph":[{"@type":"WebPage","@id":"https:\/\/miumjau.ee\/lt\/produktas\/kramtomas-skanestas-jautienos-kanopa-idaryta-mesa-frigera-1-vnt\/","url":"https:\/\/miumjau.ee\/lt\/produktas\/kramtomas-skanestas-jautienos-kanopa-idaryta-mesa-frigera-1-vnt\/","name":"Kramtomas skan\u0117stas \u2013 jautienos kanopa, \u012fdaryta m\u0117sa Frigera 1 vnt - MiuMjau","isPartOf":{"@id":"https:\/\/miumjau.ee\/#website"},"primaryImageOfPage":{"@id":"https:\/\/miumjau.ee\/lt\/produktas\/kramtomas-skanestas-jautienos-kanopa-idaryta-mesa-frigera-1-vnt\/#primaryimage"},"image":{"@id":"https:\/\/miumjau.ee\/lt\/produktas\/kramtomas-skanestas-jautienos-kanopa-idaryta-mesa-frigera-1-vnt\/#primaryimage"},"thumbnailUrl":"https:\/\/miumjau.ee\/wp-content\/uploads\/2025\/05\/narimismaius-lihaga-taidetud-sorg.jpg","datePublished":"2025-05-28T18:07:20+00:00","dateModified":"2026-01-07T18:45:37+00:00","breadcrumb":{"@id":"https:\/\/miumjau.ee\/lt\/produktas\/kramtomas-skanestas-jautienos-kanopa-idaryta-mesa-frigera-1-vnt\/#breadcrumb"},"inLanguage":"lt-LT","potentialAction":[{"@type":"ReadAction","target":["https:\/\/miumjau.ee\/lt\/produktas\/kramtomas-skanestas-jautienos-kanopa-idaryta-mesa-frigera-1-vnt\/"]}]},{"@type":"ImageObject","inLanguage":"lt-LT","@id":"https:\/\/miumjau.ee\/lt\/produktas\/kramtomas-skanestas-jautienos-kanopa-idaryta-mesa-frigera-1-vnt\/#primaryimage","url":"https:\/\/miumjau.ee\/wp-content\/uploads\/2025\/05\/narimismaius-lihaga-taidetud-sorg.jpg","contentUrl":"https:\/\/miumjau.ee\/wp-content\/uploads\/2025\/05\/narimismaius-lihaga-taidetud-sorg.jpg","width":600,"height":800},{"@type":"BreadcrumbList","@id":"https:\/\/miumjau.ee\/lt\/produktas\/kramtomas-skanestas-jautienos-kanopa-idaryta-mesa-frigera-1-vnt\/#breadcrumb","itemListElement":[{"@type":"ListItem","position":1,"name":"Home","item":"https:\/\/miumjau.ee\/lt\/"},{"@type":"ListItem","position":2,"name":"Parduotuv\u0117","item":"https:\/\/miumjau.ee\/lt\/parduotuve\/"},{"@type":"ListItem","position":3,"name":"Kramtomas skan\u0117stas \u2013 jautienos kanopa, \u012fdaryta m\u0117sa Frigera 1 vnt"}]},{"@type":"WebSite","@id":"https:\/\/miumjau.ee\/#website","url":"https:\/\/miumjau.ee\/","name":"MiuMjau","description":"Kraapimispuud kassidele","publisher":{"@id":"https:\/\/miumjau.ee\/#organization"},"potentialAction":[{"@type":"SearchAction","target":{"@type":"EntryPoint","urlTemplate":"https:\/\/miumjau.ee\/?s={search_term_string}"},"query-input":{"@type":"PropertyValueSpecification","valueRequired":true,"valueName":"search_term_string"}}],"inLanguage":"lt-LT"},{"@type":"Organization","@id":"https:\/\/miumjau.ee\/#organization","name":"MiuMjau O\u00dc","url":"https:\/\/miumjau.ee\/","logo":{"@type":"ImageObject","inLanguage":"lt-LT","@id":"https:\/\/miumjau.ee\/#\/schema\/logo\/image\/","url":"https:\/\/miumjau.ee\/wp-content\/uploads\/2022\/04\/MiuMjau-logo-kollane.png","contentUrl":"https:\/\/miumjau.ee\/wp-content\/uploads\/2022\/04\/MiuMjau-logo-kollane.png","width":219,"height":100,"caption":"MiuMjau O\u00dc"},"image":{"@id":"https:\/\/miumjau.ee\/#\/schema\/logo\/image\/"},"sameAs":["https:\/\/www.facebook.com\/miumjaupood\/"]}]}},"_links":{"self":[{"href":"https:\/\/miumjau.ee\/lt\/wp-json\/wp\/v2\/product\/48072","targetHints":{"allow":["GET"]}}],"collection":[{"href":"https:\/\/miumjau.ee\/lt\/wp-json\/wp\/v2\/product"}],"about":[{"href":"https:\/\/miumjau.ee\/lt\/wp-json\/wp\/v2\/types\/product"}],"wp:featuredmedia":[{"embeddable":true,"href":"https:\/\/miumjau.ee\/lt\/wp-json\/wp\/v2\/media\/48068"}],"wp:attachment":[{"href":"https:\/\/miumjau.ee\/lt\/wp-json\/wp\/v2\/media?parent=48072"}],"wp:term":[{"taxonomy":"product_brand","embeddable":true,"href":"https:\/\/miumjau.ee\/lt\/wp-json\/wp\/v2\/product_brand?post=48072"},{"taxonomy":"product_cat","embeddable":true,"href":"https:\/\/miumjau.ee\/lt\/wp-json\/wp\/v2\/product_cat?post=48072"},{"taxonomy":"product_tag","embeddable":true,"href":"https:\/\/miumjau.ee\/lt\/wp-json\/wp\/v2\/product_tag?post=48072"}],"curies":[{"name":"wp","href":"https:\/\/api.w.org\/{rel}","templated":true}]}}