{"id":48005,"date":"2025-05-29T10:34:07","date_gmt":"2025-05-29T07:34:07","guid":{"rendered":"https:\/\/miumjau.ee\/toode\/triusio-ausys-su-kailiu-naturalus-skanestas-sunims-frigera-250-g\/"},"modified":"2026-01-07T20:45:37","modified_gmt":"2026-01-07T18:45:37","slug":"triusio-ausys-su-kailiu-naturalus-skanestas-sunims-frigera-250-g","status":"publish","type":"product","link":"https:\/\/miumjau.ee\/lt\/produktas\/triusio-ausys-su-kailiu-naturalus-skanestas-sunims-frigera-250-g\/","title":{"rendered":"Triu\u0161io ausys su kailiu, nat\u016bralus skan\u0117stas \u0161unims Frigera 250 g"},"content":{"rendered":"","protected":false},"excerpt":{"rendered":"<p data-start=\"4445\" data-end=\"4563\">Ar kiauli\u0173 ar jautienos ausys tavo \u0161uniui atrodo per da\u017enos? Ar jam yra j\u0173 netolerancija? friGERA triu\u0161io ausys pad\u0117s!<\/p>\n<p data-start=\"4565\" data-end=\"4799\">M\u016bs\u0173 triu\u0161io ausys yra nat\u016bral\u016bs skan\u0117stai, kruop\u0161\u010diai d\u017eiovinti, kad b\u016bt\u0173 patvar\u016bs, bet mink\u0161tesni ir liesesni nei pana\u0161\u016bs skan\u0117stai. \u0160ie baltym\u0173 turtingi skan\u0117stai puikiai tinka alergi\u0161kiems \u0161unims arba \u0161unims su jautriu vir\u0161kinimu.<\/p>\n<p data-start=\"4801\" data-end=\"5079\">Intensyvus kramtymas efektyviai valo \u0161uns dantis, o d\u0117l didelio mangano kiekio \u0161ie skan\u0117stai padeda i\u0161laikyti stiprius s\u0105narius ir sveikus rai\u0161\u010dius. Be to, triu\u0161io ausys yra draugi\u0161kesn\u0117 aplinkai alternatyva \u2013 triu\u0161i\u0173 auginimas daro ma\u017eesn\u0119 \u012ftak\u0105 gamtai nei galvijai ar kiaul\u0117s.<\/p>\n<p data-start=\"5081\" data-end=\"5343\">Be to, \u0161ie skan\u0117stai puikiai tinka naudoti patalpose, nes jie beveik arba visai nesiskleid\u017eia kvapo. Jei lieka nat\u016bralus kailis, jis gali pad\u0117ti i\u0161valyti \u0161uns vir\u0161kinimo trakt\u0105, imituojant nat\u016bral\u0173 pl\u0117\u0161r\u016bn\u0173 mitybos b\u016bd\u0105, kai grobis valgomas su kailiu ir kaulais!<\/p>\n<p data-start=\"5345\" data-end=\"5469\">D\u0117l dyd\u017eio ir mink\u0161tesn\u0117s tekst\u016bros triu\u0161io ausys tinka ir ma\u017eesniems \u0161unims arba \u0161unims, kuri\u0173 kramtymo raumenys silpnesni.<\/p>\n<p data-start=\"5471\" data-end=\"5495\">Sud\u0117tis: 100 % triu\u0161is<\/p>\n<p data-start=\"5497\" data-end=\"5681\">Naudojimo instrukcija: Duoti kaip u\u017ekand\u012f arba atlyg\u012f subalansuotos mitybos dalimi. Visada pri\u017ei\u016br\u0117kite \u0161un\u012f kramtant. Visada u\u017etikrinkite \u0161vie\u017eio vandens prieinamum\u0105. Netinka \u017emon\u0117ms.<\/p>\n<p data-start=\"5683\" data-end=\"5749\" data-is-last-node=\"\" data-is-only-node=\"\">Analitin\u0117 sud\u0117tis: Baltymai 56,5 %, Riebalai 33,4 %, Dr\u0117gm\u0117 9,06 %<\/p>\n","protected":false},"featured_media":48006,"template":"","meta":[],"product_brand":[],"product_cat":[540],"product_tag":[],"class_list":{"0":"post-48005","1":"product","2":"type-product","3":"status-publish","4":"has-post-thumbnail","6":"product_cat-skanestai-sunims","8":"first","9":"instock","10":"taxable","11":"shipping-taxable","12":"purchasable","13":"product-type-simple"},"yoast_head":"<!-- This site is optimized with the Yoast SEO plugin v27.2 - https:\/\/yoast.com\/product\/yoast-seo-wordpress\/ -->\n<title>Triu\u0161io ausys su kailiu, nat\u016bralus skan\u0117stas \u0161unims Frigera 250 g - MiuMjau<\/title>\n<meta name=\"robots\" content=\"index, follow, max-snippet:-1, max-image-preview:large, max-video-preview:-1\" \/>\n<link rel=\"canonical\" href=\"https:\/\/miumjau.ee\/lt\/produktas\/triusio-ausys-su-kailiu-naturalus-skanestas-sunims-frigera-250-g\/\" \/>\n<meta property=\"og:locale\" content=\"lt_LT\" \/>\n<meta property=\"og:type\" content=\"article\" \/>\n<meta property=\"og:title\" content=\"Triu\u0161io ausys su kailiu, nat\u016bralus skan\u0117stas \u0161unims Frigera 250 g - MiuMjau\" \/>\n<meta property=\"og:description\" content=\"Ar kiauli\u0173 ar jautienos ausys tavo \u0161uniui atrodo per da\u017enos? Ar jam yra j\u0173 netolerancija? friGERA triu\u0161io ausys pad\u0117s! M\u016bs\u0173 triu\u0161io ausys yra nat\u016bral\u016bs skan\u0117stai, kruop\u0161\u010diai d\u017eiovinti, kad b\u016bt\u0173 patvar\u016bs, bet mink\u0161tesni ir liesesni nei pana\u0161\u016bs skan\u0117stai. \u0160ie baltym\u0173 turtingi skan\u0117stai puikiai tinka alergi\u0161kiems \u0161unims arba \u0161unims su jautriu vir\u0161kinimu. Intensyvus kramtymas efektyviai valo \u0161uns dantis, o d\u0117l didelio mangano kiekio \u0161ie skan\u0117stai padeda i\u0161laikyti stiprius s\u0105narius ir sveikus rai\u0161\u010dius. Be to, triu\u0161io ausys yra draugi\u0161kesn\u0117 aplinkai alternatyva \u2013 triu\u0161i\u0173 auginimas daro ma\u017eesn\u0119 \u012ftak\u0105 gamtai nei galvijai ar kiaul\u0117s. Be to, \u0161ie skan\u0117stai puikiai tinka naudoti patalpose, nes jie beveik arba visai nesiskleid\u017eia kvapo. Jei lieka nat\u016bralus kailis, jis gali pad\u0117ti i\u0161valyti \u0161uns vir\u0161kinimo trakt\u0105, imituojant nat\u016bral\u0173 pl\u0117\u0161r\u016bn\u0173 mitybos b\u016bd\u0105, kai grobis valgomas su kailiu ir kaulais! D\u0117l dyd\u017eio ir mink\u0161tesn\u0117s tekst\u016bros triu\u0161io ausys tinka ir ma\u017eesniems \u0161unims arba \u0161unims, kuri\u0173 kramtymo raumenys silpnesni. Sud\u0117tis: 100 % triu\u0161is Naudojimo instrukcija: Duoti kaip u\u017ekand\u012f arba atlyg\u012f subalansuotos mitybos dalimi. Visada pri\u017ei\u016br\u0117kite \u0161un\u012f kramtant. Visada u\u017etikrinkite \u0161vie\u017eio vandens prieinamum\u0105. Netinka \u017emon\u0117ms. Analitin\u0117 sud\u0117tis: Baltymai 56,5 %, Riebalai 33,4 %, Dr\u0117gm\u0117 9,06 %\" \/>\n<meta property=\"og:url\" content=\"https:\/\/miumjau.ee\/lt\/produktas\/triusio-ausys-su-kailiu-naturalus-skanestas-sunims-frigera-250-g\/\" \/>\n<meta property=\"og:site_name\" content=\"MiuMjau\" \/>\n<meta property=\"article:publisher\" content=\"https:\/\/www.facebook.com\/miumjaupood\/\" \/>\n<meta property=\"article:modified_time\" content=\"2026-01-07T18:45:37+00:00\" \/>\n<meta property=\"og:image\" content=\"https:\/\/miumjau.ee\/wp-content\/uploads\/2025\/05\/frigera-koerte-maius-janese-korvad-karvaga-250g-classic-Photoroom.webp\" \/>\n\t<meta property=\"og:image:width\" content=\"600\" \/>\n\t<meta property=\"og:image:height\" content=\"800\" \/>\n\t<meta property=\"og:image:type\" content=\"image\/webp\" \/>\n<meta name=\"twitter:card\" content=\"summary_large_image\" \/>\n<script type=\"application\/ld+json\" class=\"yoast-schema-graph\">{\"@context\":\"https:\/\/schema.org\",\"@graph\":[{\"@type\":\"WebPage\",\"@id\":\"https:\/\/miumjau.ee\/lt\/produktas\/triusio-ausys-su-kailiu-naturalus-skanestas-sunims-frigera-250-g\/\",\"url\":\"https:\/\/miumjau.ee\/lt\/produktas\/triusio-ausys-su-kailiu-naturalus-skanestas-sunims-frigera-250-g\/\",\"name\":\"Triu\u0161io ausys su kailiu, nat\u016bralus skan\u0117stas \u0161unims Frigera 250 g - MiuMjau\",\"isPartOf\":{\"@id\":\"https:\/\/miumjau.ee\/#website\"},\"primaryImageOfPage\":{\"@id\":\"https:\/\/miumjau.ee\/lt\/produktas\/triusio-ausys-su-kailiu-naturalus-skanestas-sunims-frigera-250-g\/#primaryimage\"},\"image\":{\"@id\":\"https:\/\/miumjau.ee\/lt\/produktas\/triusio-ausys-su-kailiu-naturalus-skanestas-sunims-frigera-250-g\/#primaryimage\"},\"thumbnailUrl\":\"https:\/\/miumjau.ee\/wp-content\/uploads\/2025\/05\/frigera-koerte-maius-janese-korvad-karvaga-250g-classic-Photoroom.webp\",\"datePublished\":\"2025-05-29T07:34:07+00:00\",\"dateModified\":\"2026-01-07T18:45:37+00:00\",\"breadcrumb\":{\"@id\":\"https:\/\/miumjau.ee\/lt\/produktas\/triusio-ausys-su-kailiu-naturalus-skanestas-sunims-frigera-250-g\/#breadcrumb\"},\"inLanguage\":\"lt-LT\",\"potentialAction\":[{\"@type\":\"ReadAction\",\"target\":[\"https:\/\/miumjau.ee\/lt\/produktas\/triusio-ausys-su-kailiu-naturalus-skanestas-sunims-frigera-250-g\/\"]}]},{\"@type\":\"ImageObject\",\"inLanguage\":\"lt-LT\",\"@id\":\"https:\/\/miumjau.ee\/lt\/produktas\/triusio-ausys-su-kailiu-naturalus-skanestas-sunims-frigera-250-g\/#primaryimage\",\"url\":\"https:\/\/miumjau.ee\/wp-content\/uploads\/2025\/05\/frigera-koerte-maius-janese-korvad-karvaga-250g-classic-Photoroom.webp\",\"contentUrl\":\"https:\/\/miumjau.ee\/wp-content\/uploads\/2025\/05\/frigera-koerte-maius-janese-korvad-karvaga-250g-classic-Photoroom.webp\",\"width\":600,\"height\":800},{\"@type\":\"BreadcrumbList\",\"@id\":\"https:\/\/miumjau.ee\/lt\/produktas\/triusio-ausys-su-kailiu-naturalus-skanestas-sunims-frigera-250-g\/#breadcrumb\",\"itemListElement\":[{\"@type\":\"ListItem\",\"position\":1,\"name\":\"Home\",\"item\":\"https:\/\/miumjau.ee\/lt\/\"},{\"@type\":\"ListItem\",\"position\":2,\"name\":\"Parduotuv\u0117\",\"item\":\"https:\/\/miumjau.ee\/lt\/parduotuve\/\"},{\"@type\":\"ListItem\",\"position\":3,\"name\":\"Triu\u0161io ausys su kailiu, nat\u016bralus skan\u0117stas \u0161unims Frigera 250 g\"}]},{\"@type\":\"WebSite\",\"@id\":\"https:\/\/miumjau.ee\/#website\",\"url\":\"https:\/\/miumjau.ee\/\",\"name\":\"MiuMjau\",\"description\":\"Kraapimispuud kassidele\",\"publisher\":{\"@id\":\"https:\/\/miumjau.ee\/#organization\"},\"potentialAction\":[{\"@type\":\"SearchAction\",\"target\":{\"@type\":\"EntryPoint\",\"urlTemplate\":\"https:\/\/miumjau.ee\/?s={search_term_string}\"},\"query-input\":{\"@type\":\"PropertyValueSpecification\",\"valueRequired\":true,\"valueName\":\"search_term_string\"}}],\"inLanguage\":\"lt-LT\"},{\"@type\":\"Organization\",\"@id\":\"https:\/\/miumjau.ee\/#organization\",\"name\":\"MiuMjau O\u00dc\",\"url\":\"https:\/\/miumjau.ee\/\",\"logo\":{\"@type\":\"ImageObject\",\"inLanguage\":\"lt-LT\",\"@id\":\"https:\/\/miumjau.ee\/#\/schema\/logo\/image\/\",\"url\":\"https:\/\/miumjau.ee\/wp-content\/uploads\/2022\/04\/MiuMjau-logo-kollane.png\",\"contentUrl\":\"https:\/\/miumjau.ee\/wp-content\/uploads\/2022\/04\/MiuMjau-logo-kollane.png\",\"width\":219,\"height\":100,\"caption\":\"MiuMjau O\u00dc\"},\"image\":{\"@id\":\"https:\/\/miumjau.ee\/#\/schema\/logo\/image\/\"},\"sameAs\":[\"https:\/\/www.facebook.com\/miumjaupood\/\"]}]}<\/script>\n<!-- \/ Yoast SEO plugin. -->","yoast_head_json":{"title":"Triu\u0161io ausys su kailiu, nat\u016bralus skan\u0117stas \u0161unims Frigera 250 g - MiuMjau","robots":{"index":"index","follow":"follow","max-snippet":"max-snippet:-1","max-image-preview":"max-image-preview:large","max-video-preview":"max-video-preview:-1"},"canonical":"https:\/\/miumjau.ee\/lt\/produktas\/triusio-ausys-su-kailiu-naturalus-skanestas-sunims-frigera-250-g\/","og_locale":"lt_LT","og_type":"article","og_title":"Triu\u0161io ausys su kailiu, nat\u016bralus skan\u0117stas \u0161unims Frigera 250 g - MiuMjau","og_description":"Ar kiauli\u0173 ar jautienos ausys tavo \u0161uniui atrodo per da\u017enos? Ar jam yra j\u0173 netolerancija? friGERA triu\u0161io ausys pad\u0117s! M\u016bs\u0173 triu\u0161io ausys yra nat\u016bral\u016bs skan\u0117stai, kruop\u0161\u010diai d\u017eiovinti, kad b\u016bt\u0173 patvar\u016bs, bet mink\u0161tesni ir liesesni nei pana\u0161\u016bs skan\u0117stai. \u0160ie baltym\u0173 turtingi skan\u0117stai puikiai tinka alergi\u0161kiems \u0161unims arba \u0161unims su jautriu vir\u0161kinimu. Intensyvus kramtymas efektyviai valo \u0161uns dantis, o d\u0117l didelio mangano kiekio \u0161ie skan\u0117stai padeda i\u0161laikyti stiprius s\u0105narius ir sveikus rai\u0161\u010dius. Be to, triu\u0161io ausys yra draugi\u0161kesn\u0117 aplinkai alternatyva \u2013 triu\u0161i\u0173 auginimas daro ma\u017eesn\u0119 \u012ftak\u0105 gamtai nei galvijai ar kiaul\u0117s. Be to, \u0161ie skan\u0117stai puikiai tinka naudoti patalpose, nes jie beveik arba visai nesiskleid\u017eia kvapo. Jei lieka nat\u016bralus kailis, jis gali pad\u0117ti i\u0161valyti \u0161uns vir\u0161kinimo trakt\u0105, imituojant nat\u016bral\u0173 pl\u0117\u0161r\u016bn\u0173 mitybos b\u016bd\u0105, kai grobis valgomas su kailiu ir kaulais! D\u0117l dyd\u017eio ir mink\u0161tesn\u0117s tekst\u016bros triu\u0161io ausys tinka ir ma\u017eesniems \u0161unims arba \u0161unims, kuri\u0173 kramtymo raumenys silpnesni. Sud\u0117tis: 100 % triu\u0161is Naudojimo instrukcija: Duoti kaip u\u017ekand\u012f arba atlyg\u012f subalansuotos mitybos dalimi. Visada pri\u017ei\u016br\u0117kite \u0161un\u012f kramtant. Visada u\u017etikrinkite \u0161vie\u017eio vandens prieinamum\u0105. Netinka \u017emon\u0117ms. Analitin\u0117 sud\u0117tis: Baltymai 56,5 %, Riebalai 33,4 %, Dr\u0117gm\u0117 9,06 %","og_url":"https:\/\/miumjau.ee\/lt\/produktas\/triusio-ausys-su-kailiu-naturalus-skanestas-sunims-frigera-250-g\/","og_site_name":"MiuMjau","article_publisher":"https:\/\/www.facebook.com\/miumjaupood\/","article_modified_time":"2026-01-07T18:45:37+00:00","og_image":[{"width":600,"height":800,"url":"https:\/\/miumjau.ee\/wp-content\/uploads\/2025\/05\/frigera-koerte-maius-janese-korvad-karvaga-250g-classic-Photoroom.webp","type":"image\/webp"}],"twitter_card":"summary_large_image","schema":{"@context":"https:\/\/schema.org","@graph":[{"@type":"WebPage","@id":"https:\/\/miumjau.ee\/lt\/produktas\/triusio-ausys-su-kailiu-naturalus-skanestas-sunims-frigera-250-g\/","url":"https:\/\/miumjau.ee\/lt\/produktas\/triusio-ausys-su-kailiu-naturalus-skanestas-sunims-frigera-250-g\/","name":"Triu\u0161io ausys su kailiu, nat\u016bralus skan\u0117stas \u0161unims Frigera 250 g - MiuMjau","isPartOf":{"@id":"https:\/\/miumjau.ee\/#website"},"primaryImageOfPage":{"@id":"https:\/\/miumjau.ee\/lt\/produktas\/triusio-ausys-su-kailiu-naturalus-skanestas-sunims-frigera-250-g\/#primaryimage"},"image":{"@id":"https:\/\/miumjau.ee\/lt\/produktas\/triusio-ausys-su-kailiu-naturalus-skanestas-sunims-frigera-250-g\/#primaryimage"},"thumbnailUrl":"https:\/\/miumjau.ee\/wp-content\/uploads\/2025\/05\/frigera-koerte-maius-janese-korvad-karvaga-250g-classic-Photoroom.webp","datePublished":"2025-05-29T07:34:07+00:00","dateModified":"2026-01-07T18:45:37+00:00","breadcrumb":{"@id":"https:\/\/miumjau.ee\/lt\/produktas\/triusio-ausys-su-kailiu-naturalus-skanestas-sunims-frigera-250-g\/#breadcrumb"},"inLanguage":"lt-LT","potentialAction":[{"@type":"ReadAction","target":["https:\/\/miumjau.ee\/lt\/produktas\/triusio-ausys-su-kailiu-naturalus-skanestas-sunims-frigera-250-g\/"]}]},{"@type":"ImageObject","inLanguage":"lt-LT","@id":"https:\/\/miumjau.ee\/lt\/produktas\/triusio-ausys-su-kailiu-naturalus-skanestas-sunims-frigera-250-g\/#primaryimage","url":"https:\/\/miumjau.ee\/wp-content\/uploads\/2025\/05\/frigera-koerte-maius-janese-korvad-karvaga-250g-classic-Photoroom.webp","contentUrl":"https:\/\/miumjau.ee\/wp-content\/uploads\/2025\/05\/frigera-koerte-maius-janese-korvad-karvaga-250g-classic-Photoroom.webp","width":600,"height":800},{"@type":"BreadcrumbList","@id":"https:\/\/miumjau.ee\/lt\/produktas\/triusio-ausys-su-kailiu-naturalus-skanestas-sunims-frigera-250-g\/#breadcrumb","itemListElement":[{"@type":"ListItem","position":1,"name":"Home","item":"https:\/\/miumjau.ee\/lt\/"},{"@type":"ListItem","position":2,"name":"Parduotuv\u0117","item":"https:\/\/miumjau.ee\/lt\/parduotuve\/"},{"@type":"ListItem","position":3,"name":"Triu\u0161io ausys su kailiu, nat\u016bralus skan\u0117stas \u0161unims Frigera 250 g"}]},{"@type":"WebSite","@id":"https:\/\/miumjau.ee\/#website","url":"https:\/\/miumjau.ee\/","name":"MiuMjau","description":"Kraapimispuud kassidele","publisher":{"@id":"https:\/\/miumjau.ee\/#organization"},"potentialAction":[{"@type":"SearchAction","target":{"@type":"EntryPoint","urlTemplate":"https:\/\/miumjau.ee\/?s={search_term_string}"},"query-input":{"@type":"PropertyValueSpecification","valueRequired":true,"valueName":"search_term_string"}}],"inLanguage":"lt-LT"},{"@type":"Organization","@id":"https:\/\/miumjau.ee\/#organization","name":"MiuMjau O\u00dc","url":"https:\/\/miumjau.ee\/","logo":{"@type":"ImageObject","inLanguage":"lt-LT","@id":"https:\/\/miumjau.ee\/#\/schema\/logo\/image\/","url":"https:\/\/miumjau.ee\/wp-content\/uploads\/2022\/04\/MiuMjau-logo-kollane.png","contentUrl":"https:\/\/miumjau.ee\/wp-content\/uploads\/2022\/04\/MiuMjau-logo-kollane.png","width":219,"height":100,"caption":"MiuMjau O\u00dc"},"image":{"@id":"https:\/\/miumjau.ee\/#\/schema\/logo\/image\/"},"sameAs":["https:\/\/www.facebook.com\/miumjaupood\/"]}]}},"_links":{"self":[{"href":"https:\/\/miumjau.ee\/lt\/wp-json\/wp\/v2\/product\/48005","targetHints":{"allow":["GET"]}}],"collection":[{"href":"https:\/\/miumjau.ee\/lt\/wp-json\/wp\/v2\/product"}],"about":[{"href":"https:\/\/miumjau.ee\/lt\/wp-json\/wp\/v2\/types\/product"}],"wp:featuredmedia":[{"embeddable":true,"href":"https:\/\/miumjau.ee\/lt\/wp-json\/wp\/v2\/media\/48006"}],"wp:attachment":[{"href":"https:\/\/miumjau.ee\/lt\/wp-json\/wp\/v2\/media?parent=48005"}],"wp:term":[{"taxonomy":"product_brand","embeddable":true,"href":"https:\/\/miumjau.ee\/lt\/wp-json\/wp\/v2\/product_brand?post=48005"},{"taxonomy":"product_cat","embeddable":true,"href":"https:\/\/miumjau.ee\/lt\/wp-json\/wp\/v2\/product_cat?post=48005"},{"taxonomy":"product_tag","embeddable":true,"href":"https:\/\/miumjau.ee\/lt\/wp-json\/wp\/v2\/product_tag?post=48005"}],"curies":[{"name":"wp","href":"https:\/\/api.w.org\/{rel}","templated":true}]}}