{"id":47999,"date":"2025-05-29T10:43:44","date_gmt":"2025-05-29T07:43:44","guid":{"rendered":"https:\/\/miumjau.ee\/toode\/kiauliu-ausys-naturalus-sunu-skanestas-frigera-200-g\/"},"modified":"2026-01-07T20:45:37","modified_gmt":"2026-01-07T18:45:37","slug":"kiauliu-ausys-naturalus-sunu-skanestas-frigera-200-g","status":"publish","type":"product","link":"https:\/\/miumjau.ee\/lt\/produktas\/kiauliu-ausys-naturalus-sunu-skanestas-frigera-200-g\/","title":{"rendered":"Kiauli\u0173 ausys, nat\u016bralus \u0161un\u0173 skan\u0117stas Frigera 200 g"},"content":{"rendered":"","protected":false},"excerpt":{"rendered":"<p data-start=\"4714\" data-end=\"4966\">Ie\u0161kai ne\u012ftik\u0117tinai skanaus, tvirto ir visi\u0161kai nat\u016bralaus kramtomo skan\u0117sto savo mylimam kailiniam \u0161eimos nariui? Mes turime tau puik\u0173 pasirinkim\u0105! Susipa\u017eink su tikru klasikiniu nat\u016brali\u0173 d\u017eiovint\u0173 \u0161un\u0173 skan\u0117st\u0173 pasirinkimu \u2013 friGERA kiauli\u0173 ausimis!<\/p>\n<p data-start=\"4968\" data-end=\"5402\">M\u016bs\u0173 kiauli\u0173 ausys pagamintos i\u0161 geriausi\u0173 \u0161vie\u017ei\u0173 \u017ealiav\u0173, kruop\u0161\u010diai d\u017eiovintos. Jos taip pat yra puikus baltym\u0173 \u0161altinis, svarbus sveikai raumen\u0173 sistemai palaikyti. Kadangi kiauli\u0173 ausys daugiausia sudarytos i\u0161 kremzli\u0173 ir odos, jos padeda i\u0161laikyti \u0161uns dantis ir dantenas sveikas. Jos net turi \u0161iek tiek prana\u0161um\u0105 prie\u0161 pana\u0161ius skan\u0117stus i\u0161 kit\u0173 gyv\u016bn\u0173, nes kiauli\u0173 oda paprastai yra mink\u0161tesn\u0117, tod\u0117l \u0161velnesn\u0117 \u0161uns dantenoms.<\/p>\n<p data-start=\"5404\" data-end=\"5774\">Kiauli\u0173 ausys turi daugiau riebal\u0173 nei kiti d\u017eiovinti nat\u016bral\u016bs skan\u0117stai, ta\u010diau tai n\u0117ra problema, jei duodamos saikingai. Riebalai suteikia skonio ir yra prie\u017eastis, kod\u0117l \u0161unys jas taip m\u0117gsta. Be to, riebalai yra geras energijos \u0161altinis \u0161unims, nes j\u0173 med\u017eiag\u0173 apykaita ir jud\u0117jimo modeliai skiriasi nuo m\u016bs\u0173 \u2013 jiems reikia ir jie sunaudoja daug daugiau energijos!<\/p>\n<p data-start=\"5776\" data-end=\"5892\">Nepriklausomai nuo \u0161uns dyd\u017eio ar am\u017eiaus, jis negal\u0117s atsispirti friGERA skani\u0173 kiauli\u0173 aus\u0173 charakteringam kvapui!<\/p>\n<p data-start=\"5894\" data-end=\"5917\">Sud\u0117tis: 100 % kiaul\u0117<\/p>\n<p data-start=\"5919\" data-end=\"6103\">Naudojimo instrukcija: Duoti kaip u\u017ekand\u012f arba atlyg\u012f subalansuotos mitybos dalimi. Visada pri\u017ei\u016br\u0117kite \u0161un\u012f kramtant. Visada u\u017etikrinkite \u0161vie\u017eio vandens prieinamum\u0105. Netinka \u017emon\u0117ms.<\/p>\n<p data-start=\"6105\" data-end=\"6168\" data-is-last-node=\"\" data-is-only-node=\"\">Analitin\u0117 sud\u0117tis: Baltymai 68 %, Riebalai 24,1 %, Dr\u0117gm\u0117 9,7 %<\/p>\n","protected":false},"featured_media":48000,"template":"","meta":[],"product_brand":[],"product_cat":[540],"product_tag":[],"class_list":{"0":"post-47999","1":"product","2":"type-product","3":"status-publish","4":"has-post-thumbnail","6":"product_cat-skanestai-sunims","8":"first","9":"instock","10":"sale","11":"taxable","12":"shipping-taxable","13":"purchasable","14":"product-type-simple"},"yoast_head":"<!-- This site is optimized with the Yoast SEO plugin v27.2 - https:\/\/yoast.com\/product\/yoast-seo-wordpress\/ -->\n<title>Kiauli\u0173 ausys, nat\u016bralus \u0161un\u0173 skan\u0117stas Frigera 200 g - MiuMjau<\/title>\n<meta name=\"robots\" content=\"index, follow, max-snippet:-1, max-image-preview:large, max-video-preview:-1\" \/>\n<link rel=\"canonical\" href=\"https:\/\/miumjau.ee\/lt\/produktas\/kiauliu-ausys-naturalus-sunu-skanestas-frigera-200-g\/\" \/>\n<meta property=\"og:locale\" content=\"lt_LT\" \/>\n<meta property=\"og:type\" content=\"article\" \/>\n<meta property=\"og:title\" content=\"Kiauli\u0173 ausys, nat\u016bralus \u0161un\u0173 skan\u0117stas Frigera 200 g - MiuMjau\" \/>\n<meta property=\"og:description\" content=\"Ie\u0161kai ne\u012ftik\u0117tinai skanaus, tvirto ir visi\u0161kai nat\u016bralaus kramtomo skan\u0117sto savo mylimam kailiniam \u0161eimos nariui? Mes turime tau puik\u0173 pasirinkim\u0105! Susipa\u017eink su tikru klasikiniu nat\u016brali\u0173 d\u017eiovint\u0173 \u0161un\u0173 skan\u0117st\u0173 pasirinkimu \u2013 friGERA kiauli\u0173 ausimis! M\u016bs\u0173 kiauli\u0173 ausys pagamintos i\u0161 geriausi\u0173 \u0161vie\u017ei\u0173 \u017ealiav\u0173, kruop\u0161\u010diai d\u017eiovintos. Jos taip pat yra puikus baltym\u0173 \u0161altinis, svarbus sveikai raumen\u0173 sistemai palaikyti. Kadangi kiauli\u0173 ausys daugiausia sudarytos i\u0161 kremzli\u0173 ir odos, jos padeda i\u0161laikyti \u0161uns dantis ir dantenas sveikas. Jos net turi \u0161iek tiek prana\u0161um\u0105 prie\u0161 pana\u0161ius skan\u0117stus i\u0161 kit\u0173 gyv\u016bn\u0173, nes kiauli\u0173 oda paprastai yra mink\u0161tesn\u0117, tod\u0117l \u0161velnesn\u0117 \u0161uns dantenoms. Kiauli\u0173 ausys turi daugiau riebal\u0173 nei kiti d\u017eiovinti nat\u016bral\u016bs skan\u0117stai, ta\u010diau tai n\u0117ra problema, jei duodamos saikingai. Riebalai suteikia skonio ir yra prie\u017eastis, kod\u0117l \u0161unys jas taip m\u0117gsta. Be to, riebalai yra geras energijos \u0161altinis \u0161unims, nes j\u0173 med\u017eiag\u0173 apykaita ir jud\u0117jimo modeliai skiriasi nuo m\u016bs\u0173 \u2013 jiems reikia ir jie sunaudoja daug daugiau energijos! Nepriklausomai nuo \u0161uns dyd\u017eio ar am\u017eiaus, jis negal\u0117s atsispirti friGERA skani\u0173 kiauli\u0173 aus\u0173 charakteringam kvapui! Sud\u0117tis: 100 % kiaul\u0117 Naudojimo instrukcija: Duoti kaip u\u017ekand\u012f arba atlyg\u012f subalansuotos mitybos dalimi. Visada pri\u017ei\u016br\u0117kite \u0161un\u012f kramtant. Visada u\u017etikrinkite \u0161vie\u017eio vandens prieinamum\u0105. Netinka \u017emon\u0117ms. Analitin\u0117 sud\u0117tis: Baltymai 68 %, Riebalai 24,1 %, Dr\u0117gm\u0117 9,7 %\" \/>\n<meta property=\"og:url\" content=\"https:\/\/miumjau.ee\/lt\/produktas\/kiauliu-ausys-naturalus-sunu-skanestas-frigera-200-g\/\" \/>\n<meta property=\"og:site_name\" content=\"MiuMjau\" \/>\n<meta property=\"article:publisher\" content=\"https:\/\/www.facebook.com\/miumjaupood\/\" \/>\n<meta property=\"article:modified_time\" content=\"2026-01-07T18:45:37+00:00\" \/>\n<meta property=\"og:image\" content=\"https:\/\/miumjau.ee\/wp-content\/uploads\/2025\/05\/frigera-koerte-maius-seakorvad-200-g-1-Photoroom.webp\" \/>\n\t<meta property=\"og:image:width\" content=\"600\" \/>\n\t<meta property=\"og:image:height\" content=\"800\" \/>\n\t<meta property=\"og:image:type\" content=\"image\/webp\" \/>\n<meta name=\"twitter:card\" content=\"summary_large_image\" \/>\n<script type=\"application\/ld+json\" class=\"yoast-schema-graph\">{\"@context\":\"https:\/\/schema.org\",\"@graph\":[{\"@type\":\"WebPage\",\"@id\":\"https:\/\/miumjau.ee\/lt\/produktas\/kiauliu-ausys-naturalus-sunu-skanestas-frigera-200-g\/\",\"url\":\"https:\/\/miumjau.ee\/lt\/produktas\/kiauliu-ausys-naturalus-sunu-skanestas-frigera-200-g\/\",\"name\":\"Kiauli\u0173 ausys, nat\u016bralus \u0161un\u0173 skan\u0117stas Frigera 200 g - MiuMjau\",\"isPartOf\":{\"@id\":\"https:\/\/miumjau.ee\/#website\"},\"primaryImageOfPage\":{\"@id\":\"https:\/\/miumjau.ee\/lt\/produktas\/kiauliu-ausys-naturalus-sunu-skanestas-frigera-200-g\/#primaryimage\"},\"image\":{\"@id\":\"https:\/\/miumjau.ee\/lt\/produktas\/kiauliu-ausys-naturalus-sunu-skanestas-frigera-200-g\/#primaryimage\"},\"thumbnailUrl\":\"https:\/\/miumjau.ee\/wp-content\/uploads\/2025\/05\/frigera-koerte-maius-seakorvad-200-g-1-Photoroom.webp\",\"datePublished\":\"2025-05-29T07:43:44+00:00\",\"dateModified\":\"2026-01-07T18:45:37+00:00\",\"breadcrumb\":{\"@id\":\"https:\/\/miumjau.ee\/lt\/produktas\/kiauliu-ausys-naturalus-sunu-skanestas-frigera-200-g\/#breadcrumb\"},\"inLanguage\":\"lt-LT\",\"potentialAction\":[{\"@type\":\"ReadAction\",\"target\":[\"https:\/\/miumjau.ee\/lt\/produktas\/kiauliu-ausys-naturalus-sunu-skanestas-frigera-200-g\/\"]}]},{\"@type\":\"ImageObject\",\"inLanguage\":\"lt-LT\",\"@id\":\"https:\/\/miumjau.ee\/lt\/produktas\/kiauliu-ausys-naturalus-sunu-skanestas-frigera-200-g\/#primaryimage\",\"url\":\"https:\/\/miumjau.ee\/wp-content\/uploads\/2025\/05\/frigera-koerte-maius-seakorvad-200-g-1-Photoroom.webp\",\"contentUrl\":\"https:\/\/miumjau.ee\/wp-content\/uploads\/2025\/05\/frigera-koerte-maius-seakorvad-200-g-1-Photoroom.webp\",\"width\":600,\"height\":800},{\"@type\":\"BreadcrumbList\",\"@id\":\"https:\/\/miumjau.ee\/lt\/produktas\/kiauliu-ausys-naturalus-sunu-skanestas-frigera-200-g\/#breadcrumb\",\"itemListElement\":[{\"@type\":\"ListItem\",\"position\":1,\"name\":\"Home\",\"item\":\"https:\/\/miumjau.ee\/lt\/\"},{\"@type\":\"ListItem\",\"position\":2,\"name\":\"Parduotuv\u0117\",\"item\":\"https:\/\/miumjau.ee\/lt\/parduotuve\/\"},{\"@type\":\"ListItem\",\"position\":3,\"name\":\"Kiauli\u0173 ausys, nat\u016bralus \u0161un\u0173 skan\u0117stas Frigera 200 g\"}]},{\"@type\":\"WebSite\",\"@id\":\"https:\/\/miumjau.ee\/#website\",\"url\":\"https:\/\/miumjau.ee\/\",\"name\":\"MiuMjau\",\"description\":\"Kraapimispuud kassidele\",\"publisher\":{\"@id\":\"https:\/\/miumjau.ee\/#organization\"},\"potentialAction\":[{\"@type\":\"SearchAction\",\"target\":{\"@type\":\"EntryPoint\",\"urlTemplate\":\"https:\/\/miumjau.ee\/?s={search_term_string}\"},\"query-input\":{\"@type\":\"PropertyValueSpecification\",\"valueRequired\":true,\"valueName\":\"search_term_string\"}}],\"inLanguage\":\"lt-LT\"},{\"@type\":\"Organization\",\"@id\":\"https:\/\/miumjau.ee\/#organization\",\"name\":\"MiuMjau O\u00dc\",\"url\":\"https:\/\/miumjau.ee\/\",\"logo\":{\"@type\":\"ImageObject\",\"inLanguage\":\"lt-LT\",\"@id\":\"https:\/\/miumjau.ee\/#\/schema\/logo\/image\/\",\"url\":\"https:\/\/miumjau.ee\/wp-content\/uploads\/2022\/04\/MiuMjau-logo-kollane.png\",\"contentUrl\":\"https:\/\/miumjau.ee\/wp-content\/uploads\/2022\/04\/MiuMjau-logo-kollane.png\",\"width\":219,\"height\":100,\"caption\":\"MiuMjau O\u00dc\"},\"image\":{\"@id\":\"https:\/\/miumjau.ee\/#\/schema\/logo\/image\/\"},\"sameAs\":[\"https:\/\/www.facebook.com\/miumjaupood\/\"]}]}<\/script>\n<!-- \/ Yoast SEO plugin. -->","yoast_head_json":{"title":"Kiauli\u0173 ausys, nat\u016bralus \u0161un\u0173 skan\u0117stas Frigera 200 g - MiuMjau","robots":{"index":"index","follow":"follow","max-snippet":"max-snippet:-1","max-image-preview":"max-image-preview:large","max-video-preview":"max-video-preview:-1"},"canonical":"https:\/\/miumjau.ee\/lt\/produktas\/kiauliu-ausys-naturalus-sunu-skanestas-frigera-200-g\/","og_locale":"lt_LT","og_type":"article","og_title":"Kiauli\u0173 ausys, nat\u016bralus \u0161un\u0173 skan\u0117stas Frigera 200 g - MiuMjau","og_description":"Ie\u0161kai ne\u012ftik\u0117tinai skanaus, tvirto ir visi\u0161kai nat\u016bralaus kramtomo skan\u0117sto savo mylimam kailiniam \u0161eimos nariui? Mes turime tau puik\u0173 pasirinkim\u0105! Susipa\u017eink su tikru klasikiniu nat\u016brali\u0173 d\u017eiovint\u0173 \u0161un\u0173 skan\u0117st\u0173 pasirinkimu \u2013 friGERA kiauli\u0173 ausimis! M\u016bs\u0173 kiauli\u0173 ausys pagamintos i\u0161 geriausi\u0173 \u0161vie\u017ei\u0173 \u017ealiav\u0173, kruop\u0161\u010diai d\u017eiovintos. Jos taip pat yra puikus baltym\u0173 \u0161altinis, svarbus sveikai raumen\u0173 sistemai palaikyti. Kadangi kiauli\u0173 ausys daugiausia sudarytos i\u0161 kremzli\u0173 ir odos, jos padeda i\u0161laikyti \u0161uns dantis ir dantenas sveikas. Jos net turi \u0161iek tiek prana\u0161um\u0105 prie\u0161 pana\u0161ius skan\u0117stus i\u0161 kit\u0173 gyv\u016bn\u0173, nes kiauli\u0173 oda paprastai yra mink\u0161tesn\u0117, tod\u0117l \u0161velnesn\u0117 \u0161uns dantenoms. Kiauli\u0173 ausys turi daugiau riebal\u0173 nei kiti d\u017eiovinti nat\u016bral\u016bs skan\u0117stai, ta\u010diau tai n\u0117ra problema, jei duodamos saikingai. Riebalai suteikia skonio ir yra prie\u017eastis, kod\u0117l \u0161unys jas taip m\u0117gsta. Be to, riebalai yra geras energijos \u0161altinis \u0161unims, nes j\u0173 med\u017eiag\u0173 apykaita ir jud\u0117jimo modeliai skiriasi nuo m\u016bs\u0173 \u2013 jiems reikia ir jie sunaudoja daug daugiau energijos! Nepriklausomai nuo \u0161uns dyd\u017eio ar am\u017eiaus, jis negal\u0117s atsispirti friGERA skani\u0173 kiauli\u0173 aus\u0173 charakteringam kvapui! Sud\u0117tis: 100 % kiaul\u0117 Naudojimo instrukcija: Duoti kaip u\u017ekand\u012f arba atlyg\u012f subalansuotos mitybos dalimi. Visada pri\u017ei\u016br\u0117kite \u0161un\u012f kramtant. Visada u\u017etikrinkite \u0161vie\u017eio vandens prieinamum\u0105. Netinka \u017emon\u0117ms. Analitin\u0117 sud\u0117tis: Baltymai 68 %, Riebalai 24,1 %, Dr\u0117gm\u0117 9,7 %","og_url":"https:\/\/miumjau.ee\/lt\/produktas\/kiauliu-ausys-naturalus-sunu-skanestas-frigera-200-g\/","og_site_name":"MiuMjau","article_publisher":"https:\/\/www.facebook.com\/miumjaupood\/","article_modified_time":"2026-01-07T18:45:37+00:00","og_image":[{"width":600,"height":800,"url":"https:\/\/miumjau.ee\/wp-content\/uploads\/2025\/05\/frigera-koerte-maius-seakorvad-200-g-1-Photoroom.webp","type":"image\/webp"}],"twitter_card":"summary_large_image","schema":{"@context":"https:\/\/schema.org","@graph":[{"@type":"WebPage","@id":"https:\/\/miumjau.ee\/lt\/produktas\/kiauliu-ausys-naturalus-sunu-skanestas-frigera-200-g\/","url":"https:\/\/miumjau.ee\/lt\/produktas\/kiauliu-ausys-naturalus-sunu-skanestas-frigera-200-g\/","name":"Kiauli\u0173 ausys, nat\u016bralus \u0161un\u0173 skan\u0117stas Frigera 200 g - MiuMjau","isPartOf":{"@id":"https:\/\/miumjau.ee\/#website"},"primaryImageOfPage":{"@id":"https:\/\/miumjau.ee\/lt\/produktas\/kiauliu-ausys-naturalus-sunu-skanestas-frigera-200-g\/#primaryimage"},"image":{"@id":"https:\/\/miumjau.ee\/lt\/produktas\/kiauliu-ausys-naturalus-sunu-skanestas-frigera-200-g\/#primaryimage"},"thumbnailUrl":"https:\/\/miumjau.ee\/wp-content\/uploads\/2025\/05\/frigera-koerte-maius-seakorvad-200-g-1-Photoroom.webp","datePublished":"2025-05-29T07:43:44+00:00","dateModified":"2026-01-07T18:45:37+00:00","breadcrumb":{"@id":"https:\/\/miumjau.ee\/lt\/produktas\/kiauliu-ausys-naturalus-sunu-skanestas-frigera-200-g\/#breadcrumb"},"inLanguage":"lt-LT","potentialAction":[{"@type":"ReadAction","target":["https:\/\/miumjau.ee\/lt\/produktas\/kiauliu-ausys-naturalus-sunu-skanestas-frigera-200-g\/"]}]},{"@type":"ImageObject","inLanguage":"lt-LT","@id":"https:\/\/miumjau.ee\/lt\/produktas\/kiauliu-ausys-naturalus-sunu-skanestas-frigera-200-g\/#primaryimage","url":"https:\/\/miumjau.ee\/wp-content\/uploads\/2025\/05\/frigera-koerte-maius-seakorvad-200-g-1-Photoroom.webp","contentUrl":"https:\/\/miumjau.ee\/wp-content\/uploads\/2025\/05\/frigera-koerte-maius-seakorvad-200-g-1-Photoroom.webp","width":600,"height":800},{"@type":"BreadcrumbList","@id":"https:\/\/miumjau.ee\/lt\/produktas\/kiauliu-ausys-naturalus-sunu-skanestas-frigera-200-g\/#breadcrumb","itemListElement":[{"@type":"ListItem","position":1,"name":"Home","item":"https:\/\/miumjau.ee\/lt\/"},{"@type":"ListItem","position":2,"name":"Parduotuv\u0117","item":"https:\/\/miumjau.ee\/lt\/parduotuve\/"},{"@type":"ListItem","position":3,"name":"Kiauli\u0173 ausys, nat\u016bralus \u0161un\u0173 skan\u0117stas Frigera 200 g"}]},{"@type":"WebSite","@id":"https:\/\/miumjau.ee\/#website","url":"https:\/\/miumjau.ee\/","name":"MiuMjau","description":"Kraapimispuud kassidele","publisher":{"@id":"https:\/\/miumjau.ee\/#organization"},"potentialAction":[{"@type":"SearchAction","target":{"@type":"EntryPoint","urlTemplate":"https:\/\/miumjau.ee\/?s={search_term_string}"},"query-input":{"@type":"PropertyValueSpecification","valueRequired":true,"valueName":"search_term_string"}}],"inLanguage":"lt-LT"},{"@type":"Organization","@id":"https:\/\/miumjau.ee\/#organization","name":"MiuMjau O\u00dc","url":"https:\/\/miumjau.ee\/","logo":{"@type":"ImageObject","inLanguage":"lt-LT","@id":"https:\/\/miumjau.ee\/#\/schema\/logo\/image\/","url":"https:\/\/miumjau.ee\/wp-content\/uploads\/2022\/04\/MiuMjau-logo-kollane.png","contentUrl":"https:\/\/miumjau.ee\/wp-content\/uploads\/2022\/04\/MiuMjau-logo-kollane.png","width":219,"height":100,"caption":"MiuMjau O\u00dc"},"image":{"@id":"https:\/\/miumjau.ee\/#\/schema\/logo\/image\/"},"sameAs":["https:\/\/www.facebook.com\/miumjaupood\/"]}]}},"_links":{"self":[{"href":"https:\/\/miumjau.ee\/lt\/wp-json\/wp\/v2\/product\/47999","targetHints":{"allow":["GET"]}}],"collection":[{"href":"https:\/\/miumjau.ee\/lt\/wp-json\/wp\/v2\/product"}],"about":[{"href":"https:\/\/miumjau.ee\/lt\/wp-json\/wp\/v2\/types\/product"}],"wp:featuredmedia":[{"embeddable":true,"href":"https:\/\/miumjau.ee\/lt\/wp-json\/wp\/v2\/media\/48000"}],"wp:attachment":[{"href":"https:\/\/miumjau.ee\/lt\/wp-json\/wp\/v2\/media?parent=47999"}],"wp:term":[{"taxonomy":"product_brand","embeddable":true,"href":"https:\/\/miumjau.ee\/lt\/wp-json\/wp\/v2\/product_brand?post=47999"},{"taxonomy":"product_cat","embeddable":true,"href":"https:\/\/miumjau.ee\/lt\/wp-json\/wp\/v2\/product_cat?post=47999"},{"taxonomy":"product_tag","embeddable":true,"href":"https:\/\/miumjau.ee\/lt\/wp-json\/wp\/v2\/product_tag?post=47999"}],"curies":[{"name":"wp","href":"https:\/\/api.w.org\/{rel}","templated":true}]}}