{"id":47981,"date":"2025-05-29T14:40:13","date_gmt":"2025-05-29T11:40:13","guid":{"rendered":"https:\/\/miumjau.ee\/toode\/naturalus-sunu-skanestas-frigera-vistu-kojos-1-kg\/"},"modified":"2026-01-07T20:45:37","modified_gmt":"2026-01-07T18:45:37","slug":"naturalus-sunu-skanestas-frigera-vistu-kojos-1-kg","status":"publish","type":"product","link":"https:\/\/miumjau.ee\/lt\/produktas\/naturalus-sunu-skanestas-frigera-vistu-kojos-1-kg\/","title":{"rendered":"Nat\u016bralus \u0161un\u0173 skan\u0117stas Frigera, vi\u0161t\u0173 kojos 1 kg"},"content":{"rendered":"","protected":false},"excerpt":{"rendered":"<p data-start=\"3187\" data-end=\"3358\">Ie\u0161kai nat\u016bralios alternatyvos s\u0105nariams skirtoms maisto papildams? Tada b\u016btinai i\u0161bandyk friGERA vi\u0161t\u0173 kojas \u2013 labai populiar\u0173, nat\u016bral\u0173 ir tra\u0161k\u0173 skan\u0117st\u0105 tavo \u0161uniui!<\/p>\n<p data-start=\"3360\" data-end=\"3492\">M\u016bs\u0173 100 % nat\u016bralios, oro d\u017eiovintos vi\u0161t\u0173 kojos daugiausia susideda i\u0161 odos, sausgysli\u0173, kremzli\u0173 ir ma\u017e\u0173 kaul\u0173. D\u0117l to jos yra:<\/p>\n<ul data-start=\"3494\" data-end=\"3732\">\n<li data-start=\"3494\" data-end=\"3517\">\n<p data-start=\"3496\" data-end=\"3517\">Lengvai vir\u0161kinamos<\/p>\n<\/li>\n<li data-start=\"3518\" data-end=\"3606\">\n<p data-start=\"3520\" data-end=\"3606\">Turtingos kalciu, gliukozaminu ir chondroitinu \u2013 stiprina kaulus, dantis ir s\u0105narius<\/p>\n<\/li>\n<li data-start=\"3607\" data-end=\"3653\">\n<p data-start=\"3609\" data-end=\"3653\">Tra\u0161kios \u2013 padeda nat\u016braliai valyti dantis<\/p>\n<\/li>\n<li data-start=\"3654\" data-end=\"3732\">\n<p data-start=\"3656\" data-end=\"3732\">Lengvai dalijamos porcijomis, puikiai tinka ir ma\u017eiems bei jauniems \u0161unims<\/p>\n<\/li>\n<\/ul>\n<p data-start=\"3734\" data-end=\"3818\">\ud83d\udca1 \u012edomus faktas: vi\u0161t\u0173 kojos daugelyje pasaulio viet\u0173 yra delikatesas ir \u017emon\u0117ms!<\/p>\n<p data-start=\"3820\" data-end=\"3842\">Sud\u0117tis: 100 % vi\u0161ta<\/p>\n<p data-start=\"3844\" data-end=\"4023\">Naudojimo instrukcija: Duoti tarp valgym\u0173 kaip skan\u0117st\u0105 arba kaip atlyg\u012f subalansuotos mitybos daliai. Visada steb\u0117kite \u0161un\u012f valgant ir duokite \u0161vie\u017eio vandens. Netinka \u017emon\u0117ms.<\/p>\n<p data-start=\"4025\" data-end=\"4090\" data-is-last-node=\"\" data-is-only-node=\"\">Analitin\u0117 sud\u0117tis: Baltymai 48,2 %, Riebalai 34,3 %, Dr\u0117gm\u0117 6,3 %<\/p>\n","protected":false},"featured_media":47982,"template":"","meta":[],"product_brand":[],"product_cat":[540],"product_tag":[],"class_list":{"0":"post-47981","1":"product","2":"type-product","3":"status-publish","4":"has-post-thumbnail","6":"product_cat-skanestai-sunims","8":"first","9":"instock","10":"taxable","11":"shipping-taxable","12":"purchasable","13":"product-type-simple"},"yoast_head":"<!-- This site is optimized with the Yoast SEO plugin v27.4 - https:\/\/yoast.com\/product\/yoast-seo-wordpress\/ -->\n<title>Nat\u016bralus \u0161un\u0173 skan\u0117stas Frigera, vi\u0161t\u0173 kojos 1 kg - MiuMjau<\/title>\n<meta name=\"robots\" content=\"index, follow, max-snippet:-1, max-image-preview:large, max-video-preview:-1\" \/>\n<link rel=\"canonical\" href=\"https:\/\/miumjau.ee\/lt\/produktas\/naturalus-sunu-skanestas-frigera-vistu-kojos-1-kg\/\" \/>\n<meta property=\"og:locale\" content=\"lt_LT\" \/>\n<meta property=\"og:type\" content=\"article\" \/>\n<meta property=\"og:title\" content=\"Nat\u016bralus \u0161un\u0173 skan\u0117stas Frigera, vi\u0161t\u0173 kojos 1 kg - MiuMjau\" \/>\n<meta property=\"og:description\" content=\"Ie\u0161kai nat\u016bralios alternatyvos s\u0105nariams skirtoms maisto papildams? Tada b\u016btinai i\u0161bandyk friGERA vi\u0161t\u0173 kojas \u2013 labai populiar\u0173, nat\u016bral\u0173 ir tra\u0161k\u0173 skan\u0117st\u0105 tavo \u0161uniui! M\u016bs\u0173 100 % nat\u016bralios, oro d\u017eiovintos vi\u0161t\u0173 kojos daugiausia susideda i\u0161 odos, sausgysli\u0173, kremzli\u0173 ir ma\u017e\u0173 kaul\u0173. D\u0117l to jos yra:     Lengvai vir\u0161kinamos    Turtingos kalciu, gliukozaminu ir chondroitinu \u2013 stiprina kaulus, dantis ir s\u0105narius    Tra\u0161kios \u2013 padeda nat\u016braliai valyti dantis    Lengvai dalijamos porcijomis, puikiai tinka ir ma\u017eiems bei jauniems \u0161unims   \ud83d\udca1 \u012edomus faktas: vi\u0161t\u0173 kojos daugelyje pasaulio viet\u0173 yra delikatesas ir \u017emon\u0117ms! Sud\u0117tis: 100 % vi\u0161ta Naudojimo instrukcija: Duoti tarp valgym\u0173 kaip skan\u0117st\u0105 arba kaip atlyg\u012f subalansuotos mitybos daliai. Visada steb\u0117kite \u0161un\u012f valgant ir duokite \u0161vie\u017eio vandens. Netinka \u017emon\u0117ms. Analitin\u0117 sud\u0117tis: Baltymai 48,2 %, Riebalai 34,3 %, Dr\u0117gm\u0117 6,3 %\" \/>\n<meta property=\"og:url\" content=\"https:\/\/miumjau.ee\/lt\/produktas\/naturalus-sunu-skanestas-frigera-vistu-kojos-1-kg\/\" \/>\n<meta property=\"og:site_name\" content=\"MiuMjau\" \/>\n<meta property=\"article:publisher\" content=\"https:\/\/www.facebook.com\/miumjaupood\/\" \/>\n<meta property=\"article:modified_time\" content=\"2026-01-07T18:45:37+00:00\" \/>\n<meta property=\"og:image\" content=\"https:\/\/miumjau.ee\/wp-content\/uploads\/2025\/05\/frigera-koerte-maius-kanajalad-1000g-classic-Photoroom.webp\" \/>\n\t<meta property=\"og:image:width\" content=\"600\" \/>\n\t<meta property=\"og:image:height\" content=\"800\" \/>\n\t<meta property=\"og:image:type\" content=\"image\/webp\" \/>\n<meta name=\"twitter:card\" content=\"summary_large_image\" \/>\n<script type=\"application\/ld+json\" class=\"yoast-schema-graph\">{\"@context\":\"https:\\\/\\\/schema.org\",\"@graph\":[{\"@type\":\"WebPage\",\"@id\":\"https:\\\/\\\/miumjau.ee\\\/lt\\\/produktas\\\/naturalus-sunu-skanestas-frigera-vistu-kojos-1-kg\\\/\",\"url\":\"https:\\\/\\\/miumjau.ee\\\/lt\\\/produktas\\\/naturalus-sunu-skanestas-frigera-vistu-kojos-1-kg\\\/\",\"name\":\"Nat\u016bralus \u0161un\u0173 skan\u0117stas Frigera, vi\u0161t\u0173 kojos 1 kg - MiuMjau\",\"isPartOf\":{\"@id\":\"https:\\\/\\\/miumjau.ee\\\/#website\"},\"primaryImageOfPage\":{\"@id\":\"https:\\\/\\\/miumjau.ee\\\/lt\\\/produktas\\\/naturalus-sunu-skanestas-frigera-vistu-kojos-1-kg\\\/#primaryimage\"},\"image\":{\"@id\":\"https:\\\/\\\/miumjau.ee\\\/lt\\\/produktas\\\/naturalus-sunu-skanestas-frigera-vistu-kojos-1-kg\\\/#primaryimage\"},\"thumbnailUrl\":\"https:\\\/\\\/miumjau.ee\\\/wp-content\\\/uploads\\\/2025\\\/05\\\/frigera-koerte-maius-kanajalad-1000g-classic-Photoroom.webp\",\"datePublished\":\"2025-05-29T11:40:13+00:00\",\"dateModified\":\"2026-01-07T18:45:37+00:00\",\"breadcrumb\":{\"@id\":\"https:\\\/\\\/miumjau.ee\\\/lt\\\/produktas\\\/naturalus-sunu-skanestas-frigera-vistu-kojos-1-kg\\\/#breadcrumb\"},\"inLanguage\":\"lt-LT\",\"potentialAction\":[{\"@type\":\"ReadAction\",\"target\":[\"https:\\\/\\\/miumjau.ee\\\/lt\\\/produktas\\\/naturalus-sunu-skanestas-frigera-vistu-kojos-1-kg\\\/\"]}]},{\"@type\":\"ImageObject\",\"inLanguage\":\"lt-LT\",\"@id\":\"https:\\\/\\\/miumjau.ee\\\/lt\\\/produktas\\\/naturalus-sunu-skanestas-frigera-vistu-kojos-1-kg\\\/#primaryimage\",\"url\":\"https:\\\/\\\/miumjau.ee\\\/wp-content\\\/uploads\\\/2025\\\/05\\\/frigera-koerte-maius-kanajalad-1000g-classic-Photoroom.webp\",\"contentUrl\":\"https:\\\/\\\/miumjau.ee\\\/wp-content\\\/uploads\\\/2025\\\/05\\\/frigera-koerte-maius-kanajalad-1000g-classic-Photoroom.webp\",\"width\":600,\"height\":800},{\"@type\":\"BreadcrumbList\",\"@id\":\"https:\\\/\\\/miumjau.ee\\\/lt\\\/produktas\\\/naturalus-sunu-skanestas-frigera-vistu-kojos-1-kg\\\/#breadcrumb\",\"itemListElement\":[{\"@type\":\"ListItem\",\"position\":1,\"name\":\"Home\",\"item\":\"https:\\\/\\\/miumjau.ee\\\/lt\\\/\"},{\"@type\":\"ListItem\",\"position\":2,\"name\":\"Parduotuv\u0117\",\"item\":\"https:\\\/\\\/miumjau.ee\\\/lt\\\/parduotuve\\\/\"},{\"@type\":\"ListItem\",\"position\":3,\"name\":\"Nat\u016bralus \u0161un\u0173 skan\u0117stas Frigera, vi\u0161t\u0173 kojos 1 kg\"}]},{\"@type\":\"WebSite\",\"@id\":\"https:\\\/\\\/miumjau.ee\\\/#website\",\"url\":\"https:\\\/\\\/miumjau.ee\\\/\",\"name\":\"MiuMjau\",\"description\":\"Kraapimispuud kassidele\",\"publisher\":{\"@id\":\"https:\\\/\\\/miumjau.ee\\\/#organization\"},\"potentialAction\":[{\"@type\":\"SearchAction\",\"target\":{\"@type\":\"EntryPoint\",\"urlTemplate\":\"https:\\\/\\\/miumjau.ee\\\/?s={search_term_string}\"},\"query-input\":{\"@type\":\"PropertyValueSpecification\",\"valueRequired\":true,\"valueName\":\"search_term_string\"}}],\"inLanguage\":\"lt-LT\"},{\"@type\":\"Organization\",\"@id\":\"https:\\\/\\\/miumjau.ee\\\/#organization\",\"name\":\"MiuMjau O\u00dc\",\"url\":\"https:\\\/\\\/miumjau.ee\\\/\",\"logo\":{\"@type\":\"ImageObject\",\"inLanguage\":\"lt-LT\",\"@id\":\"https:\\\/\\\/miumjau.ee\\\/#\\\/schema\\\/logo\\\/image\\\/\",\"url\":\"https:\\\/\\\/miumjau.ee\\\/wp-content\\\/uploads\\\/2022\\\/04\\\/MiuMjau-logo-kollane.png\",\"contentUrl\":\"https:\\\/\\\/miumjau.ee\\\/wp-content\\\/uploads\\\/2022\\\/04\\\/MiuMjau-logo-kollane.png\",\"width\":219,\"height\":100,\"caption\":\"MiuMjau O\u00dc\"},\"image\":{\"@id\":\"https:\\\/\\\/miumjau.ee\\\/#\\\/schema\\\/logo\\\/image\\\/\"},\"sameAs\":[\"https:\\\/\\\/www.facebook.com\\\/miumjaupood\\\/\"]}]}<\/script>\n<!-- \/ Yoast SEO plugin. -->","yoast_head_json":{"title":"Nat\u016bralus \u0161un\u0173 skan\u0117stas Frigera, vi\u0161t\u0173 kojos 1 kg - MiuMjau","robots":{"index":"index","follow":"follow","max-snippet":"max-snippet:-1","max-image-preview":"max-image-preview:large","max-video-preview":"max-video-preview:-1"},"canonical":"https:\/\/miumjau.ee\/lt\/produktas\/naturalus-sunu-skanestas-frigera-vistu-kojos-1-kg\/","og_locale":"lt_LT","og_type":"article","og_title":"Nat\u016bralus \u0161un\u0173 skan\u0117stas Frigera, vi\u0161t\u0173 kojos 1 kg - MiuMjau","og_description":"Ie\u0161kai nat\u016bralios alternatyvos s\u0105nariams skirtoms maisto papildams? Tada b\u016btinai i\u0161bandyk friGERA vi\u0161t\u0173 kojas \u2013 labai populiar\u0173, nat\u016bral\u0173 ir tra\u0161k\u0173 skan\u0117st\u0105 tavo \u0161uniui! M\u016bs\u0173 100 % nat\u016bralios, oro d\u017eiovintos vi\u0161t\u0173 kojos daugiausia susideda i\u0161 odos, sausgysli\u0173, kremzli\u0173 ir ma\u017e\u0173 kaul\u0173. D\u0117l to jos yra:     Lengvai vir\u0161kinamos    Turtingos kalciu, gliukozaminu ir chondroitinu \u2013 stiprina kaulus, dantis ir s\u0105narius    Tra\u0161kios \u2013 padeda nat\u016braliai valyti dantis    Lengvai dalijamos porcijomis, puikiai tinka ir ma\u017eiems bei jauniems \u0161unims   \ud83d\udca1 \u012edomus faktas: vi\u0161t\u0173 kojos daugelyje pasaulio viet\u0173 yra delikatesas ir \u017emon\u0117ms! Sud\u0117tis: 100 % vi\u0161ta Naudojimo instrukcija: Duoti tarp valgym\u0173 kaip skan\u0117st\u0105 arba kaip atlyg\u012f subalansuotos mitybos daliai. Visada steb\u0117kite \u0161un\u012f valgant ir duokite \u0161vie\u017eio vandens. Netinka \u017emon\u0117ms. Analitin\u0117 sud\u0117tis: Baltymai 48,2 %, Riebalai 34,3 %, Dr\u0117gm\u0117 6,3 %","og_url":"https:\/\/miumjau.ee\/lt\/produktas\/naturalus-sunu-skanestas-frigera-vistu-kojos-1-kg\/","og_site_name":"MiuMjau","article_publisher":"https:\/\/www.facebook.com\/miumjaupood\/","article_modified_time":"2026-01-07T18:45:37+00:00","og_image":[{"width":600,"height":800,"url":"https:\/\/miumjau.ee\/wp-content\/uploads\/2025\/05\/frigera-koerte-maius-kanajalad-1000g-classic-Photoroom.webp","type":"image\/webp"}],"twitter_card":"summary_large_image","schema":{"@context":"https:\/\/schema.org","@graph":[{"@type":"WebPage","@id":"https:\/\/miumjau.ee\/lt\/produktas\/naturalus-sunu-skanestas-frigera-vistu-kojos-1-kg\/","url":"https:\/\/miumjau.ee\/lt\/produktas\/naturalus-sunu-skanestas-frigera-vistu-kojos-1-kg\/","name":"Nat\u016bralus \u0161un\u0173 skan\u0117stas Frigera, vi\u0161t\u0173 kojos 1 kg - MiuMjau","isPartOf":{"@id":"https:\/\/miumjau.ee\/#website"},"primaryImageOfPage":{"@id":"https:\/\/miumjau.ee\/lt\/produktas\/naturalus-sunu-skanestas-frigera-vistu-kojos-1-kg\/#primaryimage"},"image":{"@id":"https:\/\/miumjau.ee\/lt\/produktas\/naturalus-sunu-skanestas-frigera-vistu-kojos-1-kg\/#primaryimage"},"thumbnailUrl":"https:\/\/miumjau.ee\/wp-content\/uploads\/2025\/05\/frigera-koerte-maius-kanajalad-1000g-classic-Photoroom.webp","datePublished":"2025-05-29T11:40:13+00:00","dateModified":"2026-01-07T18:45:37+00:00","breadcrumb":{"@id":"https:\/\/miumjau.ee\/lt\/produktas\/naturalus-sunu-skanestas-frigera-vistu-kojos-1-kg\/#breadcrumb"},"inLanguage":"lt-LT","potentialAction":[{"@type":"ReadAction","target":["https:\/\/miumjau.ee\/lt\/produktas\/naturalus-sunu-skanestas-frigera-vistu-kojos-1-kg\/"]}]},{"@type":"ImageObject","inLanguage":"lt-LT","@id":"https:\/\/miumjau.ee\/lt\/produktas\/naturalus-sunu-skanestas-frigera-vistu-kojos-1-kg\/#primaryimage","url":"https:\/\/miumjau.ee\/wp-content\/uploads\/2025\/05\/frigera-koerte-maius-kanajalad-1000g-classic-Photoroom.webp","contentUrl":"https:\/\/miumjau.ee\/wp-content\/uploads\/2025\/05\/frigera-koerte-maius-kanajalad-1000g-classic-Photoroom.webp","width":600,"height":800},{"@type":"BreadcrumbList","@id":"https:\/\/miumjau.ee\/lt\/produktas\/naturalus-sunu-skanestas-frigera-vistu-kojos-1-kg\/#breadcrumb","itemListElement":[{"@type":"ListItem","position":1,"name":"Home","item":"https:\/\/miumjau.ee\/lt\/"},{"@type":"ListItem","position":2,"name":"Parduotuv\u0117","item":"https:\/\/miumjau.ee\/lt\/parduotuve\/"},{"@type":"ListItem","position":3,"name":"Nat\u016bralus \u0161un\u0173 skan\u0117stas Frigera, vi\u0161t\u0173 kojos 1 kg"}]},{"@type":"WebSite","@id":"https:\/\/miumjau.ee\/#website","url":"https:\/\/miumjau.ee\/","name":"MiuMjau","description":"Kraapimispuud kassidele","publisher":{"@id":"https:\/\/miumjau.ee\/#organization"},"potentialAction":[{"@type":"SearchAction","target":{"@type":"EntryPoint","urlTemplate":"https:\/\/miumjau.ee\/?s={search_term_string}"},"query-input":{"@type":"PropertyValueSpecification","valueRequired":true,"valueName":"search_term_string"}}],"inLanguage":"lt-LT"},{"@type":"Organization","@id":"https:\/\/miumjau.ee\/#organization","name":"MiuMjau O\u00dc","url":"https:\/\/miumjau.ee\/","logo":{"@type":"ImageObject","inLanguage":"lt-LT","@id":"https:\/\/miumjau.ee\/#\/schema\/logo\/image\/","url":"https:\/\/miumjau.ee\/wp-content\/uploads\/2022\/04\/MiuMjau-logo-kollane.png","contentUrl":"https:\/\/miumjau.ee\/wp-content\/uploads\/2022\/04\/MiuMjau-logo-kollane.png","width":219,"height":100,"caption":"MiuMjau O\u00dc"},"image":{"@id":"https:\/\/miumjau.ee\/#\/schema\/logo\/image\/"},"sameAs":["https:\/\/www.facebook.com\/miumjaupood\/"]}]}},"_links":{"self":[{"href":"https:\/\/miumjau.ee\/lt\/wp-json\/wp\/v2\/product\/47981","targetHints":{"allow":["GET"]}}],"collection":[{"href":"https:\/\/miumjau.ee\/lt\/wp-json\/wp\/v2\/product"}],"about":[{"href":"https:\/\/miumjau.ee\/lt\/wp-json\/wp\/v2\/types\/product"}],"wp:featuredmedia":[{"embeddable":true,"href":"https:\/\/miumjau.ee\/lt\/wp-json\/wp\/v2\/media\/47982"}],"wp:attachment":[{"href":"https:\/\/miumjau.ee\/lt\/wp-json\/wp\/v2\/media?parent=47981"}],"wp:term":[{"taxonomy":"product_brand","embeddable":true,"href":"https:\/\/miumjau.ee\/lt\/wp-json\/wp\/v2\/product_brand?post=47981"},{"taxonomy":"product_cat","embeddable":true,"href":"https:\/\/miumjau.ee\/lt\/wp-json\/wp\/v2\/product_cat?post=47981"},{"taxonomy":"product_tag","embeddable":true,"href":"https:\/\/miumjau.ee\/lt\/wp-json\/wp\/v2\/product_tag?post=47981"}],"curies":[{"name":"wp","href":"https:\/\/api.w.org\/{rel}","templated":true}]}}