{"id":47966,"date":"2025-05-29T15:43:44","date_gmt":"2025-05-29T12:43:44","guid":{"rendered":"https:\/\/miumjau.ee\/toode\/kramtomi-skanestai-sunims-frigera-bivolo-varpa-200-g\/"},"modified":"2026-01-07T20:45:37","modified_gmt":"2026-01-07T18:45:37","slug":"kramtomi-skanestai-sunims-frigera-bivolo-varpa-200-g","status":"publish","type":"product","link":"https:\/\/miumjau.ee\/lt\/produktas\/kramtomi-skanestai-sunims-frigera-bivolo-varpa-200-g\/","title":{"rendered":"Kramtomi skan\u0117stai \u0161unims Frigera \u2013 Bivolo varpa 200 g"},"content":{"rendered":"","protected":false},"excerpt":{"rendered":"<p data-start=\"3639\" data-end=\"4070\">Visi\u0161kai nat\u016bral\u016bs kramtomi skan\u0117stai \u0161unims? Tai b\u016btent tai, k\u0105 matote! \u0160ie patraukl\u016bs skan\u0117stai ned\u017eiugins j\u016bs\u0173 \u0161uns! Galite paklausti: \u201eKod\u0117l buivolo m\u0117sa?\u201c \u2013 ji turi ma\u017eiau cholesterolio, daugiau mineral\u0173 ir ma\u017eiau nei pus\u0119 riebal\u0173 nei \u012fprasta liesa m\u0117sa! friGERA buivolo kramtomi skan\u0117stai pagaminti i\u0161 geriausi\u0173 laisvai auginam\u0173 buivol\u0173. \u0160ie gyvuliai auginami be antibiotik\u0173, steroid\u0173 ar hormon\u0173 \u2013 tikrai nat\u016bralus produktas!<\/p>\n<p data-start=\"4072\" data-end=\"4382\">\u0160i nat\u016brali m\u0117sa yra puikus omega-3, taurino, baltym\u0173, b\u016btin\u0173 amino r\u016bg\u0161\u010di\u0173 ir mineral\u0173 \u0161altinis. Kramtant buivolo skan\u0117stus, palaikoma ne tik dant\u0173 sveikata ir psichin\u0117 gerov\u0117, bet ir \u017eandikaulio bei viso raumen\u0173 vystymasis. M\u016bs\u0173 buivolo kramtomi skan\u0117stai suteikia tikr\u0105 kramtymo malonum\u0105 vis\u0173 dyd\u017ei\u0173 \u0161unims!<\/p>\n<p data-start=\"4384\" data-end=\"4409\">Sud\u0117tis: 100 % buivolas<\/p>\n<p data-start=\"4411\" data-end=\"4589\">Naudojimo instrukcija: Duoti kaip skan\u0117st\u0105 tarp valgym\u0173 arba kaip atlyg\u012f subalansuotos mitybos daliai. Visada steb\u0117kite \u0161un\u012f kramtant ir duokite \u0161vie\u017eio vandens. Netinka \u017emon\u0117ms.<\/p>\n<p data-start=\"4591\" data-end=\"4659\" data-is-last-node=\"\" data-is-only-node=\"\">Analitin\u0117 sud\u0117tis: Baltymai 81,96 %, Riebalai 4,51 %, Dr\u0117gm\u0117 12,48 %<\/p>\n","protected":false},"featured_media":47962,"template":"","meta":[],"product_brand":[],"product_cat":[540],"product_tag":[],"class_list":{"0":"post-47966","1":"product","2":"type-product","3":"status-publish","4":"has-post-thumbnail","6":"product_cat-skanestai-sunims","8":"first","9":"instock","10":"taxable","11":"shipping-taxable","12":"purchasable","13":"product-type-simple"},"yoast_head":"<!-- This site is optimized with the Yoast SEO plugin v27.2 - https:\/\/yoast.com\/product\/yoast-seo-wordpress\/ -->\n<title>Kramtomi skan\u0117stai \u0161unims Frigera \u2013 Bivolo varpa 200 g - MiuMjau<\/title>\n<meta name=\"robots\" content=\"index, follow, max-snippet:-1, max-image-preview:large, max-video-preview:-1\" \/>\n<link rel=\"canonical\" href=\"https:\/\/miumjau.ee\/lt\/produktas\/kramtomi-skanestai-sunims-frigera-bivolo-varpa-200-g\/\" \/>\n<meta property=\"og:locale\" content=\"lt_LT\" \/>\n<meta property=\"og:type\" content=\"article\" \/>\n<meta property=\"og:title\" content=\"Kramtomi skan\u0117stai \u0161unims Frigera \u2013 Bivolo varpa 200 g - MiuMjau\" \/>\n<meta property=\"og:description\" content=\"Visi\u0161kai nat\u016bral\u016bs kramtomi skan\u0117stai \u0161unims? Tai b\u016btent tai, k\u0105 matote! \u0160ie patraukl\u016bs skan\u0117stai ned\u017eiugins j\u016bs\u0173 \u0161uns! Galite paklausti: \u201eKod\u0117l buivolo m\u0117sa?\u201c \u2013 ji turi ma\u017eiau cholesterolio, daugiau mineral\u0173 ir ma\u017eiau nei pus\u0119 riebal\u0173 nei \u012fprasta liesa m\u0117sa! friGERA buivolo kramtomi skan\u0117stai pagaminti i\u0161 geriausi\u0173 laisvai auginam\u0173 buivol\u0173. \u0160ie gyvuliai auginami be antibiotik\u0173, steroid\u0173 ar hormon\u0173 \u2013 tikrai nat\u016bralus produktas! \u0160i nat\u016brali m\u0117sa yra puikus omega-3, taurino, baltym\u0173, b\u016btin\u0173 amino r\u016bg\u0161\u010di\u0173 ir mineral\u0173 \u0161altinis. Kramtant buivolo skan\u0117stus, palaikoma ne tik dant\u0173 sveikata ir psichin\u0117 gerov\u0117, bet ir \u017eandikaulio bei viso raumen\u0173 vystymasis. M\u016bs\u0173 buivolo kramtomi skan\u0117stai suteikia tikr\u0105 kramtymo malonum\u0105 vis\u0173 dyd\u017ei\u0173 \u0161unims! Sud\u0117tis: 100 % buivolas Naudojimo instrukcija: Duoti kaip skan\u0117st\u0105 tarp valgym\u0173 arba kaip atlyg\u012f subalansuotos mitybos daliai. Visada steb\u0117kite \u0161un\u012f kramtant ir duokite \u0161vie\u017eio vandens. Netinka \u017emon\u0117ms. Analitin\u0117 sud\u0117tis: Baltymai 81,96 %, Riebalai 4,51 %, Dr\u0117gm\u0117 12,48 %\" \/>\n<meta property=\"og:url\" content=\"https:\/\/miumjau.ee\/lt\/produktas\/kramtomi-skanestai-sunims-frigera-bivolo-varpa-200-g\/\" \/>\n<meta property=\"og:site_name\" content=\"MiuMjau\" \/>\n<meta property=\"article:publisher\" content=\"https:\/\/www.facebook.com\/miumjaupood\/\" \/>\n<meta property=\"article:modified_time\" content=\"2026-01-07T18:45:37+00:00\" \/>\n<meta property=\"og:image\" content=\"https:\/\/miumjau.ee\/wp-content\/uploads\/2025\/05\/puhvli-peenis-frigera-200g.jpg\" \/>\n\t<meta property=\"og:image:width\" content=\"600\" \/>\n\t<meta property=\"og:image:height\" content=\"800\" \/>\n\t<meta property=\"og:image:type\" content=\"image\/jpeg\" \/>\n<meta name=\"twitter:card\" content=\"summary_large_image\" \/>\n<script type=\"application\/ld+json\" class=\"yoast-schema-graph\">{\"@context\":\"https:\/\/schema.org\",\"@graph\":[{\"@type\":\"WebPage\",\"@id\":\"https:\/\/miumjau.ee\/lt\/produktas\/kramtomi-skanestai-sunims-frigera-bivolo-varpa-200-g\/\",\"url\":\"https:\/\/miumjau.ee\/lt\/produktas\/kramtomi-skanestai-sunims-frigera-bivolo-varpa-200-g\/\",\"name\":\"Kramtomi skan\u0117stai \u0161unims Frigera \u2013 Bivolo varpa 200 g - MiuMjau\",\"isPartOf\":{\"@id\":\"https:\/\/miumjau.ee\/#website\"},\"primaryImageOfPage\":{\"@id\":\"https:\/\/miumjau.ee\/lt\/produktas\/kramtomi-skanestai-sunims-frigera-bivolo-varpa-200-g\/#primaryimage\"},\"image\":{\"@id\":\"https:\/\/miumjau.ee\/lt\/produktas\/kramtomi-skanestai-sunims-frigera-bivolo-varpa-200-g\/#primaryimage\"},\"thumbnailUrl\":\"https:\/\/miumjau.ee\/wp-content\/uploads\/2025\/05\/puhvli-peenis-frigera-200g.jpg\",\"datePublished\":\"2025-05-29T12:43:44+00:00\",\"dateModified\":\"2026-01-07T18:45:37+00:00\",\"breadcrumb\":{\"@id\":\"https:\/\/miumjau.ee\/lt\/produktas\/kramtomi-skanestai-sunims-frigera-bivolo-varpa-200-g\/#breadcrumb\"},\"inLanguage\":\"lt-LT\",\"potentialAction\":[{\"@type\":\"ReadAction\",\"target\":[\"https:\/\/miumjau.ee\/lt\/produktas\/kramtomi-skanestai-sunims-frigera-bivolo-varpa-200-g\/\"]}]},{\"@type\":\"ImageObject\",\"inLanguage\":\"lt-LT\",\"@id\":\"https:\/\/miumjau.ee\/lt\/produktas\/kramtomi-skanestai-sunims-frigera-bivolo-varpa-200-g\/#primaryimage\",\"url\":\"https:\/\/miumjau.ee\/wp-content\/uploads\/2025\/05\/puhvli-peenis-frigera-200g.jpg\",\"contentUrl\":\"https:\/\/miumjau.ee\/wp-content\/uploads\/2025\/05\/puhvli-peenis-frigera-200g.jpg\",\"width\":600,\"height\":800},{\"@type\":\"BreadcrumbList\",\"@id\":\"https:\/\/miumjau.ee\/lt\/produktas\/kramtomi-skanestai-sunims-frigera-bivolo-varpa-200-g\/#breadcrumb\",\"itemListElement\":[{\"@type\":\"ListItem\",\"position\":1,\"name\":\"Home\",\"item\":\"https:\/\/miumjau.ee\/lt\/\"},{\"@type\":\"ListItem\",\"position\":2,\"name\":\"Parduotuv\u0117\",\"item\":\"https:\/\/miumjau.ee\/lt\/parduotuve\/\"},{\"@type\":\"ListItem\",\"position\":3,\"name\":\"Kramtomi skan\u0117stai \u0161unims Frigera \u2013 Bivolo varpa 200 g\"}]},{\"@type\":\"WebSite\",\"@id\":\"https:\/\/miumjau.ee\/#website\",\"url\":\"https:\/\/miumjau.ee\/\",\"name\":\"MiuMjau\",\"description\":\"Kraapimispuud kassidele\",\"publisher\":{\"@id\":\"https:\/\/miumjau.ee\/#organization\"},\"potentialAction\":[{\"@type\":\"SearchAction\",\"target\":{\"@type\":\"EntryPoint\",\"urlTemplate\":\"https:\/\/miumjau.ee\/?s={search_term_string}\"},\"query-input\":{\"@type\":\"PropertyValueSpecification\",\"valueRequired\":true,\"valueName\":\"search_term_string\"}}],\"inLanguage\":\"lt-LT\"},{\"@type\":\"Organization\",\"@id\":\"https:\/\/miumjau.ee\/#organization\",\"name\":\"MiuMjau O\u00dc\",\"url\":\"https:\/\/miumjau.ee\/\",\"logo\":{\"@type\":\"ImageObject\",\"inLanguage\":\"lt-LT\",\"@id\":\"https:\/\/miumjau.ee\/#\/schema\/logo\/image\/\",\"url\":\"https:\/\/miumjau.ee\/wp-content\/uploads\/2022\/04\/MiuMjau-logo-kollane.png\",\"contentUrl\":\"https:\/\/miumjau.ee\/wp-content\/uploads\/2022\/04\/MiuMjau-logo-kollane.png\",\"width\":219,\"height\":100,\"caption\":\"MiuMjau O\u00dc\"},\"image\":{\"@id\":\"https:\/\/miumjau.ee\/#\/schema\/logo\/image\/\"},\"sameAs\":[\"https:\/\/www.facebook.com\/miumjaupood\/\"]}]}<\/script>\n<!-- \/ Yoast SEO plugin. -->","yoast_head_json":{"title":"Kramtomi skan\u0117stai \u0161unims Frigera \u2013 Bivolo varpa 200 g - MiuMjau","robots":{"index":"index","follow":"follow","max-snippet":"max-snippet:-1","max-image-preview":"max-image-preview:large","max-video-preview":"max-video-preview:-1"},"canonical":"https:\/\/miumjau.ee\/lt\/produktas\/kramtomi-skanestai-sunims-frigera-bivolo-varpa-200-g\/","og_locale":"lt_LT","og_type":"article","og_title":"Kramtomi skan\u0117stai \u0161unims Frigera \u2013 Bivolo varpa 200 g - MiuMjau","og_description":"Visi\u0161kai nat\u016bral\u016bs kramtomi skan\u0117stai \u0161unims? Tai b\u016btent tai, k\u0105 matote! \u0160ie patraukl\u016bs skan\u0117stai ned\u017eiugins j\u016bs\u0173 \u0161uns! Galite paklausti: \u201eKod\u0117l buivolo m\u0117sa?\u201c \u2013 ji turi ma\u017eiau cholesterolio, daugiau mineral\u0173 ir ma\u017eiau nei pus\u0119 riebal\u0173 nei \u012fprasta liesa m\u0117sa! friGERA buivolo kramtomi skan\u0117stai pagaminti i\u0161 geriausi\u0173 laisvai auginam\u0173 buivol\u0173. \u0160ie gyvuliai auginami be antibiotik\u0173, steroid\u0173 ar hormon\u0173 \u2013 tikrai nat\u016bralus produktas! \u0160i nat\u016brali m\u0117sa yra puikus omega-3, taurino, baltym\u0173, b\u016btin\u0173 amino r\u016bg\u0161\u010di\u0173 ir mineral\u0173 \u0161altinis. Kramtant buivolo skan\u0117stus, palaikoma ne tik dant\u0173 sveikata ir psichin\u0117 gerov\u0117, bet ir \u017eandikaulio bei viso raumen\u0173 vystymasis. M\u016bs\u0173 buivolo kramtomi skan\u0117stai suteikia tikr\u0105 kramtymo malonum\u0105 vis\u0173 dyd\u017ei\u0173 \u0161unims! Sud\u0117tis: 100 % buivolas Naudojimo instrukcija: Duoti kaip skan\u0117st\u0105 tarp valgym\u0173 arba kaip atlyg\u012f subalansuotos mitybos daliai. Visada steb\u0117kite \u0161un\u012f kramtant ir duokite \u0161vie\u017eio vandens. Netinka \u017emon\u0117ms. Analitin\u0117 sud\u0117tis: Baltymai 81,96 %, Riebalai 4,51 %, Dr\u0117gm\u0117 12,48 %","og_url":"https:\/\/miumjau.ee\/lt\/produktas\/kramtomi-skanestai-sunims-frigera-bivolo-varpa-200-g\/","og_site_name":"MiuMjau","article_publisher":"https:\/\/www.facebook.com\/miumjaupood\/","article_modified_time":"2026-01-07T18:45:37+00:00","og_image":[{"width":600,"height":800,"url":"https:\/\/miumjau.ee\/wp-content\/uploads\/2025\/05\/puhvli-peenis-frigera-200g.jpg","type":"image\/jpeg"}],"twitter_card":"summary_large_image","schema":{"@context":"https:\/\/schema.org","@graph":[{"@type":"WebPage","@id":"https:\/\/miumjau.ee\/lt\/produktas\/kramtomi-skanestai-sunims-frigera-bivolo-varpa-200-g\/","url":"https:\/\/miumjau.ee\/lt\/produktas\/kramtomi-skanestai-sunims-frigera-bivolo-varpa-200-g\/","name":"Kramtomi skan\u0117stai \u0161unims Frigera \u2013 Bivolo varpa 200 g - MiuMjau","isPartOf":{"@id":"https:\/\/miumjau.ee\/#website"},"primaryImageOfPage":{"@id":"https:\/\/miumjau.ee\/lt\/produktas\/kramtomi-skanestai-sunims-frigera-bivolo-varpa-200-g\/#primaryimage"},"image":{"@id":"https:\/\/miumjau.ee\/lt\/produktas\/kramtomi-skanestai-sunims-frigera-bivolo-varpa-200-g\/#primaryimage"},"thumbnailUrl":"https:\/\/miumjau.ee\/wp-content\/uploads\/2025\/05\/puhvli-peenis-frigera-200g.jpg","datePublished":"2025-05-29T12:43:44+00:00","dateModified":"2026-01-07T18:45:37+00:00","breadcrumb":{"@id":"https:\/\/miumjau.ee\/lt\/produktas\/kramtomi-skanestai-sunims-frigera-bivolo-varpa-200-g\/#breadcrumb"},"inLanguage":"lt-LT","potentialAction":[{"@type":"ReadAction","target":["https:\/\/miumjau.ee\/lt\/produktas\/kramtomi-skanestai-sunims-frigera-bivolo-varpa-200-g\/"]}]},{"@type":"ImageObject","inLanguage":"lt-LT","@id":"https:\/\/miumjau.ee\/lt\/produktas\/kramtomi-skanestai-sunims-frigera-bivolo-varpa-200-g\/#primaryimage","url":"https:\/\/miumjau.ee\/wp-content\/uploads\/2025\/05\/puhvli-peenis-frigera-200g.jpg","contentUrl":"https:\/\/miumjau.ee\/wp-content\/uploads\/2025\/05\/puhvli-peenis-frigera-200g.jpg","width":600,"height":800},{"@type":"BreadcrumbList","@id":"https:\/\/miumjau.ee\/lt\/produktas\/kramtomi-skanestai-sunims-frigera-bivolo-varpa-200-g\/#breadcrumb","itemListElement":[{"@type":"ListItem","position":1,"name":"Home","item":"https:\/\/miumjau.ee\/lt\/"},{"@type":"ListItem","position":2,"name":"Parduotuv\u0117","item":"https:\/\/miumjau.ee\/lt\/parduotuve\/"},{"@type":"ListItem","position":3,"name":"Kramtomi skan\u0117stai \u0161unims Frigera \u2013 Bivolo varpa 200 g"}]},{"@type":"WebSite","@id":"https:\/\/miumjau.ee\/#website","url":"https:\/\/miumjau.ee\/","name":"MiuMjau","description":"Kraapimispuud kassidele","publisher":{"@id":"https:\/\/miumjau.ee\/#organization"},"potentialAction":[{"@type":"SearchAction","target":{"@type":"EntryPoint","urlTemplate":"https:\/\/miumjau.ee\/?s={search_term_string}"},"query-input":{"@type":"PropertyValueSpecification","valueRequired":true,"valueName":"search_term_string"}}],"inLanguage":"lt-LT"},{"@type":"Organization","@id":"https:\/\/miumjau.ee\/#organization","name":"MiuMjau O\u00dc","url":"https:\/\/miumjau.ee\/","logo":{"@type":"ImageObject","inLanguage":"lt-LT","@id":"https:\/\/miumjau.ee\/#\/schema\/logo\/image\/","url":"https:\/\/miumjau.ee\/wp-content\/uploads\/2022\/04\/MiuMjau-logo-kollane.png","contentUrl":"https:\/\/miumjau.ee\/wp-content\/uploads\/2022\/04\/MiuMjau-logo-kollane.png","width":219,"height":100,"caption":"MiuMjau O\u00dc"},"image":{"@id":"https:\/\/miumjau.ee\/#\/schema\/logo\/image\/"},"sameAs":["https:\/\/www.facebook.com\/miumjaupood\/"]}]}},"_links":{"self":[{"href":"https:\/\/miumjau.ee\/lt\/wp-json\/wp\/v2\/product\/47966","targetHints":{"allow":["GET"]}}],"collection":[{"href":"https:\/\/miumjau.ee\/lt\/wp-json\/wp\/v2\/product"}],"about":[{"href":"https:\/\/miumjau.ee\/lt\/wp-json\/wp\/v2\/types\/product"}],"wp:featuredmedia":[{"embeddable":true,"href":"https:\/\/miumjau.ee\/lt\/wp-json\/wp\/v2\/media\/47962"}],"wp:attachment":[{"href":"https:\/\/miumjau.ee\/lt\/wp-json\/wp\/v2\/media?parent=47966"}],"wp:term":[{"taxonomy":"product_brand","embeddable":true,"href":"https:\/\/miumjau.ee\/lt\/wp-json\/wp\/v2\/product_brand?post=47966"},{"taxonomy":"product_cat","embeddable":true,"href":"https:\/\/miumjau.ee\/lt\/wp-json\/wp\/v2\/product_cat?post=47966"},{"taxonomy":"product_tag","embeddable":true,"href":"https:\/\/miumjau.ee\/lt\/wp-json\/wp\/v2\/product_tag?post=47966"}],"curies":[{"name":"wp","href":"https:\/\/api.w.org\/{rel}","templated":true}]}}