{"id":47951,"date":"2025-05-29T21:04:42","date_gmt":"2025-05-29T18:04:42","guid":{"rendered":"https:\/\/miumjau.ee\/toode\/naturalus-dziovintos-jautienos-file-gabaliukai-frigera-100-g\/"},"modified":"2026-01-07T20:45:44","modified_gmt":"2026-01-07T18:45:44","slug":"naturalus-dziovintos-jautienos-file-gabaliukai-frigera-100-g","status":"publish","type":"product","link":"https:\/\/miumjau.ee\/lt\/produktas\/naturalus-dziovintos-jautienos-file-gabaliukai-frigera-100-g\/","title":{"rendered":"Nat\u016bral\u016bs d\u017eiovintos jautienos fil\u0117 gabaliukai Frigera 100 g"},"content":{"rendered":"","protected":false},"excerpt":{"rendered":"<p data-start=\"3571\" data-end=\"3704\">Ar nor\u0117tum\u0117te i\u0161 ties\u0173 palepinti savo kailini draug\u0105? Pristatome friGERA jautienos fil\u0117 gabaliukus \u2013 puik\u0173 b\u016bd\u0105 apdovanoti savo \u0161un\u012f!<\/p>\n<p data-start=\"3706\" data-end=\"3998\">M\u016bs\u0173 jautienos gabaliukai yra skan\u016bs u\u017ekand\u017eiai, pagaminti i\u0161 auk\u0161\u010diausios kokyb\u0117s m\u0117sos. Jie \u0161velniai d\u017eiovinami oru, kad i\u0161likt\u0173 mink\u0161ti, ta\u010diau \u0161iek tiek tra\u0161k\u016bs. Puikiai tinka ilgalaikiam kramtymui, pavyzd\u017eiui, kai i\u0161vykstate \u012f darb\u0105. O svarbiausia \u2013 \u0161is skan\u0117stas yra visi\u0161kai nat\u016bralus!<\/p>\n<p data-start=\"4000\" data-end=\"4297\">Gabaliukai turi daug baltym\u0173 bei yra turtingi gele\u017eimi, cinku, magniu ir B12 vitaminu, kurie palaiko raumen\u0173 sveikat\u0105 ir suteikia svarbi\u0173 maistini\u0173 med\u017eiag\u0173. Kadangi jie supjaustyti patogiais gabalais ir lengvai dalijami, jie tinka vis\u0173 dyd\u017ei\u0173 \u0161unims \u2013 net \u0161uniukai mielai m\u0117gaujasi \u0161iuo gard\u0117siu!<\/p>\n<p data-start=\"4299\" data-end=\"4324\">Sud\u0117tis: 100 % jautiena<\/p>\n<p data-start=\"4326\" data-end=\"4502\">Naudojimo instrukcija: Duoti kaip skan\u0117st\u0105 ar atlyg\u012f tarp valgym\u0173 kaip subalaluotos mitybos dal\u012f. Visada steb\u0117kite \u0161un\u012f \u0161\u0117rimo metu ir duokite \u0161vie\u017eio vandens. Netinka \u017emon\u0117ms.<\/p>\n<p data-start=\"4504\" data-end=\"4604\">Analitin\u0117 sud\u0117tis: Baltymai 65 %, Riebalai 4,6 %, Pelenai 3,2 %, \u017dalia l\u0105steliena 1,8 %, Dr\u0117gm\u0117 13 %<\/p>\n","protected":false},"featured_media":47952,"template":"","meta":[],"product_brand":[],"product_cat":[540],"product_tag":[],"class_list":{"0":"post-47951","1":"product","2":"type-product","3":"status-publish","4":"has-post-thumbnail","6":"product_cat-skanestai-sunims","8":"first","9":"instock","10":"taxable","11":"shipping-taxable","12":"purchasable","13":"product-type-simple"},"yoast_head":"<!-- This site is optimized with the Yoast SEO plugin v27.2 - https:\/\/yoast.com\/product\/yoast-seo-wordpress\/ -->\n<title>Nat\u016bral\u016bs d\u017eiovintos jautienos fil\u0117 gabaliukai Frigera 100 g - MiuMjau<\/title>\n<meta name=\"robots\" content=\"index, follow, max-snippet:-1, max-image-preview:large, max-video-preview:-1\" \/>\n<link rel=\"canonical\" href=\"https:\/\/miumjau.ee\/lt\/produktas\/naturalus-dziovintos-jautienos-file-gabaliukai-frigera-100-g\/\" \/>\n<meta property=\"og:locale\" content=\"lt_LT\" \/>\n<meta property=\"og:type\" content=\"article\" \/>\n<meta property=\"og:title\" content=\"Nat\u016bral\u016bs d\u017eiovintos jautienos fil\u0117 gabaliukai Frigera 100 g - MiuMjau\" \/>\n<meta property=\"og:description\" content=\"Ar nor\u0117tum\u0117te i\u0161 ties\u0173 palepinti savo kailini draug\u0105? Pristatome friGERA jautienos fil\u0117 gabaliukus \u2013 puik\u0173 b\u016bd\u0105 apdovanoti savo \u0161un\u012f! M\u016bs\u0173 jautienos gabaliukai yra skan\u016bs u\u017ekand\u017eiai, pagaminti i\u0161 auk\u0161\u010diausios kokyb\u0117s m\u0117sos. Jie \u0161velniai d\u017eiovinami oru, kad i\u0161likt\u0173 mink\u0161ti, ta\u010diau \u0161iek tiek tra\u0161k\u016bs. Puikiai tinka ilgalaikiam kramtymui, pavyzd\u017eiui, kai i\u0161vykstate \u012f darb\u0105. O svarbiausia \u2013 \u0161is skan\u0117stas yra visi\u0161kai nat\u016bralus! Gabaliukai turi daug baltym\u0173 bei yra turtingi gele\u017eimi, cinku, magniu ir B12 vitaminu, kurie palaiko raumen\u0173 sveikat\u0105 ir suteikia svarbi\u0173 maistini\u0173 med\u017eiag\u0173. Kadangi jie supjaustyti patogiais gabalais ir lengvai dalijami, jie tinka vis\u0173 dyd\u017ei\u0173 \u0161unims \u2013 net \u0161uniukai mielai m\u0117gaujasi \u0161iuo gard\u0117siu! Sud\u0117tis: 100 % jautiena Naudojimo instrukcija: Duoti kaip skan\u0117st\u0105 ar atlyg\u012f tarp valgym\u0173 kaip subalaluotos mitybos dal\u012f. Visada steb\u0117kite \u0161un\u012f \u0161\u0117rimo metu ir duokite \u0161vie\u017eio vandens. Netinka \u017emon\u0117ms. Analitin\u0117 sud\u0117tis: Baltymai 65 %, Riebalai 4,6 %, Pelenai 3,2 %, \u017dalia l\u0105steliena 1,8 %, Dr\u0117gm\u0117 13 %\" \/>\n<meta property=\"og:url\" content=\"https:\/\/miumjau.ee\/lt\/produktas\/naturalus-dziovintos-jautienos-file-gabaliukai-frigera-100-g\/\" \/>\n<meta property=\"og:site_name\" content=\"MiuMjau\" \/>\n<meta property=\"article:publisher\" content=\"https:\/\/www.facebook.com\/miumjaupood\/\" \/>\n<meta property=\"article:modified_time\" content=\"2026-01-07T18:45:44+00:00\" \/>\n<meta property=\"og:image\" content=\"https:\/\/miumjau.ee\/wp-content\/uploads\/2025\/05\/frigera-koerte-maius-naturaalsed-veiselihaloigud-100-g-1-Photoroom.webp\" \/>\n\t<meta property=\"og:image:width\" content=\"600\" \/>\n\t<meta property=\"og:image:height\" content=\"800\" \/>\n\t<meta property=\"og:image:type\" content=\"image\/webp\" \/>\n<meta name=\"twitter:card\" content=\"summary_large_image\" \/>\n<script type=\"application\/ld+json\" class=\"yoast-schema-graph\">{\"@context\":\"https:\/\/schema.org\",\"@graph\":[{\"@type\":\"WebPage\",\"@id\":\"https:\/\/miumjau.ee\/lt\/produktas\/naturalus-dziovintos-jautienos-file-gabaliukai-frigera-100-g\/\",\"url\":\"https:\/\/miumjau.ee\/lt\/produktas\/naturalus-dziovintos-jautienos-file-gabaliukai-frigera-100-g\/\",\"name\":\"Nat\u016bral\u016bs d\u017eiovintos jautienos fil\u0117 gabaliukai Frigera 100 g - MiuMjau\",\"isPartOf\":{\"@id\":\"https:\/\/miumjau.ee\/#website\"},\"primaryImageOfPage\":{\"@id\":\"https:\/\/miumjau.ee\/lt\/produktas\/naturalus-dziovintos-jautienos-file-gabaliukai-frigera-100-g\/#primaryimage\"},\"image\":{\"@id\":\"https:\/\/miumjau.ee\/lt\/produktas\/naturalus-dziovintos-jautienos-file-gabaliukai-frigera-100-g\/#primaryimage\"},\"thumbnailUrl\":\"https:\/\/miumjau.ee\/wp-content\/uploads\/2025\/05\/frigera-koerte-maius-naturaalsed-veiselihaloigud-100-g-1-Photoroom.webp\",\"datePublished\":\"2025-05-29T18:04:42+00:00\",\"dateModified\":\"2026-01-07T18:45:44+00:00\",\"breadcrumb\":{\"@id\":\"https:\/\/miumjau.ee\/lt\/produktas\/naturalus-dziovintos-jautienos-file-gabaliukai-frigera-100-g\/#breadcrumb\"},\"inLanguage\":\"lt-LT\",\"potentialAction\":[{\"@type\":\"ReadAction\",\"target\":[\"https:\/\/miumjau.ee\/lt\/produktas\/naturalus-dziovintos-jautienos-file-gabaliukai-frigera-100-g\/\"]}]},{\"@type\":\"ImageObject\",\"inLanguage\":\"lt-LT\",\"@id\":\"https:\/\/miumjau.ee\/lt\/produktas\/naturalus-dziovintos-jautienos-file-gabaliukai-frigera-100-g\/#primaryimage\",\"url\":\"https:\/\/miumjau.ee\/wp-content\/uploads\/2025\/05\/frigera-koerte-maius-naturaalsed-veiselihaloigud-100-g-1-Photoroom.webp\",\"contentUrl\":\"https:\/\/miumjau.ee\/wp-content\/uploads\/2025\/05\/frigera-koerte-maius-naturaalsed-veiselihaloigud-100-g-1-Photoroom.webp\",\"width\":600,\"height\":800},{\"@type\":\"BreadcrumbList\",\"@id\":\"https:\/\/miumjau.ee\/lt\/produktas\/naturalus-dziovintos-jautienos-file-gabaliukai-frigera-100-g\/#breadcrumb\",\"itemListElement\":[{\"@type\":\"ListItem\",\"position\":1,\"name\":\"Home\",\"item\":\"https:\/\/miumjau.ee\/lt\/\"},{\"@type\":\"ListItem\",\"position\":2,\"name\":\"Parduotuv\u0117\",\"item\":\"https:\/\/miumjau.ee\/lt\/parduotuve\/\"},{\"@type\":\"ListItem\",\"position\":3,\"name\":\"Nat\u016bral\u016bs d\u017eiovintos jautienos fil\u0117 gabaliukai Frigera 100 g\"}]},{\"@type\":\"WebSite\",\"@id\":\"https:\/\/miumjau.ee\/#website\",\"url\":\"https:\/\/miumjau.ee\/\",\"name\":\"MiuMjau\",\"description\":\"Kraapimispuud kassidele\",\"publisher\":{\"@id\":\"https:\/\/miumjau.ee\/#organization\"},\"potentialAction\":[{\"@type\":\"SearchAction\",\"target\":{\"@type\":\"EntryPoint\",\"urlTemplate\":\"https:\/\/miumjau.ee\/?s={search_term_string}\"},\"query-input\":{\"@type\":\"PropertyValueSpecification\",\"valueRequired\":true,\"valueName\":\"search_term_string\"}}],\"inLanguage\":\"lt-LT\"},{\"@type\":\"Organization\",\"@id\":\"https:\/\/miumjau.ee\/#organization\",\"name\":\"MiuMjau O\u00dc\",\"url\":\"https:\/\/miumjau.ee\/\",\"logo\":{\"@type\":\"ImageObject\",\"inLanguage\":\"lt-LT\",\"@id\":\"https:\/\/miumjau.ee\/#\/schema\/logo\/image\/\",\"url\":\"https:\/\/miumjau.ee\/wp-content\/uploads\/2022\/04\/MiuMjau-logo-kollane.png\",\"contentUrl\":\"https:\/\/miumjau.ee\/wp-content\/uploads\/2022\/04\/MiuMjau-logo-kollane.png\",\"width\":219,\"height\":100,\"caption\":\"MiuMjau O\u00dc\"},\"image\":{\"@id\":\"https:\/\/miumjau.ee\/#\/schema\/logo\/image\/\"},\"sameAs\":[\"https:\/\/www.facebook.com\/miumjaupood\/\"]}]}<\/script>\n<!-- \/ Yoast SEO plugin. -->","yoast_head_json":{"title":"Nat\u016bral\u016bs d\u017eiovintos jautienos fil\u0117 gabaliukai Frigera 100 g - MiuMjau","robots":{"index":"index","follow":"follow","max-snippet":"max-snippet:-1","max-image-preview":"max-image-preview:large","max-video-preview":"max-video-preview:-1"},"canonical":"https:\/\/miumjau.ee\/lt\/produktas\/naturalus-dziovintos-jautienos-file-gabaliukai-frigera-100-g\/","og_locale":"lt_LT","og_type":"article","og_title":"Nat\u016bral\u016bs d\u017eiovintos jautienos fil\u0117 gabaliukai Frigera 100 g - MiuMjau","og_description":"Ar nor\u0117tum\u0117te i\u0161 ties\u0173 palepinti savo kailini draug\u0105? Pristatome friGERA jautienos fil\u0117 gabaliukus \u2013 puik\u0173 b\u016bd\u0105 apdovanoti savo \u0161un\u012f! M\u016bs\u0173 jautienos gabaliukai yra skan\u016bs u\u017ekand\u017eiai, pagaminti i\u0161 auk\u0161\u010diausios kokyb\u0117s m\u0117sos. Jie \u0161velniai d\u017eiovinami oru, kad i\u0161likt\u0173 mink\u0161ti, ta\u010diau \u0161iek tiek tra\u0161k\u016bs. Puikiai tinka ilgalaikiam kramtymui, pavyzd\u017eiui, kai i\u0161vykstate \u012f darb\u0105. O svarbiausia \u2013 \u0161is skan\u0117stas yra visi\u0161kai nat\u016bralus! Gabaliukai turi daug baltym\u0173 bei yra turtingi gele\u017eimi, cinku, magniu ir B12 vitaminu, kurie palaiko raumen\u0173 sveikat\u0105 ir suteikia svarbi\u0173 maistini\u0173 med\u017eiag\u0173. Kadangi jie supjaustyti patogiais gabalais ir lengvai dalijami, jie tinka vis\u0173 dyd\u017ei\u0173 \u0161unims \u2013 net \u0161uniukai mielai m\u0117gaujasi \u0161iuo gard\u0117siu! Sud\u0117tis: 100 % jautiena Naudojimo instrukcija: Duoti kaip skan\u0117st\u0105 ar atlyg\u012f tarp valgym\u0173 kaip subalaluotos mitybos dal\u012f. Visada steb\u0117kite \u0161un\u012f \u0161\u0117rimo metu ir duokite \u0161vie\u017eio vandens. Netinka \u017emon\u0117ms. Analitin\u0117 sud\u0117tis: Baltymai 65 %, Riebalai 4,6 %, Pelenai 3,2 %, \u017dalia l\u0105steliena 1,8 %, Dr\u0117gm\u0117 13 %","og_url":"https:\/\/miumjau.ee\/lt\/produktas\/naturalus-dziovintos-jautienos-file-gabaliukai-frigera-100-g\/","og_site_name":"MiuMjau","article_publisher":"https:\/\/www.facebook.com\/miumjaupood\/","article_modified_time":"2026-01-07T18:45:44+00:00","og_image":[{"width":600,"height":800,"url":"https:\/\/miumjau.ee\/wp-content\/uploads\/2025\/05\/frigera-koerte-maius-naturaalsed-veiselihaloigud-100-g-1-Photoroom.webp","type":"image\/webp"}],"twitter_card":"summary_large_image","schema":{"@context":"https:\/\/schema.org","@graph":[{"@type":"WebPage","@id":"https:\/\/miumjau.ee\/lt\/produktas\/naturalus-dziovintos-jautienos-file-gabaliukai-frigera-100-g\/","url":"https:\/\/miumjau.ee\/lt\/produktas\/naturalus-dziovintos-jautienos-file-gabaliukai-frigera-100-g\/","name":"Nat\u016bral\u016bs d\u017eiovintos jautienos fil\u0117 gabaliukai Frigera 100 g - MiuMjau","isPartOf":{"@id":"https:\/\/miumjau.ee\/#website"},"primaryImageOfPage":{"@id":"https:\/\/miumjau.ee\/lt\/produktas\/naturalus-dziovintos-jautienos-file-gabaliukai-frigera-100-g\/#primaryimage"},"image":{"@id":"https:\/\/miumjau.ee\/lt\/produktas\/naturalus-dziovintos-jautienos-file-gabaliukai-frigera-100-g\/#primaryimage"},"thumbnailUrl":"https:\/\/miumjau.ee\/wp-content\/uploads\/2025\/05\/frigera-koerte-maius-naturaalsed-veiselihaloigud-100-g-1-Photoroom.webp","datePublished":"2025-05-29T18:04:42+00:00","dateModified":"2026-01-07T18:45:44+00:00","breadcrumb":{"@id":"https:\/\/miumjau.ee\/lt\/produktas\/naturalus-dziovintos-jautienos-file-gabaliukai-frigera-100-g\/#breadcrumb"},"inLanguage":"lt-LT","potentialAction":[{"@type":"ReadAction","target":["https:\/\/miumjau.ee\/lt\/produktas\/naturalus-dziovintos-jautienos-file-gabaliukai-frigera-100-g\/"]}]},{"@type":"ImageObject","inLanguage":"lt-LT","@id":"https:\/\/miumjau.ee\/lt\/produktas\/naturalus-dziovintos-jautienos-file-gabaliukai-frigera-100-g\/#primaryimage","url":"https:\/\/miumjau.ee\/wp-content\/uploads\/2025\/05\/frigera-koerte-maius-naturaalsed-veiselihaloigud-100-g-1-Photoroom.webp","contentUrl":"https:\/\/miumjau.ee\/wp-content\/uploads\/2025\/05\/frigera-koerte-maius-naturaalsed-veiselihaloigud-100-g-1-Photoroom.webp","width":600,"height":800},{"@type":"BreadcrumbList","@id":"https:\/\/miumjau.ee\/lt\/produktas\/naturalus-dziovintos-jautienos-file-gabaliukai-frigera-100-g\/#breadcrumb","itemListElement":[{"@type":"ListItem","position":1,"name":"Home","item":"https:\/\/miumjau.ee\/lt\/"},{"@type":"ListItem","position":2,"name":"Parduotuv\u0117","item":"https:\/\/miumjau.ee\/lt\/parduotuve\/"},{"@type":"ListItem","position":3,"name":"Nat\u016bral\u016bs d\u017eiovintos jautienos fil\u0117 gabaliukai Frigera 100 g"}]},{"@type":"WebSite","@id":"https:\/\/miumjau.ee\/#website","url":"https:\/\/miumjau.ee\/","name":"MiuMjau","description":"Kraapimispuud kassidele","publisher":{"@id":"https:\/\/miumjau.ee\/#organization"},"potentialAction":[{"@type":"SearchAction","target":{"@type":"EntryPoint","urlTemplate":"https:\/\/miumjau.ee\/?s={search_term_string}"},"query-input":{"@type":"PropertyValueSpecification","valueRequired":true,"valueName":"search_term_string"}}],"inLanguage":"lt-LT"},{"@type":"Organization","@id":"https:\/\/miumjau.ee\/#organization","name":"MiuMjau O\u00dc","url":"https:\/\/miumjau.ee\/","logo":{"@type":"ImageObject","inLanguage":"lt-LT","@id":"https:\/\/miumjau.ee\/#\/schema\/logo\/image\/","url":"https:\/\/miumjau.ee\/wp-content\/uploads\/2022\/04\/MiuMjau-logo-kollane.png","contentUrl":"https:\/\/miumjau.ee\/wp-content\/uploads\/2022\/04\/MiuMjau-logo-kollane.png","width":219,"height":100,"caption":"MiuMjau O\u00dc"},"image":{"@id":"https:\/\/miumjau.ee\/#\/schema\/logo\/image\/"},"sameAs":["https:\/\/www.facebook.com\/miumjaupood\/"]}]}},"_links":{"self":[{"href":"https:\/\/miumjau.ee\/lt\/wp-json\/wp\/v2\/product\/47951","targetHints":{"allow":["GET"]}}],"collection":[{"href":"https:\/\/miumjau.ee\/lt\/wp-json\/wp\/v2\/product"}],"about":[{"href":"https:\/\/miumjau.ee\/lt\/wp-json\/wp\/v2\/types\/product"}],"wp:featuredmedia":[{"embeddable":true,"href":"https:\/\/miumjau.ee\/lt\/wp-json\/wp\/v2\/media\/47952"}],"wp:attachment":[{"href":"https:\/\/miumjau.ee\/lt\/wp-json\/wp\/v2\/media?parent=47951"}],"wp:term":[{"taxonomy":"product_brand","embeddable":true,"href":"https:\/\/miumjau.ee\/lt\/wp-json\/wp\/v2\/product_brand?post=47951"},{"taxonomy":"product_cat","embeddable":true,"href":"https:\/\/miumjau.ee\/lt\/wp-json\/wp\/v2\/product_cat?post=47951"},{"taxonomy":"product_tag","embeddable":true,"href":"https:\/\/miumjau.ee\/lt\/wp-json\/wp\/v2\/product_tag?post=47951"}],"curies":[{"name":"wp","href":"https:\/\/api.w.org\/{rel}","templated":true}]}}