{"id":47945,"date":"2025-05-29T21:16:49","date_gmt":"2025-05-29T18:16:49","guid":{"rendered":"https:\/\/miumjau.ee\/toode\/versiuko-nagai-naturalus-skanestas-frigera-10-vnt\/"},"modified":"2026-01-07T20:45:44","modified_gmt":"2026-01-07T18:45:44","slug":"versiuko-nagai-naturalus-skanestas-frigera-10-vnt","status":"publish","type":"product","link":"https:\/\/miumjau.ee\/lt\/produktas\/versiuko-nagai-naturalus-skanestas-frigera-10-vnt\/","title":{"rendered":"Ver\u0161iuko nagai, nat\u016bralus skan\u0117stas Frigera 10 vnt."},"content":{"rendered":"","protected":false},"excerpt":{"rendered":"<p data-start=\"4389\" data-end=\"4548\">Kam i\u0161leisti pinigus brangiems sintetiniams kramtymo \u017eaislams, jei gamta si\u016blo geresn\u0119 ir sveikesn\u0119 alternatyv\u0105? Taip \u2013 ver\u0161iuko nagai yra puikus pasirinkimas!<\/p>\n<p data-start=\"4550\" data-end=\"4886\">friGERA ver\u0161iuko nagai \u2013 puikus skan\u0117stas jauniems \u0161unims, turintiems stipr\u0173 kramtymo poreik\u012f. Jie palaiko dant\u0173 higien\u0105 ir padeda \u0161uniukams dygstant bei kei\u010diantis dantims. Be to, naguose gausu keratino (baltymo r\u016b\u0161ies) ir labai ma\u017eai riebal\u0173, tod\u0117l jie padeda sveikai formuotis raumenims ir kailiui, neprid\u0117dami nereikaling\u0173 kalorij\u0173.<\/p>\n<p data-start=\"4888\" data-end=\"5181\">Nagai lengvai vir\u0161kinami ir beveik bekvapiai, tad puikiai tinka naudoti namuose ar miesto aplinkoje! Patarimas: prikim\u0161kite nagus tuo, k\u0105 m\u0117gsta j\u016bs\u0173 \u0161uo \u2013 skania pasta, m\u0117sos tyre, \u0161lapiu maistu ir pan. Galimyb\u0117s begalin\u0117s! Tai nebrangus ir veiksmingas b\u016bdas formuoti tinkam\u0105 kramtymo elges\u012f.<\/p>\n<p data-start=\"5183\" data-end=\"5366\">Skirtingai nei \u017eaislai, kurie praranda vert\u0119 suvalgius \u012fdar\u0105, pats nagas lieka kaip papildomas skan\u0117stas u\u017e mokym\u0105 ar \u017eaidim\u0105! Tr\u016bksta \u012fkv\u0117pimo \u012fdarui? Internete rasite daugyb\u0119 id\u0117j\u0173!<\/p>\n<p data-start=\"5368\" data-end=\"5393\">Sud\u0117tis: 100 % jautiena<\/p>\n<p data-start=\"5395\" data-end=\"5580\">Naudojimo instrukcija: Duoti kaip skan\u0117st\u0105 ar atlyg\u012f tarp valgym\u0173 kaip subalansuotos mitybos dal\u012f. Visada steb\u0117kite \u0161un\u012f \u0161\u0117rimo metu ir duokite \u0161vie\u017eio vandens. Netinka \u017emon\u0117ms vartoti.<\/p>\n<p data-start=\"5582\" data-end=\"5648\">Analitin\u0117 sud\u0117tis: Baltymai 86,44 %, Riebalai 3,07 %, Dr\u0117gm\u0117 7,4 %<\/p>\n","protected":false},"featured_media":47946,"template":"","meta":[],"product_brand":[],"product_cat":[540],"product_tag":[],"class_list":{"0":"post-47945","1":"product","2":"type-product","3":"status-publish","4":"has-post-thumbnail","6":"product_cat-skanestai-sunims","8":"first","9":"instock","10":"sale","11":"taxable","12":"shipping-taxable","13":"purchasable","14":"product-type-simple"},"yoast_head":"<!-- This site is optimized with the Yoast SEO plugin v27.2 - https:\/\/yoast.com\/product\/yoast-seo-wordpress\/ -->\n<title>Ver\u0161iuko nagai, nat\u016bralus skan\u0117stas Frigera 10 vnt. - MiuMjau<\/title>\n<meta name=\"robots\" content=\"index, follow, max-snippet:-1, max-image-preview:large, max-video-preview:-1\" \/>\n<link rel=\"canonical\" href=\"https:\/\/miumjau.ee\/lt\/produktas\/versiuko-nagai-naturalus-skanestas-frigera-10-vnt\/\" \/>\n<meta property=\"og:locale\" content=\"lt_LT\" \/>\n<meta property=\"og:type\" content=\"article\" \/>\n<meta property=\"og:title\" content=\"Ver\u0161iuko nagai, nat\u016bralus skan\u0117stas Frigera 10 vnt. - MiuMjau\" \/>\n<meta property=\"og:description\" content=\"Kam i\u0161leisti pinigus brangiems sintetiniams kramtymo \u017eaislams, jei gamta si\u016blo geresn\u0119 ir sveikesn\u0119 alternatyv\u0105? Taip \u2013 ver\u0161iuko nagai yra puikus pasirinkimas! friGERA ver\u0161iuko nagai \u2013 puikus skan\u0117stas jauniems \u0161unims, turintiems stipr\u0173 kramtymo poreik\u012f. Jie palaiko dant\u0173 higien\u0105 ir padeda \u0161uniukams dygstant bei kei\u010diantis dantims. Be to, naguose gausu keratino (baltymo r\u016b\u0161ies) ir labai ma\u017eai riebal\u0173, tod\u0117l jie padeda sveikai formuotis raumenims ir kailiui, neprid\u0117dami nereikaling\u0173 kalorij\u0173. Nagai lengvai vir\u0161kinami ir beveik bekvapiai, tad puikiai tinka naudoti namuose ar miesto aplinkoje! Patarimas: prikim\u0161kite nagus tuo, k\u0105 m\u0117gsta j\u016bs\u0173 \u0161uo \u2013 skania pasta, m\u0117sos tyre, \u0161lapiu maistu ir pan. Galimyb\u0117s begalin\u0117s! Tai nebrangus ir veiksmingas b\u016bdas formuoti tinkam\u0105 kramtymo elges\u012f. Skirtingai nei \u017eaislai, kurie praranda vert\u0119 suvalgius \u012fdar\u0105, pats nagas lieka kaip papildomas skan\u0117stas u\u017e mokym\u0105 ar \u017eaidim\u0105! Tr\u016bksta \u012fkv\u0117pimo \u012fdarui? Internete rasite daugyb\u0119 id\u0117j\u0173! Sud\u0117tis: 100 % jautiena Naudojimo instrukcija: Duoti kaip skan\u0117st\u0105 ar atlyg\u012f tarp valgym\u0173 kaip subalansuotos mitybos dal\u012f. Visada steb\u0117kite \u0161un\u012f \u0161\u0117rimo metu ir duokite \u0161vie\u017eio vandens. Netinka \u017emon\u0117ms vartoti. Analitin\u0117 sud\u0117tis: Baltymai 86,44 %, Riebalai 3,07 %, Dr\u0117gm\u0117 7,4 %\" \/>\n<meta property=\"og:url\" content=\"https:\/\/miumjau.ee\/lt\/produktas\/versiuko-nagai-naturalus-skanestas-frigera-10-vnt\/\" \/>\n<meta property=\"og:site_name\" content=\"MiuMjau\" \/>\n<meta property=\"article:publisher\" content=\"https:\/\/www.facebook.com\/miumjaupood\/\" \/>\n<meta property=\"article:modified_time\" content=\"2026-01-07T18:45:44+00:00\" \/>\n<meta property=\"og:image\" content=\"https:\/\/miumjau.ee\/wp-content\/uploads\/2025\/05\/frigera-koerte-maius-vasikakabjad-10tk-1-Photoroom.webp\" \/>\n\t<meta property=\"og:image:width\" content=\"600\" \/>\n\t<meta property=\"og:image:height\" content=\"800\" \/>\n\t<meta property=\"og:image:type\" content=\"image\/webp\" \/>\n<meta name=\"twitter:card\" content=\"summary_large_image\" \/>\n<script type=\"application\/ld+json\" class=\"yoast-schema-graph\">{\"@context\":\"https:\/\/schema.org\",\"@graph\":[{\"@type\":\"WebPage\",\"@id\":\"https:\/\/miumjau.ee\/lt\/produktas\/versiuko-nagai-naturalus-skanestas-frigera-10-vnt\/\",\"url\":\"https:\/\/miumjau.ee\/lt\/produktas\/versiuko-nagai-naturalus-skanestas-frigera-10-vnt\/\",\"name\":\"Ver\u0161iuko nagai, nat\u016bralus skan\u0117stas Frigera 10 vnt. - MiuMjau\",\"isPartOf\":{\"@id\":\"https:\/\/miumjau.ee\/#website\"},\"primaryImageOfPage\":{\"@id\":\"https:\/\/miumjau.ee\/lt\/produktas\/versiuko-nagai-naturalus-skanestas-frigera-10-vnt\/#primaryimage\"},\"image\":{\"@id\":\"https:\/\/miumjau.ee\/lt\/produktas\/versiuko-nagai-naturalus-skanestas-frigera-10-vnt\/#primaryimage\"},\"thumbnailUrl\":\"https:\/\/miumjau.ee\/wp-content\/uploads\/2025\/05\/frigera-koerte-maius-vasikakabjad-10tk-1-Photoroom.webp\",\"datePublished\":\"2025-05-29T18:16:49+00:00\",\"dateModified\":\"2026-01-07T18:45:44+00:00\",\"breadcrumb\":{\"@id\":\"https:\/\/miumjau.ee\/lt\/produktas\/versiuko-nagai-naturalus-skanestas-frigera-10-vnt\/#breadcrumb\"},\"inLanguage\":\"lt-LT\",\"potentialAction\":[{\"@type\":\"ReadAction\",\"target\":[\"https:\/\/miumjau.ee\/lt\/produktas\/versiuko-nagai-naturalus-skanestas-frigera-10-vnt\/\"]}]},{\"@type\":\"ImageObject\",\"inLanguage\":\"lt-LT\",\"@id\":\"https:\/\/miumjau.ee\/lt\/produktas\/versiuko-nagai-naturalus-skanestas-frigera-10-vnt\/#primaryimage\",\"url\":\"https:\/\/miumjau.ee\/wp-content\/uploads\/2025\/05\/frigera-koerte-maius-vasikakabjad-10tk-1-Photoroom.webp\",\"contentUrl\":\"https:\/\/miumjau.ee\/wp-content\/uploads\/2025\/05\/frigera-koerte-maius-vasikakabjad-10tk-1-Photoroom.webp\",\"width\":600,\"height\":800},{\"@type\":\"BreadcrumbList\",\"@id\":\"https:\/\/miumjau.ee\/lt\/produktas\/versiuko-nagai-naturalus-skanestas-frigera-10-vnt\/#breadcrumb\",\"itemListElement\":[{\"@type\":\"ListItem\",\"position\":1,\"name\":\"Home\",\"item\":\"https:\/\/miumjau.ee\/lt\/\"},{\"@type\":\"ListItem\",\"position\":2,\"name\":\"Parduotuv\u0117\",\"item\":\"https:\/\/miumjau.ee\/lt\/parduotuve\/\"},{\"@type\":\"ListItem\",\"position\":3,\"name\":\"Ver\u0161iuko nagai, nat\u016bralus skan\u0117stas Frigera 10 vnt.\"}]},{\"@type\":\"WebSite\",\"@id\":\"https:\/\/miumjau.ee\/#website\",\"url\":\"https:\/\/miumjau.ee\/\",\"name\":\"MiuMjau\",\"description\":\"Kraapimispuud kassidele\",\"publisher\":{\"@id\":\"https:\/\/miumjau.ee\/#organization\"},\"potentialAction\":[{\"@type\":\"SearchAction\",\"target\":{\"@type\":\"EntryPoint\",\"urlTemplate\":\"https:\/\/miumjau.ee\/?s={search_term_string}\"},\"query-input\":{\"@type\":\"PropertyValueSpecification\",\"valueRequired\":true,\"valueName\":\"search_term_string\"}}],\"inLanguage\":\"lt-LT\"},{\"@type\":\"Organization\",\"@id\":\"https:\/\/miumjau.ee\/#organization\",\"name\":\"MiuMjau O\u00dc\",\"url\":\"https:\/\/miumjau.ee\/\",\"logo\":{\"@type\":\"ImageObject\",\"inLanguage\":\"lt-LT\",\"@id\":\"https:\/\/miumjau.ee\/#\/schema\/logo\/image\/\",\"url\":\"https:\/\/miumjau.ee\/wp-content\/uploads\/2022\/04\/MiuMjau-logo-kollane.png\",\"contentUrl\":\"https:\/\/miumjau.ee\/wp-content\/uploads\/2022\/04\/MiuMjau-logo-kollane.png\",\"width\":219,\"height\":100,\"caption\":\"MiuMjau O\u00dc\"},\"image\":{\"@id\":\"https:\/\/miumjau.ee\/#\/schema\/logo\/image\/\"},\"sameAs\":[\"https:\/\/www.facebook.com\/miumjaupood\/\"]}]}<\/script>\n<!-- \/ Yoast SEO plugin. -->","yoast_head_json":{"title":"Ver\u0161iuko nagai, nat\u016bralus skan\u0117stas Frigera 10 vnt. - MiuMjau","robots":{"index":"index","follow":"follow","max-snippet":"max-snippet:-1","max-image-preview":"max-image-preview:large","max-video-preview":"max-video-preview:-1"},"canonical":"https:\/\/miumjau.ee\/lt\/produktas\/versiuko-nagai-naturalus-skanestas-frigera-10-vnt\/","og_locale":"lt_LT","og_type":"article","og_title":"Ver\u0161iuko nagai, nat\u016bralus skan\u0117stas Frigera 10 vnt. - MiuMjau","og_description":"Kam i\u0161leisti pinigus brangiems sintetiniams kramtymo \u017eaislams, jei gamta si\u016blo geresn\u0119 ir sveikesn\u0119 alternatyv\u0105? Taip \u2013 ver\u0161iuko nagai yra puikus pasirinkimas! friGERA ver\u0161iuko nagai \u2013 puikus skan\u0117stas jauniems \u0161unims, turintiems stipr\u0173 kramtymo poreik\u012f. Jie palaiko dant\u0173 higien\u0105 ir padeda \u0161uniukams dygstant bei kei\u010diantis dantims. Be to, naguose gausu keratino (baltymo r\u016b\u0161ies) ir labai ma\u017eai riebal\u0173, tod\u0117l jie padeda sveikai formuotis raumenims ir kailiui, neprid\u0117dami nereikaling\u0173 kalorij\u0173. Nagai lengvai vir\u0161kinami ir beveik bekvapiai, tad puikiai tinka naudoti namuose ar miesto aplinkoje! Patarimas: prikim\u0161kite nagus tuo, k\u0105 m\u0117gsta j\u016bs\u0173 \u0161uo \u2013 skania pasta, m\u0117sos tyre, \u0161lapiu maistu ir pan. Galimyb\u0117s begalin\u0117s! Tai nebrangus ir veiksmingas b\u016bdas formuoti tinkam\u0105 kramtymo elges\u012f. Skirtingai nei \u017eaislai, kurie praranda vert\u0119 suvalgius \u012fdar\u0105, pats nagas lieka kaip papildomas skan\u0117stas u\u017e mokym\u0105 ar \u017eaidim\u0105! Tr\u016bksta \u012fkv\u0117pimo \u012fdarui? Internete rasite daugyb\u0119 id\u0117j\u0173! Sud\u0117tis: 100 % jautiena Naudojimo instrukcija: Duoti kaip skan\u0117st\u0105 ar atlyg\u012f tarp valgym\u0173 kaip subalansuotos mitybos dal\u012f. Visada steb\u0117kite \u0161un\u012f \u0161\u0117rimo metu ir duokite \u0161vie\u017eio vandens. Netinka \u017emon\u0117ms vartoti. Analitin\u0117 sud\u0117tis: Baltymai 86,44 %, Riebalai 3,07 %, Dr\u0117gm\u0117 7,4 %","og_url":"https:\/\/miumjau.ee\/lt\/produktas\/versiuko-nagai-naturalus-skanestas-frigera-10-vnt\/","og_site_name":"MiuMjau","article_publisher":"https:\/\/www.facebook.com\/miumjaupood\/","article_modified_time":"2026-01-07T18:45:44+00:00","og_image":[{"width":600,"height":800,"url":"https:\/\/miumjau.ee\/wp-content\/uploads\/2025\/05\/frigera-koerte-maius-vasikakabjad-10tk-1-Photoroom.webp","type":"image\/webp"}],"twitter_card":"summary_large_image","schema":{"@context":"https:\/\/schema.org","@graph":[{"@type":"WebPage","@id":"https:\/\/miumjau.ee\/lt\/produktas\/versiuko-nagai-naturalus-skanestas-frigera-10-vnt\/","url":"https:\/\/miumjau.ee\/lt\/produktas\/versiuko-nagai-naturalus-skanestas-frigera-10-vnt\/","name":"Ver\u0161iuko nagai, nat\u016bralus skan\u0117stas Frigera 10 vnt. - MiuMjau","isPartOf":{"@id":"https:\/\/miumjau.ee\/#website"},"primaryImageOfPage":{"@id":"https:\/\/miumjau.ee\/lt\/produktas\/versiuko-nagai-naturalus-skanestas-frigera-10-vnt\/#primaryimage"},"image":{"@id":"https:\/\/miumjau.ee\/lt\/produktas\/versiuko-nagai-naturalus-skanestas-frigera-10-vnt\/#primaryimage"},"thumbnailUrl":"https:\/\/miumjau.ee\/wp-content\/uploads\/2025\/05\/frigera-koerte-maius-vasikakabjad-10tk-1-Photoroom.webp","datePublished":"2025-05-29T18:16:49+00:00","dateModified":"2026-01-07T18:45:44+00:00","breadcrumb":{"@id":"https:\/\/miumjau.ee\/lt\/produktas\/versiuko-nagai-naturalus-skanestas-frigera-10-vnt\/#breadcrumb"},"inLanguage":"lt-LT","potentialAction":[{"@type":"ReadAction","target":["https:\/\/miumjau.ee\/lt\/produktas\/versiuko-nagai-naturalus-skanestas-frigera-10-vnt\/"]}]},{"@type":"ImageObject","inLanguage":"lt-LT","@id":"https:\/\/miumjau.ee\/lt\/produktas\/versiuko-nagai-naturalus-skanestas-frigera-10-vnt\/#primaryimage","url":"https:\/\/miumjau.ee\/wp-content\/uploads\/2025\/05\/frigera-koerte-maius-vasikakabjad-10tk-1-Photoroom.webp","contentUrl":"https:\/\/miumjau.ee\/wp-content\/uploads\/2025\/05\/frigera-koerte-maius-vasikakabjad-10tk-1-Photoroom.webp","width":600,"height":800},{"@type":"BreadcrumbList","@id":"https:\/\/miumjau.ee\/lt\/produktas\/versiuko-nagai-naturalus-skanestas-frigera-10-vnt\/#breadcrumb","itemListElement":[{"@type":"ListItem","position":1,"name":"Home","item":"https:\/\/miumjau.ee\/lt\/"},{"@type":"ListItem","position":2,"name":"Parduotuv\u0117","item":"https:\/\/miumjau.ee\/lt\/parduotuve\/"},{"@type":"ListItem","position":3,"name":"Ver\u0161iuko nagai, nat\u016bralus skan\u0117stas Frigera 10 vnt."}]},{"@type":"WebSite","@id":"https:\/\/miumjau.ee\/#website","url":"https:\/\/miumjau.ee\/","name":"MiuMjau","description":"Kraapimispuud kassidele","publisher":{"@id":"https:\/\/miumjau.ee\/#organization"},"potentialAction":[{"@type":"SearchAction","target":{"@type":"EntryPoint","urlTemplate":"https:\/\/miumjau.ee\/?s={search_term_string}"},"query-input":{"@type":"PropertyValueSpecification","valueRequired":true,"valueName":"search_term_string"}}],"inLanguage":"lt-LT"},{"@type":"Organization","@id":"https:\/\/miumjau.ee\/#organization","name":"MiuMjau O\u00dc","url":"https:\/\/miumjau.ee\/","logo":{"@type":"ImageObject","inLanguage":"lt-LT","@id":"https:\/\/miumjau.ee\/#\/schema\/logo\/image\/","url":"https:\/\/miumjau.ee\/wp-content\/uploads\/2022\/04\/MiuMjau-logo-kollane.png","contentUrl":"https:\/\/miumjau.ee\/wp-content\/uploads\/2022\/04\/MiuMjau-logo-kollane.png","width":219,"height":100,"caption":"MiuMjau O\u00dc"},"image":{"@id":"https:\/\/miumjau.ee\/#\/schema\/logo\/image\/"},"sameAs":["https:\/\/www.facebook.com\/miumjaupood\/"]}]}},"_links":{"self":[{"href":"https:\/\/miumjau.ee\/lt\/wp-json\/wp\/v2\/product\/47945","targetHints":{"allow":["GET"]}}],"collection":[{"href":"https:\/\/miumjau.ee\/lt\/wp-json\/wp\/v2\/product"}],"about":[{"href":"https:\/\/miumjau.ee\/lt\/wp-json\/wp\/v2\/types\/product"}],"wp:featuredmedia":[{"embeddable":true,"href":"https:\/\/miumjau.ee\/lt\/wp-json\/wp\/v2\/media\/47946"}],"wp:attachment":[{"href":"https:\/\/miumjau.ee\/lt\/wp-json\/wp\/v2\/media?parent=47945"}],"wp:term":[{"taxonomy":"product_brand","embeddable":true,"href":"https:\/\/miumjau.ee\/lt\/wp-json\/wp\/v2\/product_brand?post=47945"},{"taxonomy":"product_cat","embeddable":true,"href":"https:\/\/miumjau.ee\/lt\/wp-json\/wp\/v2\/product_cat?post=47945"},{"taxonomy":"product_tag","embeddable":true,"href":"https:\/\/miumjau.ee\/lt\/wp-json\/wp\/v2\/product_tag?post=47945"}],"curies":[{"name":"wp","href":"https:\/\/api.w.org\/{rel}","templated":true}]}}