{"id":47933,"date":"2025-05-29T21:41:17","date_gmt":"2025-05-29T18:41:17","guid":{"rendered":"https:\/\/miumjau.ee\/toode\/naturalus-kramtukai-suniukams-frigera-60-g\/"},"modified":"2026-01-07T20:45:44","modified_gmt":"2026-01-07T18:45:44","slug":"naturalus-kramtukai-suniukams-frigera-60-g","status":"publish","type":"product","link":"https:\/\/miumjau.ee\/lt\/produktas\/naturalus-kramtukai-suniukams-frigera-60-g\/","title":{"rendered":"Nat\u016bral\u016bs kramtukai \u0161uniukams, Frigera 60 g"},"content":{"rendered":"","protected":false},"excerpt":{"rendered":"<p data-start=\"3643\" data-end=\"3917\">Ar sunku atsispirti savo mielo \u0161uniuko pra\u0161an\u010dioms akims, kai jis laukia ka\u017eko ypatingai skanaus? Mes turime b\u016btent tai, ko reikia \u2013 friGERA skan\u0117stai \u0161uniukams! M\u016bs\u0173 kruop\u0161\u010diai d\u017eiovinti kramtukai pagaminti i\u0161 100 % nat\u016bralios jautienos te\u0161mens, be da\u017eikli\u0173 ir konservant\u0173.<\/p>\n<p data-start=\"3919\" data-end=\"4247\">D\u0117l didelio kalcio, baltym\u0173 ir pieno r\u016bg\u0161ties kiekio \u0161ie skan\u0117stai yra labai maistingi j\u016bs\u0173 ma\u017eam kailiniam draugui. Te\u0161menyje taip pat gausu mineral\u0173 ir vitamin\u0173, toki\u0173 kaip selenas, B12 vitaminas, cinkas ir gele\u017eis. Te\u0161muo yra puiki alternatyva kitiems kramtomiesiems skan\u0117stams ir padeda palaikyti danten\u0173 bei dant\u0173 sveikat\u0105.<\/p>\n<p data-start=\"4249\" data-end=\"4403\">\u0160ie ma\u017ei skan\u0117stai yra nat\u016bralus atlygis j\u016bs\u0173 keturkojui \u0161eimos nariui ir skanus gard\u0117sis, kur\u012f galima duoti vis\u0105 arba supjaustyt\u0105 ma\u017eesniais gabal\u0117liais.<\/p>\n<p data-start=\"4405\" data-end=\"4430\">Sud\u0117tis: 100 % jautiena<\/p>\n<p data-start=\"4432\" data-end=\"4619\">Naudojimo instrukcija: Duokite kaip skan\u0117st\u0105 ar atlyg\u012f tarp valgym\u0173 kaip subalansuotos mitybos dal\u012f. Visada steb\u0117kite \u0161un\u012f \u0161\u0117rimo metu ir duokite \u0161vie\u017eio vandens. Netinka \u017emon\u0117ms vartoti.<\/p>\n<p data-start=\"4621\" data-end=\"4689\">Analitin\u0117 sud\u0117tis: Baltymai 58,54 %, Riebalai 25,53 %, Dr\u0117gm\u0117 8,76 %<\/p>\n","protected":false},"featured_media":47934,"template":"","meta":[],"product_brand":[],"product_cat":[540],"product_tag":[],"class_list":{"0":"post-47933","1":"product","2":"type-product","3":"status-publish","4":"has-post-thumbnail","6":"product_cat-skanestai-sunims","8":"first","9":"instock","10":"sale","11":"taxable","12":"shipping-taxable","13":"purchasable","14":"product-type-simple"},"yoast_head":"<!-- This site is optimized with the Yoast SEO plugin v27.4 - https:\/\/yoast.com\/product\/yoast-seo-wordpress\/ -->\n<title>Nat\u016bral\u016bs kramtukai \u0161uniukams, Frigera 60 g - MiuMjau<\/title>\n<meta name=\"robots\" content=\"index, follow, max-snippet:-1, max-image-preview:large, max-video-preview:-1\" \/>\n<link rel=\"canonical\" href=\"https:\/\/miumjau.ee\/lt\/produktas\/naturalus-kramtukai-suniukams-frigera-60-g\/\" \/>\n<meta property=\"og:locale\" content=\"lt_LT\" \/>\n<meta property=\"og:type\" content=\"article\" \/>\n<meta property=\"og:title\" content=\"Nat\u016bral\u016bs kramtukai \u0161uniukams, Frigera 60 g - MiuMjau\" \/>\n<meta property=\"og:description\" content=\"Ar sunku atsispirti savo mielo \u0161uniuko pra\u0161an\u010dioms akims, kai jis laukia ka\u017eko ypatingai skanaus? Mes turime b\u016btent tai, ko reikia \u2013 friGERA skan\u0117stai \u0161uniukams! M\u016bs\u0173 kruop\u0161\u010diai d\u017eiovinti kramtukai pagaminti i\u0161 100 % nat\u016bralios jautienos te\u0161mens, be da\u017eikli\u0173 ir konservant\u0173. D\u0117l didelio kalcio, baltym\u0173 ir pieno r\u016bg\u0161ties kiekio \u0161ie skan\u0117stai yra labai maistingi j\u016bs\u0173 ma\u017eam kailiniam draugui. Te\u0161menyje taip pat gausu mineral\u0173 ir vitamin\u0173, toki\u0173 kaip selenas, B12 vitaminas, cinkas ir gele\u017eis. Te\u0161muo yra puiki alternatyva kitiems kramtomiesiems skan\u0117stams ir padeda palaikyti danten\u0173 bei dant\u0173 sveikat\u0105. \u0160ie ma\u017ei skan\u0117stai yra nat\u016bralus atlygis j\u016bs\u0173 keturkojui \u0161eimos nariui ir skanus gard\u0117sis, kur\u012f galima duoti vis\u0105 arba supjaustyt\u0105 ma\u017eesniais gabal\u0117liais. Sud\u0117tis: 100 % jautiena Naudojimo instrukcija: Duokite kaip skan\u0117st\u0105 ar atlyg\u012f tarp valgym\u0173 kaip subalansuotos mitybos dal\u012f. Visada steb\u0117kite \u0161un\u012f \u0161\u0117rimo metu ir duokite \u0161vie\u017eio vandens. Netinka \u017emon\u0117ms vartoti. Analitin\u0117 sud\u0117tis: Baltymai 58,54 %, Riebalai 25,53 %, Dr\u0117gm\u0117 8,76 %\" \/>\n<meta property=\"og:url\" content=\"https:\/\/miumjau.ee\/lt\/produktas\/naturalus-kramtukai-suniukams-frigera-60-g\/\" \/>\n<meta property=\"og:site_name\" content=\"MiuMjau\" \/>\n<meta property=\"article:publisher\" content=\"https:\/\/www.facebook.com\/miumjaupood\/\" \/>\n<meta property=\"article:modified_time\" content=\"2026-01-07T18:45:44+00:00\" \/>\n<meta property=\"og:image\" content=\"https:\/\/miumjau.ee\/wp-content\/uploads\/2025\/05\/frigera-koerte-maius-pulgad-kutsikatele-60g-1-Photoroom.webp\" \/>\n\t<meta property=\"og:image:width\" content=\"600\" \/>\n\t<meta property=\"og:image:height\" content=\"800\" \/>\n\t<meta property=\"og:image:type\" content=\"image\/webp\" \/>\n<meta name=\"twitter:card\" content=\"summary_large_image\" \/>\n<script type=\"application\/ld+json\" class=\"yoast-schema-graph\">{\"@context\":\"https:\\\/\\\/schema.org\",\"@graph\":[{\"@type\":\"WebPage\",\"@id\":\"https:\\\/\\\/miumjau.ee\\\/lt\\\/produktas\\\/naturalus-kramtukai-suniukams-frigera-60-g\\\/\",\"url\":\"https:\\\/\\\/miumjau.ee\\\/lt\\\/produktas\\\/naturalus-kramtukai-suniukams-frigera-60-g\\\/\",\"name\":\"Nat\u016bral\u016bs kramtukai \u0161uniukams, Frigera 60 g - MiuMjau\",\"isPartOf\":{\"@id\":\"https:\\\/\\\/miumjau.ee\\\/#website\"},\"primaryImageOfPage\":{\"@id\":\"https:\\\/\\\/miumjau.ee\\\/lt\\\/produktas\\\/naturalus-kramtukai-suniukams-frigera-60-g\\\/#primaryimage\"},\"image\":{\"@id\":\"https:\\\/\\\/miumjau.ee\\\/lt\\\/produktas\\\/naturalus-kramtukai-suniukams-frigera-60-g\\\/#primaryimage\"},\"thumbnailUrl\":\"https:\\\/\\\/miumjau.ee\\\/wp-content\\\/uploads\\\/2025\\\/05\\\/frigera-koerte-maius-pulgad-kutsikatele-60g-1-Photoroom.webp\",\"datePublished\":\"2025-05-29T18:41:17+00:00\",\"dateModified\":\"2026-01-07T18:45:44+00:00\",\"breadcrumb\":{\"@id\":\"https:\\\/\\\/miumjau.ee\\\/lt\\\/produktas\\\/naturalus-kramtukai-suniukams-frigera-60-g\\\/#breadcrumb\"},\"inLanguage\":\"lt-LT\",\"potentialAction\":[{\"@type\":\"ReadAction\",\"target\":[\"https:\\\/\\\/miumjau.ee\\\/lt\\\/produktas\\\/naturalus-kramtukai-suniukams-frigera-60-g\\\/\"]}]},{\"@type\":\"ImageObject\",\"inLanguage\":\"lt-LT\",\"@id\":\"https:\\\/\\\/miumjau.ee\\\/lt\\\/produktas\\\/naturalus-kramtukai-suniukams-frigera-60-g\\\/#primaryimage\",\"url\":\"https:\\\/\\\/miumjau.ee\\\/wp-content\\\/uploads\\\/2025\\\/05\\\/frigera-koerte-maius-pulgad-kutsikatele-60g-1-Photoroom.webp\",\"contentUrl\":\"https:\\\/\\\/miumjau.ee\\\/wp-content\\\/uploads\\\/2025\\\/05\\\/frigera-koerte-maius-pulgad-kutsikatele-60g-1-Photoroom.webp\",\"width\":600,\"height\":800},{\"@type\":\"BreadcrumbList\",\"@id\":\"https:\\\/\\\/miumjau.ee\\\/lt\\\/produktas\\\/naturalus-kramtukai-suniukams-frigera-60-g\\\/#breadcrumb\",\"itemListElement\":[{\"@type\":\"ListItem\",\"position\":1,\"name\":\"Home\",\"item\":\"https:\\\/\\\/miumjau.ee\\\/lt\\\/\"},{\"@type\":\"ListItem\",\"position\":2,\"name\":\"Parduotuv\u0117\",\"item\":\"https:\\\/\\\/miumjau.ee\\\/lt\\\/parduotuve\\\/\"},{\"@type\":\"ListItem\",\"position\":3,\"name\":\"Nat\u016bral\u016bs kramtukai \u0161uniukams, Frigera 60 g\"}]},{\"@type\":\"WebSite\",\"@id\":\"https:\\\/\\\/miumjau.ee\\\/#website\",\"url\":\"https:\\\/\\\/miumjau.ee\\\/\",\"name\":\"MiuMjau\",\"description\":\"Kraapimispuud kassidele\",\"publisher\":{\"@id\":\"https:\\\/\\\/miumjau.ee\\\/#organization\"},\"potentialAction\":[{\"@type\":\"SearchAction\",\"target\":{\"@type\":\"EntryPoint\",\"urlTemplate\":\"https:\\\/\\\/miumjau.ee\\\/?s={search_term_string}\"},\"query-input\":{\"@type\":\"PropertyValueSpecification\",\"valueRequired\":true,\"valueName\":\"search_term_string\"}}],\"inLanguage\":\"lt-LT\"},{\"@type\":\"Organization\",\"@id\":\"https:\\\/\\\/miumjau.ee\\\/#organization\",\"name\":\"MiuMjau O\u00dc\",\"url\":\"https:\\\/\\\/miumjau.ee\\\/\",\"logo\":{\"@type\":\"ImageObject\",\"inLanguage\":\"lt-LT\",\"@id\":\"https:\\\/\\\/miumjau.ee\\\/#\\\/schema\\\/logo\\\/image\\\/\",\"url\":\"https:\\\/\\\/miumjau.ee\\\/wp-content\\\/uploads\\\/2022\\\/04\\\/MiuMjau-logo-kollane.png\",\"contentUrl\":\"https:\\\/\\\/miumjau.ee\\\/wp-content\\\/uploads\\\/2022\\\/04\\\/MiuMjau-logo-kollane.png\",\"width\":219,\"height\":100,\"caption\":\"MiuMjau O\u00dc\"},\"image\":{\"@id\":\"https:\\\/\\\/miumjau.ee\\\/#\\\/schema\\\/logo\\\/image\\\/\"},\"sameAs\":[\"https:\\\/\\\/www.facebook.com\\\/miumjaupood\\\/\"]}]}<\/script>\n<!-- \/ Yoast SEO plugin. -->","yoast_head_json":{"title":"Nat\u016bral\u016bs kramtukai \u0161uniukams, Frigera 60 g - MiuMjau","robots":{"index":"index","follow":"follow","max-snippet":"max-snippet:-1","max-image-preview":"max-image-preview:large","max-video-preview":"max-video-preview:-1"},"canonical":"https:\/\/miumjau.ee\/lt\/produktas\/naturalus-kramtukai-suniukams-frigera-60-g\/","og_locale":"lt_LT","og_type":"article","og_title":"Nat\u016bral\u016bs kramtukai \u0161uniukams, Frigera 60 g - MiuMjau","og_description":"Ar sunku atsispirti savo mielo \u0161uniuko pra\u0161an\u010dioms akims, kai jis laukia ka\u017eko ypatingai skanaus? Mes turime b\u016btent tai, ko reikia \u2013 friGERA skan\u0117stai \u0161uniukams! M\u016bs\u0173 kruop\u0161\u010diai d\u017eiovinti kramtukai pagaminti i\u0161 100 % nat\u016bralios jautienos te\u0161mens, be da\u017eikli\u0173 ir konservant\u0173. D\u0117l didelio kalcio, baltym\u0173 ir pieno r\u016bg\u0161ties kiekio \u0161ie skan\u0117stai yra labai maistingi j\u016bs\u0173 ma\u017eam kailiniam draugui. Te\u0161menyje taip pat gausu mineral\u0173 ir vitamin\u0173, toki\u0173 kaip selenas, B12 vitaminas, cinkas ir gele\u017eis. Te\u0161muo yra puiki alternatyva kitiems kramtomiesiems skan\u0117stams ir padeda palaikyti danten\u0173 bei dant\u0173 sveikat\u0105. \u0160ie ma\u017ei skan\u0117stai yra nat\u016bralus atlygis j\u016bs\u0173 keturkojui \u0161eimos nariui ir skanus gard\u0117sis, kur\u012f galima duoti vis\u0105 arba supjaustyt\u0105 ma\u017eesniais gabal\u0117liais. Sud\u0117tis: 100 % jautiena Naudojimo instrukcija: Duokite kaip skan\u0117st\u0105 ar atlyg\u012f tarp valgym\u0173 kaip subalansuotos mitybos dal\u012f. Visada steb\u0117kite \u0161un\u012f \u0161\u0117rimo metu ir duokite \u0161vie\u017eio vandens. Netinka \u017emon\u0117ms vartoti. Analitin\u0117 sud\u0117tis: Baltymai 58,54 %, Riebalai 25,53 %, Dr\u0117gm\u0117 8,76 %","og_url":"https:\/\/miumjau.ee\/lt\/produktas\/naturalus-kramtukai-suniukams-frigera-60-g\/","og_site_name":"MiuMjau","article_publisher":"https:\/\/www.facebook.com\/miumjaupood\/","article_modified_time":"2026-01-07T18:45:44+00:00","og_image":[{"width":600,"height":800,"url":"https:\/\/miumjau.ee\/wp-content\/uploads\/2025\/05\/frigera-koerte-maius-pulgad-kutsikatele-60g-1-Photoroom.webp","type":"image\/webp"}],"twitter_card":"summary_large_image","schema":{"@context":"https:\/\/schema.org","@graph":[{"@type":"WebPage","@id":"https:\/\/miumjau.ee\/lt\/produktas\/naturalus-kramtukai-suniukams-frigera-60-g\/","url":"https:\/\/miumjau.ee\/lt\/produktas\/naturalus-kramtukai-suniukams-frigera-60-g\/","name":"Nat\u016bral\u016bs kramtukai \u0161uniukams, Frigera 60 g - MiuMjau","isPartOf":{"@id":"https:\/\/miumjau.ee\/#website"},"primaryImageOfPage":{"@id":"https:\/\/miumjau.ee\/lt\/produktas\/naturalus-kramtukai-suniukams-frigera-60-g\/#primaryimage"},"image":{"@id":"https:\/\/miumjau.ee\/lt\/produktas\/naturalus-kramtukai-suniukams-frigera-60-g\/#primaryimage"},"thumbnailUrl":"https:\/\/miumjau.ee\/wp-content\/uploads\/2025\/05\/frigera-koerte-maius-pulgad-kutsikatele-60g-1-Photoroom.webp","datePublished":"2025-05-29T18:41:17+00:00","dateModified":"2026-01-07T18:45:44+00:00","breadcrumb":{"@id":"https:\/\/miumjau.ee\/lt\/produktas\/naturalus-kramtukai-suniukams-frigera-60-g\/#breadcrumb"},"inLanguage":"lt-LT","potentialAction":[{"@type":"ReadAction","target":["https:\/\/miumjau.ee\/lt\/produktas\/naturalus-kramtukai-suniukams-frigera-60-g\/"]}]},{"@type":"ImageObject","inLanguage":"lt-LT","@id":"https:\/\/miumjau.ee\/lt\/produktas\/naturalus-kramtukai-suniukams-frigera-60-g\/#primaryimage","url":"https:\/\/miumjau.ee\/wp-content\/uploads\/2025\/05\/frigera-koerte-maius-pulgad-kutsikatele-60g-1-Photoroom.webp","contentUrl":"https:\/\/miumjau.ee\/wp-content\/uploads\/2025\/05\/frigera-koerte-maius-pulgad-kutsikatele-60g-1-Photoroom.webp","width":600,"height":800},{"@type":"BreadcrumbList","@id":"https:\/\/miumjau.ee\/lt\/produktas\/naturalus-kramtukai-suniukams-frigera-60-g\/#breadcrumb","itemListElement":[{"@type":"ListItem","position":1,"name":"Home","item":"https:\/\/miumjau.ee\/lt\/"},{"@type":"ListItem","position":2,"name":"Parduotuv\u0117","item":"https:\/\/miumjau.ee\/lt\/parduotuve\/"},{"@type":"ListItem","position":3,"name":"Nat\u016bral\u016bs kramtukai \u0161uniukams, Frigera 60 g"}]},{"@type":"WebSite","@id":"https:\/\/miumjau.ee\/#website","url":"https:\/\/miumjau.ee\/","name":"MiuMjau","description":"Kraapimispuud kassidele","publisher":{"@id":"https:\/\/miumjau.ee\/#organization"},"potentialAction":[{"@type":"SearchAction","target":{"@type":"EntryPoint","urlTemplate":"https:\/\/miumjau.ee\/?s={search_term_string}"},"query-input":{"@type":"PropertyValueSpecification","valueRequired":true,"valueName":"search_term_string"}}],"inLanguage":"lt-LT"},{"@type":"Organization","@id":"https:\/\/miumjau.ee\/#organization","name":"MiuMjau O\u00dc","url":"https:\/\/miumjau.ee\/","logo":{"@type":"ImageObject","inLanguage":"lt-LT","@id":"https:\/\/miumjau.ee\/#\/schema\/logo\/image\/","url":"https:\/\/miumjau.ee\/wp-content\/uploads\/2022\/04\/MiuMjau-logo-kollane.png","contentUrl":"https:\/\/miumjau.ee\/wp-content\/uploads\/2022\/04\/MiuMjau-logo-kollane.png","width":219,"height":100,"caption":"MiuMjau O\u00dc"},"image":{"@id":"https:\/\/miumjau.ee\/#\/schema\/logo\/image\/"},"sameAs":["https:\/\/www.facebook.com\/miumjaupood\/"]}]}},"_links":{"self":[{"href":"https:\/\/miumjau.ee\/lt\/wp-json\/wp\/v2\/product\/47933","targetHints":{"allow":["GET"]}}],"collection":[{"href":"https:\/\/miumjau.ee\/lt\/wp-json\/wp\/v2\/product"}],"about":[{"href":"https:\/\/miumjau.ee\/lt\/wp-json\/wp\/v2\/types\/product"}],"wp:featuredmedia":[{"embeddable":true,"href":"https:\/\/miumjau.ee\/lt\/wp-json\/wp\/v2\/media\/47934"}],"wp:attachment":[{"href":"https:\/\/miumjau.ee\/lt\/wp-json\/wp\/v2\/media?parent=47933"}],"wp:term":[{"taxonomy":"product_brand","embeddable":true,"href":"https:\/\/miumjau.ee\/lt\/wp-json\/wp\/v2\/product_brand?post=47933"},{"taxonomy":"product_cat","embeddable":true,"href":"https:\/\/miumjau.ee\/lt\/wp-json\/wp\/v2\/product_cat?post=47933"},{"taxonomy":"product_tag","embeddable":true,"href":"https:\/\/miumjau.ee\/lt\/wp-json\/wp\/v2\/product_tag?post=47933"}],"curies":[{"name":"wp","href":"https:\/\/api.w.org\/{rel}","templated":true}]}}