{"id":47917,"date":"2025-05-29T22:09:07","date_gmt":"2025-05-29T19:09:07","guid":{"rendered":"https:\/\/miumjau.ee\/toode\/kramtymo-skanestas-sunims-frigera-buliaus-penis-12-cm-100-g\/"},"modified":"2026-01-07T20:45:44","modified_gmt":"2026-01-07T18:45:44","slug":"kramtymo-skanestas-sunims-frigera-buliaus-penis-12-cm-100-g","status":"publish","type":"product","link":"https:\/\/miumjau.ee\/lt\/produktas\/kramtymo-skanestas-sunims-frigera-buliaus-penis-12-cm-100-g\/","title":{"rendered":"Kramtymo skan\u0117stas \u0161unims Frigera, buliaus penis 12 cm, 100 g"},"content":{"rendered":"","protected":false},"excerpt":{"rendered":"<p data-start=\"3488\" data-end=\"4097\">Visi\u0161kai nat\u016bral\u016bs kramtukai \u0161unims? Taip! \u0160ie gard\u0117siai su viliojan\u010diu aromatu tikrai nenuvils j\u016bs\u0173 \u0161uns! friGERA kramtukai pagaminti i\u0161 auk\u0161tos kokyb\u0117s, laisvai laikom\u0173 buli\u0173 raumen\u0173 audinio. \u0160is nat\u016bralus audinys yra puikus omega-3, taurino, baltym\u0173, b\u016btin\u0173j\u0173 aminor\u016bg\u0161\u010di\u0173 ir mineral\u0173 \u0161altinis, be to, jame ma\u017eiau so\u010di\u0173j\u0173 riebal\u0173 ir cholesterolio nei daugelyje kit\u0173 nat\u016brali\u0173 skan\u0117st\u0173. Kramtymas palaiko ne tik dant\u0173 higien\u0105 ir emocin\u0119 gerov\u0119, bet ir \u017eandikauli\u0173 bei visos raumen\u0173 sistemos vystym\u0105si. M\u016bs\u0173 skan\u0117stai suteikia tikr\u0105 kramtymo malonum\u0105 j\u016bs\u0173 uodeg\u0105 vizgan\u010diam draugui \u2013 nesvarbu, koks jo dydis!<\/p>\n<p data-start=\"4099\" data-end=\"4123\">Sud\u0117tis: 100% jautiena<\/p>\n<p data-start=\"4125\" data-end=\"4399\">Naudojimo instrukcija: Duoti kaip skan\u0117st\u0105 ar atlyg\u012f tarp valgym\u0173 kaip subalansuotos mitybos dal\u012f. Steb\u0117kite \u0161un\u012f \u0161\u0117rimo metu ir visada u\u017etikrinkite \u0161vie\u017eio vandens. Netinka \u017emoni\u0173 maistui. B\u016bkite atsarg\u016bs, jei j\u016bs\u0173 \u0161uo link\u0119s \u201eryti\u201c nekramtydamas. Tinka suaugusiems \u0161unims.<\/p>\n<p data-start=\"4401\" data-end=\"4459\">Analitin\u0117 sud\u0117tis: Baltymai 81 %, Riebalai 3 %, Dr\u0117gm\u0117 9 %<\/p>\n","protected":false},"featured_media":47918,"template":"","meta":[],"product_brand":[],"product_cat":[540],"product_tag":[],"class_list":{"0":"post-47917","1":"product","2":"type-product","3":"status-publish","4":"has-post-thumbnail","6":"product_cat-skanestai-sunims","8":"first","9":"instock","10":"taxable","11":"shipping-taxable","12":"purchasable","13":"product-type-simple"},"yoast_head":"<!-- This site is optimized with the Yoast SEO plugin v27.2 - https:\/\/yoast.com\/product\/yoast-seo-wordpress\/ -->\n<title>Kramtymo skan\u0117stas \u0161unims Frigera, buliaus penis 12 cm, 100 g - MiuMjau<\/title>\n<meta name=\"robots\" content=\"index, follow, max-snippet:-1, max-image-preview:large, max-video-preview:-1\" \/>\n<link rel=\"canonical\" href=\"https:\/\/miumjau.ee\/lt\/produktas\/kramtymo-skanestas-sunims-frigera-buliaus-penis-12-cm-100-g\/\" \/>\n<meta property=\"og:locale\" content=\"lt_LT\" \/>\n<meta property=\"og:type\" content=\"article\" \/>\n<meta property=\"og:title\" content=\"Kramtymo skan\u0117stas \u0161unims Frigera, buliaus penis 12 cm, 100 g - MiuMjau\" \/>\n<meta property=\"og:description\" content=\"Visi\u0161kai nat\u016bral\u016bs kramtukai \u0161unims? Taip! \u0160ie gard\u0117siai su viliojan\u010diu aromatu tikrai nenuvils j\u016bs\u0173 \u0161uns! friGERA kramtukai pagaminti i\u0161 auk\u0161tos kokyb\u0117s, laisvai laikom\u0173 buli\u0173 raumen\u0173 audinio. \u0160is nat\u016bralus audinys yra puikus omega-3, taurino, baltym\u0173, b\u016btin\u0173j\u0173 aminor\u016bg\u0161\u010di\u0173 ir mineral\u0173 \u0161altinis, be to, jame ma\u017eiau so\u010di\u0173j\u0173 riebal\u0173 ir cholesterolio nei daugelyje kit\u0173 nat\u016brali\u0173 skan\u0117st\u0173. Kramtymas palaiko ne tik dant\u0173 higien\u0105 ir emocin\u0119 gerov\u0119, bet ir \u017eandikauli\u0173 bei visos raumen\u0173 sistemos vystym\u0105si. M\u016bs\u0173 skan\u0117stai suteikia tikr\u0105 kramtymo malonum\u0105 j\u016bs\u0173 uodeg\u0105 vizgan\u010diam draugui \u2013 nesvarbu, koks jo dydis! Sud\u0117tis: 100% jautiena Naudojimo instrukcija: Duoti kaip skan\u0117st\u0105 ar atlyg\u012f tarp valgym\u0173 kaip subalansuotos mitybos dal\u012f. Steb\u0117kite \u0161un\u012f \u0161\u0117rimo metu ir visada u\u017etikrinkite \u0161vie\u017eio vandens. Netinka \u017emoni\u0173 maistui. B\u016bkite atsarg\u016bs, jei j\u016bs\u0173 \u0161uo link\u0119s \u201eryti\u201c nekramtydamas. Tinka suaugusiems \u0161unims. Analitin\u0117 sud\u0117tis: Baltymai 81 %, Riebalai 3 %, Dr\u0117gm\u0117 9 %\" \/>\n<meta property=\"og:url\" content=\"https:\/\/miumjau.ee\/lt\/produktas\/kramtymo-skanestas-sunims-frigera-buliaus-penis-12-cm-100-g\/\" \/>\n<meta property=\"og:site_name\" content=\"MiuMjau\" \/>\n<meta property=\"article:publisher\" content=\"https:\/\/www.facebook.com\/miumjaupood\/\" \/>\n<meta property=\"article:modified_time\" content=\"2026-01-07T18:45:44+00:00\" \/>\n<meta property=\"og:image\" content=\"https:\/\/miumjau.ee\/wp-content\/uploads\/2025\/05\/frigera-koerte-maius-pullipeenis-12cm-100g-1-Photoroom.webp\" \/>\n\t<meta property=\"og:image:width\" content=\"600\" \/>\n\t<meta property=\"og:image:height\" content=\"800\" \/>\n\t<meta property=\"og:image:type\" content=\"image\/webp\" \/>\n<meta name=\"twitter:card\" content=\"summary_large_image\" \/>\n<script type=\"application\/ld+json\" class=\"yoast-schema-graph\">{\"@context\":\"https:\/\/schema.org\",\"@graph\":[{\"@type\":\"WebPage\",\"@id\":\"https:\/\/miumjau.ee\/lt\/produktas\/kramtymo-skanestas-sunims-frigera-buliaus-penis-12-cm-100-g\/\",\"url\":\"https:\/\/miumjau.ee\/lt\/produktas\/kramtymo-skanestas-sunims-frigera-buliaus-penis-12-cm-100-g\/\",\"name\":\"Kramtymo skan\u0117stas \u0161unims Frigera, buliaus penis 12 cm, 100 g - MiuMjau\",\"isPartOf\":{\"@id\":\"https:\/\/miumjau.ee\/#website\"},\"primaryImageOfPage\":{\"@id\":\"https:\/\/miumjau.ee\/lt\/produktas\/kramtymo-skanestas-sunims-frigera-buliaus-penis-12-cm-100-g\/#primaryimage\"},\"image\":{\"@id\":\"https:\/\/miumjau.ee\/lt\/produktas\/kramtymo-skanestas-sunims-frigera-buliaus-penis-12-cm-100-g\/#primaryimage\"},\"thumbnailUrl\":\"https:\/\/miumjau.ee\/wp-content\/uploads\/2025\/05\/frigera-koerte-maius-pullipeenis-12cm-100g-1-Photoroom.webp\",\"datePublished\":\"2025-05-29T19:09:07+00:00\",\"dateModified\":\"2026-01-07T18:45:44+00:00\",\"breadcrumb\":{\"@id\":\"https:\/\/miumjau.ee\/lt\/produktas\/kramtymo-skanestas-sunims-frigera-buliaus-penis-12-cm-100-g\/#breadcrumb\"},\"inLanguage\":\"lt-LT\",\"potentialAction\":[{\"@type\":\"ReadAction\",\"target\":[\"https:\/\/miumjau.ee\/lt\/produktas\/kramtymo-skanestas-sunims-frigera-buliaus-penis-12-cm-100-g\/\"]}]},{\"@type\":\"ImageObject\",\"inLanguage\":\"lt-LT\",\"@id\":\"https:\/\/miumjau.ee\/lt\/produktas\/kramtymo-skanestas-sunims-frigera-buliaus-penis-12-cm-100-g\/#primaryimage\",\"url\":\"https:\/\/miumjau.ee\/wp-content\/uploads\/2025\/05\/frigera-koerte-maius-pullipeenis-12cm-100g-1-Photoroom.webp\",\"contentUrl\":\"https:\/\/miumjau.ee\/wp-content\/uploads\/2025\/05\/frigera-koerte-maius-pullipeenis-12cm-100g-1-Photoroom.webp\",\"width\":600,\"height\":800},{\"@type\":\"BreadcrumbList\",\"@id\":\"https:\/\/miumjau.ee\/lt\/produktas\/kramtymo-skanestas-sunims-frigera-buliaus-penis-12-cm-100-g\/#breadcrumb\",\"itemListElement\":[{\"@type\":\"ListItem\",\"position\":1,\"name\":\"Home\",\"item\":\"https:\/\/miumjau.ee\/lt\/\"},{\"@type\":\"ListItem\",\"position\":2,\"name\":\"Parduotuv\u0117\",\"item\":\"https:\/\/miumjau.ee\/lt\/parduotuve\/\"},{\"@type\":\"ListItem\",\"position\":3,\"name\":\"Kramtymo skan\u0117stas \u0161unims Frigera, buliaus penis 12 cm, 100 g\"}]},{\"@type\":\"WebSite\",\"@id\":\"https:\/\/miumjau.ee\/#website\",\"url\":\"https:\/\/miumjau.ee\/\",\"name\":\"MiuMjau\",\"description\":\"Kraapimispuud kassidele\",\"publisher\":{\"@id\":\"https:\/\/miumjau.ee\/#organization\"},\"potentialAction\":[{\"@type\":\"SearchAction\",\"target\":{\"@type\":\"EntryPoint\",\"urlTemplate\":\"https:\/\/miumjau.ee\/?s={search_term_string}\"},\"query-input\":{\"@type\":\"PropertyValueSpecification\",\"valueRequired\":true,\"valueName\":\"search_term_string\"}}],\"inLanguage\":\"lt-LT\"},{\"@type\":\"Organization\",\"@id\":\"https:\/\/miumjau.ee\/#organization\",\"name\":\"MiuMjau O\u00dc\",\"url\":\"https:\/\/miumjau.ee\/\",\"logo\":{\"@type\":\"ImageObject\",\"inLanguage\":\"lt-LT\",\"@id\":\"https:\/\/miumjau.ee\/#\/schema\/logo\/image\/\",\"url\":\"https:\/\/miumjau.ee\/wp-content\/uploads\/2022\/04\/MiuMjau-logo-kollane.png\",\"contentUrl\":\"https:\/\/miumjau.ee\/wp-content\/uploads\/2022\/04\/MiuMjau-logo-kollane.png\",\"width\":219,\"height\":100,\"caption\":\"MiuMjau O\u00dc\"},\"image\":{\"@id\":\"https:\/\/miumjau.ee\/#\/schema\/logo\/image\/\"},\"sameAs\":[\"https:\/\/www.facebook.com\/miumjaupood\/\"]}]}<\/script>\n<!-- \/ Yoast SEO plugin. -->","yoast_head_json":{"title":"Kramtymo skan\u0117stas \u0161unims Frigera, buliaus penis 12 cm, 100 g - MiuMjau","robots":{"index":"index","follow":"follow","max-snippet":"max-snippet:-1","max-image-preview":"max-image-preview:large","max-video-preview":"max-video-preview:-1"},"canonical":"https:\/\/miumjau.ee\/lt\/produktas\/kramtymo-skanestas-sunims-frigera-buliaus-penis-12-cm-100-g\/","og_locale":"lt_LT","og_type":"article","og_title":"Kramtymo skan\u0117stas \u0161unims Frigera, buliaus penis 12 cm, 100 g - MiuMjau","og_description":"Visi\u0161kai nat\u016bral\u016bs kramtukai \u0161unims? Taip! \u0160ie gard\u0117siai su viliojan\u010diu aromatu tikrai nenuvils j\u016bs\u0173 \u0161uns! friGERA kramtukai pagaminti i\u0161 auk\u0161tos kokyb\u0117s, laisvai laikom\u0173 buli\u0173 raumen\u0173 audinio. \u0160is nat\u016bralus audinys yra puikus omega-3, taurino, baltym\u0173, b\u016btin\u0173j\u0173 aminor\u016bg\u0161\u010di\u0173 ir mineral\u0173 \u0161altinis, be to, jame ma\u017eiau so\u010di\u0173j\u0173 riebal\u0173 ir cholesterolio nei daugelyje kit\u0173 nat\u016brali\u0173 skan\u0117st\u0173. Kramtymas palaiko ne tik dant\u0173 higien\u0105 ir emocin\u0119 gerov\u0119, bet ir \u017eandikauli\u0173 bei visos raumen\u0173 sistemos vystym\u0105si. M\u016bs\u0173 skan\u0117stai suteikia tikr\u0105 kramtymo malonum\u0105 j\u016bs\u0173 uodeg\u0105 vizgan\u010diam draugui \u2013 nesvarbu, koks jo dydis! Sud\u0117tis: 100% jautiena Naudojimo instrukcija: Duoti kaip skan\u0117st\u0105 ar atlyg\u012f tarp valgym\u0173 kaip subalansuotos mitybos dal\u012f. Steb\u0117kite \u0161un\u012f \u0161\u0117rimo metu ir visada u\u017etikrinkite \u0161vie\u017eio vandens. Netinka \u017emoni\u0173 maistui. B\u016bkite atsarg\u016bs, jei j\u016bs\u0173 \u0161uo link\u0119s \u201eryti\u201c nekramtydamas. Tinka suaugusiems \u0161unims. Analitin\u0117 sud\u0117tis: Baltymai 81 %, Riebalai 3 %, Dr\u0117gm\u0117 9 %","og_url":"https:\/\/miumjau.ee\/lt\/produktas\/kramtymo-skanestas-sunims-frigera-buliaus-penis-12-cm-100-g\/","og_site_name":"MiuMjau","article_publisher":"https:\/\/www.facebook.com\/miumjaupood\/","article_modified_time":"2026-01-07T18:45:44+00:00","og_image":[{"width":600,"height":800,"url":"https:\/\/miumjau.ee\/wp-content\/uploads\/2025\/05\/frigera-koerte-maius-pullipeenis-12cm-100g-1-Photoroom.webp","type":"image\/webp"}],"twitter_card":"summary_large_image","schema":{"@context":"https:\/\/schema.org","@graph":[{"@type":"WebPage","@id":"https:\/\/miumjau.ee\/lt\/produktas\/kramtymo-skanestas-sunims-frigera-buliaus-penis-12-cm-100-g\/","url":"https:\/\/miumjau.ee\/lt\/produktas\/kramtymo-skanestas-sunims-frigera-buliaus-penis-12-cm-100-g\/","name":"Kramtymo skan\u0117stas \u0161unims Frigera, buliaus penis 12 cm, 100 g - MiuMjau","isPartOf":{"@id":"https:\/\/miumjau.ee\/#website"},"primaryImageOfPage":{"@id":"https:\/\/miumjau.ee\/lt\/produktas\/kramtymo-skanestas-sunims-frigera-buliaus-penis-12-cm-100-g\/#primaryimage"},"image":{"@id":"https:\/\/miumjau.ee\/lt\/produktas\/kramtymo-skanestas-sunims-frigera-buliaus-penis-12-cm-100-g\/#primaryimage"},"thumbnailUrl":"https:\/\/miumjau.ee\/wp-content\/uploads\/2025\/05\/frigera-koerte-maius-pullipeenis-12cm-100g-1-Photoroom.webp","datePublished":"2025-05-29T19:09:07+00:00","dateModified":"2026-01-07T18:45:44+00:00","breadcrumb":{"@id":"https:\/\/miumjau.ee\/lt\/produktas\/kramtymo-skanestas-sunims-frigera-buliaus-penis-12-cm-100-g\/#breadcrumb"},"inLanguage":"lt-LT","potentialAction":[{"@type":"ReadAction","target":["https:\/\/miumjau.ee\/lt\/produktas\/kramtymo-skanestas-sunims-frigera-buliaus-penis-12-cm-100-g\/"]}]},{"@type":"ImageObject","inLanguage":"lt-LT","@id":"https:\/\/miumjau.ee\/lt\/produktas\/kramtymo-skanestas-sunims-frigera-buliaus-penis-12-cm-100-g\/#primaryimage","url":"https:\/\/miumjau.ee\/wp-content\/uploads\/2025\/05\/frigera-koerte-maius-pullipeenis-12cm-100g-1-Photoroom.webp","contentUrl":"https:\/\/miumjau.ee\/wp-content\/uploads\/2025\/05\/frigera-koerte-maius-pullipeenis-12cm-100g-1-Photoroom.webp","width":600,"height":800},{"@type":"BreadcrumbList","@id":"https:\/\/miumjau.ee\/lt\/produktas\/kramtymo-skanestas-sunims-frigera-buliaus-penis-12-cm-100-g\/#breadcrumb","itemListElement":[{"@type":"ListItem","position":1,"name":"Home","item":"https:\/\/miumjau.ee\/lt\/"},{"@type":"ListItem","position":2,"name":"Parduotuv\u0117","item":"https:\/\/miumjau.ee\/lt\/parduotuve\/"},{"@type":"ListItem","position":3,"name":"Kramtymo skan\u0117stas \u0161unims Frigera, buliaus penis 12 cm, 100 g"}]},{"@type":"WebSite","@id":"https:\/\/miumjau.ee\/#website","url":"https:\/\/miumjau.ee\/","name":"MiuMjau","description":"Kraapimispuud kassidele","publisher":{"@id":"https:\/\/miumjau.ee\/#organization"},"potentialAction":[{"@type":"SearchAction","target":{"@type":"EntryPoint","urlTemplate":"https:\/\/miumjau.ee\/?s={search_term_string}"},"query-input":{"@type":"PropertyValueSpecification","valueRequired":true,"valueName":"search_term_string"}}],"inLanguage":"lt-LT"},{"@type":"Organization","@id":"https:\/\/miumjau.ee\/#organization","name":"MiuMjau O\u00dc","url":"https:\/\/miumjau.ee\/","logo":{"@type":"ImageObject","inLanguage":"lt-LT","@id":"https:\/\/miumjau.ee\/#\/schema\/logo\/image\/","url":"https:\/\/miumjau.ee\/wp-content\/uploads\/2022\/04\/MiuMjau-logo-kollane.png","contentUrl":"https:\/\/miumjau.ee\/wp-content\/uploads\/2022\/04\/MiuMjau-logo-kollane.png","width":219,"height":100,"caption":"MiuMjau O\u00dc"},"image":{"@id":"https:\/\/miumjau.ee\/#\/schema\/logo\/image\/"},"sameAs":["https:\/\/www.facebook.com\/miumjaupood\/"]}]}},"_links":{"self":[{"href":"https:\/\/miumjau.ee\/lt\/wp-json\/wp\/v2\/product\/47917","targetHints":{"allow":["GET"]}}],"collection":[{"href":"https:\/\/miumjau.ee\/lt\/wp-json\/wp\/v2\/product"}],"about":[{"href":"https:\/\/miumjau.ee\/lt\/wp-json\/wp\/v2\/types\/product"}],"wp:featuredmedia":[{"embeddable":true,"href":"https:\/\/miumjau.ee\/lt\/wp-json\/wp\/v2\/media\/47918"}],"wp:attachment":[{"href":"https:\/\/miumjau.ee\/lt\/wp-json\/wp\/v2\/media?parent=47917"}],"wp:term":[{"taxonomy":"product_brand","embeddable":true,"href":"https:\/\/miumjau.ee\/lt\/wp-json\/wp\/v2\/product_brand?post=47917"},{"taxonomy":"product_cat","embeddable":true,"href":"https:\/\/miumjau.ee\/lt\/wp-json\/wp\/v2\/product_cat?post=47917"},{"taxonomy":"product_tag","embeddable":true,"href":"https:\/\/miumjau.ee\/lt\/wp-json\/wp\/v2\/product_tag?post=47917"}],"curies":[{"name":"wp","href":"https:\/\/api.w.org\/{rel}","templated":true}]}}