{"id":47903,"date":"2025-07-01T23:26:24","date_gmt":"2025-07-01T20:26:24","guid":{"rendered":"https:\/\/miumjau.ee\/toode\/frigera-ham-bone-didelis-kiaules-kaulas-sunims\/"},"modified":"2026-01-07T20:45:44","modified_gmt":"2026-01-07T18:45:44","slug":"frigera-ham-bone-didelis-kiaules-kaulas-sunims","status":"publish","type":"product","link":"https:\/\/miumjau.ee\/lt\/produktas\/frigera-ham-bone-didelis-kiaules-kaulas-sunims\/","title":{"rendered":"Frigera Ham Bone didelis kiaul\u0117s kaulas \u0161unims"},"content":{"rendered":"","protected":false},"excerpt":{"rendered":"<p data-start=\"3341\" data-end=\"4119\">Apie k\u0105 pagalvoji, kai \u012fsivaizduoji nat\u016bral\u0173, r\u016b\u0161iai tinkant\u012f kramtom\u0105 skan\u0117st\u0105 \u0161unims? \u017dinoma, apie kiaul\u0117s kaul\u0105! Jie puikiai atitinka tai, kaip \u0161unys kadaise med\u017eiojo laukinius gyv\u016bnus ir suvalgydavo juos visus \u2013 su kailiu ir kaulais! \u0160is skan\u0117stas yra nat\u016bralus kolageno \u0161altinis \u2013 baltymo, kuris svarbus sveikiems raumenims ir palaiko tavo draugo s\u0105narius, od\u0105 ir bendr\u0105 sveikat\u0105. Ar \u017einojai, kad kaulai turi daug b\u016btin\u0173 maistini\u0173 med\u017eiag\u0173? Taip yra tod\u0117l, kad kokybi\u0161kos kaul\u0173 \u010diulpai i\u0161lieka kaulo viduje! Be to, \u0161ie kaulai padeda i\u0161laikyti \u0161uns dantis \u0161varius ir suma\u017einti apna\u0161\u0173 susidarym\u0105. Jie suteikia valand\u0173 valandas kramtymo malonumo, kuris ne tik u\u017eima \u0161un\u012f, bet ir suteikia protin\u0119 stimuliacij\u0105. Neabejok \u2013 leisk savo \u0161uniui sekti savo prigimtiniais instinktais!<\/p>\n<p data-start=\"4121\" data-end=\"4226\">Visada pri\u017ei\u016br\u0117k \u0161un\u012f, kai duodi jam didelius skan\u0117stus. \u012esitikink, kad tai tinkama jo dyd\u017eiui ir am\u017eiui.<\/p>\n<p data-start=\"4228\" data-end=\"4364\">Grynas svoris: 180 g<br data-start=\"4248\" data-end=\"4251\" \/>Sud\u0117tis: 100% kiauliena<br data-start=\"4274\" data-end=\"4277\" \/>Analitin\u0117 sud\u0117tis: baltymai 30,6%, riebalai 22%, pelenai \u2013 \u017ealia l\u0105steliena \u2013 dr\u0117gm\u0117 6%<\/p>\n","protected":false},"featured_media":47904,"template":"","meta":[],"product_brand":[],"product_cat":[540],"product_tag":[],"class_list":{"0":"post-47903","1":"product","2":"type-product","3":"status-publish","4":"has-post-thumbnail","6":"product_cat-skanestai-sunims","8":"first","9":"instock","10":"sale","11":"taxable","12":"shipping-taxable","13":"purchasable","14":"product-type-simple"},"yoast_head":"<!-- This site is optimized with the Yoast SEO plugin v27.4 - https:\/\/yoast.com\/product\/yoast-seo-wordpress\/ -->\n<title>Frigera Ham Bone didelis kiaul\u0117s kaulas \u0161unims - MiuMjau<\/title>\n<meta name=\"robots\" content=\"index, follow, max-snippet:-1, max-image-preview:large, max-video-preview:-1\" \/>\n<link rel=\"canonical\" href=\"https:\/\/miumjau.ee\/lt\/produktas\/frigera-ham-bone-didelis-kiaules-kaulas-sunims\/\" \/>\n<meta property=\"og:locale\" content=\"lt_LT\" \/>\n<meta property=\"og:type\" content=\"article\" \/>\n<meta property=\"og:title\" content=\"Frigera Ham Bone didelis kiaul\u0117s kaulas \u0161unims - MiuMjau\" \/>\n<meta property=\"og:description\" content=\"Apie k\u0105 pagalvoji, kai \u012fsivaizduoji nat\u016bral\u0173, r\u016b\u0161iai tinkant\u012f kramtom\u0105 skan\u0117st\u0105 \u0161unims? \u017dinoma, apie kiaul\u0117s kaul\u0105! Jie puikiai atitinka tai, kaip \u0161unys kadaise med\u017eiojo laukinius gyv\u016bnus ir suvalgydavo juos visus \u2013 su kailiu ir kaulais! \u0160is skan\u0117stas yra nat\u016bralus kolageno \u0161altinis \u2013 baltymo, kuris svarbus sveikiems raumenims ir palaiko tavo draugo s\u0105narius, od\u0105 ir bendr\u0105 sveikat\u0105. Ar \u017einojai, kad kaulai turi daug b\u016btin\u0173 maistini\u0173 med\u017eiag\u0173? Taip yra tod\u0117l, kad kokybi\u0161kos kaul\u0173 \u010diulpai i\u0161lieka kaulo viduje! Be to, \u0161ie kaulai padeda i\u0161laikyti \u0161uns dantis \u0161varius ir suma\u017einti apna\u0161\u0173 susidarym\u0105. Jie suteikia valand\u0173 valandas kramtymo malonumo, kuris ne tik u\u017eima \u0161un\u012f, bet ir suteikia protin\u0119 stimuliacij\u0105. Neabejok \u2013 leisk savo \u0161uniui sekti savo prigimtiniais instinktais! Visada pri\u017ei\u016br\u0117k \u0161un\u012f, kai duodi jam didelius skan\u0117stus. \u012esitikink, kad tai tinkama jo dyd\u017eiui ir am\u017eiui. Grynas svoris: 180 gSud\u0117tis: 100% kiaulienaAnalitin\u0117 sud\u0117tis: baltymai 30,6%, riebalai 22%, pelenai \u2013 \u017ealia l\u0105steliena \u2013 dr\u0117gm\u0117 6%\" \/>\n<meta property=\"og:url\" content=\"https:\/\/miumjau.ee\/lt\/produktas\/frigera-ham-bone-didelis-kiaules-kaulas-sunims\/\" \/>\n<meta property=\"og:site_name\" content=\"MiuMjau\" \/>\n<meta property=\"article:publisher\" content=\"https:\/\/www.facebook.com\/miumjaupood\/\" \/>\n<meta property=\"article:modified_time\" content=\"2026-01-07T18:45:44+00:00\" \/>\n<meta property=\"og:image\" content=\"https:\/\/miumjau.ee\/wp-content\/uploads\/2025\/05\/frigera-koerte-maius-seakont-1-tk-2-Photoroom.webp\" \/>\n\t<meta property=\"og:image:width\" content=\"600\" \/>\n\t<meta property=\"og:image:height\" content=\"800\" \/>\n\t<meta property=\"og:image:type\" content=\"image\/webp\" \/>\n<meta name=\"twitter:card\" content=\"summary_large_image\" \/>\n<script type=\"application\/ld+json\" class=\"yoast-schema-graph\">{\"@context\":\"https:\\\/\\\/schema.org\",\"@graph\":[{\"@type\":\"WebPage\",\"@id\":\"https:\\\/\\\/miumjau.ee\\\/lt\\\/produktas\\\/frigera-ham-bone-didelis-kiaules-kaulas-sunims\\\/\",\"url\":\"https:\\\/\\\/miumjau.ee\\\/lt\\\/produktas\\\/frigera-ham-bone-didelis-kiaules-kaulas-sunims\\\/\",\"name\":\"Frigera Ham Bone didelis kiaul\u0117s kaulas \u0161unims - MiuMjau\",\"isPartOf\":{\"@id\":\"https:\\\/\\\/miumjau.ee\\\/#website\"},\"primaryImageOfPage\":{\"@id\":\"https:\\\/\\\/miumjau.ee\\\/lt\\\/produktas\\\/frigera-ham-bone-didelis-kiaules-kaulas-sunims\\\/#primaryimage\"},\"image\":{\"@id\":\"https:\\\/\\\/miumjau.ee\\\/lt\\\/produktas\\\/frigera-ham-bone-didelis-kiaules-kaulas-sunims\\\/#primaryimage\"},\"thumbnailUrl\":\"https:\\\/\\\/miumjau.ee\\\/wp-content\\\/uploads\\\/2025\\\/05\\\/frigera-koerte-maius-seakont-1-tk-2-Photoroom.webp\",\"datePublished\":\"2025-07-01T20:26:24+00:00\",\"dateModified\":\"2026-01-07T18:45:44+00:00\",\"breadcrumb\":{\"@id\":\"https:\\\/\\\/miumjau.ee\\\/lt\\\/produktas\\\/frigera-ham-bone-didelis-kiaules-kaulas-sunims\\\/#breadcrumb\"},\"inLanguage\":\"lt-LT\",\"potentialAction\":[{\"@type\":\"ReadAction\",\"target\":[\"https:\\\/\\\/miumjau.ee\\\/lt\\\/produktas\\\/frigera-ham-bone-didelis-kiaules-kaulas-sunims\\\/\"]}]},{\"@type\":\"ImageObject\",\"inLanguage\":\"lt-LT\",\"@id\":\"https:\\\/\\\/miumjau.ee\\\/lt\\\/produktas\\\/frigera-ham-bone-didelis-kiaules-kaulas-sunims\\\/#primaryimage\",\"url\":\"https:\\\/\\\/miumjau.ee\\\/wp-content\\\/uploads\\\/2025\\\/05\\\/frigera-koerte-maius-seakont-1-tk-2-Photoroom.webp\",\"contentUrl\":\"https:\\\/\\\/miumjau.ee\\\/wp-content\\\/uploads\\\/2025\\\/05\\\/frigera-koerte-maius-seakont-1-tk-2-Photoroom.webp\",\"width\":600,\"height\":800},{\"@type\":\"BreadcrumbList\",\"@id\":\"https:\\\/\\\/miumjau.ee\\\/lt\\\/produktas\\\/frigera-ham-bone-didelis-kiaules-kaulas-sunims\\\/#breadcrumb\",\"itemListElement\":[{\"@type\":\"ListItem\",\"position\":1,\"name\":\"Home\",\"item\":\"https:\\\/\\\/miumjau.ee\\\/lt\\\/\"},{\"@type\":\"ListItem\",\"position\":2,\"name\":\"Parduotuv\u0117\",\"item\":\"https:\\\/\\\/miumjau.ee\\\/lt\\\/parduotuve\\\/\"},{\"@type\":\"ListItem\",\"position\":3,\"name\":\"Frigera Ham Bone didelis kiaul\u0117s kaulas \u0161unims\"}]},{\"@type\":\"WebSite\",\"@id\":\"https:\\\/\\\/miumjau.ee\\\/#website\",\"url\":\"https:\\\/\\\/miumjau.ee\\\/\",\"name\":\"MiuMjau\",\"description\":\"Kraapimispuud kassidele\",\"publisher\":{\"@id\":\"https:\\\/\\\/miumjau.ee\\\/#organization\"},\"potentialAction\":[{\"@type\":\"SearchAction\",\"target\":{\"@type\":\"EntryPoint\",\"urlTemplate\":\"https:\\\/\\\/miumjau.ee\\\/?s={search_term_string}\"},\"query-input\":{\"@type\":\"PropertyValueSpecification\",\"valueRequired\":true,\"valueName\":\"search_term_string\"}}],\"inLanguage\":\"lt-LT\"},{\"@type\":\"Organization\",\"@id\":\"https:\\\/\\\/miumjau.ee\\\/#organization\",\"name\":\"MiuMjau O\u00dc\",\"url\":\"https:\\\/\\\/miumjau.ee\\\/\",\"logo\":{\"@type\":\"ImageObject\",\"inLanguage\":\"lt-LT\",\"@id\":\"https:\\\/\\\/miumjau.ee\\\/#\\\/schema\\\/logo\\\/image\\\/\",\"url\":\"https:\\\/\\\/miumjau.ee\\\/wp-content\\\/uploads\\\/2022\\\/04\\\/MiuMjau-logo-kollane.png\",\"contentUrl\":\"https:\\\/\\\/miumjau.ee\\\/wp-content\\\/uploads\\\/2022\\\/04\\\/MiuMjau-logo-kollane.png\",\"width\":219,\"height\":100,\"caption\":\"MiuMjau O\u00dc\"},\"image\":{\"@id\":\"https:\\\/\\\/miumjau.ee\\\/#\\\/schema\\\/logo\\\/image\\\/\"},\"sameAs\":[\"https:\\\/\\\/www.facebook.com\\\/miumjaupood\\\/\"]}]}<\/script>\n<!-- \/ Yoast SEO plugin. -->","yoast_head_json":{"title":"Frigera Ham Bone didelis kiaul\u0117s kaulas \u0161unims - MiuMjau","robots":{"index":"index","follow":"follow","max-snippet":"max-snippet:-1","max-image-preview":"max-image-preview:large","max-video-preview":"max-video-preview:-1"},"canonical":"https:\/\/miumjau.ee\/lt\/produktas\/frigera-ham-bone-didelis-kiaules-kaulas-sunims\/","og_locale":"lt_LT","og_type":"article","og_title":"Frigera Ham Bone didelis kiaul\u0117s kaulas \u0161unims - MiuMjau","og_description":"Apie k\u0105 pagalvoji, kai \u012fsivaizduoji nat\u016bral\u0173, r\u016b\u0161iai tinkant\u012f kramtom\u0105 skan\u0117st\u0105 \u0161unims? \u017dinoma, apie kiaul\u0117s kaul\u0105! Jie puikiai atitinka tai, kaip \u0161unys kadaise med\u017eiojo laukinius gyv\u016bnus ir suvalgydavo juos visus \u2013 su kailiu ir kaulais! \u0160is skan\u0117stas yra nat\u016bralus kolageno \u0161altinis \u2013 baltymo, kuris svarbus sveikiems raumenims ir palaiko tavo draugo s\u0105narius, od\u0105 ir bendr\u0105 sveikat\u0105. Ar \u017einojai, kad kaulai turi daug b\u016btin\u0173 maistini\u0173 med\u017eiag\u0173? Taip yra tod\u0117l, kad kokybi\u0161kos kaul\u0173 \u010diulpai i\u0161lieka kaulo viduje! Be to, \u0161ie kaulai padeda i\u0161laikyti \u0161uns dantis \u0161varius ir suma\u017einti apna\u0161\u0173 susidarym\u0105. Jie suteikia valand\u0173 valandas kramtymo malonumo, kuris ne tik u\u017eima \u0161un\u012f, bet ir suteikia protin\u0119 stimuliacij\u0105. Neabejok \u2013 leisk savo \u0161uniui sekti savo prigimtiniais instinktais! Visada pri\u017ei\u016br\u0117k \u0161un\u012f, kai duodi jam didelius skan\u0117stus. \u012esitikink, kad tai tinkama jo dyd\u017eiui ir am\u017eiui. Grynas svoris: 180 gSud\u0117tis: 100% kiaulienaAnalitin\u0117 sud\u0117tis: baltymai 30,6%, riebalai 22%, pelenai \u2013 \u017ealia l\u0105steliena \u2013 dr\u0117gm\u0117 6%","og_url":"https:\/\/miumjau.ee\/lt\/produktas\/frigera-ham-bone-didelis-kiaules-kaulas-sunims\/","og_site_name":"MiuMjau","article_publisher":"https:\/\/www.facebook.com\/miumjaupood\/","article_modified_time":"2026-01-07T18:45:44+00:00","og_image":[{"width":600,"height":800,"url":"https:\/\/miumjau.ee\/wp-content\/uploads\/2025\/05\/frigera-koerte-maius-seakont-1-tk-2-Photoroom.webp","type":"image\/webp"}],"twitter_card":"summary_large_image","schema":{"@context":"https:\/\/schema.org","@graph":[{"@type":"WebPage","@id":"https:\/\/miumjau.ee\/lt\/produktas\/frigera-ham-bone-didelis-kiaules-kaulas-sunims\/","url":"https:\/\/miumjau.ee\/lt\/produktas\/frigera-ham-bone-didelis-kiaules-kaulas-sunims\/","name":"Frigera Ham Bone didelis kiaul\u0117s kaulas \u0161unims - MiuMjau","isPartOf":{"@id":"https:\/\/miumjau.ee\/#website"},"primaryImageOfPage":{"@id":"https:\/\/miumjau.ee\/lt\/produktas\/frigera-ham-bone-didelis-kiaules-kaulas-sunims\/#primaryimage"},"image":{"@id":"https:\/\/miumjau.ee\/lt\/produktas\/frigera-ham-bone-didelis-kiaules-kaulas-sunims\/#primaryimage"},"thumbnailUrl":"https:\/\/miumjau.ee\/wp-content\/uploads\/2025\/05\/frigera-koerte-maius-seakont-1-tk-2-Photoroom.webp","datePublished":"2025-07-01T20:26:24+00:00","dateModified":"2026-01-07T18:45:44+00:00","breadcrumb":{"@id":"https:\/\/miumjau.ee\/lt\/produktas\/frigera-ham-bone-didelis-kiaules-kaulas-sunims\/#breadcrumb"},"inLanguage":"lt-LT","potentialAction":[{"@type":"ReadAction","target":["https:\/\/miumjau.ee\/lt\/produktas\/frigera-ham-bone-didelis-kiaules-kaulas-sunims\/"]}]},{"@type":"ImageObject","inLanguage":"lt-LT","@id":"https:\/\/miumjau.ee\/lt\/produktas\/frigera-ham-bone-didelis-kiaules-kaulas-sunims\/#primaryimage","url":"https:\/\/miumjau.ee\/wp-content\/uploads\/2025\/05\/frigera-koerte-maius-seakont-1-tk-2-Photoroom.webp","contentUrl":"https:\/\/miumjau.ee\/wp-content\/uploads\/2025\/05\/frigera-koerte-maius-seakont-1-tk-2-Photoroom.webp","width":600,"height":800},{"@type":"BreadcrumbList","@id":"https:\/\/miumjau.ee\/lt\/produktas\/frigera-ham-bone-didelis-kiaules-kaulas-sunims\/#breadcrumb","itemListElement":[{"@type":"ListItem","position":1,"name":"Home","item":"https:\/\/miumjau.ee\/lt\/"},{"@type":"ListItem","position":2,"name":"Parduotuv\u0117","item":"https:\/\/miumjau.ee\/lt\/parduotuve\/"},{"@type":"ListItem","position":3,"name":"Frigera Ham Bone didelis kiaul\u0117s kaulas \u0161unims"}]},{"@type":"WebSite","@id":"https:\/\/miumjau.ee\/#website","url":"https:\/\/miumjau.ee\/","name":"MiuMjau","description":"Kraapimispuud kassidele","publisher":{"@id":"https:\/\/miumjau.ee\/#organization"},"potentialAction":[{"@type":"SearchAction","target":{"@type":"EntryPoint","urlTemplate":"https:\/\/miumjau.ee\/?s={search_term_string}"},"query-input":{"@type":"PropertyValueSpecification","valueRequired":true,"valueName":"search_term_string"}}],"inLanguage":"lt-LT"},{"@type":"Organization","@id":"https:\/\/miumjau.ee\/#organization","name":"MiuMjau O\u00dc","url":"https:\/\/miumjau.ee\/","logo":{"@type":"ImageObject","inLanguage":"lt-LT","@id":"https:\/\/miumjau.ee\/#\/schema\/logo\/image\/","url":"https:\/\/miumjau.ee\/wp-content\/uploads\/2022\/04\/MiuMjau-logo-kollane.png","contentUrl":"https:\/\/miumjau.ee\/wp-content\/uploads\/2022\/04\/MiuMjau-logo-kollane.png","width":219,"height":100,"caption":"MiuMjau O\u00dc"},"image":{"@id":"https:\/\/miumjau.ee\/#\/schema\/logo\/image\/"},"sameAs":["https:\/\/www.facebook.com\/miumjaupood\/"]}]}},"_links":{"self":[{"href":"https:\/\/miumjau.ee\/lt\/wp-json\/wp\/v2\/product\/47903","targetHints":{"allow":["GET"]}}],"collection":[{"href":"https:\/\/miumjau.ee\/lt\/wp-json\/wp\/v2\/product"}],"about":[{"href":"https:\/\/miumjau.ee\/lt\/wp-json\/wp\/v2\/types\/product"}],"wp:featuredmedia":[{"embeddable":true,"href":"https:\/\/miumjau.ee\/lt\/wp-json\/wp\/v2\/media\/47904"}],"wp:attachment":[{"href":"https:\/\/miumjau.ee\/lt\/wp-json\/wp\/v2\/media?parent=47903"}],"wp:term":[{"taxonomy":"product_brand","embeddable":true,"href":"https:\/\/miumjau.ee\/lt\/wp-json\/wp\/v2\/product_brand?post=47903"},{"taxonomy":"product_cat","embeddable":true,"href":"https:\/\/miumjau.ee\/lt\/wp-json\/wp\/v2\/product_cat?post=47903"},{"taxonomy":"product_tag","embeddable":true,"href":"https:\/\/miumjau.ee\/lt\/wp-json\/wp\/v2\/product_tag?post=47903"}],"curies":[{"name":"wp","href":"https:\/\/api.w.org\/{rel}","templated":true}]}}