{"id":47858,"date":"2025-08-26T13:17:40","date_gmt":"2025-08-26T10:17:40","guid":{"rendered":"https:\/\/miumjau.ee\/toode\/brit-premium-by-nature-kitten-su-vistiena-8-kg\/"},"modified":"2026-01-07T20:45:44","modified_gmt":"2026-01-07T18:45:44","slug":"brit-premium-by-nature-kitten-su-vistiena-8-kg","status":"publish","type":"product","link":"https:\/\/miumjau.ee\/lt\/produktas\/brit-premium-by-nature-kitten-su-vistiena-8-kg\/","title":{"rendered":"Brit Premium by Nature Kitten su vi\u0161tiena, 8 kg"},"content":{"rendered":"","protected":false},"excerpt":{"rendered":"<p data-start=\"3279\" data-end=\"3403\">Brit Premium Kitten Chicken \u2013 premium klas\u0117s visavertis pa\u0161aras ka\u010diukams, taip pat tinkamas n\u0117\u0161\u010dioms ir \u017eindan\u010dioms kat\u0117ms.<\/p>\n<ul data-start=\"3405\" data-end=\"3878\">\n<li data-start=\"3405\" data-end=\"3470\">\n<p data-start=\"3407\" data-end=\"3470\">B\u016btini vitaminai ir mineralai tinkamam augimui ir vystymuisi.<\/p>\n<\/li>\n<li data-start=\"3471\" data-end=\"3539\">\n<p data-start=\"3473\" data-end=\"3539\">Prebiotikai palaiko \u017earnyno sveikat\u0105 ir stipri\u0105 imunin\u0119 sistem\u0105.<\/p>\n<\/li>\n<li data-start=\"3540\" data-end=\"3604\">\n<p data-start=\"3542\" data-end=\"3604\">Omega-3 riebal\u0173 r\u016bg\u0161tys sveikai odai ir \u017evilgan\u010diam kailiui.<\/p>\n<\/li>\n<li data-start=\"3605\" data-end=\"3668\">\n<p data-start=\"3607\" data-end=\"3668\">Taurinas u\u017etikrina tinkam\u0105 \u0161irdies, aki\u0173 ir smegen\u0173 veikl\u0105.<\/p>\n<\/li>\n<li data-start=\"3669\" data-end=\"3758\">\n<p data-start=\"3671\" data-end=\"3758\">Nat\u016bral\u016bs antioksidantai: rozmarinas, gvazdik\u0117liai, ciber\u017eol\u0117 ir citrusiniai vaisiai.<\/p>\n<\/li>\n<li data-start=\"3759\" data-end=\"3845\">\n<p data-start=\"3761\" data-end=\"3845\">Paskutiniame gamybos etape prid\u0117tas vi\u0161tienos kepen\u0117li\u0173 pada\u017eas geresniam skoniui.<\/p>\n<\/li>\n<li data-start=\"3846\" data-end=\"3878\">\n<p data-start=\"3848\" data-end=\"3878\">Be kvie\u010di\u0173, sojos ir kukur\u016bz\u0173.<\/p>\n<\/li>\n<\/ul>\n<p data-start=\"3880\" data-end=\"4317\"><strong data-start=\"3880\" data-end=\"3892\">Sud\u0117tis:<\/strong><br data-start=\"3892\" data-end=\"3895\" \/>D\u017eiovinta vi\u0161tiena 40%, ry\u017eiai, vi\u0161tienos riebalai, \u017eirniai, d\u017eiovinta la\u0161i\u0161a 4%, d\u017eiovintos obuoli\u0173 i\u0161spaudos, hidrolizuotos vi\u0161tienos kepen\u0117l\u0117s 2%, la\u0161i\u0161\u0173 aliejus 2%, d\u017eiovinti \u0161pinatai 0,5%, mananoligosacharidai (150 mg\/kg), fruktooligosacharidai (120 mg\/kg), juka (80 mg\/kg), d\u017eiovintas rozmarinas (12 mg\/kg), d\u017eiovinti gvazdik\u0117liai (12 mg\/kg), d\u017eiovinti citrusiniai vaisiai (12 mg\/kg), d\u017eiovinta ciber\u017eol\u0117 (12 mg\/kg).<\/p>\n<p data-start=\"4319\" data-end=\"4503\"><strong data-start=\"4319\" data-end=\"4341\">Analitin\u0117 sud\u0117tis:<\/strong><br data-start=\"4341\" data-end=\"4344\" \/>Baltymai 40,0%, riebalai 18,0%, l\u0105steliena 2,8%, pelenai 8,0%, dr\u0117gm\u0117 10,0%, kalcis 1,4%, fosforas 1,0%, natris 0,5%, magnis 0,1%, omega-3 0,54%, omega-6 2,4%.<\/p>\n<p data-start=\"4505\" data-end=\"4761\"><strong data-start=\"4505\" data-end=\"4528\">Maisto papildai\/kg:<\/strong><br data-start=\"4528\" data-end=\"4531\" \/>Vitaminas A 22 000 TV, vitaminas D3 900 TV, vitaminas E 700 mg, vitaminas C 300 mg, taurinas 2300 mg, biotinas 1,8 mg, cinkas 150 mg, manganas 55 mg, gele\u017eis 45 mg, varis 11 mg, jodas 3,7 mg, selenas 0,17 mg, L-metioninas 4000 mg.<\/p>\n<p data-start=\"4763\" data-end=\"4805\"><strong data-start=\"4763\" data-end=\"4792\">Metabolizuojama energija:<\/strong> 3930 kcal\/kg<\/p>\n","protected":false},"featured_media":43857,"template":"","meta":[],"product_brand":[],"product_cat":[528],"product_tag":[],"class_list":{"0":"post-47858","1":"product","2":"type-product","3":"status-publish","4":"has-post-thumbnail","6":"product_cat-sausas-maistas","8":"first","9":"instock","10":"sale","11":"taxable","12":"shipping-taxable","13":"purchasable","14":"product-type-simple"},"yoast_head":"<!-- This site is optimized with the Yoast SEO plugin v27.4 - https:\/\/yoast.com\/product\/yoast-seo-wordpress\/ -->\n<title>Brit Premium by Nature Kitten su vi\u0161tiena, 8 kg - MiuMjau<\/title>\n<meta name=\"robots\" content=\"index, follow, max-snippet:-1, max-image-preview:large, max-video-preview:-1\" \/>\n<link rel=\"canonical\" href=\"https:\/\/miumjau.ee\/lt\/produktas\/brit-premium-by-nature-kitten-su-vistiena-8-kg\/\" \/>\n<meta property=\"og:locale\" content=\"lt_LT\" \/>\n<meta property=\"og:type\" content=\"article\" \/>\n<meta property=\"og:title\" content=\"Brit Premium by Nature Kitten su vi\u0161tiena, 8 kg - MiuMjau\" \/>\n<meta property=\"og:description\" content=\"Brit Premium Kitten Chicken \u2013 premium klas\u0117s visavertis pa\u0161aras ka\u010diukams, taip pat tinkamas n\u0117\u0161\u010dioms ir \u017eindan\u010dioms kat\u0117ms.     B\u016btini vitaminai ir mineralai tinkamam augimui ir vystymuisi.    Prebiotikai palaiko \u017earnyno sveikat\u0105 ir stipri\u0105 imunin\u0119 sistem\u0105.    Omega-3 riebal\u0173 r\u016bg\u0161tys sveikai odai ir \u017evilgan\u010diam kailiui.    Taurinas u\u017etikrina tinkam\u0105 \u0161irdies, aki\u0173 ir smegen\u0173 veikl\u0105.    Nat\u016bral\u016bs antioksidantai: rozmarinas, gvazdik\u0117liai, ciber\u017eol\u0117 ir citrusiniai vaisiai.    Paskutiniame gamybos etape prid\u0117tas vi\u0161tienos kepen\u0117li\u0173 pada\u017eas geresniam skoniui.    Be kvie\u010di\u0173, sojos ir kukur\u016bz\u0173.   Sud\u0117tis:D\u017eiovinta vi\u0161tiena 40%, ry\u017eiai, vi\u0161tienos riebalai, \u017eirniai, d\u017eiovinta la\u0161i\u0161a 4%, d\u017eiovintos obuoli\u0173 i\u0161spaudos, hidrolizuotos vi\u0161tienos kepen\u0117l\u0117s 2%, la\u0161i\u0161\u0173 aliejus 2%, d\u017eiovinti \u0161pinatai 0,5%, mananoligosacharidai (150 mg\/kg), fruktooligosacharidai (120 mg\/kg), juka (80 mg\/kg), d\u017eiovintas rozmarinas (12 mg\/kg), d\u017eiovinti gvazdik\u0117liai (12 mg\/kg), d\u017eiovinti citrusiniai vaisiai (12 mg\/kg), d\u017eiovinta ciber\u017eol\u0117 (12 mg\/kg). Analitin\u0117 sud\u0117tis:Baltymai 40,0%, riebalai 18,0%, l\u0105steliena 2,8%, pelenai 8,0%, dr\u0117gm\u0117 10,0%, kalcis 1,4%, fosforas 1,0%, natris 0,5%, magnis 0,1%, omega-3 0,54%, omega-6 2,4%. Maisto papildai\/kg:Vitaminas A 22 000 TV, vitaminas D3 900 TV, vitaminas E 700 mg, vitaminas C 300 mg, taurinas 2300 mg, biotinas 1,8 mg, cinkas 150 mg, manganas 55 mg, gele\u017eis 45 mg, varis 11 mg, jodas 3,7 mg, selenas 0,17 mg, L-metioninas 4000 mg. Metabolizuojama energija: 3930 kcal\/kg\" \/>\n<meta property=\"og:url\" content=\"https:\/\/miumjau.ee\/lt\/produktas\/brit-premium-by-nature-kitten-su-vistiena-8-kg\/\" \/>\n<meta property=\"og:site_name\" content=\"MiuMjau\" \/>\n<meta property=\"article:publisher\" content=\"https:\/\/www.facebook.com\/miumjaupood\/\" \/>\n<meta property=\"article:modified_time\" content=\"2026-01-07T18:45:44+00:00\" \/>\n<meta property=\"og:image\" content=\"https:\/\/miumjau.ee\/wp-content\/uploads\/2025\/08\/brit-premium-kassi-toit1.jpg\" \/>\n\t<meta property=\"og:image:width\" content=\"600\" \/>\n\t<meta property=\"og:image:height\" content=\"800\" \/>\n\t<meta property=\"og:image:type\" content=\"image\/jpeg\" \/>\n<meta name=\"twitter:card\" content=\"summary_large_image\" \/>\n<script type=\"application\/ld+json\" class=\"yoast-schema-graph\">{\"@context\":\"https:\\\/\\\/schema.org\",\"@graph\":[{\"@type\":\"WebPage\",\"@id\":\"https:\\\/\\\/miumjau.ee\\\/lt\\\/produktas\\\/brit-premium-by-nature-kitten-su-vistiena-8-kg\\\/\",\"url\":\"https:\\\/\\\/miumjau.ee\\\/lt\\\/produktas\\\/brit-premium-by-nature-kitten-su-vistiena-8-kg\\\/\",\"name\":\"Brit Premium by Nature Kitten su vi\u0161tiena, 8 kg - MiuMjau\",\"isPartOf\":{\"@id\":\"https:\\\/\\\/miumjau.ee\\\/#website\"},\"primaryImageOfPage\":{\"@id\":\"https:\\\/\\\/miumjau.ee\\\/lt\\\/produktas\\\/brit-premium-by-nature-kitten-su-vistiena-8-kg\\\/#primaryimage\"},\"image\":{\"@id\":\"https:\\\/\\\/miumjau.ee\\\/lt\\\/produktas\\\/brit-premium-by-nature-kitten-su-vistiena-8-kg\\\/#primaryimage\"},\"thumbnailUrl\":\"https:\\\/\\\/miumjau.ee\\\/wp-content\\\/uploads\\\/2025\\\/08\\\/brit-premium-kassi-toit1.jpg\",\"datePublished\":\"2025-08-26T10:17:40+00:00\",\"dateModified\":\"2026-01-07T18:45:44+00:00\",\"breadcrumb\":{\"@id\":\"https:\\\/\\\/miumjau.ee\\\/lt\\\/produktas\\\/brit-premium-by-nature-kitten-su-vistiena-8-kg\\\/#breadcrumb\"},\"inLanguage\":\"lt-LT\",\"potentialAction\":[{\"@type\":\"ReadAction\",\"target\":[\"https:\\\/\\\/miumjau.ee\\\/lt\\\/produktas\\\/brit-premium-by-nature-kitten-su-vistiena-8-kg\\\/\"]}]},{\"@type\":\"ImageObject\",\"inLanguage\":\"lt-LT\",\"@id\":\"https:\\\/\\\/miumjau.ee\\\/lt\\\/produktas\\\/brit-premium-by-nature-kitten-su-vistiena-8-kg\\\/#primaryimage\",\"url\":\"https:\\\/\\\/miumjau.ee\\\/wp-content\\\/uploads\\\/2025\\\/08\\\/brit-premium-kassi-toit1.jpg\",\"contentUrl\":\"https:\\\/\\\/miumjau.ee\\\/wp-content\\\/uploads\\\/2025\\\/08\\\/brit-premium-kassi-toit1.jpg\",\"width\":600,\"height\":800,\"caption\":\"Brit Premium by Nature Kitten kanaga, 8kg\"},{\"@type\":\"BreadcrumbList\",\"@id\":\"https:\\\/\\\/miumjau.ee\\\/lt\\\/produktas\\\/brit-premium-by-nature-kitten-su-vistiena-8-kg\\\/#breadcrumb\",\"itemListElement\":[{\"@type\":\"ListItem\",\"position\":1,\"name\":\"Home\",\"item\":\"https:\\\/\\\/miumjau.ee\\\/lt\\\/\"},{\"@type\":\"ListItem\",\"position\":2,\"name\":\"Parduotuv\u0117\",\"item\":\"https:\\\/\\\/miumjau.ee\\\/lt\\\/parduotuve\\\/\"},{\"@type\":\"ListItem\",\"position\":3,\"name\":\"Brit Premium by Nature Kitten su vi\u0161tiena, 8 kg\"}]},{\"@type\":\"WebSite\",\"@id\":\"https:\\\/\\\/miumjau.ee\\\/#website\",\"url\":\"https:\\\/\\\/miumjau.ee\\\/\",\"name\":\"MiuMjau\",\"description\":\"Kraapimispuud kassidele\",\"publisher\":{\"@id\":\"https:\\\/\\\/miumjau.ee\\\/#organization\"},\"potentialAction\":[{\"@type\":\"SearchAction\",\"target\":{\"@type\":\"EntryPoint\",\"urlTemplate\":\"https:\\\/\\\/miumjau.ee\\\/?s={search_term_string}\"},\"query-input\":{\"@type\":\"PropertyValueSpecification\",\"valueRequired\":true,\"valueName\":\"search_term_string\"}}],\"inLanguage\":\"lt-LT\"},{\"@type\":\"Organization\",\"@id\":\"https:\\\/\\\/miumjau.ee\\\/#organization\",\"name\":\"MiuMjau O\u00dc\",\"url\":\"https:\\\/\\\/miumjau.ee\\\/\",\"logo\":{\"@type\":\"ImageObject\",\"inLanguage\":\"lt-LT\",\"@id\":\"https:\\\/\\\/miumjau.ee\\\/#\\\/schema\\\/logo\\\/image\\\/\",\"url\":\"https:\\\/\\\/miumjau.ee\\\/wp-content\\\/uploads\\\/2022\\\/04\\\/MiuMjau-logo-kollane.png\",\"contentUrl\":\"https:\\\/\\\/miumjau.ee\\\/wp-content\\\/uploads\\\/2022\\\/04\\\/MiuMjau-logo-kollane.png\",\"width\":219,\"height\":100,\"caption\":\"MiuMjau O\u00dc\"},\"image\":{\"@id\":\"https:\\\/\\\/miumjau.ee\\\/#\\\/schema\\\/logo\\\/image\\\/\"},\"sameAs\":[\"https:\\\/\\\/www.facebook.com\\\/miumjaupood\\\/\"]}]}<\/script>\n<!-- \/ Yoast SEO plugin. -->","yoast_head_json":{"title":"Brit Premium by Nature Kitten su vi\u0161tiena, 8 kg - MiuMjau","robots":{"index":"index","follow":"follow","max-snippet":"max-snippet:-1","max-image-preview":"max-image-preview:large","max-video-preview":"max-video-preview:-1"},"canonical":"https:\/\/miumjau.ee\/lt\/produktas\/brit-premium-by-nature-kitten-su-vistiena-8-kg\/","og_locale":"lt_LT","og_type":"article","og_title":"Brit Premium by Nature Kitten su vi\u0161tiena, 8 kg - MiuMjau","og_description":"Brit Premium Kitten Chicken \u2013 premium klas\u0117s visavertis pa\u0161aras ka\u010diukams, taip pat tinkamas n\u0117\u0161\u010dioms ir \u017eindan\u010dioms kat\u0117ms.     B\u016btini vitaminai ir mineralai tinkamam augimui ir vystymuisi.    Prebiotikai palaiko \u017earnyno sveikat\u0105 ir stipri\u0105 imunin\u0119 sistem\u0105.    Omega-3 riebal\u0173 r\u016bg\u0161tys sveikai odai ir \u017evilgan\u010diam kailiui.    Taurinas u\u017etikrina tinkam\u0105 \u0161irdies, aki\u0173 ir smegen\u0173 veikl\u0105.    Nat\u016bral\u016bs antioksidantai: rozmarinas, gvazdik\u0117liai, ciber\u017eol\u0117 ir citrusiniai vaisiai.    Paskutiniame gamybos etape prid\u0117tas vi\u0161tienos kepen\u0117li\u0173 pada\u017eas geresniam skoniui.    Be kvie\u010di\u0173, sojos ir kukur\u016bz\u0173.   Sud\u0117tis:D\u017eiovinta vi\u0161tiena 40%, ry\u017eiai, vi\u0161tienos riebalai, \u017eirniai, d\u017eiovinta la\u0161i\u0161a 4%, d\u017eiovintos obuoli\u0173 i\u0161spaudos, hidrolizuotos vi\u0161tienos kepen\u0117l\u0117s 2%, la\u0161i\u0161\u0173 aliejus 2%, d\u017eiovinti \u0161pinatai 0,5%, mananoligosacharidai (150 mg\/kg), fruktooligosacharidai (120 mg\/kg), juka (80 mg\/kg), d\u017eiovintas rozmarinas (12 mg\/kg), d\u017eiovinti gvazdik\u0117liai (12 mg\/kg), d\u017eiovinti citrusiniai vaisiai (12 mg\/kg), d\u017eiovinta ciber\u017eol\u0117 (12 mg\/kg). Analitin\u0117 sud\u0117tis:Baltymai 40,0%, riebalai 18,0%, l\u0105steliena 2,8%, pelenai 8,0%, dr\u0117gm\u0117 10,0%, kalcis 1,4%, fosforas 1,0%, natris 0,5%, magnis 0,1%, omega-3 0,54%, omega-6 2,4%. Maisto papildai\/kg:Vitaminas A 22 000 TV, vitaminas D3 900 TV, vitaminas E 700 mg, vitaminas C 300 mg, taurinas 2300 mg, biotinas 1,8 mg, cinkas 150 mg, manganas 55 mg, gele\u017eis 45 mg, varis 11 mg, jodas 3,7 mg, selenas 0,17 mg, L-metioninas 4000 mg. Metabolizuojama energija: 3930 kcal\/kg","og_url":"https:\/\/miumjau.ee\/lt\/produktas\/brit-premium-by-nature-kitten-su-vistiena-8-kg\/","og_site_name":"MiuMjau","article_publisher":"https:\/\/www.facebook.com\/miumjaupood\/","article_modified_time":"2026-01-07T18:45:44+00:00","og_image":[{"width":600,"height":800,"url":"https:\/\/miumjau.ee\/wp-content\/uploads\/2025\/08\/brit-premium-kassi-toit1.jpg","type":"image\/jpeg"}],"twitter_card":"summary_large_image","schema":{"@context":"https:\/\/schema.org","@graph":[{"@type":"WebPage","@id":"https:\/\/miumjau.ee\/lt\/produktas\/brit-premium-by-nature-kitten-su-vistiena-8-kg\/","url":"https:\/\/miumjau.ee\/lt\/produktas\/brit-premium-by-nature-kitten-su-vistiena-8-kg\/","name":"Brit Premium by Nature Kitten su vi\u0161tiena, 8 kg - MiuMjau","isPartOf":{"@id":"https:\/\/miumjau.ee\/#website"},"primaryImageOfPage":{"@id":"https:\/\/miumjau.ee\/lt\/produktas\/brit-premium-by-nature-kitten-su-vistiena-8-kg\/#primaryimage"},"image":{"@id":"https:\/\/miumjau.ee\/lt\/produktas\/brit-premium-by-nature-kitten-su-vistiena-8-kg\/#primaryimage"},"thumbnailUrl":"https:\/\/miumjau.ee\/wp-content\/uploads\/2025\/08\/brit-premium-kassi-toit1.jpg","datePublished":"2025-08-26T10:17:40+00:00","dateModified":"2026-01-07T18:45:44+00:00","breadcrumb":{"@id":"https:\/\/miumjau.ee\/lt\/produktas\/brit-premium-by-nature-kitten-su-vistiena-8-kg\/#breadcrumb"},"inLanguage":"lt-LT","potentialAction":[{"@type":"ReadAction","target":["https:\/\/miumjau.ee\/lt\/produktas\/brit-premium-by-nature-kitten-su-vistiena-8-kg\/"]}]},{"@type":"ImageObject","inLanguage":"lt-LT","@id":"https:\/\/miumjau.ee\/lt\/produktas\/brit-premium-by-nature-kitten-su-vistiena-8-kg\/#primaryimage","url":"https:\/\/miumjau.ee\/wp-content\/uploads\/2025\/08\/brit-premium-kassi-toit1.jpg","contentUrl":"https:\/\/miumjau.ee\/wp-content\/uploads\/2025\/08\/brit-premium-kassi-toit1.jpg","width":600,"height":800,"caption":"Brit Premium by Nature Kitten kanaga, 8kg"},{"@type":"BreadcrumbList","@id":"https:\/\/miumjau.ee\/lt\/produktas\/brit-premium-by-nature-kitten-su-vistiena-8-kg\/#breadcrumb","itemListElement":[{"@type":"ListItem","position":1,"name":"Home","item":"https:\/\/miumjau.ee\/lt\/"},{"@type":"ListItem","position":2,"name":"Parduotuv\u0117","item":"https:\/\/miumjau.ee\/lt\/parduotuve\/"},{"@type":"ListItem","position":3,"name":"Brit Premium by Nature Kitten su vi\u0161tiena, 8 kg"}]},{"@type":"WebSite","@id":"https:\/\/miumjau.ee\/#website","url":"https:\/\/miumjau.ee\/","name":"MiuMjau","description":"Kraapimispuud kassidele","publisher":{"@id":"https:\/\/miumjau.ee\/#organization"},"potentialAction":[{"@type":"SearchAction","target":{"@type":"EntryPoint","urlTemplate":"https:\/\/miumjau.ee\/?s={search_term_string}"},"query-input":{"@type":"PropertyValueSpecification","valueRequired":true,"valueName":"search_term_string"}}],"inLanguage":"lt-LT"},{"@type":"Organization","@id":"https:\/\/miumjau.ee\/#organization","name":"MiuMjau O\u00dc","url":"https:\/\/miumjau.ee\/","logo":{"@type":"ImageObject","inLanguage":"lt-LT","@id":"https:\/\/miumjau.ee\/#\/schema\/logo\/image\/","url":"https:\/\/miumjau.ee\/wp-content\/uploads\/2022\/04\/MiuMjau-logo-kollane.png","contentUrl":"https:\/\/miumjau.ee\/wp-content\/uploads\/2022\/04\/MiuMjau-logo-kollane.png","width":219,"height":100,"caption":"MiuMjau O\u00dc"},"image":{"@id":"https:\/\/miumjau.ee\/#\/schema\/logo\/image\/"},"sameAs":["https:\/\/www.facebook.com\/miumjaupood\/"]}]}},"_links":{"self":[{"href":"https:\/\/miumjau.ee\/lt\/wp-json\/wp\/v2\/product\/47858","targetHints":{"allow":["GET"]}}],"collection":[{"href":"https:\/\/miumjau.ee\/lt\/wp-json\/wp\/v2\/product"}],"about":[{"href":"https:\/\/miumjau.ee\/lt\/wp-json\/wp\/v2\/types\/product"}],"wp:featuredmedia":[{"embeddable":true,"href":"https:\/\/miumjau.ee\/lt\/wp-json\/wp\/v2\/media\/43857"}],"wp:attachment":[{"href":"https:\/\/miumjau.ee\/lt\/wp-json\/wp\/v2\/media?parent=47858"}],"wp:term":[{"taxonomy":"product_brand","embeddable":true,"href":"https:\/\/miumjau.ee\/lt\/wp-json\/wp\/v2\/product_brand?post=47858"},{"taxonomy":"product_cat","embeddable":true,"href":"https:\/\/miumjau.ee\/lt\/wp-json\/wp\/v2\/product_cat?post=47858"},{"taxonomy":"product_tag","embeddable":true,"href":"https:\/\/miumjau.ee\/lt\/wp-json\/wp\/v2\/product_tag?post=47858"}],"curies":[{"name":"wp","href":"https:\/\/api.w.org\/{rel}","templated":true}]}}