{"id":47849,"date":"2025-08-26T13:17:36","date_gmt":"2025-08-26T10:17:36","guid":{"rendered":"https:\/\/miumjau.ee\/toode\/brit-premium-by-nature-cat-adult-su-lasisa-8-kg\/"},"modified":"2026-01-07T20:45:51","modified_gmt":"2026-01-07T18:45:51","slug":"brit-premium-by-nature-cat-adult-su-lasisa-8-kg","status":"publish","type":"product","link":"https:\/\/miumjau.ee\/lt\/produktas\/brit-premium-by-nature-cat-adult-su-lasisa-8-kg\/","title":{"rendered":"Brit Premium by Nature Cat Adult su la\u0161i\u0161a, 8 kg"},"content":{"rendered":"","protected":false},"excerpt":{"rendered":"<p data-start=\"3399\" data-end=\"3527\">Brit Premium Adult Salmon \u2013 tai nat\u016brali\u0173 ingredient\u0173 pagamintas premium klas\u0117s visavertis pa\u0161aras suaugusioms kat\u0117ms su la\u0161i\u0161a.<\/p>\n<ul data-start=\"3529\" data-end=\"4051\">\n<li data-start=\"3529\" data-end=\"3594\">\n<p data-start=\"3531\" data-end=\"3594\">B\u016btini vitaminai ir mineralai stipriems ir sveikiems dantims.<\/p>\n<\/li>\n<li data-start=\"3595\" data-end=\"3659\">\n<p data-start=\"3597\" data-end=\"3659\">Omega-3 riebal\u0173 r\u016bg\u0161tys \u017evilgan\u010diam kailiui ir sveikai odai.<\/p>\n<\/li>\n<li data-start=\"3660\" data-end=\"3723\">\n<p data-start=\"3662\" data-end=\"3723\">Taurinas u\u017etikrina tinkam\u0105 \u0161irdies, aki\u0173 ir smegen\u0173 veikl\u0105.<\/p>\n<\/li>\n<li data-start=\"3724\" data-end=\"3822\">\n<p data-start=\"3726\" data-end=\"3822\">Sud\u0117tyje yra nat\u016brali\u0173 antioksidant\u0173: rozmarino, gvazdik\u0117li\u0173, ciber\u017eol\u0117s ir citrusini\u0173 vaisi\u0173.<\/p>\n<\/li>\n<li data-start=\"3823\" data-end=\"3899\">\n<p data-start=\"3825\" data-end=\"3899\">Sud\u0117tyje yra prebiotik\u0173 \u017earnyno sveikatai ir stipriai imuninei sistemai.<\/p>\n<\/li>\n<li data-start=\"3900\" data-end=\"4018\">\n<p data-start=\"3902\" data-end=\"4018\">Paskutiniame gamybos etape prid\u0117tas vi\u0161tienos kepen\u0117li\u0173 pada\u017eas, kad pa\u0161aras b\u016bt\u0173 dar skanesnis ir aromatingesnis.<\/p>\n<\/li>\n<li data-start=\"4019\" data-end=\"4051\">\n<p data-start=\"4021\" data-end=\"4051\">Be kvie\u010di\u0173, sojos ir kukur\u016bz\u0173.<\/p>\n<\/li>\n<\/ul>\n<p data-start=\"4053\" data-end=\"4504\"><strong data-start=\"4053\" data-end=\"4065\">Sud\u0117tis:<\/strong><br data-start=\"4065\" data-end=\"4068\" \/>D\u017eiovinta la\u0161i\u0161a 35%, ry\u017eiai, vi\u0161tienos riebalai, \u017eirniai, d\u017eiovintos obuoli\u0173 i\u0161spaudos, d\u017eiovinta vi\u0161tiena 4%, la\u0161i\u0161\u0173 aliejus 3%, hidrolizuotos vi\u0161tienos kepen\u0117l\u0117s 2%, alaus miel\u0117s, d\u017eiovinti \u0161pinatai 0,5%, mananoligosacharidai (150 mg\/kg), fruktooligosacharidai (120 mg\/kg), juka (80 mg\/kg), d\u017eiovintas rozmarinas (11 mg\/kg), d\u017eiovinti gvazdik\u0117liai (11 mg\/kg), d\u017eiovinti citrusiniai vaisiai (11 mg\/kg), d\u017eiovinta ciber\u017eol\u0117 (11 mg\/kg).<\/p>\n<p data-start=\"4506\" data-end=\"4692\"><strong data-start=\"4506\" data-end=\"4528\">Analitin\u0117 sud\u0117tis:<\/strong><br data-start=\"4528\" data-end=\"4531\" \/>Baltymai 35,0%, riebalai 16,0%, l\u0105steliena 1,9%, pelenai 8,1%, dr\u0117gm\u0117 10,0%, kalcis 1,2%, fosforas 1,0%, natris 0,9%, magnis 0,06%, omega-3 0,20%, omega-6 2,25%.<\/p>\n<p data-start=\"4694\" data-end=\"4950\"><strong data-start=\"4694\" data-end=\"4717\">Maisto papildai\/kg:<\/strong><br data-start=\"4717\" data-end=\"4720\" \/>Vitaminas A 20 000 TV, vitaminas D3 850 TV, vitaminas E 600 mg, vitaminas C 250 mg, taurinas 2150 mg, biotinas 1,7 mg, cinkas 140 mg, manganas 50 mg, gele\u017eis 50 mg, varis 10 mg, jodas 3,5 mg, selenas 0,16 mg, L-metioninas 4000 mg.<\/p>\n<p data-start=\"4952\" data-end=\"4994\"><strong data-start=\"4952\" data-end=\"4981\">Metabolizuojama energija:<\/strong> 3840 kcal\/kg<\/p>\n","protected":false},"featured_media":43858,"template":"","meta":[],"product_brand":[],"product_cat":[528],"product_tag":[],"class_list":{"0":"post-47849","1":"product","2":"type-product","3":"status-publish","4":"has-post-thumbnail","6":"product_cat-sausas-maistas","8":"first","9":"outofstock","10":"taxable","11":"shipping-taxable","12":"purchasable","13":"product-type-simple"},"yoast_head":"<!-- This site is optimized with the Yoast SEO plugin v27.4 - https:\/\/yoast.com\/product\/yoast-seo-wordpress\/ -->\n<title>Brit Premium by Nature Cat Adult su la\u0161i\u0161a, 8 kg - MiuMjau<\/title>\n<meta name=\"robots\" content=\"index, follow, max-snippet:-1, max-image-preview:large, max-video-preview:-1\" \/>\n<link rel=\"canonical\" href=\"https:\/\/miumjau.ee\/lt\/produktas\/brit-premium-by-nature-cat-adult-su-lasisa-8-kg\/\" \/>\n<meta property=\"og:locale\" content=\"lt_LT\" \/>\n<meta property=\"og:type\" content=\"article\" \/>\n<meta property=\"og:title\" content=\"Brit Premium by Nature Cat Adult su la\u0161i\u0161a, 8 kg - MiuMjau\" \/>\n<meta property=\"og:description\" content=\"Brit Premium Adult Salmon \u2013 tai nat\u016brali\u0173 ingredient\u0173 pagamintas premium klas\u0117s visavertis pa\u0161aras suaugusioms kat\u0117ms su la\u0161i\u0161a.     B\u016btini vitaminai ir mineralai stipriems ir sveikiems dantims.    Omega-3 riebal\u0173 r\u016bg\u0161tys \u017evilgan\u010diam kailiui ir sveikai odai.    Taurinas u\u017etikrina tinkam\u0105 \u0161irdies, aki\u0173 ir smegen\u0173 veikl\u0105.    Sud\u0117tyje yra nat\u016brali\u0173 antioksidant\u0173: rozmarino, gvazdik\u0117li\u0173, ciber\u017eol\u0117s ir citrusini\u0173 vaisi\u0173.    Sud\u0117tyje yra prebiotik\u0173 \u017earnyno sveikatai ir stipriai imuninei sistemai.    Paskutiniame gamybos etape prid\u0117tas vi\u0161tienos kepen\u0117li\u0173 pada\u017eas, kad pa\u0161aras b\u016bt\u0173 dar skanesnis ir aromatingesnis.    Be kvie\u010di\u0173, sojos ir kukur\u016bz\u0173.   Sud\u0117tis:D\u017eiovinta la\u0161i\u0161a 35%, ry\u017eiai, vi\u0161tienos riebalai, \u017eirniai, d\u017eiovintos obuoli\u0173 i\u0161spaudos, d\u017eiovinta vi\u0161tiena 4%, la\u0161i\u0161\u0173 aliejus 3%, hidrolizuotos vi\u0161tienos kepen\u0117l\u0117s 2%, alaus miel\u0117s, d\u017eiovinti \u0161pinatai 0,5%, mananoligosacharidai (150 mg\/kg), fruktooligosacharidai (120 mg\/kg), juka (80 mg\/kg), d\u017eiovintas rozmarinas (11 mg\/kg), d\u017eiovinti gvazdik\u0117liai (11 mg\/kg), d\u017eiovinti citrusiniai vaisiai (11 mg\/kg), d\u017eiovinta ciber\u017eol\u0117 (11 mg\/kg). Analitin\u0117 sud\u0117tis:Baltymai 35,0%, riebalai 16,0%, l\u0105steliena 1,9%, pelenai 8,1%, dr\u0117gm\u0117 10,0%, kalcis 1,2%, fosforas 1,0%, natris 0,9%, magnis 0,06%, omega-3 0,20%, omega-6 2,25%. Maisto papildai\/kg:Vitaminas A 20 000 TV, vitaminas D3 850 TV, vitaminas E 600 mg, vitaminas C 250 mg, taurinas 2150 mg, biotinas 1,7 mg, cinkas 140 mg, manganas 50 mg, gele\u017eis 50 mg, varis 10 mg, jodas 3,5 mg, selenas 0,16 mg, L-metioninas 4000 mg. Metabolizuojama energija: 3840 kcal\/kg\" \/>\n<meta property=\"og:url\" content=\"https:\/\/miumjau.ee\/lt\/produktas\/brit-premium-by-nature-cat-adult-su-lasisa-8-kg\/\" \/>\n<meta property=\"og:site_name\" content=\"MiuMjau\" \/>\n<meta property=\"article:publisher\" content=\"https:\/\/www.facebook.com\/miumjaupood\/\" \/>\n<meta property=\"article:modified_time\" content=\"2026-01-07T18:45:51+00:00\" \/>\n<meta property=\"og:image\" content=\"https:\/\/miumjau.ee\/wp-content\/uploads\/2025\/08\/brit-premium-kassi-toit2.jpg\" \/>\n\t<meta property=\"og:image:width\" content=\"600\" \/>\n\t<meta property=\"og:image:height\" content=\"800\" \/>\n\t<meta property=\"og:image:type\" content=\"image\/jpeg\" \/>\n<meta name=\"twitter:card\" content=\"summary_large_image\" \/>\n<script type=\"application\/ld+json\" class=\"yoast-schema-graph\">{\"@context\":\"https:\\\/\\\/schema.org\",\"@graph\":[{\"@type\":\"WebPage\",\"@id\":\"https:\\\/\\\/miumjau.ee\\\/lt\\\/produktas\\\/brit-premium-by-nature-cat-adult-su-lasisa-8-kg\\\/\",\"url\":\"https:\\\/\\\/miumjau.ee\\\/lt\\\/produktas\\\/brit-premium-by-nature-cat-adult-su-lasisa-8-kg\\\/\",\"name\":\"Brit Premium by Nature Cat Adult su la\u0161i\u0161a, 8 kg - MiuMjau\",\"isPartOf\":{\"@id\":\"https:\\\/\\\/miumjau.ee\\\/#website\"},\"primaryImageOfPage\":{\"@id\":\"https:\\\/\\\/miumjau.ee\\\/lt\\\/produktas\\\/brit-premium-by-nature-cat-adult-su-lasisa-8-kg\\\/#primaryimage\"},\"image\":{\"@id\":\"https:\\\/\\\/miumjau.ee\\\/lt\\\/produktas\\\/brit-premium-by-nature-cat-adult-su-lasisa-8-kg\\\/#primaryimage\"},\"thumbnailUrl\":\"https:\\\/\\\/miumjau.ee\\\/wp-content\\\/uploads\\\/2025\\\/08\\\/brit-premium-kassi-toit2.jpg\",\"datePublished\":\"2025-08-26T10:17:36+00:00\",\"dateModified\":\"2026-01-07T18:45:51+00:00\",\"breadcrumb\":{\"@id\":\"https:\\\/\\\/miumjau.ee\\\/lt\\\/produktas\\\/brit-premium-by-nature-cat-adult-su-lasisa-8-kg\\\/#breadcrumb\"},\"inLanguage\":\"lt-LT\",\"potentialAction\":[{\"@type\":\"ReadAction\",\"target\":[\"https:\\\/\\\/miumjau.ee\\\/lt\\\/produktas\\\/brit-premium-by-nature-cat-adult-su-lasisa-8-kg\\\/\"]}]},{\"@type\":\"ImageObject\",\"inLanguage\":\"lt-LT\",\"@id\":\"https:\\\/\\\/miumjau.ee\\\/lt\\\/produktas\\\/brit-premium-by-nature-cat-adult-su-lasisa-8-kg\\\/#primaryimage\",\"url\":\"https:\\\/\\\/miumjau.ee\\\/wp-content\\\/uploads\\\/2025\\\/08\\\/brit-premium-kassi-toit2.jpg\",\"contentUrl\":\"https:\\\/\\\/miumjau.ee\\\/wp-content\\\/uploads\\\/2025\\\/08\\\/brit-premium-kassi-toit2.jpg\",\"width\":600,\"height\":800,\"caption\":\"Brit Premium by Nature Cat Adult l\u00f5hega, 8 kg\"},{\"@type\":\"BreadcrumbList\",\"@id\":\"https:\\\/\\\/miumjau.ee\\\/lt\\\/produktas\\\/brit-premium-by-nature-cat-adult-su-lasisa-8-kg\\\/#breadcrumb\",\"itemListElement\":[{\"@type\":\"ListItem\",\"position\":1,\"name\":\"Home\",\"item\":\"https:\\\/\\\/miumjau.ee\\\/lt\\\/\"},{\"@type\":\"ListItem\",\"position\":2,\"name\":\"Parduotuv\u0117\",\"item\":\"https:\\\/\\\/miumjau.ee\\\/lt\\\/parduotuve\\\/\"},{\"@type\":\"ListItem\",\"position\":3,\"name\":\"Brit Premium by Nature Cat Adult su la\u0161i\u0161a, 8 kg\"}]},{\"@type\":\"WebSite\",\"@id\":\"https:\\\/\\\/miumjau.ee\\\/#website\",\"url\":\"https:\\\/\\\/miumjau.ee\\\/\",\"name\":\"MiuMjau\",\"description\":\"Kraapimispuud kassidele\",\"publisher\":{\"@id\":\"https:\\\/\\\/miumjau.ee\\\/#organization\"},\"potentialAction\":[{\"@type\":\"SearchAction\",\"target\":{\"@type\":\"EntryPoint\",\"urlTemplate\":\"https:\\\/\\\/miumjau.ee\\\/?s={search_term_string}\"},\"query-input\":{\"@type\":\"PropertyValueSpecification\",\"valueRequired\":true,\"valueName\":\"search_term_string\"}}],\"inLanguage\":\"lt-LT\"},{\"@type\":\"Organization\",\"@id\":\"https:\\\/\\\/miumjau.ee\\\/#organization\",\"name\":\"MiuMjau O\u00dc\",\"url\":\"https:\\\/\\\/miumjau.ee\\\/\",\"logo\":{\"@type\":\"ImageObject\",\"inLanguage\":\"lt-LT\",\"@id\":\"https:\\\/\\\/miumjau.ee\\\/#\\\/schema\\\/logo\\\/image\\\/\",\"url\":\"https:\\\/\\\/miumjau.ee\\\/wp-content\\\/uploads\\\/2022\\\/04\\\/MiuMjau-logo-kollane.png\",\"contentUrl\":\"https:\\\/\\\/miumjau.ee\\\/wp-content\\\/uploads\\\/2022\\\/04\\\/MiuMjau-logo-kollane.png\",\"width\":219,\"height\":100,\"caption\":\"MiuMjau O\u00dc\"},\"image\":{\"@id\":\"https:\\\/\\\/miumjau.ee\\\/#\\\/schema\\\/logo\\\/image\\\/\"},\"sameAs\":[\"https:\\\/\\\/www.facebook.com\\\/miumjaupood\\\/\"]}]}<\/script>\n<!-- \/ Yoast SEO plugin. -->","yoast_head_json":{"title":"Brit Premium by Nature Cat Adult su la\u0161i\u0161a, 8 kg - MiuMjau","robots":{"index":"index","follow":"follow","max-snippet":"max-snippet:-1","max-image-preview":"max-image-preview:large","max-video-preview":"max-video-preview:-1"},"canonical":"https:\/\/miumjau.ee\/lt\/produktas\/brit-premium-by-nature-cat-adult-su-lasisa-8-kg\/","og_locale":"lt_LT","og_type":"article","og_title":"Brit Premium by Nature Cat Adult su la\u0161i\u0161a, 8 kg - MiuMjau","og_description":"Brit Premium Adult Salmon \u2013 tai nat\u016brali\u0173 ingredient\u0173 pagamintas premium klas\u0117s visavertis pa\u0161aras suaugusioms kat\u0117ms su la\u0161i\u0161a.     B\u016btini vitaminai ir mineralai stipriems ir sveikiems dantims.    Omega-3 riebal\u0173 r\u016bg\u0161tys \u017evilgan\u010diam kailiui ir sveikai odai.    Taurinas u\u017etikrina tinkam\u0105 \u0161irdies, aki\u0173 ir smegen\u0173 veikl\u0105.    Sud\u0117tyje yra nat\u016brali\u0173 antioksidant\u0173: rozmarino, gvazdik\u0117li\u0173, ciber\u017eol\u0117s ir citrusini\u0173 vaisi\u0173.    Sud\u0117tyje yra prebiotik\u0173 \u017earnyno sveikatai ir stipriai imuninei sistemai.    Paskutiniame gamybos etape prid\u0117tas vi\u0161tienos kepen\u0117li\u0173 pada\u017eas, kad pa\u0161aras b\u016bt\u0173 dar skanesnis ir aromatingesnis.    Be kvie\u010di\u0173, sojos ir kukur\u016bz\u0173.   Sud\u0117tis:D\u017eiovinta la\u0161i\u0161a 35%, ry\u017eiai, vi\u0161tienos riebalai, \u017eirniai, d\u017eiovintos obuoli\u0173 i\u0161spaudos, d\u017eiovinta vi\u0161tiena 4%, la\u0161i\u0161\u0173 aliejus 3%, hidrolizuotos vi\u0161tienos kepen\u0117l\u0117s 2%, alaus miel\u0117s, d\u017eiovinti \u0161pinatai 0,5%, mananoligosacharidai (150 mg\/kg), fruktooligosacharidai (120 mg\/kg), juka (80 mg\/kg), d\u017eiovintas rozmarinas (11 mg\/kg), d\u017eiovinti gvazdik\u0117liai (11 mg\/kg), d\u017eiovinti citrusiniai vaisiai (11 mg\/kg), d\u017eiovinta ciber\u017eol\u0117 (11 mg\/kg). Analitin\u0117 sud\u0117tis:Baltymai 35,0%, riebalai 16,0%, l\u0105steliena 1,9%, pelenai 8,1%, dr\u0117gm\u0117 10,0%, kalcis 1,2%, fosforas 1,0%, natris 0,9%, magnis 0,06%, omega-3 0,20%, omega-6 2,25%. Maisto papildai\/kg:Vitaminas A 20 000 TV, vitaminas D3 850 TV, vitaminas E 600 mg, vitaminas C 250 mg, taurinas 2150 mg, biotinas 1,7 mg, cinkas 140 mg, manganas 50 mg, gele\u017eis 50 mg, varis 10 mg, jodas 3,5 mg, selenas 0,16 mg, L-metioninas 4000 mg. Metabolizuojama energija: 3840 kcal\/kg","og_url":"https:\/\/miumjau.ee\/lt\/produktas\/brit-premium-by-nature-cat-adult-su-lasisa-8-kg\/","og_site_name":"MiuMjau","article_publisher":"https:\/\/www.facebook.com\/miumjaupood\/","article_modified_time":"2026-01-07T18:45:51+00:00","og_image":[{"width":600,"height":800,"url":"https:\/\/miumjau.ee\/wp-content\/uploads\/2025\/08\/brit-premium-kassi-toit2.jpg","type":"image\/jpeg"}],"twitter_card":"summary_large_image","schema":{"@context":"https:\/\/schema.org","@graph":[{"@type":"WebPage","@id":"https:\/\/miumjau.ee\/lt\/produktas\/brit-premium-by-nature-cat-adult-su-lasisa-8-kg\/","url":"https:\/\/miumjau.ee\/lt\/produktas\/brit-premium-by-nature-cat-adult-su-lasisa-8-kg\/","name":"Brit Premium by Nature Cat Adult su la\u0161i\u0161a, 8 kg - MiuMjau","isPartOf":{"@id":"https:\/\/miumjau.ee\/#website"},"primaryImageOfPage":{"@id":"https:\/\/miumjau.ee\/lt\/produktas\/brit-premium-by-nature-cat-adult-su-lasisa-8-kg\/#primaryimage"},"image":{"@id":"https:\/\/miumjau.ee\/lt\/produktas\/brit-premium-by-nature-cat-adult-su-lasisa-8-kg\/#primaryimage"},"thumbnailUrl":"https:\/\/miumjau.ee\/wp-content\/uploads\/2025\/08\/brit-premium-kassi-toit2.jpg","datePublished":"2025-08-26T10:17:36+00:00","dateModified":"2026-01-07T18:45:51+00:00","breadcrumb":{"@id":"https:\/\/miumjau.ee\/lt\/produktas\/brit-premium-by-nature-cat-adult-su-lasisa-8-kg\/#breadcrumb"},"inLanguage":"lt-LT","potentialAction":[{"@type":"ReadAction","target":["https:\/\/miumjau.ee\/lt\/produktas\/brit-premium-by-nature-cat-adult-su-lasisa-8-kg\/"]}]},{"@type":"ImageObject","inLanguage":"lt-LT","@id":"https:\/\/miumjau.ee\/lt\/produktas\/brit-premium-by-nature-cat-adult-su-lasisa-8-kg\/#primaryimage","url":"https:\/\/miumjau.ee\/wp-content\/uploads\/2025\/08\/brit-premium-kassi-toit2.jpg","contentUrl":"https:\/\/miumjau.ee\/wp-content\/uploads\/2025\/08\/brit-premium-kassi-toit2.jpg","width":600,"height":800,"caption":"Brit Premium by Nature Cat Adult l\u00f5hega, 8 kg"},{"@type":"BreadcrumbList","@id":"https:\/\/miumjau.ee\/lt\/produktas\/brit-premium-by-nature-cat-adult-su-lasisa-8-kg\/#breadcrumb","itemListElement":[{"@type":"ListItem","position":1,"name":"Home","item":"https:\/\/miumjau.ee\/lt\/"},{"@type":"ListItem","position":2,"name":"Parduotuv\u0117","item":"https:\/\/miumjau.ee\/lt\/parduotuve\/"},{"@type":"ListItem","position":3,"name":"Brit Premium by Nature Cat Adult su la\u0161i\u0161a, 8 kg"}]},{"@type":"WebSite","@id":"https:\/\/miumjau.ee\/#website","url":"https:\/\/miumjau.ee\/","name":"MiuMjau","description":"Kraapimispuud kassidele","publisher":{"@id":"https:\/\/miumjau.ee\/#organization"},"potentialAction":[{"@type":"SearchAction","target":{"@type":"EntryPoint","urlTemplate":"https:\/\/miumjau.ee\/?s={search_term_string}"},"query-input":{"@type":"PropertyValueSpecification","valueRequired":true,"valueName":"search_term_string"}}],"inLanguage":"lt-LT"},{"@type":"Organization","@id":"https:\/\/miumjau.ee\/#organization","name":"MiuMjau O\u00dc","url":"https:\/\/miumjau.ee\/","logo":{"@type":"ImageObject","inLanguage":"lt-LT","@id":"https:\/\/miumjau.ee\/#\/schema\/logo\/image\/","url":"https:\/\/miumjau.ee\/wp-content\/uploads\/2022\/04\/MiuMjau-logo-kollane.png","contentUrl":"https:\/\/miumjau.ee\/wp-content\/uploads\/2022\/04\/MiuMjau-logo-kollane.png","width":219,"height":100,"caption":"MiuMjau O\u00dc"},"image":{"@id":"https:\/\/miumjau.ee\/#\/schema\/logo\/image\/"},"sameAs":["https:\/\/www.facebook.com\/miumjaupood\/"]}]}},"_links":{"self":[{"href":"https:\/\/miumjau.ee\/lt\/wp-json\/wp\/v2\/product\/47849","targetHints":{"allow":["GET"]}}],"collection":[{"href":"https:\/\/miumjau.ee\/lt\/wp-json\/wp\/v2\/product"}],"about":[{"href":"https:\/\/miumjau.ee\/lt\/wp-json\/wp\/v2\/types\/product"}],"wp:featuredmedia":[{"embeddable":true,"href":"https:\/\/miumjau.ee\/lt\/wp-json\/wp\/v2\/media\/43858"}],"wp:attachment":[{"href":"https:\/\/miumjau.ee\/lt\/wp-json\/wp\/v2\/media?parent=47849"}],"wp:term":[{"taxonomy":"product_brand","embeddable":true,"href":"https:\/\/miumjau.ee\/lt\/wp-json\/wp\/v2\/product_brand?post=47849"},{"taxonomy":"product_cat","embeddable":true,"href":"https:\/\/miumjau.ee\/lt\/wp-json\/wp\/v2\/product_cat?post=47849"},{"taxonomy":"product_tag","embeddable":true,"href":"https:\/\/miumjau.ee\/lt\/wp-json\/wp\/v2\/product_tag?post=47849"}],"curies":[{"name":"wp","href":"https:\/\/api.w.org\/{rel}","templated":true}]}}