{"id":47843,"date":"2025-08-26T13:30:57","date_gmt":"2025-08-26T10:30:57","guid":{"rendered":"https:\/\/miumjau.ee\/toode\/beaphar-salykline-pasta-nuo-gumuleliu-skrandyje-100-g\/"},"modified":"2026-01-07T20:45:51","modified_gmt":"2026-01-07T18:45:51","slug":"beaphar-salykline-pasta-nuo-gumuleliu-skrandyje-100-g","status":"publish","type":"product","link":"https:\/\/miumjau.ee\/lt\/produktas\/beaphar-salykline-pasta-nuo-gumuleliu-skrandyje-100-g\/","title":{"rendered":"Beaphar salyklin\u0117 pasta nuo gumul\u0117li\u0173 skrandyje 100 g"},"content":{"rendered":"","protected":false},"excerpt":{"rendered":"<p data-start=\"3590\" data-end=\"3911\">Beaphar salyklo pasta \u2013 tai specialus skan\u0117stas kasdieniam naudojimui. Salyklas padeda plauk\u0173 gumul\u0117liams lengviau jud\u0117ti per vir\u0161kinimo trakt\u0105. Vertingi aliejai ir riebalai suteikia kat\u0117ms reikalingos energijos. MOS (mannano oligosacharidai) palaiko sveik\u0105 \u017earnyno mikroflor\u0105, o kalcis svarbus dant\u0173 ir kaul\u0173 vystymuisi.<\/p>\n<p data-start=\"3913\" data-end=\"3939\"><strong data-start=\"3913\" data-end=\"3939\">\u0160\u0117rimo rekomendacijos:<\/strong><\/p>\n<p data-start=\"3941\" data-end=\"4021\">Ilgaplauk\u0117s kat\u0117s: duoti kasdien 6 cm pastos, ant \u0117dalo arba tiesiai i\u0161 t\u016bbel\u0117s.<\/p>\n<p data-start=\"4023\" data-end=\"4216\">Trumpaplauk\u0117s kat\u0117s: duoti kasdien 4 cm pastos, ant \u0117dalo arba tiesiai i\u0161 t\u016bbel\u0117s. Jei reikia, kiek\u012f galima padvigubinti. Laikyti v\u0117sioje vietoje. Visada u\u017etikrinti \u0161vie\u017eio vandens prieinamum\u0105.<\/p>\n<p data-start=\"4218\" data-end=\"4350\"><strong data-start=\"4218\" data-end=\"4230\">Sud\u0117tis:<\/strong> aliejai ir riebalai, pienas ir pieno produktai, augaliniai produktai, miel\u0117s, mineralai.<br data-start=\"4319\" data-end=\"4322\" \/><strong data-start=\"4322\" data-end=\"4334\">Priedai:<\/strong> antioksidantai.<\/p>\n<p data-start=\"4352\" data-end=\"4683\"><strong data-start=\"4352\" data-end=\"4374\">Analitin\u0117 sud\u0117tis:<\/strong> \u017ealias baltymas 12 %, \u017ealia l\u0105steliena 0,24 %, \u017eali riebalai 52 %, \u017eali pelenai 3,2 %, dr\u0117gm\u0117 3,7 %, energin\u0117 vert\u0117 5800 kcal\/kg, kalcis 0,4 %, fosforas 0,33 %, natris 0,35 %, magnis 0,033 %, kalis 0,5 %, laktoz\u0117 16 %, laisvieji cukr\u016bs 5,3 %, omega-6 riebal\u0173 r\u016bg\u0161tys 23,82 %, omega-3 riebal\u0173 r\u016bg\u0161tys 3,087 %.<\/p>\n","protected":false},"featured_media":43853,"template":"","meta":[],"product_brand":[],"product_cat":[879],"product_tag":[],"class_list":{"0":"post-47843","1":"product","2":"type-product","3":"status-publish","4":"has-post-thumbnail","6":"product_cat-vitaminai-ir-papildai-katems","8":"first","9":"instock","10":"taxable","11":"shipping-taxable","12":"purchasable","13":"product-type-simple"},"yoast_head":"<!-- This site is optimized with the Yoast SEO plugin v27.4 - https:\/\/yoast.com\/product\/yoast-seo-wordpress\/ -->\n<title>Beaphar salyklin\u0117 pasta nuo gumul\u0117li\u0173 skrandyje 100 g - MiuMjau<\/title>\n<meta name=\"robots\" content=\"index, follow, max-snippet:-1, max-image-preview:large, max-video-preview:-1\" \/>\n<link rel=\"canonical\" href=\"https:\/\/miumjau.ee\/lt\/produktas\/beaphar-salykline-pasta-nuo-gumuleliu-skrandyje-100-g\/\" \/>\n<meta property=\"og:locale\" content=\"lt_LT\" \/>\n<meta property=\"og:type\" content=\"article\" \/>\n<meta property=\"og:title\" content=\"Beaphar salyklin\u0117 pasta nuo gumul\u0117li\u0173 skrandyje 100 g - MiuMjau\" \/>\n<meta property=\"og:description\" content=\"Beaphar salyklo pasta \u2013 tai specialus skan\u0117stas kasdieniam naudojimui. Salyklas padeda plauk\u0173 gumul\u0117liams lengviau jud\u0117ti per vir\u0161kinimo trakt\u0105. Vertingi aliejai ir riebalai suteikia kat\u0117ms reikalingos energijos. MOS (mannano oligosacharidai) palaiko sveik\u0105 \u017earnyno mikroflor\u0105, o kalcis svarbus dant\u0173 ir kaul\u0173 vystymuisi. \u0160\u0117rimo rekomendacijos: Ilgaplauk\u0117s kat\u0117s: duoti kasdien 6 cm pastos, ant \u0117dalo arba tiesiai i\u0161 t\u016bbel\u0117s. Trumpaplauk\u0117s kat\u0117s: duoti kasdien 4 cm pastos, ant \u0117dalo arba tiesiai i\u0161 t\u016bbel\u0117s. Jei reikia, kiek\u012f galima padvigubinti. Laikyti v\u0117sioje vietoje. Visada u\u017etikrinti \u0161vie\u017eio vandens prieinamum\u0105. Sud\u0117tis: aliejai ir riebalai, pienas ir pieno produktai, augaliniai produktai, miel\u0117s, mineralai.Priedai: antioksidantai. Analitin\u0117 sud\u0117tis: \u017ealias baltymas 12 %, \u017ealia l\u0105steliena 0,24 %, \u017eali riebalai 52 %, \u017eali pelenai 3,2 %, dr\u0117gm\u0117 3,7 %, energin\u0117 vert\u0117 5800 kcal\/kg, kalcis 0,4 %, fosforas 0,33 %, natris 0,35 %, magnis 0,033 %, kalis 0,5 %, laktoz\u0117 16 %, laisvieji cukr\u016bs 5,3 %, omega-6 riebal\u0173 r\u016bg\u0161tys 23,82 %, omega-3 riebal\u0173 r\u016bg\u0161tys 3,087 %.\" \/>\n<meta property=\"og:url\" content=\"https:\/\/miumjau.ee\/lt\/produktas\/beaphar-salykline-pasta-nuo-gumuleliu-skrandyje-100-g\/\" \/>\n<meta property=\"og:site_name\" content=\"MiuMjau\" \/>\n<meta property=\"article:publisher\" content=\"https:\/\/www.facebook.com\/miumjaupood\/\" \/>\n<meta property=\"article:modified_time\" content=\"2026-01-07T18:45:51+00:00\" \/>\n<meta property=\"og:image\" content=\"https:\/\/miumjau.ee\/wp-content\/uploads\/2025\/08\/beaphar-maltoosi-pasta-100g.jpg\" \/>\n\t<meta property=\"og:image:width\" content=\"1200\" \/>\n\t<meta property=\"og:image:height\" content=\"1600\" \/>\n\t<meta property=\"og:image:type\" content=\"image\/jpeg\" \/>\n<meta name=\"twitter:card\" content=\"summary_large_image\" \/>\n<script type=\"application\/ld+json\" class=\"yoast-schema-graph\">{\"@context\":\"https:\\\/\\\/schema.org\",\"@graph\":[{\"@type\":\"WebPage\",\"@id\":\"https:\\\/\\\/miumjau.ee\\\/lt\\\/produktas\\\/beaphar-salykline-pasta-nuo-gumuleliu-skrandyje-100-g\\\/\",\"url\":\"https:\\\/\\\/miumjau.ee\\\/lt\\\/produktas\\\/beaphar-salykline-pasta-nuo-gumuleliu-skrandyje-100-g\\\/\",\"name\":\"Beaphar salyklin\u0117 pasta nuo gumul\u0117li\u0173 skrandyje 100 g - MiuMjau\",\"isPartOf\":{\"@id\":\"https:\\\/\\\/miumjau.ee\\\/#website\"},\"primaryImageOfPage\":{\"@id\":\"https:\\\/\\\/miumjau.ee\\\/lt\\\/produktas\\\/beaphar-salykline-pasta-nuo-gumuleliu-skrandyje-100-g\\\/#primaryimage\"},\"image\":{\"@id\":\"https:\\\/\\\/miumjau.ee\\\/lt\\\/produktas\\\/beaphar-salykline-pasta-nuo-gumuleliu-skrandyje-100-g\\\/#primaryimage\"},\"thumbnailUrl\":\"https:\\\/\\\/miumjau.ee\\\/wp-content\\\/uploads\\\/2025\\\/08\\\/beaphar-maltoosi-pasta-100g.jpg\",\"datePublished\":\"2025-08-26T10:30:57+00:00\",\"dateModified\":\"2026-01-07T18:45:51+00:00\",\"breadcrumb\":{\"@id\":\"https:\\\/\\\/miumjau.ee\\\/lt\\\/produktas\\\/beaphar-salykline-pasta-nuo-gumuleliu-skrandyje-100-g\\\/#breadcrumb\"},\"inLanguage\":\"lt-LT\",\"potentialAction\":[{\"@type\":\"ReadAction\",\"target\":[\"https:\\\/\\\/miumjau.ee\\\/lt\\\/produktas\\\/beaphar-salykline-pasta-nuo-gumuleliu-skrandyje-100-g\\\/\"]}]},{\"@type\":\"ImageObject\",\"inLanguage\":\"lt-LT\",\"@id\":\"https:\\\/\\\/miumjau.ee\\\/lt\\\/produktas\\\/beaphar-salykline-pasta-nuo-gumuleliu-skrandyje-100-g\\\/#primaryimage\",\"url\":\"https:\\\/\\\/miumjau.ee\\\/wp-content\\\/uploads\\\/2025\\\/08\\\/beaphar-maltoosi-pasta-100g.jpg\",\"contentUrl\":\"https:\\\/\\\/miumjau.ee\\\/wp-content\\\/uploads\\\/2025\\\/08\\\/beaphar-maltoosi-pasta-100g.jpg\",\"width\":1200,\"height\":1600,\"caption\":\"Beaphar maltoosipasta karvapallide vastu 100g\"},{\"@type\":\"BreadcrumbList\",\"@id\":\"https:\\\/\\\/miumjau.ee\\\/lt\\\/produktas\\\/beaphar-salykline-pasta-nuo-gumuleliu-skrandyje-100-g\\\/#breadcrumb\",\"itemListElement\":[{\"@type\":\"ListItem\",\"position\":1,\"name\":\"Home\",\"item\":\"https:\\\/\\\/miumjau.ee\\\/lt\\\/\"},{\"@type\":\"ListItem\",\"position\":2,\"name\":\"Parduotuv\u0117\",\"item\":\"https:\\\/\\\/miumjau.ee\\\/lt\\\/parduotuve\\\/\"},{\"@type\":\"ListItem\",\"position\":3,\"name\":\"Beaphar salyklin\u0117 pasta nuo gumul\u0117li\u0173 skrandyje 100 g\"}]},{\"@type\":\"WebSite\",\"@id\":\"https:\\\/\\\/miumjau.ee\\\/#website\",\"url\":\"https:\\\/\\\/miumjau.ee\\\/\",\"name\":\"MiuMjau\",\"description\":\"Kraapimispuud kassidele\",\"publisher\":{\"@id\":\"https:\\\/\\\/miumjau.ee\\\/#organization\"},\"potentialAction\":[{\"@type\":\"SearchAction\",\"target\":{\"@type\":\"EntryPoint\",\"urlTemplate\":\"https:\\\/\\\/miumjau.ee\\\/?s={search_term_string}\"},\"query-input\":{\"@type\":\"PropertyValueSpecification\",\"valueRequired\":true,\"valueName\":\"search_term_string\"}}],\"inLanguage\":\"lt-LT\"},{\"@type\":\"Organization\",\"@id\":\"https:\\\/\\\/miumjau.ee\\\/#organization\",\"name\":\"MiuMjau O\u00dc\",\"url\":\"https:\\\/\\\/miumjau.ee\\\/\",\"logo\":{\"@type\":\"ImageObject\",\"inLanguage\":\"lt-LT\",\"@id\":\"https:\\\/\\\/miumjau.ee\\\/#\\\/schema\\\/logo\\\/image\\\/\",\"url\":\"https:\\\/\\\/miumjau.ee\\\/wp-content\\\/uploads\\\/2022\\\/04\\\/MiuMjau-logo-kollane.png\",\"contentUrl\":\"https:\\\/\\\/miumjau.ee\\\/wp-content\\\/uploads\\\/2022\\\/04\\\/MiuMjau-logo-kollane.png\",\"width\":219,\"height\":100,\"caption\":\"MiuMjau O\u00dc\"},\"image\":{\"@id\":\"https:\\\/\\\/miumjau.ee\\\/#\\\/schema\\\/logo\\\/image\\\/\"},\"sameAs\":[\"https:\\\/\\\/www.facebook.com\\\/miumjaupood\\\/\"]}]}<\/script>\n<!-- \/ Yoast SEO plugin. -->","yoast_head_json":{"title":"Beaphar salyklin\u0117 pasta nuo gumul\u0117li\u0173 skrandyje 100 g - MiuMjau","robots":{"index":"index","follow":"follow","max-snippet":"max-snippet:-1","max-image-preview":"max-image-preview:large","max-video-preview":"max-video-preview:-1"},"canonical":"https:\/\/miumjau.ee\/lt\/produktas\/beaphar-salykline-pasta-nuo-gumuleliu-skrandyje-100-g\/","og_locale":"lt_LT","og_type":"article","og_title":"Beaphar salyklin\u0117 pasta nuo gumul\u0117li\u0173 skrandyje 100 g - MiuMjau","og_description":"Beaphar salyklo pasta \u2013 tai specialus skan\u0117stas kasdieniam naudojimui. Salyklas padeda plauk\u0173 gumul\u0117liams lengviau jud\u0117ti per vir\u0161kinimo trakt\u0105. Vertingi aliejai ir riebalai suteikia kat\u0117ms reikalingos energijos. MOS (mannano oligosacharidai) palaiko sveik\u0105 \u017earnyno mikroflor\u0105, o kalcis svarbus dant\u0173 ir kaul\u0173 vystymuisi. \u0160\u0117rimo rekomendacijos: Ilgaplauk\u0117s kat\u0117s: duoti kasdien 6 cm pastos, ant \u0117dalo arba tiesiai i\u0161 t\u016bbel\u0117s. Trumpaplauk\u0117s kat\u0117s: duoti kasdien 4 cm pastos, ant \u0117dalo arba tiesiai i\u0161 t\u016bbel\u0117s. Jei reikia, kiek\u012f galima padvigubinti. Laikyti v\u0117sioje vietoje. Visada u\u017etikrinti \u0161vie\u017eio vandens prieinamum\u0105. Sud\u0117tis: aliejai ir riebalai, pienas ir pieno produktai, augaliniai produktai, miel\u0117s, mineralai.Priedai: antioksidantai. Analitin\u0117 sud\u0117tis: \u017ealias baltymas 12 %, \u017ealia l\u0105steliena 0,24 %, \u017eali riebalai 52 %, \u017eali pelenai 3,2 %, dr\u0117gm\u0117 3,7 %, energin\u0117 vert\u0117 5800 kcal\/kg, kalcis 0,4 %, fosforas 0,33 %, natris 0,35 %, magnis 0,033 %, kalis 0,5 %, laktoz\u0117 16 %, laisvieji cukr\u016bs 5,3 %, omega-6 riebal\u0173 r\u016bg\u0161tys 23,82 %, omega-3 riebal\u0173 r\u016bg\u0161tys 3,087 %.","og_url":"https:\/\/miumjau.ee\/lt\/produktas\/beaphar-salykline-pasta-nuo-gumuleliu-skrandyje-100-g\/","og_site_name":"MiuMjau","article_publisher":"https:\/\/www.facebook.com\/miumjaupood\/","article_modified_time":"2026-01-07T18:45:51+00:00","og_image":[{"width":1200,"height":1600,"url":"https:\/\/miumjau.ee\/wp-content\/uploads\/2025\/08\/beaphar-maltoosi-pasta-100g.jpg","type":"image\/jpeg"}],"twitter_card":"summary_large_image","schema":{"@context":"https:\/\/schema.org","@graph":[{"@type":"WebPage","@id":"https:\/\/miumjau.ee\/lt\/produktas\/beaphar-salykline-pasta-nuo-gumuleliu-skrandyje-100-g\/","url":"https:\/\/miumjau.ee\/lt\/produktas\/beaphar-salykline-pasta-nuo-gumuleliu-skrandyje-100-g\/","name":"Beaphar salyklin\u0117 pasta nuo gumul\u0117li\u0173 skrandyje 100 g - MiuMjau","isPartOf":{"@id":"https:\/\/miumjau.ee\/#website"},"primaryImageOfPage":{"@id":"https:\/\/miumjau.ee\/lt\/produktas\/beaphar-salykline-pasta-nuo-gumuleliu-skrandyje-100-g\/#primaryimage"},"image":{"@id":"https:\/\/miumjau.ee\/lt\/produktas\/beaphar-salykline-pasta-nuo-gumuleliu-skrandyje-100-g\/#primaryimage"},"thumbnailUrl":"https:\/\/miumjau.ee\/wp-content\/uploads\/2025\/08\/beaphar-maltoosi-pasta-100g.jpg","datePublished":"2025-08-26T10:30:57+00:00","dateModified":"2026-01-07T18:45:51+00:00","breadcrumb":{"@id":"https:\/\/miumjau.ee\/lt\/produktas\/beaphar-salykline-pasta-nuo-gumuleliu-skrandyje-100-g\/#breadcrumb"},"inLanguage":"lt-LT","potentialAction":[{"@type":"ReadAction","target":["https:\/\/miumjau.ee\/lt\/produktas\/beaphar-salykline-pasta-nuo-gumuleliu-skrandyje-100-g\/"]}]},{"@type":"ImageObject","inLanguage":"lt-LT","@id":"https:\/\/miumjau.ee\/lt\/produktas\/beaphar-salykline-pasta-nuo-gumuleliu-skrandyje-100-g\/#primaryimage","url":"https:\/\/miumjau.ee\/wp-content\/uploads\/2025\/08\/beaphar-maltoosi-pasta-100g.jpg","contentUrl":"https:\/\/miumjau.ee\/wp-content\/uploads\/2025\/08\/beaphar-maltoosi-pasta-100g.jpg","width":1200,"height":1600,"caption":"Beaphar maltoosipasta karvapallide vastu 100g"},{"@type":"BreadcrumbList","@id":"https:\/\/miumjau.ee\/lt\/produktas\/beaphar-salykline-pasta-nuo-gumuleliu-skrandyje-100-g\/#breadcrumb","itemListElement":[{"@type":"ListItem","position":1,"name":"Home","item":"https:\/\/miumjau.ee\/lt\/"},{"@type":"ListItem","position":2,"name":"Parduotuv\u0117","item":"https:\/\/miumjau.ee\/lt\/parduotuve\/"},{"@type":"ListItem","position":3,"name":"Beaphar salyklin\u0117 pasta nuo gumul\u0117li\u0173 skrandyje 100 g"}]},{"@type":"WebSite","@id":"https:\/\/miumjau.ee\/#website","url":"https:\/\/miumjau.ee\/","name":"MiuMjau","description":"Kraapimispuud kassidele","publisher":{"@id":"https:\/\/miumjau.ee\/#organization"},"potentialAction":[{"@type":"SearchAction","target":{"@type":"EntryPoint","urlTemplate":"https:\/\/miumjau.ee\/?s={search_term_string}"},"query-input":{"@type":"PropertyValueSpecification","valueRequired":true,"valueName":"search_term_string"}}],"inLanguage":"lt-LT"},{"@type":"Organization","@id":"https:\/\/miumjau.ee\/#organization","name":"MiuMjau O\u00dc","url":"https:\/\/miumjau.ee\/","logo":{"@type":"ImageObject","inLanguage":"lt-LT","@id":"https:\/\/miumjau.ee\/#\/schema\/logo\/image\/","url":"https:\/\/miumjau.ee\/wp-content\/uploads\/2022\/04\/MiuMjau-logo-kollane.png","contentUrl":"https:\/\/miumjau.ee\/wp-content\/uploads\/2022\/04\/MiuMjau-logo-kollane.png","width":219,"height":100,"caption":"MiuMjau O\u00dc"},"image":{"@id":"https:\/\/miumjau.ee\/#\/schema\/logo\/image\/"},"sameAs":["https:\/\/www.facebook.com\/miumjaupood\/"]}]}},"_links":{"self":[{"href":"https:\/\/miumjau.ee\/lt\/wp-json\/wp\/v2\/product\/47843","targetHints":{"allow":["GET"]}}],"collection":[{"href":"https:\/\/miumjau.ee\/lt\/wp-json\/wp\/v2\/product"}],"about":[{"href":"https:\/\/miumjau.ee\/lt\/wp-json\/wp\/v2\/types\/product"}],"wp:featuredmedia":[{"embeddable":true,"href":"https:\/\/miumjau.ee\/lt\/wp-json\/wp\/v2\/media\/43853"}],"wp:attachment":[{"href":"https:\/\/miumjau.ee\/lt\/wp-json\/wp\/v2\/media?parent=47843"}],"wp:term":[{"taxonomy":"product_brand","embeddable":true,"href":"https:\/\/miumjau.ee\/lt\/wp-json\/wp\/v2\/product_brand?post=47843"},{"taxonomy":"product_cat","embeddable":true,"href":"https:\/\/miumjau.ee\/lt\/wp-json\/wp\/v2\/product_cat?post=47843"},{"taxonomy":"product_tag","embeddable":true,"href":"https:\/\/miumjau.ee\/lt\/wp-json\/wp\/v2\/product_tag?post=47843"}],"curies":[{"name":"wp","href":"https:\/\/api.w.org\/{rel}","templated":true}]}}