{"id":47839,"date":"2025-08-26T13:26:50","date_gmt":"2025-08-26T10:26:50","guid":{"rendered":"https:\/\/miumjau.ee\/toode\/beaphar-vitamino-b-kompleksas-50-ml\/"},"modified":"2026-01-07T20:45:51","modified_gmt":"2026-01-07T18:45:51","slug":"beaphar-vitamino-b-kompleksas-50-ml","status":"publish","type":"product","link":"https:\/\/miumjau.ee\/lt\/produktas\/beaphar-vitamino-b-kompleksas-50-ml\/","title":{"rendered":"Beaphar vitamino B kompleksas, 50 ml"},"content":{"rendered":"","protected":false},"excerpt":{"rendered":"<p data-start=\"3675\" data-end=\"3986\">VITAMIN B COMPLEX \u2013 B grup\u0117s vitamin\u0173 kompleksas kat\u0117ms, \u0161unims, pauk\u0161\u010diams ir grau\u017eikams. B grup\u0117s vitamin\u0173 tr\u016bkumas gali sukelti med\u017eiag\u0173 apykaitos sutrikimus, odos ir kailio problemas. Preparatas padeda i\u0161vengti vitamin\u0173 tr\u016bkumo ir stiprina nat\u016brali\u0105 imunin\u0119 sistem\u0105 \u0161unims, kat\u0117ms, pauk\u0161\u010diams ir grau\u017eikams.<\/p>\n<p data-start=\"3988\" data-end=\"4023\"><strong data-start=\"3988\" data-end=\"4000\">Sud\u0117tis:<\/strong> vanduo, cukrus, medus.<\/p>\n<p data-start=\"4025\" data-end=\"4118\"><strong data-start=\"4025\" data-end=\"4047\">Analitin\u0117 sud\u0117tis:<\/strong> baltymai 0,9%; riebalai 0%; pelenai 0,08%; skaidulos 0%; dr\u0117gm\u0117 63,7%.<\/p>\n<p data-start=\"4120\" data-end=\"4332\"><strong data-start=\"4120\" data-end=\"4141\">Priedai 1 litrui:<\/strong> vitaminas B1 260 mg; vitaminas B2 660 mg; kalcio pantotenatas 2600 mg; nikotinamidas 5700 mg; vitaminas B6 380 mg; vitaminas B12 6800 \u00b5g. Sud\u0117tyje yra ES leid\u017eiam\u0173 konservant\u0173 ir emulsikli\u0173.<\/p>\n<p data-start=\"4334\" data-end=\"4694\"><strong data-start=\"4334\" data-end=\"4349\">Vartojimas:<\/strong> Prie\u0161 naudojim\u0105 suplakti. D\u0117ti \u012f pa\u0161ar\u0105 arba geriam\u0105j\u012f vanden\u012f.<br data-start=\"4413\" data-end=\"4416\" \/>\u0160unys: ma\u017e\u0173 veisli\u0173 \u2013 10 la\u0161\u0173 (1\/2 a.\u0161.); vidutini\u0173 \u2013 20 la\u0161\u0173 (1 a.\u0161.); dideli\u0173 \u2013 40 la\u0161\u0173 (2 a.\u0161.) kart\u0105 per dien\u0105.<br data-start=\"4531\" data-end=\"4534\" \/>Kat\u0117s: 10 la\u0161\u0173 (1\/2 a.\u0161.) kart\u0105 per dien\u0105.<br data-start=\"4576\" data-end=\"4579\" \/>Narvuose laikomi pauk\u0161\u010diai, pa\u0161to baland\u017eiai ir smulk\u016bs grau\u017eikai: 6\u20138 la\u0161ai vienam gyv\u016bnui 2\u20133 kartus per savait\u0119.<\/p>\n<p data-start=\"4696\" data-end=\"4821\"><strong data-start=\"4696\" data-end=\"4709\">Laikymas:<\/strong> Atidarius laikyti \u0161aldytuve. Galiojimas: \u017er. ant pakuot\u0117s.<br data-start=\"4768\" data-end=\"4771\" \/><strong data-start=\"4771\" data-end=\"4786\">Gamintojas:<\/strong> Beaphar B.V., Raalte, Nyderlandai.<\/p>\n","protected":false},"featured_media":43855,"template":"","meta":[],"product_brand":[],"product_cat":[871,879],"product_tag":[],"class_list":{"0":"post-47839","1":"product","2":"type-product","3":"status-publish","4":"has-post-thumbnail","6":"product_cat-maisto-papildai-sunims","7":"product_cat-vitaminai-ir-papildai-katems","9":"first","10":"instock","11":"sale","12":"taxable","13":"shipping-taxable","14":"purchasable","15":"product-type-simple"},"yoast_head":"<!-- This site is optimized with the Yoast SEO plugin v27.4 - https:\/\/yoast.com\/product\/yoast-seo-wordpress\/ -->\n<title>Beaphar vitamino B kompleksas, 50 ml - MiuMjau<\/title>\n<meta name=\"robots\" content=\"index, follow, max-snippet:-1, max-image-preview:large, max-video-preview:-1\" \/>\n<link rel=\"canonical\" href=\"https:\/\/miumjau.ee\/lt\/produktas\/beaphar-vitamino-b-kompleksas-50-ml\/\" \/>\n<meta property=\"og:locale\" content=\"lt_LT\" \/>\n<meta property=\"og:type\" content=\"article\" \/>\n<meta property=\"og:title\" content=\"Beaphar vitamino B kompleksas, 50 ml - MiuMjau\" \/>\n<meta property=\"og:description\" content=\"VITAMIN B COMPLEX \u2013 B grup\u0117s vitamin\u0173 kompleksas kat\u0117ms, \u0161unims, pauk\u0161\u010diams ir grau\u017eikams. B grup\u0117s vitamin\u0173 tr\u016bkumas gali sukelti med\u017eiag\u0173 apykaitos sutrikimus, odos ir kailio problemas. Preparatas padeda i\u0161vengti vitamin\u0173 tr\u016bkumo ir stiprina nat\u016brali\u0105 imunin\u0119 sistem\u0105 \u0161unims, kat\u0117ms, pauk\u0161\u010diams ir grau\u017eikams. Sud\u0117tis: vanduo, cukrus, medus. Analitin\u0117 sud\u0117tis: baltymai 0,9%; riebalai 0%; pelenai 0,08%; skaidulos 0%; dr\u0117gm\u0117 63,7%. Priedai 1 litrui: vitaminas B1 260 mg; vitaminas B2 660 mg; kalcio pantotenatas 2600 mg; nikotinamidas 5700 mg; vitaminas B6 380 mg; vitaminas B12 6800 \u00b5g. Sud\u0117tyje yra ES leid\u017eiam\u0173 konservant\u0173 ir emulsikli\u0173. Vartojimas: Prie\u0161 naudojim\u0105 suplakti. D\u0117ti \u012f pa\u0161ar\u0105 arba geriam\u0105j\u012f vanden\u012f.\u0160unys: ma\u017e\u0173 veisli\u0173 \u2013 10 la\u0161\u0173 (1\/2 a.\u0161.); vidutini\u0173 \u2013 20 la\u0161\u0173 (1 a.\u0161.); dideli\u0173 \u2013 40 la\u0161\u0173 (2 a.\u0161.) kart\u0105 per dien\u0105.Kat\u0117s: 10 la\u0161\u0173 (1\/2 a.\u0161.) kart\u0105 per dien\u0105.Narvuose laikomi pauk\u0161\u010diai, pa\u0161to baland\u017eiai ir smulk\u016bs grau\u017eikai: 6\u20138 la\u0161ai vienam gyv\u016bnui 2\u20133 kartus per savait\u0119. Laikymas: Atidarius laikyti \u0161aldytuve. Galiojimas: \u017er. ant pakuot\u0117s.Gamintojas: Beaphar B.V., Raalte, Nyderlandai.\" \/>\n<meta property=\"og:url\" content=\"https:\/\/miumjau.ee\/lt\/produktas\/beaphar-vitamino-b-kompleksas-50-ml\/\" \/>\n<meta property=\"og:site_name\" content=\"MiuMjau\" \/>\n<meta property=\"article:publisher\" content=\"https:\/\/www.facebook.com\/miumjaupood\/\" \/>\n<meta property=\"article:modified_time\" content=\"2026-01-07T18:45:51+00:00\" \/>\n<meta property=\"og:image\" content=\"https:\/\/miumjau.ee\/wp-content\/uploads\/2025\/08\/beaphar-vitamiin-b-50ml.jpg\" \/>\n\t<meta property=\"og:image:width\" content=\"1200\" \/>\n\t<meta property=\"og:image:height\" content=\"1600\" \/>\n\t<meta property=\"og:image:type\" content=\"image\/jpeg\" \/>\n<meta name=\"twitter:card\" content=\"summary_large_image\" \/>\n<script type=\"application\/ld+json\" class=\"yoast-schema-graph\">{\"@context\":\"https:\\\/\\\/schema.org\",\"@graph\":[{\"@type\":\"WebPage\",\"@id\":\"https:\\\/\\\/miumjau.ee\\\/lt\\\/produktas\\\/beaphar-vitamino-b-kompleksas-50-ml\\\/\",\"url\":\"https:\\\/\\\/miumjau.ee\\\/lt\\\/produktas\\\/beaphar-vitamino-b-kompleksas-50-ml\\\/\",\"name\":\"Beaphar vitamino B kompleksas, 50 ml - MiuMjau\",\"isPartOf\":{\"@id\":\"https:\\\/\\\/miumjau.ee\\\/#website\"},\"primaryImageOfPage\":{\"@id\":\"https:\\\/\\\/miumjau.ee\\\/lt\\\/produktas\\\/beaphar-vitamino-b-kompleksas-50-ml\\\/#primaryimage\"},\"image\":{\"@id\":\"https:\\\/\\\/miumjau.ee\\\/lt\\\/produktas\\\/beaphar-vitamino-b-kompleksas-50-ml\\\/#primaryimage\"},\"thumbnailUrl\":\"https:\\\/\\\/miumjau.ee\\\/wp-content\\\/uploads\\\/2025\\\/08\\\/beaphar-vitamiin-b-50ml.jpg\",\"datePublished\":\"2025-08-26T10:26:50+00:00\",\"dateModified\":\"2026-01-07T18:45:51+00:00\",\"breadcrumb\":{\"@id\":\"https:\\\/\\\/miumjau.ee\\\/lt\\\/produktas\\\/beaphar-vitamino-b-kompleksas-50-ml\\\/#breadcrumb\"},\"inLanguage\":\"lt-LT\",\"potentialAction\":[{\"@type\":\"ReadAction\",\"target\":[\"https:\\\/\\\/miumjau.ee\\\/lt\\\/produktas\\\/beaphar-vitamino-b-kompleksas-50-ml\\\/\"]}]},{\"@type\":\"ImageObject\",\"inLanguage\":\"lt-LT\",\"@id\":\"https:\\\/\\\/miumjau.ee\\\/lt\\\/produktas\\\/beaphar-vitamino-b-kompleksas-50-ml\\\/#primaryimage\",\"url\":\"https:\\\/\\\/miumjau.ee\\\/wp-content\\\/uploads\\\/2025\\\/08\\\/beaphar-vitamiin-b-50ml.jpg\",\"contentUrl\":\"https:\\\/\\\/miumjau.ee\\\/wp-content\\\/uploads\\\/2025\\\/08\\\/beaphar-vitamiin-b-50ml.jpg\",\"width\":1200,\"height\":1600,\"caption\":\"Beaphar vitamiin B kompleks, 50ml\"},{\"@type\":\"BreadcrumbList\",\"@id\":\"https:\\\/\\\/miumjau.ee\\\/lt\\\/produktas\\\/beaphar-vitamino-b-kompleksas-50-ml\\\/#breadcrumb\",\"itemListElement\":[{\"@type\":\"ListItem\",\"position\":1,\"name\":\"Home\",\"item\":\"https:\\\/\\\/miumjau.ee\\\/lt\\\/\"},{\"@type\":\"ListItem\",\"position\":2,\"name\":\"Parduotuv\u0117\",\"item\":\"https:\\\/\\\/miumjau.ee\\\/lt\\\/parduotuve\\\/\"},{\"@type\":\"ListItem\",\"position\":3,\"name\":\"Beaphar vitamino B kompleksas, 50 ml\"}]},{\"@type\":\"WebSite\",\"@id\":\"https:\\\/\\\/miumjau.ee\\\/#website\",\"url\":\"https:\\\/\\\/miumjau.ee\\\/\",\"name\":\"MiuMjau\",\"description\":\"Kraapimispuud kassidele\",\"publisher\":{\"@id\":\"https:\\\/\\\/miumjau.ee\\\/#organization\"},\"potentialAction\":[{\"@type\":\"SearchAction\",\"target\":{\"@type\":\"EntryPoint\",\"urlTemplate\":\"https:\\\/\\\/miumjau.ee\\\/?s={search_term_string}\"},\"query-input\":{\"@type\":\"PropertyValueSpecification\",\"valueRequired\":true,\"valueName\":\"search_term_string\"}}],\"inLanguage\":\"lt-LT\"},{\"@type\":\"Organization\",\"@id\":\"https:\\\/\\\/miumjau.ee\\\/#organization\",\"name\":\"MiuMjau O\u00dc\",\"url\":\"https:\\\/\\\/miumjau.ee\\\/\",\"logo\":{\"@type\":\"ImageObject\",\"inLanguage\":\"lt-LT\",\"@id\":\"https:\\\/\\\/miumjau.ee\\\/#\\\/schema\\\/logo\\\/image\\\/\",\"url\":\"https:\\\/\\\/miumjau.ee\\\/wp-content\\\/uploads\\\/2022\\\/04\\\/MiuMjau-logo-kollane.png\",\"contentUrl\":\"https:\\\/\\\/miumjau.ee\\\/wp-content\\\/uploads\\\/2022\\\/04\\\/MiuMjau-logo-kollane.png\",\"width\":219,\"height\":100,\"caption\":\"MiuMjau O\u00dc\"},\"image\":{\"@id\":\"https:\\\/\\\/miumjau.ee\\\/#\\\/schema\\\/logo\\\/image\\\/\"},\"sameAs\":[\"https:\\\/\\\/www.facebook.com\\\/miumjaupood\\\/\"]}]}<\/script>\n<!-- \/ Yoast SEO plugin. -->","yoast_head_json":{"title":"Beaphar vitamino B kompleksas, 50 ml - MiuMjau","robots":{"index":"index","follow":"follow","max-snippet":"max-snippet:-1","max-image-preview":"max-image-preview:large","max-video-preview":"max-video-preview:-1"},"canonical":"https:\/\/miumjau.ee\/lt\/produktas\/beaphar-vitamino-b-kompleksas-50-ml\/","og_locale":"lt_LT","og_type":"article","og_title":"Beaphar vitamino B kompleksas, 50 ml - MiuMjau","og_description":"VITAMIN B COMPLEX \u2013 B grup\u0117s vitamin\u0173 kompleksas kat\u0117ms, \u0161unims, pauk\u0161\u010diams ir grau\u017eikams. B grup\u0117s vitamin\u0173 tr\u016bkumas gali sukelti med\u017eiag\u0173 apykaitos sutrikimus, odos ir kailio problemas. Preparatas padeda i\u0161vengti vitamin\u0173 tr\u016bkumo ir stiprina nat\u016brali\u0105 imunin\u0119 sistem\u0105 \u0161unims, kat\u0117ms, pauk\u0161\u010diams ir grau\u017eikams. Sud\u0117tis: vanduo, cukrus, medus. Analitin\u0117 sud\u0117tis: baltymai 0,9%; riebalai 0%; pelenai 0,08%; skaidulos 0%; dr\u0117gm\u0117 63,7%. Priedai 1 litrui: vitaminas B1 260 mg; vitaminas B2 660 mg; kalcio pantotenatas 2600 mg; nikotinamidas 5700 mg; vitaminas B6 380 mg; vitaminas B12 6800 \u00b5g. Sud\u0117tyje yra ES leid\u017eiam\u0173 konservant\u0173 ir emulsikli\u0173. Vartojimas: Prie\u0161 naudojim\u0105 suplakti. D\u0117ti \u012f pa\u0161ar\u0105 arba geriam\u0105j\u012f vanden\u012f.\u0160unys: ma\u017e\u0173 veisli\u0173 \u2013 10 la\u0161\u0173 (1\/2 a.\u0161.); vidutini\u0173 \u2013 20 la\u0161\u0173 (1 a.\u0161.); dideli\u0173 \u2013 40 la\u0161\u0173 (2 a.\u0161.) kart\u0105 per dien\u0105.Kat\u0117s: 10 la\u0161\u0173 (1\/2 a.\u0161.) kart\u0105 per dien\u0105.Narvuose laikomi pauk\u0161\u010diai, pa\u0161to baland\u017eiai ir smulk\u016bs grau\u017eikai: 6\u20138 la\u0161ai vienam gyv\u016bnui 2\u20133 kartus per savait\u0119. Laikymas: Atidarius laikyti \u0161aldytuve. Galiojimas: \u017er. ant pakuot\u0117s.Gamintojas: Beaphar B.V., Raalte, Nyderlandai.","og_url":"https:\/\/miumjau.ee\/lt\/produktas\/beaphar-vitamino-b-kompleksas-50-ml\/","og_site_name":"MiuMjau","article_publisher":"https:\/\/www.facebook.com\/miumjaupood\/","article_modified_time":"2026-01-07T18:45:51+00:00","og_image":[{"width":1200,"height":1600,"url":"https:\/\/miumjau.ee\/wp-content\/uploads\/2025\/08\/beaphar-vitamiin-b-50ml.jpg","type":"image\/jpeg"}],"twitter_card":"summary_large_image","schema":{"@context":"https:\/\/schema.org","@graph":[{"@type":"WebPage","@id":"https:\/\/miumjau.ee\/lt\/produktas\/beaphar-vitamino-b-kompleksas-50-ml\/","url":"https:\/\/miumjau.ee\/lt\/produktas\/beaphar-vitamino-b-kompleksas-50-ml\/","name":"Beaphar vitamino B kompleksas, 50 ml - MiuMjau","isPartOf":{"@id":"https:\/\/miumjau.ee\/#website"},"primaryImageOfPage":{"@id":"https:\/\/miumjau.ee\/lt\/produktas\/beaphar-vitamino-b-kompleksas-50-ml\/#primaryimage"},"image":{"@id":"https:\/\/miumjau.ee\/lt\/produktas\/beaphar-vitamino-b-kompleksas-50-ml\/#primaryimage"},"thumbnailUrl":"https:\/\/miumjau.ee\/wp-content\/uploads\/2025\/08\/beaphar-vitamiin-b-50ml.jpg","datePublished":"2025-08-26T10:26:50+00:00","dateModified":"2026-01-07T18:45:51+00:00","breadcrumb":{"@id":"https:\/\/miumjau.ee\/lt\/produktas\/beaphar-vitamino-b-kompleksas-50-ml\/#breadcrumb"},"inLanguage":"lt-LT","potentialAction":[{"@type":"ReadAction","target":["https:\/\/miumjau.ee\/lt\/produktas\/beaphar-vitamino-b-kompleksas-50-ml\/"]}]},{"@type":"ImageObject","inLanguage":"lt-LT","@id":"https:\/\/miumjau.ee\/lt\/produktas\/beaphar-vitamino-b-kompleksas-50-ml\/#primaryimage","url":"https:\/\/miumjau.ee\/wp-content\/uploads\/2025\/08\/beaphar-vitamiin-b-50ml.jpg","contentUrl":"https:\/\/miumjau.ee\/wp-content\/uploads\/2025\/08\/beaphar-vitamiin-b-50ml.jpg","width":1200,"height":1600,"caption":"Beaphar vitamiin B kompleks, 50ml"},{"@type":"BreadcrumbList","@id":"https:\/\/miumjau.ee\/lt\/produktas\/beaphar-vitamino-b-kompleksas-50-ml\/#breadcrumb","itemListElement":[{"@type":"ListItem","position":1,"name":"Home","item":"https:\/\/miumjau.ee\/lt\/"},{"@type":"ListItem","position":2,"name":"Parduotuv\u0117","item":"https:\/\/miumjau.ee\/lt\/parduotuve\/"},{"@type":"ListItem","position":3,"name":"Beaphar vitamino B kompleksas, 50 ml"}]},{"@type":"WebSite","@id":"https:\/\/miumjau.ee\/#website","url":"https:\/\/miumjau.ee\/","name":"MiuMjau","description":"Kraapimispuud kassidele","publisher":{"@id":"https:\/\/miumjau.ee\/#organization"},"potentialAction":[{"@type":"SearchAction","target":{"@type":"EntryPoint","urlTemplate":"https:\/\/miumjau.ee\/?s={search_term_string}"},"query-input":{"@type":"PropertyValueSpecification","valueRequired":true,"valueName":"search_term_string"}}],"inLanguage":"lt-LT"},{"@type":"Organization","@id":"https:\/\/miumjau.ee\/#organization","name":"MiuMjau O\u00dc","url":"https:\/\/miumjau.ee\/","logo":{"@type":"ImageObject","inLanguage":"lt-LT","@id":"https:\/\/miumjau.ee\/#\/schema\/logo\/image\/","url":"https:\/\/miumjau.ee\/wp-content\/uploads\/2022\/04\/MiuMjau-logo-kollane.png","contentUrl":"https:\/\/miumjau.ee\/wp-content\/uploads\/2022\/04\/MiuMjau-logo-kollane.png","width":219,"height":100,"caption":"MiuMjau O\u00dc"},"image":{"@id":"https:\/\/miumjau.ee\/#\/schema\/logo\/image\/"},"sameAs":["https:\/\/www.facebook.com\/miumjaupood\/"]}]}},"_links":{"self":[{"href":"https:\/\/miumjau.ee\/lt\/wp-json\/wp\/v2\/product\/47839","targetHints":{"allow":["GET"]}}],"collection":[{"href":"https:\/\/miumjau.ee\/lt\/wp-json\/wp\/v2\/product"}],"about":[{"href":"https:\/\/miumjau.ee\/lt\/wp-json\/wp\/v2\/types\/product"}],"wp:featuredmedia":[{"embeddable":true,"href":"https:\/\/miumjau.ee\/lt\/wp-json\/wp\/v2\/media\/43855"}],"wp:attachment":[{"href":"https:\/\/miumjau.ee\/lt\/wp-json\/wp\/v2\/media?parent=47839"}],"wp:term":[{"taxonomy":"product_brand","embeddable":true,"href":"https:\/\/miumjau.ee\/lt\/wp-json\/wp\/v2\/product_brand?post=47839"},{"taxonomy":"product_cat","embeddable":true,"href":"https:\/\/miumjau.ee\/lt\/wp-json\/wp\/v2\/product_cat?post=47839"},{"taxonomy":"product_tag","embeddable":true,"href":"https:\/\/miumjau.ee\/lt\/wp-json\/wp\/v2\/product_tag?post=47839"}],"curies":[{"name":"wp","href":"https:\/\/api.w.org\/{rel}","templated":true}]}}