{"id":47833,"date":"2025-09-03T09:46:05","date_gmt":"2025-09-03T06:46:05","guid":{"rendered":"https:\/\/miumjau.ee\/toode\/draskykle-maine-90-deluxe-off-white\/"},"modified":"2026-01-07T20:45:51","modified_gmt":"2026-01-07T18:45:51","slug":"draskykle-maine-90-deluxe-off-white","status":"publish","type":"product","link":"https:\/\/miumjau.ee\/lt\/produktas\/draskykle-maine-90-deluxe-off-white\/","title":{"rendered":"Draskykl\u0117 Maine 90 Deluxe, off white"},"content":{"rendered":"","protected":false},"excerpt":{"rendered":"<p data-start=\"1015\" data-end=\"1357\">Maine Deluxe yra stabilus, stilingas ir puikus draskymo stulpas \u2013 dar prabangesnis nei jo pirmtakas. Kat\u0117ms skirtas draskymo baldas si\u016blomas dviej\u0173 nauj\u0173, mading\u0173 spalv\u0173, o be draskymo jis suteikia ir \u017eaidimo d\u017eiaugsmo. Komplekte yra ypatingas \u017eaislas \u2013 Funky Rebel: mink\u0161tas pliu\u0161inis kamuoliukas su dviem plunksnomis ir skamban\u010diu varpeliu.<\/p>\n<p data-start=\"1359\" data-end=\"1669\">\u0160is draskymo stulpas pagamintas i\u0161 patvari\u0173 med\u017eiag\u0173, kurios atsparios intensyviam naudojimui. Klasikinis dizainas tinka bet kokiam interjerui, o kompakti\u0161kas dydis leid\u017eia j\u012f pastatyti bet kuriame kambaryje. Tinka visoms kat\u0117ms, nepriklausomai nuo am\u017eiaus ar veisl\u0117s, ir puikiai papildo didesn\u0119 ka\u010di\u0173 laipyn\u0119.<\/p>\n<p data-start=\"1671\" data-end=\"1692\"><strong data-start=\"1671\" data-end=\"1692\">Produkto savyb\u0117s:<\/strong><\/p>\n<ul data-start=\"1694\" data-end=\"1880\">\n<li data-start=\"1694\" data-end=\"1751\">\n<p data-start=\"1696\" data-end=\"1751\">I\u0161matavimai: ilgis 40 cm, plotis 40 cm, auk\u0161tis 90 cm<\/p>\n<\/li>\n<li data-start=\"1752\" data-end=\"1794\">\n<p data-start=\"1754\" data-end=\"1794\">Tinka visoms kat\u0117ms, bet kokio am\u017eiaus<\/p>\n<\/li>\n<li data-start=\"1795\" data-end=\"1828\">\n<p data-start=\"1797\" data-end=\"1828\">Kompakti\u0161kas, ta\u010diau patvarus<\/p>\n<\/li>\n<li data-start=\"1829\" data-end=\"1880\">\n<p data-start=\"1831\" data-end=\"1880\">Gra\u017eus ir prabangus dizainas madingomis spalvomis<\/p>\n<\/li>\n<\/ul>\n","protected":false},"featured_media":47834,"template":"","meta":[],"product_brand":[],"product_cat":[516],"product_tag":[],"class_list":{"0":"post-47833","1":"product","2":"type-product","3":"status-publish","4":"has-post-thumbnail","6":"product_cat-mazi-draskymo-medziai-petrebels","7":"product_shipping_class-pakiautomaati-sobimatu-lt","9":"first","10":"instock","11":"taxable","12":"shipping-taxable","13":"purchasable","14":"product-type-simple"},"yoast_head":"<!-- This site is optimized with the Yoast SEO plugin v27.4 - https:\/\/yoast.com\/product\/yoast-seo-wordpress\/ -->\n<title>Draskykl\u0117 Maine 90 Deluxe, off white - MiuMjau<\/title>\n<meta name=\"robots\" content=\"index, follow, max-snippet:-1, max-image-preview:large, max-video-preview:-1\" \/>\n<link rel=\"canonical\" href=\"https:\/\/miumjau.ee\/lt\/produktas\/draskykle-maine-90-deluxe-off-white\/\" \/>\n<meta property=\"og:locale\" content=\"lt_LT\" \/>\n<meta property=\"og:type\" content=\"article\" \/>\n<meta property=\"og:title\" content=\"Draskykl\u0117 Maine 90 Deluxe, off white - MiuMjau\" \/>\n<meta property=\"og:description\" content=\"Maine Deluxe yra stabilus, stilingas ir puikus draskymo stulpas \u2013 dar prabangesnis nei jo pirmtakas. Kat\u0117ms skirtas draskymo baldas si\u016blomas dviej\u0173 nauj\u0173, mading\u0173 spalv\u0173, o be draskymo jis suteikia ir \u017eaidimo d\u017eiaugsmo. Komplekte yra ypatingas \u017eaislas \u2013 Funky Rebel: mink\u0161tas pliu\u0161inis kamuoliukas su dviem plunksnomis ir skamban\u010diu varpeliu. \u0160is draskymo stulpas pagamintas i\u0161 patvari\u0173 med\u017eiag\u0173, kurios atsparios intensyviam naudojimui. Klasikinis dizainas tinka bet kokiam interjerui, o kompakti\u0161kas dydis leid\u017eia j\u012f pastatyti bet kuriame kambaryje. Tinka visoms kat\u0117ms, nepriklausomai nuo am\u017eiaus ar veisl\u0117s, ir puikiai papildo didesn\u0119 ka\u010di\u0173 laipyn\u0119. Produkto savyb\u0117s:     I\u0161matavimai: ilgis 40 cm, plotis 40 cm, auk\u0161tis 90 cm    Tinka visoms kat\u0117ms, bet kokio am\u017eiaus    Kompakti\u0161kas, ta\u010diau patvarus    Gra\u017eus ir prabangus dizainas madingomis spalvomis\" \/>\n<meta property=\"og:url\" content=\"https:\/\/miumjau.ee\/lt\/produktas\/draskykle-maine-90-deluxe-off-white\/\" \/>\n<meta property=\"og:site_name\" content=\"MiuMjau\" \/>\n<meta property=\"article:publisher\" content=\"https:\/\/www.facebook.com\/miumjaupood\/\" \/>\n<meta property=\"article:modified_time\" content=\"2026-01-07T18:45:51+00:00\" \/>\n<meta property=\"og:image\" content=\"https:\/\/miumjau.ee\/wp-content\/uploads\/2025\/09\/kraapimispost-maine90-deluxe2.jpg\" \/>\n\t<meta property=\"og:image:width\" content=\"600\" \/>\n\t<meta property=\"og:image:height\" content=\"800\" \/>\n\t<meta property=\"og:image:type\" content=\"image\/jpeg\" \/>\n<meta name=\"twitter:card\" content=\"summary_large_image\" \/>\n<script type=\"application\/ld+json\" class=\"yoast-schema-graph\">{\"@context\":\"https:\\\/\\\/schema.org\",\"@graph\":[{\"@type\":\"WebPage\",\"@id\":\"https:\\\/\\\/miumjau.ee\\\/lt\\\/produktas\\\/draskykle-maine-90-deluxe-off-white\\\/\",\"url\":\"https:\\\/\\\/miumjau.ee\\\/lt\\\/produktas\\\/draskykle-maine-90-deluxe-off-white\\\/\",\"name\":\"Draskykl\u0117 Maine 90 Deluxe, off white - MiuMjau\",\"isPartOf\":{\"@id\":\"https:\\\/\\\/miumjau.ee\\\/#website\"},\"primaryImageOfPage\":{\"@id\":\"https:\\\/\\\/miumjau.ee\\\/lt\\\/produktas\\\/draskykle-maine-90-deluxe-off-white\\\/#primaryimage\"},\"image\":{\"@id\":\"https:\\\/\\\/miumjau.ee\\\/lt\\\/produktas\\\/draskykle-maine-90-deluxe-off-white\\\/#primaryimage\"},\"thumbnailUrl\":\"https:\\\/\\\/miumjau.ee\\\/wp-content\\\/uploads\\\/2025\\\/09\\\/kraapimispost-maine90-deluxe2.jpg\",\"datePublished\":\"2025-09-03T06:46:05+00:00\",\"dateModified\":\"2026-01-07T18:45:51+00:00\",\"breadcrumb\":{\"@id\":\"https:\\\/\\\/miumjau.ee\\\/lt\\\/produktas\\\/draskykle-maine-90-deluxe-off-white\\\/#breadcrumb\"},\"inLanguage\":\"lt-LT\",\"potentialAction\":[{\"@type\":\"ReadAction\",\"target\":[\"https:\\\/\\\/miumjau.ee\\\/lt\\\/produktas\\\/draskykle-maine-90-deluxe-off-white\\\/\"]}]},{\"@type\":\"ImageObject\",\"inLanguage\":\"lt-LT\",\"@id\":\"https:\\\/\\\/miumjau.ee\\\/lt\\\/produktas\\\/draskykle-maine-90-deluxe-off-white\\\/#primaryimage\",\"url\":\"https:\\\/\\\/miumjau.ee\\\/wp-content\\\/uploads\\\/2025\\\/09\\\/kraapimispost-maine90-deluxe2.jpg\",\"contentUrl\":\"https:\\\/\\\/miumjau.ee\\\/wp-content\\\/uploads\\\/2025\\\/09\\\/kraapimispost-maine90-deluxe2.jpg\",\"width\":600,\"height\":800},{\"@type\":\"BreadcrumbList\",\"@id\":\"https:\\\/\\\/miumjau.ee\\\/lt\\\/produktas\\\/draskykle-maine-90-deluxe-off-white\\\/#breadcrumb\",\"itemListElement\":[{\"@type\":\"ListItem\",\"position\":1,\"name\":\"Home\",\"item\":\"https:\\\/\\\/miumjau.ee\\\/lt\\\/\"},{\"@type\":\"ListItem\",\"position\":2,\"name\":\"Parduotuv\u0117\",\"item\":\"https:\\\/\\\/miumjau.ee\\\/lt\\\/parduotuve\\\/\"},{\"@type\":\"ListItem\",\"position\":3,\"name\":\"Draskykl\u0117 Maine 90 Deluxe, off white\"}]},{\"@type\":\"WebSite\",\"@id\":\"https:\\\/\\\/miumjau.ee\\\/#website\",\"url\":\"https:\\\/\\\/miumjau.ee\\\/\",\"name\":\"MiuMjau\",\"description\":\"Kraapimispuud kassidele\",\"publisher\":{\"@id\":\"https:\\\/\\\/miumjau.ee\\\/#organization\"},\"potentialAction\":[{\"@type\":\"SearchAction\",\"target\":{\"@type\":\"EntryPoint\",\"urlTemplate\":\"https:\\\/\\\/miumjau.ee\\\/?s={search_term_string}\"},\"query-input\":{\"@type\":\"PropertyValueSpecification\",\"valueRequired\":true,\"valueName\":\"search_term_string\"}}],\"inLanguage\":\"lt-LT\"},{\"@type\":\"Organization\",\"@id\":\"https:\\\/\\\/miumjau.ee\\\/#organization\",\"name\":\"MiuMjau O\u00dc\",\"url\":\"https:\\\/\\\/miumjau.ee\\\/\",\"logo\":{\"@type\":\"ImageObject\",\"inLanguage\":\"lt-LT\",\"@id\":\"https:\\\/\\\/miumjau.ee\\\/#\\\/schema\\\/logo\\\/image\\\/\",\"url\":\"https:\\\/\\\/miumjau.ee\\\/wp-content\\\/uploads\\\/2022\\\/04\\\/MiuMjau-logo-kollane.png\",\"contentUrl\":\"https:\\\/\\\/miumjau.ee\\\/wp-content\\\/uploads\\\/2022\\\/04\\\/MiuMjau-logo-kollane.png\",\"width\":219,\"height\":100,\"caption\":\"MiuMjau O\u00dc\"},\"image\":{\"@id\":\"https:\\\/\\\/miumjau.ee\\\/#\\\/schema\\\/logo\\\/image\\\/\"},\"sameAs\":[\"https:\\\/\\\/www.facebook.com\\\/miumjaupood\\\/\"]}]}<\/script>\n<!-- \/ Yoast SEO plugin. -->","yoast_head_json":{"title":"Draskykl\u0117 Maine 90 Deluxe, off white - MiuMjau","robots":{"index":"index","follow":"follow","max-snippet":"max-snippet:-1","max-image-preview":"max-image-preview:large","max-video-preview":"max-video-preview:-1"},"canonical":"https:\/\/miumjau.ee\/lt\/produktas\/draskykle-maine-90-deluxe-off-white\/","og_locale":"lt_LT","og_type":"article","og_title":"Draskykl\u0117 Maine 90 Deluxe, off white - MiuMjau","og_description":"Maine Deluxe yra stabilus, stilingas ir puikus draskymo stulpas \u2013 dar prabangesnis nei jo pirmtakas. Kat\u0117ms skirtas draskymo baldas si\u016blomas dviej\u0173 nauj\u0173, mading\u0173 spalv\u0173, o be draskymo jis suteikia ir \u017eaidimo d\u017eiaugsmo. Komplekte yra ypatingas \u017eaislas \u2013 Funky Rebel: mink\u0161tas pliu\u0161inis kamuoliukas su dviem plunksnomis ir skamban\u010diu varpeliu. \u0160is draskymo stulpas pagamintas i\u0161 patvari\u0173 med\u017eiag\u0173, kurios atsparios intensyviam naudojimui. Klasikinis dizainas tinka bet kokiam interjerui, o kompakti\u0161kas dydis leid\u017eia j\u012f pastatyti bet kuriame kambaryje. Tinka visoms kat\u0117ms, nepriklausomai nuo am\u017eiaus ar veisl\u0117s, ir puikiai papildo didesn\u0119 ka\u010di\u0173 laipyn\u0119. Produkto savyb\u0117s:     I\u0161matavimai: ilgis 40 cm, plotis 40 cm, auk\u0161tis 90 cm    Tinka visoms kat\u0117ms, bet kokio am\u017eiaus    Kompakti\u0161kas, ta\u010diau patvarus    Gra\u017eus ir prabangus dizainas madingomis spalvomis","og_url":"https:\/\/miumjau.ee\/lt\/produktas\/draskykle-maine-90-deluxe-off-white\/","og_site_name":"MiuMjau","article_publisher":"https:\/\/www.facebook.com\/miumjaupood\/","article_modified_time":"2026-01-07T18:45:51+00:00","og_image":[{"width":600,"height":800,"url":"https:\/\/miumjau.ee\/wp-content\/uploads\/2025\/09\/kraapimispost-maine90-deluxe2.jpg","type":"image\/jpeg"}],"twitter_card":"summary_large_image","schema":{"@context":"https:\/\/schema.org","@graph":[{"@type":"WebPage","@id":"https:\/\/miumjau.ee\/lt\/produktas\/draskykle-maine-90-deluxe-off-white\/","url":"https:\/\/miumjau.ee\/lt\/produktas\/draskykle-maine-90-deluxe-off-white\/","name":"Draskykl\u0117 Maine 90 Deluxe, off white - MiuMjau","isPartOf":{"@id":"https:\/\/miumjau.ee\/#website"},"primaryImageOfPage":{"@id":"https:\/\/miumjau.ee\/lt\/produktas\/draskykle-maine-90-deluxe-off-white\/#primaryimage"},"image":{"@id":"https:\/\/miumjau.ee\/lt\/produktas\/draskykle-maine-90-deluxe-off-white\/#primaryimage"},"thumbnailUrl":"https:\/\/miumjau.ee\/wp-content\/uploads\/2025\/09\/kraapimispost-maine90-deluxe2.jpg","datePublished":"2025-09-03T06:46:05+00:00","dateModified":"2026-01-07T18:45:51+00:00","breadcrumb":{"@id":"https:\/\/miumjau.ee\/lt\/produktas\/draskykle-maine-90-deluxe-off-white\/#breadcrumb"},"inLanguage":"lt-LT","potentialAction":[{"@type":"ReadAction","target":["https:\/\/miumjau.ee\/lt\/produktas\/draskykle-maine-90-deluxe-off-white\/"]}]},{"@type":"ImageObject","inLanguage":"lt-LT","@id":"https:\/\/miumjau.ee\/lt\/produktas\/draskykle-maine-90-deluxe-off-white\/#primaryimage","url":"https:\/\/miumjau.ee\/wp-content\/uploads\/2025\/09\/kraapimispost-maine90-deluxe2.jpg","contentUrl":"https:\/\/miumjau.ee\/wp-content\/uploads\/2025\/09\/kraapimispost-maine90-deluxe2.jpg","width":600,"height":800},{"@type":"BreadcrumbList","@id":"https:\/\/miumjau.ee\/lt\/produktas\/draskykle-maine-90-deluxe-off-white\/#breadcrumb","itemListElement":[{"@type":"ListItem","position":1,"name":"Home","item":"https:\/\/miumjau.ee\/lt\/"},{"@type":"ListItem","position":2,"name":"Parduotuv\u0117","item":"https:\/\/miumjau.ee\/lt\/parduotuve\/"},{"@type":"ListItem","position":3,"name":"Draskykl\u0117 Maine 90 Deluxe, off white"}]},{"@type":"WebSite","@id":"https:\/\/miumjau.ee\/#website","url":"https:\/\/miumjau.ee\/","name":"MiuMjau","description":"Kraapimispuud kassidele","publisher":{"@id":"https:\/\/miumjau.ee\/#organization"},"potentialAction":[{"@type":"SearchAction","target":{"@type":"EntryPoint","urlTemplate":"https:\/\/miumjau.ee\/?s={search_term_string}"},"query-input":{"@type":"PropertyValueSpecification","valueRequired":true,"valueName":"search_term_string"}}],"inLanguage":"lt-LT"},{"@type":"Organization","@id":"https:\/\/miumjau.ee\/#organization","name":"MiuMjau O\u00dc","url":"https:\/\/miumjau.ee\/","logo":{"@type":"ImageObject","inLanguage":"lt-LT","@id":"https:\/\/miumjau.ee\/#\/schema\/logo\/image\/","url":"https:\/\/miumjau.ee\/wp-content\/uploads\/2022\/04\/MiuMjau-logo-kollane.png","contentUrl":"https:\/\/miumjau.ee\/wp-content\/uploads\/2022\/04\/MiuMjau-logo-kollane.png","width":219,"height":100,"caption":"MiuMjau O\u00dc"},"image":{"@id":"https:\/\/miumjau.ee\/#\/schema\/logo\/image\/"},"sameAs":["https:\/\/www.facebook.com\/miumjaupood\/"]}]}},"_links":{"self":[{"href":"https:\/\/miumjau.ee\/lt\/wp-json\/wp\/v2\/product\/47833","targetHints":{"allow":["GET"]}}],"collection":[{"href":"https:\/\/miumjau.ee\/lt\/wp-json\/wp\/v2\/product"}],"about":[{"href":"https:\/\/miumjau.ee\/lt\/wp-json\/wp\/v2\/types\/product"}],"wp:featuredmedia":[{"embeddable":true,"href":"https:\/\/miumjau.ee\/lt\/wp-json\/wp\/v2\/media\/47834"}],"wp:attachment":[{"href":"https:\/\/miumjau.ee\/lt\/wp-json\/wp\/v2\/media?parent=47833"}],"wp:term":[{"taxonomy":"product_brand","embeddable":true,"href":"https:\/\/miumjau.ee\/lt\/wp-json\/wp\/v2\/product_brand?post=47833"},{"taxonomy":"product_cat","embeddable":true,"href":"https:\/\/miumjau.ee\/lt\/wp-json\/wp\/v2\/product_cat?post=47833"},{"taxonomy":"product_tag","embeddable":true,"href":"https:\/\/miumjau.ee\/lt\/wp-json\/wp\/v2\/product_tag?post=47833"}],"curies":[{"name":"wp","href":"https:\/\/api.w.org\/{rel}","templated":true}]}}