{"id":47819,"date":"2025-09-17T14:06:12","date_gmt":"2025-09-17T11:06:12","guid":{"rendered":"https:\/\/miumjau.ee\/toode\/applaws-pilnaverte-maisto-racionas-katems-vistiena-ir-eriena-2-kg\/"},"modified":"2026-01-07T20:45:51","modified_gmt":"2026-01-07T18:45:51","slug":"applaws-pilnaverte-maisto-racionas-katems-vistiena-ir-eriena-2-kg","status":"publish","type":"product","link":"https:\/\/miumjau.ee\/lt\/produktas\/applaws-pilnaverte-maisto-racionas-katems-vistiena-ir-eriena-2-kg\/","title":{"rendered":"Applaws pilnavert\u0117 maisto racionas kat\u0117ms, vi\u0161tiena ir \u0117riena, 2 kg"},"content":{"rendered":"","protected":false},"excerpt":{"rendered":"<p data-start=\"2180\" data-end=\"2485\">Applaws sausas maisto racionas su vi\u0161tiena ir \u0117riena suaugusioms kat\u0117ms. Applaws sauso maisto racionas yra hipoalerginis ir nesuteikia alergen\u0173, toki\u0173 kaip sojos pupel\u0117s, kvie\u010diai, kukur\u016bzai ar kiti gr\u016bdai. Jame yra aktyvi\u0173 probiotik\u0173 ir daug nat\u016bralaus taurino, gaunamo i\u0161 laisvai auginam\u0173 vi\u0161t\u0173 m\u0117sos.<\/p>\n<p data-start=\"2487\" data-end=\"2967\"><strong data-start=\"2487\" data-end=\"2547\">Rekomenduojamas dienos kiekis ir naudojimo instrukcijos:<\/strong><br data-start=\"2547\" data-end=\"2550\" \/>Patiekite saus\u0105 maist\u0105. Kat\u0117ms, sverian\u010dioms 1,25\u20133 kg: 20\u201340 g per dien\u0105; 3\u20135 kg: 40\u201360 g per dien\u0105; 5\u20138 kg: 60\u2013100 g per dien\u0105. Kiekiai gali skirtis priklausomai nuo gyv\u016bno dyd\u017eio, am\u017eiaus ir aktyvumo. Visada tur\u0117kite \u0161vie\u017eio geriamo vandens. Kadangi tai yra maistingas maistas, maisto kiekiai yra ma\u017eesni nei \u012fprasto kat\u0117s maisto. Pirm\u0105 kart\u0105 pereinant prie naujo maisto, darykite tai palaipsniui per 7\u201310 dien\u0173.<\/p>\n<p data-start=\"2969\" data-end=\"3400\"><strong data-start=\"2969\" data-end=\"2981\">Sud\u0117tis:<\/strong><br data-start=\"2981\" data-end=\"2984\" \/>D\u017eiovinta vi\u0161tienos miltai (48%), d\u017eiovinta \u0117rienos miltai (20%), d\u017eiovintos bulv\u0117s, malta vi\u0161tiena (12%), burok\u0117li\u0173 mas\u0117, vi\u0161tienos sultinys, la\u0161i\u0161os aliejus, vitaminai ir mineralai, d\u017eiovinti kiau\u0161iniai, augalin\u0117s celiulioz\u0117s skaidulos (0,03%), natrio chloridas, kalcio karbonatas, j\u016br\u0173 dumbliai, spanguol\u0117s, DL-metioninas, kalio chloridas, lelijos ekstraktas, citrusini\u0173 vaisi\u0173 ekstraktas, rozmarino ekstraktas.<\/p>\n<p data-start=\"3402\" data-end=\"3821\"><strong data-start=\"3402\" data-end=\"3429\">Vitaminai ir mineralai:<\/strong><br data-start=\"3429\" data-end=\"3432\" \/>A vitaminas (retinilo acetatas) 27 850 TV, D3 vitaminas (cholekalciferolis) 1 200 TV, E vitaminas (alfa-tokoferolio acetatas) 615 TV, selenas (natrio selenitas) 0,13 mg, jodas (kalcio jodatas) 1,5 mg, gele\u017eis (gele\u017eies sulfatas monohidratas) 80 mg, varis (vario sulfatas pentahidratinis) 48 mg, manganas (mangano sulfatas monohidratas) 38 mg, cinkas (cinko sulfatas monohidratas) 135 mg.<\/p>\n<p data-start=\"3823\" data-end=\"4000\"><strong data-start=\"3823\" data-end=\"3849\">Technologin\u0117s priedai:<\/strong><br data-start=\"3849\" data-end=\"3852\" \/>E1705 Enterococcus faecium 68 (SF68; NCIMB 10415) 1 000 000 000 KT\/ kg, nat\u016bralus antioksidantas: kombinuoti tokoferoliai ir rozmarino ekstraktas.<\/p>\n<p data-start=\"4002\" data-end=\"4150\"><strong data-start=\"4002\" data-end=\"4024\">Analitin\u0117 sud\u0117tis:<\/strong><br data-start=\"4024\" data-end=\"4027\" \/>Sausas baltymas 37%, riebalai 17%, skaidulos 2,5%, pelenai 10,9%, kalcis 2,7%, fosforas 1,6%, omega-6 3,3%, omega-3 1,0%.<\/p>\n<p data-start=\"4152\" data-end=\"4188\"><strong data-start=\"4152\" data-end=\"4171\">Energin\u0117 vert\u0117:<\/strong> 391 kcal\/100 g<\/p>\n","protected":false},"featured_media":47820,"template":"","meta":[],"product_brand":[],"product_cat":[528],"product_tag":[],"class_list":{"0":"post-47819","1":"product","2":"type-product","3":"status-publish","4":"has-post-thumbnail","6":"product_cat-sausas-maistas","8":"first","9":"outofstock","10":"taxable","11":"shipping-taxable","12":"purchasable","13":"product-type-simple"},"yoast_head":"<!-- This site is optimized with the Yoast SEO plugin v27.4 - https:\/\/yoast.com\/product\/yoast-seo-wordpress\/ -->\n<title>Applaws pilnavert\u0117 maisto racionas kat\u0117ms, vi\u0161tiena ir \u0117riena, 2 kg - MiuMjau<\/title>\n<meta name=\"robots\" content=\"index, follow, max-snippet:-1, max-image-preview:large, max-video-preview:-1\" \/>\n<link rel=\"canonical\" href=\"https:\/\/miumjau.ee\/lt\/produktas\/applaws-pilnaverte-maisto-racionas-katems-vistiena-ir-eriena-2-kg\/\" \/>\n<meta property=\"og:locale\" content=\"lt_LT\" \/>\n<meta property=\"og:type\" content=\"article\" \/>\n<meta property=\"og:title\" content=\"Applaws pilnavert\u0117 maisto racionas kat\u0117ms, vi\u0161tiena ir \u0117riena, 2 kg - MiuMjau\" \/>\n<meta property=\"og:description\" content=\"Applaws sausas maisto racionas su vi\u0161tiena ir \u0117riena suaugusioms kat\u0117ms. Applaws sauso maisto racionas yra hipoalerginis ir nesuteikia alergen\u0173, toki\u0173 kaip sojos pupel\u0117s, kvie\u010diai, kukur\u016bzai ar kiti gr\u016bdai. Jame yra aktyvi\u0173 probiotik\u0173 ir daug nat\u016bralaus taurino, gaunamo i\u0161 laisvai auginam\u0173 vi\u0161t\u0173 m\u0117sos. Rekomenduojamas dienos kiekis ir naudojimo instrukcijos:Patiekite saus\u0105 maist\u0105. Kat\u0117ms, sverian\u010dioms 1,25\u20133 kg: 20\u201340 g per dien\u0105; 3\u20135 kg: 40\u201360 g per dien\u0105; 5\u20138 kg: 60\u2013100 g per dien\u0105. Kiekiai gali skirtis priklausomai nuo gyv\u016bno dyd\u017eio, am\u017eiaus ir aktyvumo. Visada tur\u0117kite \u0161vie\u017eio geriamo vandens. Kadangi tai yra maistingas maistas, maisto kiekiai yra ma\u017eesni nei \u012fprasto kat\u0117s maisto. Pirm\u0105 kart\u0105 pereinant prie naujo maisto, darykite tai palaipsniui per 7\u201310 dien\u0173. Sud\u0117tis:D\u017eiovinta vi\u0161tienos miltai (48%), d\u017eiovinta \u0117rienos miltai (20%), d\u017eiovintos bulv\u0117s, malta vi\u0161tiena (12%), burok\u0117li\u0173 mas\u0117, vi\u0161tienos sultinys, la\u0161i\u0161os aliejus, vitaminai ir mineralai, d\u017eiovinti kiau\u0161iniai, augalin\u0117s celiulioz\u0117s skaidulos (0,03%), natrio chloridas, kalcio karbonatas, j\u016br\u0173 dumbliai, spanguol\u0117s, DL-metioninas, kalio chloridas, lelijos ekstraktas, citrusini\u0173 vaisi\u0173 ekstraktas, rozmarino ekstraktas. Vitaminai ir mineralai:A vitaminas (retinilo acetatas) 27 850 TV, D3 vitaminas (cholekalciferolis) 1 200 TV, E vitaminas (alfa-tokoferolio acetatas) 615 TV, selenas (natrio selenitas) 0,13 mg, jodas (kalcio jodatas) 1,5 mg, gele\u017eis (gele\u017eies sulfatas monohidratas) 80 mg, varis (vario sulfatas pentahidratinis) 48 mg, manganas (mangano sulfatas monohidratas) 38 mg, cinkas (cinko sulfatas monohidratas) 135 mg. Technologin\u0117s priedai:E1705 Enterococcus faecium 68 (SF68; NCIMB 10415) 1 000 000 000 KT\/ kg, nat\u016bralus antioksidantas: kombinuoti tokoferoliai ir rozmarino ekstraktas. Analitin\u0117 sud\u0117tis:Sausas baltymas 37%, riebalai 17%, skaidulos 2,5%, pelenai 10,9%, kalcis 2,7%, fosforas 1,6%, omega-6 3,3%, omega-3 1,0%. Energin\u0117 vert\u0117: 391 kcal\/100 g\" \/>\n<meta property=\"og:url\" content=\"https:\/\/miumjau.ee\/lt\/produktas\/applaws-pilnaverte-maisto-racionas-katems-vistiena-ir-eriena-2-kg\/\" \/>\n<meta property=\"og:site_name\" content=\"MiuMjau\" \/>\n<meta property=\"article:publisher\" content=\"https:\/\/www.facebook.com\/miumjaupood\/\" \/>\n<meta property=\"article:modified_time\" content=\"2026-01-07T18:45:51+00:00\" \/>\n<meta property=\"og:image\" content=\"https:\/\/miumjau.ee\/wp-content\/uploads\/2024\/11\/applaws-chicken-lamb-400g.jpg\" \/>\n\t<meta property=\"og:image:width\" content=\"600\" \/>\n\t<meta property=\"og:image:height\" content=\"800\" \/>\n\t<meta property=\"og:image:type\" content=\"image\/jpeg\" \/>\n<meta name=\"twitter:card\" content=\"summary_large_image\" \/>\n<script type=\"application\/ld+json\" class=\"yoast-schema-graph\">{\"@context\":\"https:\\\/\\\/schema.org\",\"@graph\":[{\"@type\":\"WebPage\",\"@id\":\"https:\\\/\\\/miumjau.ee\\\/lt\\\/produktas\\\/applaws-pilnaverte-maisto-racionas-katems-vistiena-ir-eriena-2-kg\\\/\",\"url\":\"https:\\\/\\\/miumjau.ee\\\/lt\\\/produktas\\\/applaws-pilnaverte-maisto-racionas-katems-vistiena-ir-eriena-2-kg\\\/\",\"name\":\"Applaws pilnavert\u0117 maisto racionas kat\u0117ms, vi\u0161tiena ir \u0117riena, 2 kg - MiuMjau\",\"isPartOf\":{\"@id\":\"https:\\\/\\\/miumjau.ee\\\/#website\"},\"primaryImageOfPage\":{\"@id\":\"https:\\\/\\\/miumjau.ee\\\/lt\\\/produktas\\\/applaws-pilnaverte-maisto-racionas-katems-vistiena-ir-eriena-2-kg\\\/#primaryimage\"},\"image\":{\"@id\":\"https:\\\/\\\/miumjau.ee\\\/lt\\\/produktas\\\/applaws-pilnaverte-maisto-racionas-katems-vistiena-ir-eriena-2-kg\\\/#primaryimage\"},\"thumbnailUrl\":\"https:\\\/\\\/miumjau.ee\\\/wp-content\\\/uploads\\\/2024\\\/11\\\/applaws-chicken-lamb-400g.jpg\",\"datePublished\":\"2025-09-17T11:06:12+00:00\",\"dateModified\":\"2026-01-07T18:45:51+00:00\",\"breadcrumb\":{\"@id\":\"https:\\\/\\\/miumjau.ee\\\/lt\\\/produktas\\\/applaws-pilnaverte-maisto-racionas-katems-vistiena-ir-eriena-2-kg\\\/#breadcrumb\"},\"inLanguage\":\"lt-LT\",\"potentialAction\":[{\"@type\":\"ReadAction\",\"target\":[\"https:\\\/\\\/miumjau.ee\\\/lt\\\/produktas\\\/applaws-pilnaverte-maisto-racionas-katems-vistiena-ir-eriena-2-kg\\\/\"]}]},{\"@type\":\"ImageObject\",\"inLanguage\":\"lt-LT\",\"@id\":\"https:\\\/\\\/miumjau.ee\\\/lt\\\/produktas\\\/applaws-pilnaverte-maisto-racionas-katems-vistiena-ir-eriena-2-kg\\\/#primaryimage\",\"url\":\"https:\\\/\\\/miumjau.ee\\\/wp-content\\\/uploads\\\/2024\\\/11\\\/applaws-chicken-lamb-400g.jpg\",\"contentUrl\":\"https:\\\/\\\/miumjau.ee\\\/wp-content\\\/uploads\\\/2024\\\/11\\\/applaws-chicken-lamb-400g.jpg\",\"width\":600,\"height\":800},{\"@type\":\"BreadcrumbList\",\"@id\":\"https:\\\/\\\/miumjau.ee\\\/lt\\\/produktas\\\/applaws-pilnaverte-maisto-racionas-katems-vistiena-ir-eriena-2-kg\\\/#breadcrumb\",\"itemListElement\":[{\"@type\":\"ListItem\",\"position\":1,\"name\":\"Home\",\"item\":\"https:\\\/\\\/miumjau.ee\\\/lt\\\/\"},{\"@type\":\"ListItem\",\"position\":2,\"name\":\"Parduotuv\u0117\",\"item\":\"https:\\\/\\\/miumjau.ee\\\/lt\\\/parduotuve\\\/\"},{\"@type\":\"ListItem\",\"position\":3,\"name\":\"Applaws pilnavert\u0117 maisto racionas kat\u0117ms, vi\u0161tiena ir \u0117riena, 2 kg\"}]},{\"@type\":\"WebSite\",\"@id\":\"https:\\\/\\\/miumjau.ee\\\/#website\",\"url\":\"https:\\\/\\\/miumjau.ee\\\/\",\"name\":\"MiuMjau\",\"description\":\"Kraapimispuud kassidele\",\"publisher\":{\"@id\":\"https:\\\/\\\/miumjau.ee\\\/#organization\"},\"potentialAction\":[{\"@type\":\"SearchAction\",\"target\":{\"@type\":\"EntryPoint\",\"urlTemplate\":\"https:\\\/\\\/miumjau.ee\\\/?s={search_term_string}\"},\"query-input\":{\"@type\":\"PropertyValueSpecification\",\"valueRequired\":true,\"valueName\":\"search_term_string\"}}],\"inLanguage\":\"lt-LT\"},{\"@type\":\"Organization\",\"@id\":\"https:\\\/\\\/miumjau.ee\\\/#organization\",\"name\":\"MiuMjau O\u00dc\",\"url\":\"https:\\\/\\\/miumjau.ee\\\/\",\"logo\":{\"@type\":\"ImageObject\",\"inLanguage\":\"lt-LT\",\"@id\":\"https:\\\/\\\/miumjau.ee\\\/#\\\/schema\\\/logo\\\/image\\\/\",\"url\":\"https:\\\/\\\/miumjau.ee\\\/wp-content\\\/uploads\\\/2022\\\/04\\\/MiuMjau-logo-kollane.png\",\"contentUrl\":\"https:\\\/\\\/miumjau.ee\\\/wp-content\\\/uploads\\\/2022\\\/04\\\/MiuMjau-logo-kollane.png\",\"width\":219,\"height\":100,\"caption\":\"MiuMjau O\u00dc\"},\"image\":{\"@id\":\"https:\\\/\\\/miumjau.ee\\\/#\\\/schema\\\/logo\\\/image\\\/\"},\"sameAs\":[\"https:\\\/\\\/www.facebook.com\\\/miumjaupood\\\/\"]}]}<\/script>\n<!-- \/ Yoast SEO plugin. -->","yoast_head_json":{"title":"Applaws pilnavert\u0117 maisto racionas kat\u0117ms, vi\u0161tiena ir \u0117riena, 2 kg - MiuMjau","robots":{"index":"index","follow":"follow","max-snippet":"max-snippet:-1","max-image-preview":"max-image-preview:large","max-video-preview":"max-video-preview:-1"},"canonical":"https:\/\/miumjau.ee\/lt\/produktas\/applaws-pilnaverte-maisto-racionas-katems-vistiena-ir-eriena-2-kg\/","og_locale":"lt_LT","og_type":"article","og_title":"Applaws pilnavert\u0117 maisto racionas kat\u0117ms, vi\u0161tiena ir \u0117riena, 2 kg - MiuMjau","og_description":"Applaws sausas maisto racionas su vi\u0161tiena ir \u0117riena suaugusioms kat\u0117ms. Applaws sauso maisto racionas yra hipoalerginis ir nesuteikia alergen\u0173, toki\u0173 kaip sojos pupel\u0117s, kvie\u010diai, kukur\u016bzai ar kiti gr\u016bdai. Jame yra aktyvi\u0173 probiotik\u0173 ir daug nat\u016bralaus taurino, gaunamo i\u0161 laisvai auginam\u0173 vi\u0161t\u0173 m\u0117sos. Rekomenduojamas dienos kiekis ir naudojimo instrukcijos:Patiekite saus\u0105 maist\u0105. Kat\u0117ms, sverian\u010dioms 1,25\u20133 kg: 20\u201340 g per dien\u0105; 3\u20135 kg: 40\u201360 g per dien\u0105; 5\u20138 kg: 60\u2013100 g per dien\u0105. Kiekiai gali skirtis priklausomai nuo gyv\u016bno dyd\u017eio, am\u017eiaus ir aktyvumo. Visada tur\u0117kite \u0161vie\u017eio geriamo vandens. Kadangi tai yra maistingas maistas, maisto kiekiai yra ma\u017eesni nei \u012fprasto kat\u0117s maisto. Pirm\u0105 kart\u0105 pereinant prie naujo maisto, darykite tai palaipsniui per 7\u201310 dien\u0173. Sud\u0117tis:D\u017eiovinta vi\u0161tienos miltai (48%), d\u017eiovinta \u0117rienos miltai (20%), d\u017eiovintos bulv\u0117s, malta vi\u0161tiena (12%), burok\u0117li\u0173 mas\u0117, vi\u0161tienos sultinys, la\u0161i\u0161os aliejus, vitaminai ir mineralai, d\u017eiovinti kiau\u0161iniai, augalin\u0117s celiulioz\u0117s skaidulos (0,03%), natrio chloridas, kalcio karbonatas, j\u016br\u0173 dumbliai, spanguol\u0117s, DL-metioninas, kalio chloridas, lelijos ekstraktas, citrusini\u0173 vaisi\u0173 ekstraktas, rozmarino ekstraktas. Vitaminai ir mineralai:A vitaminas (retinilo acetatas) 27 850 TV, D3 vitaminas (cholekalciferolis) 1 200 TV, E vitaminas (alfa-tokoferolio acetatas) 615 TV, selenas (natrio selenitas) 0,13 mg, jodas (kalcio jodatas) 1,5 mg, gele\u017eis (gele\u017eies sulfatas monohidratas) 80 mg, varis (vario sulfatas pentahidratinis) 48 mg, manganas (mangano sulfatas monohidratas) 38 mg, cinkas (cinko sulfatas monohidratas) 135 mg. Technologin\u0117s priedai:E1705 Enterococcus faecium 68 (SF68; NCIMB 10415) 1 000 000 000 KT\/ kg, nat\u016bralus antioksidantas: kombinuoti tokoferoliai ir rozmarino ekstraktas. Analitin\u0117 sud\u0117tis:Sausas baltymas 37%, riebalai 17%, skaidulos 2,5%, pelenai 10,9%, kalcis 2,7%, fosforas 1,6%, omega-6 3,3%, omega-3 1,0%. Energin\u0117 vert\u0117: 391 kcal\/100 g","og_url":"https:\/\/miumjau.ee\/lt\/produktas\/applaws-pilnaverte-maisto-racionas-katems-vistiena-ir-eriena-2-kg\/","og_site_name":"MiuMjau","article_publisher":"https:\/\/www.facebook.com\/miumjaupood\/","article_modified_time":"2026-01-07T18:45:51+00:00","og_image":[{"width":600,"height":800,"url":"https:\/\/miumjau.ee\/wp-content\/uploads\/2024\/11\/applaws-chicken-lamb-400g.jpg","type":"image\/jpeg"}],"twitter_card":"summary_large_image","schema":{"@context":"https:\/\/schema.org","@graph":[{"@type":"WebPage","@id":"https:\/\/miumjau.ee\/lt\/produktas\/applaws-pilnaverte-maisto-racionas-katems-vistiena-ir-eriena-2-kg\/","url":"https:\/\/miumjau.ee\/lt\/produktas\/applaws-pilnaverte-maisto-racionas-katems-vistiena-ir-eriena-2-kg\/","name":"Applaws pilnavert\u0117 maisto racionas kat\u0117ms, vi\u0161tiena ir \u0117riena, 2 kg - MiuMjau","isPartOf":{"@id":"https:\/\/miumjau.ee\/#website"},"primaryImageOfPage":{"@id":"https:\/\/miumjau.ee\/lt\/produktas\/applaws-pilnaverte-maisto-racionas-katems-vistiena-ir-eriena-2-kg\/#primaryimage"},"image":{"@id":"https:\/\/miumjau.ee\/lt\/produktas\/applaws-pilnaverte-maisto-racionas-katems-vistiena-ir-eriena-2-kg\/#primaryimage"},"thumbnailUrl":"https:\/\/miumjau.ee\/wp-content\/uploads\/2024\/11\/applaws-chicken-lamb-400g.jpg","datePublished":"2025-09-17T11:06:12+00:00","dateModified":"2026-01-07T18:45:51+00:00","breadcrumb":{"@id":"https:\/\/miumjau.ee\/lt\/produktas\/applaws-pilnaverte-maisto-racionas-katems-vistiena-ir-eriena-2-kg\/#breadcrumb"},"inLanguage":"lt-LT","potentialAction":[{"@type":"ReadAction","target":["https:\/\/miumjau.ee\/lt\/produktas\/applaws-pilnaverte-maisto-racionas-katems-vistiena-ir-eriena-2-kg\/"]}]},{"@type":"ImageObject","inLanguage":"lt-LT","@id":"https:\/\/miumjau.ee\/lt\/produktas\/applaws-pilnaverte-maisto-racionas-katems-vistiena-ir-eriena-2-kg\/#primaryimage","url":"https:\/\/miumjau.ee\/wp-content\/uploads\/2024\/11\/applaws-chicken-lamb-400g.jpg","contentUrl":"https:\/\/miumjau.ee\/wp-content\/uploads\/2024\/11\/applaws-chicken-lamb-400g.jpg","width":600,"height":800},{"@type":"BreadcrumbList","@id":"https:\/\/miumjau.ee\/lt\/produktas\/applaws-pilnaverte-maisto-racionas-katems-vistiena-ir-eriena-2-kg\/#breadcrumb","itemListElement":[{"@type":"ListItem","position":1,"name":"Home","item":"https:\/\/miumjau.ee\/lt\/"},{"@type":"ListItem","position":2,"name":"Parduotuv\u0117","item":"https:\/\/miumjau.ee\/lt\/parduotuve\/"},{"@type":"ListItem","position":3,"name":"Applaws pilnavert\u0117 maisto racionas kat\u0117ms, vi\u0161tiena ir \u0117riena, 2 kg"}]},{"@type":"WebSite","@id":"https:\/\/miumjau.ee\/#website","url":"https:\/\/miumjau.ee\/","name":"MiuMjau","description":"Kraapimispuud kassidele","publisher":{"@id":"https:\/\/miumjau.ee\/#organization"},"potentialAction":[{"@type":"SearchAction","target":{"@type":"EntryPoint","urlTemplate":"https:\/\/miumjau.ee\/?s={search_term_string}"},"query-input":{"@type":"PropertyValueSpecification","valueRequired":true,"valueName":"search_term_string"}}],"inLanguage":"lt-LT"},{"@type":"Organization","@id":"https:\/\/miumjau.ee\/#organization","name":"MiuMjau O\u00dc","url":"https:\/\/miumjau.ee\/","logo":{"@type":"ImageObject","inLanguage":"lt-LT","@id":"https:\/\/miumjau.ee\/#\/schema\/logo\/image\/","url":"https:\/\/miumjau.ee\/wp-content\/uploads\/2022\/04\/MiuMjau-logo-kollane.png","contentUrl":"https:\/\/miumjau.ee\/wp-content\/uploads\/2022\/04\/MiuMjau-logo-kollane.png","width":219,"height":100,"caption":"MiuMjau O\u00dc"},"image":{"@id":"https:\/\/miumjau.ee\/#\/schema\/logo\/image\/"},"sameAs":["https:\/\/www.facebook.com\/miumjaupood\/"]}]}},"_links":{"self":[{"href":"https:\/\/miumjau.ee\/lt\/wp-json\/wp\/v2\/product\/47819","targetHints":{"allow":["GET"]}}],"collection":[{"href":"https:\/\/miumjau.ee\/lt\/wp-json\/wp\/v2\/product"}],"about":[{"href":"https:\/\/miumjau.ee\/lt\/wp-json\/wp\/v2\/types\/product"}],"wp:featuredmedia":[{"embeddable":true,"href":"https:\/\/miumjau.ee\/lt\/wp-json\/wp\/v2\/media\/47820"}],"wp:attachment":[{"href":"https:\/\/miumjau.ee\/lt\/wp-json\/wp\/v2\/media?parent=47819"}],"wp:term":[{"taxonomy":"product_brand","embeddable":true,"href":"https:\/\/miumjau.ee\/lt\/wp-json\/wp\/v2\/product_brand?post=47819"},{"taxonomy":"product_cat","embeddable":true,"href":"https:\/\/miumjau.ee\/lt\/wp-json\/wp\/v2\/product_cat?post=47819"},{"taxonomy":"product_tag","embeddable":true,"href":"https:\/\/miumjau.ee\/lt\/wp-json\/wp\/v2\/product_tag?post=47819"}],"curies":[{"name":"wp","href":"https:\/\/api.w.org\/{rel}","templated":true}]}}