{"id":47815,"date":"2025-09-17T11:56:45","date_gmt":"2025-09-17T08:56:45","guid":{"rendered":"https:\/\/miumjau.ee\/toode\/keramine-maisto-dubenelis-sunims-15-cm-su-kauliuko-motyvu\/"},"modified":"2026-01-07T20:45:51","modified_gmt":"2026-01-07T18:45:51","slug":"keramine-maisto-dubenelis-sunims-15-cm-su-kauliuko-motyvu","status":"publish","type":"product","link":"https:\/\/miumjau.ee\/lt\/produktas\/keramine-maisto-dubenelis-sunims-15-cm-su-kauliuko-motyvu\/","title":{"rendered":"Keramin\u0117 maisto duben\u0117lis \u0161unims, 15 cm, su kauliuko motyvu"},"content":{"rendered":"","protected":false},"excerpt":{"rendered":"<p data-start=\"951\" data-end=\"1021\">Keraminis duben\u0117lis \u2013 jis skiriasi nuo plastiko ir metalo duben\u0117li\u0173:<\/p>\n<ul data-start=\"1023\" data-end=\"1336\">\n<li data-start=\"1023\" data-end=\"1086\">\n<p data-start=\"1025\" data-end=\"1086\"><strong data-start=\"1025\" data-end=\"1043\">Lengva valyti.<\/strong> Galima plauti rankomis arba indaplov\u0117je.<\/p>\n<\/li>\n<li data-start=\"1087\" data-end=\"1147\">\n<p data-start=\"1089\" data-end=\"1147\"><strong data-start=\"1089\" data-end=\"1104\">Patvarumas.<\/strong> Vienas pirkimas ir ilgaam\u017eis naudojimas.<\/p>\n<\/li>\n<li data-start=\"1148\" data-end=\"1207\">\n<p data-start=\"1150\" data-end=\"1207\"><strong data-start=\"1150\" data-end=\"1205\">Neturi \u012ftakos maisto ir vandens skoniui bei kvapui.<\/strong><\/p>\n<\/li>\n<li data-start=\"1208\" data-end=\"1270\">\n<p data-start=\"1210\" data-end=\"1270\"><strong data-start=\"1210\" data-end=\"1225\">Stabilumas.<\/strong> Dubuo neslysta valgant ar geriant vanden\u012f.<\/p>\n<\/li>\n<li data-start=\"1271\" data-end=\"1336\">\n<p data-start=\"1273\" data-end=\"1336\"><strong data-start=\"1273\" data-end=\"1305\">Gra\u017ei ir esteti\u0161ka i\u0161vaizda.<\/strong> Tinka bet kokiam interjerui.<\/p>\n<\/li>\n<\/ul>\n<p data-start=\"1338\" data-end=\"1382\"><strong data-start=\"1338\" data-end=\"1351\">Matmenys:<\/strong> skersmuo 15 cm, auk\u0161tis 5 cm<\/p>\n<p data-start=\"1384\" data-end=\"1656\">Pasirinkite duben\u0117lio dyd\u012f pagal augintinio am\u017ei\u0173 ir dyd\u012f. Ma\u017eesni duben\u0117liai tinka kat\u0117ms, \u0161uniukams ir ma\u017eoms veisl\u0117ms. Vidutinio ir didesnio dyd\u017eio duben\u0117liai \u2013 puikus pasirinkimas vidutinio ir didelio dyd\u017eio \u0161unims, pvz., bigliams, kokerspanieliams ar borderkoliams.<\/p>\n","protected":false},"featured_media":47816,"template":"","meta":[],"product_brand":[],"product_cat":[543],"product_tag":[],"class_list":{"0":"post-47815","1":"product","2":"type-product","3":"status-publish","4":"has-post-thumbnail","6":"product_cat-maisto-ir-gerimu-indai","8":"first","9":"instock","10":"taxable","11":"shipping-taxable","12":"purchasable","13":"product-type-simple"},"yoast_head":"<!-- This site is optimized with the Yoast SEO plugin v27.2 - https:\/\/yoast.com\/product\/yoast-seo-wordpress\/ -->\n<title>Keramin\u0117 maisto duben\u0117lis \u0161unims, 15 cm, su kauliuko motyvu - MiuMjau<\/title>\n<meta name=\"robots\" content=\"index, follow, max-snippet:-1, max-image-preview:large, max-video-preview:-1\" \/>\n<link rel=\"canonical\" href=\"https:\/\/miumjau.ee\/lt\/produktas\/keramine-maisto-dubenelis-sunims-15-cm-su-kauliuko-motyvu\/\" \/>\n<meta property=\"og:locale\" content=\"lt_LT\" \/>\n<meta property=\"og:type\" content=\"article\" \/>\n<meta property=\"og:title\" content=\"Keramin\u0117 maisto duben\u0117lis \u0161unims, 15 cm, su kauliuko motyvu - MiuMjau\" \/>\n<meta property=\"og:description\" content=\"Keraminis duben\u0117lis \u2013 jis skiriasi nuo plastiko ir metalo duben\u0117li\u0173:     Lengva valyti. Galima plauti rankomis arba indaplov\u0117je.    Patvarumas. Vienas pirkimas ir ilgaam\u017eis naudojimas.    Neturi \u012ftakos maisto ir vandens skoniui bei kvapui.    Stabilumas. Dubuo neslysta valgant ar geriant vanden\u012f.    Gra\u017ei ir esteti\u0161ka i\u0161vaizda. Tinka bet kokiam interjerui.   Matmenys: skersmuo 15 cm, auk\u0161tis 5 cm Pasirinkite duben\u0117lio dyd\u012f pagal augintinio am\u017ei\u0173 ir dyd\u012f. Ma\u017eesni duben\u0117liai tinka kat\u0117ms, \u0161uniukams ir ma\u017eoms veisl\u0117ms. Vidutinio ir didesnio dyd\u017eio duben\u0117liai \u2013 puikus pasirinkimas vidutinio ir didelio dyd\u017eio \u0161unims, pvz., bigliams, kokerspanieliams ar borderkoliams.\" \/>\n<meta property=\"og:url\" content=\"https:\/\/miumjau.ee\/lt\/produktas\/keramine-maisto-dubenelis-sunims-15-cm-su-kauliuko-motyvu\/\" \/>\n<meta property=\"og:site_name\" content=\"MiuMjau\" \/>\n<meta property=\"article:publisher\" content=\"https:\/\/www.facebook.com\/miumjaupood\/\" \/>\n<meta property=\"article:modified_time\" content=\"2026-01-07T18:45:51+00:00\" \/>\n<meta property=\"og:image\" content=\"https:\/\/miumjau.ee\/wp-content\/uploads\/2025\/09\/keraamiline-kauss-15cm-kont.jpg\" \/>\n\t<meta property=\"og:image:width\" content=\"600\" \/>\n\t<meta property=\"og:image:height\" content=\"800\" \/>\n\t<meta property=\"og:image:type\" content=\"image\/jpeg\" \/>\n<meta name=\"twitter:card\" content=\"summary_large_image\" \/>\n<script type=\"application\/ld+json\" class=\"yoast-schema-graph\">{\"@context\":\"https:\/\/schema.org\",\"@graph\":[{\"@type\":\"WebPage\",\"@id\":\"https:\/\/miumjau.ee\/lt\/produktas\/keramine-maisto-dubenelis-sunims-15-cm-su-kauliuko-motyvu\/\",\"url\":\"https:\/\/miumjau.ee\/lt\/produktas\/keramine-maisto-dubenelis-sunims-15-cm-su-kauliuko-motyvu\/\",\"name\":\"Keramin\u0117 maisto duben\u0117lis \u0161unims, 15 cm, su kauliuko motyvu - MiuMjau\",\"isPartOf\":{\"@id\":\"https:\/\/miumjau.ee\/#website\"},\"primaryImageOfPage\":{\"@id\":\"https:\/\/miumjau.ee\/lt\/produktas\/keramine-maisto-dubenelis-sunims-15-cm-su-kauliuko-motyvu\/#primaryimage\"},\"image\":{\"@id\":\"https:\/\/miumjau.ee\/lt\/produktas\/keramine-maisto-dubenelis-sunims-15-cm-su-kauliuko-motyvu\/#primaryimage\"},\"thumbnailUrl\":\"https:\/\/miumjau.ee\/wp-content\/uploads\/2025\/09\/keraamiline-kauss-15cm-kont.jpg\",\"datePublished\":\"2025-09-17T08:56:45+00:00\",\"dateModified\":\"2026-01-07T18:45:51+00:00\",\"breadcrumb\":{\"@id\":\"https:\/\/miumjau.ee\/lt\/produktas\/keramine-maisto-dubenelis-sunims-15-cm-su-kauliuko-motyvu\/#breadcrumb\"},\"inLanguage\":\"lt-LT\",\"potentialAction\":[{\"@type\":\"ReadAction\",\"target\":[\"https:\/\/miumjau.ee\/lt\/produktas\/keramine-maisto-dubenelis-sunims-15-cm-su-kauliuko-motyvu\/\"]}]},{\"@type\":\"ImageObject\",\"inLanguage\":\"lt-LT\",\"@id\":\"https:\/\/miumjau.ee\/lt\/produktas\/keramine-maisto-dubenelis-sunims-15-cm-su-kauliuko-motyvu\/#primaryimage\",\"url\":\"https:\/\/miumjau.ee\/wp-content\/uploads\/2025\/09\/keraamiline-kauss-15cm-kont.jpg\",\"contentUrl\":\"https:\/\/miumjau.ee\/wp-content\/uploads\/2025\/09\/keraamiline-kauss-15cm-kont.jpg\",\"width\":600,\"height\":800},{\"@type\":\"BreadcrumbList\",\"@id\":\"https:\/\/miumjau.ee\/lt\/produktas\/keramine-maisto-dubenelis-sunims-15-cm-su-kauliuko-motyvu\/#breadcrumb\",\"itemListElement\":[{\"@type\":\"ListItem\",\"position\":1,\"name\":\"Home\",\"item\":\"https:\/\/miumjau.ee\/lt\/\"},{\"@type\":\"ListItem\",\"position\":2,\"name\":\"Parduotuv\u0117\",\"item\":\"https:\/\/miumjau.ee\/lt\/parduotuve\/\"},{\"@type\":\"ListItem\",\"position\":3,\"name\":\"Keramin\u0117 maisto duben\u0117lis \u0161unims, 15 cm, su kauliuko motyvu\"}]},{\"@type\":\"WebSite\",\"@id\":\"https:\/\/miumjau.ee\/#website\",\"url\":\"https:\/\/miumjau.ee\/\",\"name\":\"MiuMjau\",\"description\":\"Kraapimispuud kassidele\",\"publisher\":{\"@id\":\"https:\/\/miumjau.ee\/#organization\"},\"potentialAction\":[{\"@type\":\"SearchAction\",\"target\":{\"@type\":\"EntryPoint\",\"urlTemplate\":\"https:\/\/miumjau.ee\/?s={search_term_string}\"},\"query-input\":{\"@type\":\"PropertyValueSpecification\",\"valueRequired\":true,\"valueName\":\"search_term_string\"}}],\"inLanguage\":\"lt-LT\"},{\"@type\":\"Organization\",\"@id\":\"https:\/\/miumjau.ee\/#organization\",\"name\":\"MiuMjau O\u00dc\",\"url\":\"https:\/\/miumjau.ee\/\",\"logo\":{\"@type\":\"ImageObject\",\"inLanguage\":\"lt-LT\",\"@id\":\"https:\/\/miumjau.ee\/#\/schema\/logo\/image\/\",\"url\":\"https:\/\/miumjau.ee\/wp-content\/uploads\/2022\/04\/MiuMjau-logo-kollane.png\",\"contentUrl\":\"https:\/\/miumjau.ee\/wp-content\/uploads\/2022\/04\/MiuMjau-logo-kollane.png\",\"width\":219,\"height\":100,\"caption\":\"MiuMjau O\u00dc\"},\"image\":{\"@id\":\"https:\/\/miumjau.ee\/#\/schema\/logo\/image\/\"},\"sameAs\":[\"https:\/\/www.facebook.com\/miumjaupood\/\"]}]}<\/script>\n<!-- \/ Yoast SEO plugin. -->","yoast_head_json":{"title":"Keramin\u0117 maisto duben\u0117lis \u0161unims, 15 cm, su kauliuko motyvu - MiuMjau","robots":{"index":"index","follow":"follow","max-snippet":"max-snippet:-1","max-image-preview":"max-image-preview:large","max-video-preview":"max-video-preview:-1"},"canonical":"https:\/\/miumjau.ee\/lt\/produktas\/keramine-maisto-dubenelis-sunims-15-cm-su-kauliuko-motyvu\/","og_locale":"lt_LT","og_type":"article","og_title":"Keramin\u0117 maisto duben\u0117lis \u0161unims, 15 cm, su kauliuko motyvu - MiuMjau","og_description":"Keraminis duben\u0117lis \u2013 jis skiriasi nuo plastiko ir metalo duben\u0117li\u0173:     Lengva valyti. Galima plauti rankomis arba indaplov\u0117je.    Patvarumas. Vienas pirkimas ir ilgaam\u017eis naudojimas.    Neturi \u012ftakos maisto ir vandens skoniui bei kvapui.    Stabilumas. Dubuo neslysta valgant ar geriant vanden\u012f.    Gra\u017ei ir esteti\u0161ka i\u0161vaizda. Tinka bet kokiam interjerui.   Matmenys: skersmuo 15 cm, auk\u0161tis 5 cm Pasirinkite duben\u0117lio dyd\u012f pagal augintinio am\u017ei\u0173 ir dyd\u012f. Ma\u017eesni duben\u0117liai tinka kat\u0117ms, \u0161uniukams ir ma\u017eoms veisl\u0117ms. Vidutinio ir didesnio dyd\u017eio duben\u0117liai \u2013 puikus pasirinkimas vidutinio ir didelio dyd\u017eio \u0161unims, pvz., bigliams, kokerspanieliams ar borderkoliams.","og_url":"https:\/\/miumjau.ee\/lt\/produktas\/keramine-maisto-dubenelis-sunims-15-cm-su-kauliuko-motyvu\/","og_site_name":"MiuMjau","article_publisher":"https:\/\/www.facebook.com\/miumjaupood\/","article_modified_time":"2026-01-07T18:45:51+00:00","og_image":[{"width":600,"height":800,"url":"https:\/\/miumjau.ee\/wp-content\/uploads\/2025\/09\/keraamiline-kauss-15cm-kont.jpg","type":"image\/jpeg"}],"twitter_card":"summary_large_image","schema":{"@context":"https:\/\/schema.org","@graph":[{"@type":"WebPage","@id":"https:\/\/miumjau.ee\/lt\/produktas\/keramine-maisto-dubenelis-sunims-15-cm-su-kauliuko-motyvu\/","url":"https:\/\/miumjau.ee\/lt\/produktas\/keramine-maisto-dubenelis-sunims-15-cm-su-kauliuko-motyvu\/","name":"Keramin\u0117 maisto duben\u0117lis \u0161unims, 15 cm, su kauliuko motyvu - MiuMjau","isPartOf":{"@id":"https:\/\/miumjau.ee\/#website"},"primaryImageOfPage":{"@id":"https:\/\/miumjau.ee\/lt\/produktas\/keramine-maisto-dubenelis-sunims-15-cm-su-kauliuko-motyvu\/#primaryimage"},"image":{"@id":"https:\/\/miumjau.ee\/lt\/produktas\/keramine-maisto-dubenelis-sunims-15-cm-su-kauliuko-motyvu\/#primaryimage"},"thumbnailUrl":"https:\/\/miumjau.ee\/wp-content\/uploads\/2025\/09\/keraamiline-kauss-15cm-kont.jpg","datePublished":"2025-09-17T08:56:45+00:00","dateModified":"2026-01-07T18:45:51+00:00","breadcrumb":{"@id":"https:\/\/miumjau.ee\/lt\/produktas\/keramine-maisto-dubenelis-sunims-15-cm-su-kauliuko-motyvu\/#breadcrumb"},"inLanguage":"lt-LT","potentialAction":[{"@type":"ReadAction","target":["https:\/\/miumjau.ee\/lt\/produktas\/keramine-maisto-dubenelis-sunims-15-cm-su-kauliuko-motyvu\/"]}]},{"@type":"ImageObject","inLanguage":"lt-LT","@id":"https:\/\/miumjau.ee\/lt\/produktas\/keramine-maisto-dubenelis-sunims-15-cm-su-kauliuko-motyvu\/#primaryimage","url":"https:\/\/miumjau.ee\/wp-content\/uploads\/2025\/09\/keraamiline-kauss-15cm-kont.jpg","contentUrl":"https:\/\/miumjau.ee\/wp-content\/uploads\/2025\/09\/keraamiline-kauss-15cm-kont.jpg","width":600,"height":800},{"@type":"BreadcrumbList","@id":"https:\/\/miumjau.ee\/lt\/produktas\/keramine-maisto-dubenelis-sunims-15-cm-su-kauliuko-motyvu\/#breadcrumb","itemListElement":[{"@type":"ListItem","position":1,"name":"Home","item":"https:\/\/miumjau.ee\/lt\/"},{"@type":"ListItem","position":2,"name":"Parduotuv\u0117","item":"https:\/\/miumjau.ee\/lt\/parduotuve\/"},{"@type":"ListItem","position":3,"name":"Keramin\u0117 maisto duben\u0117lis \u0161unims, 15 cm, su kauliuko motyvu"}]},{"@type":"WebSite","@id":"https:\/\/miumjau.ee\/#website","url":"https:\/\/miumjau.ee\/","name":"MiuMjau","description":"Kraapimispuud kassidele","publisher":{"@id":"https:\/\/miumjau.ee\/#organization"},"potentialAction":[{"@type":"SearchAction","target":{"@type":"EntryPoint","urlTemplate":"https:\/\/miumjau.ee\/?s={search_term_string}"},"query-input":{"@type":"PropertyValueSpecification","valueRequired":true,"valueName":"search_term_string"}}],"inLanguage":"lt-LT"},{"@type":"Organization","@id":"https:\/\/miumjau.ee\/#organization","name":"MiuMjau O\u00dc","url":"https:\/\/miumjau.ee\/","logo":{"@type":"ImageObject","inLanguage":"lt-LT","@id":"https:\/\/miumjau.ee\/#\/schema\/logo\/image\/","url":"https:\/\/miumjau.ee\/wp-content\/uploads\/2022\/04\/MiuMjau-logo-kollane.png","contentUrl":"https:\/\/miumjau.ee\/wp-content\/uploads\/2022\/04\/MiuMjau-logo-kollane.png","width":219,"height":100,"caption":"MiuMjau O\u00dc"},"image":{"@id":"https:\/\/miumjau.ee\/#\/schema\/logo\/image\/"},"sameAs":["https:\/\/www.facebook.com\/miumjaupood\/"]}]}},"_links":{"self":[{"href":"https:\/\/miumjau.ee\/lt\/wp-json\/wp\/v2\/product\/47815","targetHints":{"allow":["GET"]}}],"collection":[{"href":"https:\/\/miumjau.ee\/lt\/wp-json\/wp\/v2\/product"}],"about":[{"href":"https:\/\/miumjau.ee\/lt\/wp-json\/wp\/v2\/types\/product"}],"wp:featuredmedia":[{"embeddable":true,"href":"https:\/\/miumjau.ee\/lt\/wp-json\/wp\/v2\/media\/47816"}],"wp:attachment":[{"href":"https:\/\/miumjau.ee\/lt\/wp-json\/wp\/v2\/media?parent=47815"}],"wp:term":[{"taxonomy":"product_brand","embeddable":true,"href":"https:\/\/miumjau.ee\/lt\/wp-json\/wp\/v2\/product_brand?post=47815"},{"taxonomy":"product_cat","embeddable":true,"href":"https:\/\/miumjau.ee\/lt\/wp-json\/wp\/v2\/product_cat?post=47815"},{"taxonomy":"product_tag","embeddable":true,"href":"https:\/\/miumjau.ee\/lt\/wp-json\/wp\/v2\/product_tag?post=47815"}],"curies":[{"name":"wp","href":"https:\/\/api.w.org\/{rel}","templated":true}]}}