{"id":47803,"date":"2025-09-17T11:43:22","date_gmt":"2025-09-17T08:43:22","guid":{"rendered":"https:\/\/miumjau.ee\/toode\/suns-nesiojamas-deze-doggy-m-zalia\/"},"modified":"2026-01-07T20:45:58","modified_gmt":"2026-01-07T18:45:58","slug":"suns-nesiojamas-deze-doggy-m-zalia","status":"publish","type":"product","link":"https:\/\/miumjau.ee\/lt\/produktas\/suns-nesiojamas-deze-doggy-m-zalia\/","title":{"rendered":"\u0160uns ne\u0161iojamas d\u0117\u017e\u0117 Doggy M, \u017ealia"},"content":{"rendered":"","protected":false},"excerpt":{"rendered":"<p data-start=\"723\" data-end=\"884\">Ne\u0161iojama d\u0117\u017e\u0117 idealiai tinka vidutinio dyd\u017eio \u0161unims ir kat\u0117ms \u2013 suteikia saug\u0173 ir patog\u0173 b\u016bd\u0105 transportuoti augintinius vie\u0161uoju transportu arba automobiliu.<\/p>\n<p data-start=\"886\" data-end=\"1009\">\u012erengta patogia rankena. D\u0117\u017e\u0117s abiejose pus\u0117se yra angos, u\u017etikrinan\u010dios oro cirkuliacij\u0105 ir leid\u017eian\u010dios steb\u0117ti gyv\u016bn\u0105.<\/p>\n<p data-start=\"1011\" data-end=\"1139\">Stiprios metalin\u0117s durel\u0117s ir saugos dir\u017eo tvirtinimas yra puikus pagalbininkas automobilyje, kad d\u0117\u017e\u0117 kelion\u0117s metu nejud\u0117t\u0173.<\/p>\n<p data-start=\"1141\" data-end=\"1200\">D\u0117l savo konstrukcijos d\u0117\u017e\u0117 yra lengva ir lengvai valoma.<\/p>\n<p data-start=\"1202\" data-end=\"1233\"><strong data-start=\"1202\" data-end=\"1215\">Matmenys:<\/strong> 57 \u00d7 38 \u00d7 34 cm<\/p>\n","protected":false},"featured_media":47804,"template":"","meta":[],"product_brand":[],"product_cat":[544],"product_tag":[],"class_list":{"0":"post-47803","1":"product","2":"type-product","3":"status-publish","4":"has-post-thumbnail","6":"product_cat-sunu-narvai-ir-transportavimo-krepsiai","7":"product_shipping_class-pakiautomaati-sobimatu-lt","9":"first","10":"instock","11":"taxable","12":"shipping-taxable","13":"purchasable","14":"product-type-simple"},"yoast_head":"<!-- This site is optimized with the Yoast SEO plugin v27.2 - https:\/\/yoast.com\/product\/yoast-seo-wordpress\/ -->\n<title>\u0160uns ne\u0161iojamas d\u0117\u017e\u0117 Doggy M, \u017ealia - MiuMjau<\/title>\n<meta name=\"robots\" content=\"index, follow, max-snippet:-1, max-image-preview:large, max-video-preview:-1\" \/>\n<link rel=\"canonical\" href=\"https:\/\/miumjau.ee\/lt\/produktas\/suns-nesiojamas-deze-doggy-m-zalia\/\" \/>\n<meta property=\"og:locale\" content=\"lt_LT\" \/>\n<meta property=\"og:type\" content=\"article\" \/>\n<meta property=\"og:title\" content=\"\u0160uns ne\u0161iojamas d\u0117\u017e\u0117 Doggy M, \u017ealia - MiuMjau\" \/>\n<meta property=\"og:description\" content=\"Ne\u0161iojama d\u0117\u017e\u0117 idealiai tinka vidutinio dyd\u017eio \u0161unims ir kat\u0117ms \u2013 suteikia saug\u0173 ir patog\u0173 b\u016bd\u0105 transportuoti augintinius vie\u0161uoju transportu arba automobiliu. \u012erengta patogia rankena. D\u0117\u017e\u0117s abiejose pus\u0117se yra angos, u\u017etikrinan\u010dios oro cirkuliacij\u0105 ir leid\u017eian\u010dios steb\u0117ti gyv\u016bn\u0105. Stiprios metalin\u0117s durel\u0117s ir saugos dir\u017eo tvirtinimas yra puikus pagalbininkas automobilyje, kad d\u0117\u017e\u0117 kelion\u0117s metu nejud\u0117t\u0173. D\u0117l savo konstrukcijos d\u0117\u017e\u0117 yra lengva ir lengvai valoma. Matmenys: 57 \u00d7 38 \u00d7 34 cm\" \/>\n<meta property=\"og:url\" content=\"https:\/\/miumjau.ee\/lt\/produktas\/suns-nesiojamas-deze-doggy-m-zalia\/\" \/>\n<meta property=\"og:site_name\" content=\"MiuMjau\" \/>\n<meta property=\"article:publisher\" content=\"https:\/\/www.facebook.com\/miumjaupood\/\" \/>\n<meta property=\"article:modified_time\" content=\"2026-01-07T18:45:58+00:00\" \/>\n<meta property=\"og:image\" content=\"https:\/\/miumjau.ee\/wp-content\/uploads\/2025\/09\/koera-kandepuur-m-doggy.jpg\" \/>\n\t<meta property=\"og:image:width\" content=\"600\" \/>\n\t<meta property=\"og:image:height\" content=\"800\" \/>\n\t<meta property=\"og:image:type\" content=\"image\/jpeg\" \/>\n<meta name=\"twitter:card\" content=\"summary_large_image\" \/>\n<script type=\"application\/ld+json\" class=\"yoast-schema-graph\">{\"@context\":\"https:\/\/schema.org\",\"@graph\":[{\"@type\":\"WebPage\",\"@id\":\"https:\/\/miumjau.ee\/lt\/produktas\/suns-nesiojamas-deze-doggy-m-zalia\/\",\"url\":\"https:\/\/miumjau.ee\/lt\/produktas\/suns-nesiojamas-deze-doggy-m-zalia\/\",\"name\":\"\u0160uns ne\u0161iojamas d\u0117\u017e\u0117 Doggy M, \u017ealia - MiuMjau\",\"isPartOf\":{\"@id\":\"https:\/\/miumjau.ee\/#website\"},\"primaryImageOfPage\":{\"@id\":\"https:\/\/miumjau.ee\/lt\/produktas\/suns-nesiojamas-deze-doggy-m-zalia\/#primaryimage\"},\"image\":{\"@id\":\"https:\/\/miumjau.ee\/lt\/produktas\/suns-nesiojamas-deze-doggy-m-zalia\/#primaryimage\"},\"thumbnailUrl\":\"https:\/\/miumjau.ee\/wp-content\/uploads\/2025\/09\/koera-kandepuur-m-doggy.jpg\",\"datePublished\":\"2025-09-17T08:43:22+00:00\",\"dateModified\":\"2026-01-07T18:45:58+00:00\",\"breadcrumb\":{\"@id\":\"https:\/\/miumjau.ee\/lt\/produktas\/suns-nesiojamas-deze-doggy-m-zalia\/#breadcrumb\"},\"inLanguage\":\"lt-LT\",\"potentialAction\":[{\"@type\":\"ReadAction\",\"target\":[\"https:\/\/miumjau.ee\/lt\/produktas\/suns-nesiojamas-deze-doggy-m-zalia\/\"]}]},{\"@type\":\"ImageObject\",\"inLanguage\":\"lt-LT\",\"@id\":\"https:\/\/miumjau.ee\/lt\/produktas\/suns-nesiojamas-deze-doggy-m-zalia\/#primaryimage\",\"url\":\"https:\/\/miumjau.ee\/wp-content\/uploads\/2025\/09\/koera-kandepuur-m-doggy.jpg\",\"contentUrl\":\"https:\/\/miumjau.ee\/wp-content\/uploads\/2025\/09\/koera-kandepuur-m-doggy.jpg\",\"width\":600,\"height\":800},{\"@type\":\"BreadcrumbList\",\"@id\":\"https:\/\/miumjau.ee\/lt\/produktas\/suns-nesiojamas-deze-doggy-m-zalia\/#breadcrumb\",\"itemListElement\":[{\"@type\":\"ListItem\",\"position\":1,\"name\":\"Home\",\"item\":\"https:\/\/miumjau.ee\/lt\/\"},{\"@type\":\"ListItem\",\"position\":2,\"name\":\"Parduotuv\u0117\",\"item\":\"https:\/\/miumjau.ee\/lt\/parduotuve\/\"},{\"@type\":\"ListItem\",\"position\":3,\"name\":\"\u0160uns ne\u0161iojamas d\u0117\u017e\u0117 Doggy M, \u017ealia\"}]},{\"@type\":\"WebSite\",\"@id\":\"https:\/\/miumjau.ee\/#website\",\"url\":\"https:\/\/miumjau.ee\/\",\"name\":\"MiuMjau\",\"description\":\"Kraapimispuud kassidele\",\"publisher\":{\"@id\":\"https:\/\/miumjau.ee\/#organization\"},\"potentialAction\":[{\"@type\":\"SearchAction\",\"target\":{\"@type\":\"EntryPoint\",\"urlTemplate\":\"https:\/\/miumjau.ee\/?s={search_term_string}\"},\"query-input\":{\"@type\":\"PropertyValueSpecification\",\"valueRequired\":true,\"valueName\":\"search_term_string\"}}],\"inLanguage\":\"lt-LT\"},{\"@type\":\"Organization\",\"@id\":\"https:\/\/miumjau.ee\/#organization\",\"name\":\"MiuMjau O\u00dc\",\"url\":\"https:\/\/miumjau.ee\/\",\"logo\":{\"@type\":\"ImageObject\",\"inLanguage\":\"lt-LT\",\"@id\":\"https:\/\/miumjau.ee\/#\/schema\/logo\/image\/\",\"url\":\"https:\/\/miumjau.ee\/wp-content\/uploads\/2022\/04\/MiuMjau-logo-kollane.png\",\"contentUrl\":\"https:\/\/miumjau.ee\/wp-content\/uploads\/2022\/04\/MiuMjau-logo-kollane.png\",\"width\":219,\"height\":100,\"caption\":\"MiuMjau O\u00dc\"},\"image\":{\"@id\":\"https:\/\/miumjau.ee\/#\/schema\/logo\/image\/\"},\"sameAs\":[\"https:\/\/www.facebook.com\/miumjaupood\/\"]}]}<\/script>\n<!-- \/ Yoast SEO plugin. -->","yoast_head_json":{"title":"\u0160uns ne\u0161iojamas d\u0117\u017e\u0117 Doggy M, \u017ealia - MiuMjau","robots":{"index":"index","follow":"follow","max-snippet":"max-snippet:-1","max-image-preview":"max-image-preview:large","max-video-preview":"max-video-preview:-1"},"canonical":"https:\/\/miumjau.ee\/lt\/produktas\/suns-nesiojamas-deze-doggy-m-zalia\/","og_locale":"lt_LT","og_type":"article","og_title":"\u0160uns ne\u0161iojamas d\u0117\u017e\u0117 Doggy M, \u017ealia - MiuMjau","og_description":"Ne\u0161iojama d\u0117\u017e\u0117 idealiai tinka vidutinio dyd\u017eio \u0161unims ir kat\u0117ms \u2013 suteikia saug\u0173 ir patog\u0173 b\u016bd\u0105 transportuoti augintinius vie\u0161uoju transportu arba automobiliu. \u012erengta patogia rankena. D\u0117\u017e\u0117s abiejose pus\u0117se yra angos, u\u017etikrinan\u010dios oro cirkuliacij\u0105 ir leid\u017eian\u010dios steb\u0117ti gyv\u016bn\u0105. Stiprios metalin\u0117s durel\u0117s ir saugos dir\u017eo tvirtinimas yra puikus pagalbininkas automobilyje, kad d\u0117\u017e\u0117 kelion\u0117s metu nejud\u0117t\u0173. D\u0117l savo konstrukcijos d\u0117\u017e\u0117 yra lengva ir lengvai valoma. Matmenys: 57 \u00d7 38 \u00d7 34 cm","og_url":"https:\/\/miumjau.ee\/lt\/produktas\/suns-nesiojamas-deze-doggy-m-zalia\/","og_site_name":"MiuMjau","article_publisher":"https:\/\/www.facebook.com\/miumjaupood\/","article_modified_time":"2026-01-07T18:45:58+00:00","og_image":[{"width":600,"height":800,"url":"https:\/\/miumjau.ee\/wp-content\/uploads\/2025\/09\/koera-kandepuur-m-doggy.jpg","type":"image\/jpeg"}],"twitter_card":"summary_large_image","schema":{"@context":"https:\/\/schema.org","@graph":[{"@type":"WebPage","@id":"https:\/\/miumjau.ee\/lt\/produktas\/suns-nesiojamas-deze-doggy-m-zalia\/","url":"https:\/\/miumjau.ee\/lt\/produktas\/suns-nesiojamas-deze-doggy-m-zalia\/","name":"\u0160uns ne\u0161iojamas d\u0117\u017e\u0117 Doggy M, \u017ealia - MiuMjau","isPartOf":{"@id":"https:\/\/miumjau.ee\/#website"},"primaryImageOfPage":{"@id":"https:\/\/miumjau.ee\/lt\/produktas\/suns-nesiojamas-deze-doggy-m-zalia\/#primaryimage"},"image":{"@id":"https:\/\/miumjau.ee\/lt\/produktas\/suns-nesiojamas-deze-doggy-m-zalia\/#primaryimage"},"thumbnailUrl":"https:\/\/miumjau.ee\/wp-content\/uploads\/2025\/09\/koera-kandepuur-m-doggy.jpg","datePublished":"2025-09-17T08:43:22+00:00","dateModified":"2026-01-07T18:45:58+00:00","breadcrumb":{"@id":"https:\/\/miumjau.ee\/lt\/produktas\/suns-nesiojamas-deze-doggy-m-zalia\/#breadcrumb"},"inLanguage":"lt-LT","potentialAction":[{"@type":"ReadAction","target":["https:\/\/miumjau.ee\/lt\/produktas\/suns-nesiojamas-deze-doggy-m-zalia\/"]}]},{"@type":"ImageObject","inLanguage":"lt-LT","@id":"https:\/\/miumjau.ee\/lt\/produktas\/suns-nesiojamas-deze-doggy-m-zalia\/#primaryimage","url":"https:\/\/miumjau.ee\/wp-content\/uploads\/2025\/09\/koera-kandepuur-m-doggy.jpg","contentUrl":"https:\/\/miumjau.ee\/wp-content\/uploads\/2025\/09\/koera-kandepuur-m-doggy.jpg","width":600,"height":800},{"@type":"BreadcrumbList","@id":"https:\/\/miumjau.ee\/lt\/produktas\/suns-nesiojamas-deze-doggy-m-zalia\/#breadcrumb","itemListElement":[{"@type":"ListItem","position":1,"name":"Home","item":"https:\/\/miumjau.ee\/lt\/"},{"@type":"ListItem","position":2,"name":"Parduotuv\u0117","item":"https:\/\/miumjau.ee\/lt\/parduotuve\/"},{"@type":"ListItem","position":3,"name":"\u0160uns ne\u0161iojamas d\u0117\u017e\u0117 Doggy M, \u017ealia"}]},{"@type":"WebSite","@id":"https:\/\/miumjau.ee\/#website","url":"https:\/\/miumjau.ee\/","name":"MiuMjau","description":"Kraapimispuud kassidele","publisher":{"@id":"https:\/\/miumjau.ee\/#organization"},"potentialAction":[{"@type":"SearchAction","target":{"@type":"EntryPoint","urlTemplate":"https:\/\/miumjau.ee\/?s={search_term_string}"},"query-input":{"@type":"PropertyValueSpecification","valueRequired":true,"valueName":"search_term_string"}}],"inLanguage":"lt-LT"},{"@type":"Organization","@id":"https:\/\/miumjau.ee\/#organization","name":"MiuMjau O\u00dc","url":"https:\/\/miumjau.ee\/","logo":{"@type":"ImageObject","inLanguage":"lt-LT","@id":"https:\/\/miumjau.ee\/#\/schema\/logo\/image\/","url":"https:\/\/miumjau.ee\/wp-content\/uploads\/2022\/04\/MiuMjau-logo-kollane.png","contentUrl":"https:\/\/miumjau.ee\/wp-content\/uploads\/2022\/04\/MiuMjau-logo-kollane.png","width":219,"height":100,"caption":"MiuMjau O\u00dc"},"image":{"@id":"https:\/\/miumjau.ee\/#\/schema\/logo\/image\/"},"sameAs":["https:\/\/www.facebook.com\/miumjaupood\/"]}]}},"_links":{"self":[{"href":"https:\/\/miumjau.ee\/lt\/wp-json\/wp\/v2\/product\/47803","targetHints":{"allow":["GET"]}}],"collection":[{"href":"https:\/\/miumjau.ee\/lt\/wp-json\/wp\/v2\/product"}],"about":[{"href":"https:\/\/miumjau.ee\/lt\/wp-json\/wp\/v2\/types\/product"}],"wp:featuredmedia":[{"embeddable":true,"href":"https:\/\/miumjau.ee\/lt\/wp-json\/wp\/v2\/media\/47804"}],"wp:attachment":[{"href":"https:\/\/miumjau.ee\/lt\/wp-json\/wp\/v2\/media?parent=47803"}],"wp:term":[{"taxonomy":"product_brand","embeddable":true,"href":"https:\/\/miumjau.ee\/lt\/wp-json\/wp\/v2\/product_brand?post=47803"},{"taxonomy":"product_cat","embeddable":true,"href":"https:\/\/miumjau.ee\/lt\/wp-json\/wp\/v2\/product_cat?post=47803"},{"taxonomy":"product_tag","embeddable":true,"href":"https:\/\/miumjau.ee\/lt\/wp-json\/wp\/v2\/product_tag?post=47803"}],"curies":[{"name":"wp","href":"https:\/\/api.w.org\/{rel}","templated":true}]}}