{"id":47777,"date":"2025-09-17T10:20:50","date_gmt":"2025-09-17T07:20:50","guid":{"rendered":"https:\/\/miumjau.ee\/toode\/sulankstomas-zaidimu-voljeras-sunims-sunkus-l\/"},"modified":"2026-01-07T20:45:58","modified_gmt":"2026-01-07T18:45:58","slug":"sulankstomas-zaidimu-voljeras-sunims-sunkus-l","status":"publish","type":"product","link":"https:\/\/miumjau.ee\/lt\/produktas\/sulankstomas-zaidimu-voljeras-sunims-sunkus-l\/","title":{"rendered":"Sulankstomas \u017eaidim\u0173 voljeras \u0161unims, sunkus, L"},"content":{"rendered":"","protected":false},"excerpt":{"rendered":"<p data-start=\"1279\" data-end=\"1508\">\u0160uns \u017eaidim\u0173 voljeras su slenks\u010dio vartais suteikia j\u016bs\u0173 \u0161uniui saugi\u0105 ir tvirt\u0105 erdv\u0119. Jis pagamintas i\u0161 sustiprinto, sunkaus milteliniu b\u016bdu da\u017eyto plieno, u\u017etikrinan\u010dio puik\u0173 patvarum\u0105 ir stabilum\u0105 \u2013 net energingiems \u0161unims.<\/p>\n<p data-start=\"1510\" data-end=\"1780\">Voljeras su slenks\u010dio vartais neleid\u017eia \u0161uniukams ir ma\u017eesniems \u0161unims savaranki\u0161kai i\u0161eiti, tuo pa\u010diu suteikiant savininkui patog\u0173 pri\u0117jim\u0105. Surinkimas yra greitas ir paprastas \u2013 skydai sujungiami su prid\u0117tais kai\u0161\u010diais, tod\u0117l surinkimas ir i\u0161ardymas labai paprastas.<\/p>\n<p data-start=\"1782\" data-end=\"1956\">Sunku konstrukcija yra atspari deformacijai ir korozijai, tod\u0117l tinkama naudoti tiek patalpose, tiek lauke. Praktinis ir ilgaam\u017eis sprendimas \u0161un\u0173 savininkams ir veis\u0117jams.<\/p>\n<p data-start=\"1958\" data-end=\"2143\"><strong data-start=\"1958\" data-end=\"1968\">Dydis:<\/strong> L<br data-start=\"1970\" data-end=\"1973\" \/><strong data-start=\"1973\" data-end=\"1995\">Skydelio matmenys:<\/strong> 77 \u00d7 101 cm<br data-start=\"2007\" data-end=\"2010\" \/><strong data-start=\"2010\" data-end=\"2029\">Skyd\u0173 skai\u010dius:<\/strong> 8 vnt.<br data-start=\"2036\" data-end=\"2039\" \/><strong data-start=\"2039\" data-end=\"2052\">Med\u017eiaga:<\/strong> milteliniu b\u016bdu da\u017eytas plienas<br data-start=\"2084\" data-end=\"2087\" \/><strong data-start=\"2087\" data-end=\"2098\">Spalva:<\/strong> juoda<br data-start=\"2104\" data-end=\"2107\" \/><strong data-start=\"2107\" data-end=\"2122\">Surinkimas:<\/strong> kai\u0161\u010diai pridedami<\/p>\n<p data-start=\"2145\" data-end=\"2339\"><strong data-start=\"2145\" data-end=\"2160\">Privalumai:<\/strong> sustiprinta patvari konstrukcija, vartai su slenks\u010diu, atspar\u016bs korozijai skydai, greitas kai\u0161\u010di\u0173 montavimas, naudojamas patalpose ir lauke, lengvas surinkimas ir sand\u0117liavimas<\/p>\n<p data-start=\"2341\" data-end=\"2407\"><strong data-start=\"2341\" data-end=\"2353\">Tikslas:<\/strong> \u017eaidim\u0173 voljeras vidutinio ir didelio dyd\u017eio \u0161unims<\/p>\n","protected":false},"featured_media":47778,"template":"","meta":[],"product_brand":[],"product_cat":[544],"product_tag":[],"class_list":{"0":"post-47777","1":"product","2":"type-product","3":"status-publish","4":"has-post-thumbnail","6":"product_cat-sunu-narvai-ir-transportavimo-krepsiai","7":"product_shipping_class-pakiautomaati-sobimatu-lt","9":"first","10":"outofstock","11":"sale","12":"taxable","13":"shipping-taxable","14":"purchasable","15":"product-type-simple"},"yoast_head":"<!-- This site is optimized with the Yoast SEO plugin v27.2 - https:\/\/yoast.com\/product\/yoast-seo-wordpress\/ -->\n<title>Sulankstomas \u017eaidim\u0173 voljeras \u0161unims, sunkus, L - MiuMjau<\/title>\n<meta name=\"robots\" content=\"index, follow, max-snippet:-1, max-image-preview:large, max-video-preview:-1\" \/>\n<link rel=\"canonical\" href=\"https:\/\/miumjau.ee\/lt\/produktas\/sulankstomas-zaidimu-voljeras-sunims-sunkus-l\/\" \/>\n<meta property=\"og:locale\" content=\"lt_LT\" \/>\n<meta property=\"og:type\" content=\"article\" \/>\n<meta property=\"og:title\" content=\"Sulankstomas \u017eaidim\u0173 voljeras \u0161unims, sunkus, L - MiuMjau\" \/>\n<meta property=\"og:description\" content=\"\u0160uns \u017eaidim\u0173 voljeras su slenks\u010dio vartais suteikia j\u016bs\u0173 \u0161uniui saugi\u0105 ir tvirt\u0105 erdv\u0119. Jis pagamintas i\u0161 sustiprinto, sunkaus milteliniu b\u016bdu da\u017eyto plieno, u\u017etikrinan\u010dio puik\u0173 patvarum\u0105 ir stabilum\u0105 \u2013 net energingiems \u0161unims. Voljeras su slenks\u010dio vartais neleid\u017eia \u0161uniukams ir ma\u017eesniems \u0161unims savaranki\u0161kai i\u0161eiti, tuo pa\u010diu suteikiant savininkui patog\u0173 pri\u0117jim\u0105. Surinkimas yra greitas ir paprastas \u2013 skydai sujungiami su prid\u0117tais kai\u0161\u010diais, tod\u0117l surinkimas ir i\u0161ardymas labai paprastas. Sunku konstrukcija yra atspari deformacijai ir korozijai, tod\u0117l tinkama naudoti tiek patalpose, tiek lauke. Praktinis ir ilgaam\u017eis sprendimas \u0161un\u0173 savininkams ir veis\u0117jams. Dydis: LSkydelio matmenys: 77 \u00d7 101 cmSkyd\u0173 skai\u010dius: 8 vnt.Med\u017eiaga: milteliniu b\u016bdu da\u017eytas plienasSpalva: juodaSurinkimas: kai\u0161\u010diai pridedami Privalumai: sustiprinta patvari konstrukcija, vartai su slenks\u010diu, atspar\u016bs korozijai skydai, greitas kai\u0161\u010di\u0173 montavimas, naudojamas patalpose ir lauke, lengvas surinkimas ir sand\u0117liavimas Tikslas: \u017eaidim\u0173 voljeras vidutinio ir didelio dyd\u017eio \u0161unims\" \/>\n<meta property=\"og:url\" content=\"https:\/\/miumjau.ee\/lt\/produktas\/sulankstomas-zaidimu-voljeras-sunims-sunkus-l\/\" \/>\n<meta property=\"og:site_name\" content=\"MiuMjau\" \/>\n<meta property=\"article:publisher\" content=\"https:\/\/www.facebook.com\/miumjaupood\/\" \/>\n<meta property=\"article:modified_time\" content=\"2026-01-07T18:45:58+00:00\" \/>\n<meta property=\"og:image\" content=\"https:\/\/miumjau.ee\/wp-content\/uploads\/2025\/09\/koerte-manguaedik-k921-L4-Photoroom.jpg\" \/>\n\t<meta property=\"og:image:width\" content=\"600\" \/>\n\t<meta property=\"og:image:height\" content=\"800\" \/>\n\t<meta property=\"og:image:type\" content=\"image\/jpeg\" \/>\n<meta name=\"twitter:card\" content=\"summary_large_image\" \/>\n<script type=\"application\/ld+json\" class=\"yoast-schema-graph\">{\"@context\":\"https:\/\/schema.org\",\"@graph\":[{\"@type\":\"WebPage\",\"@id\":\"https:\/\/miumjau.ee\/lt\/produktas\/sulankstomas-zaidimu-voljeras-sunims-sunkus-l\/\",\"url\":\"https:\/\/miumjau.ee\/lt\/produktas\/sulankstomas-zaidimu-voljeras-sunims-sunkus-l\/\",\"name\":\"Sulankstomas \u017eaidim\u0173 voljeras \u0161unims, sunkus, L - MiuMjau\",\"isPartOf\":{\"@id\":\"https:\/\/miumjau.ee\/#website\"},\"primaryImageOfPage\":{\"@id\":\"https:\/\/miumjau.ee\/lt\/produktas\/sulankstomas-zaidimu-voljeras-sunims-sunkus-l\/#primaryimage\"},\"image\":{\"@id\":\"https:\/\/miumjau.ee\/lt\/produktas\/sulankstomas-zaidimu-voljeras-sunims-sunkus-l\/#primaryimage\"},\"thumbnailUrl\":\"https:\/\/miumjau.ee\/wp-content\/uploads\/2025\/09\/koerte-manguaedik-k921-L4-Photoroom.jpg\",\"datePublished\":\"2025-09-17T07:20:50+00:00\",\"dateModified\":\"2026-01-07T18:45:58+00:00\",\"breadcrumb\":{\"@id\":\"https:\/\/miumjau.ee\/lt\/produktas\/sulankstomas-zaidimu-voljeras-sunims-sunkus-l\/#breadcrumb\"},\"inLanguage\":\"lt-LT\",\"potentialAction\":[{\"@type\":\"ReadAction\",\"target\":[\"https:\/\/miumjau.ee\/lt\/produktas\/sulankstomas-zaidimu-voljeras-sunims-sunkus-l\/\"]}]},{\"@type\":\"ImageObject\",\"inLanguage\":\"lt-LT\",\"@id\":\"https:\/\/miumjau.ee\/lt\/produktas\/sulankstomas-zaidimu-voljeras-sunims-sunkus-l\/#primaryimage\",\"url\":\"https:\/\/miumjau.ee\/wp-content\/uploads\/2025\/09\/koerte-manguaedik-k921-L4-Photoroom.jpg\",\"contentUrl\":\"https:\/\/miumjau.ee\/wp-content\/uploads\/2025\/09\/koerte-manguaedik-k921-L4-Photoroom.jpg\",\"width\":600,\"height\":800},{\"@type\":\"BreadcrumbList\",\"@id\":\"https:\/\/miumjau.ee\/lt\/produktas\/sulankstomas-zaidimu-voljeras-sunims-sunkus-l\/#breadcrumb\",\"itemListElement\":[{\"@type\":\"ListItem\",\"position\":1,\"name\":\"Home\",\"item\":\"https:\/\/miumjau.ee\/lt\/\"},{\"@type\":\"ListItem\",\"position\":2,\"name\":\"Parduotuv\u0117\",\"item\":\"https:\/\/miumjau.ee\/lt\/parduotuve\/\"},{\"@type\":\"ListItem\",\"position\":3,\"name\":\"Sulankstomas \u017eaidim\u0173 voljeras \u0161unims, sunkus, L\"}]},{\"@type\":\"WebSite\",\"@id\":\"https:\/\/miumjau.ee\/#website\",\"url\":\"https:\/\/miumjau.ee\/\",\"name\":\"MiuMjau\",\"description\":\"Kraapimispuud kassidele\",\"publisher\":{\"@id\":\"https:\/\/miumjau.ee\/#organization\"},\"potentialAction\":[{\"@type\":\"SearchAction\",\"target\":{\"@type\":\"EntryPoint\",\"urlTemplate\":\"https:\/\/miumjau.ee\/?s={search_term_string}\"},\"query-input\":{\"@type\":\"PropertyValueSpecification\",\"valueRequired\":true,\"valueName\":\"search_term_string\"}}],\"inLanguage\":\"lt-LT\"},{\"@type\":\"Organization\",\"@id\":\"https:\/\/miumjau.ee\/#organization\",\"name\":\"MiuMjau O\u00dc\",\"url\":\"https:\/\/miumjau.ee\/\",\"logo\":{\"@type\":\"ImageObject\",\"inLanguage\":\"lt-LT\",\"@id\":\"https:\/\/miumjau.ee\/#\/schema\/logo\/image\/\",\"url\":\"https:\/\/miumjau.ee\/wp-content\/uploads\/2022\/04\/MiuMjau-logo-kollane.png\",\"contentUrl\":\"https:\/\/miumjau.ee\/wp-content\/uploads\/2022\/04\/MiuMjau-logo-kollane.png\",\"width\":219,\"height\":100,\"caption\":\"MiuMjau O\u00dc\"},\"image\":{\"@id\":\"https:\/\/miumjau.ee\/#\/schema\/logo\/image\/\"},\"sameAs\":[\"https:\/\/www.facebook.com\/miumjaupood\/\"]}]}<\/script>\n<!-- \/ Yoast SEO plugin. -->","yoast_head_json":{"title":"Sulankstomas \u017eaidim\u0173 voljeras \u0161unims, sunkus, L - MiuMjau","robots":{"index":"index","follow":"follow","max-snippet":"max-snippet:-1","max-image-preview":"max-image-preview:large","max-video-preview":"max-video-preview:-1"},"canonical":"https:\/\/miumjau.ee\/lt\/produktas\/sulankstomas-zaidimu-voljeras-sunims-sunkus-l\/","og_locale":"lt_LT","og_type":"article","og_title":"Sulankstomas \u017eaidim\u0173 voljeras \u0161unims, sunkus, L - MiuMjau","og_description":"\u0160uns \u017eaidim\u0173 voljeras su slenks\u010dio vartais suteikia j\u016bs\u0173 \u0161uniui saugi\u0105 ir tvirt\u0105 erdv\u0119. Jis pagamintas i\u0161 sustiprinto, sunkaus milteliniu b\u016bdu da\u017eyto plieno, u\u017etikrinan\u010dio puik\u0173 patvarum\u0105 ir stabilum\u0105 \u2013 net energingiems \u0161unims. Voljeras su slenks\u010dio vartais neleid\u017eia \u0161uniukams ir ma\u017eesniems \u0161unims savaranki\u0161kai i\u0161eiti, tuo pa\u010diu suteikiant savininkui patog\u0173 pri\u0117jim\u0105. Surinkimas yra greitas ir paprastas \u2013 skydai sujungiami su prid\u0117tais kai\u0161\u010diais, tod\u0117l surinkimas ir i\u0161ardymas labai paprastas. Sunku konstrukcija yra atspari deformacijai ir korozijai, tod\u0117l tinkama naudoti tiek patalpose, tiek lauke. Praktinis ir ilgaam\u017eis sprendimas \u0161un\u0173 savininkams ir veis\u0117jams. Dydis: LSkydelio matmenys: 77 \u00d7 101 cmSkyd\u0173 skai\u010dius: 8 vnt.Med\u017eiaga: milteliniu b\u016bdu da\u017eytas plienasSpalva: juodaSurinkimas: kai\u0161\u010diai pridedami Privalumai: sustiprinta patvari konstrukcija, vartai su slenks\u010diu, atspar\u016bs korozijai skydai, greitas kai\u0161\u010di\u0173 montavimas, naudojamas patalpose ir lauke, lengvas surinkimas ir sand\u0117liavimas Tikslas: \u017eaidim\u0173 voljeras vidutinio ir didelio dyd\u017eio \u0161unims","og_url":"https:\/\/miumjau.ee\/lt\/produktas\/sulankstomas-zaidimu-voljeras-sunims-sunkus-l\/","og_site_name":"MiuMjau","article_publisher":"https:\/\/www.facebook.com\/miumjaupood\/","article_modified_time":"2026-01-07T18:45:58+00:00","og_image":[{"width":600,"height":800,"url":"https:\/\/miumjau.ee\/wp-content\/uploads\/2025\/09\/koerte-manguaedik-k921-L4-Photoroom.jpg","type":"image\/jpeg"}],"twitter_card":"summary_large_image","schema":{"@context":"https:\/\/schema.org","@graph":[{"@type":"WebPage","@id":"https:\/\/miumjau.ee\/lt\/produktas\/sulankstomas-zaidimu-voljeras-sunims-sunkus-l\/","url":"https:\/\/miumjau.ee\/lt\/produktas\/sulankstomas-zaidimu-voljeras-sunims-sunkus-l\/","name":"Sulankstomas \u017eaidim\u0173 voljeras \u0161unims, sunkus, L - MiuMjau","isPartOf":{"@id":"https:\/\/miumjau.ee\/#website"},"primaryImageOfPage":{"@id":"https:\/\/miumjau.ee\/lt\/produktas\/sulankstomas-zaidimu-voljeras-sunims-sunkus-l\/#primaryimage"},"image":{"@id":"https:\/\/miumjau.ee\/lt\/produktas\/sulankstomas-zaidimu-voljeras-sunims-sunkus-l\/#primaryimage"},"thumbnailUrl":"https:\/\/miumjau.ee\/wp-content\/uploads\/2025\/09\/koerte-manguaedik-k921-L4-Photoroom.jpg","datePublished":"2025-09-17T07:20:50+00:00","dateModified":"2026-01-07T18:45:58+00:00","breadcrumb":{"@id":"https:\/\/miumjau.ee\/lt\/produktas\/sulankstomas-zaidimu-voljeras-sunims-sunkus-l\/#breadcrumb"},"inLanguage":"lt-LT","potentialAction":[{"@type":"ReadAction","target":["https:\/\/miumjau.ee\/lt\/produktas\/sulankstomas-zaidimu-voljeras-sunims-sunkus-l\/"]}]},{"@type":"ImageObject","inLanguage":"lt-LT","@id":"https:\/\/miumjau.ee\/lt\/produktas\/sulankstomas-zaidimu-voljeras-sunims-sunkus-l\/#primaryimage","url":"https:\/\/miumjau.ee\/wp-content\/uploads\/2025\/09\/koerte-manguaedik-k921-L4-Photoroom.jpg","contentUrl":"https:\/\/miumjau.ee\/wp-content\/uploads\/2025\/09\/koerte-manguaedik-k921-L4-Photoroom.jpg","width":600,"height":800},{"@type":"BreadcrumbList","@id":"https:\/\/miumjau.ee\/lt\/produktas\/sulankstomas-zaidimu-voljeras-sunims-sunkus-l\/#breadcrumb","itemListElement":[{"@type":"ListItem","position":1,"name":"Home","item":"https:\/\/miumjau.ee\/lt\/"},{"@type":"ListItem","position":2,"name":"Parduotuv\u0117","item":"https:\/\/miumjau.ee\/lt\/parduotuve\/"},{"@type":"ListItem","position":3,"name":"Sulankstomas \u017eaidim\u0173 voljeras \u0161unims, sunkus, L"}]},{"@type":"WebSite","@id":"https:\/\/miumjau.ee\/#website","url":"https:\/\/miumjau.ee\/","name":"MiuMjau","description":"Kraapimispuud kassidele","publisher":{"@id":"https:\/\/miumjau.ee\/#organization"},"potentialAction":[{"@type":"SearchAction","target":{"@type":"EntryPoint","urlTemplate":"https:\/\/miumjau.ee\/?s={search_term_string}"},"query-input":{"@type":"PropertyValueSpecification","valueRequired":true,"valueName":"search_term_string"}}],"inLanguage":"lt-LT"},{"@type":"Organization","@id":"https:\/\/miumjau.ee\/#organization","name":"MiuMjau O\u00dc","url":"https:\/\/miumjau.ee\/","logo":{"@type":"ImageObject","inLanguage":"lt-LT","@id":"https:\/\/miumjau.ee\/#\/schema\/logo\/image\/","url":"https:\/\/miumjau.ee\/wp-content\/uploads\/2022\/04\/MiuMjau-logo-kollane.png","contentUrl":"https:\/\/miumjau.ee\/wp-content\/uploads\/2022\/04\/MiuMjau-logo-kollane.png","width":219,"height":100,"caption":"MiuMjau O\u00dc"},"image":{"@id":"https:\/\/miumjau.ee\/#\/schema\/logo\/image\/"},"sameAs":["https:\/\/www.facebook.com\/miumjaupood\/"]}]}},"_links":{"self":[{"href":"https:\/\/miumjau.ee\/lt\/wp-json\/wp\/v2\/product\/47777","targetHints":{"allow":["GET"]}}],"collection":[{"href":"https:\/\/miumjau.ee\/lt\/wp-json\/wp\/v2\/product"}],"about":[{"href":"https:\/\/miumjau.ee\/lt\/wp-json\/wp\/v2\/types\/product"}],"wp:featuredmedia":[{"embeddable":true,"href":"https:\/\/miumjau.ee\/lt\/wp-json\/wp\/v2\/media\/47778"}],"wp:attachment":[{"href":"https:\/\/miumjau.ee\/lt\/wp-json\/wp\/v2\/media?parent=47777"}],"wp:term":[{"taxonomy":"product_brand","embeddable":true,"href":"https:\/\/miumjau.ee\/lt\/wp-json\/wp\/v2\/product_brand?post=47777"},{"taxonomy":"product_cat","embeddable":true,"href":"https:\/\/miumjau.ee\/lt\/wp-json\/wp\/v2\/product_cat?post=47777"},{"taxonomy":"product_tag","embeddable":true,"href":"https:\/\/miumjau.ee\/lt\/wp-json\/wp\/v2\/product_tag?post=47777"}],"curies":[{"name":"wp","href":"https:\/\/api.w.org\/{rel}","templated":true}]}}