{"id":47742,"date":"2025-09-18T19:27:19","date_gmt":"2025-09-18T16:27:19","guid":{"rendered":"https:\/\/miumjau.ee\/toode\/fish4cats-finest-konservai-sardines-skumbres-10x70g\/"},"modified":"2026-01-07T20:46:05","modified_gmt":"2026-01-07T18:46:05","slug":"fish4cats-finest-konservai-sardines-skumbres-10x70g","status":"publish","type":"product","link":"https:\/\/miumjau.ee\/lt\/produktas\/fish4cats-finest-konservai-sardines-skumbres-10x70g\/","title":{"rendered":"Fish4Cats Finest konservai, sardin\u0117s \/ skumbr\u0117s 10x70g"},"content":{"rendered":"","protected":false},"excerpt":{"rendered":"<p data-start=\"983\" data-end=\"1066\">Pristatome Fish4Cats skan\u0173 \u017euvies skonio Finest dr\u0117gn\u0173 pa\u0161ar\u0173 pasirinkim\u0105 kat\u0117ms.<\/p>\n<p data-start=\"1068\" data-end=\"1167\">Su \u012fvairiais skoniais ir prabangiais ingredientais, pakanka, kad patikt\u0173 net i\u0161rankiausiai katei.<\/p>\n<p data-start=\"1169\" data-end=\"1344\">Kat\u0117s dievina \u017euvies skon\u012f \u2013 o kadangi \u017euvis yra turtinga omega-3 riebal\u0173 r\u016bg\u0161timis ir kokybi\u0161ku lengvai vir\u0161kinamu baltymu, tai sveikas ir skanus patiekalas \u2013 jie tai myli.<\/p>\n<p data-start=\"1346\" data-end=\"1503\">Su labai dideliu \u017euvies kiekiu Fish4Cats dr\u0117gnas maistas suteikia diet\u0105, atspindin\u010di\u0105 nat\u016bral\u0173 ka\u010di\u0173 mityb\u0105, tod\u0117l tai sveikiausias b\u016bdas \u0161erti savo kates.<\/p>\n<p data-start=\"1505\" data-end=\"1575\">Ypa\u010d gard\u016bs konservai su j\u016bros g\u0117ryb\u0117mis kat\u0117ms, papildomas maistas.<\/p>\n<p data-start=\"1577\" data-end=\"1651\"><strong data-start=\"1577\" data-end=\"1589\">Sud\u0117tis:<\/strong> \u017euvies sultinys 38%, sardin\u0117s 29%, skumbr\u0117s 29%, ry\u017eiai 4%.<\/p>\n<p data-start=\"1653\" data-end=\"1756\"><strong data-start=\"1653\" data-end=\"1681\">Analitiniai komponentai:<\/strong> \u017eali baltymai 12%, pluo\u0161tas 0,9%, riebalai 0,1%, pelenai 2%, dr\u0117gm\u0117 85%.<\/p>\n","protected":false},"featured_media":42379,"template":"","meta":[],"product_brand":[],"product_cat":[526],"product_tag":[],"class_list":{"0":"post-47742","1":"product","2":"type-product","3":"status-publish","4":"has-post-thumbnail","6":"product_cat-slapias-maistas","8":"first","9":"instock","10":"taxable","11":"shipping-taxable","12":"purchasable","13":"product-type-simple"},"yoast_head":"<!-- This site is optimized with the Yoast SEO plugin v27.4 - https:\/\/yoast.com\/product\/yoast-seo-wordpress\/ -->\n<title>Fish4Cats Finest konservai, sardin\u0117s \/ skumbr\u0117s 10x70g - MiuMjau<\/title>\n<meta name=\"robots\" content=\"index, follow, max-snippet:-1, max-image-preview:large, max-video-preview:-1\" \/>\n<link rel=\"canonical\" href=\"https:\/\/miumjau.ee\/lt\/produktas\/fish4cats-finest-konservai-sardines-skumbres-10x70g\/\" \/>\n<meta property=\"og:locale\" content=\"lt_LT\" \/>\n<meta property=\"og:type\" content=\"article\" \/>\n<meta property=\"og:title\" content=\"Fish4Cats Finest konservai, sardin\u0117s \/ skumbr\u0117s 10x70g - MiuMjau\" \/>\n<meta property=\"og:description\" content=\"Pristatome Fish4Cats skan\u0173 \u017euvies skonio Finest dr\u0117gn\u0173 pa\u0161ar\u0173 pasirinkim\u0105 kat\u0117ms. Su \u012fvairiais skoniais ir prabangiais ingredientais, pakanka, kad patikt\u0173 net i\u0161rankiausiai katei. Kat\u0117s dievina \u017euvies skon\u012f \u2013 o kadangi \u017euvis yra turtinga omega-3 riebal\u0173 r\u016bg\u0161timis ir kokybi\u0161ku lengvai vir\u0161kinamu baltymu, tai sveikas ir skanus patiekalas \u2013 jie tai myli. Su labai dideliu \u017euvies kiekiu Fish4Cats dr\u0117gnas maistas suteikia diet\u0105, atspindin\u010di\u0105 nat\u016bral\u0173 ka\u010di\u0173 mityb\u0105, tod\u0117l tai sveikiausias b\u016bdas \u0161erti savo kates. Ypa\u010d gard\u016bs konservai su j\u016bros g\u0117ryb\u0117mis kat\u0117ms, papildomas maistas. Sud\u0117tis: \u017euvies sultinys 38%, sardin\u0117s 29%, skumbr\u0117s 29%, ry\u017eiai 4%. Analitiniai komponentai: \u017eali baltymai 12%, pluo\u0161tas 0,9%, riebalai 0,1%, pelenai 2%, dr\u0117gm\u0117 85%.\" \/>\n<meta property=\"og:url\" content=\"https:\/\/miumjau.ee\/lt\/produktas\/fish4cats-finest-konservai-sardines-skumbres-10x70g\/\" \/>\n<meta property=\"og:site_name\" content=\"MiuMjau\" \/>\n<meta property=\"article:publisher\" content=\"https:\/\/www.facebook.com\/miumjaupood\/\" \/>\n<meta property=\"article:modified_time\" content=\"2026-01-07T18:46:05+00:00\" \/>\n<meta property=\"og:image\" content=\"https:\/\/miumjau.ee\/wp-content\/uploads\/2025\/09\/fish4cats-filee-kassidele-10pakk6.jpg\" \/>\n\t<meta property=\"og:image:width\" content=\"600\" \/>\n\t<meta property=\"og:image:height\" content=\"800\" \/>\n\t<meta property=\"og:image:type\" content=\"image\/jpeg\" \/>\n<meta name=\"twitter:card\" content=\"summary_large_image\" \/>\n<script type=\"application\/ld+json\" class=\"yoast-schema-graph\">{\"@context\":\"https:\\\/\\\/schema.org\",\"@graph\":[{\"@type\":\"WebPage\",\"@id\":\"https:\\\/\\\/miumjau.ee\\\/lt\\\/produktas\\\/fish4cats-finest-konservai-sardines-skumbres-10x70g\\\/\",\"url\":\"https:\\\/\\\/miumjau.ee\\\/lt\\\/produktas\\\/fish4cats-finest-konservai-sardines-skumbres-10x70g\\\/\",\"name\":\"Fish4Cats Finest konservai, sardin\u0117s \\\/ skumbr\u0117s 10x70g - MiuMjau\",\"isPartOf\":{\"@id\":\"https:\\\/\\\/miumjau.ee\\\/#website\"},\"primaryImageOfPage\":{\"@id\":\"https:\\\/\\\/miumjau.ee\\\/lt\\\/produktas\\\/fish4cats-finest-konservai-sardines-skumbres-10x70g\\\/#primaryimage\"},\"image\":{\"@id\":\"https:\\\/\\\/miumjau.ee\\\/lt\\\/produktas\\\/fish4cats-finest-konservai-sardines-skumbres-10x70g\\\/#primaryimage\"},\"thumbnailUrl\":\"https:\\\/\\\/miumjau.ee\\\/wp-content\\\/uploads\\\/2025\\\/09\\\/fish4cats-filee-kassidele-10pakk6.jpg\",\"datePublished\":\"2025-09-18T16:27:19+00:00\",\"dateModified\":\"2026-01-07T18:46:05+00:00\",\"breadcrumb\":{\"@id\":\"https:\\\/\\\/miumjau.ee\\\/lt\\\/produktas\\\/fish4cats-finest-konservai-sardines-skumbres-10x70g\\\/#breadcrumb\"},\"inLanguage\":\"lt-LT\",\"potentialAction\":[{\"@type\":\"ReadAction\",\"target\":[\"https:\\\/\\\/miumjau.ee\\\/lt\\\/produktas\\\/fish4cats-finest-konservai-sardines-skumbres-10x70g\\\/\"]}]},{\"@type\":\"ImageObject\",\"inLanguage\":\"lt-LT\",\"@id\":\"https:\\\/\\\/miumjau.ee\\\/lt\\\/produktas\\\/fish4cats-finest-konservai-sardines-skumbres-10x70g\\\/#primaryimage\",\"url\":\"https:\\\/\\\/miumjau.ee\\\/wp-content\\\/uploads\\\/2025\\\/09\\\/fish4cats-filee-kassidele-10pakk6.jpg\",\"contentUrl\":\"https:\\\/\\\/miumjau.ee\\\/wp-content\\\/uploads\\\/2025\\\/09\\\/fish4cats-filee-kassidele-10pakk6.jpg\",\"width\":600,\"height\":800,\"caption\":\"Fish4Cats Finest konserv sardiin \\\/ makrell 10x70g\"},{\"@type\":\"BreadcrumbList\",\"@id\":\"https:\\\/\\\/miumjau.ee\\\/lt\\\/produktas\\\/fish4cats-finest-konservai-sardines-skumbres-10x70g\\\/#breadcrumb\",\"itemListElement\":[{\"@type\":\"ListItem\",\"position\":1,\"name\":\"Home\",\"item\":\"https:\\\/\\\/miumjau.ee\\\/lt\\\/\"},{\"@type\":\"ListItem\",\"position\":2,\"name\":\"Parduotuv\u0117\",\"item\":\"https:\\\/\\\/miumjau.ee\\\/lt\\\/parduotuve\\\/\"},{\"@type\":\"ListItem\",\"position\":3,\"name\":\"Fish4Cats Finest konservai, sardin\u0117s \\\/ skumbr\u0117s 10x70g\"}]},{\"@type\":\"WebSite\",\"@id\":\"https:\\\/\\\/miumjau.ee\\\/#website\",\"url\":\"https:\\\/\\\/miumjau.ee\\\/\",\"name\":\"MiuMjau\",\"description\":\"Kraapimispuud kassidele\",\"publisher\":{\"@id\":\"https:\\\/\\\/miumjau.ee\\\/#organization\"},\"potentialAction\":[{\"@type\":\"SearchAction\",\"target\":{\"@type\":\"EntryPoint\",\"urlTemplate\":\"https:\\\/\\\/miumjau.ee\\\/?s={search_term_string}\"},\"query-input\":{\"@type\":\"PropertyValueSpecification\",\"valueRequired\":true,\"valueName\":\"search_term_string\"}}],\"inLanguage\":\"lt-LT\"},{\"@type\":\"Organization\",\"@id\":\"https:\\\/\\\/miumjau.ee\\\/#organization\",\"name\":\"MiuMjau O\u00dc\",\"url\":\"https:\\\/\\\/miumjau.ee\\\/\",\"logo\":{\"@type\":\"ImageObject\",\"inLanguage\":\"lt-LT\",\"@id\":\"https:\\\/\\\/miumjau.ee\\\/#\\\/schema\\\/logo\\\/image\\\/\",\"url\":\"https:\\\/\\\/miumjau.ee\\\/wp-content\\\/uploads\\\/2022\\\/04\\\/MiuMjau-logo-kollane.png\",\"contentUrl\":\"https:\\\/\\\/miumjau.ee\\\/wp-content\\\/uploads\\\/2022\\\/04\\\/MiuMjau-logo-kollane.png\",\"width\":219,\"height\":100,\"caption\":\"MiuMjau O\u00dc\"},\"image\":{\"@id\":\"https:\\\/\\\/miumjau.ee\\\/#\\\/schema\\\/logo\\\/image\\\/\"},\"sameAs\":[\"https:\\\/\\\/www.facebook.com\\\/miumjaupood\\\/\"]}]}<\/script>\n<!-- \/ Yoast SEO plugin. -->","yoast_head_json":{"title":"Fish4Cats Finest konservai, sardin\u0117s \/ skumbr\u0117s 10x70g - MiuMjau","robots":{"index":"index","follow":"follow","max-snippet":"max-snippet:-1","max-image-preview":"max-image-preview:large","max-video-preview":"max-video-preview:-1"},"canonical":"https:\/\/miumjau.ee\/lt\/produktas\/fish4cats-finest-konservai-sardines-skumbres-10x70g\/","og_locale":"lt_LT","og_type":"article","og_title":"Fish4Cats Finest konservai, sardin\u0117s \/ skumbr\u0117s 10x70g - MiuMjau","og_description":"Pristatome Fish4Cats skan\u0173 \u017euvies skonio Finest dr\u0117gn\u0173 pa\u0161ar\u0173 pasirinkim\u0105 kat\u0117ms. Su \u012fvairiais skoniais ir prabangiais ingredientais, pakanka, kad patikt\u0173 net i\u0161rankiausiai katei. Kat\u0117s dievina \u017euvies skon\u012f \u2013 o kadangi \u017euvis yra turtinga omega-3 riebal\u0173 r\u016bg\u0161timis ir kokybi\u0161ku lengvai vir\u0161kinamu baltymu, tai sveikas ir skanus patiekalas \u2013 jie tai myli. Su labai dideliu \u017euvies kiekiu Fish4Cats dr\u0117gnas maistas suteikia diet\u0105, atspindin\u010di\u0105 nat\u016bral\u0173 ka\u010di\u0173 mityb\u0105, tod\u0117l tai sveikiausias b\u016bdas \u0161erti savo kates. Ypa\u010d gard\u016bs konservai su j\u016bros g\u0117ryb\u0117mis kat\u0117ms, papildomas maistas. Sud\u0117tis: \u017euvies sultinys 38%, sardin\u0117s 29%, skumbr\u0117s 29%, ry\u017eiai 4%. Analitiniai komponentai: \u017eali baltymai 12%, pluo\u0161tas 0,9%, riebalai 0,1%, pelenai 2%, dr\u0117gm\u0117 85%.","og_url":"https:\/\/miumjau.ee\/lt\/produktas\/fish4cats-finest-konservai-sardines-skumbres-10x70g\/","og_site_name":"MiuMjau","article_publisher":"https:\/\/www.facebook.com\/miumjaupood\/","article_modified_time":"2026-01-07T18:46:05+00:00","og_image":[{"width":600,"height":800,"url":"https:\/\/miumjau.ee\/wp-content\/uploads\/2025\/09\/fish4cats-filee-kassidele-10pakk6.jpg","type":"image\/jpeg"}],"twitter_card":"summary_large_image","schema":{"@context":"https:\/\/schema.org","@graph":[{"@type":"WebPage","@id":"https:\/\/miumjau.ee\/lt\/produktas\/fish4cats-finest-konservai-sardines-skumbres-10x70g\/","url":"https:\/\/miumjau.ee\/lt\/produktas\/fish4cats-finest-konservai-sardines-skumbres-10x70g\/","name":"Fish4Cats Finest konservai, sardin\u0117s \/ skumbr\u0117s 10x70g - MiuMjau","isPartOf":{"@id":"https:\/\/miumjau.ee\/#website"},"primaryImageOfPage":{"@id":"https:\/\/miumjau.ee\/lt\/produktas\/fish4cats-finest-konservai-sardines-skumbres-10x70g\/#primaryimage"},"image":{"@id":"https:\/\/miumjau.ee\/lt\/produktas\/fish4cats-finest-konservai-sardines-skumbres-10x70g\/#primaryimage"},"thumbnailUrl":"https:\/\/miumjau.ee\/wp-content\/uploads\/2025\/09\/fish4cats-filee-kassidele-10pakk6.jpg","datePublished":"2025-09-18T16:27:19+00:00","dateModified":"2026-01-07T18:46:05+00:00","breadcrumb":{"@id":"https:\/\/miumjau.ee\/lt\/produktas\/fish4cats-finest-konservai-sardines-skumbres-10x70g\/#breadcrumb"},"inLanguage":"lt-LT","potentialAction":[{"@type":"ReadAction","target":["https:\/\/miumjau.ee\/lt\/produktas\/fish4cats-finest-konservai-sardines-skumbres-10x70g\/"]}]},{"@type":"ImageObject","inLanguage":"lt-LT","@id":"https:\/\/miumjau.ee\/lt\/produktas\/fish4cats-finest-konservai-sardines-skumbres-10x70g\/#primaryimage","url":"https:\/\/miumjau.ee\/wp-content\/uploads\/2025\/09\/fish4cats-filee-kassidele-10pakk6.jpg","contentUrl":"https:\/\/miumjau.ee\/wp-content\/uploads\/2025\/09\/fish4cats-filee-kassidele-10pakk6.jpg","width":600,"height":800,"caption":"Fish4Cats Finest konserv sardiin \/ makrell 10x70g"},{"@type":"BreadcrumbList","@id":"https:\/\/miumjau.ee\/lt\/produktas\/fish4cats-finest-konservai-sardines-skumbres-10x70g\/#breadcrumb","itemListElement":[{"@type":"ListItem","position":1,"name":"Home","item":"https:\/\/miumjau.ee\/lt\/"},{"@type":"ListItem","position":2,"name":"Parduotuv\u0117","item":"https:\/\/miumjau.ee\/lt\/parduotuve\/"},{"@type":"ListItem","position":3,"name":"Fish4Cats Finest konservai, sardin\u0117s \/ skumbr\u0117s 10x70g"}]},{"@type":"WebSite","@id":"https:\/\/miumjau.ee\/#website","url":"https:\/\/miumjau.ee\/","name":"MiuMjau","description":"Kraapimispuud kassidele","publisher":{"@id":"https:\/\/miumjau.ee\/#organization"},"potentialAction":[{"@type":"SearchAction","target":{"@type":"EntryPoint","urlTemplate":"https:\/\/miumjau.ee\/?s={search_term_string}"},"query-input":{"@type":"PropertyValueSpecification","valueRequired":true,"valueName":"search_term_string"}}],"inLanguage":"lt-LT"},{"@type":"Organization","@id":"https:\/\/miumjau.ee\/#organization","name":"MiuMjau O\u00dc","url":"https:\/\/miumjau.ee\/","logo":{"@type":"ImageObject","inLanguage":"lt-LT","@id":"https:\/\/miumjau.ee\/#\/schema\/logo\/image\/","url":"https:\/\/miumjau.ee\/wp-content\/uploads\/2022\/04\/MiuMjau-logo-kollane.png","contentUrl":"https:\/\/miumjau.ee\/wp-content\/uploads\/2022\/04\/MiuMjau-logo-kollane.png","width":219,"height":100,"caption":"MiuMjau O\u00dc"},"image":{"@id":"https:\/\/miumjau.ee\/#\/schema\/logo\/image\/"},"sameAs":["https:\/\/www.facebook.com\/miumjaupood\/"]}]}},"_links":{"self":[{"href":"https:\/\/miumjau.ee\/lt\/wp-json\/wp\/v2\/product\/47742","targetHints":{"allow":["GET"]}}],"collection":[{"href":"https:\/\/miumjau.ee\/lt\/wp-json\/wp\/v2\/product"}],"about":[{"href":"https:\/\/miumjau.ee\/lt\/wp-json\/wp\/v2\/types\/product"}],"wp:featuredmedia":[{"embeddable":true,"href":"https:\/\/miumjau.ee\/lt\/wp-json\/wp\/v2\/media\/42379"}],"wp:attachment":[{"href":"https:\/\/miumjau.ee\/lt\/wp-json\/wp\/v2\/media?parent=47742"}],"wp:term":[{"taxonomy":"product_brand","embeddable":true,"href":"https:\/\/miumjau.ee\/lt\/wp-json\/wp\/v2\/product_brand?post=47742"},{"taxonomy":"product_cat","embeddable":true,"href":"https:\/\/miumjau.ee\/lt\/wp-json\/wp\/v2\/product_cat?post=47742"},{"taxonomy":"product_tag","embeddable":true,"href":"https:\/\/miumjau.ee\/lt\/wp-json\/wp\/v2\/product_tag?post=47742"}],"curies":[{"name":"wp","href":"https:\/\/api.w.org\/{rel}","templated":true}]}}