{"id":47699,"date":"2025-09-20T14:14:09","date_gmt":"2025-09-20T11:14:09","guid":{"rendered":"https:\/\/miumjau.ee\/toode\/catfest-tuno-ir-vistienos-misinys-12x50g\/"},"modified":"2026-01-07T20:46:12","modified_gmt":"2026-01-07T18:46:12","slug":"catfest-tuno-ir-vistienos-misinys-12x50g","status":"publish","type":"product","link":"https:\/\/miumjau.ee\/lt\/produktas\/catfest-tuno-ir-vistienos-misinys-12x50g\/","title":{"rendered":"CatFest tuno ir vi\u0161tienos mi\u0161inys, 12x50g"},"content":{"rendered":"","protected":false},"excerpt":{"rendered":"<p data-start=\"1182\" data-end=\"1566\">CatFest serijos konservuotas dr\u0117gnas maistas kat\u0117ms pagamintas i\u0161 mink\u0161tos Ramiojo vandenyno tuno \u2013 tikras gurmani\u0161kas patiekalas kailiniams smali\u017eiams. Tamsi tuno m\u0117sa turi \u0161velni\u0105 tekst\u016br\u0105 ir ry\u0161kesn\u012f aromat\u0105, suteikiant\u012f maistui intensyv\u0173 j\u016bros \u017euvies skon\u012f. Pateikiama \u0161velniame \u017eele, kuris ne tik pagerina maisto tekst\u016br\u0105, bet ir skatina geresn\u012f maistini\u0173 med\u017eiag\u0173 \u012fsisavinim\u0105.<\/p>\n<p data-start=\"1568\" data-end=\"1859\"><strong data-start=\"1568\" data-end=\"1580\">Sud\u0117tis:<\/strong> Tunas 60%, vi\u0161tienos m\u0117sa 6%, mieli\u0173 ekstraktas, prebiotikas FOS, an\u010diuvio aliejus, mineralai.<br data-start=\"1675\" data-end=\"1678\" \/><strong data-start=\"1678\" data-end=\"1705\">Maistin\u0117 vert\u0117 (mg\/kg):<\/strong> E vitaminas \u2013 1 000, taurinas \u2013 1 000<br data-start=\"1743\" data-end=\"1746\" \/><strong data-start=\"1746\" data-end=\"1774\">Analitiniai komponentai:<\/strong> \u017dali baltymai 10%, \u017eali riebalai 0,5%, pelenai 1,5%, \u017eali pluo\u0161tai 1%, dr\u0117gm\u0117 88%.<\/p>\n<p data-start=\"1861\" data-end=\"2231\"><strong data-start=\"1861\" data-end=\"1876\">Naudojimas:<\/strong> Tinka kaip papildomas nat\u016bralus maistas visoms suaugusioms namin\u0117ms kat\u0117ms, \u012fskaitant sterilizuotas ir kastruotas kates, taip pat kat\u0117ms, turin\u010dioms alergij\u0173 ar vir\u0161kinimo problem\u0173. Patiekite kambario temperat\u016broje. Laikyti v\u0117sioje ir sausoje vietoje. Naudoti iki 3 pakuo\u010di\u0173 per dien\u0105. U\u017etikrinkite, kad kat\u0117 visada tur\u0117t\u0173 prieig\u0105 prie \u0161vie\u017eio vandens.<\/p>\n","protected":false},"featured_media":42344,"template":"","meta":[],"product_brand":[],"product_cat":[526],"product_tag":[],"class_list":{"0":"post-47699","1":"product","2":"type-product","3":"status-publish","4":"has-post-thumbnail","6":"product_cat-slapias-maistas","8":"first","9":"instock","10":"taxable","11":"shipping-taxable","12":"purchasable","13":"product-type-simple"},"yoast_head":"<!-- This site is optimized with the Yoast SEO plugin v27.4 - https:\/\/yoast.com\/product\/yoast-seo-wordpress\/ -->\n<title>CatFest tuno ir vi\u0161tienos mi\u0161inys, 12x50g - MiuMjau<\/title>\n<meta name=\"robots\" content=\"index, follow, max-snippet:-1, max-image-preview:large, max-video-preview:-1\" \/>\n<link rel=\"canonical\" href=\"https:\/\/miumjau.ee\/lt\/produktas\/catfest-tuno-ir-vistienos-misinys-12x50g\/\" \/>\n<meta property=\"og:locale\" content=\"lt_LT\" \/>\n<meta property=\"og:type\" content=\"article\" \/>\n<meta property=\"og:title\" content=\"CatFest tuno ir vi\u0161tienos mi\u0161inys, 12x50g - MiuMjau\" \/>\n<meta property=\"og:description\" content=\"CatFest serijos konservuotas dr\u0117gnas maistas kat\u0117ms pagamintas i\u0161 mink\u0161tos Ramiojo vandenyno tuno \u2013 tikras gurmani\u0161kas patiekalas kailiniams smali\u017eiams. Tamsi tuno m\u0117sa turi \u0161velni\u0105 tekst\u016br\u0105 ir ry\u0161kesn\u012f aromat\u0105, suteikiant\u012f maistui intensyv\u0173 j\u016bros \u017euvies skon\u012f. Pateikiama \u0161velniame \u017eele, kuris ne tik pagerina maisto tekst\u016br\u0105, bet ir skatina geresn\u012f maistini\u0173 med\u017eiag\u0173 \u012fsisavinim\u0105. Sud\u0117tis: Tunas 60%, vi\u0161tienos m\u0117sa 6%, mieli\u0173 ekstraktas, prebiotikas FOS, an\u010diuvio aliejus, mineralai.Maistin\u0117 vert\u0117 (mg\/kg): E vitaminas \u2013 1 000, taurinas \u2013 1 000Analitiniai komponentai: \u017dali baltymai 10%, \u017eali riebalai 0,5%, pelenai 1,5%, \u017eali pluo\u0161tai 1%, dr\u0117gm\u0117 88%. Naudojimas: Tinka kaip papildomas nat\u016bralus maistas visoms suaugusioms namin\u0117ms kat\u0117ms, \u012fskaitant sterilizuotas ir kastruotas kates, taip pat kat\u0117ms, turin\u010dioms alergij\u0173 ar vir\u0161kinimo problem\u0173. Patiekite kambario temperat\u016broje. Laikyti v\u0117sioje ir sausoje vietoje. Naudoti iki 3 pakuo\u010di\u0173 per dien\u0105. U\u017etikrinkite, kad kat\u0117 visada tur\u0117t\u0173 prieig\u0105 prie \u0161vie\u017eio vandens.\" \/>\n<meta property=\"og:url\" content=\"https:\/\/miumjau.ee\/lt\/produktas\/catfest-tuno-ir-vistienos-misinys-12x50g\/\" \/>\n<meta property=\"og:site_name\" content=\"MiuMjau\" \/>\n<meta property=\"article:publisher\" content=\"https:\/\/www.facebook.com\/miumjaupood\/\" \/>\n<meta property=\"article:modified_time\" content=\"2026-01-07T18:46:12+00:00\" \/>\n<meta property=\"og:image\" content=\"https:\/\/miumjau.ee\/wp-content\/uploads\/2025\/09\/catfest-meal-margtoit-kassile1.jpg\" \/>\n\t<meta property=\"og:image:width\" content=\"1200\" \/>\n\t<meta property=\"og:image:height\" content=\"1600\" \/>\n\t<meta property=\"og:image:type\" content=\"image\/jpeg\" \/>\n<meta name=\"twitter:card\" content=\"summary_large_image\" \/>\n<script type=\"application\/ld+json\" class=\"yoast-schema-graph\">{\"@context\":\"https:\\\/\\\/schema.org\",\"@graph\":[{\"@type\":\"WebPage\",\"@id\":\"https:\\\/\\\/miumjau.ee\\\/lt\\\/produktas\\\/catfest-tuno-ir-vistienos-misinys-12x50g\\\/\",\"url\":\"https:\\\/\\\/miumjau.ee\\\/lt\\\/produktas\\\/catfest-tuno-ir-vistienos-misinys-12x50g\\\/\",\"name\":\"CatFest tuno ir vi\u0161tienos mi\u0161inys, 12x50g - MiuMjau\",\"isPartOf\":{\"@id\":\"https:\\\/\\\/miumjau.ee\\\/#website\"},\"primaryImageOfPage\":{\"@id\":\"https:\\\/\\\/miumjau.ee\\\/lt\\\/produktas\\\/catfest-tuno-ir-vistienos-misinys-12x50g\\\/#primaryimage\"},\"image\":{\"@id\":\"https:\\\/\\\/miumjau.ee\\\/lt\\\/produktas\\\/catfest-tuno-ir-vistienos-misinys-12x50g\\\/#primaryimage\"},\"thumbnailUrl\":\"https:\\\/\\\/miumjau.ee\\\/wp-content\\\/uploads\\\/2025\\\/09\\\/catfest-meal-margtoit-kassile1.jpg\",\"datePublished\":\"2025-09-20T11:14:09+00:00\",\"dateModified\":\"2026-01-07T18:46:12+00:00\",\"breadcrumb\":{\"@id\":\"https:\\\/\\\/miumjau.ee\\\/lt\\\/produktas\\\/catfest-tuno-ir-vistienos-misinys-12x50g\\\/#breadcrumb\"},\"inLanguage\":\"lt-LT\",\"potentialAction\":[{\"@type\":\"ReadAction\",\"target\":[\"https:\\\/\\\/miumjau.ee\\\/lt\\\/produktas\\\/catfest-tuno-ir-vistienos-misinys-12x50g\\\/\"]}]},{\"@type\":\"ImageObject\",\"inLanguage\":\"lt-LT\",\"@id\":\"https:\\\/\\\/miumjau.ee\\\/lt\\\/produktas\\\/catfest-tuno-ir-vistienos-misinys-12x50g\\\/#primaryimage\",\"url\":\"https:\\\/\\\/miumjau.ee\\\/wp-content\\\/uploads\\\/2025\\\/09\\\/catfest-meal-margtoit-kassile1.jpg\",\"contentUrl\":\"https:\\\/\\\/miumjau.ee\\\/wp-content\\\/uploads\\\/2025\\\/09\\\/catfest-meal-margtoit-kassile1.jpg\",\"width\":1200,\"height\":1600,\"caption\":\"CatFest tuunikala ja kana tarrendis,12x50g\"},{\"@type\":\"BreadcrumbList\",\"@id\":\"https:\\\/\\\/miumjau.ee\\\/lt\\\/produktas\\\/catfest-tuno-ir-vistienos-misinys-12x50g\\\/#breadcrumb\",\"itemListElement\":[{\"@type\":\"ListItem\",\"position\":1,\"name\":\"Home\",\"item\":\"https:\\\/\\\/miumjau.ee\\\/lt\\\/\"},{\"@type\":\"ListItem\",\"position\":2,\"name\":\"Parduotuv\u0117\",\"item\":\"https:\\\/\\\/miumjau.ee\\\/lt\\\/parduotuve\\\/\"},{\"@type\":\"ListItem\",\"position\":3,\"name\":\"CatFest tuno ir vi\u0161tienos mi\u0161inys, 12x50g\"}]},{\"@type\":\"WebSite\",\"@id\":\"https:\\\/\\\/miumjau.ee\\\/#website\",\"url\":\"https:\\\/\\\/miumjau.ee\\\/\",\"name\":\"MiuMjau\",\"description\":\"Kraapimispuud kassidele\",\"publisher\":{\"@id\":\"https:\\\/\\\/miumjau.ee\\\/#organization\"},\"potentialAction\":[{\"@type\":\"SearchAction\",\"target\":{\"@type\":\"EntryPoint\",\"urlTemplate\":\"https:\\\/\\\/miumjau.ee\\\/?s={search_term_string}\"},\"query-input\":{\"@type\":\"PropertyValueSpecification\",\"valueRequired\":true,\"valueName\":\"search_term_string\"}}],\"inLanguage\":\"lt-LT\"},{\"@type\":\"Organization\",\"@id\":\"https:\\\/\\\/miumjau.ee\\\/#organization\",\"name\":\"MiuMjau O\u00dc\",\"url\":\"https:\\\/\\\/miumjau.ee\\\/\",\"logo\":{\"@type\":\"ImageObject\",\"inLanguage\":\"lt-LT\",\"@id\":\"https:\\\/\\\/miumjau.ee\\\/#\\\/schema\\\/logo\\\/image\\\/\",\"url\":\"https:\\\/\\\/miumjau.ee\\\/wp-content\\\/uploads\\\/2022\\\/04\\\/MiuMjau-logo-kollane.png\",\"contentUrl\":\"https:\\\/\\\/miumjau.ee\\\/wp-content\\\/uploads\\\/2022\\\/04\\\/MiuMjau-logo-kollane.png\",\"width\":219,\"height\":100,\"caption\":\"MiuMjau O\u00dc\"},\"image\":{\"@id\":\"https:\\\/\\\/miumjau.ee\\\/#\\\/schema\\\/logo\\\/image\\\/\"},\"sameAs\":[\"https:\\\/\\\/www.facebook.com\\\/miumjaupood\\\/\"]}]}<\/script>\n<!-- \/ Yoast SEO plugin. -->","yoast_head_json":{"title":"CatFest tuno ir vi\u0161tienos mi\u0161inys, 12x50g - MiuMjau","robots":{"index":"index","follow":"follow","max-snippet":"max-snippet:-1","max-image-preview":"max-image-preview:large","max-video-preview":"max-video-preview:-1"},"canonical":"https:\/\/miumjau.ee\/lt\/produktas\/catfest-tuno-ir-vistienos-misinys-12x50g\/","og_locale":"lt_LT","og_type":"article","og_title":"CatFest tuno ir vi\u0161tienos mi\u0161inys, 12x50g - MiuMjau","og_description":"CatFest serijos konservuotas dr\u0117gnas maistas kat\u0117ms pagamintas i\u0161 mink\u0161tos Ramiojo vandenyno tuno \u2013 tikras gurmani\u0161kas patiekalas kailiniams smali\u017eiams. Tamsi tuno m\u0117sa turi \u0161velni\u0105 tekst\u016br\u0105 ir ry\u0161kesn\u012f aromat\u0105, suteikiant\u012f maistui intensyv\u0173 j\u016bros \u017euvies skon\u012f. Pateikiama \u0161velniame \u017eele, kuris ne tik pagerina maisto tekst\u016br\u0105, bet ir skatina geresn\u012f maistini\u0173 med\u017eiag\u0173 \u012fsisavinim\u0105. Sud\u0117tis: Tunas 60%, vi\u0161tienos m\u0117sa 6%, mieli\u0173 ekstraktas, prebiotikas FOS, an\u010diuvio aliejus, mineralai.Maistin\u0117 vert\u0117 (mg\/kg): E vitaminas \u2013 1 000, taurinas \u2013 1 000Analitiniai komponentai: \u017dali baltymai 10%, \u017eali riebalai 0,5%, pelenai 1,5%, \u017eali pluo\u0161tai 1%, dr\u0117gm\u0117 88%. Naudojimas: Tinka kaip papildomas nat\u016bralus maistas visoms suaugusioms namin\u0117ms kat\u0117ms, \u012fskaitant sterilizuotas ir kastruotas kates, taip pat kat\u0117ms, turin\u010dioms alergij\u0173 ar vir\u0161kinimo problem\u0173. Patiekite kambario temperat\u016broje. Laikyti v\u0117sioje ir sausoje vietoje. Naudoti iki 3 pakuo\u010di\u0173 per dien\u0105. U\u017etikrinkite, kad kat\u0117 visada tur\u0117t\u0173 prieig\u0105 prie \u0161vie\u017eio vandens.","og_url":"https:\/\/miumjau.ee\/lt\/produktas\/catfest-tuno-ir-vistienos-misinys-12x50g\/","og_site_name":"MiuMjau","article_publisher":"https:\/\/www.facebook.com\/miumjaupood\/","article_modified_time":"2026-01-07T18:46:12+00:00","og_image":[{"width":1200,"height":1600,"url":"https:\/\/miumjau.ee\/wp-content\/uploads\/2025\/09\/catfest-meal-margtoit-kassile1.jpg","type":"image\/jpeg"}],"twitter_card":"summary_large_image","schema":{"@context":"https:\/\/schema.org","@graph":[{"@type":"WebPage","@id":"https:\/\/miumjau.ee\/lt\/produktas\/catfest-tuno-ir-vistienos-misinys-12x50g\/","url":"https:\/\/miumjau.ee\/lt\/produktas\/catfest-tuno-ir-vistienos-misinys-12x50g\/","name":"CatFest tuno ir vi\u0161tienos mi\u0161inys, 12x50g - MiuMjau","isPartOf":{"@id":"https:\/\/miumjau.ee\/#website"},"primaryImageOfPage":{"@id":"https:\/\/miumjau.ee\/lt\/produktas\/catfest-tuno-ir-vistienos-misinys-12x50g\/#primaryimage"},"image":{"@id":"https:\/\/miumjau.ee\/lt\/produktas\/catfest-tuno-ir-vistienos-misinys-12x50g\/#primaryimage"},"thumbnailUrl":"https:\/\/miumjau.ee\/wp-content\/uploads\/2025\/09\/catfest-meal-margtoit-kassile1.jpg","datePublished":"2025-09-20T11:14:09+00:00","dateModified":"2026-01-07T18:46:12+00:00","breadcrumb":{"@id":"https:\/\/miumjau.ee\/lt\/produktas\/catfest-tuno-ir-vistienos-misinys-12x50g\/#breadcrumb"},"inLanguage":"lt-LT","potentialAction":[{"@type":"ReadAction","target":["https:\/\/miumjau.ee\/lt\/produktas\/catfest-tuno-ir-vistienos-misinys-12x50g\/"]}]},{"@type":"ImageObject","inLanguage":"lt-LT","@id":"https:\/\/miumjau.ee\/lt\/produktas\/catfest-tuno-ir-vistienos-misinys-12x50g\/#primaryimage","url":"https:\/\/miumjau.ee\/wp-content\/uploads\/2025\/09\/catfest-meal-margtoit-kassile1.jpg","contentUrl":"https:\/\/miumjau.ee\/wp-content\/uploads\/2025\/09\/catfest-meal-margtoit-kassile1.jpg","width":1200,"height":1600,"caption":"CatFest tuunikala ja kana tarrendis,12x50g"},{"@type":"BreadcrumbList","@id":"https:\/\/miumjau.ee\/lt\/produktas\/catfest-tuno-ir-vistienos-misinys-12x50g\/#breadcrumb","itemListElement":[{"@type":"ListItem","position":1,"name":"Home","item":"https:\/\/miumjau.ee\/lt\/"},{"@type":"ListItem","position":2,"name":"Parduotuv\u0117","item":"https:\/\/miumjau.ee\/lt\/parduotuve\/"},{"@type":"ListItem","position":3,"name":"CatFest tuno ir vi\u0161tienos mi\u0161inys, 12x50g"}]},{"@type":"WebSite","@id":"https:\/\/miumjau.ee\/#website","url":"https:\/\/miumjau.ee\/","name":"MiuMjau","description":"Kraapimispuud kassidele","publisher":{"@id":"https:\/\/miumjau.ee\/#organization"},"potentialAction":[{"@type":"SearchAction","target":{"@type":"EntryPoint","urlTemplate":"https:\/\/miumjau.ee\/?s={search_term_string}"},"query-input":{"@type":"PropertyValueSpecification","valueRequired":true,"valueName":"search_term_string"}}],"inLanguage":"lt-LT"},{"@type":"Organization","@id":"https:\/\/miumjau.ee\/#organization","name":"MiuMjau O\u00dc","url":"https:\/\/miumjau.ee\/","logo":{"@type":"ImageObject","inLanguage":"lt-LT","@id":"https:\/\/miumjau.ee\/#\/schema\/logo\/image\/","url":"https:\/\/miumjau.ee\/wp-content\/uploads\/2022\/04\/MiuMjau-logo-kollane.png","contentUrl":"https:\/\/miumjau.ee\/wp-content\/uploads\/2022\/04\/MiuMjau-logo-kollane.png","width":219,"height":100,"caption":"MiuMjau O\u00dc"},"image":{"@id":"https:\/\/miumjau.ee\/#\/schema\/logo\/image\/"},"sameAs":["https:\/\/www.facebook.com\/miumjaupood\/"]}]}},"_links":{"self":[{"href":"https:\/\/miumjau.ee\/lt\/wp-json\/wp\/v2\/product\/47699","targetHints":{"allow":["GET"]}}],"collection":[{"href":"https:\/\/miumjau.ee\/lt\/wp-json\/wp\/v2\/product"}],"about":[{"href":"https:\/\/miumjau.ee\/lt\/wp-json\/wp\/v2\/types\/product"}],"wp:featuredmedia":[{"embeddable":true,"href":"https:\/\/miumjau.ee\/lt\/wp-json\/wp\/v2\/media\/42344"}],"wp:attachment":[{"href":"https:\/\/miumjau.ee\/lt\/wp-json\/wp\/v2\/media?parent=47699"}],"wp:term":[{"taxonomy":"product_brand","embeddable":true,"href":"https:\/\/miumjau.ee\/lt\/wp-json\/wp\/v2\/product_brand?post=47699"},{"taxonomy":"product_cat","embeddable":true,"href":"https:\/\/miumjau.ee\/lt\/wp-json\/wp\/v2\/product_cat?post=47699"},{"taxonomy":"product_tag","embeddable":true,"href":"https:\/\/miumjau.ee\/lt\/wp-json\/wp\/v2\/product_tag?post=47699"}],"curies":[{"name":"wp","href":"https:\/\/api.w.org\/{rel}","templated":true}]}}