{"id":47683,"date":"2025-10-03T14:12:02","date_gmt":"2025-10-03T11:12:02","guid":{"rendered":"https:\/\/miumjau.ee\/toode\/uniq-pets-sriuba-su-taurinu-vistiena-ir-darzovemis-8x30g\/"},"modified":"2026-01-07T20:46:18","modified_gmt":"2026-01-07T18:46:18","slug":"uniq-pets-sriuba-su-taurinu-vistiena-ir-darzovemis-8x30g","status":"publish","type":"product","link":"https:\/\/miumjau.ee\/lt\/produktas\/uniq-pets-sriuba-su-taurinu-vistiena-ir-darzovemis-8x30g\/","title":{"rendered":"Uniq Pets sriuba su taurinu, vi\u0161tiena ir dar\u017eov\u0117mis, 8x30g"},"content":{"rendered":"","protected":false},"excerpt":{"rendered":"<p data-start=\"1252\" data-end=\"1405\"><strong data-start=\"1252\" data-end=\"1403\">UNIQ PETS dr\u0117gnas maistas kat\u0117ms padeda i\u0161vengti skys\u010di\u0173 tr\u016bkumo. Pakankamas skys\u010di\u0173 vartojimas svarbus \u0161lapimo tak\u0173 ir inkst\u0173 sveikatai palaikyti.<\/strong><\/p>\n<p data-start=\"1407\" data-end=\"1421\"><strong data-start=\"1407\" data-end=\"1419\">Savyb\u0117s:<\/strong><\/p>\n<ul data-start=\"1422\" data-end=\"1916\">\n<li data-start=\"1422\" data-end=\"1498\">\n<p data-start=\"1424\" data-end=\"1498\">90% dr\u0117gm\u0117s: u\u017etikrina puik\u0173 dr\u0117kinim\u0105 inkst\u0173 ir \u0161lapimo tak\u0173 sveikatai.<\/p>\n<\/li>\n<li data-start=\"1499\" data-end=\"1580\">\n<p data-start=\"1501\" data-end=\"1580\">Neatsispiriama sriuba: puikiai tinka i\u0161rankioms kat\u0117ms ir daro valgym\u0105 \u012fdom\u0173.<\/p>\n<\/li>\n<li data-start=\"1581\" data-end=\"1634\">\n<p data-start=\"1583\" data-end=\"1634\">Su taurinu: palaiko \u0161irdies ir reg\u0117jimo sveikat\u0105.<\/p>\n<\/li>\n<li data-start=\"1635\" data-end=\"1695\">\n<p data-start=\"1637\" data-end=\"1695\">Be kvie\u010di\u0173 ir \u0161vari: neturi kvie\u010di\u0173 ar dirbtini\u0173 pried\u0173.<\/p>\n<\/li>\n<li data-start=\"1696\" data-end=\"1808\">\n<p data-start=\"1698\" data-end=\"1808\">Praturtinta svarbiais vitaminais, mineralais ir taurinu, u\u017etikrinant subalansuot\u0105 mityb\u0105 suaugusioms kat\u0117ms.<\/p>\n<\/li>\n<li data-start=\"1809\" data-end=\"1916\">\n<p data-start=\"1811\" data-end=\"1916\">Tobula porcija: patogus 30 g mai\u0161elis u\u017etikrina, kad kiekvienas patiekalas b\u016bt\u0173 \u0161vie\u017eias ir be atliek\u0173.<\/p>\n<\/li>\n<\/ul>\n<p data-start=\"1918\" data-end=\"2052\"><strong data-start=\"1918\" data-end=\"1930\">Sud\u0117tis:<\/strong> \u0161vie\u017eia vi\u0161tiena 42%, morkos 4%, guaro guma 2%, kukur\u016bz\u0173 krakmolas 1%, maltodekstrinas 1%, taurinas 0,2%, vanduo 49,8%.<\/p>\n<p data-start=\"2054\" data-end=\"2192\"><strong data-start=\"2054\" data-end=\"2082\">Analitiniai komponentai:<\/strong> baltymai \u2013 6,5% (min), riebalai \u2013 0,5% (min), skaidulos \u2013 1% (max), pelenai \u2013 3% (max), dr\u0117gm\u0117 \u2013 90% (max).<\/p>\n<p data-start=\"2194\" data-end=\"2288\" data-is-last-node=\"\" data-is-only-node=\"\"><strong data-start=\"2194\" data-end=\"2217\">\u0160\u0117rimo informacija:<\/strong> tinka kat\u0117ms nuo 2 m\u0117nesi\u0173 am\u017eiaus. Po atidarymo \u0161erti per 2 valandas.<\/p>\n","protected":false},"featured_media":42367,"template":"","meta":[],"product_brand":[],"product_cat":[526],"product_tag":[],"class_list":{"0":"post-47683","1":"product","2":"type-product","3":"status-publish","4":"has-post-thumbnail","6":"product_cat-slapias-maistas","8":"first","9":"instock","10":"taxable","11":"shipping-taxable","12":"purchasable","13":"product-type-simple"},"yoast_head":"<!-- This site is optimized with the Yoast SEO plugin v27.4 - https:\/\/yoast.com\/product\/yoast-seo-wordpress\/ -->\n<title>Uniq Pets sriuba su taurinu, vi\u0161tiena ir dar\u017eov\u0117mis, 8x30g - MiuMjau<\/title>\n<meta name=\"robots\" content=\"index, follow, max-snippet:-1, max-image-preview:large, max-video-preview:-1\" \/>\n<link rel=\"canonical\" href=\"https:\/\/miumjau.ee\/lt\/produktas\/uniq-pets-sriuba-su-taurinu-vistiena-ir-darzovemis-8x30g\/\" \/>\n<meta property=\"og:locale\" content=\"lt_LT\" \/>\n<meta property=\"og:type\" content=\"article\" \/>\n<meta property=\"og:title\" content=\"Uniq Pets sriuba su taurinu, vi\u0161tiena ir dar\u017eov\u0117mis, 8x30g - MiuMjau\" \/>\n<meta property=\"og:description\" content=\"UNIQ PETS dr\u0117gnas maistas kat\u0117ms padeda i\u0161vengti skys\u010di\u0173 tr\u016bkumo. Pakankamas skys\u010di\u0173 vartojimas svarbus \u0161lapimo tak\u0173 ir inkst\u0173 sveikatai palaikyti. Savyb\u0117s:     90% dr\u0117gm\u0117s: u\u017etikrina puik\u0173 dr\u0117kinim\u0105 inkst\u0173 ir \u0161lapimo tak\u0173 sveikatai.    Neatsispiriama sriuba: puikiai tinka i\u0161rankioms kat\u0117ms ir daro valgym\u0105 \u012fdom\u0173.    Su taurinu: palaiko \u0161irdies ir reg\u0117jimo sveikat\u0105.    Be kvie\u010di\u0173 ir \u0161vari: neturi kvie\u010di\u0173 ar dirbtini\u0173 pried\u0173.    Praturtinta svarbiais vitaminais, mineralais ir taurinu, u\u017etikrinant subalansuot\u0105 mityb\u0105 suaugusioms kat\u0117ms.    Tobula porcija: patogus 30 g mai\u0161elis u\u017etikrina, kad kiekvienas patiekalas b\u016bt\u0173 \u0161vie\u017eias ir be atliek\u0173.   Sud\u0117tis: \u0161vie\u017eia vi\u0161tiena 42%, morkos 4%, guaro guma 2%, kukur\u016bz\u0173 krakmolas 1%, maltodekstrinas 1%, taurinas 0,2%, vanduo 49,8%. Analitiniai komponentai: baltymai \u2013 6,5% (min), riebalai \u2013 0,5% (min), skaidulos \u2013 1% (max), pelenai \u2013 3% (max), dr\u0117gm\u0117 \u2013 90% (max). \u0160\u0117rimo informacija: tinka kat\u0117ms nuo 2 m\u0117nesi\u0173 am\u017eiaus. Po atidarymo \u0161erti per 2 valandas.\" \/>\n<meta property=\"og:url\" content=\"https:\/\/miumjau.ee\/lt\/produktas\/uniq-pets-sriuba-su-taurinu-vistiena-ir-darzovemis-8x30g\/\" \/>\n<meta property=\"og:site_name\" content=\"MiuMjau\" \/>\n<meta property=\"article:publisher\" content=\"https:\/\/www.facebook.com\/miumjaupood\/\" \/>\n<meta property=\"article:modified_time\" content=\"2026-01-07T18:46:18+00:00\" \/>\n<meta property=\"og:image\" content=\"https:\/\/miumjau.ee\/wp-content\/uploads\/2025\/10\/uniq-pets-supp-kana-koogiviljad-3.jpg\" \/>\n\t<meta property=\"og:image:width\" content=\"1200\" \/>\n\t<meta property=\"og:image:height\" content=\"1600\" \/>\n\t<meta property=\"og:image:type\" content=\"image\/jpeg\" \/>\n<meta name=\"twitter:card\" content=\"summary_large_image\" \/>\n<script type=\"application\/ld+json\" class=\"yoast-schema-graph\">{\"@context\":\"https:\\\/\\\/schema.org\",\"@graph\":[{\"@type\":\"WebPage\",\"@id\":\"https:\\\/\\\/miumjau.ee\\\/lt\\\/produktas\\\/uniq-pets-sriuba-su-taurinu-vistiena-ir-darzovemis-8x30g\\\/\",\"url\":\"https:\\\/\\\/miumjau.ee\\\/lt\\\/produktas\\\/uniq-pets-sriuba-su-taurinu-vistiena-ir-darzovemis-8x30g\\\/\",\"name\":\"Uniq Pets sriuba su taurinu, vi\u0161tiena ir dar\u017eov\u0117mis, 8x30g - MiuMjau\",\"isPartOf\":{\"@id\":\"https:\\\/\\\/miumjau.ee\\\/#website\"},\"primaryImageOfPage\":{\"@id\":\"https:\\\/\\\/miumjau.ee\\\/lt\\\/produktas\\\/uniq-pets-sriuba-su-taurinu-vistiena-ir-darzovemis-8x30g\\\/#primaryimage\"},\"image\":{\"@id\":\"https:\\\/\\\/miumjau.ee\\\/lt\\\/produktas\\\/uniq-pets-sriuba-su-taurinu-vistiena-ir-darzovemis-8x30g\\\/#primaryimage\"},\"thumbnailUrl\":\"https:\\\/\\\/miumjau.ee\\\/wp-content\\\/uploads\\\/2025\\\/10\\\/uniq-pets-supp-kana-koogiviljad-3.jpg\",\"datePublished\":\"2025-10-03T11:12:02+00:00\",\"dateModified\":\"2026-01-07T18:46:18+00:00\",\"breadcrumb\":{\"@id\":\"https:\\\/\\\/miumjau.ee\\\/lt\\\/produktas\\\/uniq-pets-sriuba-su-taurinu-vistiena-ir-darzovemis-8x30g\\\/#breadcrumb\"},\"inLanguage\":\"lt-LT\",\"potentialAction\":[{\"@type\":\"ReadAction\",\"target\":[\"https:\\\/\\\/miumjau.ee\\\/lt\\\/produktas\\\/uniq-pets-sriuba-su-taurinu-vistiena-ir-darzovemis-8x30g\\\/\"]}]},{\"@type\":\"ImageObject\",\"inLanguage\":\"lt-LT\",\"@id\":\"https:\\\/\\\/miumjau.ee\\\/lt\\\/produktas\\\/uniq-pets-sriuba-su-taurinu-vistiena-ir-darzovemis-8x30g\\\/#primaryimage\",\"url\":\"https:\\\/\\\/miumjau.ee\\\/wp-content\\\/uploads\\\/2025\\\/10\\\/uniq-pets-supp-kana-koogiviljad-3.jpg\",\"contentUrl\":\"https:\\\/\\\/miumjau.ee\\\/wp-content\\\/uploads\\\/2025\\\/10\\\/uniq-pets-supp-kana-koogiviljad-3.jpg\",\"width\":1200,\"height\":1600,\"caption\":\"Uniq Pets supp tauriiniga, kana ja k\u00f6\u00f6giviljad, 8x30g\"},{\"@type\":\"BreadcrumbList\",\"@id\":\"https:\\\/\\\/miumjau.ee\\\/lt\\\/produktas\\\/uniq-pets-sriuba-su-taurinu-vistiena-ir-darzovemis-8x30g\\\/#breadcrumb\",\"itemListElement\":[{\"@type\":\"ListItem\",\"position\":1,\"name\":\"Home\",\"item\":\"https:\\\/\\\/miumjau.ee\\\/lt\\\/\"},{\"@type\":\"ListItem\",\"position\":2,\"name\":\"Parduotuv\u0117\",\"item\":\"https:\\\/\\\/miumjau.ee\\\/lt\\\/parduotuve\\\/\"},{\"@type\":\"ListItem\",\"position\":3,\"name\":\"Uniq Pets sriuba su taurinu, vi\u0161tiena ir dar\u017eov\u0117mis, 8x30g\"}]},{\"@type\":\"WebSite\",\"@id\":\"https:\\\/\\\/miumjau.ee\\\/#website\",\"url\":\"https:\\\/\\\/miumjau.ee\\\/\",\"name\":\"MiuMjau\",\"description\":\"Kraapimispuud kassidele\",\"publisher\":{\"@id\":\"https:\\\/\\\/miumjau.ee\\\/#organization\"},\"potentialAction\":[{\"@type\":\"SearchAction\",\"target\":{\"@type\":\"EntryPoint\",\"urlTemplate\":\"https:\\\/\\\/miumjau.ee\\\/?s={search_term_string}\"},\"query-input\":{\"@type\":\"PropertyValueSpecification\",\"valueRequired\":true,\"valueName\":\"search_term_string\"}}],\"inLanguage\":\"lt-LT\"},{\"@type\":\"Organization\",\"@id\":\"https:\\\/\\\/miumjau.ee\\\/#organization\",\"name\":\"MiuMjau O\u00dc\",\"url\":\"https:\\\/\\\/miumjau.ee\\\/\",\"logo\":{\"@type\":\"ImageObject\",\"inLanguage\":\"lt-LT\",\"@id\":\"https:\\\/\\\/miumjau.ee\\\/#\\\/schema\\\/logo\\\/image\\\/\",\"url\":\"https:\\\/\\\/miumjau.ee\\\/wp-content\\\/uploads\\\/2022\\\/04\\\/MiuMjau-logo-kollane.png\",\"contentUrl\":\"https:\\\/\\\/miumjau.ee\\\/wp-content\\\/uploads\\\/2022\\\/04\\\/MiuMjau-logo-kollane.png\",\"width\":219,\"height\":100,\"caption\":\"MiuMjau O\u00dc\"},\"image\":{\"@id\":\"https:\\\/\\\/miumjau.ee\\\/#\\\/schema\\\/logo\\\/image\\\/\"},\"sameAs\":[\"https:\\\/\\\/www.facebook.com\\\/miumjaupood\\\/\"]}]}<\/script>\n<!-- \/ Yoast SEO plugin. -->","yoast_head_json":{"title":"Uniq Pets sriuba su taurinu, vi\u0161tiena ir dar\u017eov\u0117mis, 8x30g - MiuMjau","robots":{"index":"index","follow":"follow","max-snippet":"max-snippet:-1","max-image-preview":"max-image-preview:large","max-video-preview":"max-video-preview:-1"},"canonical":"https:\/\/miumjau.ee\/lt\/produktas\/uniq-pets-sriuba-su-taurinu-vistiena-ir-darzovemis-8x30g\/","og_locale":"lt_LT","og_type":"article","og_title":"Uniq Pets sriuba su taurinu, vi\u0161tiena ir dar\u017eov\u0117mis, 8x30g - MiuMjau","og_description":"UNIQ PETS dr\u0117gnas maistas kat\u0117ms padeda i\u0161vengti skys\u010di\u0173 tr\u016bkumo. Pakankamas skys\u010di\u0173 vartojimas svarbus \u0161lapimo tak\u0173 ir inkst\u0173 sveikatai palaikyti. Savyb\u0117s:     90% dr\u0117gm\u0117s: u\u017etikrina puik\u0173 dr\u0117kinim\u0105 inkst\u0173 ir \u0161lapimo tak\u0173 sveikatai.    Neatsispiriama sriuba: puikiai tinka i\u0161rankioms kat\u0117ms ir daro valgym\u0105 \u012fdom\u0173.    Su taurinu: palaiko \u0161irdies ir reg\u0117jimo sveikat\u0105.    Be kvie\u010di\u0173 ir \u0161vari: neturi kvie\u010di\u0173 ar dirbtini\u0173 pried\u0173.    Praturtinta svarbiais vitaminais, mineralais ir taurinu, u\u017etikrinant subalansuot\u0105 mityb\u0105 suaugusioms kat\u0117ms.    Tobula porcija: patogus 30 g mai\u0161elis u\u017etikrina, kad kiekvienas patiekalas b\u016bt\u0173 \u0161vie\u017eias ir be atliek\u0173.   Sud\u0117tis: \u0161vie\u017eia vi\u0161tiena 42%, morkos 4%, guaro guma 2%, kukur\u016bz\u0173 krakmolas 1%, maltodekstrinas 1%, taurinas 0,2%, vanduo 49,8%. Analitiniai komponentai: baltymai \u2013 6,5% (min), riebalai \u2013 0,5% (min), skaidulos \u2013 1% (max), pelenai \u2013 3% (max), dr\u0117gm\u0117 \u2013 90% (max). \u0160\u0117rimo informacija: tinka kat\u0117ms nuo 2 m\u0117nesi\u0173 am\u017eiaus. Po atidarymo \u0161erti per 2 valandas.","og_url":"https:\/\/miumjau.ee\/lt\/produktas\/uniq-pets-sriuba-su-taurinu-vistiena-ir-darzovemis-8x30g\/","og_site_name":"MiuMjau","article_publisher":"https:\/\/www.facebook.com\/miumjaupood\/","article_modified_time":"2026-01-07T18:46:18+00:00","og_image":[{"width":1200,"height":1600,"url":"https:\/\/miumjau.ee\/wp-content\/uploads\/2025\/10\/uniq-pets-supp-kana-koogiviljad-3.jpg","type":"image\/jpeg"}],"twitter_card":"summary_large_image","schema":{"@context":"https:\/\/schema.org","@graph":[{"@type":"WebPage","@id":"https:\/\/miumjau.ee\/lt\/produktas\/uniq-pets-sriuba-su-taurinu-vistiena-ir-darzovemis-8x30g\/","url":"https:\/\/miumjau.ee\/lt\/produktas\/uniq-pets-sriuba-su-taurinu-vistiena-ir-darzovemis-8x30g\/","name":"Uniq Pets sriuba su taurinu, vi\u0161tiena ir dar\u017eov\u0117mis, 8x30g - MiuMjau","isPartOf":{"@id":"https:\/\/miumjau.ee\/#website"},"primaryImageOfPage":{"@id":"https:\/\/miumjau.ee\/lt\/produktas\/uniq-pets-sriuba-su-taurinu-vistiena-ir-darzovemis-8x30g\/#primaryimage"},"image":{"@id":"https:\/\/miumjau.ee\/lt\/produktas\/uniq-pets-sriuba-su-taurinu-vistiena-ir-darzovemis-8x30g\/#primaryimage"},"thumbnailUrl":"https:\/\/miumjau.ee\/wp-content\/uploads\/2025\/10\/uniq-pets-supp-kana-koogiviljad-3.jpg","datePublished":"2025-10-03T11:12:02+00:00","dateModified":"2026-01-07T18:46:18+00:00","breadcrumb":{"@id":"https:\/\/miumjau.ee\/lt\/produktas\/uniq-pets-sriuba-su-taurinu-vistiena-ir-darzovemis-8x30g\/#breadcrumb"},"inLanguage":"lt-LT","potentialAction":[{"@type":"ReadAction","target":["https:\/\/miumjau.ee\/lt\/produktas\/uniq-pets-sriuba-su-taurinu-vistiena-ir-darzovemis-8x30g\/"]}]},{"@type":"ImageObject","inLanguage":"lt-LT","@id":"https:\/\/miumjau.ee\/lt\/produktas\/uniq-pets-sriuba-su-taurinu-vistiena-ir-darzovemis-8x30g\/#primaryimage","url":"https:\/\/miumjau.ee\/wp-content\/uploads\/2025\/10\/uniq-pets-supp-kana-koogiviljad-3.jpg","contentUrl":"https:\/\/miumjau.ee\/wp-content\/uploads\/2025\/10\/uniq-pets-supp-kana-koogiviljad-3.jpg","width":1200,"height":1600,"caption":"Uniq Pets supp tauriiniga, kana ja k\u00f6\u00f6giviljad, 8x30g"},{"@type":"BreadcrumbList","@id":"https:\/\/miumjau.ee\/lt\/produktas\/uniq-pets-sriuba-su-taurinu-vistiena-ir-darzovemis-8x30g\/#breadcrumb","itemListElement":[{"@type":"ListItem","position":1,"name":"Home","item":"https:\/\/miumjau.ee\/lt\/"},{"@type":"ListItem","position":2,"name":"Parduotuv\u0117","item":"https:\/\/miumjau.ee\/lt\/parduotuve\/"},{"@type":"ListItem","position":3,"name":"Uniq Pets sriuba su taurinu, vi\u0161tiena ir dar\u017eov\u0117mis, 8x30g"}]},{"@type":"WebSite","@id":"https:\/\/miumjau.ee\/#website","url":"https:\/\/miumjau.ee\/","name":"MiuMjau","description":"Kraapimispuud kassidele","publisher":{"@id":"https:\/\/miumjau.ee\/#organization"},"potentialAction":[{"@type":"SearchAction","target":{"@type":"EntryPoint","urlTemplate":"https:\/\/miumjau.ee\/?s={search_term_string}"},"query-input":{"@type":"PropertyValueSpecification","valueRequired":true,"valueName":"search_term_string"}}],"inLanguage":"lt-LT"},{"@type":"Organization","@id":"https:\/\/miumjau.ee\/#organization","name":"MiuMjau O\u00dc","url":"https:\/\/miumjau.ee\/","logo":{"@type":"ImageObject","inLanguage":"lt-LT","@id":"https:\/\/miumjau.ee\/#\/schema\/logo\/image\/","url":"https:\/\/miumjau.ee\/wp-content\/uploads\/2022\/04\/MiuMjau-logo-kollane.png","contentUrl":"https:\/\/miumjau.ee\/wp-content\/uploads\/2022\/04\/MiuMjau-logo-kollane.png","width":219,"height":100,"caption":"MiuMjau O\u00dc"},"image":{"@id":"https:\/\/miumjau.ee\/#\/schema\/logo\/image\/"},"sameAs":["https:\/\/www.facebook.com\/miumjaupood\/"]}]}},"_links":{"self":[{"href":"https:\/\/miumjau.ee\/lt\/wp-json\/wp\/v2\/product\/47683","targetHints":{"allow":["GET"]}}],"collection":[{"href":"https:\/\/miumjau.ee\/lt\/wp-json\/wp\/v2\/product"}],"about":[{"href":"https:\/\/miumjau.ee\/lt\/wp-json\/wp\/v2\/types\/product"}],"wp:featuredmedia":[{"embeddable":true,"href":"https:\/\/miumjau.ee\/lt\/wp-json\/wp\/v2\/media\/42367"}],"wp:attachment":[{"href":"https:\/\/miumjau.ee\/lt\/wp-json\/wp\/v2\/media?parent=47683"}],"wp:term":[{"taxonomy":"product_brand","embeddable":true,"href":"https:\/\/miumjau.ee\/lt\/wp-json\/wp\/v2\/product_brand?post=47683"},{"taxonomy":"product_cat","embeddable":true,"href":"https:\/\/miumjau.ee\/lt\/wp-json\/wp\/v2\/product_cat?post=47683"},{"taxonomy":"product_tag","embeddable":true,"href":"https:\/\/miumjau.ee\/lt\/wp-json\/wp\/v2\/product_tag?post=47683"}],"curies":[{"name":"wp","href":"https:\/\/api.w.org\/{rel}","templated":true}]}}