{"id":47677,"date":"2025-10-03T14:11:59","date_gmt":"2025-10-03T11:11:59","guid":{"rendered":"https:\/\/miumjau.ee\/toode\/uniq-pets-sriuba-su-vistiena-ir-imbieru-8x30g\/"},"modified":"2026-01-07T20:46:18","modified_gmt":"2026-01-07T18:46:18","slug":"uniq-pets-sriuba-su-vistiena-ir-imbieru-8x30g","status":"publish","type":"product","link":"https:\/\/miumjau.ee\/lt\/produktas\/uniq-pets-sriuba-su-vistiena-ir-imbieru-8x30g\/","title":{"rendered":"Uniq Pets sriuba su vi\u0161tiena ir imbieru, 8x30g"},"content":{"rendered":"","protected":false},"excerpt":{"rendered":"<p data-start=\"1376\" data-end=\"1529\"><strong data-start=\"1376\" data-end=\"1527\">UNIQ PETS dr\u0117gnas maistas kat\u0117ms padeda i\u0161vengti skys\u010di\u0173 tr\u016bkumo. Pakankamas skys\u010di\u0173 vartojimas svarbus \u0161lapimo tak\u0173 ir inkst\u0173 sveikatai palaikyti.<\/strong><\/p>\n<p data-start=\"1531\" data-end=\"1545\"><strong data-start=\"1531\" data-end=\"1543\">Savyb\u0117s:<\/strong><\/p>\n<ul data-start=\"1546\" data-end=\"2172\">\n<li data-start=\"1546\" data-end=\"1622\">\n<p data-start=\"1548\" data-end=\"1622\">90% dr\u0117gm\u0117s: u\u017etikrina puik\u0173 dr\u0117kinim\u0105 inkst\u0173 ir \u0161lapimo tak\u0173 sveikatai.<\/p>\n<\/li>\n<li data-start=\"1623\" data-end=\"1750\">\n<p data-start=\"1625\" data-end=\"1750\">Praturtinta imbieru (2%): palaiko sveik\u0105 energijos lyg\u012f, gyvybingum\u0105 ir bendr\u0105 savijaut\u0105. Kasdien\u0117 gerov\u0117s doz\u0117 j\u016bs\u0173 katei.<\/p>\n<\/li>\n<li data-start=\"1751\" data-end=\"1921\">\n<p data-start=\"1753\" data-end=\"1921\">Idealu kat\u0117ms su ma\u017eu energijos poreikiu ir vyresn\u0117ms kat\u0117ms: specialiai sukurta kovai su letargija ir gyvybingumo palaikymui ma\u017eiau aktyvioms ar senstan\u010dioms kat\u0117ms.<\/p>\n<\/li>\n<li data-start=\"1922\" data-end=\"2003\">\n<p data-start=\"1924\" data-end=\"2003\">Neatsispiriama sriuba: puikiai tinka i\u0161rankioms kat\u0117ms ir daro valgym\u0105 \u012fdom\u0173.<\/p>\n<\/li>\n<li data-start=\"2004\" data-end=\"2064\">\n<p data-start=\"2006\" data-end=\"2064\">Be kvie\u010di\u0173 ir \u0161vari: neturi kvie\u010di\u0173 ar dirbtini\u0173 pried\u0173.<\/p>\n<\/li>\n<li data-start=\"2065\" data-end=\"2172\">\n<p data-start=\"2067\" data-end=\"2172\">Tobula porcija: patogus 30 g mai\u0161elis u\u017etikrina, kad kiekvienas patiekalas b\u016bt\u0173 \u0161vie\u017eias ir be atliek\u0173.<\/p>\n<\/li>\n<\/ul>\n<p data-start=\"2174\" data-end=\"2302\"><strong data-start=\"2174\" data-end=\"2186\">Sud\u0117tis:<\/strong> \u0161vie\u017eia vi\u0161tiena 43%, imbiero milteliai 2%, guaro guma 2%, kukur\u016bz\u0173 krakmolas 1%, maltodekstrinas 1%, vanduo 51%.<\/p>\n<p data-start=\"2304\" data-end=\"2442\"><strong data-start=\"2304\" data-end=\"2332\">Analitiniai komponentai:<\/strong> baltymai \u2013 6,5% (min), riebalai \u2013 0,5% (min), skaidulos \u2013 1% (max), pelenai \u2013 3% (max), dr\u0117gm\u0117 \u2013 90% (max).<\/p>\n<p data-start=\"2444\" data-end=\"2538\" data-is-last-node=\"\" data-is-only-node=\"\"><strong data-start=\"2444\" data-end=\"2467\">\u0160\u0117rimo informacija:<\/strong> tinka kat\u0117ms nuo 2 m\u0117nesi\u0173 am\u017eiaus. Po atidarymo \u0161erti per 2 valandas.<\/p>\n","protected":false},"featured_media":42366,"template":"","meta":[],"product_brand":[],"product_cat":[526],"product_tag":[],"class_list":{"0":"post-47677","1":"product","2":"type-product","3":"status-publish","4":"has-post-thumbnail","6":"product_cat-slapias-maistas","8":"first","9":"instock","10":"taxable","11":"shipping-taxable","12":"purchasable","13":"product-type-simple"},"yoast_head":"<!-- This site is optimized with the Yoast SEO plugin v27.4 - https:\/\/yoast.com\/product\/yoast-seo-wordpress\/ -->\n<title>Uniq Pets sriuba su vi\u0161tiena ir imbieru, 8x30g - MiuMjau<\/title>\n<meta name=\"robots\" content=\"index, follow, max-snippet:-1, max-image-preview:large, max-video-preview:-1\" \/>\n<link rel=\"canonical\" href=\"https:\/\/miumjau.ee\/lt\/produktas\/uniq-pets-sriuba-su-vistiena-ir-imbieru-8x30g\/\" \/>\n<meta property=\"og:locale\" content=\"lt_LT\" \/>\n<meta property=\"og:type\" content=\"article\" \/>\n<meta property=\"og:title\" content=\"Uniq Pets sriuba su vi\u0161tiena ir imbieru, 8x30g - MiuMjau\" \/>\n<meta property=\"og:description\" content=\"UNIQ PETS dr\u0117gnas maistas kat\u0117ms padeda i\u0161vengti skys\u010di\u0173 tr\u016bkumo. Pakankamas skys\u010di\u0173 vartojimas svarbus \u0161lapimo tak\u0173 ir inkst\u0173 sveikatai palaikyti. Savyb\u0117s:     90% dr\u0117gm\u0117s: u\u017etikrina puik\u0173 dr\u0117kinim\u0105 inkst\u0173 ir \u0161lapimo tak\u0173 sveikatai.    Praturtinta imbieru (2%): palaiko sveik\u0105 energijos lyg\u012f, gyvybingum\u0105 ir bendr\u0105 savijaut\u0105. Kasdien\u0117 gerov\u0117s doz\u0117 j\u016bs\u0173 katei.    Idealu kat\u0117ms su ma\u017eu energijos poreikiu ir vyresn\u0117ms kat\u0117ms: specialiai sukurta kovai su letargija ir gyvybingumo palaikymui ma\u017eiau aktyvioms ar senstan\u010dioms kat\u0117ms.    Neatsispiriama sriuba: puikiai tinka i\u0161rankioms kat\u0117ms ir daro valgym\u0105 \u012fdom\u0173.    Be kvie\u010di\u0173 ir \u0161vari: neturi kvie\u010di\u0173 ar dirbtini\u0173 pried\u0173.    Tobula porcija: patogus 30 g mai\u0161elis u\u017etikrina, kad kiekvienas patiekalas b\u016bt\u0173 \u0161vie\u017eias ir be atliek\u0173.   Sud\u0117tis: \u0161vie\u017eia vi\u0161tiena 43%, imbiero milteliai 2%, guaro guma 2%, kukur\u016bz\u0173 krakmolas 1%, maltodekstrinas 1%, vanduo 51%. Analitiniai komponentai: baltymai \u2013 6,5% (min), riebalai \u2013 0,5% (min), skaidulos \u2013 1% (max), pelenai \u2013 3% (max), dr\u0117gm\u0117 \u2013 90% (max). \u0160\u0117rimo informacija: tinka kat\u0117ms nuo 2 m\u0117nesi\u0173 am\u017eiaus. Po atidarymo \u0161erti per 2 valandas.\" \/>\n<meta property=\"og:url\" content=\"https:\/\/miumjau.ee\/lt\/produktas\/uniq-pets-sriuba-su-vistiena-ir-imbieru-8x30g\/\" \/>\n<meta property=\"og:site_name\" content=\"MiuMjau\" \/>\n<meta property=\"article:publisher\" content=\"https:\/\/www.facebook.com\/miumjaupood\/\" \/>\n<meta property=\"article:modified_time\" content=\"2026-01-07T18:46:18+00:00\" \/>\n<meta property=\"og:image\" content=\"https:\/\/miumjau.ee\/wp-content\/uploads\/2025\/10\/uniq-pets-kana-ingver-supp-2.jpg\" \/>\n\t<meta property=\"og:image:width\" content=\"1200\" \/>\n\t<meta property=\"og:image:height\" content=\"1600\" \/>\n\t<meta property=\"og:image:type\" content=\"image\/jpeg\" \/>\n<meta name=\"twitter:card\" content=\"summary_large_image\" \/>\n<script type=\"application\/ld+json\" class=\"yoast-schema-graph\">{\"@context\":\"https:\\\/\\\/schema.org\",\"@graph\":[{\"@type\":\"WebPage\",\"@id\":\"https:\\\/\\\/miumjau.ee\\\/lt\\\/produktas\\\/uniq-pets-sriuba-su-vistiena-ir-imbieru-8x30g\\\/\",\"url\":\"https:\\\/\\\/miumjau.ee\\\/lt\\\/produktas\\\/uniq-pets-sriuba-su-vistiena-ir-imbieru-8x30g\\\/\",\"name\":\"Uniq Pets sriuba su vi\u0161tiena ir imbieru, 8x30g - MiuMjau\",\"isPartOf\":{\"@id\":\"https:\\\/\\\/miumjau.ee\\\/#website\"},\"primaryImageOfPage\":{\"@id\":\"https:\\\/\\\/miumjau.ee\\\/lt\\\/produktas\\\/uniq-pets-sriuba-su-vistiena-ir-imbieru-8x30g\\\/#primaryimage\"},\"image\":{\"@id\":\"https:\\\/\\\/miumjau.ee\\\/lt\\\/produktas\\\/uniq-pets-sriuba-su-vistiena-ir-imbieru-8x30g\\\/#primaryimage\"},\"thumbnailUrl\":\"https:\\\/\\\/miumjau.ee\\\/wp-content\\\/uploads\\\/2025\\\/10\\\/uniq-pets-kana-ingver-supp-2.jpg\",\"datePublished\":\"2025-10-03T11:11:59+00:00\",\"dateModified\":\"2026-01-07T18:46:18+00:00\",\"breadcrumb\":{\"@id\":\"https:\\\/\\\/miumjau.ee\\\/lt\\\/produktas\\\/uniq-pets-sriuba-su-vistiena-ir-imbieru-8x30g\\\/#breadcrumb\"},\"inLanguage\":\"lt-LT\",\"potentialAction\":[{\"@type\":\"ReadAction\",\"target\":[\"https:\\\/\\\/miumjau.ee\\\/lt\\\/produktas\\\/uniq-pets-sriuba-su-vistiena-ir-imbieru-8x30g\\\/\"]}]},{\"@type\":\"ImageObject\",\"inLanguage\":\"lt-LT\",\"@id\":\"https:\\\/\\\/miumjau.ee\\\/lt\\\/produktas\\\/uniq-pets-sriuba-su-vistiena-ir-imbieru-8x30g\\\/#primaryimage\",\"url\":\"https:\\\/\\\/miumjau.ee\\\/wp-content\\\/uploads\\\/2025\\\/10\\\/uniq-pets-kana-ingver-supp-2.jpg\",\"contentUrl\":\"https:\\\/\\\/miumjau.ee\\\/wp-content\\\/uploads\\\/2025\\\/10\\\/uniq-pets-kana-ingver-supp-2.jpg\",\"width\":1200,\"height\":1600,\"caption\":\"Uniq Pets supp kana ja ingveriga, 8x30g\"},{\"@type\":\"BreadcrumbList\",\"@id\":\"https:\\\/\\\/miumjau.ee\\\/lt\\\/produktas\\\/uniq-pets-sriuba-su-vistiena-ir-imbieru-8x30g\\\/#breadcrumb\",\"itemListElement\":[{\"@type\":\"ListItem\",\"position\":1,\"name\":\"Home\",\"item\":\"https:\\\/\\\/miumjau.ee\\\/lt\\\/\"},{\"@type\":\"ListItem\",\"position\":2,\"name\":\"Parduotuv\u0117\",\"item\":\"https:\\\/\\\/miumjau.ee\\\/lt\\\/parduotuve\\\/\"},{\"@type\":\"ListItem\",\"position\":3,\"name\":\"Uniq Pets sriuba su vi\u0161tiena ir imbieru, 8x30g\"}]},{\"@type\":\"WebSite\",\"@id\":\"https:\\\/\\\/miumjau.ee\\\/#website\",\"url\":\"https:\\\/\\\/miumjau.ee\\\/\",\"name\":\"MiuMjau\",\"description\":\"Kraapimispuud kassidele\",\"publisher\":{\"@id\":\"https:\\\/\\\/miumjau.ee\\\/#organization\"},\"potentialAction\":[{\"@type\":\"SearchAction\",\"target\":{\"@type\":\"EntryPoint\",\"urlTemplate\":\"https:\\\/\\\/miumjau.ee\\\/?s={search_term_string}\"},\"query-input\":{\"@type\":\"PropertyValueSpecification\",\"valueRequired\":true,\"valueName\":\"search_term_string\"}}],\"inLanguage\":\"lt-LT\"},{\"@type\":\"Organization\",\"@id\":\"https:\\\/\\\/miumjau.ee\\\/#organization\",\"name\":\"MiuMjau O\u00dc\",\"url\":\"https:\\\/\\\/miumjau.ee\\\/\",\"logo\":{\"@type\":\"ImageObject\",\"inLanguage\":\"lt-LT\",\"@id\":\"https:\\\/\\\/miumjau.ee\\\/#\\\/schema\\\/logo\\\/image\\\/\",\"url\":\"https:\\\/\\\/miumjau.ee\\\/wp-content\\\/uploads\\\/2022\\\/04\\\/MiuMjau-logo-kollane.png\",\"contentUrl\":\"https:\\\/\\\/miumjau.ee\\\/wp-content\\\/uploads\\\/2022\\\/04\\\/MiuMjau-logo-kollane.png\",\"width\":219,\"height\":100,\"caption\":\"MiuMjau O\u00dc\"},\"image\":{\"@id\":\"https:\\\/\\\/miumjau.ee\\\/#\\\/schema\\\/logo\\\/image\\\/\"},\"sameAs\":[\"https:\\\/\\\/www.facebook.com\\\/miumjaupood\\\/\"]}]}<\/script>\n<!-- \/ Yoast SEO plugin. -->","yoast_head_json":{"title":"Uniq Pets sriuba su vi\u0161tiena ir imbieru, 8x30g - MiuMjau","robots":{"index":"index","follow":"follow","max-snippet":"max-snippet:-1","max-image-preview":"max-image-preview:large","max-video-preview":"max-video-preview:-1"},"canonical":"https:\/\/miumjau.ee\/lt\/produktas\/uniq-pets-sriuba-su-vistiena-ir-imbieru-8x30g\/","og_locale":"lt_LT","og_type":"article","og_title":"Uniq Pets sriuba su vi\u0161tiena ir imbieru, 8x30g - MiuMjau","og_description":"UNIQ PETS dr\u0117gnas maistas kat\u0117ms padeda i\u0161vengti skys\u010di\u0173 tr\u016bkumo. Pakankamas skys\u010di\u0173 vartojimas svarbus \u0161lapimo tak\u0173 ir inkst\u0173 sveikatai palaikyti. Savyb\u0117s:     90% dr\u0117gm\u0117s: u\u017etikrina puik\u0173 dr\u0117kinim\u0105 inkst\u0173 ir \u0161lapimo tak\u0173 sveikatai.    Praturtinta imbieru (2%): palaiko sveik\u0105 energijos lyg\u012f, gyvybingum\u0105 ir bendr\u0105 savijaut\u0105. Kasdien\u0117 gerov\u0117s doz\u0117 j\u016bs\u0173 katei.    Idealu kat\u0117ms su ma\u017eu energijos poreikiu ir vyresn\u0117ms kat\u0117ms: specialiai sukurta kovai su letargija ir gyvybingumo palaikymui ma\u017eiau aktyvioms ar senstan\u010dioms kat\u0117ms.    Neatsispiriama sriuba: puikiai tinka i\u0161rankioms kat\u0117ms ir daro valgym\u0105 \u012fdom\u0173.    Be kvie\u010di\u0173 ir \u0161vari: neturi kvie\u010di\u0173 ar dirbtini\u0173 pried\u0173.    Tobula porcija: patogus 30 g mai\u0161elis u\u017etikrina, kad kiekvienas patiekalas b\u016bt\u0173 \u0161vie\u017eias ir be atliek\u0173.   Sud\u0117tis: \u0161vie\u017eia vi\u0161tiena 43%, imbiero milteliai 2%, guaro guma 2%, kukur\u016bz\u0173 krakmolas 1%, maltodekstrinas 1%, vanduo 51%. Analitiniai komponentai: baltymai \u2013 6,5% (min), riebalai \u2013 0,5% (min), skaidulos \u2013 1% (max), pelenai \u2013 3% (max), dr\u0117gm\u0117 \u2013 90% (max). \u0160\u0117rimo informacija: tinka kat\u0117ms nuo 2 m\u0117nesi\u0173 am\u017eiaus. Po atidarymo \u0161erti per 2 valandas.","og_url":"https:\/\/miumjau.ee\/lt\/produktas\/uniq-pets-sriuba-su-vistiena-ir-imbieru-8x30g\/","og_site_name":"MiuMjau","article_publisher":"https:\/\/www.facebook.com\/miumjaupood\/","article_modified_time":"2026-01-07T18:46:18+00:00","og_image":[{"width":1200,"height":1600,"url":"https:\/\/miumjau.ee\/wp-content\/uploads\/2025\/10\/uniq-pets-kana-ingver-supp-2.jpg","type":"image\/jpeg"}],"twitter_card":"summary_large_image","schema":{"@context":"https:\/\/schema.org","@graph":[{"@type":"WebPage","@id":"https:\/\/miumjau.ee\/lt\/produktas\/uniq-pets-sriuba-su-vistiena-ir-imbieru-8x30g\/","url":"https:\/\/miumjau.ee\/lt\/produktas\/uniq-pets-sriuba-su-vistiena-ir-imbieru-8x30g\/","name":"Uniq Pets sriuba su vi\u0161tiena ir imbieru, 8x30g - MiuMjau","isPartOf":{"@id":"https:\/\/miumjau.ee\/#website"},"primaryImageOfPage":{"@id":"https:\/\/miumjau.ee\/lt\/produktas\/uniq-pets-sriuba-su-vistiena-ir-imbieru-8x30g\/#primaryimage"},"image":{"@id":"https:\/\/miumjau.ee\/lt\/produktas\/uniq-pets-sriuba-su-vistiena-ir-imbieru-8x30g\/#primaryimage"},"thumbnailUrl":"https:\/\/miumjau.ee\/wp-content\/uploads\/2025\/10\/uniq-pets-kana-ingver-supp-2.jpg","datePublished":"2025-10-03T11:11:59+00:00","dateModified":"2026-01-07T18:46:18+00:00","breadcrumb":{"@id":"https:\/\/miumjau.ee\/lt\/produktas\/uniq-pets-sriuba-su-vistiena-ir-imbieru-8x30g\/#breadcrumb"},"inLanguage":"lt-LT","potentialAction":[{"@type":"ReadAction","target":["https:\/\/miumjau.ee\/lt\/produktas\/uniq-pets-sriuba-su-vistiena-ir-imbieru-8x30g\/"]}]},{"@type":"ImageObject","inLanguage":"lt-LT","@id":"https:\/\/miumjau.ee\/lt\/produktas\/uniq-pets-sriuba-su-vistiena-ir-imbieru-8x30g\/#primaryimage","url":"https:\/\/miumjau.ee\/wp-content\/uploads\/2025\/10\/uniq-pets-kana-ingver-supp-2.jpg","contentUrl":"https:\/\/miumjau.ee\/wp-content\/uploads\/2025\/10\/uniq-pets-kana-ingver-supp-2.jpg","width":1200,"height":1600,"caption":"Uniq Pets supp kana ja ingveriga, 8x30g"},{"@type":"BreadcrumbList","@id":"https:\/\/miumjau.ee\/lt\/produktas\/uniq-pets-sriuba-su-vistiena-ir-imbieru-8x30g\/#breadcrumb","itemListElement":[{"@type":"ListItem","position":1,"name":"Home","item":"https:\/\/miumjau.ee\/lt\/"},{"@type":"ListItem","position":2,"name":"Parduotuv\u0117","item":"https:\/\/miumjau.ee\/lt\/parduotuve\/"},{"@type":"ListItem","position":3,"name":"Uniq Pets sriuba su vi\u0161tiena ir imbieru, 8x30g"}]},{"@type":"WebSite","@id":"https:\/\/miumjau.ee\/#website","url":"https:\/\/miumjau.ee\/","name":"MiuMjau","description":"Kraapimispuud kassidele","publisher":{"@id":"https:\/\/miumjau.ee\/#organization"},"potentialAction":[{"@type":"SearchAction","target":{"@type":"EntryPoint","urlTemplate":"https:\/\/miumjau.ee\/?s={search_term_string}"},"query-input":{"@type":"PropertyValueSpecification","valueRequired":true,"valueName":"search_term_string"}}],"inLanguage":"lt-LT"},{"@type":"Organization","@id":"https:\/\/miumjau.ee\/#organization","name":"MiuMjau O\u00dc","url":"https:\/\/miumjau.ee\/","logo":{"@type":"ImageObject","inLanguage":"lt-LT","@id":"https:\/\/miumjau.ee\/#\/schema\/logo\/image\/","url":"https:\/\/miumjau.ee\/wp-content\/uploads\/2022\/04\/MiuMjau-logo-kollane.png","contentUrl":"https:\/\/miumjau.ee\/wp-content\/uploads\/2022\/04\/MiuMjau-logo-kollane.png","width":219,"height":100,"caption":"MiuMjau O\u00dc"},"image":{"@id":"https:\/\/miumjau.ee\/#\/schema\/logo\/image\/"},"sameAs":["https:\/\/www.facebook.com\/miumjaupood\/"]}]}},"_links":{"self":[{"href":"https:\/\/miumjau.ee\/lt\/wp-json\/wp\/v2\/product\/47677","targetHints":{"allow":["GET"]}}],"collection":[{"href":"https:\/\/miumjau.ee\/lt\/wp-json\/wp\/v2\/product"}],"about":[{"href":"https:\/\/miumjau.ee\/lt\/wp-json\/wp\/v2\/types\/product"}],"wp:featuredmedia":[{"embeddable":true,"href":"https:\/\/miumjau.ee\/lt\/wp-json\/wp\/v2\/media\/42366"}],"wp:attachment":[{"href":"https:\/\/miumjau.ee\/lt\/wp-json\/wp\/v2\/media?parent=47677"}],"wp:term":[{"taxonomy":"product_brand","embeddable":true,"href":"https:\/\/miumjau.ee\/lt\/wp-json\/wp\/v2\/product_brand?post=47677"},{"taxonomy":"product_cat","embeddable":true,"href":"https:\/\/miumjau.ee\/lt\/wp-json\/wp\/v2\/product_cat?post=47677"},{"taxonomy":"product_tag","embeddable":true,"href":"https:\/\/miumjau.ee\/lt\/wp-json\/wp\/v2\/product_tag?post=47677"}],"curies":[{"name":"wp","href":"https:\/\/api.w.org\/{rel}","templated":true}]}}