{"id":47665,"date":"2025-09-20T14:14:22","date_gmt":"2025-09-20T11:14:22","guid":{"rendered":"https:\/\/miumjau.ee\/toode\/catfest-tunas-ir-krevetes-zele-12x50-g\/"},"modified":"2026-01-07T20:46:18","modified_gmt":"2026-01-07T18:46:18","slug":"catfest-tunas-ir-krevetes-zele-12x50-g","status":"publish","type":"product","link":"https:\/\/miumjau.ee\/lt\/produktas\/catfest-tunas-ir-krevetes-zele-12x50-g\/","title":{"rendered":"CatFest tunas ir krevet\u0117s \u017eele, 12&#215;50 g"},"content":{"rendered":"","protected":false},"excerpt":{"rendered":"<p data-start=\"1131\" data-end=\"1505\">CatFest konservuota dr\u0117gna maisto linija kat\u0117ms pagaminta i\u0161 mink\u0161to Ramiojo vandenyno tuno \u2013 tikras gurmani\u0161kas skan\u0117stas kailiniams smali\u017eiams. Tuno tamsios m\u0117sos tekst\u016bra \u0161velni, bet aromatas stipresnis, suteikiantis maistui intensyv\u0173 j\u016bros skon\u012f. Pateikiamas \u0161velnioje \u017eel\u0117, kuri ne tik pagerina maisto tekst\u016br\u0105, bet ir skatina geresn\u012f maistini\u0173 med\u017eiag\u0173 pasisavinim\u0105.<\/p>\n<p data-start=\"1507\" data-end=\"1806\"><strong data-start=\"1507\" data-end=\"1519\">Sud\u0117tis:<\/strong> tunas 60%, krevet\u0117s 4%, mieli\u0173 ekstraktas, prebiotikas FOS, an\u010diuvi\u0173 aliejus, mineralin\u0117s med\u017eiagos<br data-start=\"1619\" data-end=\"1622\" \/><strong data-start=\"1622\" data-end=\"1649\">Maistin\u0117 vert\u0117 (mg\/kg):<\/strong> E vitaminas \u2013 1 000, taurinas \u2013 1 000<br data-start=\"1687\" data-end=\"1690\" \/><strong data-start=\"1690\" data-end=\"1716\">Analitiniai rodikliai:<\/strong> \u017dali baltymai 10%, \u017eali riebalai 0,5%, \u017eali pelenai 1,5%, \u017eali skaidulos 1%, dr\u0117gm\u0117 88%<\/p>\n<p data-start=\"1808\" data-end=\"2178\" data-is-last-node=\"\" data-is-only-node=\"\"><strong data-start=\"1808\" data-end=\"1823\">Naudojimas:<\/strong> Tinka kaip papildomas nat\u016bralus maistas visiems suaugusiems naminiams kat\u0117ms, \u012fskaitant sterilizuotas ir kastruotas kates bei kates, turin\u010dias alergij\u0173 ar vir\u0161kinimo problem\u0173. Pateikti kambario temperat\u016broje. Laikyti v\u0117sioje ir sausoje vietoje. Vartoti ne daugiau kaip 3 paketus per dien\u0105. U\u017etikrinti, kad kat\u0117 visada tur\u0117t\u0173 prieig\u0105 prie \u0161vie\u017eio vandens.<\/p>\n","protected":false},"featured_media":42345,"template":"","meta":[],"product_brand":[],"product_cat":[526],"product_tag":[],"class_list":{"0":"post-47665","1":"product","2":"type-product","3":"status-publish","4":"has-post-thumbnail","6":"product_cat-slapias-maistas","8":"first","9":"instock","10":"taxable","11":"shipping-taxable","12":"purchasable","13":"product-type-simple"},"yoast_head":"<!-- This site is optimized with the Yoast SEO plugin v27.4 - https:\/\/yoast.com\/product\/yoast-seo-wordpress\/ -->\n<title>CatFest tunas ir krevet\u0117s \u017eele, 12x50 g - MiuMjau<\/title>\n<meta name=\"robots\" content=\"index, follow, max-snippet:-1, max-image-preview:large, max-video-preview:-1\" \/>\n<link rel=\"canonical\" href=\"https:\/\/miumjau.ee\/lt\/produktas\/catfest-tunas-ir-krevetes-zele-12x50-g\/\" \/>\n<meta property=\"og:locale\" content=\"lt_LT\" \/>\n<meta property=\"og:type\" content=\"article\" \/>\n<meta property=\"og:title\" content=\"CatFest tunas ir krevet\u0117s \u017eele, 12x50 g - MiuMjau\" \/>\n<meta property=\"og:description\" content=\"CatFest konservuota dr\u0117gna maisto linija kat\u0117ms pagaminta i\u0161 mink\u0161to Ramiojo vandenyno tuno \u2013 tikras gurmani\u0161kas skan\u0117stas kailiniams smali\u017eiams. Tuno tamsios m\u0117sos tekst\u016bra \u0161velni, bet aromatas stipresnis, suteikiantis maistui intensyv\u0173 j\u016bros skon\u012f. Pateikiamas \u0161velnioje \u017eel\u0117, kuri ne tik pagerina maisto tekst\u016br\u0105, bet ir skatina geresn\u012f maistini\u0173 med\u017eiag\u0173 pasisavinim\u0105. Sud\u0117tis: tunas 60%, krevet\u0117s 4%, mieli\u0173 ekstraktas, prebiotikas FOS, an\u010diuvi\u0173 aliejus, mineralin\u0117s med\u017eiagosMaistin\u0117 vert\u0117 (mg\/kg): E vitaminas \u2013 1 000, taurinas \u2013 1 000Analitiniai rodikliai: \u017dali baltymai 10%, \u017eali riebalai 0,5%, \u017eali pelenai 1,5%, \u017eali skaidulos 1%, dr\u0117gm\u0117 88% Naudojimas: Tinka kaip papildomas nat\u016bralus maistas visiems suaugusiems naminiams kat\u0117ms, \u012fskaitant sterilizuotas ir kastruotas kates bei kates, turin\u010dias alergij\u0173 ar vir\u0161kinimo problem\u0173. Pateikti kambario temperat\u016broje. Laikyti v\u0117sioje ir sausoje vietoje. Vartoti ne daugiau kaip 3 paketus per dien\u0105. U\u017etikrinti, kad kat\u0117 visada tur\u0117t\u0173 prieig\u0105 prie \u0161vie\u017eio vandens.\" \/>\n<meta property=\"og:url\" content=\"https:\/\/miumjau.ee\/lt\/produktas\/catfest-tunas-ir-krevetes-zele-12x50-g\/\" \/>\n<meta property=\"og:site_name\" content=\"MiuMjau\" \/>\n<meta property=\"article:publisher\" content=\"https:\/\/www.facebook.com\/miumjaupood\/\" \/>\n<meta property=\"article:modified_time\" content=\"2026-01-07T18:46:18+00:00\" \/>\n<meta property=\"og:image\" content=\"https:\/\/miumjau.ee\/wp-content\/uploads\/2025\/09\/catfest-meal-margtoit-kassile2.jpg\" \/>\n\t<meta property=\"og:image:width\" content=\"1200\" \/>\n\t<meta property=\"og:image:height\" content=\"1600\" \/>\n\t<meta property=\"og:image:type\" content=\"image\/jpeg\" \/>\n<meta name=\"twitter:card\" content=\"summary_large_image\" \/>\n<script type=\"application\/ld+json\" class=\"yoast-schema-graph\">{\"@context\":\"https:\\\/\\\/schema.org\",\"@graph\":[{\"@type\":\"WebPage\",\"@id\":\"https:\\\/\\\/miumjau.ee\\\/lt\\\/produktas\\\/catfest-tunas-ir-krevetes-zele-12x50-g\\\/\",\"url\":\"https:\\\/\\\/miumjau.ee\\\/lt\\\/produktas\\\/catfest-tunas-ir-krevetes-zele-12x50-g\\\/\",\"name\":\"CatFest tunas ir krevet\u0117s \u017eele, 12x50 g - MiuMjau\",\"isPartOf\":{\"@id\":\"https:\\\/\\\/miumjau.ee\\\/#website\"},\"primaryImageOfPage\":{\"@id\":\"https:\\\/\\\/miumjau.ee\\\/lt\\\/produktas\\\/catfest-tunas-ir-krevetes-zele-12x50-g\\\/#primaryimage\"},\"image\":{\"@id\":\"https:\\\/\\\/miumjau.ee\\\/lt\\\/produktas\\\/catfest-tunas-ir-krevetes-zele-12x50-g\\\/#primaryimage\"},\"thumbnailUrl\":\"https:\\\/\\\/miumjau.ee\\\/wp-content\\\/uploads\\\/2025\\\/09\\\/catfest-meal-margtoit-kassile2.jpg\",\"datePublished\":\"2025-09-20T11:14:22+00:00\",\"dateModified\":\"2026-01-07T18:46:18+00:00\",\"breadcrumb\":{\"@id\":\"https:\\\/\\\/miumjau.ee\\\/lt\\\/produktas\\\/catfest-tunas-ir-krevetes-zele-12x50-g\\\/#breadcrumb\"},\"inLanguage\":\"lt-LT\",\"potentialAction\":[{\"@type\":\"ReadAction\",\"target\":[\"https:\\\/\\\/miumjau.ee\\\/lt\\\/produktas\\\/catfest-tunas-ir-krevetes-zele-12x50-g\\\/\"]}]},{\"@type\":\"ImageObject\",\"inLanguage\":\"lt-LT\",\"@id\":\"https:\\\/\\\/miumjau.ee\\\/lt\\\/produktas\\\/catfest-tunas-ir-krevetes-zele-12x50-g\\\/#primaryimage\",\"url\":\"https:\\\/\\\/miumjau.ee\\\/wp-content\\\/uploads\\\/2025\\\/09\\\/catfest-meal-margtoit-kassile2.jpg\",\"contentUrl\":\"https:\\\/\\\/miumjau.ee\\\/wp-content\\\/uploads\\\/2025\\\/09\\\/catfest-meal-margtoit-kassile2.jpg\",\"width\":1200,\"height\":1600,\"caption\":\"CatFest tuunikala krevettidega tarrendis,12x50g\"},{\"@type\":\"BreadcrumbList\",\"@id\":\"https:\\\/\\\/miumjau.ee\\\/lt\\\/produktas\\\/catfest-tunas-ir-krevetes-zele-12x50-g\\\/#breadcrumb\",\"itemListElement\":[{\"@type\":\"ListItem\",\"position\":1,\"name\":\"Home\",\"item\":\"https:\\\/\\\/miumjau.ee\\\/lt\\\/\"},{\"@type\":\"ListItem\",\"position\":2,\"name\":\"Parduotuv\u0117\",\"item\":\"https:\\\/\\\/miumjau.ee\\\/lt\\\/parduotuve\\\/\"},{\"@type\":\"ListItem\",\"position\":3,\"name\":\"CatFest tunas ir krevet\u0117s \u017eele, 12&#215;50 g\"}]},{\"@type\":\"WebSite\",\"@id\":\"https:\\\/\\\/miumjau.ee\\\/#website\",\"url\":\"https:\\\/\\\/miumjau.ee\\\/\",\"name\":\"MiuMjau\",\"description\":\"Kraapimispuud kassidele\",\"publisher\":{\"@id\":\"https:\\\/\\\/miumjau.ee\\\/#organization\"},\"potentialAction\":[{\"@type\":\"SearchAction\",\"target\":{\"@type\":\"EntryPoint\",\"urlTemplate\":\"https:\\\/\\\/miumjau.ee\\\/?s={search_term_string}\"},\"query-input\":{\"@type\":\"PropertyValueSpecification\",\"valueRequired\":true,\"valueName\":\"search_term_string\"}}],\"inLanguage\":\"lt-LT\"},{\"@type\":\"Organization\",\"@id\":\"https:\\\/\\\/miumjau.ee\\\/#organization\",\"name\":\"MiuMjau O\u00dc\",\"url\":\"https:\\\/\\\/miumjau.ee\\\/\",\"logo\":{\"@type\":\"ImageObject\",\"inLanguage\":\"lt-LT\",\"@id\":\"https:\\\/\\\/miumjau.ee\\\/#\\\/schema\\\/logo\\\/image\\\/\",\"url\":\"https:\\\/\\\/miumjau.ee\\\/wp-content\\\/uploads\\\/2022\\\/04\\\/MiuMjau-logo-kollane.png\",\"contentUrl\":\"https:\\\/\\\/miumjau.ee\\\/wp-content\\\/uploads\\\/2022\\\/04\\\/MiuMjau-logo-kollane.png\",\"width\":219,\"height\":100,\"caption\":\"MiuMjau O\u00dc\"},\"image\":{\"@id\":\"https:\\\/\\\/miumjau.ee\\\/#\\\/schema\\\/logo\\\/image\\\/\"},\"sameAs\":[\"https:\\\/\\\/www.facebook.com\\\/miumjaupood\\\/\"]}]}<\/script>\n<!-- \/ Yoast SEO plugin. -->","yoast_head_json":{"title":"CatFest tunas ir krevet\u0117s \u017eele, 12x50 g - MiuMjau","robots":{"index":"index","follow":"follow","max-snippet":"max-snippet:-1","max-image-preview":"max-image-preview:large","max-video-preview":"max-video-preview:-1"},"canonical":"https:\/\/miumjau.ee\/lt\/produktas\/catfest-tunas-ir-krevetes-zele-12x50-g\/","og_locale":"lt_LT","og_type":"article","og_title":"CatFest tunas ir krevet\u0117s \u017eele, 12x50 g - MiuMjau","og_description":"CatFest konservuota dr\u0117gna maisto linija kat\u0117ms pagaminta i\u0161 mink\u0161to Ramiojo vandenyno tuno \u2013 tikras gurmani\u0161kas skan\u0117stas kailiniams smali\u017eiams. Tuno tamsios m\u0117sos tekst\u016bra \u0161velni, bet aromatas stipresnis, suteikiantis maistui intensyv\u0173 j\u016bros skon\u012f. Pateikiamas \u0161velnioje \u017eel\u0117, kuri ne tik pagerina maisto tekst\u016br\u0105, bet ir skatina geresn\u012f maistini\u0173 med\u017eiag\u0173 pasisavinim\u0105. Sud\u0117tis: tunas 60%, krevet\u0117s 4%, mieli\u0173 ekstraktas, prebiotikas FOS, an\u010diuvi\u0173 aliejus, mineralin\u0117s med\u017eiagosMaistin\u0117 vert\u0117 (mg\/kg): E vitaminas \u2013 1 000, taurinas \u2013 1 000Analitiniai rodikliai: \u017dali baltymai 10%, \u017eali riebalai 0,5%, \u017eali pelenai 1,5%, \u017eali skaidulos 1%, dr\u0117gm\u0117 88% Naudojimas: Tinka kaip papildomas nat\u016bralus maistas visiems suaugusiems naminiams kat\u0117ms, \u012fskaitant sterilizuotas ir kastruotas kates bei kates, turin\u010dias alergij\u0173 ar vir\u0161kinimo problem\u0173. Pateikti kambario temperat\u016broje. Laikyti v\u0117sioje ir sausoje vietoje. Vartoti ne daugiau kaip 3 paketus per dien\u0105. U\u017etikrinti, kad kat\u0117 visada tur\u0117t\u0173 prieig\u0105 prie \u0161vie\u017eio vandens.","og_url":"https:\/\/miumjau.ee\/lt\/produktas\/catfest-tunas-ir-krevetes-zele-12x50-g\/","og_site_name":"MiuMjau","article_publisher":"https:\/\/www.facebook.com\/miumjaupood\/","article_modified_time":"2026-01-07T18:46:18+00:00","og_image":[{"width":1200,"height":1600,"url":"https:\/\/miumjau.ee\/wp-content\/uploads\/2025\/09\/catfest-meal-margtoit-kassile2.jpg","type":"image\/jpeg"}],"twitter_card":"summary_large_image","schema":{"@context":"https:\/\/schema.org","@graph":[{"@type":"WebPage","@id":"https:\/\/miumjau.ee\/lt\/produktas\/catfest-tunas-ir-krevetes-zele-12x50-g\/","url":"https:\/\/miumjau.ee\/lt\/produktas\/catfest-tunas-ir-krevetes-zele-12x50-g\/","name":"CatFest tunas ir krevet\u0117s \u017eele, 12x50 g - MiuMjau","isPartOf":{"@id":"https:\/\/miumjau.ee\/#website"},"primaryImageOfPage":{"@id":"https:\/\/miumjau.ee\/lt\/produktas\/catfest-tunas-ir-krevetes-zele-12x50-g\/#primaryimage"},"image":{"@id":"https:\/\/miumjau.ee\/lt\/produktas\/catfest-tunas-ir-krevetes-zele-12x50-g\/#primaryimage"},"thumbnailUrl":"https:\/\/miumjau.ee\/wp-content\/uploads\/2025\/09\/catfest-meal-margtoit-kassile2.jpg","datePublished":"2025-09-20T11:14:22+00:00","dateModified":"2026-01-07T18:46:18+00:00","breadcrumb":{"@id":"https:\/\/miumjau.ee\/lt\/produktas\/catfest-tunas-ir-krevetes-zele-12x50-g\/#breadcrumb"},"inLanguage":"lt-LT","potentialAction":[{"@type":"ReadAction","target":["https:\/\/miumjau.ee\/lt\/produktas\/catfest-tunas-ir-krevetes-zele-12x50-g\/"]}]},{"@type":"ImageObject","inLanguage":"lt-LT","@id":"https:\/\/miumjau.ee\/lt\/produktas\/catfest-tunas-ir-krevetes-zele-12x50-g\/#primaryimage","url":"https:\/\/miumjau.ee\/wp-content\/uploads\/2025\/09\/catfest-meal-margtoit-kassile2.jpg","contentUrl":"https:\/\/miumjau.ee\/wp-content\/uploads\/2025\/09\/catfest-meal-margtoit-kassile2.jpg","width":1200,"height":1600,"caption":"CatFest tuunikala krevettidega tarrendis,12x50g"},{"@type":"BreadcrumbList","@id":"https:\/\/miumjau.ee\/lt\/produktas\/catfest-tunas-ir-krevetes-zele-12x50-g\/#breadcrumb","itemListElement":[{"@type":"ListItem","position":1,"name":"Home","item":"https:\/\/miumjau.ee\/lt\/"},{"@type":"ListItem","position":2,"name":"Parduotuv\u0117","item":"https:\/\/miumjau.ee\/lt\/parduotuve\/"},{"@type":"ListItem","position":3,"name":"CatFest tunas ir krevet\u0117s \u017eele, 12&#215;50 g"}]},{"@type":"WebSite","@id":"https:\/\/miumjau.ee\/#website","url":"https:\/\/miumjau.ee\/","name":"MiuMjau","description":"Kraapimispuud kassidele","publisher":{"@id":"https:\/\/miumjau.ee\/#organization"},"potentialAction":[{"@type":"SearchAction","target":{"@type":"EntryPoint","urlTemplate":"https:\/\/miumjau.ee\/?s={search_term_string}"},"query-input":{"@type":"PropertyValueSpecification","valueRequired":true,"valueName":"search_term_string"}}],"inLanguage":"lt-LT"},{"@type":"Organization","@id":"https:\/\/miumjau.ee\/#organization","name":"MiuMjau O\u00dc","url":"https:\/\/miumjau.ee\/","logo":{"@type":"ImageObject","inLanguage":"lt-LT","@id":"https:\/\/miumjau.ee\/#\/schema\/logo\/image\/","url":"https:\/\/miumjau.ee\/wp-content\/uploads\/2022\/04\/MiuMjau-logo-kollane.png","contentUrl":"https:\/\/miumjau.ee\/wp-content\/uploads\/2022\/04\/MiuMjau-logo-kollane.png","width":219,"height":100,"caption":"MiuMjau O\u00dc"},"image":{"@id":"https:\/\/miumjau.ee\/#\/schema\/logo\/image\/"},"sameAs":["https:\/\/www.facebook.com\/miumjaupood\/"]}]}},"_links":{"self":[{"href":"https:\/\/miumjau.ee\/lt\/wp-json\/wp\/v2\/product\/47665","targetHints":{"allow":["GET"]}}],"collection":[{"href":"https:\/\/miumjau.ee\/lt\/wp-json\/wp\/v2\/product"}],"about":[{"href":"https:\/\/miumjau.ee\/lt\/wp-json\/wp\/v2\/types\/product"}],"wp:featuredmedia":[{"embeddable":true,"href":"https:\/\/miumjau.ee\/lt\/wp-json\/wp\/v2\/media\/42345"}],"wp:attachment":[{"href":"https:\/\/miumjau.ee\/lt\/wp-json\/wp\/v2\/media?parent=47665"}],"wp:term":[{"taxonomy":"product_brand","embeddable":true,"href":"https:\/\/miumjau.ee\/lt\/wp-json\/wp\/v2\/product_brand?post=47665"},{"taxonomy":"product_cat","embeddable":true,"href":"https:\/\/miumjau.ee\/lt\/wp-json\/wp\/v2\/product_cat?post=47665"},{"taxonomy":"product_tag","embeddable":true,"href":"https:\/\/miumjau.ee\/lt\/wp-json\/wp\/v2\/product_tag?post=47665"}],"curies":[{"name":"wp","href":"https:\/\/api.w.org\/{rel}","templated":true}]}}