{"id":47662,"date":"2025-10-05T14:53:23","date_gmt":"2025-10-05T11:53:23","guid":{"rendered":"https:\/\/miumjau.ee\/toode\/transportavimo-narvas-pratiko-2-55x36x36-cm-iki-15-kg-2\/"},"modified":"2026-01-07T20:46:18","modified_gmt":"2026-01-07T18:46:18","slug":"transportavimo-narvas-pratiko-2-55x36x36-cm-iki-15-kg-2","status":"publish","type":"product","link":"https:\/\/miumjau.ee\/lt\/produktas\/transportavimo-narvas-pratiko-2-55x36x36-cm-iki-15-kg-2\/","title":{"rendered":"Transportavimo narvas Pratiko 2 55x36x36 cm, iki 15 kg"},"content":{"rendered":"","protected":false},"excerpt":{"rendered":"<ul data-start=\"746\" data-end=\"1136\">\n<li data-start=\"746\" data-end=\"846\">\n<p data-start=\"748\" data-end=\"846\">Labai saugus \u2013 metalin\u0117s durel\u0117s + kietos plastikin\u0117s sienos (atsparus kramtymams ir pab\u0117gimams)<\/p>\n<\/li>\n<li data-start=\"847\" data-end=\"938\">\n<p data-start=\"849\" data-end=\"938\">Idealiai tinka gyv\u016bnams iki 15 kg \u2013 tinka kat\u0117ms ir ma\u017eiems bei vidutinio dyd\u017eio \u0161unims<\/p>\n<\/li>\n<li data-start=\"939\" data-end=\"1027\">\n<p data-start=\"941\" data-end=\"1027\">Ventiliuojamas ir matomas \u2013 tinklelio paneliai oro cirkuliacijai ir gyv\u016bno komfortui<\/p>\n<\/li>\n<li data-start=\"1028\" data-end=\"1088\">\n<p data-start=\"1030\" data-end=\"1088\">Lengva valyti \u2013 plastikinis vidus valomas dr\u0117gna \u0161luoste<\/p>\n<\/li>\n<li data-start=\"1089\" data-end=\"1136\">\n<p data-start=\"1091\" data-end=\"1136\">Paruo\u0161tas kelion\u0117ms \u2013 lengvas su rankenomis<\/p>\n<\/li>\n<\/ul>\n<p data-start=\"1138\" data-end=\"1239\">Prie\u0161 kelion\u0119 \u012f oro uost\u0105 susisiekite su oro linijomis d\u0117l kabinos dyd\u017eio ir s\u0117dim\u0173j\u0173 viet\u0173 erdv\u0117s.<\/p>\n<p data-start=\"1241\" data-end=\"1313\" data-is-last-node=\"\" data-is-only-node=\"\"><strong data-start=\"1241\" data-end=\"1252\">Svoris:<\/strong> 1400 g<br data-start=\"1259\" data-end=\"1262\" \/><strong data-start=\"1262\" data-end=\"1278\">I\u0161matavimai:<\/strong> 55 \u00d7 36 \u00d7 36 cm<br data-start=\"1294\" data-end=\"1297\" \/><strong data-start=\"1297\" data-end=\"1310\">Med\u017eiaga:<\/strong> PP<\/p>\n","protected":false},"featured_media":42323,"template":"","meta":[],"product_brand":[],"product_cat":[535,544],"product_tag":[],"class_list":{"0":"post-47662","1":"product","2":"type-product","3":"status-publish","4":"has-post-thumbnail","6":"product_cat-transportavimo-narvai-krepsiai","7":"product_cat-sunu-narvai-ir-transportavimo-krepsiai","9":"first","10":"instock","11":"taxable","12":"shipping-taxable","13":"purchasable","14":"product-type-simple"},"yoast_head":"<!-- This site is optimized with the Yoast SEO plugin v27.2 - https:\/\/yoast.com\/product\/yoast-seo-wordpress\/ -->\n<title>Transportavimo narvas Pratiko 2 55x36x36 cm, iki 15 kg - MiuMjau<\/title>\n<meta name=\"robots\" content=\"index, follow, max-snippet:-1, max-image-preview:large, max-video-preview:-1\" \/>\n<link rel=\"canonical\" href=\"https:\/\/miumjau.ee\/lt\/produktas\/transportavimo-narvas-pratiko-2-55x36x36-cm-iki-15-kg-2\/\" \/>\n<meta property=\"og:locale\" content=\"lt_LT\" \/>\n<meta property=\"og:type\" content=\"article\" \/>\n<meta property=\"og:title\" content=\"Transportavimo narvas Pratiko 2 55x36x36 cm, iki 15 kg - MiuMjau\" \/>\n<meta property=\"og:description\" content=\"Labai saugus \u2013 metalin\u0117s durel\u0117s + kietos plastikin\u0117s sienos (atsparus kramtymams ir pab\u0117gimams)    Idealiai tinka gyv\u016bnams iki 15 kg \u2013 tinka kat\u0117ms ir ma\u017eiems bei vidutinio dyd\u017eio \u0161unims    Ventiliuojamas ir matomas \u2013 tinklelio paneliai oro cirkuliacijai ir gyv\u016bno komfortui    Lengva valyti \u2013 plastikinis vidus valomas dr\u0117gna \u0161luoste    Paruo\u0161tas kelion\u0117ms \u2013 lengvas su rankenomis   Prie\u0161 kelion\u0119 \u012f oro uost\u0105 susisiekite su oro linijomis d\u0117l kabinos dyd\u017eio ir s\u0117dim\u0173j\u0173 viet\u0173 erdv\u0117s. Svoris: 1400 gI\u0161matavimai: 55 \u00d7 36 \u00d7 36 cmMed\u017eiaga: PP\" \/>\n<meta property=\"og:url\" content=\"https:\/\/miumjau.ee\/lt\/produktas\/transportavimo-narvas-pratiko-2-55x36x36-cm-iki-15-kg-2\/\" \/>\n<meta property=\"og:site_name\" content=\"MiuMjau\" \/>\n<meta property=\"article:publisher\" content=\"https:\/\/www.facebook.com\/miumjaupood\/\" \/>\n<meta property=\"article:modified_time\" content=\"2026-01-07T18:46:18+00:00\" \/>\n<meta property=\"og:image\" content=\"https:\/\/miumjau.ee\/wp-content\/uploads\/2025\/10\/imagehandler-22.jpg\" \/>\n\t<meta property=\"og:image:width\" content=\"600\" \/>\n\t<meta property=\"og:image:height\" content=\"800\" \/>\n\t<meta property=\"og:image:type\" content=\"image\/jpeg\" \/>\n<meta name=\"twitter:card\" content=\"summary_large_image\" \/>\n<script type=\"application\/ld+json\" class=\"yoast-schema-graph\">{\"@context\":\"https:\/\/schema.org\",\"@graph\":[{\"@type\":\"WebPage\",\"@id\":\"https:\/\/miumjau.ee\/lt\/produktas\/transportavimo-narvas-pratiko-2-55x36x36-cm-iki-15-kg-2\/\",\"url\":\"https:\/\/miumjau.ee\/lt\/produktas\/transportavimo-narvas-pratiko-2-55x36x36-cm-iki-15-kg-2\/\",\"name\":\"Transportavimo narvas Pratiko 2 55x36x36 cm, iki 15 kg - MiuMjau\",\"isPartOf\":{\"@id\":\"https:\/\/miumjau.ee\/#website\"},\"primaryImageOfPage\":{\"@id\":\"https:\/\/miumjau.ee\/lt\/produktas\/transportavimo-narvas-pratiko-2-55x36x36-cm-iki-15-kg-2\/#primaryimage\"},\"image\":{\"@id\":\"https:\/\/miumjau.ee\/lt\/produktas\/transportavimo-narvas-pratiko-2-55x36x36-cm-iki-15-kg-2\/#primaryimage\"},\"thumbnailUrl\":\"https:\/\/miumjau.ee\/wp-content\/uploads\/2025\/10\/imagehandler-22.jpg\",\"datePublished\":\"2025-10-05T11:53:23+00:00\",\"dateModified\":\"2026-01-07T18:46:18+00:00\",\"breadcrumb\":{\"@id\":\"https:\/\/miumjau.ee\/lt\/produktas\/transportavimo-narvas-pratiko-2-55x36x36-cm-iki-15-kg-2\/#breadcrumb\"},\"inLanguage\":\"lt-LT\",\"potentialAction\":[{\"@type\":\"ReadAction\",\"target\":[\"https:\/\/miumjau.ee\/lt\/produktas\/transportavimo-narvas-pratiko-2-55x36x36-cm-iki-15-kg-2\/\"]}]},{\"@type\":\"ImageObject\",\"inLanguage\":\"lt-LT\",\"@id\":\"https:\/\/miumjau.ee\/lt\/produktas\/transportavimo-narvas-pratiko-2-55x36x36-cm-iki-15-kg-2\/#primaryimage\",\"url\":\"https:\/\/miumjau.ee\/wp-content\/uploads\/2025\/10\/imagehandler-22.jpg\",\"contentUrl\":\"https:\/\/miumjau.ee\/wp-content\/uploads\/2025\/10\/imagehandler-22.jpg\",\"width\":600,\"height\":800,\"caption\":\"Transpordipuur Pratiko 2 55x36x36cm kuni 15kg\"},{\"@type\":\"BreadcrumbList\",\"@id\":\"https:\/\/miumjau.ee\/lt\/produktas\/transportavimo-narvas-pratiko-2-55x36x36-cm-iki-15-kg-2\/#breadcrumb\",\"itemListElement\":[{\"@type\":\"ListItem\",\"position\":1,\"name\":\"Home\",\"item\":\"https:\/\/miumjau.ee\/lt\/\"},{\"@type\":\"ListItem\",\"position\":2,\"name\":\"Parduotuv\u0117\",\"item\":\"https:\/\/miumjau.ee\/lt\/parduotuve\/\"},{\"@type\":\"ListItem\",\"position\":3,\"name\":\"Transportavimo narvas Pratiko 2 55x36x36 cm, iki 15 kg\"}]},{\"@type\":\"WebSite\",\"@id\":\"https:\/\/miumjau.ee\/#website\",\"url\":\"https:\/\/miumjau.ee\/\",\"name\":\"MiuMjau\",\"description\":\"Kraapimispuud kassidele\",\"publisher\":{\"@id\":\"https:\/\/miumjau.ee\/#organization\"},\"potentialAction\":[{\"@type\":\"SearchAction\",\"target\":{\"@type\":\"EntryPoint\",\"urlTemplate\":\"https:\/\/miumjau.ee\/?s={search_term_string}\"},\"query-input\":{\"@type\":\"PropertyValueSpecification\",\"valueRequired\":true,\"valueName\":\"search_term_string\"}}],\"inLanguage\":\"lt-LT\"},{\"@type\":\"Organization\",\"@id\":\"https:\/\/miumjau.ee\/#organization\",\"name\":\"MiuMjau O\u00dc\",\"url\":\"https:\/\/miumjau.ee\/\",\"logo\":{\"@type\":\"ImageObject\",\"inLanguage\":\"lt-LT\",\"@id\":\"https:\/\/miumjau.ee\/#\/schema\/logo\/image\/\",\"url\":\"https:\/\/miumjau.ee\/wp-content\/uploads\/2022\/04\/MiuMjau-logo-kollane.png\",\"contentUrl\":\"https:\/\/miumjau.ee\/wp-content\/uploads\/2022\/04\/MiuMjau-logo-kollane.png\",\"width\":219,\"height\":100,\"caption\":\"MiuMjau O\u00dc\"},\"image\":{\"@id\":\"https:\/\/miumjau.ee\/#\/schema\/logo\/image\/\"},\"sameAs\":[\"https:\/\/www.facebook.com\/miumjaupood\/\"]}]}<\/script>\n<!-- \/ Yoast SEO plugin. -->","yoast_head_json":{"title":"Transportavimo narvas Pratiko 2 55x36x36 cm, iki 15 kg - MiuMjau","robots":{"index":"index","follow":"follow","max-snippet":"max-snippet:-1","max-image-preview":"max-image-preview:large","max-video-preview":"max-video-preview:-1"},"canonical":"https:\/\/miumjau.ee\/lt\/produktas\/transportavimo-narvas-pratiko-2-55x36x36-cm-iki-15-kg-2\/","og_locale":"lt_LT","og_type":"article","og_title":"Transportavimo narvas Pratiko 2 55x36x36 cm, iki 15 kg - MiuMjau","og_description":"Labai saugus \u2013 metalin\u0117s durel\u0117s + kietos plastikin\u0117s sienos (atsparus kramtymams ir pab\u0117gimams)    Idealiai tinka gyv\u016bnams iki 15 kg \u2013 tinka kat\u0117ms ir ma\u017eiems bei vidutinio dyd\u017eio \u0161unims    Ventiliuojamas ir matomas \u2013 tinklelio paneliai oro cirkuliacijai ir gyv\u016bno komfortui    Lengva valyti \u2013 plastikinis vidus valomas dr\u0117gna \u0161luoste    Paruo\u0161tas kelion\u0117ms \u2013 lengvas su rankenomis   Prie\u0161 kelion\u0119 \u012f oro uost\u0105 susisiekite su oro linijomis d\u0117l kabinos dyd\u017eio ir s\u0117dim\u0173j\u0173 viet\u0173 erdv\u0117s. Svoris: 1400 gI\u0161matavimai: 55 \u00d7 36 \u00d7 36 cmMed\u017eiaga: PP","og_url":"https:\/\/miumjau.ee\/lt\/produktas\/transportavimo-narvas-pratiko-2-55x36x36-cm-iki-15-kg-2\/","og_site_name":"MiuMjau","article_publisher":"https:\/\/www.facebook.com\/miumjaupood\/","article_modified_time":"2026-01-07T18:46:18+00:00","og_image":[{"width":600,"height":800,"url":"https:\/\/miumjau.ee\/wp-content\/uploads\/2025\/10\/imagehandler-22.jpg","type":"image\/jpeg"}],"twitter_card":"summary_large_image","schema":{"@context":"https:\/\/schema.org","@graph":[{"@type":"WebPage","@id":"https:\/\/miumjau.ee\/lt\/produktas\/transportavimo-narvas-pratiko-2-55x36x36-cm-iki-15-kg-2\/","url":"https:\/\/miumjau.ee\/lt\/produktas\/transportavimo-narvas-pratiko-2-55x36x36-cm-iki-15-kg-2\/","name":"Transportavimo narvas Pratiko 2 55x36x36 cm, iki 15 kg - MiuMjau","isPartOf":{"@id":"https:\/\/miumjau.ee\/#website"},"primaryImageOfPage":{"@id":"https:\/\/miumjau.ee\/lt\/produktas\/transportavimo-narvas-pratiko-2-55x36x36-cm-iki-15-kg-2\/#primaryimage"},"image":{"@id":"https:\/\/miumjau.ee\/lt\/produktas\/transportavimo-narvas-pratiko-2-55x36x36-cm-iki-15-kg-2\/#primaryimage"},"thumbnailUrl":"https:\/\/miumjau.ee\/wp-content\/uploads\/2025\/10\/imagehandler-22.jpg","datePublished":"2025-10-05T11:53:23+00:00","dateModified":"2026-01-07T18:46:18+00:00","breadcrumb":{"@id":"https:\/\/miumjau.ee\/lt\/produktas\/transportavimo-narvas-pratiko-2-55x36x36-cm-iki-15-kg-2\/#breadcrumb"},"inLanguage":"lt-LT","potentialAction":[{"@type":"ReadAction","target":["https:\/\/miumjau.ee\/lt\/produktas\/transportavimo-narvas-pratiko-2-55x36x36-cm-iki-15-kg-2\/"]}]},{"@type":"ImageObject","inLanguage":"lt-LT","@id":"https:\/\/miumjau.ee\/lt\/produktas\/transportavimo-narvas-pratiko-2-55x36x36-cm-iki-15-kg-2\/#primaryimage","url":"https:\/\/miumjau.ee\/wp-content\/uploads\/2025\/10\/imagehandler-22.jpg","contentUrl":"https:\/\/miumjau.ee\/wp-content\/uploads\/2025\/10\/imagehandler-22.jpg","width":600,"height":800,"caption":"Transpordipuur Pratiko 2 55x36x36cm kuni 15kg"},{"@type":"BreadcrumbList","@id":"https:\/\/miumjau.ee\/lt\/produktas\/transportavimo-narvas-pratiko-2-55x36x36-cm-iki-15-kg-2\/#breadcrumb","itemListElement":[{"@type":"ListItem","position":1,"name":"Home","item":"https:\/\/miumjau.ee\/lt\/"},{"@type":"ListItem","position":2,"name":"Parduotuv\u0117","item":"https:\/\/miumjau.ee\/lt\/parduotuve\/"},{"@type":"ListItem","position":3,"name":"Transportavimo narvas Pratiko 2 55x36x36 cm, iki 15 kg"}]},{"@type":"WebSite","@id":"https:\/\/miumjau.ee\/#website","url":"https:\/\/miumjau.ee\/","name":"MiuMjau","description":"Kraapimispuud kassidele","publisher":{"@id":"https:\/\/miumjau.ee\/#organization"},"potentialAction":[{"@type":"SearchAction","target":{"@type":"EntryPoint","urlTemplate":"https:\/\/miumjau.ee\/?s={search_term_string}"},"query-input":{"@type":"PropertyValueSpecification","valueRequired":true,"valueName":"search_term_string"}}],"inLanguage":"lt-LT"},{"@type":"Organization","@id":"https:\/\/miumjau.ee\/#organization","name":"MiuMjau O\u00dc","url":"https:\/\/miumjau.ee\/","logo":{"@type":"ImageObject","inLanguage":"lt-LT","@id":"https:\/\/miumjau.ee\/#\/schema\/logo\/image\/","url":"https:\/\/miumjau.ee\/wp-content\/uploads\/2022\/04\/MiuMjau-logo-kollane.png","contentUrl":"https:\/\/miumjau.ee\/wp-content\/uploads\/2022\/04\/MiuMjau-logo-kollane.png","width":219,"height":100,"caption":"MiuMjau O\u00dc"},"image":{"@id":"https:\/\/miumjau.ee\/#\/schema\/logo\/image\/"},"sameAs":["https:\/\/www.facebook.com\/miumjaupood\/"]}]}},"_links":{"self":[{"href":"https:\/\/miumjau.ee\/lt\/wp-json\/wp\/v2\/product\/47662","targetHints":{"allow":["GET"]}}],"collection":[{"href":"https:\/\/miumjau.ee\/lt\/wp-json\/wp\/v2\/product"}],"about":[{"href":"https:\/\/miumjau.ee\/lt\/wp-json\/wp\/v2\/types\/product"}],"wp:featuredmedia":[{"embeddable":true,"href":"https:\/\/miumjau.ee\/lt\/wp-json\/wp\/v2\/media\/42323"}],"wp:attachment":[{"href":"https:\/\/miumjau.ee\/lt\/wp-json\/wp\/v2\/media?parent=47662"}],"wp:term":[{"taxonomy":"product_brand","embeddable":true,"href":"https:\/\/miumjau.ee\/lt\/wp-json\/wp\/v2\/product_brand?post=47662"},{"taxonomy":"product_cat","embeddable":true,"href":"https:\/\/miumjau.ee\/lt\/wp-json\/wp\/v2\/product_cat?post=47662"},{"taxonomy":"product_tag","embeddable":true,"href":"https:\/\/miumjau.ee\/lt\/wp-json\/wp\/v2\/product_tag?post=47662"}],"curies":[{"name":"wp","href":"https:\/\/api.w.org\/{rel}","templated":true}]}}