{"id":47652,"date":"2025-10-05T14:46:32","date_gmt":"2025-10-05T11:46:32","guid":{"rendered":"https:\/\/miumjau.ee\/toode\/transportavimo-narvas-skudo-2-55x36x35-cm-iki-18-kg\/"},"modified":"2026-01-07T20:46:26","modified_gmt":"2026-01-07T18:46:26","slug":"transportavimo-narvas-skudo-2-55x36x35-cm-iki-18-kg","status":"publish","type":"product","link":"https:\/\/miumjau.ee\/lt\/produktas\/transportavimo-narvas-skudo-2-55x36x35-cm-iki-18-kg\/","title":{"rendered":"Transportavimo narvas SKUDO 2 55x36x35 cm, iki 18 kg"},"content":{"rendered":"","protected":false},"excerpt":{"rendered":"<ul data-start=\"767\" data-end=\"1266\">\n<li data-start=\"767\" data-end=\"846\">\n<p data-start=\"769\" data-end=\"846\">Patvirtintas IATA oro linij\u0173 \u2013 atitinka grie\u017etus kabinos saugumo standartus<\/p>\n<\/li>\n<li data-start=\"847\" data-end=\"956\">\n<p data-start=\"849\" data-end=\"956\">Tvirtas ir saugus \u2013 metalin\u0117s durel\u0117s + patvarus plastikinis korpusas (atsparus kramtymams ir pab\u0117gimams)<\/p>\n<\/li>\n<li data-start=\"957\" data-end=\"1044\">\n<p data-start=\"959\" data-end=\"1044\">Dviguba prieiga \u2013 vir\u0161utin\u0117s ir \u0161onin\u0117s angos patogiam ir be streso gyv\u016bno \u012fd\u0117jimui<\/p>\n<\/li>\n<li data-start=\"1045\" data-end=\"1119\">\n<p data-start=\"1047\" data-end=\"1119\">Laiko iki 18 kg \u2013 erdvus kat\u0117ms ir ma\u017eiems bei vidutinio dyd\u017eio \u0161unims<\/p>\n<\/li>\n<li data-start=\"1120\" data-end=\"1201\">\n<p data-start=\"1122\" data-end=\"1201\">Ventiliuojamas ir patogus \u2013 kv\u0117puojantys tinklelio paneliai oro cirkuliacijai<\/p>\n<\/li>\n<li data-start=\"1202\" data-end=\"1266\">\n<p data-start=\"1204\" data-end=\"1266\">Paruo\u0161tas kelion\u0117ms \u2013 lengvas su ergonomi\u0161komis ranken\u0117l\u0117mis<\/p>\n<\/li>\n<\/ul>\n<p data-start=\"1268\" data-end=\"1340\" data-is-last-node=\"\" data-is-only-node=\"\"><strong data-start=\"1268\" data-end=\"1279\">Svoris:<\/strong> 1680 g<br data-start=\"1286\" data-end=\"1289\" \/><strong data-start=\"1289\" data-end=\"1305\">I\u0161matavimai:<\/strong> 55 \u00d7 36 \u00d7 35 cm<br data-start=\"1321\" data-end=\"1324\" \/><strong data-start=\"1324\" data-end=\"1337\">Med\u017eiaga:<\/strong> PP<\/p>\n","protected":false},"featured_media":42313,"template":"","meta":[],"product_brand":[],"product_cat":[535,544],"product_tag":[],"class_list":{"0":"post-47652","1":"product","2":"type-product","3":"status-publish","4":"has-post-thumbnail","6":"product_cat-transportavimo-narvai-krepsiai","7":"product_cat-sunu-narvai-ir-transportavimo-krepsiai","9":"first","10":"instock","11":"taxable","12":"shipping-taxable","13":"purchasable","14":"product-type-simple"},"yoast_head":"<!-- This site is optimized with the Yoast SEO plugin v27.2 - https:\/\/yoast.com\/product\/yoast-seo-wordpress\/ -->\n<title>Transportavimo narvas SKUDO 2 55x36x35 cm, iki 18 kg - MiuMjau<\/title>\n<meta name=\"robots\" content=\"index, follow, max-snippet:-1, max-image-preview:large, max-video-preview:-1\" \/>\n<link rel=\"canonical\" href=\"https:\/\/miumjau.ee\/lt\/produktas\/transportavimo-narvas-skudo-2-55x36x35-cm-iki-18-kg\/\" \/>\n<meta property=\"og:locale\" content=\"lt_LT\" \/>\n<meta property=\"og:type\" content=\"article\" \/>\n<meta property=\"og:title\" content=\"Transportavimo narvas SKUDO 2 55x36x35 cm, iki 18 kg - MiuMjau\" \/>\n<meta property=\"og:description\" content=\"Patvirtintas IATA oro linij\u0173 \u2013 atitinka grie\u017etus kabinos saugumo standartus    Tvirtas ir saugus \u2013 metalin\u0117s durel\u0117s + patvarus plastikinis korpusas (atsparus kramtymams ir pab\u0117gimams)    Dviguba prieiga \u2013 vir\u0161utin\u0117s ir \u0161onin\u0117s angos patogiam ir be streso gyv\u016bno \u012fd\u0117jimui    Laiko iki 18 kg \u2013 erdvus kat\u0117ms ir ma\u017eiems bei vidutinio dyd\u017eio \u0161unims    Ventiliuojamas ir patogus \u2013 kv\u0117puojantys tinklelio paneliai oro cirkuliacijai    Paruo\u0161tas kelion\u0117ms \u2013 lengvas su ergonomi\u0161komis ranken\u0117l\u0117mis   Svoris: 1680 gI\u0161matavimai: 55 \u00d7 36 \u00d7 35 cmMed\u017eiaga: PP\" \/>\n<meta property=\"og:url\" content=\"https:\/\/miumjau.ee\/lt\/produktas\/transportavimo-narvas-skudo-2-55x36x35-cm-iki-18-kg\/\" \/>\n<meta property=\"og:site_name\" content=\"MiuMjau\" \/>\n<meta property=\"article:publisher\" content=\"https:\/\/www.facebook.com\/miumjaupood\/\" \/>\n<meta property=\"article:modified_time\" content=\"2026-01-07T18:46:26+00:00\" \/>\n<meta property=\"og:image\" content=\"https:\/\/miumjau.ee\/wp-content\/uploads\/2025\/10\/kandepuur-skudo2.jpg\" \/>\n\t<meta property=\"og:image:width\" content=\"600\" \/>\n\t<meta property=\"og:image:height\" content=\"800\" \/>\n\t<meta property=\"og:image:type\" content=\"image\/jpeg\" \/>\n<meta name=\"twitter:card\" content=\"summary_large_image\" \/>\n<script type=\"application\/ld+json\" class=\"yoast-schema-graph\">{\"@context\":\"https:\/\/schema.org\",\"@graph\":[{\"@type\":\"WebPage\",\"@id\":\"https:\/\/miumjau.ee\/lt\/produktas\/transportavimo-narvas-skudo-2-55x36x35-cm-iki-18-kg\/\",\"url\":\"https:\/\/miumjau.ee\/lt\/produktas\/transportavimo-narvas-skudo-2-55x36x35-cm-iki-18-kg\/\",\"name\":\"Transportavimo narvas SKUDO 2 55x36x35 cm, iki 18 kg - MiuMjau\",\"isPartOf\":{\"@id\":\"https:\/\/miumjau.ee\/#website\"},\"primaryImageOfPage\":{\"@id\":\"https:\/\/miumjau.ee\/lt\/produktas\/transportavimo-narvas-skudo-2-55x36x35-cm-iki-18-kg\/#primaryimage\"},\"image\":{\"@id\":\"https:\/\/miumjau.ee\/lt\/produktas\/transportavimo-narvas-skudo-2-55x36x35-cm-iki-18-kg\/#primaryimage\"},\"thumbnailUrl\":\"https:\/\/miumjau.ee\/wp-content\/uploads\/2025\/10\/kandepuur-skudo2.jpg\",\"datePublished\":\"2025-10-05T11:46:32+00:00\",\"dateModified\":\"2026-01-07T18:46:26+00:00\",\"breadcrumb\":{\"@id\":\"https:\/\/miumjau.ee\/lt\/produktas\/transportavimo-narvas-skudo-2-55x36x35-cm-iki-18-kg\/#breadcrumb\"},\"inLanguage\":\"lt-LT\",\"potentialAction\":[{\"@type\":\"ReadAction\",\"target\":[\"https:\/\/miumjau.ee\/lt\/produktas\/transportavimo-narvas-skudo-2-55x36x35-cm-iki-18-kg\/\"]}]},{\"@type\":\"ImageObject\",\"inLanguage\":\"lt-LT\",\"@id\":\"https:\/\/miumjau.ee\/lt\/produktas\/transportavimo-narvas-skudo-2-55x36x35-cm-iki-18-kg\/#primaryimage\",\"url\":\"https:\/\/miumjau.ee\/wp-content\/uploads\/2025\/10\/kandepuur-skudo2.jpg\",\"contentUrl\":\"https:\/\/miumjau.ee\/wp-content\/uploads\/2025\/10\/kandepuur-skudo2.jpg\",\"width\":600,\"height\":800,\"caption\":\"Transpordipuur SKUDO 2 55x36x35cm, kuni 18kg\"},{\"@type\":\"BreadcrumbList\",\"@id\":\"https:\/\/miumjau.ee\/lt\/produktas\/transportavimo-narvas-skudo-2-55x36x35-cm-iki-18-kg\/#breadcrumb\",\"itemListElement\":[{\"@type\":\"ListItem\",\"position\":1,\"name\":\"Home\",\"item\":\"https:\/\/miumjau.ee\/lt\/\"},{\"@type\":\"ListItem\",\"position\":2,\"name\":\"Parduotuv\u0117\",\"item\":\"https:\/\/miumjau.ee\/lt\/parduotuve\/\"},{\"@type\":\"ListItem\",\"position\":3,\"name\":\"Transportavimo narvas SKUDO 2 55x36x35 cm, iki 18 kg\"}]},{\"@type\":\"WebSite\",\"@id\":\"https:\/\/miumjau.ee\/#website\",\"url\":\"https:\/\/miumjau.ee\/\",\"name\":\"MiuMjau\",\"description\":\"Kraapimispuud kassidele\",\"publisher\":{\"@id\":\"https:\/\/miumjau.ee\/#organization\"},\"potentialAction\":[{\"@type\":\"SearchAction\",\"target\":{\"@type\":\"EntryPoint\",\"urlTemplate\":\"https:\/\/miumjau.ee\/?s={search_term_string}\"},\"query-input\":{\"@type\":\"PropertyValueSpecification\",\"valueRequired\":true,\"valueName\":\"search_term_string\"}}],\"inLanguage\":\"lt-LT\"},{\"@type\":\"Organization\",\"@id\":\"https:\/\/miumjau.ee\/#organization\",\"name\":\"MiuMjau O\u00dc\",\"url\":\"https:\/\/miumjau.ee\/\",\"logo\":{\"@type\":\"ImageObject\",\"inLanguage\":\"lt-LT\",\"@id\":\"https:\/\/miumjau.ee\/#\/schema\/logo\/image\/\",\"url\":\"https:\/\/miumjau.ee\/wp-content\/uploads\/2022\/04\/MiuMjau-logo-kollane.png\",\"contentUrl\":\"https:\/\/miumjau.ee\/wp-content\/uploads\/2022\/04\/MiuMjau-logo-kollane.png\",\"width\":219,\"height\":100,\"caption\":\"MiuMjau O\u00dc\"},\"image\":{\"@id\":\"https:\/\/miumjau.ee\/#\/schema\/logo\/image\/\"},\"sameAs\":[\"https:\/\/www.facebook.com\/miumjaupood\/\"]}]}<\/script>\n<!-- \/ Yoast SEO plugin. -->","yoast_head_json":{"title":"Transportavimo narvas SKUDO 2 55x36x35 cm, iki 18 kg - MiuMjau","robots":{"index":"index","follow":"follow","max-snippet":"max-snippet:-1","max-image-preview":"max-image-preview:large","max-video-preview":"max-video-preview:-1"},"canonical":"https:\/\/miumjau.ee\/lt\/produktas\/transportavimo-narvas-skudo-2-55x36x35-cm-iki-18-kg\/","og_locale":"lt_LT","og_type":"article","og_title":"Transportavimo narvas SKUDO 2 55x36x35 cm, iki 18 kg - MiuMjau","og_description":"Patvirtintas IATA oro linij\u0173 \u2013 atitinka grie\u017etus kabinos saugumo standartus    Tvirtas ir saugus \u2013 metalin\u0117s durel\u0117s + patvarus plastikinis korpusas (atsparus kramtymams ir pab\u0117gimams)    Dviguba prieiga \u2013 vir\u0161utin\u0117s ir \u0161onin\u0117s angos patogiam ir be streso gyv\u016bno \u012fd\u0117jimui    Laiko iki 18 kg \u2013 erdvus kat\u0117ms ir ma\u017eiems bei vidutinio dyd\u017eio \u0161unims    Ventiliuojamas ir patogus \u2013 kv\u0117puojantys tinklelio paneliai oro cirkuliacijai    Paruo\u0161tas kelion\u0117ms \u2013 lengvas su ergonomi\u0161komis ranken\u0117l\u0117mis   Svoris: 1680 gI\u0161matavimai: 55 \u00d7 36 \u00d7 35 cmMed\u017eiaga: PP","og_url":"https:\/\/miumjau.ee\/lt\/produktas\/transportavimo-narvas-skudo-2-55x36x35-cm-iki-18-kg\/","og_site_name":"MiuMjau","article_publisher":"https:\/\/www.facebook.com\/miumjaupood\/","article_modified_time":"2026-01-07T18:46:26+00:00","og_image":[{"width":600,"height":800,"url":"https:\/\/miumjau.ee\/wp-content\/uploads\/2025\/10\/kandepuur-skudo2.jpg","type":"image\/jpeg"}],"twitter_card":"summary_large_image","schema":{"@context":"https:\/\/schema.org","@graph":[{"@type":"WebPage","@id":"https:\/\/miumjau.ee\/lt\/produktas\/transportavimo-narvas-skudo-2-55x36x35-cm-iki-18-kg\/","url":"https:\/\/miumjau.ee\/lt\/produktas\/transportavimo-narvas-skudo-2-55x36x35-cm-iki-18-kg\/","name":"Transportavimo narvas SKUDO 2 55x36x35 cm, iki 18 kg - MiuMjau","isPartOf":{"@id":"https:\/\/miumjau.ee\/#website"},"primaryImageOfPage":{"@id":"https:\/\/miumjau.ee\/lt\/produktas\/transportavimo-narvas-skudo-2-55x36x35-cm-iki-18-kg\/#primaryimage"},"image":{"@id":"https:\/\/miumjau.ee\/lt\/produktas\/transportavimo-narvas-skudo-2-55x36x35-cm-iki-18-kg\/#primaryimage"},"thumbnailUrl":"https:\/\/miumjau.ee\/wp-content\/uploads\/2025\/10\/kandepuur-skudo2.jpg","datePublished":"2025-10-05T11:46:32+00:00","dateModified":"2026-01-07T18:46:26+00:00","breadcrumb":{"@id":"https:\/\/miumjau.ee\/lt\/produktas\/transportavimo-narvas-skudo-2-55x36x35-cm-iki-18-kg\/#breadcrumb"},"inLanguage":"lt-LT","potentialAction":[{"@type":"ReadAction","target":["https:\/\/miumjau.ee\/lt\/produktas\/transportavimo-narvas-skudo-2-55x36x35-cm-iki-18-kg\/"]}]},{"@type":"ImageObject","inLanguage":"lt-LT","@id":"https:\/\/miumjau.ee\/lt\/produktas\/transportavimo-narvas-skudo-2-55x36x35-cm-iki-18-kg\/#primaryimage","url":"https:\/\/miumjau.ee\/wp-content\/uploads\/2025\/10\/kandepuur-skudo2.jpg","contentUrl":"https:\/\/miumjau.ee\/wp-content\/uploads\/2025\/10\/kandepuur-skudo2.jpg","width":600,"height":800,"caption":"Transpordipuur SKUDO 2 55x36x35cm, kuni 18kg"},{"@type":"BreadcrumbList","@id":"https:\/\/miumjau.ee\/lt\/produktas\/transportavimo-narvas-skudo-2-55x36x35-cm-iki-18-kg\/#breadcrumb","itemListElement":[{"@type":"ListItem","position":1,"name":"Home","item":"https:\/\/miumjau.ee\/lt\/"},{"@type":"ListItem","position":2,"name":"Parduotuv\u0117","item":"https:\/\/miumjau.ee\/lt\/parduotuve\/"},{"@type":"ListItem","position":3,"name":"Transportavimo narvas SKUDO 2 55x36x35 cm, iki 18 kg"}]},{"@type":"WebSite","@id":"https:\/\/miumjau.ee\/#website","url":"https:\/\/miumjau.ee\/","name":"MiuMjau","description":"Kraapimispuud kassidele","publisher":{"@id":"https:\/\/miumjau.ee\/#organization"},"potentialAction":[{"@type":"SearchAction","target":{"@type":"EntryPoint","urlTemplate":"https:\/\/miumjau.ee\/?s={search_term_string}"},"query-input":{"@type":"PropertyValueSpecification","valueRequired":true,"valueName":"search_term_string"}}],"inLanguage":"lt-LT"},{"@type":"Organization","@id":"https:\/\/miumjau.ee\/#organization","name":"MiuMjau O\u00dc","url":"https:\/\/miumjau.ee\/","logo":{"@type":"ImageObject","inLanguage":"lt-LT","@id":"https:\/\/miumjau.ee\/#\/schema\/logo\/image\/","url":"https:\/\/miumjau.ee\/wp-content\/uploads\/2022\/04\/MiuMjau-logo-kollane.png","contentUrl":"https:\/\/miumjau.ee\/wp-content\/uploads\/2022\/04\/MiuMjau-logo-kollane.png","width":219,"height":100,"caption":"MiuMjau O\u00dc"},"image":{"@id":"https:\/\/miumjau.ee\/#\/schema\/logo\/image\/"},"sameAs":["https:\/\/www.facebook.com\/miumjaupood\/"]}]}},"_links":{"self":[{"href":"https:\/\/miumjau.ee\/lt\/wp-json\/wp\/v2\/product\/47652","targetHints":{"allow":["GET"]}}],"collection":[{"href":"https:\/\/miumjau.ee\/lt\/wp-json\/wp\/v2\/product"}],"about":[{"href":"https:\/\/miumjau.ee\/lt\/wp-json\/wp\/v2\/types\/product"}],"wp:featuredmedia":[{"embeddable":true,"href":"https:\/\/miumjau.ee\/lt\/wp-json\/wp\/v2\/media\/42313"}],"wp:attachment":[{"href":"https:\/\/miumjau.ee\/lt\/wp-json\/wp\/v2\/media?parent=47652"}],"wp:term":[{"taxonomy":"product_brand","embeddable":true,"href":"https:\/\/miumjau.ee\/lt\/wp-json\/wp\/v2\/product_brand?post=47652"},{"taxonomy":"product_cat","embeddable":true,"href":"https:\/\/miumjau.ee\/lt\/wp-json\/wp\/v2\/product_cat?post=47652"},{"taxonomy":"product_tag","embeddable":true,"href":"https:\/\/miumjau.ee\/lt\/wp-json\/wp\/v2\/product_tag?post=47652"}],"curies":[{"name":"wp","href":"https:\/\/api.w.org\/{rel}","templated":true}]}}