{"id":47646,"date":"2025-10-05T14:22:40","date_gmt":"2025-10-05T11:22:40","guid":{"rendered":"https:\/\/miumjau.ee\/toode\/suns-guolis-lagoon-s-iki-5-kg-suniui\/"},"modified":"2026-01-07T20:46:26","modified_gmt":"2026-01-07T18:46:26","slug":"suns-guolis-lagoon-s-iki-5-kg-suniui","status":"publish","type":"product","link":"https:\/\/miumjau.ee\/lt\/produktas\/suns-guolis-lagoon-s-iki-5-kg-suniui\/","title":{"rendered":"\u0160uns guolis Lagoon S, iki 5 kg \u0161uniui"},"content":{"rendered":"","protected":false},"excerpt":{"rendered":"<ul data-start=\"837\" data-end=\"1309\">\n<li data-start=\"837\" data-end=\"940\">\n<p data-start=\"839\" data-end=\"940\">Lengva valyti ir patogu \u2013 nuimamas u\u017evalkalas su u\u017etrauktuku, lengvai skalbiamas skalbimo ma\u0161inoje.<\/p>\n<\/li>\n<li data-start=\"941\" data-end=\"1029\">\n<p data-start=\"943\" data-end=\"1029\">Labai mink\u0161tas ir veli\u016brinis \u2013 100% poliesterio u\u017epildas debes\u0173 mink\u0161tumo komfortui.<\/p>\n<\/li>\n<li data-start=\"1030\" data-end=\"1103\">\n<p data-start=\"1032\" data-end=\"1103\">Puikiai tinka visiems augintiniams \u2013 idealu kat\u0117ms ir ma\u017eiems \u0161unims.<\/p>\n<\/li>\n<li data-start=\"1104\" data-end=\"1183\">\n<p data-start=\"1106\" data-end=\"1183\">Higieni\u0161kas ir gaivus \u2013 skalbiamas dizainas palaiko lov\u0105 \u0161vari\u0105 ir bekvap\u0119.<\/p>\n<\/li>\n<li data-start=\"1184\" data-end=\"1258\">\n<p data-start=\"1186\" data-end=\"1258\">Universalus naudojimas \u2013 puikiai tinka narvams, ant sof\u0173 ar kelion\u0117ms.<\/p>\n<\/li>\n<li data-start=\"1259\" data-end=\"1309\">\n<p data-start=\"1261\" data-end=\"1309\">Jauk\u016bs ir patog\u016bs \u2013 tinka ma\u017e\u0173 veisli\u0173 \u0161unims.<\/p>\n<\/li>\n<\/ul>\n<p data-start=\"1311\" data-end=\"1483\" data-is-last-node=\"\" data-is-only-node=\"\"><strong data-start=\"1311\" data-end=\"1322\">Svoris:<\/strong> 540 g<br data-start=\"1328\" data-end=\"1331\" \/><strong data-start=\"1331\" data-end=\"1354\">I\u0161oriniai matmenys:<\/strong> 44 \u00d7 37 \u00d7 15 cm<br data-start=\"1370\" data-end=\"1373\" \/><strong data-start=\"1373\" data-end=\"1395\">Vidiniai matmenys:<\/strong> 36 \u00d7 29 \u00d7 12 cm<br data-start=\"1411\" data-end=\"1414\" \/><strong data-start=\"1414\" data-end=\"1441\">Tinkamas gyv\u016bno svoris:<\/strong> iki 5 kg<br data-start=\"1450\" data-end=\"1453\" \/><strong data-start=\"1453\" data-end=\"1466\">Med\u017eiaga:<\/strong> 100% poliesteris<\/p>\n","protected":false},"featured_media":42338,"template":"","meta":[],"product_brand":[],"product_cat":[856],"product_tag":[],"class_list":{"0":"post-47646","1":"product","2":"type-product","3":"status-publish","4":"has-post-thumbnail","6":"product_cat-lovos-kilimeliai-guoliai","8":"first","9":"instock","10":"sale","11":"taxable","12":"shipping-taxable","13":"purchasable","14":"product-type-simple"},"yoast_head":"<!-- This site is optimized with the Yoast SEO plugin v27.2 - https:\/\/yoast.com\/product\/yoast-seo-wordpress\/ -->\n<title>\u0160uns guolis Lagoon S, iki 5 kg \u0161uniui - MiuMjau<\/title>\n<meta name=\"robots\" content=\"index, follow, max-snippet:-1, max-image-preview:large, max-video-preview:-1\" \/>\n<link rel=\"canonical\" href=\"https:\/\/miumjau.ee\/lt\/produktas\/suns-guolis-lagoon-s-iki-5-kg-suniui\/\" \/>\n<meta property=\"og:locale\" content=\"lt_LT\" \/>\n<meta property=\"og:type\" content=\"article\" \/>\n<meta property=\"og:title\" content=\"\u0160uns guolis Lagoon S, iki 5 kg \u0161uniui - MiuMjau\" \/>\n<meta property=\"og:description\" content=\"Lengva valyti ir patogu \u2013 nuimamas u\u017evalkalas su u\u017etrauktuku, lengvai skalbiamas skalbimo ma\u0161inoje.    Labai mink\u0161tas ir veli\u016brinis \u2013 100% poliesterio u\u017epildas debes\u0173 mink\u0161tumo komfortui.    Puikiai tinka visiems augintiniams \u2013 idealu kat\u0117ms ir ma\u017eiems \u0161unims.    Higieni\u0161kas ir gaivus \u2013 skalbiamas dizainas palaiko lov\u0105 \u0161vari\u0105 ir bekvap\u0119.    Universalus naudojimas \u2013 puikiai tinka narvams, ant sof\u0173 ar kelion\u0117ms.    Jauk\u016bs ir patog\u016bs \u2013 tinka ma\u017e\u0173 veisli\u0173 \u0161unims.   Svoris: 540 gI\u0161oriniai matmenys: 44 \u00d7 37 \u00d7 15 cmVidiniai matmenys: 36 \u00d7 29 \u00d7 12 cmTinkamas gyv\u016bno svoris: iki 5 kgMed\u017eiaga: 100% poliesteris\" \/>\n<meta property=\"og:url\" content=\"https:\/\/miumjau.ee\/lt\/produktas\/suns-guolis-lagoon-s-iki-5-kg-suniui\/\" \/>\n<meta property=\"og:site_name\" content=\"MiuMjau\" \/>\n<meta property=\"article:publisher\" content=\"https:\/\/www.facebook.com\/miumjaupood\/\" \/>\n<meta property=\"article:modified_time\" content=\"2026-01-07T18:46:26+00:00\" \/>\n<meta property=\"og:image\" content=\"https:\/\/miumjau.ee\/wp-content\/uploads\/2025\/10\/pes-KOERALE-lagoon-5.jpg\" \/>\n\t<meta property=\"og:image:width\" content=\"600\" \/>\n\t<meta property=\"og:image:height\" content=\"800\" \/>\n\t<meta property=\"og:image:type\" content=\"image\/jpeg\" \/>\n<meta name=\"twitter:card\" content=\"summary_large_image\" \/>\n<script type=\"application\/ld+json\" class=\"yoast-schema-graph\">{\"@context\":\"https:\/\/schema.org\",\"@graph\":[{\"@type\":\"WebPage\",\"@id\":\"https:\/\/miumjau.ee\/lt\/produktas\/suns-guolis-lagoon-s-iki-5-kg-suniui\/\",\"url\":\"https:\/\/miumjau.ee\/lt\/produktas\/suns-guolis-lagoon-s-iki-5-kg-suniui\/\",\"name\":\"\u0160uns guolis Lagoon S, iki 5 kg \u0161uniui - MiuMjau\",\"isPartOf\":{\"@id\":\"https:\/\/miumjau.ee\/#website\"},\"primaryImageOfPage\":{\"@id\":\"https:\/\/miumjau.ee\/lt\/produktas\/suns-guolis-lagoon-s-iki-5-kg-suniui\/#primaryimage\"},\"image\":{\"@id\":\"https:\/\/miumjau.ee\/lt\/produktas\/suns-guolis-lagoon-s-iki-5-kg-suniui\/#primaryimage\"},\"thumbnailUrl\":\"https:\/\/miumjau.ee\/wp-content\/uploads\/2025\/10\/pes-KOERALE-lagoon-5.jpg\",\"datePublished\":\"2025-10-05T11:22:40+00:00\",\"dateModified\":\"2026-01-07T18:46:26+00:00\",\"breadcrumb\":{\"@id\":\"https:\/\/miumjau.ee\/lt\/produktas\/suns-guolis-lagoon-s-iki-5-kg-suniui\/#breadcrumb\"},\"inLanguage\":\"lt-LT\",\"potentialAction\":[{\"@type\":\"ReadAction\",\"target\":[\"https:\/\/miumjau.ee\/lt\/produktas\/suns-guolis-lagoon-s-iki-5-kg-suniui\/\"]}]},{\"@type\":\"ImageObject\",\"inLanguage\":\"lt-LT\",\"@id\":\"https:\/\/miumjau.ee\/lt\/produktas\/suns-guolis-lagoon-s-iki-5-kg-suniui\/#primaryimage\",\"url\":\"https:\/\/miumjau.ee\/wp-content\/uploads\/2025\/10\/pes-KOERALE-lagoon-5.jpg\",\"contentUrl\":\"https:\/\/miumjau.ee\/wp-content\/uploads\/2025\/10\/pes-KOERALE-lagoon-5.jpg\",\"width\":600,\"height\":800,\"caption\":\"Pesa koerale Lagoon\"},{\"@type\":\"BreadcrumbList\",\"@id\":\"https:\/\/miumjau.ee\/lt\/produktas\/suns-guolis-lagoon-s-iki-5-kg-suniui\/#breadcrumb\",\"itemListElement\":[{\"@type\":\"ListItem\",\"position\":1,\"name\":\"Home\",\"item\":\"https:\/\/miumjau.ee\/lt\/\"},{\"@type\":\"ListItem\",\"position\":2,\"name\":\"Parduotuv\u0117\",\"item\":\"https:\/\/miumjau.ee\/lt\/parduotuve\/\"},{\"@type\":\"ListItem\",\"position\":3,\"name\":\"\u0160uns guolis Lagoon S, iki 5 kg \u0161uniui\"}]},{\"@type\":\"WebSite\",\"@id\":\"https:\/\/miumjau.ee\/#website\",\"url\":\"https:\/\/miumjau.ee\/\",\"name\":\"MiuMjau\",\"description\":\"Kraapimispuud kassidele\",\"publisher\":{\"@id\":\"https:\/\/miumjau.ee\/#organization\"},\"potentialAction\":[{\"@type\":\"SearchAction\",\"target\":{\"@type\":\"EntryPoint\",\"urlTemplate\":\"https:\/\/miumjau.ee\/?s={search_term_string}\"},\"query-input\":{\"@type\":\"PropertyValueSpecification\",\"valueRequired\":true,\"valueName\":\"search_term_string\"}}],\"inLanguage\":\"lt-LT\"},{\"@type\":\"Organization\",\"@id\":\"https:\/\/miumjau.ee\/#organization\",\"name\":\"MiuMjau O\u00dc\",\"url\":\"https:\/\/miumjau.ee\/\",\"logo\":{\"@type\":\"ImageObject\",\"inLanguage\":\"lt-LT\",\"@id\":\"https:\/\/miumjau.ee\/#\/schema\/logo\/image\/\",\"url\":\"https:\/\/miumjau.ee\/wp-content\/uploads\/2022\/04\/MiuMjau-logo-kollane.png\",\"contentUrl\":\"https:\/\/miumjau.ee\/wp-content\/uploads\/2022\/04\/MiuMjau-logo-kollane.png\",\"width\":219,\"height\":100,\"caption\":\"MiuMjau O\u00dc\"},\"image\":{\"@id\":\"https:\/\/miumjau.ee\/#\/schema\/logo\/image\/\"},\"sameAs\":[\"https:\/\/www.facebook.com\/miumjaupood\/\"]}]}<\/script>\n<!-- \/ Yoast SEO plugin. -->","yoast_head_json":{"title":"\u0160uns guolis Lagoon S, iki 5 kg \u0161uniui - MiuMjau","robots":{"index":"index","follow":"follow","max-snippet":"max-snippet:-1","max-image-preview":"max-image-preview:large","max-video-preview":"max-video-preview:-1"},"canonical":"https:\/\/miumjau.ee\/lt\/produktas\/suns-guolis-lagoon-s-iki-5-kg-suniui\/","og_locale":"lt_LT","og_type":"article","og_title":"\u0160uns guolis Lagoon S, iki 5 kg \u0161uniui - MiuMjau","og_description":"Lengva valyti ir patogu \u2013 nuimamas u\u017evalkalas su u\u017etrauktuku, lengvai skalbiamas skalbimo ma\u0161inoje.    Labai mink\u0161tas ir veli\u016brinis \u2013 100% poliesterio u\u017epildas debes\u0173 mink\u0161tumo komfortui.    Puikiai tinka visiems augintiniams \u2013 idealu kat\u0117ms ir ma\u017eiems \u0161unims.    Higieni\u0161kas ir gaivus \u2013 skalbiamas dizainas palaiko lov\u0105 \u0161vari\u0105 ir bekvap\u0119.    Universalus naudojimas \u2013 puikiai tinka narvams, ant sof\u0173 ar kelion\u0117ms.    Jauk\u016bs ir patog\u016bs \u2013 tinka ma\u017e\u0173 veisli\u0173 \u0161unims.   Svoris: 540 gI\u0161oriniai matmenys: 44 \u00d7 37 \u00d7 15 cmVidiniai matmenys: 36 \u00d7 29 \u00d7 12 cmTinkamas gyv\u016bno svoris: iki 5 kgMed\u017eiaga: 100% poliesteris","og_url":"https:\/\/miumjau.ee\/lt\/produktas\/suns-guolis-lagoon-s-iki-5-kg-suniui\/","og_site_name":"MiuMjau","article_publisher":"https:\/\/www.facebook.com\/miumjaupood\/","article_modified_time":"2026-01-07T18:46:26+00:00","og_image":[{"width":600,"height":800,"url":"https:\/\/miumjau.ee\/wp-content\/uploads\/2025\/10\/pes-KOERALE-lagoon-5.jpg","type":"image\/jpeg"}],"twitter_card":"summary_large_image","schema":{"@context":"https:\/\/schema.org","@graph":[{"@type":"WebPage","@id":"https:\/\/miumjau.ee\/lt\/produktas\/suns-guolis-lagoon-s-iki-5-kg-suniui\/","url":"https:\/\/miumjau.ee\/lt\/produktas\/suns-guolis-lagoon-s-iki-5-kg-suniui\/","name":"\u0160uns guolis Lagoon S, iki 5 kg \u0161uniui - MiuMjau","isPartOf":{"@id":"https:\/\/miumjau.ee\/#website"},"primaryImageOfPage":{"@id":"https:\/\/miumjau.ee\/lt\/produktas\/suns-guolis-lagoon-s-iki-5-kg-suniui\/#primaryimage"},"image":{"@id":"https:\/\/miumjau.ee\/lt\/produktas\/suns-guolis-lagoon-s-iki-5-kg-suniui\/#primaryimage"},"thumbnailUrl":"https:\/\/miumjau.ee\/wp-content\/uploads\/2025\/10\/pes-KOERALE-lagoon-5.jpg","datePublished":"2025-10-05T11:22:40+00:00","dateModified":"2026-01-07T18:46:26+00:00","breadcrumb":{"@id":"https:\/\/miumjau.ee\/lt\/produktas\/suns-guolis-lagoon-s-iki-5-kg-suniui\/#breadcrumb"},"inLanguage":"lt-LT","potentialAction":[{"@type":"ReadAction","target":["https:\/\/miumjau.ee\/lt\/produktas\/suns-guolis-lagoon-s-iki-5-kg-suniui\/"]}]},{"@type":"ImageObject","inLanguage":"lt-LT","@id":"https:\/\/miumjau.ee\/lt\/produktas\/suns-guolis-lagoon-s-iki-5-kg-suniui\/#primaryimage","url":"https:\/\/miumjau.ee\/wp-content\/uploads\/2025\/10\/pes-KOERALE-lagoon-5.jpg","contentUrl":"https:\/\/miumjau.ee\/wp-content\/uploads\/2025\/10\/pes-KOERALE-lagoon-5.jpg","width":600,"height":800,"caption":"Pesa koerale Lagoon"},{"@type":"BreadcrumbList","@id":"https:\/\/miumjau.ee\/lt\/produktas\/suns-guolis-lagoon-s-iki-5-kg-suniui\/#breadcrumb","itemListElement":[{"@type":"ListItem","position":1,"name":"Home","item":"https:\/\/miumjau.ee\/lt\/"},{"@type":"ListItem","position":2,"name":"Parduotuv\u0117","item":"https:\/\/miumjau.ee\/lt\/parduotuve\/"},{"@type":"ListItem","position":3,"name":"\u0160uns guolis Lagoon S, iki 5 kg \u0161uniui"}]},{"@type":"WebSite","@id":"https:\/\/miumjau.ee\/#website","url":"https:\/\/miumjau.ee\/","name":"MiuMjau","description":"Kraapimispuud kassidele","publisher":{"@id":"https:\/\/miumjau.ee\/#organization"},"potentialAction":[{"@type":"SearchAction","target":{"@type":"EntryPoint","urlTemplate":"https:\/\/miumjau.ee\/?s={search_term_string}"},"query-input":{"@type":"PropertyValueSpecification","valueRequired":true,"valueName":"search_term_string"}}],"inLanguage":"lt-LT"},{"@type":"Organization","@id":"https:\/\/miumjau.ee\/#organization","name":"MiuMjau O\u00dc","url":"https:\/\/miumjau.ee\/","logo":{"@type":"ImageObject","inLanguage":"lt-LT","@id":"https:\/\/miumjau.ee\/#\/schema\/logo\/image\/","url":"https:\/\/miumjau.ee\/wp-content\/uploads\/2022\/04\/MiuMjau-logo-kollane.png","contentUrl":"https:\/\/miumjau.ee\/wp-content\/uploads\/2022\/04\/MiuMjau-logo-kollane.png","width":219,"height":100,"caption":"MiuMjau O\u00dc"},"image":{"@id":"https:\/\/miumjau.ee\/#\/schema\/logo\/image\/"},"sameAs":["https:\/\/www.facebook.com\/miumjaupood\/"]}]}},"_links":{"self":[{"href":"https:\/\/miumjau.ee\/lt\/wp-json\/wp\/v2\/product\/47646","targetHints":{"allow":["GET"]}}],"collection":[{"href":"https:\/\/miumjau.ee\/lt\/wp-json\/wp\/v2\/product"}],"about":[{"href":"https:\/\/miumjau.ee\/lt\/wp-json\/wp\/v2\/types\/product"}],"wp:featuredmedia":[{"embeddable":true,"href":"https:\/\/miumjau.ee\/lt\/wp-json\/wp\/v2\/media\/42338"}],"wp:attachment":[{"href":"https:\/\/miumjau.ee\/lt\/wp-json\/wp\/v2\/media?parent=47646"}],"wp:term":[{"taxonomy":"product_brand","embeddable":true,"href":"https:\/\/miumjau.ee\/lt\/wp-json\/wp\/v2\/product_brand?post=47646"},{"taxonomy":"product_cat","embeddable":true,"href":"https:\/\/miumjau.ee\/lt\/wp-json\/wp\/v2\/product_cat?post=47646"},{"taxonomy":"product_tag","embeddable":true,"href":"https:\/\/miumjau.ee\/lt\/wp-json\/wp\/v2\/product_tag?post=47646"}],"curies":[{"name":"wp","href":"https:\/\/api.w.org\/{rel}","templated":true}]}}