{"id":47637,"date":"2025-10-05T14:11:58","date_gmt":"2025-10-05T11:11:58","guid":{"rendered":"https:\/\/miumjau.ee\/toode\/suns-kakos-maiseliai-kvapnus-8x-20-vnt\/"},"modified":"2026-01-07T20:46:26","modified_gmt":"2026-01-07T18:46:26","slug":"suns-kakos-maiseliai-kvapnus-8x-20-vnt","status":"publish","type":"product","link":"https:\/\/miumjau.ee\/lt\/produktas\/suns-kakos-maiseliai-kvapnus-8x-20-vnt\/","title":{"rendered":"\u0160uns kakos mai\u0161eliai, kvapn\u016bs 8x 20 vnt."},"content":{"rendered":"","protected":false},"excerpt":{"rendered":"<p data-start=\"792\" data-end=\"933\">Kakus ne g\u0117da, bet palikti gatv\u0117je \u2013 nepriimtina. Patog\u016bs ritin\u0117liai, kuriuos lengva \u012fsid\u0117ti \u012f ki\u0161en\u0119, padeda i\u0161vengti nemaloni\u0173 situacij\u0173.<\/p>\n<ul data-start=\"935\" data-end=\"1374\">\n<li data-start=\"935\" data-end=\"957\">\n<p data-start=\"937\" data-end=\"957\">Kvapas: Sea Breeze<\/p>\n<\/li>\n<li data-start=\"958\" data-end=\"1016\">\n<p data-start=\"960\" data-end=\"1016\">Storis: 11 \u00b5m \u2013 tinkami kasdieniams pasivaik\u0161\u010diojimams<\/p>\n<\/li>\n<li data-start=\"1017\" data-end=\"1088\">\n<p data-start=\"1019\" data-end=\"1088\">Atspar\u016bs ply\u0161imui \u2013 nesukuria netvarkos surenkant \u0161uns ekskrementus<\/p>\n<\/li>\n<li data-start=\"1089\" data-end=\"1184\">\n<p data-start=\"1091\" data-end=\"1184\">Lengvi ir kompakti\u0161ki \u2013 lengvai telpa ki\u0161en\u0117se, dozatoriuose ar laikikliuose su spaustukais<\/p>\n<\/li>\n<li data-start=\"1185\" data-end=\"1246\">\n<p data-start=\"1187\" data-end=\"1246\">Kompakti\u0161ki ritin\u0117liai \u2013 tinka standartiniams dozatoriams<\/p>\n<\/li>\n<li data-start=\"1247\" data-end=\"1272\">\n<p data-start=\"1249\" data-end=\"1272\">I\u0161 viso: 160 mai\u0161eli\u0173<\/p>\n<\/li>\n<li data-start=\"1273\" data-end=\"1374\">\n<p data-start=\"1275\" data-end=\"1374\">Universalus naudojimas \u2013 puikiai tinka automobilin\u0117ms s\u0117dyn\u0117ms, sm\u0117lio d\u0117\u017ei\u0173 valymui ir kelion\u0117ms<\/p>\n<\/li>\n<\/ul>\n<p data-start=\"1376\" data-end=\"1444\" data-is-last-node=\"\" data-is-only-node=\"\"><strong data-start=\"1376\" data-end=\"1387\">Svoris:<\/strong> 270 g<br data-start=\"1393\" data-end=\"1396\" \/><strong data-start=\"1396\" data-end=\"1412\">I\u0161matavimai:<\/strong> 33 \u00d7 23 cm<br data-start=\"1423\" data-end=\"1426\" \/><strong data-start=\"1426\" data-end=\"1439\">Med\u017eiaga:<\/strong> HDPE<\/p>\n","protected":false},"featured_media":42327,"template":"","meta":[],"product_brand":[],"product_cat":[542],"product_tag":[],"class_list":{"0":"post-47637","1":"product","2":"type-product","3":"status-publish","4":"has-post-thumbnail","6":"product_cat-prieziuros-priemones-sunims","8":"first","9":"instock","10":"taxable","11":"shipping-taxable","12":"purchasable","13":"product-type-simple"},"yoast_head":"<!-- This site is optimized with the Yoast SEO plugin v27.2 - https:\/\/yoast.com\/product\/yoast-seo-wordpress\/ -->\n<title>\u0160uns kakos mai\u0161eliai, kvapn\u016bs 8x 20 vnt. - MiuMjau<\/title>\n<meta name=\"robots\" content=\"index, follow, max-snippet:-1, max-image-preview:large, max-video-preview:-1\" \/>\n<link rel=\"canonical\" href=\"https:\/\/miumjau.ee\/lt\/produktas\/suns-kakos-maiseliai-kvapnus-8x-20-vnt\/\" \/>\n<meta property=\"og:locale\" content=\"lt_LT\" \/>\n<meta property=\"og:type\" content=\"article\" \/>\n<meta property=\"og:title\" content=\"\u0160uns kakos mai\u0161eliai, kvapn\u016bs 8x 20 vnt. - MiuMjau\" \/>\n<meta property=\"og:description\" content=\"Kakus ne g\u0117da, bet palikti gatv\u0117je \u2013 nepriimtina. Patog\u016bs ritin\u0117liai, kuriuos lengva \u012fsid\u0117ti \u012f ki\u0161en\u0119, padeda i\u0161vengti nemaloni\u0173 situacij\u0173.     Kvapas: Sea Breeze    Storis: 11 \u00b5m \u2013 tinkami kasdieniams pasivaik\u0161\u010diojimams    Atspar\u016bs ply\u0161imui \u2013 nesukuria netvarkos surenkant \u0161uns ekskrementus    Lengvi ir kompakti\u0161ki \u2013 lengvai telpa ki\u0161en\u0117se, dozatoriuose ar laikikliuose su spaustukais    Kompakti\u0161ki ritin\u0117liai \u2013 tinka standartiniams dozatoriams    I\u0161 viso: 160 mai\u0161eli\u0173    Universalus naudojimas \u2013 puikiai tinka automobilin\u0117ms s\u0117dyn\u0117ms, sm\u0117lio d\u0117\u017ei\u0173 valymui ir kelion\u0117ms   Svoris: 270 gI\u0161matavimai: 33 \u00d7 23 cmMed\u017eiaga: HDPE\" \/>\n<meta property=\"og:url\" content=\"https:\/\/miumjau.ee\/lt\/produktas\/suns-kakos-maiseliai-kvapnus-8x-20-vnt\/\" \/>\n<meta property=\"og:site_name\" content=\"MiuMjau\" \/>\n<meta property=\"article:publisher\" content=\"https:\/\/www.facebook.com\/miumjaupood\/\" \/>\n<meta property=\"article:modified_time\" content=\"2026-01-07T18:46:26+00:00\" \/>\n<meta property=\"og:image\" content=\"https:\/\/miumjau.ee\/wp-content\/uploads\/2025\/10\/kakakotid-lohnastatud.jpg\" \/>\n\t<meta property=\"og:image:width\" content=\"600\" \/>\n\t<meta property=\"og:image:height\" content=\"800\" \/>\n\t<meta property=\"og:image:type\" content=\"image\/jpeg\" \/>\n<meta name=\"twitter:card\" content=\"summary_large_image\" \/>\n<script type=\"application\/ld+json\" class=\"yoast-schema-graph\">{\"@context\":\"https:\/\/schema.org\",\"@graph\":[{\"@type\":\"WebPage\",\"@id\":\"https:\/\/miumjau.ee\/lt\/produktas\/suns-kakos-maiseliai-kvapnus-8x-20-vnt\/\",\"url\":\"https:\/\/miumjau.ee\/lt\/produktas\/suns-kakos-maiseliai-kvapnus-8x-20-vnt\/\",\"name\":\"\u0160uns kakos mai\u0161eliai, kvapn\u016bs 8x 20 vnt. - MiuMjau\",\"isPartOf\":{\"@id\":\"https:\/\/miumjau.ee\/#website\"},\"primaryImageOfPage\":{\"@id\":\"https:\/\/miumjau.ee\/lt\/produktas\/suns-kakos-maiseliai-kvapnus-8x-20-vnt\/#primaryimage\"},\"image\":{\"@id\":\"https:\/\/miumjau.ee\/lt\/produktas\/suns-kakos-maiseliai-kvapnus-8x-20-vnt\/#primaryimage\"},\"thumbnailUrl\":\"https:\/\/miumjau.ee\/wp-content\/uploads\/2025\/10\/kakakotid-lohnastatud.jpg\",\"datePublished\":\"2025-10-05T11:11:58+00:00\",\"dateModified\":\"2026-01-07T18:46:26+00:00\",\"breadcrumb\":{\"@id\":\"https:\/\/miumjau.ee\/lt\/produktas\/suns-kakos-maiseliai-kvapnus-8x-20-vnt\/#breadcrumb\"},\"inLanguage\":\"lt-LT\",\"potentialAction\":[{\"@type\":\"ReadAction\",\"target\":[\"https:\/\/miumjau.ee\/lt\/produktas\/suns-kakos-maiseliai-kvapnus-8x-20-vnt\/\"]}]},{\"@type\":\"ImageObject\",\"inLanguage\":\"lt-LT\",\"@id\":\"https:\/\/miumjau.ee\/lt\/produktas\/suns-kakos-maiseliai-kvapnus-8x-20-vnt\/#primaryimage\",\"url\":\"https:\/\/miumjau.ee\/wp-content\/uploads\/2025\/10\/kakakotid-lohnastatud.jpg\",\"contentUrl\":\"https:\/\/miumjau.ee\/wp-content\/uploads\/2025\/10\/kakakotid-lohnastatud.jpg\",\"width\":600,\"height\":800,\"caption\":\"Kakakotid koertele l\u00f5hnastatud 8x 20tk\"},{\"@type\":\"BreadcrumbList\",\"@id\":\"https:\/\/miumjau.ee\/lt\/produktas\/suns-kakos-maiseliai-kvapnus-8x-20-vnt\/#breadcrumb\",\"itemListElement\":[{\"@type\":\"ListItem\",\"position\":1,\"name\":\"Home\",\"item\":\"https:\/\/miumjau.ee\/lt\/\"},{\"@type\":\"ListItem\",\"position\":2,\"name\":\"Parduotuv\u0117\",\"item\":\"https:\/\/miumjau.ee\/lt\/parduotuve\/\"},{\"@type\":\"ListItem\",\"position\":3,\"name\":\"\u0160uns kakos mai\u0161eliai, kvapn\u016bs 8x 20 vnt.\"}]},{\"@type\":\"WebSite\",\"@id\":\"https:\/\/miumjau.ee\/#website\",\"url\":\"https:\/\/miumjau.ee\/\",\"name\":\"MiuMjau\",\"description\":\"Kraapimispuud kassidele\",\"publisher\":{\"@id\":\"https:\/\/miumjau.ee\/#organization\"},\"potentialAction\":[{\"@type\":\"SearchAction\",\"target\":{\"@type\":\"EntryPoint\",\"urlTemplate\":\"https:\/\/miumjau.ee\/?s={search_term_string}\"},\"query-input\":{\"@type\":\"PropertyValueSpecification\",\"valueRequired\":true,\"valueName\":\"search_term_string\"}}],\"inLanguage\":\"lt-LT\"},{\"@type\":\"Organization\",\"@id\":\"https:\/\/miumjau.ee\/#organization\",\"name\":\"MiuMjau O\u00dc\",\"url\":\"https:\/\/miumjau.ee\/\",\"logo\":{\"@type\":\"ImageObject\",\"inLanguage\":\"lt-LT\",\"@id\":\"https:\/\/miumjau.ee\/#\/schema\/logo\/image\/\",\"url\":\"https:\/\/miumjau.ee\/wp-content\/uploads\/2022\/04\/MiuMjau-logo-kollane.png\",\"contentUrl\":\"https:\/\/miumjau.ee\/wp-content\/uploads\/2022\/04\/MiuMjau-logo-kollane.png\",\"width\":219,\"height\":100,\"caption\":\"MiuMjau O\u00dc\"},\"image\":{\"@id\":\"https:\/\/miumjau.ee\/#\/schema\/logo\/image\/\"},\"sameAs\":[\"https:\/\/www.facebook.com\/miumjaupood\/\"]}]}<\/script>\n<!-- \/ Yoast SEO plugin. -->","yoast_head_json":{"title":"\u0160uns kakos mai\u0161eliai, kvapn\u016bs 8x 20 vnt. - MiuMjau","robots":{"index":"index","follow":"follow","max-snippet":"max-snippet:-1","max-image-preview":"max-image-preview:large","max-video-preview":"max-video-preview:-1"},"canonical":"https:\/\/miumjau.ee\/lt\/produktas\/suns-kakos-maiseliai-kvapnus-8x-20-vnt\/","og_locale":"lt_LT","og_type":"article","og_title":"\u0160uns kakos mai\u0161eliai, kvapn\u016bs 8x 20 vnt. - MiuMjau","og_description":"Kakus ne g\u0117da, bet palikti gatv\u0117je \u2013 nepriimtina. Patog\u016bs ritin\u0117liai, kuriuos lengva \u012fsid\u0117ti \u012f ki\u0161en\u0119, padeda i\u0161vengti nemaloni\u0173 situacij\u0173.     Kvapas: Sea Breeze    Storis: 11 \u00b5m \u2013 tinkami kasdieniams pasivaik\u0161\u010diojimams    Atspar\u016bs ply\u0161imui \u2013 nesukuria netvarkos surenkant \u0161uns ekskrementus    Lengvi ir kompakti\u0161ki \u2013 lengvai telpa ki\u0161en\u0117se, dozatoriuose ar laikikliuose su spaustukais    Kompakti\u0161ki ritin\u0117liai \u2013 tinka standartiniams dozatoriams    I\u0161 viso: 160 mai\u0161eli\u0173    Universalus naudojimas \u2013 puikiai tinka automobilin\u0117ms s\u0117dyn\u0117ms, sm\u0117lio d\u0117\u017ei\u0173 valymui ir kelion\u0117ms   Svoris: 270 gI\u0161matavimai: 33 \u00d7 23 cmMed\u017eiaga: HDPE","og_url":"https:\/\/miumjau.ee\/lt\/produktas\/suns-kakos-maiseliai-kvapnus-8x-20-vnt\/","og_site_name":"MiuMjau","article_publisher":"https:\/\/www.facebook.com\/miumjaupood\/","article_modified_time":"2026-01-07T18:46:26+00:00","og_image":[{"width":600,"height":800,"url":"https:\/\/miumjau.ee\/wp-content\/uploads\/2025\/10\/kakakotid-lohnastatud.jpg","type":"image\/jpeg"}],"twitter_card":"summary_large_image","schema":{"@context":"https:\/\/schema.org","@graph":[{"@type":"WebPage","@id":"https:\/\/miumjau.ee\/lt\/produktas\/suns-kakos-maiseliai-kvapnus-8x-20-vnt\/","url":"https:\/\/miumjau.ee\/lt\/produktas\/suns-kakos-maiseliai-kvapnus-8x-20-vnt\/","name":"\u0160uns kakos mai\u0161eliai, kvapn\u016bs 8x 20 vnt. - MiuMjau","isPartOf":{"@id":"https:\/\/miumjau.ee\/#website"},"primaryImageOfPage":{"@id":"https:\/\/miumjau.ee\/lt\/produktas\/suns-kakos-maiseliai-kvapnus-8x-20-vnt\/#primaryimage"},"image":{"@id":"https:\/\/miumjau.ee\/lt\/produktas\/suns-kakos-maiseliai-kvapnus-8x-20-vnt\/#primaryimage"},"thumbnailUrl":"https:\/\/miumjau.ee\/wp-content\/uploads\/2025\/10\/kakakotid-lohnastatud.jpg","datePublished":"2025-10-05T11:11:58+00:00","dateModified":"2026-01-07T18:46:26+00:00","breadcrumb":{"@id":"https:\/\/miumjau.ee\/lt\/produktas\/suns-kakos-maiseliai-kvapnus-8x-20-vnt\/#breadcrumb"},"inLanguage":"lt-LT","potentialAction":[{"@type":"ReadAction","target":["https:\/\/miumjau.ee\/lt\/produktas\/suns-kakos-maiseliai-kvapnus-8x-20-vnt\/"]}]},{"@type":"ImageObject","inLanguage":"lt-LT","@id":"https:\/\/miumjau.ee\/lt\/produktas\/suns-kakos-maiseliai-kvapnus-8x-20-vnt\/#primaryimage","url":"https:\/\/miumjau.ee\/wp-content\/uploads\/2025\/10\/kakakotid-lohnastatud.jpg","contentUrl":"https:\/\/miumjau.ee\/wp-content\/uploads\/2025\/10\/kakakotid-lohnastatud.jpg","width":600,"height":800,"caption":"Kakakotid koertele l\u00f5hnastatud 8x 20tk"},{"@type":"BreadcrumbList","@id":"https:\/\/miumjau.ee\/lt\/produktas\/suns-kakos-maiseliai-kvapnus-8x-20-vnt\/#breadcrumb","itemListElement":[{"@type":"ListItem","position":1,"name":"Home","item":"https:\/\/miumjau.ee\/lt\/"},{"@type":"ListItem","position":2,"name":"Parduotuv\u0117","item":"https:\/\/miumjau.ee\/lt\/parduotuve\/"},{"@type":"ListItem","position":3,"name":"\u0160uns kakos mai\u0161eliai, kvapn\u016bs 8x 20 vnt."}]},{"@type":"WebSite","@id":"https:\/\/miumjau.ee\/#website","url":"https:\/\/miumjau.ee\/","name":"MiuMjau","description":"Kraapimispuud kassidele","publisher":{"@id":"https:\/\/miumjau.ee\/#organization"},"potentialAction":[{"@type":"SearchAction","target":{"@type":"EntryPoint","urlTemplate":"https:\/\/miumjau.ee\/?s={search_term_string}"},"query-input":{"@type":"PropertyValueSpecification","valueRequired":true,"valueName":"search_term_string"}}],"inLanguage":"lt-LT"},{"@type":"Organization","@id":"https:\/\/miumjau.ee\/#organization","name":"MiuMjau O\u00dc","url":"https:\/\/miumjau.ee\/","logo":{"@type":"ImageObject","inLanguage":"lt-LT","@id":"https:\/\/miumjau.ee\/#\/schema\/logo\/image\/","url":"https:\/\/miumjau.ee\/wp-content\/uploads\/2022\/04\/MiuMjau-logo-kollane.png","contentUrl":"https:\/\/miumjau.ee\/wp-content\/uploads\/2022\/04\/MiuMjau-logo-kollane.png","width":219,"height":100,"caption":"MiuMjau O\u00dc"},"image":{"@id":"https:\/\/miumjau.ee\/#\/schema\/logo\/image\/"},"sameAs":["https:\/\/www.facebook.com\/miumjaupood\/"]}]}},"_links":{"self":[{"href":"https:\/\/miumjau.ee\/lt\/wp-json\/wp\/v2\/product\/47637","targetHints":{"allow":["GET"]}}],"collection":[{"href":"https:\/\/miumjau.ee\/lt\/wp-json\/wp\/v2\/product"}],"about":[{"href":"https:\/\/miumjau.ee\/lt\/wp-json\/wp\/v2\/types\/product"}],"wp:featuredmedia":[{"embeddable":true,"href":"https:\/\/miumjau.ee\/lt\/wp-json\/wp\/v2\/media\/42327"}],"wp:attachment":[{"href":"https:\/\/miumjau.ee\/lt\/wp-json\/wp\/v2\/media?parent=47637"}],"wp:term":[{"taxonomy":"product_brand","embeddable":true,"href":"https:\/\/miumjau.ee\/lt\/wp-json\/wp\/v2\/product_brand?post=47637"},{"taxonomy":"product_cat","embeddable":true,"href":"https:\/\/miumjau.ee\/lt\/wp-json\/wp\/v2\/product_cat?post=47637"},{"taxonomy":"product_tag","embeddable":true,"href":"https:\/\/miumjau.ee\/lt\/wp-json\/wp\/v2\/product_tag?post=47637"}],"curies":[{"name":"wp","href":"https:\/\/api.w.org\/{rel}","templated":true}]}}