{"id":47633,"date":"2025-10-05T15:19:37","date_gmt":"2025-10-05T12:19:37","guid":{"rendered":"https:\/\/miumjau.ee\/toode\/pernesimo-krepsys-uniq-pets-pawvoyager-40x20x26-cm-iki-7-kg\/"},"modified":"2026-01-07T20:46:26","modified_gmt":"2026-01-07T18:46:26","slug":"pernesimo-krepsys-uniq-pets-pawvoyager-40x20x26-cm-iki-7-kg","status":"publish","type":"product","link":"https:\/\/miumjau.ee\/lt\/produktas\/pernesimo-krepsys-uniq-pets-pawvoyager-40x20x26-cm-iki-7-kg\/","title":{"rendered":"Perne\u0161imo krep\u0161ys Uniq Pets Pawvoyager 40x20x26 cm iki 7 kg"},"content":{"rendered":"","protected":false},"excerpt":{"rendered":"<h3 data-start=\"1515\" data-end=\"1547\">1. ERDV\u0116S TAUPYMO DIZAINAS<\/h3>\n<p data-start=\"1548\" data-end=\"1679\">\u2022 Kompakti\u0161kas, bet erdvus \u2013 Patogus kat\u0117ms\/ma\u017eiems \u0161unims iki 7 kg<br data-start=\"1615\" data-end=\"1618\" \/>\u2022 Oro linij\u0173 patvirtinti matmenys \u2013 Tilps po l\u0117ktuvo s\u0117dyne<\/p>\n<h3 data-start=\"1681\" data-end=\"1699\">2. PATOGUMAS<\/h3>\n<p data-start=\"1700\" data-end=\"1902\">\u2022 Tinklelio ventiliacijos panel\u0117s \u2013 360\u00b0 oro srautas (neperkaitina)<br data-start=\"1767\" data-end=\"1770\" \/>\u2022 Pamink\u0161tintas vidus \u2013 Nuimamas pagalv\u0117l\u0117s dangtelis lengvam plovimui<br data-start=\"1840\" data-end=\"1843\" \/>\u2022 Reguliuojamos petne\u0161os \u2013 Vienodas svorio pasiskirstymas<\/p>\n<h3 data-start=\"1904\" data-end=\"1929\">3. PAPRASTA NAUDOTI<\/h3>\n<p data-start=\"1930\" data-end=\"2115\">\u2022 Priekin\u0117 anga \u2013 Be streso prieiga prie gyv\u016bno<br data-start=\"1977\" data-end=\"1980\" \/>\u2022 Greito sulankstymo mechanizmas \u2013 Sumontuojamas per 3 sekundes<br data-start=\"2043\" data-end=\"2046\" \/>\u2022 \u0160oniniai ki\u0161eniai \u2013 Skan\u0117stams, pavad\u0117liui ar \u0161iuk\u0161li\u0173 mai\u0161eliams<\/p>\n<h3 data-start=\"2117\" data-end=\"2146\">4. SAUGUMAS PIRMIAUSIAS<\/h3>\n<p data-start=\"2147\" data-end=\"2282\">\u2022 Tvirtas dir\u017eo sagtis \u2013 U\u017ekerta keli\u0105 pab\u0117gimams<br data-start=\"2196\" data-end=\"2199\" \/>\u2022 At\u0161vaitai \u2013 Matomumas nakt\u012f<br data-start=\"2228\" data-end=\"2231\" \/>\u2022 Tvirtas r\u0117mas \u2013 Apsaugo nuo atsitiktini\u0173 sm\u016bgi\u0173<\/p>\n<h3 data-start=\"2284\" data-end=\"2312\">5. KELIONI\u0172 DRAUGI\u0160KAS<\/h3>\n<p data-start=\"2313\" data-end=\"2508\">\u2022 Atitinka TSA reikalavimus \u2013 Patvirtintas kaip rankinis baga\u017eas<br data-start=\"2377\" data-end=\"2380\" \/>\u2022 Patogumas be rank\u0173 \u2013 Tinka dvira\u010diams, vie\u0161ajam transportui, \u017eygiams<br data-start=\"2450\" data-end=\"2453\" \/>\u2022 Diskreti\u0161kas dizainas \u2013 Atrodo kaip \u012fprasta kuprin\u0117<\/p>\n<h3 data-start=\"2510\" data-end=\"2544\">6. AUK\u0160TOS KOKYB\u0116S MED\u017dIAGOS<\/h3>\n<p data-start=\"2545\" data-end=\"2715\">\u2022 Atsparus vandeniui poliesteris \u2013 Lengvas, bet patvarus<br data-start=\"2601\" data-end=\"2604\" \/>\u2022 Metaliniai u\u017etrauktukai \u2013 Atspar\u016bs kramtymams<br data-start=\"2651\" data-end=\"2654\" \/>\u2022 Neslystanti pagrindo dalis \u2013 Stovi stabiliai, kai pad\u0117tas<\/p>\n<p data-start=\"2717\" data-end=\"2785\" data-is-last-node=\"\" data-is-only-node=\"\"><strong data-start=\"2717\" data-end=\"2728\">Svoris:<\/strong> 680 g<br data-start=\"2734\" data-end=\"2737\" \/><strong data-start=\"2737\" data-end=\"2753\">I\u0161matavimai:<\/strong> 40x20x26 cm<br data-start=\"2765\" data-end=\"2768\" \/><strong data-start=\"2768\" data-end=\"2781\">Med\u017eiaga:<\/strong> PVC<\/p>\n","protected":false},"featured_media":42296,"template":"","meta":[],"product_brand":[],"product_cat":[535,544],"product_tag":[],"class_list":{"0":"post-47633","1":"product","2":"type-product","3":"status-publish","4":"has-post-thumbnail","6":"product_cat-transportavimo-narvai-krepsiai","7":"product_cat-sunu-narvai-ir-transportavimo-krepsiai","9":"first","10":"instock","11":"taxable","12":"shipping-taxable","13":"purchasable","14":"product-type-simple"},"yoast_head":"<!-- This site is optimized with the Yoast SEO plugin v27.2 - https:\/\/yoast.com\/product\/yoast-seo-wordpress\/ -->\n<title>Perne\u0161imo krep\u0161ys Uniq Pets Pawvoyager 40x20x26 cm iki 7 kg - MiuMjau<\/title>\n<meta name=\"robots\" content=\"index, follow, max-snippet:-1, max-image-preview:large, max-video-preview:-1\" \/>\n<link rel=\"canonical\" href=\"https:\/\/miumjau.ee\/lt\/produktas\/pernesimo-krepsys-uniq-pets-pawvoyager-40x20x26-cm-iki-7-kg\/\" \/>\n<meta property=\"og:locale\" content=\"lt_LT\" \/>\n<meta property=\"og:type\" content=\"article\" \/>\n<meta property=\"og:title\" content=\"Perne\u0161imo krep\u0161ys Uniq Pets Pawvoyager 40x20x26 cm iki 7 kg - MiuMjau\" \/>\n<meta property=\"og:description\" content=\"1. ERDV\u0116S TAUPYMO DIZAINAS \u2022 Kompakti\u0161kas, bet erdvus \u2013 Patogus kat\u0117ms\/ma\u017eiems \u0161unims iki 7 kg\u2022 Oro linij\u0173 patvirtinti matmenys \u2013 Tilps po l\u0117ktuvo s\u0117dyne  2. PATOGUMAS \u2022 Tinklelio ventiliacijos panel\u0117s \u2013 360\u00b0 oro srautas (neperkaitina)\u2022 Pamink\u0161tintas vidus \u2013 Nuimamas pagalv\u0117l\u0117s dangtelis lengvam plovimui\u2022 Reguliuojamos petne\u0161os \u2013 Vienodas svorio pasiskirstymas  3. PAPRASTA NAUDOTI \u2022 Priekin\u0117 anga \u2013 Be streso prieiga prie gyv\u016bno\u2022 Greito sulankstymo mechanizmas \u2013 Sumontuojamas per 3 sekundes\u2022 \u0160oniniai ki\u0161eniai \u2013 Skan\u0117stams, pavad\u0117liui ar \u0161iuk\u0161li\u0173 mai\u0161eliams  4. SAUGUMAS PIRMIAUSIAS \u2022 Tvirtas dir\u017eo sagtis \u2013 U\u017ekerta keli\u0105 pab\u0117gimams\u2022 At\u0161vaitai \u2013 Matomumas nakt\u012f\u2022 Tvirtas r\u0117mas \u2013 Apsaugo nuo atsitiktini\u0173 sm\u016bgi\u0173  5. KELIONI\u0172 DRAUGI\u0160KAS \u2022 Atitinka TSA reikalavimus \u2013 Patvirtintas kaip rankinis baga\u017eas\u2022 Patogumas be rank\u0173 \u2013 Tinka dvira\u010diams, vie\u0161ajam transportui, \u017eygiams\u2022 Diskreti\u0161kas dizainas \u2013 Atrodo kaip \u012fprasta kuprin\u0117  6. AUK\u0160TOS KOKYB\u0116S MED\u017dIAGOS \u2022 Atsparus vandeniui poliesteris \u2013 Lengvas, bet patvarus\u2022 Metaliniai u\u017etrauktukai \u2013 Atspar\u016bs kramtymams\u2022 Neslystanti pagrindo dalis \u2013 Stovi stabiliai, kai pad\u0117tas Svoris: 680 gI\u0161matavimai: 40x20x26 cmMed\u017eiaga: PVC\" \/>\n<meta property=\"og:url\" content=\"https:\/\/miumjau.ee\/lt\/produktas\/pernesimo-krepsys-uniq-pets-pawvoyager-40x20x26-cm-iki-7-kg\/\" \/>\n<meta property=\"og:site_name\" content=\"MiuMjau\" \/>\n<meta property=\"article:publisher\" content=\"https:\/\/www.facebook.com\/miumjaupood\/\" \/>\n<meta property=\"article:modified_time\" content=\"2026-01-07T18:46:26+00:00\" \/>\n<meta property=\"og:image\" content=\"https:\/\/miumjau.ee\/wp-content\/uploads\/2025\/10\/imagehandler-11.jpg\" \/>\n\t<meta property=\"og:image:width\" content=\"600\" \/>\n\t<meta property=\"og:image:height\" content=\"800\" \/>\n\t<meta property=\"og:image:type\" content=\"image\/jpeg\" \/>\n<meta name=\"twitter:card\" content=\"summary_large_image\" \/>\n<script type=\"application\/ld+json\" class=\"yoast-schema-graph\">{\"@context\":\"https:\/\/schema.org\",\"@graph\":[{\"@type\":\"WebPage\",\"@id\":\"https:\/\/miumjau.ee\/lt\/produktas\/pernesimo-krepsys-uniq-pets-pawvoyager-40x20x26-cm-iki-7-kg\/\",\"url\":\"https:\/\/miumjau.ee\/lt\/produktas\/pernesimo-krepsys-uniq-pets-pawvoyager-40x20x26-cm-iki-7-kg\/\",\"name\":\"Perne\u0161imo krep\u0161ys Uniq Pets Pawvoyager 40x20x26 cm iki 7 kg - MiuMjau\",\"isPartOf\":{\"@id\":\"https:\/\/miumjau.ee\/#website\"},\"primaryImageOfPage\":{\"@id\":\"https:\/\/miumjau.ee\/lt\/produktas\/pernesimo-krepsys-uniq-pets-pawvoyager-40x20x26-cm-iki-7-kg\/#primaryimage\"},\"image\":{\"@id\":\"https:\/\/miumjau.ee\/lt\/produktas\/pernesimo-krepsys-uniq-pets-pawvoyager-40x20x26-cm-iki-7-kg\/#primaryimage\"},\"thumbnailUrl\":\"https:\/\/miumjau.ee\/wp-content\/uploads\/2025\/10\/imagehandler-11.jpg\",\"datePublished\":\"2025-10-05T12:19:37+00:00\",\"dateModified\":\"2026-01-07T18:46:26+00:00\",\"breadcrumb\":{\"@id\":\"https:\/\/miumjau.ee\/lt\/produktas\/pernesimo-krepsys-uniq-pets-pawvoyager-40x20x26-cm-iki-7-kg\/#breadcrumb\"},\"inLanguage\":\"lt-LT\",\"potentialAction\":[{\"@type\":\"ReadAction\",\"target\":[\"https:\/\/miumjau.ee\/lt\/produktas\/pernesimo-krepsys-uniq-pets-pawvoyager-40x20x26-cm-iki-7-kg\/\"]}]},{\"@type\":\"ImageObject\",\"inLanguage\":\"lt-LT\",\"@id\":\"https:\/\/miumjau.ee\/lt\/produktas\/pernesimo-krepsys-uniq-pets-pawvoyager-40x20x26-cm-iki-7-kg\/#primaryimage\",\"url\":\"https:\/\/miumjau.ee\/wp-content\/uploads\/2025\/10\/imagehandler-11.jpg\",\"contentUrl\":\"https:\/\/miumjau.ee\/wp-content\/uploads\/2025\/10\/imagehandler-11.jpg\",\"width\":600,\"height\":800,\"caption\":\"Kandekott Uniq Pets Pawvoyager 40x20x26cm kuni 7kg\"},{\"@type\":\"BreadcrumbList\",\"@id\":\"https:\/\/miumjau.ee\/lt\/produktas\/pernesimo-krepsys-uniq-pets-pawvoyager-40x20x26-cm-iki-7-kg\/#breadcrumb\",\"itemListElement\":[{\"@type\":\"ListItem\",\"position\":1,\"name\":\"Home\",\"item\":\"https:\/\/miumjau.ee\/lt\/\"},{\"@type\":\"ListItem\",\"position\":2,\"name\":\"Parduotuv\u0117\",\"item\":\"https:\/\/miumjau.ee\/lt\/parduotuve\/\"},{\"@type\":\"ListItem\",\"position\":3,\"name\":\"Perne\u0161imo krep\u0161ys Uniq Pets Pawvoyager 40x20x26 cm iki 7 kg\"}]},{\"@type\":\"WebSite\",\"@id\":\"https:\/\/miumjau.ee\/#website\",\"url\":\"https:\/\/miumjau.ee\/\",\"name\":\"MiuMjau\",\"description\":\"Kraapimispuud kassidele\",\"publisher\":{\"@id\":\"https:\/\/miumjau.ee\/#organization\"},\"potentialAction\":[{\"@type\":\"SearchAction\",\"target\":{\"@type\":\"EntryPoint\",\"urlTemplate\":\"https:\/\/miumjau.ee\/?s={search_term_string}\"},\"query-input\":{\"@type\":\"PropertyValueSpecification\",\"valueRequired\":true,\"valueName\":\"search_term_string\"}}],\"inLanguage\":\"lt-LT\"},{\"@type\":\"Organization\",\"@id\":\"https:\/\/miumjau.ee\/#organization\",\"name\":\"MiuMjau O\u00dc\",\"url\":\"https:\/\/miumjau.ee\/\",\"logo\":{\"@type\":\"ImageObject\",\"inLanguage\":\"lt-LT\",\"@id\":\"https:\/\/miumjau.ee\/#\/schema\/logo\/image\/\",\"url\":\"https:\/\/miumjau.ee\/wp-content\/uploads\/2022\/04\/MiuMjau-logo-kollane.png\",\"contentUrl\":\"https:\/\/miumjau.ee\/wp-content\/uploads\/2022\/04\/MiuMjau-logo-kollane.png\",\"width\":219,\"height\":100,\"caption\":\"MiuMjau O\u00dc\"},\"image\":{\"@id\":\"https:\/\/miumjau.ee\/#\/schema\/logo\/image\/\"},\"sameAs\":[\"https:\/\/www.facebook.com\/miumjaupood\/\"]}]}<\/script>\n<!-- \/ Yoast SEO plugin. -->","yoast_head_json":{"title":"Perne\u0161imo krep\u0161ys Uniq Pets Pawvoyager 40x20x26 cm iki 7 kg - MiuMjau","robots":{"index":"index","follow":"follow","max-snippet":"max-snippet:-1","max-image-preview":"max-image-preview:large","max-video-preview":"max-video-preview:-1"},"canonical":"https:\/\/miumjau.ee\/lt\/produktas\/pernesimo-krepsys-uniq-pets-pawvoyager-40x20x26-cm-iki-7-kg\/","og_locale":"lt_LT","og_type":"article","og_title":"Perne\u0161imo krep\u0161ys Uniq Pets Pawvoyager 40x20x26 cm iki 7 kg - MiuMjau","og_description":"1. ERDV\u0116S TAUPYMO DIZAINAS \u2022 Kompakti\u0161kas, bet erdvus \u2013 Patogus kat\u0117ms\/ma\u017eiems \u0161unims iki 7 kg\u2022 Oro linij\u0173 patvirtinti matmenys \u2013 Tilps po l\u0117ktuvo s\u0117dyne  2. PATOGUMAS \u2022 Tinklelio ventiliacijos panel\u0117s \u2013 360\u00b0 oro srautas (neperkaitina)\u2022 Pamink\u0161tintas vidus \u2013 Nuimamas pagalv\u0117l\u0117s dangtelis lengvam plovimui\u2022 Reguliuojamos petne\u0161os \u2013 Vienodas svorio pasiskirstymas  3. PAPRASTA NAUDOTI \u2022 Priekin\u0117 anga \u2013 Be streso prieiga prie gyv\u016bno\u2022 Greito sulankstymo mechanizmas \u2013 Sumontuojamas per 3 sekundes\u2022 \u0160oniniai ki\u0161eniai \u2013 Skan\u0117stams, pavad\u0117liui ar \u0161iuk\u0161li\u0173 mai\u0161eliams  4. SAUGUMAS PIRMIAUSIAS \u2022 Tvirtas dir\u017eo sagtis \u2013 U\u017ekerta keli\u0105 pab\u0117gimams\u2022 At\u0161vaitai \u2013 Matomumas nakt\u012f\u2022 Tvirtas r\u0117mas \u2013 Apsaugo nuo atsitiktini\u0173 sm\u016bgi\u0173  5. KELIONI\u0172 DRAUGI\u0160KAS \u2022 Atitinka TSA reikalavimus \u2013 Patvirtintas kaip rankinis baga\u017eas\u2022 Patogumas be rank\u0173 \u2013 Tinka dvira\u010diams, vie\u0161ajam transportui, \u017eygiams\u2022 Diskreti\u0161kas dizainas \u2013 Atrodo kaip \u012fprasta kuprin\u0117  6. AUK\u0160TOS KOKYB\u0116S MED\u017dIAGOS \u2022 Atsparus vandeniui poliesteris \u2013 Lengvas, bet patvarus\u2022 Metaliniai u\u017etrauktukai \u2013 Atspar\u016bs kramtymams\u2022 Neslystanti pagrindo dalis \u2013 Stovi stabiliai, kai pad\u0117tas Svoris: 680 gI\u0161matavimai: 40x20x26 cmMed\u017eiaga: PVC","og_url":"https:\/\/miumjau.ee\/lt\/produktas\/pernesimo-krepsys-uniq-pets-pawvoyager-40x20x26-cm-iki-7-kg\/","og_site_name":"MiuMjau","article_publisher":"https:\/\/www.facebook.com\/miumjaupood\/","article_modified_time":"2026-01-07T18:46:26+00:00","og_image":[{"width":600,"height":800,"url":"https:\/\/miumjau.ee\/wp-content\/uploads\/2025\/10\/imagehandler-11.jpg","type":"image\/jpeg"}],"twitter_card":"summary_large_image","schema":{"@context":"https:\/\/schema.org","@graph":[{"@type":"WebPage","@id":"https:\/\/miumjau.ee\/lt\/produktas\/pernesimo-krepsys-uniq-pets-pawvoyager-40x20x26-cm-iki-7-kg\/","url":"https:\/\/miumjau.ee\/lt\/produktas\/pernesimo-krepsys-uniq-pets-pawvoyager-40x20x26-cm-iki-7-kg\/","name":"Perne\u0161imo krep\u0161ys Uniq Pets Pawvoyager 40x20x26 cm iki 7 kg - MiuMjau","isPartOf":{"@id":"https:\/\/miumjau.ee\/#website"},"primaryImageOfPage":{"@id":"https:\/\/miumjau.ee\/lt\/produktas\/pernesimo-krepsys-uniq-pets-pawvoyager-40x20x26-cm-iki-7-kg\/#primaryimage"},"image":{"@id":"https:\/\/miumjau.ee\/lt\/produktas\/pernesimo-krepsys-uniq-pets-pawvoyager-40x20x26-cm-iki-7-kg\/#primaryimage"},"thumbnailUrl":"https:\/\/miumjau.ee\/wp-content\/uploads\/2025\/10\/imagehandler-11.jpg","datePublished":"2025-10-05T12:19:37+00:00","dateModified":"2026-01-07T18:46:26+00:00","breadcrumb":{"@id":"https:\/\/miumjau.ee\/lt\/produktas\/pernesimo-krepsys-uniq-pets-pawvoyager-40x20x26-cm-iki-7-kg\/#breadcrumb"},"inLanguage":"lt-LT","potentialAction":[{"@type":"ReadAction","target":["https:\/\/miumjau.ee\/lt\/produktas\/pernesimo-krepsys-uniq-pets-pawvoyager-40x20x26-cm-iki-7-kg\/"]}]},{"@type":"ImageObject","inLanguage":"lt-LT","@id":"https:\/\/miumjau.ee\/lt\/produktas\/pernesimo-krepsys-uniq-pets-pawvoyager-40x20x26-cm-iki-7-kg\/#primaryimage","url":"https:\/\/miumjau.ee\/wp-content\/uploads\/2025\/10\/imagehandler-11.jpg","contentUrl":"https:\/\/miumjau.ee\/wp-content\/uploads\/2025\/10\/imagehandler-11.jpg","width":600,"height":800,"caption":"Kandekott Uniq Pets Pawvoyager 40x20x26cm kuni 7kg"},{"@type":"BreadcrumbList","@id":"https:\/\/miumjau.ee\/lt\/produktas\/pernesimo-krepsys-uniq-pets-pawvoyager-40x20x26-cm-iki-7-kg\/#breadcrumb","itemListElement":[{"@type":"ListItem","position":1,"name":"Home","item":"https:\/\/miumjau.ee\/lt\/"},{"@type":"ListItem","position":2,"name":"Parduotuv\u0117","item":"https:\/\/miumjau.ee\/lt\/parduotuve\/"},{"@type":"ListItem","position":3,"name":"Perne\u0161imo krep\u0161ys Uniq Pets Pawvoyager 40x20x26 cm iki 7 kg"}]},{"@type":"WebSite","@id":"https:\/\/miumjau.ee\/#website","url":"https:\/\/miumjau.ee\/","name":"MiuMjau","description":"Kraapimispuud kassidele","publisher":{"@id":"https:\/\/miumjau.ee\/#organization"},"potentialAction":[{"@type":"SearchAction","target":{"@type":"EntryPoint","urlTemplate":"https:\/\/miumjau.ee\/?s={search_term_string}"},"query-input":{"@type":"PropertyValueSpecification","valueRequired":true,"valueName":"search_term_string"}}],"inLanguage":"lt-LT"},{"@type":"Organization","@id":"https:\/\/miumjau.ee\/#organization","name":"MiuMjau O\u00dc","url":"https:\/\/miumjau.ee\/","logo":{"@type":"ImageObject","inLanguage":"lt-LT","@id":"https:\/\/miumjau.ee\/#\/schema\/logo\/image\/","url":"https:\/\/miumjau.ee\/wp-content\/uploads\/2022\/04\/MiuMjau-logo-kollane.png","contentUrl":"https:\/\/miumjau.ee\/wp-content\/uploads\/2022\/04\/MiuMjau-logo-kollane.png","width":219,"height":100,"caption":"MiuMjau O\u00dc"},"image":{"@id":"https:\/\/miumjau.ee\/#\/schema\/logo\/image\/"},"sameAs":["https:\/\/www.facebook.com\/miumjaupood\/"]}]}},"_links":{"self":[{"href":"https:\/\/miumjau.ee\/lt\/wp-json\/wp\/v2\/product\/47633","targetHints":{"allow":["GET"]}}],"collection":[{"href":"https:\/\/miumjau.ee\/lt\/wp-json\/wp\/v2\/product"}],"about":[{"href":"https:\/\/miumjau.ee\/lt\/wp-json\/wp\/v2\/types\/product"}],"wp:featuredmedia":[{"embeddable":true,"href":"https:\/\/miumjau.ee\/lt\/wp-json\/wp\/v2\/media\/42296"}],"wp:attachment":[{"href":"https:\/\/miumjau.ee\/lt\/wp-json\/wp\/v2\/media?parent=47633"}],"wp:term":[{"taxonomy":"product_brand","embeddable":true,"href":"https:\/\/miumjau.ee\/lt\/wp-json\/wp\/v2\/product_brand?post=47633"},{"taxonomy":"product_cat","embeddable":true,"href":"https:\/\/miumjau.ee\/lt\/wp-json\/wp\/v2\/product_cat?post=47633"},{"taxonomy":"product_tag","embeddable":true,"href":"https:\/\/miumjau.ee\/lt\/wp-json\/wp\/v2\/product_tag?post=47633"}],"curies":[{"name":"wp","href":"https:\/\/api.w.org\/{rel}","templated":true}]}}