{"id":47613,"date":"2025-10-05T14:53:25","date_gmt":"2025-10-05T11:53:25","guid":{"rendered":"https:\/\/miumjau.ee\/toode\/transportavimo-narvas-pratiko-2-55x36x36-cm-iki-15-kg\/"},"modified":"2026-01-07T20:46:34","modified_gmt":"2026-01-07T18:46:34","slug":"transportavimo-narvas-pratiko-2-55x36x36-cm-iki-15-kg","status":"publish","type":"product","link":"https:\/\/miumjau.ee\/lt\/produktas\/transportavimo-narvas-pratiko-2-55x36x36-cm-iki-15-kg\/","title":{"rendered":"Transportavimo narvas Pratiko 2 55x36x36 cm iki 15 kg"},"content":{"rendered":"","protected":false},"excerpt":{"rendered":"<p data-start=\"772\" data-end=\"1175\">\u2022 Labai saugus \u2013 metalin\u0117s durel\u0117s + kietos plastikin\u0117s sienel\u0117s (atsparios grau\u017eimui ir pab\u0117gimui)<br data-start=\"871\" data-end=\"874\" \/>\u2022 Idealiai tinka augintiniams iki 15 kg \u2013 puikiai tinka kat\u0117ms bei ma\u017eiems ir vidutinio dyd\u017eio \u0161unims<br data-start=\"975\" data-end=\"978\" \/>\u2022 V\u0117dinamas ir matomas \u2013 tinklelio panel\u0117s oro cirkuliacijai ir augintinio komfortui<br data-start=\"1062\" data-end=\"1065\" \/>\u2022 Lengva valyti \u2013 plastikin\u0117 interjero dalis nuvalymui<br data-start=\"1119\" data-end=\"1122\" \/>\u2022 Paruo\u0161tas kelionei \u2013 lengvas su ne\u0161iojimo rankena<\/p>\n<p data-start=\"1177\" data-end=\"1283\">Prie\u0161 vykstant \u012f oro uost\u0105 susisiekite su oro linijomis d\u0117l salonin\u0117s erdv\u0117s ir vietos po s\u0117dyne dyd\u017eio.<\/p>\n<p data-start=\"1285\" data-end=\"1347\">Svoris: 1400 g<br data-start=\"1299\" data-end=\"1302\" \/>I\u0161matavimai: 55 x 36 x 36 cm<br data-start=\"1330\" data-end=\"1333\" \/>Med\u017eiaga: PP<\/p>\n","protected":false},"featured_media":42289,"template":"","meta":[],"product_brand":[],"product_cat":[535,544],"product_tag":[],"class_list":{"0":"post-47613","1":"product","2":"type-product","3":"status-publish","4":"has-post-thumbnail","6":"product_cat-transportavimo-narvai-krepsiai","7":"product_cat-sunu-narvai-ir-transportavimo-krepsiai","9":"first","10":"instock","11":"taxable","12":"shipping-taxable","13":"purchasable","14":"product-type-simple"},"yoast_head":"<!-- This site is optimized with the Yoast SEO plugin v27.2 - https:\/\/yoast.com\/product\/yoast-seo-wordpress\/ -->\n<title>Transportavimo narvas Pratiko 2 55x36x36 cm iki 15 kg - MiuMjau<\/title>\n<meta name=\"robots\" content=\"index, follow, max-snippet:-1, max-image-preview:large, max-video-preview:-1\" \/>\n<link rel=\"canonical\" href=\"https:\/\/miumjau.ee\/lt\/produktas\/transportavimo-narvas-pratiko-2-55x36x36-cm-iki-15-kg\/\" \/>\n<meta property=\"og:locale\" content=\"lt_LT\" \/>\n<meta property=\"og:type\" content=\"article\" \/>\n<meta property=\"og:title\" content=\"Transportavimo narvas Pratiko 2 55x36x36 cm iki 15 kg - MiuMjau\" \/>\n<meta property=\"og:description\" content=\"\u2022 Labai saugus \u2013 metalin\u0117s durel\u0117s + kietos plastikin\u0117s sienel\u0117s (atsparios grau\u017eimui ir pab\u0117gimui)\u2022 Idealiai tinka augintiniams iki 15 kg \u2013 puikiai tinka kat\u0117ms bei ma\u017eiems ir vidutinio dyd\u017eio \u0161unims\u2022 V\u0117dinamas ir matomas \u2013 tinklelio panel\u0117s oro cirkuliacijai ir augintinio komfortui\u2022 Lengva valyti \u2013 plastikin\u0117 interjero dalis nuvalymui\u2022 Paruo\u0161tas kelionei \u2013 lengvas su ne\u0161iojimo rankena Prie\u0161 vykstant \u012f oro uost\u0105 susisiekite su oro linijomis d\u0117l salonin\u0117s erdv\u0117s ir vietos po s\u0117dyne dyd\u017eio. Svoris: 1400 gI\u0161matavimai: 55 x 36 x 36 cmMed\u017eiaga: PP\" \/>\n<meta property=\"og:url\" content=\"https:\/\/miumjau.ee\/lt\/produktas\/transportavimo-narvas-pratiko-2-55x36x36-cm-iki-15-kg\/\" \/>\n<meta property=\"og:site_name\" content=\"MiuMjau\" \/>\n<meta property=\"article:publisher\" content=\"https:\/\/www.facebook.com\/miumjaupood\/\" \/>\n<meta property=\"article:modified_time\" content=\"2026-01-07T18:46:34+00:00\" \/>\n<meta property=\"og:image\" content=\"https:\/\/miumjau.ee\/wp-content\/uploads\/2025\/10\/imagehandler-21.jpg\" \/>\n\t<meta property=\"og:image:width\" content=\"600\" \/>\n\t<meta property=\"og:image:height\" content=\"800\" \/>\n\t<meta property=\"og:image:type\" content=\"image\/jpeg\" \/>\n<meta name=\"twitter:card\" content=\"summary_large_image\" \/>\n<script type=\"application\/ld+json\" class=\"yoast-schema-graph\">{\"@context\":\"https:\/\/schema.org\",\"@graph\":[{\"@type\":\"WebPage\",\"@id\":\"https:\/\/miumjau.ee\/lt\/produktas\/transportavimo-narvas-pratiko-2-55x36x36-cm-iki-15-kg\/\",\"url\":\"https:\/\/miumjau.ee\/lt\/produktas\/transportavimo-narvas-pratiko-2-55x36x36-cm-iki-15-kg\/\",\"name\":\"Transportavimo narvas Pratiko 2 55x36x36 cm iki 15 kg - MiuMjau\",\"isPartOf\":{\"@id\":\"https:\/\/miumjau.ee\/#website\"},\"primaryImageOfPage\":{\"@id\":\"https:\/\/miumjau.ee\/lt\/produktas\/transportavimo-narvas-pratiko-2-55x36x36-cm-iki-15-kg\/#primaryimage\"},\"image\":{\"@id\":\"https:\/\/miumjau.ee\/lt\/produktas\/transportavimo-narvas-pratiko-2-55x36x36-cm-iki-15-kg\/#primaryimage\"},\"thumbnailUrl\":\"https:\/\/miumjau.ee\/wp-content\/uploads\/2025\/10\/imagehandler-21.jpg\",\"datePublished\":\"2025-10-05T11:53:25+00:00\",\"dateModified\":\"2026-01-07T18:46:34+00:00\",\"breadcrumb\":{\"@id\":\"https:\/\/miumjau.ee\/lt\/produktas\/transportavimo-narvas-pratiko-2-55x36x36-cm-iki-15-kg\/#breadcrumb\"},\"inLanguage\":\"lt-LT\",\"potentialAction\":[{\"@type\":\"ReadAction\",\"target\":[\"https:\/\/miumjau.ee\/lt\/produktas\/transportavimo-narvas-pratiko-2-55x36x36-cm-iki-15-kg\/\"]}]},{\"@type\":\"ImageObject\",\"inLanguage\":\"lt-LT\",\"@id\":\"https:\/\/miumjau.ee\/lt\/produktas\/transportavimo-narvas-pratiko-2-55x36x36-cm-iki-15-kg\/#primaryimage\",\"url\":\"https:\/\/miumjau.ee\/wp-content\/uploads\/2025\/10\/imagehandler-21.jpg\",\"contentUrl\":\"https:\/\/miumjau.ee\/wp-content\/uploads\/2025\/10\/imagehandler-21.jpg\",\"width\":600,\"height\":800,\"caption\":\"Transpordipuur Pratiko 2 55x36x36cm kuni 15kg\"},{\"@type\":\"BreadcrumbList\",\"@id\":\"https:\/\/miumjau.ee\/lt\/produktas\/transportavimo-narvas-pratiko-2-55x36x36-cm-iki-15-kg\/#breadcrumb\",\"itemListElement\":[{\"@type\":\"ListItem\",\"position\":1,\"name\":\"Home\",\"item\":\"https:\/\/miumjau.ee\/lt\/\"},{\"@type\":\"ListItem\",\"position\":2,\"name\":\"Parduotuv\u0117\",\"item\":\"https:\/\/miumjau.ee\/lt\/parduotuve\/\"},{\"@type\":\"ListItem\",\"position\":3,\"name\":\"Transportavimo narvas Pratiko 2 55x36x36 cm iki 15 kg\"}]},{\"@type\":\"WebSite\",\"@id\":\"https:\/\/miumjau.ee\/#website\",\"url\":\"https:\/\/miumjau.ee\/\",\"name\":\"MiuMjau\",\"description\":\"Kraapimispuud kassidele\",\"publisher\":{\"@id\":\"https:\/\/miumjau.ee\/#organization\"},\"potentialAction\":[{\"@type\":\"SearchAction\",\"target\":{\"@type\":\"EntryPoint\",\"urlTemplate\":\"https:\/\/miumjau.ee\/?s={search_term_string}\"},\"query-input\":{\"@type\":\"PropertyValueSpecification\",\"valueRequired\":true,\"valueName\":\"search_term_string\"}}],\"inLanguage\":\"lt-LT\"},{\"@type\":\"Organization\",\"@id\":\"https:\/\/miumjau.ee\/#organization\",\"name\":\"MiuMjau O\u00dc\",\"url\":\"https:\/\/miumjau.ee\/\",\"logo\":{\"@type\":\"ImageObject\",\"inLanguage\":\"lt-LT\",\"@id\":\"https:\/\/miumjau.ee\/#\/schema\/logo\/image\/\",\"url\":\"https:\/\/miumjau.ee\/wp-content\/uploads\/2022\/04\/MiuMjau-logo-kollane.png\",\"contentUrl\":\"https:\/\/miumjau.ee\/wp-content\/uploads\/2022\/04\/MiuMjau-logo-kollane.png\",\"width\":219,\"height\":100,\"caption\":\"MiuMjau O\u00dc\"},\"image\":{\"@id\":\"https:\/\/miumjau.ee\/#\/schema\/logo\/image\/\"},\"sameAs\":[\"https:\/\/www.facebook.com\/miumjaupood\/\"]}]}<\/script>\n<!-- \/ Yoast SEO plugin. -->","yoast_head_json":{"title":"Transportavimo narvas Pratiko 2 55x36x36 cm iki 15 kg - MiuMjau","robots":{"index":"index","follow":"follow","max-snippet":"max-snippet:-1","max-image-preview":"max-image-preview:large","max-video-preview":"max-video-preview:-1"},"canonical":"https:\/\/miumjau.ee\/lt\/produktas\/transportavimo-narvas-pratiko-2-55x36x36-cm-iki-15-kg\/","og_locale":"lt_LT","og_type":"article","og_title":"Transportavimo narvas Pratiko 2 55x36x36 cm iki 15 kg - MiuMjau","og_description":"\u2022 Labai saugus \u2013 metalin\u0117s durel\u0117s + kietos plastikin\u0117s sienel\u0117s (atsparios grau\u017eimui ir pab\u0117gimui)\u2022 Idealiai tinka augintiniams iki 15 kg \u2013 puikiai tinka kat\u0117ms bei ma\u017eiems ir vidutinio dyd\u017eio \u0161unims\u2022 V\u0117dinamas ir matomas \u2013 tinklelio panel\u0117s oro cirkuliacijai ir augintinio komfortui\u2022 Lengva valyti \u2013 plastikin\u0117 interjero dalis nuvalymui\u2022 Paruo\u0161tas kelionei \u2013 lengvas su ne\u0161iojimo rankena Prie\u0161 vykstant \u012f oro uost\u0105 susisiekite su oro linijomis d\u0117l salonin\u0117s erdv\u0117s ir vietos po s\u0117dyne dyd\u017eio. Svoris: 1400 gI\u0161matavimai: 55 x 36 x 36 cmMed\u017eiaga: PP","og_url":"https:\/\/miumjau.ee\/lt\/produktas\/transportavimo-narvas-pratiko-2-55x36x36-cm-iki-15-kg\/","og_site_name":"MiuMjau","article_publisher":"https:\/\/www.facebook.com\/miumjaupood\/","article_modified_time":"2026-01-07T18:46:34+00:00","og_image":[{"width":600,"height":800,"url":"https:\/\/miumjau.ee\/wp-content\/uploads\/2025\/10\/imagehandler-21.jpg","type":"image\/jpeg"}],"twitter_card":"summary_large_image","schema":{"@context":"https:\/\/schema.org","@graph":[{"@type":"WebPage","@id":"https:\/\/miumjau.ee\/lt\/produktas\/transportavimo-narvas-pratiko-2-55x36x36-cm-iki-15-kg\/","url":"https:\/\/miumjau.ee\/lt\/produktas\/transportavimo-narvas-pratiko-2-55x36x36-cm-iki-15-kg\/","name":"Transportavimo narvas Pratiko 2 55x36x36 cm iki 15 kg - MiuMjau","isPartOf":{"@id":"https:\/\/miumjau.ee\/#website"},"primaryImageOfPage":{"@id":"https:\/\/miumjau.ee\/lt\/produktas\/transportavimo-narvas-pratiko-2-55x36x36-cm-iki-15-kg\/#primaryimage"},"image":{"@id":"https:\/\/miumjau.ee\/lt\/produktas\/transportavimo-narvas-pratiko-2-55x36x36-cm-iki-15-kg\/#primaryimage"},"thumbnailUrl":"https:\/\/miumjau.ee\/wp-content\/uploads\/2025\/10\/imagehandler-21.jpg","datePublished":"2025-10-05T11:53:25+00:00","dateModified":"2026-01-07T18:46:34+00:00","breadcrumb":{"@id":"https:\/\/miumjau.ee\/lt\/produktas\/transportavimo-narvas-pratiko-2-55x36x36-cm-iki-15-kg\/#breadcrumb"},"inLanguage":"lt-LT","potentialAction":[{"@type":"ReadAction","target":["https:\/\/miumjau.ee\/lt\/produktas\/transportavimo-narvas-pratiko-2-55x36x36-cm-iki-15-kg\/"]}]},{"@type":"ImageObject","inLanguage":"lt-LT","@id":"https:\/\/miumjau.ee\/lt\/produktas\/transportavimo-narvas-pratiko-2-55x36x36-cm-iki-15-kg\/#primaryimage","url":"https:\/\/miumjau.ee\/wp-content\/uploads\/2025\/10\/imagehandler-21.jpg","contentUrl":"https:\/\/miumjau.ee\/wp-content\/uploads\/2025\/10\/imagehandler-21.jpg","width":600,"height":800,"caption":"Transpordipuur Pratiko 2 55x36x36cm kuni 15kg"},{"@type":"BreadcrumbList","@id":"https:\/\/miumjau.ee\/lt\/produktas\/transportavimo-narvas-pratiko-2-55x36x36-cm-iki-15-kg\/#breadcrumb","itemListElement":[{"@type":"ListItem","position":1,"name":"Home","item":"https:\/\/miumjau.ee\/lt\/"},{"@type":"ListItem","position":2,"name":"Parduotuv\u0117","item":"https:\/\/miumjau.ee\/lt\/parduotuve\/"},{"@type":"ListItem","position":3,"name":"Transportavimo narvas Pratiko 2 55x36x36 cm iki 15 kg"}]},{"@type":"WebSite","@id":"https:\/\/miumjau.ee\/#website","url":"https:\/\/miumjau.ee\/","name":"MiuMjau","description":"Kraapimispuud kassidele","publisher":{"@id":"https:\/\/miumjau.ee\/#organization"},"potentialAction":[{"@type":"SearchAction","target":{"@type":"EntryPoint","urlTemplate":"https:\/\/miumjau.ee\/?s={search_term_string}"},"query-input":{"@type":"PropertyValueSpecification","valueRequired":true,"valueName":"search_term_string"}}],"inLanguage":"lt-LT"},{"@type":"Organization","@id":"https:\/\/miumjau.ee\/#organization","name":"MiuMjau O\u00dc","url":"https:\/\/miumjau.ee\/","logo":{"@type":"ImageObject","inLanguage":"lt-LT","@id":"https:\/\/miumjau.ee\/#\/schema\/logo\/image\/","url":"https:\/\/miumjau.ee\/wp-content\/uploads\/2022\/04\/MiuMjau-logo-kollane.png","contentUrl":"https:\/\/miumjau.ee\/wp-content\/uploads\/2022\/04\/MiuMjau-logo-kollane.png","width":219,"height":100,"caption":"MiuMjau O\u00dc"},"image":{"@id":"https:\/\/miumjau.ee\/#\/schema\/logo\/image\/"},"sameAs":["https:\/\/www.facebook.com\/miumjaupood\/"]}]}},"_links":{"self":[{"href":"https:\/\/miumjau.ee\/lt\/wp-json\/wp\/v2\/product\/47613","targetHints":{"allow":["GET"]}}],"collection":[{"href":"https:\/\/miumjau.ee\/lt\/wp-json\/wp\/v2\/product"}],"about":[{"href":"https:\/\/miumjau.ee\/lt\/wp-json\/wp\/v2\/types\/product"}],"wp:featuredmedia":[{"embeddable":true,"href":"https:\/\/miumjau.ee\/lt\/wp-json\/wp\/v2\/media\/42289"}],"wp:attachment":[{"href":"https:\/\/miumjau.ee\/lt\/wp-json\/wp\/v2\/media?parent=47613"}],"wp:term":[{"taxonomy":"product_brand","embeddable":true,"href":"https:\/\/miumjau.ee\/lt\/wp-json\/wp\/v2\/product_brand?post=47613"},{"taxonomy":"product_cat","embeddable":true,"href":"https:\/\/miumjau.ee\/lt\/wp-json\/wp\/v2\/product_cat?post=47613"},{"taxonomy":"product_tag","embeddable":true,"href":"https:\/\/miumjau.ee\/lt\/wp-json\/wp\/v2\/product_tag?post=47613"}],"curies":[{"name":"wp","href":"https:\/\/api.w.org\/{rel}","templated":true}]}}