{"id":47591,"date":"2025-11-10T20:19:44","date_gmt":"2025-11-10T18:19:44","guid":{"rendered":"https:\/\/miumjau.ee\/toode\/beaphar-flexifit-sticks-dog-175-g\/"},"modified":"2026-01-07T20:46:41","modified_gmt":"2026-01-07T18:46:41","slug":"beaphar-flexifit-sticks-dog-175-g","status":"publish","type":"product","link":"https:\/\/miumjau.ee\/lt\/produktas\/beaphar-flexifit-sticks-dog-175-g\/","title":{"rendered":"Beaphar Flexifit\u00ae Sticks Dog 175 g"},"content":{"rendered":"","protected":false},"excerpt":{"rendered":"<p data-start=\"4217\" data-end=\"4429\">Skanus, m\u0117sos skonio skan\u0117stas \u0161unims, kurio veikimas padeda palaikyti s\u0105nari\u0173 lankstum\u0105 ir tvirtus kaulus. Tinka \u0161unims, kuri\u0173 s\u0105nariai yra normal\u016bs, bet kuriems reikalinga papildoma jud\u0117jimo ir s\u0105nari\u0173 apsauga.<\/p>\n<p data-start=\"4431\" data-end=\"4455\"><strong data-start=\"4431\" data-end=\"4455\">Pagrindin\u0117s savyb\u0117s:<\/strong><\/p>\n<ul data-start=\"4457\" data-end=\"4669\">\n<li data-start=\"4457\" data-end=\"4522\">\n<p data-start=\"4459\" data-end=\"4522\">padeda i\u0161laikyti lanks\u010dius s\u0105narius ir tvirt\u0105 kaul\u0173 strukt\u016br\u0105<\/p>\n<\/li>\n<li data-start=\"4523\" data-end=\"4567\">\n<p data-start=\"4525\" data-end=\"4567\">padeda \u0161unims jud\u0117ti laisvai ir aktyviai<\/p>\n<\/li>\n<li data-start=\"4568\" data-end=\"4669\">\n<p data-start=\"4570\" data-end=\"4669\">daugiafunkcin\u0117 formul\u0117, turinti omega-3 riebal\u0173 r\u016bg\u0161\u010di\u0173, gliukozamino ir \u017eali\u0173j\u0173 midij\u0173 ekstrakto<\/p>\n<\/li>\n<\/ul>\n<p data-start=\"4671\" data-end=\"4945\"><strong data-start=\"4671\" data-end=\"4697\">Naudojimo instrukcija:<\/strong><br data-start=\"4697\" data-end=\"4700\" \/>Duokite \u0161uniui vien\u0105 \u201elazdel\u0119\u201c per dien\u0105 kaip skan\u0117st\u0105 ar paskatinim\u0105. Lazdel\u0119 galima perlau\u017eti \u012f ma\u017eesnius gabal\u0117lius ir duoti keliais kartais. \u0160uo visada turi tur\u0117ti prieig\u0105 prie \u0161vie\u017eio geriamojo vandens. Netinka \u0161unims iki 4 m\u0117nesi\u0173 am\u017eiaus.<\/p>\n<p data-start=\"4947\" data-end=\"5161\"><strong data-start=\"4947\" data-end=\"4959\">Sud\u0117tis:<\/strong> gr\u016bdai, augalin\u0117s kilm\u0117s produktai, m\u0117sa ir gyv\u016bniniai produktai (vi\u0161tiena 6,02 %), moliuskai ir v\u0117\u017eiagyviai (\u017eali\u0173j\u0173 midij\u0173 ekstraktas 2,2 %, D-gliukozamino hidrochloridas 2,2 %), aliejai ir riebalai.<\/p>\n<p data-start=\"5163\" data-end=\"5263\"><strong data-start=\"5163\" data-end=\"5185\">Analitin\u0117 sud\u0117tis:<\/strong> baltymai 9 %, riebalai 5,5 %, l\u0105steliena 0,2 %, pelenai 1,7 %, dr\u0117gm\u0117 22,5 %.<\/p>\n<p data-start=\"5265\" data-end=\"5541\"><strong data-start=\"5265\" data-end=\"5280\">Tinkamumas:<\/strong> tinka \u0161unims nuo 4 m\u0117nesi\u0173 am\u017eiaus, kuriems norima profilakti\u0161kai arba palaikomai r\u016bpintis s\u0105nari\u0173 sveikata. Neskirtas \u0161unims, kuri\u0173 s\u0105nari\u0173 jud\u0117jimas yra sutrik\u0119s ar labai silpnas ir kuriems gali prireikti specialaus gydymo ar sustiprintos s\u0105nari\u0173 prie\u017ei\u016bros.<\/p>\n","protected":false},"featured_media":44231,"template":"","meta":[],"product_brand":[],"product_cat":[540,871],"product_tag":[],"class_list":{"0":"post-47591","1":"product","2":"type-product","3":"status-publish","4":"has-post-thumbnail","6":"product_cat-skanestai-sunims","7":"product_cat-maisto-papildai-sunims","9":"first","10":"instock","11":"taxable","12":"shipping-taxable","13":"purchasable","14":"product-type-simple"},"yoast_head":"<!-- This site is optimized with the Yoast SEO plugin v27.2 - https:\/\/yoast.com\/product\/yoast-seo-wordpress\/ -->\n<title>Beaphar Flexifit\u00ae Sticks Dog 175 g - MiuMjau<\/title>\n<meta name=\"robots\" content=\"index, follow, max-snippet:-1, max-image-preview:large, max-video-preview:-1\" \/>\n<link rel=\"canonical\" href=\"https:\/\/miumjau.ee\/lt\/produktas\/beaphar-flexifit-sticks-dog-175-g\/\" \/>\n<meta property=\"og:locale\" content=\"lt_LT\" \/>\n<meta property=\"og:type\" content=\"article\" \/>\n<meta property=\"og:title\" content=\"Beaphar Flexifit\u00ae Sticks Dog 175 g - MiuMjau\" \/>\n<meta property=\"og:description\" content=\"Skanus, m\u0117sos skonio skan\u0117stas \u0161unims, kurio veikimas padeda palaikyti s\u0105nari\u0173 lankstum\u0105 ir tvirtus kaulus. Tinka \u0161unims, kuri\u0173 s\u0105nariai yra normal\u016bs, bet kuriems reikalinga papildoma jud\u0117jimo ir s\u0105nari\u0173 apsauga. Pagrindin\u0117s savyb\u0117s:     padeda i\u0161laikyti lanks\u010dius s\u0105narius ir tvirt\u0105 kaul\u0173 strukt\u016br\u0105    padeda \u0161unims jud\u0117ti laisvai ir aktyviai    daugiafunkcin\u0117 formul\u0117, turinti omega-3 riebal\u0173 r\u016bg\u0161\u010di\u0173, gliukozamino ir \u017eali\u0173j\u0173 midij\u0173 ekstrakto   Naudojimo instrukcija:Duokite \u0161uniui vien\u0105 \u201elazdel\u0119\u201c per dien\u0105 kaip skan\u0117st\u0105 ar paskatinim\u0105. Lazdel\u0119 galima perlau\u017eti \u012f ma\u017eesnius gabal\u0117lius ir duoti keliais kartais. \u0160uo visada turi tur\u0117ti prieig\u0105 prie \u0161vie\u017eio geriamojo vandens. Netinka \u0161unims iki 4 m\u0117nesi\u0173 am\u017eiaus. Sud\u0117tis: gr\u016bdai, augalin\u0117s kilm\u0117s produktai, m\u0117sa ir gyv\u016bniniai produktai (vi\u0161tiena 6,02 %), moliuskai ir v\u0117\u017eiagyviai (\u017eali\u0173j\u0173 midij\u0173 ekstraktas 2,2 %, D-gliukozamino hidrochloridas 2,2 %), aliejai ir riebalai. Analitin\u0117 sud\u0117tis: baltymai 9 %, riebalai 5,5 %, l\u0105steliena 0,2 %, pelenai 1,7 %, dr\u0117gm\u0117 22,5 %. Tinkamumas: tinka \u0161unims nuo 4 m\u0117nesi\u0173 am\u017eiaus, kuriems norima profilakti\u0161kai arba palaikomai r\u016bpintis s\u0105nari\u0173 sveikata. Neskirtas \u0161unims, kuri\u0173 s\u0105nari\u0173 jud\u0117jimas yra sutrik\u0119s ar labai silpnas ir kuriems gali prireikti specialaus gydymo ar sustiprintos s\u0105nari\u0173 prie\u017ei\u016bros.\" \/>\n<meta property=\"og:url\" content=\"https:\/\/miumjau.ee\/lt\/produktas\/beaphar-flexifit-sticks-dog-175-g\/\" \/>\n<meta property=\"og:site_name\" content=\"MiuMjau\" \/>\n<meta property=\"article:publisher\" content=\"https:\/\/www.facebook.com\/miumjaupood\/\" \/>\n<meta property=\"article:modified_time\" content=\"2026-01-07T18:46:41+00:00\" \/>\n<meta property=\"og:image\" content=\"https:\/\/miumjau.ee\/wp-content\/uploads\/2025\/11\/beaphar-flexifit-stick-Photoroom-1.jpg\" \/>\n\t<meta property=\"og:image:width\" content=\"600\" \/>\n\t<meta property=\"og:image:height\" content=\"800\" \/>\n\t<meta property=\"og:image:type\" content=\"image\/jpeg\" \/>\n<meta name=\"twitter:card\" content=\"summary_large_image\" \/>\n<script type=\"application\/ld+json\" class=\"yoast-schema-graph\">{\"@context\":\"https:\/\/schema.org\",\"@graph\":[{\"@type\":\"WebPage\",\"@id\":\"https:\/\/miumjau.ee\/lt\/produktas\/beaphar-flexifit-sticks-dog-175-g\/\",\"url\":\"https:\/\/miumjau.ee\/lt\/produktas\/beaphar-flexifit-sticks-dog-175-g\/\",\"name\":\"Beaphar Flexifit\u00ae Sticks Dog 175 g - MiuMjau\",\"isPartOf\":{\"@id\":\"https:\/\/miumjau.ee\/#website\"},\"primaryImageOfPage\":{\"@id\":\"https:\/\/miumjau.ee\/lt\/produktas\/beaphar-flexifit-sticks-dog-175-g\/#primaryimage\"},\"image\":{\"@id\":\"https:\/\/miumjau.ee\/lt\/produktas\/beaphar-flexifit-sticks-dog-175-g\/#primaryimage\"},\"thumbnailUrl\":\"https:\/\/miumjau.ee\/wp-content\/uploads\/2025\/11\/beaphar-flexifit-stick-Photoroom-1.jpg\",\"datePublished\":\"2025-11-10T18:19:44+00:00\",\"dateModified\":\"2026-01-07T18:46:41+00:00\",\"breadcrumb\":{\"@id\":\"https:\/\/miumjau.ee\/lt\/produktas\/beaphar-flexifit-sticks-dog-175-g\/#breadcrumb\"},\"inLanguage\":\"lt-LT\",\"potentialAction\":[{\"@type\":\"ReadAction\",\"target\":[\"https:\/\/miumjau.ee\/lt\/produktas\/beaphar-flexifit-sticks-dog-175-g\/\"]}]},{\"@type\":\"ImageObject\",\"inLanguage\":\"lt-LT\",\"@id\":\"https:\/\/miumjau.ee\/lt\/produktas\/beaphar-flexifit-sticks-dog-175-g\/#primaryimage\",\"url\":\"https:\/\/miumjau.ee\/wp-content\/uploads\/2025\/11\/beaphar-flexifit-stick-Photoroom-1.jpg\",\"contentUrl\":\"https:\/\/miumjau.ee\/wp-content\/uploads\/2025\/11\/beaphar-flexifit-stick-Photoroom-1.jpg\",\"width\":600,\"height\":800,\"caption\":\"Beaphar Flexifit toidulisand koertele\"},{\"@type\":\"BreadcrumbList\",\"@id\":\"https:\/\/miumjau.ee\/lt\/produktas\/beaphar-flexifit-sticks-dog-175-g\/#breadcrumb\",\"itemListElement\":[{\"@type\":\"ListItem\",\"position\":1,\"name\":\"Home\",\"item\":\"https:\/\/miumjau.ee\/lt\/\"},{\"@type\":\"ListItem\",\"position\":2,\"name\":\"Parduotuv\u0117\",\"item\":\"https:\/\/miumjau.ee\/lt\/parduotuve\/\"},{\"@type\":\"ListItem\",\"position\":3,\"name\":\"Beaphar Flexifit\u00ae Sticks Dog 175 g\"}]},{\"@type\":\"WebSite\",\"@id\":\"https:\/\/miumjau.ee\/#website\",\"url\":\"https:\/\/miumjau.ee\/\",\"name\":\"MiuMjau\",\"description\":\"Kraapimispuud kassidele\",\"publisher\":{\"@id\":\"https:\/\/miumjau.ee\/#organization\"},\"potentialAction\":[{\"@type\":\"SearchAction\",\"target\":{\"@type\":\"EntryPoint\",\"urlTemplate\":\"https:\/\/miumjau.ee\/?s={search_term_string}\"},\"query-input\":{\"@type\":\"PropertyValueSpecification\",\"valueRequired\":true,\"valueName\":\"search_term_string\"}}],\"inLanguage\":\"lt-LT\"},{\"@type\":\"Organization\",\"@id\":\"https:\/\/miumjau.ee\/#organization\",\"name\":\"MiuMjau O\u00dc\",\"url\":\"https:\/\/miumjau.ee\/\",\"logo\":{\"@type\":\"ImageObject\",\"inLanguage\":\"lt-LT\",\"@id\":\"https:\/\/miumjau.ee\/#\/schema\/logo\/image\/\",\"url\":\"https:\/\/miumjau.ee\/wp-content\/uploads\/2022\/04\/MiuMjau-logo-kollane.png\",\"contentUrl\":\"https:\/\/miumjau.ee\/wp-content\/uploads\/2022\/04\/MiuMjau-logo-kollane.png\",\"width\":219,\"height\":100,\"caption\":\"MiuMjau O\u00dc\"},\"image\":{\"@id\":\"https:\/\/miumjau.ee\/#\/schema\/logo\/image\/\"},\"sameAs\":[\"https:\/\/www.facebook.com\/miumjaupood\/\"]}]}<\/script>\n<!-- \/ Yoast SEO plugin. -->","yoast_head_json":{"title":"Beaphar Flexifit\u00ae Sticks Dog 175 g - MiuMjau","robots":{"index":"index","follow":"follow","max-snippet":"max-snippet:-1","max-image-preview":"max-image-preview:large","max-video-preview":"max-video-preview:-1"},"canonical":"https:\/\/miumjau.ee\/lt\/produktas\/beaphar-flexifit-sticks-dog-175-g\/","og_locale":"lt_LT","og_type":"article","og_title":"Beaphar Flexifit\u00ae Sticks Dog 175 g - MiuMjau","og_description":"Skanus, m\u0117sos skonio skan\u0117stas \u0161unims, kurio veikimas padeda palaikyti s\u0105nari\u0173 lankstum\u0105 ir tvirtus kaulus. Tinka \u0161unims, kuri\u0173 s\u0105nariai yra normal\u016bs, bet kuriems reikalinga papildoma jud\u0117jimo ir s\u0105nari\u0173 apsauga. Pagrindin\u0117s savyb\u0117s:     padeda i\u0161laikyti lanks\u010dius s\u0105narius ir tvirt\u0105 kaul\u0173 strukt\u016br\u0105    padeda \u0161unims jud\u0117ti laisvai ir aktyviai    daugiafunkcin\u0117 formul\u0117, turinti omega-3 riebal\u0173 r\u016bg\u0161\u010di\u0173, gliukozamino ir \u017eali\u0173j\u0173 midij\u0173 ekstrakto   Naudojimo instrukcija:Duokite \u0161uniui vien\u0105 \u201elazdel\u0119\u201c per dien\u0105 kaip skan\u0117st\u0105 ar paskatinim\u0105. Lazdel\u0119 galima perlau\u017eti \u012f ma\u017eesnius gabal\u0117lius ir duoti keliais kartais. \u0160uo visada turi tur\u0117ti prieig\u0105 prie \u0161vie\u017eio geriamojo vandens. Netinka \u0161unims iki 4 m\u0117nesi\u0173 am\u017eiaus. Sud\u0117tis: gr\u016bdai, augalin\u0117s kilm\u0117s produktai, m\u0117sa ir gyv\u016bniniai produktai (vi\u0161tiena 6,02 %), moliuskai ir v\u0117\u017eiagyviai (\u017eali\u0173j\u0173 midij\u0173 ekstraktas 2,2 %, D-gliukozamino hidrochloridas 2,2 %), aliejai ir riebalai. Analitin\u0117 sud\u0117tis: baltymai 9 %, riebalai 5,5 %, l\u0105steliena 0,2 %, pelenai 1,7 %, dr\u0117gm\u0117 22,5 %. Tinkamumas: tinka \u0161unims nuo 4 m\u0117nesi\u0173 am\u017eiaus, kuriems norima profilakti\u0161kai arba palaikomai r\u016bpintis s\u0105nari\u0173 sveikata. Neskirtas \u0161unims, kuri\u0173 s\u0105nari\u0173 jud\u0117jimas yra sutrik\u0119s ar labai silpnas ir kuriems gali prireikti specialaus gydymo ar sustiprintos s\u0105nari\u0173 prie\u017ei\u016bros.","og_url":"https:\/\/miumjau.ee\/lt\/produktas\/beaphar-flexifit-sticks-dog-175-g\/","og_site_name":"MiuMjau","article_publisher":"https:\/\/www.facebook.com\/miumjaupood\/","article_modified_time":"2026-01-07T18:46:41+00:00","og_image":[{"width":600,"height":800,"url":"https:\/\/miumjau.ee\/wp-content\/uploads\/2025\/11\/beaphar-flexifit-stick-Photoroom-1.jpg","type":"image\/jpeg"}],"twitter_card":"summary_large_image","schema":{"@context":"https:\/\/schema.org","@graph":[{"@type":"WebPage","@id":"https:\/\/miumjau.ee\/lt\/produktas\/beaphar-flexifit-sticks-dog-175-g\/","url":"https:\/\/miumjau.ee\/lt\/produktas\/beaphar-flexifit-sticks-dog-175-g\/","name":"Beaphar Flexifit\u00ae Sticks Dog 175 g - MiuMjau","isPartOf":{"@id":"https:\/\/miumjau.ee\/#website"},"primaryImageOfPage":{"@id":"https:\/\/miumjau.ee\/lt\/produktas\/beaphar-flexifit-sticks-dog-175-g\/#primaryimage"},"image":{"@id":"https:\/\/miumjau.ee\/lt\/produktas\/beaphar-flexifit-sticks-dog-175-g\/#primaryimage"},"thumbnailUrl":"https:\/\/miumjau.ee\/wp-content\/uploads\/2025\/11\/beaphar-flexifit-stick-Photoroom-1.jpg","datePublished":"2025-11-10T18:19:44+00:00","dateModified":"2026-01-07T18:46:41+00:00","breadcrumb":{"@id":"https:\/\/miumjau.ee\/lt\/produktas\/beaphar-flexifit-sticks-dog-175-g\/#breadcrumb"},"inLanguage":"lt-LT","potentialAction":[{"@type":"ReadAction","target":["https:\/\/miumjau.ee\/lt\/produktas\/beaphar-flexifit-sticks-dog-175-g\/"]}]},{"@type":"ImageObject","inLanguage":"lt-LT","@id":"https:\/\/miumjau.ee\/lt\/produktas\/beaphar-flexifit-sticks-dog-175-g\/#primaryimage","url":"https:\/\/miumjau.ee\/wp-content\/uploads\/2025\/11\/beaphar-flexifit-stick-Photoroom-1.jpg","contentUrl":"https:\/\/miumjau.ee\/wp-content\/uploads\/2025\/11\/beaphar-flexifit-stick-Photoroom-1.jpg","width":600,"height":800,"caption":"Beaphar Flexifit toidulisand koertele"},{"@type":"BreadcrumbList","@id":"https:\/\/miumjau.ee\/lt\/produktas\/beaphar-flexifit-sticks-dog-175-g\/#breadcrumb","itemListElement":[{"@type":"ListItem","position":1,"name":"Home","item":"https:\/\/miumjau.ee\/lt\/"},{"@type":"ListItem","position":2,"name":"Parduotuv\u0117","item":"https:\/\/miumjau.ee\/lt\/parduotuve\/"},{"@type":"ListItem","position":3,"name":"Beaphar Flexifit\u00ae Sticks Dog 175 g"}]},{"@type":"WebSite","@id":"https:\/\/miumjau.ee\/#website","url":"https:\/\/miumjau.ee\/","name":"MiuMjau","description":"Kraapimispuud kassidele","publisher":{"@id":"https:\/\/miumjau.ee\/#organization"},"potentialAction":[{"@type":"SearchAction","target":{"@type":"EntryPoint","urlTemplate":"https:\/\/miumjau.ee\/?s={search_term_string}"},"query-input":{"@type":"PropertyValueSpecification","valueRequired":true,"valueName":"search_term_string"}}],"inLanguage":"lt-LT"},{"@type":"Organization","@id":"https:\/\/miumjau.ee\/#organization","name":"MiuMjau O\u00dc","url":"https:\/\/miumjau.ee\/","logo":{"@type":"ImageObject","inLanguage":"lt-LT","@id":"https:\/\/miumjau.ee\/#\/schema\/logo\/image\/","url":"https:\/\/miumjau.ee\/wp-content\/uploads\/2022\/04\/MiuMjau-logo-kollane.png","contentUrl":"https:\/\/miumjau.ee\/wp-content\/uploads\/2022\/04\/MiuMjau-logo-kollane.png","width":219,"height":100,"caption":"MiuMjau O\u00dc"},"image":{"@id":"https:\/\/miumjau.ee\/#\/schema\/logo\/image\/"},"sameAs":["https:\/\/www.facebook.com\/miumjaupood\/"]}]}},"_links":{"self":[{"href":"https:\/\/miumjau.ee\/lt\/wp-json\/wp\/v2\/product\/47591","targetHints":{"allow":["GET"]}}],"collection":[{"href":"https:\/\/miumjau.ee\/lt\/wp-json\/wp\/v2\/product"}],"about":[{"href":"https:\/\/miumjau.ee\/lt\/wp-json\/wp\/v2\/types\/product"}],"wp:featuredmedia":[{"embeddable":true,"href":"https:\/\/miumjau.ee\/lt\/wp-json\/wp\/v2\/media\/44231"}],"wp:attachment":[{"href":"https:\/\/miumjau.ee\/lt\/wp-json\/wp\/v2\/media?parent=47591"}],"wp:term":[{"taxonomy":"product_brand","embeddable":true,"href":"https:\/\/miumjau.ee\/lt\/wp-json\/wp\/v2\/product_brand?post=47591"},{"taxonomy":"product_cat","embeddable":true,"href":"https:\/\/miumjau.ee\/lt\/wp-json\/wp\/v2\/product_cat?post=47591"},{"taxonomy":"product_tag","embeddable":true,"href":"https:\/\/miumjau.ee\/lt\/wp-json\/wp\/v2\/product_tag?post=47591"}],"curies":[{"name":"wp","href":"https:\/\/api.w.org\/{rel}","templated":true}]}}