{"id":47565,"date":"2025-12-11T09:45:08","date_gmt":"2025-12-11T07:45:08","guid":{"rendered":"https:\/\/miumjau.ee\/toode\/ibero-grainfree-adult-su-vistiena-katems-10-kg\/"},"modified":"2026-01-07T20:46:41","modified_gmt":"2026-01-07T18:46:41","slug":"ibero-grainfree-adult-su-vistiena-katems-10-kg","status":"publish","type":"product","link":"https:\/\/miumjau.ee\/lt\/produktas\/ibero-grainfree-adult-su-vistiena-katems-10-kg\/","title":{"rendered":"Ibero Grainfree Adult su vi\u0161tiena kat\u0117ms, 10 kg"},"content":{"rendered":"","protected":false},"excerpt":{"rendered":"<p data-start=\"6601\" data-end=\"6802\">Ibero Grain-free Cat Adult Chicken \u2014 visavertis, be gr\u016bd\u0173 sausas maistas suaugusioms kat\u0117ms. Tai maistas, kuriuo galite pasitik\u0117ti \u2014 jis kasdien palaiko j\u016bs\u0173 kat\u0117s energij\u0105, vir\u0161kinim\u0105 ir kailio b\u016bkl\u0119.<\/p>\n<p data-start=\"6804\" data-end=\"7145\"><strong data-start=\"6804\" data-end=\"6816\">SUD\u0116TIS:<\/strong> Dehidratuota vi\u0161tiena 38%, sald\u017eiosios bulv\u0117s, d\u017eiovintos bulv\u0117s, vi\u0161tienos riebalai 11%, vi\u0161tienos kepenys 5%, d\u017eiovinta moli\u016bg\u0173 mas\u0117, dehidratuotos vi\u0161tienos kepenys 2%, d\u017eiovintos morkos 1,2%, lin\u0173 s\u0117menys, cikorij\u0173 ekstraktas, gyslo\u010dio s\u0117kl\u0173 luobel\u0117s (psiliumas) 0,3%, beta-gliukanai, taurinas, vitamin\u0173 ir mineral\u0173 mi\u0161inys.<\/p>\n<p data-start=\"7147\" data-end=\"7304\"><strong data-start=\"7147\" data-end=\"7169\">ANALITIN\u0116 SUD\u0116TIS:<\/strong> \u017dali baltymai 34%, \u017eali riebalai 12%, \u017ealios skaidulos 3,2%, \u017eali pelenai 8,5%, kalcis 1,1%, fosforas 0,85%, natris 0,15%, dr\u0117gm\u0117 10%.<\/p>\n<p data-start=\"7306\" data-end=\"7774\"><strong data-start=\"7306\" data-end=\"7323\">PRIEDAI (kg):<\/strong> Vitaminas A 20 000 TV, vitaminas D3 2 000 TV, vitaminas E 200 mg, vitaminas B1 6 mg, vitaminas B2 10 mg, vitaminas B6 8 mg, vitaminas B12 0,08 mg, vitaminas C 200 mg, niacinas 50 mg, pantoteno r\u016bg\u0161tis 20 mg, folio r\u016bg\u0161tis 0,8 mg, biotinas 0,5 mg, jodas 5 mg, selenas 0,44 mg, gele\u017eis 120 mg, varis 15 mg, cinkas 150 mg, manganas 15 mg, taurinas 5 000 mg, cholino chloridas 2 160 mg. Antioksidantai: tokoferoliais turtingi augalini\u0173 aliej\u0173 ekstraktai.<\/p>\n<p data-start=\"7776\" data-end=\"7822\"><strong data-start=\"7776\" data-end=\"7807\">Metabolizuojamoji energija:<\/strong> 3 610 kcal\/kg.<\/p>\n<p data-start=\"7824\" data-end=\"8202\"><strong data-start=\"7824\" data-end=\"7850\">NAUDOJIMO INSTRUKCIJA:<\/strong> Duoti saus\u0105. Pereinamuoju laikotarpiu (kelias dienas) duoti apie 80% rekomenduojamos dienos normos. V\u0117liau koreguoti kiek\u012f pagal kat\u0117s svor\u012f, kaip nurodyta ant pakuot\u0117s. Dienos norma \u2014 orientacin\u0117; tikrieji poreikiai priklauso nuo am\u017eiaus, aktyvumo ir aplinkos. Visada turi b\u016bti \u0161vie\u017eio geriamojo vandens. Laikyti v\u0117sioje, sausoje ir tamsioje vietoje.<\/p>\n","protected":false},"featured_media":49894,"template":"","meta":[],"product_brand":[],"product_cat":[528],"product_tag":[],"class_list":{"0":"post-47565","1":"product","2":"type-product","3":"status-publish","4":"has-post-thumbnail","6":"product_cat-sausas-maistas","8":"first","9":"instock","10":"taxable","11":"shipping-taxable","12":"purchasable","13":"product-type-simple"},"yoast_head":"<!-- This site is optimized with the Yoast SEO plugin v27.4 - https:\/\/yoast.com\/product\/yoast-seo-wordpress\/ -->\n<title>Ibero Grainfree Adult su vi\u0161tiena kat\u0117ms, 10 kg - MiuMjau<\/title>\n<meta name=\"robots\" content=\"index, follow, max-snippet:-1, max-image-preview:large, max-video-preview:-1\" \/>\n<link rel=\"canonical\" href=\"https:\/\/miumjau.ee\/lt\/produktas\/ibero-grainfree-adult-su-vistiena-katems-10-kg\/\" \/>\n<meta property=\"og:locale\" content=\"lt_LT\" \/>\n<meta property=\"og:type\" content=\"article\" \/>\n<meta property=\"og:title\" content=\"Ibero Grainfree Adult su vi\u0161tiena kat\u0117ms, 10 kg - MiuMjau\" \/>\n<meta property=\"og:description\" content=\"Ibero Grain-free Cat Adult Chicken \u2014 visavertis, be gr\u016bd\u0173 sausas maistas suaugusioms kat\u0117ms. Tai maistas, kuriuo galite pasitik\u0117ti \u2014 jis kasdien palaiko j\u016bs\u0173 kat\u0117s energij\u0105, vir\u0161kinim\u0105 ir kailio b\u016bkl\u0119. SUD\u0116TIS: Dehidratuota vi\u0161tiena 38%, sald\u017eiosios bulv\u0117s, d\u017eiovintos bulv\u0117s, vi\u0161tienos riebalai 11%, vi\u0161tienos kepenys 5%, d\u017eiovinta moli\u016bg\u0173 mas\u0117, dehidratuotos vi\u0161tienos kepenys 2%, d\u017eiovintos morkos 1,2%, lin\u0173 s\u0117menys, cikorij\u0173 ekstraktas, gyslo\u010dio s\u0117kl\u0173 luobel\u0117s (psiliumas) 0,3%, beta-gliukanai, taurinas, vitamin\u0173 ir mineral\u0173 mi\u0161inys. ANALITIN\u0116 SUD\u0116TIS: \u017dali baltymai 34%, \u017eali riebalai 12%, \u017ealios skaidulos 3,2%, \u017eali pelenai 8,5%, kalcis 1,1%, fosforas 0,85%, natris 0,15%, dr\u0117gm\u0117 10%. PRIEDAI (kg): Vitaminas A 20 000 TV, vitaminas D3 2 000 TV, vitaminas E 200 mg, vitaminas B1 6 mg, vitaminas B2 10 mg, vitaminas B6 8 mg, vitaminas B12 0,08 mg, vitaminas C 200 mg, niacinas 50 mg, pantoteno r\u016bg\u0161tis 20 mg, folio r\u016bg\u0161tis 0,8 mg, biotinas 0,5 mg, jodas 5 mg, selenas 0,44 mg, gele\u017eis 120 mg, varis 15 mg, cinkas 150 mg, manganas 15 mg, taurinas 5 000 mg, cholino chloridas 2 160 mg. Antioksidantai: tokoferoliais turtingi augalini\u0173 aliej\u0173 ekstraktai. Metabolizuojamoji energija: 3 610 kcal\/kg. NAUDOJIMO INSTRUKCIJA: Duoti saus\u0105. Pereinamuoju laikotarpiu (kelias dienas) duoti apie 80% rekomenduojamos dienos normos. V\u0117liau koreguoti kiek\u012f pagal kat\u0117s svor\u012f, kaip nurodyta ant pakuot\u0117s. Dienos norma \u2014 orientacin\u0117; tikrieji poreikiai priklauso nuo am\u017eiaus, aktyvumo ir aplinkos. Visada turi b\u016bti \u0161vie\u017eio geriamojo vandens. Laikyti v\u0117sioje, sausoje ir tamsioje vietoje.\" \/>\n<meta property=\"og:url\" content=\"https:\/\/miumjau.ee\/lt\/produktas\/ibero-grainfree-adult-su-vistiena-katems-10-kg\/\" \/>\n<meta property=\"og:site_name\" content=\"MiuMjau\" \/>\n<meta property=\"article:publisher\" content=\"https:\/\/www.facebook.com\/miumjaupood\/\" \/>\n<meta property=\"article:modified_time\" content=\"2026-01-07T18:46:41+00:00\" \/>\n<meta name=\"twitter:card\" content=\"summary_large_image\" \/>\n<script type=\"application\/ld+json\" class=\"yoast-schema-graph\">{\"@context\":\"https:\\\/\\\/schema.org\",\"@graph\":[{\"@type\":\"WebPage\",\"@id\":\"https:\\\/\\\/miumjau.ee\\\/lt\\\/produktas\\\/ibero-grainfree-adult-su-vistiena-katems-10-kg\\\/\",\"url\":\"https:\\\/\\\/miumjau.ee\\\/lt\\\/produktas\\\/ibero-grainfree-adult-su-vistiena-katems-10-kg\\\/\",\"name\":\"Ibero Grainfree Adult su vi\u0161tiena kat\u0117ms, 10 kg - MiuMjau\",\"isPartOf\":{\"@id\":\"https:\\\/\\\/miumjau.ee\\\/#website\"},\"primaryImageOfPage\":{\"@id\":\"https:\\\/\\\/miumjau.ee\\\/lt\\\/produktas\\\/ibero-grainfree-adult-su-vistiena-katems-10-kg\\\/#primaryimage\"},\"image\":{\"@id\":\"https:\\\/\\\/miumjau.ee\\\/lt\\\/produktas\\\/ibero-grainfree-adult-su-vistiena-katems-10-kg\\\/#primaryimage\"},\"thumbnailUrl\":\"https:\\\/\\\/miumjau.ee\\\/wp-content\\\/uploads\\\/2025\\\/12\\\/Ibero_GF_cat_CHICKEN_10kg.jpg\",\"datePublished\":\"2025-12-11T07:45:08+00:00\",\"dateModified\":\"2026-01-07T18:46:41+00:00\",\"breadcrumb\":{\"@id\":\"https:\\\/\\\/miumjau.ee\\\/lt\\\/produktas\\\/ibero-grainfree-adult-su-vistiena-katems-10-kg\\\/#breadcrumb\"},\"inLanguage\":\"lt-LT\",\"potentialAction\":[{\"@type\":\"ReadAction\",\"target\":[\"https:\\\/\\\/miumjau.ee\\\/lt\\\/produktas\\\/ibero-grainfree-adult-su-vistiena-katems-10-kg\\\/\"]}]},{\"@type\":\"ImageObject\",\"inLanguage\":\"lt-LT\",\"@id\":\"https:\\\/\\\/miumjau.ee\\\/lt\\\/produktas\\\/ibero-grainfree-adult-su-vistiena-katems-10-kg\\\/#primaryimage\",\"url\":\"https:\\\/\\\/miumjau.ee\\\/wp-content\\\/uploads\\\/2025\\\/12\\\/Ibero_GF_cat_CHICKEN_10kg.jpg\",\"contentUrl\":\"https:\\\/\\\/miumjau.ee\\\/wp-content\\\/uploads\\\/2025\\\/12\\\/Ibero_GF_cat_CHICKEN_10kg.jpg\",\"width\":600,\"height\":800,\"caption\":\"Ibero Grainfree Adult kassidele kanaga, 10kg\"},{\"@type\":\"BreadcrumbList\",\"@id\":\"https:\\\/\\\/miumjau.ee\\\/lt\\\/produktas\\\/ibero-grainfree-adult-su-vistiena-katems-10-kg\\\/#breadcrumb\",\"itemListElement\":[{\"@type\":\"ListItem\",\"position\":1,\"name\":\"Home\",\"item\":\"https:\\\/\\\/miumjau.ee\\\/lt\\\/\"},{\"@type\":\"ListItem\",\"position\":2,\"name\":\"Parduotuv\u0117\",\"item\":\"https:\\\/\\\/miumjau.ee\\\/lt\\\/parduotuve\\\/\"},{\"@type\":\"ListItem\",\"position\":3,\"name\":\"Ibero Grainfree Adult su vi\u0161tiena kat\u0117ms, 10 kg\"}]},{\"@type\":\"WebSite\",\"@id\":\"https:\\\/\\\/miumjau.ee\\\/#website\",\"url\":\"https:\\\/\\\/miumjau.ee\\\/\",\"name\":\"MiuMjau\",\"description\":\"Kraapimispuud kassidele\",\"publisher\":{\"@id\":\"https:\\\/\\\/miumjau.ee\\\/#organization\"},\"potentialAction\":[{\"@type\":\"SearchAction\",\"target\":{\"@type\":\"EntryPoint\",\"urlTemplate\":\"https:\\\/\\\/miumjau.ee\\\/?s={search_term_string}\"},\"query-input\":{\"@type\":\"PropertyValueSpecification\",\"valueRequired\":true,\"valueName\":\"search_term_string\"}}],\"inLanguage\":\"lt-LT\"},{\"@type\":\"Organization\",\"@id\":\"https:\\\/\\\/miumjau.ee\\\/#organization\",\"name\":\"MiuMjau O\u00dc\",\"url\":\"https:\\\/\\\/miumjau.ee\\\/\",\"logo\":{\"@type\":\"ImageObject\",\"inLanguage\":\"lt-LT\",\"@id\":\"https:\\\/\\\/miumjau.ee\\\/#\\\/schema\\\/logo\\\/image\\\/\",\"url\":\"https:\\\/\\\/miumjau.ee\\\/wp-content\\\/uploads\\\/2022\\\/04\\\/MiuMjau-logo-kollane.png\",\"contentUrl\":\"https:\\\/\\\/miumjau.ee\\\/wp-content\\\/uploads\\\/2022\\\/04\\\/MiuMjau-logo-kollane.png\",\"width\":219,\"height\":100,\"caption\":\"MiuMjau O\u00dc\"},\"image\":{\"@id\":\"https:\\\/\\\/miumjau.ee\\\/#\\\/schema\\\/logo\\\/image\\\/\"},\"sameAs\":[\"https:\\\/\\\/www.facebook.com\\\/miumjaupood\\\/\"]}]}<\/script>\n<!-- \/ Yoast SEO plugin. -->","yoast_head_json":{"title":"Ibero Grainfree Adult su vi\u0161tiena kat\u0117ms, 10 kg - MiuMjau","robots":{"index":"index","follow":"follow","max-snippet":"max-snippet:-1","max-image-preview":"max-image-preview:large","max-video-preview":"max-video-preview:-1"},"canonical":"https:\/\/miumjau.ee\/lt\/produktas\/ibero-grainfree-adult-su-vistiena-katems-10-kg\/","og_locale":"lt_LT","og_type":"article","og_title":"Ibero Grainfree Adult su vi\u0161tiena kat\u0117ms, 10 kg - MiuMjau","og_description":"Ibero Grain-free Cat Adult Chicken \u2014 visavertis, be gr\u016bd\u0173 sausas maistas suaugusioms kat\u0117ms. Tai maistas, kuriuo galite pasitik\u0117ti \u2014 jis kasdien palaiko j\u016bs\u0173 kat\u0117s energij\u0105, vir\u0161kinim\u0105 ir kailio b\u016bkl\u0119. SUD\u0116TIS: Dehidratuota vi\u0161tiena 38%, sald\u017eiosios bulv\u0117s, d\u017eiovintos bulv\u0117s, vi\u0161tienos riebalai 11%, vi\u0161tienos kepenys 5%, d\u017eiovinta moli\u016bg\u0173 mas\u0117, dehidratuotos vi\u0161tienos kepenys 2%, d\u017eiovintos morkos 1,2%, lin\u0173 s\u0117menys, cikorij\u0173 ekstraktas, gyslo\u010dio s\u0117kl\u0173 luobel\u0117s (psiliumas) 0,3%, beta-gliukanai, taurinas, vitamin\u0173 ir mineral\u0173 mi\u0161inys. ANALITIN\u0116 SUD\u0116TIS: \u017dali baltymai 34%, \u017eali riebalai 12%, \u017ealios skaidulos 3,2%, \u017eali pelenai 8,5%, kalcis 1,1%, fosforas 0,85%, natris 0,15%, dr\u0117gm\u0117 10%. PRIEDAI (kg): Vitaminas A 20 000 TV, vitaminas D3 2 000 TV, vitaminas E 200 mg, vitaminas B1 6 mg, vitaminas B2 10 mg, vitaminas B6 8 mg, vitaminas B12 0,08 mg, vitaminas C 200 mg, niacinas 50 mg, pantoteno r\u016bg\u0161tis 20 mg, folio r\u016bg\u0161tis 0,8 mg, biotinas 0,5 mg, jodas 5 mg, selenas 0,44 mg, gele\u017eis 120 mg, varis 15 mg, cinkas 150 mg, manganas 15 mg, taurinas 5 000 mg, cholino chloridas 2 160 mg. Antioksidantai: tokoferoliais turtingi augalini\u0173 aliej\u0173 ekstraktai. Metabolizuojamoji energija: 3 610 kcal\/kg. NAUDOJIMO INSTRUKCIJA: Duoti saus\u0105. Pereinamuoju laikotarpiu (kelias dienas) duoti apie 80% rekomenduojamos dienos normos. V\u0117liau koreguoti kiek\u012f pagal kat\u0117s svor\u012f, kaip nurodyta ant pakuot\u0117s. Dienos norma \u2014 orientacin\u0117; tikrieji poreikiai priklauso nuo am\u017eiaus, aktyvumo ir aplinkos. Visada turi b\u016bti \u0161vie\u017eio geriamojo vandens. Laikyti v\u0117sioje, sausoje ir tamsioje vietoje.","og_url":"https:\/\/miumjau.ee\/lt\/produktas\/ibero-grainfree-adult-su-vistiena-katems-10-kg\/","og_site_name":"MiuMjau","article_publisher":"https:\/\/www.facebook.com\/miumjaupood\/","article_modified_time":"2026-01-07T18:46:41+00:00","twitter_card":"summary_large_image","schema":{"@context":"https:\/\/schema.org","@graph":[{"@type":"WebPage","@id":"https:\/\/miumjau.ee\/lt\/produktas\/ibero-grainfree-adult-su-vistiena-katems-10-kg\/","url":"https:\/\/miumjau.ee\/lt\/produktas\/ibero-grainfree-adult-su-vistiena-katems-10-kg\/","name":"Ibero Grainfree Adult su vi\u0161tiena kat\u0117ms, 10 kg - MiuMjau","isPartOf":{"@id":"https:\/\/miumjau.ee\/#website"},"primaryImageOfPage":{"@id":"https:\/\/miumjau.ee\/lt\/produktas\/ibero-grainfree-adult-su-vistiena-katems-10-kg\/#primaryimage"},"image":{"@id":"https:\/\/miumjau.ee\/lt\/produktas\/ibero-grainfree-adult-su-vistiena-katems-10-kg\/#primaryimage"},"thumbnailUrl":"https:\/\/miumjau.ee\/wp-content\/uploads\/2025\/12\/Ibero_GF_cat_CHICKEN_10kg.jpg","datePublished":"2025-12-11T07:45:08+00:00","dateModified":"2026-01-07T18:46:41+00:00","breadcrumb":{"@id":"https:\/\/miumjau.ee\/lt\/produktas\/ibero-grainfree-adult-su-vistiena-katems-10-kg\/#breadcrumb"},"inLanguage":"lt-LT","potentialAction":[{"@type":"ReadAction","target":["https:\/\/miumjau.ee\/lt\/produktas\/ibero-grainfree-adult-su-vistiena-katems-10-kg\/"]}]},{"@type":"ImageObject","inLanguage":"lt-LT","@id":"https:\/\/miumjau.ee\/lt\/produktas\/ibero-grainfree-adult-su-vistiena-katems-10-kg\/#primaryimage","url":"https:\/\/miumjau.ee\/wp-content\/uploads\/2025\/12\/Ibero_GF_cat_CHICKEN_10kg.jpg","contentUrl":"https:\/\/miumjau.ee\/wp-content\/uploads\/2025\/12\/Ibero_GF_cat_CHICKEN_10kg.jpg","width":600,"height":800,"caption":"Ibero Grainfree Adult kassidele kanaga, 10kg"},{"@type":"BreadcrumbList","@id":"https:\/\/miumjau.ee\/lt\/produktas\/ibero-grainfree-adult-su-vistiena-katems-10-kg\/#breadcrumb","itemListElement":[{"@type":"ListItem","position":1,"name":"Home","item":"https:\/\/miumjau.ee\/lt\/"},{"@type":"ListItem","position":2,"name":"Parduotuv\u0117","item":"https:\/\/miumjau.ee\/lt\/parduotuve\/"},{"@type":"ListItem","position":3,"name":"Ibero Grainfree Adult su vi\u0161tiena kat\u0117ms, 10 kg"}]},{"@type":"WebSite","@id":"https:\/\/miumjau.ee\/#website","url":"https:\/\/miumjau.ee\/","name":"MiuMjau","description":"Kraapimispuud kassidele","publisher":{"@id":"https:\/\/miumjau.ee\/#organization"},"potentialAction":[{"@type":"SearchAction","target":{"@type":"EntryPoint","urlTemplate":"https:\/\/miumjau.ee\/?s={search_term_string}"},"query-input":{"@type":"PropertyValueSpecification","valueRequired":true,"valueName":"search_term_string"}}],"inLanguage":"lt-LT"},{"@type":"Organization","@id":"https:\/\/miumjau.ee\/#organization","name":"MiuMjau O\u00dc","url":"https:\/\/miumjau.ee\/","logo":{"@type":"ImageObject","inLanguage":"lt-LT","@id":"https:\/\/miumjau.ee\/#\/schema\/logo\/image\/","url":"https:\/\/miumjau.ee\/wp-content\/uploads\/2022\/04\/MiuMjau-logo-kollane.png","contentUrl":"https:\/\/miumjau.ee\/wp-content\/uploads\/2022\/04\/MiuMjau-logo-kollane.png","width":219,"height":100,"caption":"MiuMjau O\u00dc"},"image":{"@id":"https:\/\/miumjau.ee\/#\/schema\/logo\/image\/"},"sameAs":["https:\/\/www.facebook.com\/miumjaupood\/"]}]}},"_links":{"self":[{"href":"https:\/\/miumjau.ee\/lt\/wp-json\/wp\/v2\/product\/47565","targetHints":{"allow":["GET"]}}],"collection":[{"href":"https:\/\/miumjau.ee\/lt\/wp-json\/wp\/v2\/product"}],"about":[{"href":"https:\/\/miumjau.ee\/lt\/wp-json\/wp\/v2\/types\/product"}],"wp:featuredmedia":[{"embeddable":true,"href":"https:\/\/miumjau.ee\/lt\/wp-json\/wp\/v2\/media\/49894"}],"wp:attachment":[{"href":"https:\/\/miumjau.ee\/lt\/wp-json\/wp\/v2\/media?parent=47565"}],"wp:term":[{"taxonomy":"product_brand","embeddable":true,"href":"https:\/\/miumjau.ee\/lt\/wp-json\/wp\/v2\/product_brand?post=47565"},{"taxonomy":"product_cat","embeddable":true,"href":"https:\/\/miumjau.ee\/lt\/wp-json\/wp\/v2\/product_cat?post=47565"},{"taxonomy":"product_tag","embeddable":true,"href":"https:\/\/miumjau.ee\/lt\/wp-json\/wp\/v2\/product_tag?post=47565"}],"curies":[{"name":"wp","href":"https:\/\/api.w.org\/{rel}","templated":true}]}}