{"id":47559,"date":"2025-12-11T09:47:21","date_gmt":"2025-12-11T07:47:21","guid":{"rendered":"https:\/\/miumjau.ee\/toode\/ibero-grainfree-adult-su-kalakutiena-katems-10-kg\/"},"modified":"2026-01-07T20:46:41","modified_gmt":"2026-01-07T18:46:41","slug":"ibero-grainfree-adult-su-kalakutiena-katems-10-kg","status":"publish","type":"product","link":"https:\/\/miumjau.ee\/lt\/produktas\/ibero-grainfree-adult-su-kalakutiena-katems-10-kg\/","title":{"rendered":"Ibero Grainfree Adult su kalakutiena kat\u0117ms, 10 kg"},"content":{"rendered":"","protected":false},"excerpt":{"rendered":"<p data-start=\"7464\" data-end=\"7844\">Ibero Grain-free Adult Turkey \u2013 visavertis, be gr\u016bd\u0173 sausas pa\u0161aras vis\u0173 veisli\u0173 suaugusioms kat\u0117ms. Tai idealus pasirinkimas, jei norite savo katei suteikti nat\u016bral\u0173, skan\u0173 ir auk\u0161tos kokyb\u0117s maist\u0105 \u2014 b\u016btent tai, ko jos organizmui ir energijai reikia kasdien. \u0160vari sud\u0117tis ir didelis kalakutienos kiekis nat\u016braliai palaiko kat\u0117s sveikat\u0105 ir leid\u017eia m\u0117gautis kiekvienu maitinimu.<\/p>\n<p data-start=\"7846\" data-end=\"8156\"><strong data-start=\"7846\" data-end=\"7858\">SUD\u0116TIS:<\/strong> Dehidratuota kalakutiena 40%, sald\u017eiosios bulv\u0117s, d\u017eiovintos bulv\u0117s, kalakutienos riebalai 13%, vi\u0161tienos kepenys 5%, d\u017eiovintas moli\u016bgas, dehidratuotos vi\u0161tienos kepenys 2%, d\u017eiovintos morkos 1,2%, lin\u0173 s\u0117menys, cikorij\u0173 ekstraktas, psilis, beta-gliukanai, taurinas, vitamin\u0173 ir mineral\u0173 mi\u0161inys.<\/p>\n<p data-start=\"8158\" data-end=\"8319\"><strong data-start=\"8158\" data-end=\"8184\">ANALITINIAI RODIKLIAI:<\/strong> \u017dali baltymai 34%, \u017eali riebalai 15%, \u017ealios skaidulos 3,2%, \u017eali pelenai 8,5%, kalcis 1,1%, fosforas 0,85%, natris 0,15%, dr\u0117gm\u0117 10%.<\/p>\n<p data-start=\"8321\" data-end=\"8795\"><strong data-start=\"8321\" data-end=\"8340\">PRIEDAI (1 kg):<\/strong> Vitaminas A 20 000 TV, vitaminas D3 2 000 TV, vitaminas E 200 mg, vitaminas B1 6 mg, vitaminas B2 10 mg, vitaminas B6 8 mg, vitaminas B12 0,08 mg, vitaminas C 200 mg, niacinas 50 mg, pantoteno r\u016bg\u0161tis 20 mg, folio r\u016bg\u0161tis 0,8 mg, biotinas 0,5 mg, jodas 5 mg, selenas 0,44 mg, gele\u017eis 120 mg, varis 15 mg, cinkas 150 mg, manganas 15 mg, taurinas 5 000 mg, cholino chloridas 2 160 mg. Antioksidantai: augalini\u0173 aliej\u0173 ekstraktai, turintys daug tokoferoli\u0173.<\/p>\n<p data-start=\"8797\" data-end=\"8843\"><strong data-start=\"8797\" data-end=\"8828\">Metabolizuojamoji energija:<\/strong> 3 820 kcal\/kg.<\/p>\n<p data-start=\"8845\" data-end=\"9298\"><strong data-start=\"8845\" data-end=\"8871\">NAUDOJIMO INSTRUKCIJA:<\/strong> Patiekti saus\u0105. Pradiniu pereinamuoju laikotarpiu (kelias dienas) duoti apie 80% rekomenduojamos dienos normos. V\u0117liau kiek\u012f koreguoti pagal kat\u0117s svor\u012f, vadovaujantis ant pakuot\u0117s pateikta \u0161\u0117rimo lentele. Dienos norma yra orientacin\u0117; tikrasis poreikis priklauso nuo kat\u0117s am\u017eiaus, aktyvumo ir aplinkos s\u0105lyg\u0173. Visada u\u017etikrinkite nuolatin\u0119 prieig\u0105 prie \u0161vie\u017eio ir \u0161varaus vandens. Laikyti v\u0117sioje, sausoje, tamsioje vietoje.<\/p>\n","protected":false},"featured_media":49906,"template":"","meta":[],"product_brand":[],"product_cat":[528],"product_tag":[],"class_list":{"0":"post-47559","1":"product","2":"type-product","3":"status-publish","4":"has-post-thumbnail","6":"product_cat-sausas-maistas","8":"first","9":"instock","10":"sale","11":"taxable","12":"shipping-taxable","13":"purchasable","14":"product-type-simple"},"yoast_head":"<!-- This site is optimized with the Yoast SEO plugin v27.4 - https:\/\/yoast.com\/product\/yoast-seo-wordpress\/ -->\n<title>Ibero Grainfree Adult su kalakutiena kat\u0117ms, 10 kg - MiuMjau<\/title>\n<meta name=\"robots\" content=\"index, follow, max-snippet:-1, max-image-preview:large, max-video-preview:-1\" \/>\n<link rel=\"canonical\" href=\"https:\/\/miumjau.ee\/lt\/produktas\/ibero-grainfree-adult-su-kalakutiena-katems-10-kg\/\" \/>\n<meta property=\"og:locale\" content=\"lt_LT\" \/>\n<meta property=\"og:type\" content=\"article\" \/>\n<meta property=\"og:title\" content=\"Ibero Grainfree Adult su kalakutiena kat\u0117ms, 10 kg - MiuMjau\" \/>\n<meta property=\"og:description\" content=\"Ibero Grain-free Adult Turkey \u2013 visavertis, be gr\u016bd\u0173 sausas pa\u0161aras vis\u0173 veisli\u0173 suaugusioms kat\u0117ms. Tai idealus pasirinkimas, jei norite savo katei suteikti nat\u016bral\u0173, skan\u0173 ir auk\u0161tos kokyb\u0117s maist\u0105 \u2014 b\u016btent tai, ko jos organizmui ir energijai reikia kasdien. \u0160vari sud\u0117tis ir didelis kalakutienos kiekis nat\u016braliai palaiko kat\u0117s sveikat\u0105 ir leid\u017eia m\u0117gautis kiekvienu maitinimu. SUD\u0116TIS: Dehidratuota kalakutiena 40%, sald\u017eiosios bulv\u0117s, d\u017eiovintos bulv\u0117s, kalakutienos riebalai 13%, vi\u0161tienos kepenys 5%, d\u017eiovintas moli\u016bgas, dehidratuotos vi\u0161tienos kepenys 2%, d\u017eiovintos morkos 1,2%, lin\u0173 s\u0117menys, cikorij\u0173 ekstraktas, psilis, beta-gliukanai, taurinas, vitamin\u0173 ir mineral\u0173 mi\u0161inys. ANALITINIAI RODIKLIAI: \u017dali baltymai 34%, \u017eali riebalai 15%, \u017ealios skaidulos 3,2%, \u017eali pelenai 8,5%, kalcis 1,1%, fosforas 0,85%, natris 0,15%, dr\u0117gm\u0117 10%. PRIEDAI (1 kg): Vitaminas A 20 000 TV, vitaminas D3 2 000 TV, vitaminas E 200 mg, vitaminas B1 6 mg, vitaminas B2 10 mg, vitaminas B6 8 mg, vitaminas B12 0,08 mg, vitaminas C 200 mg, niacinas 50 mg, pantoteno r\u016bg\u0161tis 20 mg, folio r\u016bg\u0161tis 0,8 mg, biotinas 0,5 mg, jodas 5 mg, selenas 0,44 mg, gele\u017eis 120 mg, varis 15 mg, cinkas 150 mg, manganas 15 mg, taurinas 5 000 mg, cholino chloridas 2 160 mg. Antioksidantai: augalini\u0173 aliej\u0173 ekstraktai, turintys daug tokoferoli\u0173. Metabolizuojamoji energija: 3 820 kcal\/kg. NAUDOJIMO INSTRUKCIJA: Patiekti saus\u0105. Pradiniu pereinamuoju laikotarpiu (kelias dienas) duoti apie 80% rekomenduojamos dienos normos. V\u0117liau kiek\u012f koreguoti pagal kat\u0117s svor\u012f, vadovaujantis ant pakuot\u0117s pateikta \u0161\u0117rimo lentele. Dienos norma yra orientacin\u0117; tikrasis poreikis priklauso nuo kat\u0117s am\u017eiaus, aktyvumo ir aplinkos s\u0105lyg\u0173. Visada u\u017etikrinkite nuolatin\u0119 prieig\u0105 prie \u0161vie\u017eio ir \u0161varaus vandens. Laikyti v\u0117sioje, sausoje, tamsioje vietoje.\" \/>\n<meta property=\"og:url\" content=\"https:\/\/miumjau.ee\/lt\/produktas\/ibero-grainfree-adult-su-kalakutiena-katems-10-kg\/\" \/>\n<meta property=\"og:site_name\" content=\"MiuMjau\" \/>\n<meta property=\"article:publisher\" content=\"https:\/\/www.facebook.com\/miumjaupood\/\" \/>\n<meta property=\"article:modified_time\" content=\"2026-01-07T18:46:41+00:00\" \/>\n<meta name=\"twitter:card\" content=\"summary_large_image\" \/>\n<script type=\"application\/ld+json\" class=\"yoast-schema-graph\">{\"@context\":\"https:\\\/\\\/schema.org\",\"@graph\":[{\"@type\":\"WebPage\",\"@id\":\"https:\\\/\\\/miumjau.ee\\\/lt\\\/produktas\\\/ibero-grainfree-adult-su-kalakutiena-katems-10-kg\\\/\",\"url\":\"https:\\\/\\\/miumjau.ee\\\/lt\\\/produktas\\\/ibero-grainfree-adult-su-kalakutiena-katems-10-kg\\\/\",\"name\":\"Ibero Grainfree Adult su kalakutiena kat\u0117ms, 10 kg - MiuMjau\",\"isPartOf\":{\"@id\":\"https:\\\/\\\/miumjau.ee\\\/#website\"},\"primaryImageOfPage\":{\"@id\":\"https:\\\/\\\/miumjau.ee\\\/lt\\\/produktas\\\/ibero-grainfree-adult-su-kalakutiena-katems-10-kg\\\/#primaryimage\"},\"image\":{\"@id\":\"https:\\\/\\\/miumjau.ee\\\/lt\\\/produktas\\\/ibero-grainfree-adult-su-kalakutiena-katems-10-kg\\\/#primaryimage\"},\"thumbnailUrl\":\"https:\\\/\\\/miumjau.ee\\\/wp-content\\\/uploads\\\/2025\\\/12\\\/Ibero_GF_cat_TURKEY_10kg.jpg\",\"datePublished\":\"2025-12-11T07:47:21+00:00\",\"dateModified\":\"2026-01-07T18:46:41+00:00\",\"breadcrumb\":{\"@id\":\"https:\\\/\\\/miumjau.ee\\\/lt\\\/produktas\\\/ibero-grainfree-adult-su-kalakutiena-katems-10-kg\\\/#breadcrumb\"},\"inLanguage\":\"lt-LT\",\"potentialAction\":[{\"@type\":\"ReadAction\",\"target\":[\"https:\\\/\\\/miumjau.ee\\\/lt\\\/produktas\\\/ibero-grainfree-adult-su-kalakutiena-katems-10-kg\\\/\"]}]},{\"@type\":\"ImageObject\",\"inLanguage\":\"lt-LT\",\"@id\":\"https:\\\/\\\/miumjau.ee\\\/lt\\\/produktas\\\/ibero-grainfree-adult-su-kalakutiena-katems-10-kg\\\/#primaryimage\",\"url\":\"https:\\\/\\\/miumjau.ee\\\/wp-content\\\/uploads\\\/2025\\\/12\\\/Ibero_GF_cat_TURKEY_10kg.jpg\",\"contentUrl\":\"https:\\\/\\\/miumjau.ee\\\/wp-content\\\/uploads\\\/2025\\\/12\\\/Ibero_GF_cat_TURKEY_10kg.jpg\",\"width\":600,\"height\":800,\"caption\":\"Ibero Grainfree Adult kassidele kalkuniga, 10kg\"},{\"@type\":\"BreadcrumbList\",\"@id\":\"https:\\\/\\\/miumjau.ee\\\/lt\\\/produktas\\\/ibero-grainfree-adult-su-kalakutiena-katems-10-kg\\\/#breadcrumb\",\"itemListElement\":[{\"@type\":\"ListItem\",\"position\":1,\"name\":\"Home\",\"item\":\"https:\\\/\\\/miumjau.ee\\\/lt\\\/\"},{\"@type\":\"ListItem\",\"position\":2,\"name\":\"Parduotuv\u0117\",\"item\":\"https:\\\/\\\/miumjau.ee\\\/lt\\\/parduotuve\\\/\"},{\"@type\":\"ListItem\",\"position\":3,\"name\":\"Ibero Grainfree Adult su kalakutiena kat\u0117ms, 10 kg\"}]},{\"@type\":\"WebSite\",\"@id\":\"https:\\\/\\\/miumjau.ee\\\/#website\",\"url\":\"https:\\\/\\\/miumjau.ee\\\/\",\"name\":\"MiuMjau\",\"description\":\"Kraapimispuud kassidele\",\"publisher\":{\"@id\":\"https:\\\/\\\/miumjau.ee\\\/#organization\"},\"potentialAction\":[{\"@type\":\"SearchAction\",\"target\":{\"@type\":\"EntryPoint\",\"urlTemplate\":\"https:\\\/\\\/miumjau.ee\\\/?s={search_term_string}\"},\"query-input\":{\"@type\":\"PropertyValueSpecification\",\"valueRequired\":true,\"valueName\":\"search_term_string\"}}],\"inLanguage\":\"lt-LT\"},{\"@type\":\"Organization\",\"@id\":\"https:\\\/\\\/miumjau.ee\\\/#organization\",\"name\":\"MiuMjau O\u00dc\",\"url\":\"https:\\\/\\\/miumjau.ee\\\/\",\"logo\":{\"@type\":\"ImageObject\",\"inLanguage\":\"lt-LT\",\"@id\":\"https:\\\/\\\/miumjau.ee\\\/#\\\/schema\\\/logo\\\/image\\\/\",\"url\":\"https:\\\/\\\/miumjau.ee\\\/wp-content\\\/uploads\\\/2022\\\/04\\\/MiuMjau-logo-kollane.png\",\"contentUrl\":\"https:\\\/\\\/miumjau.ee\\\/wp-content\\\/uploads\\\/2022\\\/04\\\/MiuMjau-logo-kollane.png\",\"width\":219,\"height\":100,\"caption\":\"MiuMjau O\u00dc\"},\"image\":{\"@id\":\"https:\\\/\\\/miumjau.ee\\\/#\\\/schema\\\/logo\\\/image\\\/\"},\"sameAs\":[\"https:\\\/\\\/www.facebook.com\\\/miumjaupood\\\/\"]}]}<\/script>\n<!-- \/ Yoast SEO plugin. -->","yoast_head_json":{"title":"Ibero Grainfree Adult su kalakutiena kat\u0117ms, 10 kg - MiuMjau","robots":{"index":"index","follow":"follow","max-snippet":"max-snippet:-1","max-image-preview":"max-image-preview:large","max-video-preview":"max-video-preview:-1"},"canonical":"https:\/\/miumjau.ee\/lt\/produktas\/ibero-grainfree-adult-su-kalakutiena-katems-10-kg\/","og_locale":"lt_LT","og_type":"article","og_title":"Ibero Grainfree Adult su kalakutiena kat\u0117ms, 10 kg - MiuMjau","og_description":"Ibero Grain-free Adult Turkey \u2013 visavertis, be gr\u016bd\u0173 sausas pa\u0161aras vis\u0173 veisli\u0173 suaugusioms kat\u0117ms. Tai idealus pasirinkimas, jei norite savo katei suteikti nat\u016bral\u0173, skan\u0173 ir auk\u0161tos kokyb\u0117s maist\u0105 \u2014 b\u016btent tai, ko jos organizmui ir energijai reikia kasdien. \u0160vari sud\u0117tis ir didelis kalakutienos kiekis nat\u016braliai palaiko kat\u0117s sveikat\u0105 ir leid\u017eia m\u0117gautis kiekvienu maitinimu. SUD\u0116TIS: Dehidratuota kalakutiena 40%, sald\u017eiosios bulv\u0117s, d\u017eiovintos bulv\u0117s, kalakutienos riebalai 13%, vi\u0161tienos kepenys 5%, d\u017eiovintas moli\u016bgas, dehidratuotos vi\u0161tienos kepenys 2%, d\u017eiovintos morkos 1,2%, lin\u0173 s\u0117menys, cikorij\u0173 ekstraktas, psilis, beta-gliukanai, taurinas, vitamin\u0173 ir mineral\u0173 mi\u0161inys. ANALITINIAI RODIKLIAI: \u017dali baltymai 34%, \u017eali riebalai 15%, \u017ealios skaidulos 3,2%, \u017eali pelenai 8,5%, kalcis 1,1%, fosforas 0,85%, natris 0,15%, dr\u0117gm\u0117 10%. PRIEDAI (1 kg): Vitaminas A 20 000 TV, vitaminas D3 2 000 TV, vitaminas E 200 mg, vitaminas B1 6 mg, vitaminas B2 10 mg, vitaminas B6 8 mg, vitaminas B12 0,08 mg, vitaminas C 200 mg, niacinas 50 mg, pantoteno r\u016bg\u0161tis 20 mg, folio r\u016bg\u0161tis 0,8 mg, biotinas 0,5 mg, jodas 5 mg, selenas 0,44 mg, gele\u017eis 120 mg, varis 15 mg, cinkas 150 mg, manganas 15 mg, taurinas 5 000 mg, cholino chloridas 2 160 mg. Antioksidantai: augalini\u0173 aliej\u0173 ekstraktai, turintys daug tokoferoli\u0173. Metabolizuojamoji energija: 3 820 kcal\/kg. NAUDOJIMO INSTRUKCIJA: Patiekti saus\u0105. Pradiniu pereinamuoju laikotarpiu (kelias dienas) duoti apie 80% rekomenduojamos dienos normos. V\u0117liau kiek\u012f koreguoti pagal kat\u0117s svor\u012f, vadovaujantis ant pakuot\u0117s pateikta \u0161\u0117rimo lentele. Dienos norma yra orientacin\u0117; tikrasis poreikis priklauso nuo kat\u0117s am\u017eiaus, aktyvumo ir aplinkos s\u0105lyg\u0173. Visada u\u017etikrinkite nuolatin\u0119 prieig\u0105 prie \u0161vie\u017eio ir \u0161varaus vandens. Laikyti v\u0117sioje, sausoje, tamsioje vietoje.","og_url":"https:\/\/miumjau.ee\/lt\/produktas\/ibero-grainfree-adult-su-kalakutiena-katems-10-kg\/","og_site_name":"MiuMjau","article_publisher":"https:\/\/www.facebook.com\/miumjaupood\/","article_modified_time":"2026-01-07T18:46:41+00:00","twitter_card":"summary_large_image","schema":{"@context":"https:\/\/schema.org","@graph":[{"@type":"WebPage","@id":"https:\/\/miumjau.ee\/lt\/produktas\/ibero-grainfree-adult-su-kalakutiena-katems-10-kg\/","url":"https:\/\/miumjau.ee\/lt\/produktas\/ibero-grainfree-adult-su-kalakutiena-katems-10-kg\/","name":"Ibero Grainfree Adult su kalakutiena kat\u0117ms, 10 kg - MiuMjau","isPartOf":{"@id":"https:\/\/miumjau.ee\/#website"},"primaryImageOfPage":{"@id":"https:\/\/miumjau.ee\/lt\/produktas\/ibero-grainfree-adult-su-kalakutiena-katems-10-kg\/#primaryimage"},"image":{"@id":"https:\/\/miumjau.ee\/lt\/produktas\/ibero-grainfree-adult-su-kalakutiena-katems-10-kg\/#primaryimage"},"thumbnailUrl":"https:\/\/miumjau.ee\/wp-content\/uploads\/2025\/12\/Ibero_GF_cat_TURKEY_10kg.jpg","datePublished":"2025-12-11T07:47:21+00:00","dateModified":"2026-01-07T18:46:41+00:00","breadcrumb":{"@id":"https:\/\/miumjau.ee\/lt\/produktas\/ibero-grainfree-adult-su-kalakutiena-katems-10-kg\/#breadcrumb"},"inLanguage":"lt-LT","potentialAction":[{"@type":"ReadAction","target":["https:\/\/miumjau.ee\/lt\/produktas\/ibero-grainfree-adult-su-kalakutiena-katems-10-kg\/"]}]},{"@type":"ImageObject","inLanguage":"lt-LT","@id":"https:\/\/miumjau.ee\/lt\/produktas\/ibero-grainfree-adult-su-kalakutiena-katems-10-kg\/#primaryimage","url":"https:\/\/miumjau.ee\/wp-content\/uploads\/2025\/12\/Ibero_GF_cat_TURKEY_10kg.jpg","contentUrl":"https:\/\/miumjau.ee\/wp-content\/uploads\/2025\/12\/Ibero_GF_cat_TURKEY_10kg.jpg","width":600,"height":800,"caption":"Ibero Grainfree Adult kassidele kalkuniga, 10kg"},{"@type":"BreadcrumbList","@id":"https:\/\/miumjau.ee\/lt\/produktas\/ibero-grainfree-adult-su-kalakutiena-katems-10-kg\/#breadcrumb","itemListElement":[{"@type":"ListItem","position":1,"name":"Home","item":"https:\/\/miumjau.ee\/lt\/"},{"@type":"ListItem","position":2,"name":"Parduotuv\u0117","item":"https:\/\/miumjau.ee\/lt\/parduotuve\/"},{"@type":"ListItem","position":3,"name":"Ibero Grainfree Adult su kalakutiena kat\u0117ms, 10 kg"}]},{"@type":"WebSite","@id":"https:\/\/miumjau.ee\/#website","url":"https:\/\/miumjau.ee\/","name":"MiuMjau","description":"Kraapimispuud kassidele","publisher":{"@id":"https:\/\/miumjau.ee\/#organization"},"potentialAction":[{"@type":"SearchAction","target":{"@type":"EntryPoint","urlTemplate":"https:\/\/miumjau.ee\/?s={search_term_string}"},"query-input":{"@type":"PropertyValueSpecification","valueRequired":true,"valueName":"search_term_string"}}],"inLanguage":"lt-LT"},{"@type":"Organization","@id":"https:\/\/miumjau.ee\/#organization","name":"MiuMjau O\u00dc","url":"https:\/\/miumjau.ee\/","logo":{"@type":"ImageObject","inLanguage":"lt-LT","@id":"https:\/\/miumjau.ee\/#\/schema\/logo\/image\/","url":"https:\/\/miumjau.ee\/wp-content\/uploads\/2022\/04\/MiuMjau-logo-kollane.png","contentUrl":"https:\/\/miumjau.ee\/wp-content\/uploads\/2022\/04\/MiuMjau-logo-kollane.png","width":219,"height":100,"caption":"MiuMjau O\u00dc"},"image":{"@id":"https:\/\/miumjau.ee\/#\/schema\/logo\/image\/"},"sameAs":["https:\/\/www.facebook.com\/miumjaupood\/"]}]}},"_links":{"self":[{"href":"https:\/\/miumjau.ee\/lt\/wp-json\/wp\/v2\/product\/47559","targetHints":{"allow":["GET"]}}],"collection":[{"href":"https:\/\/miumjau.ee\/lt\/wp-json\/wp\/v2\/product"}],"about":[{"href":"https:\/\/miumjau.ee\/lt\/wp-json\/wp\/v2\/types\/product"}],"wp:featuredmedia":[{"embeddable":true,"href":"https:\/\/miumjau.ee\/lt\/wp-json\/wp\/v2\/media\/49906"}],"wp:attachment":[{"href":"https:\/\/miumjau.ee\/lt\/wp-json\/wp\/v2\/media?parent=47559"}],"wp:term":[{"taxonomy":"product_brand","embeddable":true,"href":"https:\/\/miumjau.ee\/lt\/wp-json\/wp\/v2\/product_brand?post=47559"},{"taxonomy":"product_cat","embeddable":true,"href":"https:\/\/miumjau.ee\/lt\/wp-json\/wp\/v2\/product_cat?post=47559"},{"taxonomy":"product_tag","embeddable":true,"href":"https:\/\/miumjau.ee\/lt\/wp-json\/wp\/v2\/product_tag?post=47559"}],"curies":[{"name":"wp","href":"https:\/\/api.w.org\/{rel}","templated":true}]}}