{"id":47555,"date":"2025-12-11T09:49:05","date_gmt":"2025-12-11T07:49:05","guid":{"rendered":"https:\/\/miumjau.ee\/toode\/ibero-grainfree-kitten-su-vistiena-10-kg\/"},"modified":"2026-01-07T20:46:41","modified_gmt":"2026-01-07T18:46:41","slug":"ibero-grainfree-kitten-su-vistiena-10-kg","status":"publish","type":"product","link":"https:\/\/miumjau.ee\/lt\/produktas\/ibero-grainfree-kitten-su-vistiena-10-kg\/","title":{"rendered":"Ibero Grainfree Kitten su vi\u0161tiena, 10 kg"},"content":{"rendered":"","protected":false},"excerpt":{"rendered":"<p data-start=\"7455\" data-end=\"7828\">Ibero Grain-free Cat Kitten Chicken \u2013 visavertis, be gr\u016bd\u0173 sausas pa\u0161aras ka\u010diukams ir n\u0117\u0161\u010dioms ar \u017eindan\u010dioms kat\u0117ms. Ibero palaiko sveik\u0105 j\u016bs\u0173 ka\u010diuko augim\u0105 bei vystym\u0105si \u2014 b\u016btent tai, ko jam reikia spartaus augimo laikotarpiu. Pa\u0161aras yra maistingas, \u0161varios sud\u0117ties ir su dideliu m\u0117sos kiekiu, tod\u0117l galite b\u016bti tikri, kad j\u016bs\u0173 ma\u017eylis kasdien gauna geriausi\u0105 mityb\u0105.<\/p>\n<p data-start=\"7830\" data-end=\"8139\"><strong data-start=\"7830\" data-end=\"7842\">SUD\u0116TIS:<\/strong> Dehidratuota vi\u0161tiena 40%, sald\u017eiosios bulv\u0117s, d\u017eiovintos bulv\u0117s, vi\u0161tienos riebalai 13%, vi\u0161tienos kepenys 5%, d\u017eiovintas moli\u016bgas, dehidratuotos vi\u0161tienos kepenys 2%, d\u017eiovintos morkos 1,2%, lin\u0173 s\u0117menys, cikorij\u0173 ekstraktas, psilis 0,3%, beta-gliukanai, taurinas, vitamin\u0173 ir mineral\u0173 mi\u0161inys.<\/p>\n<p data-start=\"8141\" data-end=\"8779\"><strong data-start=\"8141\" data-end=\"8167\">ANALITINIAI RODIKLIAI:<\/strong> \u017dali baltymai 36%, \u017eali riebalai 16%, \u017ealios skaidulos 3,2%, \u017eali pelenai 8,8%, kalcis 1,1%, fosforas 0,85%, natris 0,15%, dr\u0117gm\u0117 10%.<br data-start=\"8302\" data-end=\"8305\" \/><strong data-start=\"8305\" data-end=\"8324\">PRIEDAI (1 kg):<\/strong> Vitaminas A 20 000 TV, vitaminas D3 2 000 TV, vitaminas E 200 mg, vitaminas B1 6 mg, vitaminas B2 10 mg, vitaminas B6 8 mg, vitaminas B12 0,08 mg, vitaminas C 200 mg, niacinas 50 mg, pantoteno r\u016bg\u0161tis 20 mg, folio r\u016bg\u0161tis 0,8 mg, biotinas 0,5 mg, jodas 5 mg, selenas 0,44 mg, gele\u017eis 120 mg, varis 15 mg, cinkas 150 mg, manganas 15 mg, taurinas 5 000 mg, cholino chloridas 2 160 mg. Antioksidantai: augalini\u0173 aliej\u0173 ekstraktai, turintys daug tokoferoli\u0173.<\/p>\n<p data-start=\"8781\" data-end=\"8827\"><strong data-start=\"8781\" data-end=\"8812\">Metabolizuojamoji energija:<\/strong> 4 100 kcal\/kg.<\/p>\n<p data-start=\"8829\" data-end=\"9287\"><strong data-start=\"8829\" data-end=\"8855\">NAUDOJIMO INSTRUKCIJA:<\/strong> Patiekti saus\u0105. Pradiniu pereinamuoju laikotarpiu (kelias dienas) duoti apie 80% rekomenduojamos dienos normos. V\u0117liau kiek\u012f reguliuoti pagal kat\u0117s svor\u012f, vadovaujantis ant pakuot\u0117s esan\u010dia \u0161\u0117rimo lentele. Rekomenduojama dienos norma yra orientacin\u0117; tikrasis poreikis priklauso nuo kat\u0117s am\u017eiaus, aktyvumo ir aplinkos s\u0105lyg\u0173. Visada u\u017etikrinkite prieig\u0105 prie \u0161vie\u017eio, \u0161varaus vandens. Laikyti v\u0117sioje, sausoje ir tamsioje vietoje.<\/p>\n","protected":false},"featured_media":49900,"template":"","meta":[],"product_brand":[],"product_cat":[528],"product_tag":[],"class_list":{"0":"post-47555","1":"product","2":"type-product","3":"status-publish","4":"has-post-thumbnail","6":"product_cat-sausas-maistas","8":"first","9":"instock","10":"taxable","11":"shipping-taxable","12":"purchasable","13":"product-type-simple"},"yoast_head":"<!-- This site is optimized with the Yoast SEO plugin v27.4 - https:\/\/yoast.com\/product\/yoast-seo-wordpress\/ -->\n<title>Ibero Grainfree Kitten su vi\u0161tiena, 10 kg - MiuMjau<\/title>\n<meta name=\"robots\" content=\"index, follow, max-snippet:-1, max-image-preview:large, max-video-preview:-1\" \/>\n<link rel=\"canonical\" href=\"https:\/\/miumjau.ee\/lt\/produktas\/ibero-grainfree-kitten-su-vistiena-10-kg\/\" \/>\n<meta property=\"og:locale\" content=\"lt_LT\" \/>\n<meta property=\"og:type\" content=\"article\" \/>\n<meta property=\"og:title\" content=\"Ibero Grainfree Kitten su vi\u0161tiena, 10 kg - MiuMjau\" \/>\n<meta property=\"og:description\" content=\"Ibero Grain-free Cat Kitten Chicken \u2013 visavertis, be gr\u016bd\u0173 sausas pa\u0161aras ka\u010diukams ir n\u0117\u0161\u010dioms ar \u017eindan\u010dioms kat\u0117ms. Ibero palaiko sveik\u0105 j\u016bs\u0173 ka\u010diuko augim\u0105 bei vystym\u0105si \u2014 b\u016btent tai, ko jam reikia spartaus augimo laikotarpiu. Pa\u0161aras yra maistingas, \u0161varios sud\u0117ties ir su dideliu m\u0117sos kiekiu, tod\u0117l galite b\u016bti tikri, kad j\u016bs\u0173 ma\u017eylis kasdien gauna geriausi\u0105 mityb\u0105. SUD\u0116TIS: Dehidratuota vi\u0161tiena 40%, sald\u017eiosios bulv\u0117s, d\u017eiovintos bulv\u0117s, vi\u0161tienos riebalai 13%, vi\u0161tienos kepenys 5%, d\u017eiovintas moli\u016bgas, dehidratuotos vi\u0161tienos kepenys 2%, d\u017eiovintos morkos 1,2%, lin\u0173 s\u0117menys, cikorij\u0173 ekstraktas, psilis 0,3%, beta-gliukanai, taurinas, vitamin\u0173 ir mineral\u0173 mi\u0161inys. ANALITINIAI RODIKLIAI: \u017dali baltymai 36%, \u017eali riebalai 16%, \u017ealios skaidulos 3,2%, \u017eali pelenai 8,8%, kalcis 1,1%, fosforas 0,85%, natris 0,15%, dr\u0117gm\u0117 10%.PRIEDAI (1 kg): Vitaminas A 20 000 TV, vitaminas D3 2 000 TV, vitaminas E 200 mg, vitaminas B1 6 mg, vitaminas B2 10 mg, vitaminas B6 8 mg, vitaminas B12 0,08 mg, vitaminas C 200 mg, niacinas 50 mg, pantoteno r\u016bg\u0161tis 20 mg, folio r\u016bg\u0161tis 0,8 mg, biotinas 0,5 mg, jodas 5 mg, selenas 0,44 mg, gele\u017eis 120 mg, varis 15 mg, cinkas 150 mg, manganas 15 mg, taurinas 5 000 mg, cholino chloridas 2 160 mg. Antioksidantai: augalini\u0173 aliej\u0173 ekstraktai, turintys daug tokoferoli\u0173. Metabolizuojamoji energija: 4 100 kcal\/kg. NAUDOJIMO INSTRUKCIJA: Patiekti saus\u0105. Pradiniu pereinamuoju laikotarpiu (kelias dienas) duoti apie 80% rekomenduojamos dienos normos. V\u0117liau kiek\u012f reguliuoti pagal kat\u0117s svor\u012f, vadovaujantis ant pakuot\u0117s esan\u010dia \u0161\u0117rimo lentele. Rekomenduojama dienos norma yra orientacin\u0117; tikrasis poreikis priklauso nuo kat\u0117s am\u017eiaus, aktyvumo ir aplinkos s\u0105lyg\u0173. Visada u\u017etikrinkite prieig\u0105 prie \u0161vie\u017eio, \u0161varaus vandens. Laikyti v\u0117sioje, sausoje ir tamsioje vietoje.\" \/>\n<meta property=\"og:url\" content=\"https:\/\/miumjau.ee\/lt\/produktas\/ibero-grainfree-kitten-su-vistiena-10-kg\/\" \/>\n<meta property=\"og:site_name\" content=\"MiuMjau\" \/>\n<meta property=\"article:publisher\" content=\"https:\/\/www.facebook.com\/miumjaupood\/\" \/>\n<meta property=\"article:modified_time\" content=\"2026-01-07T18:46:41+00:00\" \/>\n<meta name=\"twitter:card\" content=\"summary_large_image\" \/>\n<script type=\"application\/ld+json\" class=\"yoast-schema-graph\">{\"@context\":\"https:\\\/\\\/schema.org\",\"@graph\":[{\"@type\":\"WebPage\",\"@id\":\"https:\\\/\\\/miumjau.ee\\\/lt\\\/produktas\\\/ibero-grainfree-kitten-su-vistiena-10-kg\\\/\",\"url\":\"https:\\\/\\\/miumjau.ee\\\/lt\\\/produktas\\\/ibero-grainfree-kitten-su-vistiena-10-kg\\\/\",\"name\":\"Ibero Grainfree Kitten su vi\u0161tiena, 10 kg - MiuMjau\",\"isPartOf\":{\"@id\":\"https:\\\/\\\/miumjau.ee\\\/#website\"},\"primaryImageOfPage\":{\"@id\":\"https:\\\/\\\/miumjau.ee\\\/lt\\\/produktas\\\/ibero-grainfree-kitten-su-vistiena-10-kg\\\/#primaryimage\"},\"image\":{\"@id\":\"https:\\\/\\\/miumjau.ee\\\/lt\\\/produktas\\\/ibero-grainfree-kitten-su-vistiena-10-kg\\\/#primaryimage\"},\"thumbnailUrl\":\"https:\\\/\\\/miumjau.ee\\\/wp-content\\\/uploads\\\/2025\\\/12\\\/Ibero_GF_cat_KITTEN_10kg.jpg\",\"datePublished\":\"2025-12-11T07:49:05+00:00\",\"dateModified\":\"2026-01-07T18:46:41+00:00\",\"breadcrumb\":{\"@id\":\"https:\\\/\\\/miumjau.ee\\\/lt\\\/produktas\\\/ibero-grainfree-kitten-su-vistiena-10-kg\\\/#breadcrumb\"},\"inLanguage\":\"lt-LT\",\"potentialAction\":[{\"@type\":\"ReadAction\",\"target\":[\"https:\\\/\\\/miumjau.ee\\\/lt\\\/produktas\\\/ibero-grainfree-kitten-su-vistiena-10-kg\\\/\"]}]},{\"@type\":\"ImageObject\",\"inLanguage\":\"lt-LT\",\"@id\":\"https:\\\/\\\/miumjau.ee\\\/lt\\\/produktas\\\/ibero-grainfree-kitten-su-vistiena-10-kg\\\/#primaryimage\",\"url\":\"https:\\\/\\\/miumjau.ee\\\/wp-content\\\/uploads\\\/2025\\\/12\\\/Ibero_GF_cat_KITTEN_10kg.jpg\",\"contentUrl\":\"https:\\\/\\\/miumjau.ee\\\/wp-content\\\/uploads\\\/2025\\\/12\\\/Ibero_GF_cat_KITTEN_10kg.jpg\",\"width\":600,\"height\":800,\"caption\":\"Ibero Grainfree Kitten kassipoegadele kanaga, 10kg\"},{\"@type\":\"BreadcrumbList\",\"@id\":\"https:\\\/\\\/miumjau.ee\\\/lt\\\/produktas\\\/ibero-grainfree-kitten-su-vistiena-10-kg\\\/#breadcrumb\",\"itemListElement\":[{\"@type\":\"ListItem\",\"position\":1,\"name\":\"Home\",\"item\":\"https:\\\/\\\/miumjau.ee\\\/lt\\\/\"},{\"@type\":\"ListItem\",\"position\":2,\"name\":\"Parduotuv\u0117\",\"item\":\"https:\\\/\\\/miumjau.ee\\\/lt\\\/parduotuve\\\/\"},{\"@type\":\"ListItem\",\"position\":3,\"name\":\"Ibero Grainfree Kitten su vi\u0161tiena, 10 kg\"}]},{\"@type\":\"WebSite\",\"@id\":\"https:\\\/\\\/miumjau.ee\\\/#website\",\"url\":\"https:\\\/\\\/miumjau.ee\\\/\",\"name\":\"MiuMjau\",\"description\":\"Kraapimispuud kassidele\",\"publisher\":{\"@id\":\"https:\\\/\\\/miumjau.ee\\\/#organization\"},\"potentialAction\":[{\"@type\":\"SearchAction\",\"target\":{\"@type\":\"EntryPoint\",\"urlTemplate\":\"https:\\\/\\\/miumjau.ee\\\/?s={search_term_string}\"},\"query-input\":{\"@type\":\"PropertyValueSpecification\",\"valueRequired\":true,\"valueName\":\"search_term_string\"}}],\"inLanguage\":\"lt-LT\"},{\"@type\":\"Organization\",\"@id\":\"https:\\\/\\\/miumjau.ee\\\/#organization\",\"name\":\"MiuMjau O\u00dc\",\"url\":\"https:\\\/\\\/miumjau.ee\\\/\",\"logo\":{\"@type\":\"ImageObject\",\"inLanguage\":\"lt-LT\",\"@id\":\"https:\\\/\\\/miumjau.ee\\\/#\\\/schema\\\/logo\\\/image\\\/\",\"url\":\"https:\\\/\\\/miumjau.ee\\\/wp-content\\\/uploads\\\/2022\\\/04\\\/MiuMjau-logo-kollane.png\",\"contentUrl\":\"https:\\\/\\\/miumjau.ee\\\/wp-content\\\/uploads\\\/2022\\\/04\\\/MiuMjau-logo-kollane.png\",\"width\":219,\"height\":100,\"caption\":\"MiuMjau O\u00dc\"},\"image\":{\"@id\":\"https:\\\/\\\/miumjau.ee\\\/#\\\/schema\\\/logo\\\/image\\\/\"},\"sameAs\":[\"https:\\\/\\\/www.facebook.com\\\/miumjaupood\\\/\"]}]}<\/script>\n<!-- \/ Yoast SEO plugin. -->","yoast_head_json":{"title":"Ibero Grainfree Kitten su vi\u0161tiena, 10 kg - MiuMjau","robots":{"index":"index","follow":"follow","max-snippet":"max-snippet:-1","max-image-preview":"max-image-preview:large","max-video-preview":"max-video-preview:-1"},"canonical":"https:\/\/miumjau.ee\/lt\/produktas\/ibero-grainfree-kitten-su-vistiena-10-kg\/","og_locale":"lt_LT","og_type":"article","og_title":"Ibero Grainfree Kitten su vi\u0161tiena, 10 kg - MiuMjau","og_description":"Ibero Grain-free Cat Kitten Chicken \u2013 visavertis, be gr\u016bd\u0173 sausas pa\u0161aras ka\u010diukams ir n\u0117\u0161\u010dioms ar \u017eindan\u010dioms kat\u0117ms. Ibero palaiko sveik\u0105 j\u016bs\u0173 ka\u010diuko augim\u0105 bei vystym\u0105si \u2014 b\u016btent tai, ko jam reikia spartaus augimo laikotarpiu. Pa\u0161aras yra maistingas, \u0161varios sud\u0117ties ir su dideliu m\u0117sos kiekiu, tod\u0117l galite b\u016bti tikri, kad j\u016bs\u0173 ma\u017eylis kasdien gauna geriausi\u0105 mityb\u0105. SUD\u0116TIS: Dehidratuota vi\u0161tiena 40%, sald\u017eiosios bulv\u0117s, d\u017eiovintos bulv\u0117s, vi\u0161tienos riebalai 13%, vi\u0161tienos kepenys 5%, d\u017eiovintas moli\u016bgas, dehidratuotos vi\u0161tienos kepenys 2%, d\u017eiovintos morkos 1,2%, lin\u0173 s\u0117menys, cikorij\u0173 ekstraktas, psilis 0,3%, beta-gliukanai, taurinas, vitamin\u0173 ir mineral\u0173 mi\u0161inys. ANALITINIAI RODIKLIAI: \u017dali baltymai 36%, \u017eali riebalai 16%, \u017ealios skaidulos 3,2%, \u017eali pelenai 8,8%, kalcis 1,1%, fosforas 0,85%, natris 0,15%, dr\u0117gm\u0117 10%.PRIEDAI (1 kg): Vitaminas A 20 000 TV, vitaminas D3 2 000 TV, vitaminas E 200 mg, vitaminas B1 6 mg, vitaminas B2 10 mg, vitaminas B6 8 mg, vitaminas B12 0,08 mg, vitaminas C 200 mg, niacinas 50 mg, pantoteno r\u016bg\u0161tis 20 mg, folio r\u016bg\u0161tis 0,8 mg, biotinas 0,5 mg, jodas 5 mg, selenas 0,44 mg, gele\u017eis 120 mg, varis 15 mg, cinkas 150 mg, manganas 15 mg, taurinas 5 000 mg, cholino chloridas 2 160 mg. Antioksidantai: augalini\u0173 aliej\u0173 ekstraktai, turintys daug tokoferoli\u0173. Metabolizuojamoji energija: 4 100 kcal\/kg. NAUDOJIMO INSTRUKCIJA: Patiekti saus\u0105. Pradiniu pereinamuoju laikotarpiu (kelias dienas) duoti apie 80% rekomenduojamos dienos normos. V\u0117liau kiek\u012f reguliuoti pagal kat\u0117s svor\u012f, vadovaujantis ant pakuot\u0117s esan\u010dia \u0161\u0117rimo lentele. Rekomenduojama dienos norma yra orientacin\u0117; tikrasis poreikis priklauso nuo kat\u0117s am\u017eiaus, aktyvumo ir aplinkos s\u0105lyg\u0173. Visada u\u017etikrinkite prieig\u0105 prie \u0161vie\u017eio, \u0161varaus vandens. Laikyti v\u0117sioje, sausoje ir tamsioje vietoje.","og_url":"https:\/\/miumjau.ee\/lt\/produktas\/ibero-grainfree-kitten-su-vistiena-10-kg\/","og_site_name":"MiuMjau","article_publisher":"https:\/\/www.facebook.com\/miumjaupood\/","article_modified_time":"2026-01-07T18:46:41+00:00","twitter_card":"summary_large_image","schema":{"@context":"https:\/\/schema.org","@graph":[{"@type":"WebPage","@id":"https:\/\/miumjau.ee\/lt\/produktas\/ibero-grainfree-kitten-su-vistiena-10-kg\/","url":"https:\/\/miumjau.ee\/lt\/produktas\/ibero-grainfree-kitten-su-vistiena-10-kg\/","name":"Ibero Grainfree Kitten su vi\u0161tiena, 10 kg - MiuMjau","isPartOf":{"@id":"https:\/\/miumjau.ee\/#website"},"primaryImageOfPage":{"@id":"https:\/\/miumjau.ee\/lt\/produktas\/ibero-grainfree-kitten-su-vistiena-10-kg\/#primaryimage"},"image":{"@id":"https:\/\/miumjau.ee\/lt\/produktas\/ibero-grainfree-kitten-su-vistiena-10-kg\/#primaryimage"},"thumbnailUrl":"https:\/\/miumjau.ee\/wp-content\/uploads\/2025\/12\/Ibero_GF_cat_KITTEN_10kg.jpg","datePublished":"2025-12-11T07:49:05+00:00","dateModified":"2026-01-07T18:46:41+00:00","breadcrumb":{"@id":"https:\/\/miumjau.ee\/lt\/produktas\/ibero-grainfree-kitten-su-vistiena-10-kg\/#breadcrumb"},"inLanguage":"lt-LT","potentialAction":[{"@type":"ReadAction","target":["https:\/\/miumjau.ee\/lt\/produktas\/ibero-grainfree-kitten-su-vistiena-10-kg\/"]}]},{"@type":"ImageObject","inLanguage":"lt-LT","@id":"https:\/\/miumjau.ee\/lt\/produktas\/ibero-grainfree-kitten-su-vistiena-10-kg\/#primaryimage","url":"https:\/\/miumjau.ee\/wp-content\/uploads\/2025\/12\/Ibero_GF_cat_KITTEN_10kg.jpg","contentUrl":"https:\/\/miumjau.ee\/wp-content\/uploads\/2025\/12\/Ibero_GF_cat_KITTEN_10kg.jpg","width":600,"height":800,"caption":"Ibero Grainfree Kitten kassipoegadele kanaga, 10kg"},{"@type":"BreadcrumbList","@id":"https:\/\/miumjau.ee\/lt\/produktas\/ibero-grainfree-kitten-su-vistiena-10-kg\/#breadcrumb","itemListElement":[{"@type":"ListItem","position":1,"name":"Home","item":"https:\/\/miumjau.ee\/lt\/"},{"@type":"ListItem","position":2,"name":"Parduotuv\u0117","item":"https:\/\/miumjau.ee\/lt\/parduotuve\/"},{"@type":"ListItem","position":3,"name":"Ibero Grainfree Kitten su vi\u0161tiena, 10 kg"}]},{"@type":"WebSite","@id":"https:\/\/miumjau.ee\/#website","url":"https:\/\/miumjau.ee\/","name":"MiuMjau","description":"Kraapimispuud kassidele","publisher":{"@id":"https:\/\/miumjau.ee\/#organization"},"potentialAction":[{"@type":"SearchAction","target":{"@type":"EntryPoint","urlTemplate":"https:\/\/miumjau.ee\/?s={search_term_string}"},"query-input":{"@type":"PropertyValueSpecification","valueRequired":true,"valueName":"search_term_string"}}],"inLanguage":"lt-LT"},{"@type":"Organization","@id":"https:\/\/miumjau.ee\/#organization","name":"MiuMjau O\u00dc","url":"https:\/\/miumjau.ee\/","logo":{"@type":"ImageObject","inLanguage":"lt-LT","@id":"https:\/\/miumjau.ee\/#\/schema\/logo\/image\/","url":"https:\/\/miumjau.ee\/wp-content\/uploads\/2022\/04\/MiuMjau-logo-kollane.png","contentUrl":"https:\/\/miumjau.ee\/wp-content\/uploads\/2022\/04\/MiuMjau-logo-kollane.png","width":219,"height":100,"caption":"MiuMjau O\u00dc"},"image":{"@id":"https:\/\/miumjau.ee\/#\/schema\/logo\/image\/"},"sameAs":["https:\/\/www.facebook.com\/miumjaupood\/"]}]}},"_links":{"self":[{"href":"https:\/\/miumjau.ee\/lt\/wp-json\/wp\/v2\/product\/47555","targetHints":{"allow":["GET"]}}],"collection":[{"href":"https:\/\/miumjau.ee\/lt\/wp-json\/wp\/v2\/product"}],"about":[{"href":"https:\/\/miumjau.ee\/lt\/wp-json\/wp\/v2\/types\/product"}],"wp:featuredmedia":[{"embeddable":true,"href":"https:\/\/miumjau.ee\/lt\/wp-json\/wp\/v2\/media\/49900"}],"wp:attachment":[{"href":"https:\/\/miumjau.ee\/lt\/wp-json\/wp\/v2\/media?parent=47555"}],"wp:term":[{"taxonomy":"product_brand","embeddable":true,"href":"https:\/\/miumjau.ee\/lt\/wp-json\/wp\/v2\/product_brand?post=47555"},{"taxonomy":"product_cat","embeddable":true,"href":"https:\/\/miumjau.ee\/lt\/wp-json\/wp\/v2\/product_cat?post=47555"},{"taxonomy":"product_tag","embeddable":true,"href":"https:\/\/miumjau.ee\/lt\/wp-json\/wp\/v2\/product_tag?post=47555"}],"curies":[{"name":"wp","href":"https:\/\/api.w.org\/{rel}","templated":true}]}}