{"id":47309,"date":"2025-05-03T09:17:46","date_gmt":"2025-05-03T06:17:46","guid":{"rendered":"https:\/\/miumjau.ee\/toode\/ontario-vistienos-kalakutienos-ir-saltalankiu-pastetas-suaugusiems-katems-400-g\/"},"modified":"2026-01-07T20:46:41","modified_gmt":"2026-01-07T18:46:41","slug":"ontario-vistienos-kalakutienos-ir-saltalankiu-pastetas-suaugusiems-katems-400-g","status":"publish","type":"product","link":"https:\/\/miumjau.ee\/lt\/produktas\/ontario-vistienos-kalakutienos-ir-saltalankiu-pastetas-suaugusiems-katems-400-g\/","title":{"rendered":"Ontario vi\u0161tienos, kalakutienos ir \u0161altalanki\u0173 pa\u0161tetas suaugusiems kat\u0117ms 400 g"},"content":{"rendered":"","protected":false},"excerpt":{"rendered":"<p data-start=\"1583\" data-end=\"1709\">Sodrus vi\u0161tienos ir kalakutienos pa\u0161tetas su \u0161altalanki\u0173 prieskoniu. Visavertis pa\u0161aras suaugusioms kat\u0117ms nuo 1 met\u0173 am\u017eiaus.<\/p>\n<p data-start=\"1711\" data-end=\"1880\"><strong data-start=\"1711\" data-end=\"1723\">Sud\u0117tis:<\/strong> Sultinys 28,175%, kiauliena 26%, vi\u0161tiena 20,5%, kalakutiena 12,2%, jautiena 11,3%, mineralai 0,9%, la\u0161i\u0161\u0173 aliejus 0,5%, inulinas 0,4%, \u0161altalankiai 0,025%.<\/p>\n<p data-start=\"1882\" data-end=\"2001\"><strong data-start=\"1882\" data-end=\"1910\">Analitiniai komponentai:<\/strong> \u017dali baltymai 11%, \u017eali riebalai 6%, \u017eali pelenai 2,5%, \u017ealia l\u0105steliena 0,5%, dr\u0117gm\u0117 80%.<\/p>\n<p data-start=\"2003\" data-end=\"2288\"><strong data-start=\"2003\" data-end=\"2047\">Priedai \/ Maistiniai priedai kilogramui:<\/strong> Vitaminas D3 160 TV, vitaminas E 100 mg, cinkas (cinko sulfato monohidratas): 10 mg, manganas (mangano oksidas): 2 mg, varis (vario sulfato pentahidratas): 1,2 mg, jodas (bevandenis kalcio jodatas): 0,2 mg, taurinas 520 mg, biotinas 100 \u03bcg.<\/p>\n<p data-start=\"2290\" data-end=\"2924\"><strong data-start=\"2290\" data-end=\"2314\">\u0160\u0117rimo instrukcijos:<\/strong> Paros norma priklauso nuo kat\u0117s aktyvumo, am\u017eiaus, aplinkos ir veisl\u0117s. Vidutinio dyd\u017eio katei (3\u20135 kg) reikia 220\u2013310 g pa\u0161aro per dien\u0105, geriausia padalinti \u012f du maitinimus. I\u0161 prad\u017ei\u0173 \u0161erkite nurodytu kiekiu ir v\u0117liau palaipsniui koreguokite, kad kat\u0117 i\u0161likt\u0173 geros kondicijos. Patiekti kambario temperat\u016bros. Neatidaryt\u0105 pakuot\u0119 laikyti v\u0117sioje, sausoje vietoje, atokiai nuo tiesiogini\u0173 saul\u0117s spinduli\u0173. Atidarius laikyti \u0161aldytuve ir suvartoti per 2 dienas. Neskirta \u017emoni\u0173 maistui. U\u017etikrinti nuolatin\u0119 prieig\u0105 prie \u0161vie\u017eio geriamojo vandens. Geriausias iki \/ partijos numeris: \u017er. ant skardin\u0117s dugno.<\/p>\n","protected":false},"featured_media":47301,"template":"","meta":[],"product_brand":[],"product_cat":[526],"product_tag":[],"class_list":{"0":"post-47309","1":"product","2":"type-product","3":"status-publish","4":"has-post-thumbnail","6":"product_cat-slapias-maistas","8":"first","9":"instock","10":"taxable","11":"shipping-taxable","12":"purchasable","13":"product-type-simple"},"yoast_head":"<!-- This site is optimized with the Yoast SEO plugin v27.4 - https:\/\/yoast.com\/product\/yoast-seo-wordpress\/ -->\n<title>Ontario vi\u0161tienos, kalakutienos ir \u0161altalanki\u0173 pa\u0161tetas suaugusiems kat\u0117ms 400 g - MiuMjau<\/title>\n<meta name=\"robots\" content=\"index, follow, max-snippet:-1, max-image-preview:large, max-video-preview:-1\" \/>\n<link rel=\"canonical\" href=\"https:\/\/miumjau.ee\/lt\/produktas\/ontario-vistienos-kalakutienos-ir-saltalankiu-pastetas-suaugusiems-katems-400-g\/\" \/>\n<meta property=\"og:locale\" content=\"lt_LT\" \/>\n<meta property=\"og:type\" content=\"article\" \/>\n<meta property=\"og:title\" content=\"Ontario vi\u0161tienos, kalakutienos ir \u0161altalanki\u0173 pa\u0161tetas suaugusiems kat\u0117ms 400 g - MiuMjau\" \/>\n<meta property=\"og:description\" content=\"Sodrus vi\u0161tienos ir kalakutienos pa\u0161tetas su \u0161altalanki\u0173 prieskoniu. Visavertis pa\u0161aras suaugusioms kat\u0117ms nuo 1 met\u0173 am\u017eiaus. Sud\u0117tis: Sultinys 28,175%, kiauliena 26%, vi\u0161tiena 20,5%, kalakutiena 12,2%, jautiena 11,3%, mineralai 0,9%, la\u0161i\u0161\u0173 aliejus 0,5%, inulinas 0,4%, \u0161altalankiai 0,025%. Analitiniai komponentai: \u017dali baltymai 11%, \u017eali riebalai 6%, \u017eali pelenai 2,5%, \u017ealia l\u0105steliena 0,5%, dr\u0117gm\u0117 80%. Priedai \/ Maistiniai priedai kilogramui: Vitaminas D3 160 TV, vitaminas E 100 mg, cinkas (cinko sulfato monohidratas): 10 mg, manganas (mangano oksidas): 2 mg, varis (vario sulfato pentahidratas): 1,2 mg, jodas (bevandenis kalcio jodatas): 0,2 mg, taurinas 520 mg, biotinas 100 \u03bcg. \u0160\u0117rimo instrukcijos: Paros norma priklauso nuo kat\u0117s aktyvumo, am\u017eiaus, aplinkos ir veisl\u0117s. Vidutinio dyd\u017eio katei (3\u20135 kg) reikia 220\u2013310 g pa\u0161aro per dien\u0105, geriausia padalinti \u012f du maitinimus. I\u0161 prad\u017ei\u0173 \u0161erkite nurodytu kiekiu ir v\u0117liau palaipsniui koreguokite, kad kat\u0117 i\u0161likt\u0173 geros kondicijos. Patiekti kambario temperat\u016bros. Neatidaryt\u0105 pakuot\u0119 laikyti v\u0117sioje, sausoje vietoje, atokiai nuo tiesiogini\u0173 saul\u0117s spinduli\u0173. Atidarius laikyti \u0161aldytuve ir suvartoti per 2 dienas. Neskirta \u017emoni\u0173 maistui. U\u017etikrinti nuolatin\u0119 prieig\u0105 prie \u0161vie\u017eio geriamojo vandens. Geriausias iki \/ partijos numeris: \u017er. ant skardin\u0117s dugno.\" \/>\n<meta property=\"og:url\" content=\"https:\/\/miumjau.ee\/lt\/produktas\/ontario-vistienos-kalakutienos-ir-saltalankiu-pastetas-suaugusiems-katems-400-g\/\" \/>\n<meta property=\"og:site_name\" content=\"MiuMjau\" \/>\n<meta property=\"article:publisher\" content=\"https:\/\/www.facebook.com\/miumjaupood\/\" \/>\n<meta property=\"article:modified_time\" content=\"2026-01-07T18:46:41+00:00\" \/>\n<meta property=\"og:image\" content=\"https:\/\/miumjau.ee\/wp-content\/uploads\/2025\/05\/konserv-kassidele-ontario-400g2.webp\" \/>\n\t<meta property=\"og:image:width\" content=\"1200\" \/>\n\t<meta property=\"og:image:height\" content=\"1600\" \/>\n\t<meta property=\"og:image:type\" content=\"image\/webp\" \/>\n<meta name=\"twitter:card\" content=\"summary_large_image\" \/>\n<script type=\"application\/ld+json\" class=\"yoast-schema-graph\">{\"@context\":\"https:\\\/\\\/schema.org\",\"@graph\":[{\"@type\":\"WebPage\",\"@id\":\"https:\\\/\\\/miumjau.ee\\\/lt\\\/produktas\\\/ontario-vistienos-kalakutienos-ir-saltalankiu-pastetas-suaugusiems-katems-400-g\\\/\",\"url\":\"https:\\\/\\\/miumjau.ee\\\/lt\\\/produktas\\\/ontario-vistienos-kalakutienos-ir-saltalankiu-pastetas-suaugusiems-katems-400-g\\\/\",\"name\":\"Ontario vi\u0161tienos, kalakutienos ir \u0161altalanki\u0173 pa\u0161tetas suaugusiems kat\u0117ms 400 g - MiuMjau\",\"isPartOf\":{\"@id\":\"https:\\\/\\\/miumjau.ee\\\/#website\"},\"primaryImageOfPage\":{\"@id\":\"https:\\\/\\\/miumjau.ee\\\/lt\\\/produktas\\\/ontario-vistienos-kalakutienos-ir-saltalankiu-pastetas-suaugusiems-katems-400-g\\\/#primaryimage\"},\"image\":{\"@id\":\"https:\\\/\\\/miumjau.ee\\\/lt\\\/produktas\\\/ontario-vistienos-kalakutienos-ir-saltalankiu-pastetas-suaugusiems-katems-400-g\\\/#primaryimage\"},\"thumbnailUrl\":\"https:\\\/\\\/miumjau.ee\\\/wp-content\\\/uploads\\\/2025\\\/05\\\/konserv-kassidele-ontario-400g2.webp\",\"datePublished\":\"2025-05-03T06:17:46+00:00\",\"dateModified\":\"2026-01-07T18:46:41+00:00\",\"breadcrumb\":{\"@id\":\"https:\\\/\\\/miumjau.ee\\\/lt\\\/produktas\\\/ontario-vistienos-kalakutienos-ir-saltalankiu-pastetas-suaugusiems-katems-400-g\\\/#breadcrumb\"},\"inLanguage\":\"lt-LT\",\"potentialAction\":[{\"@type\":\"ReadAction\",\"target\":[\"https:\\\/\\\/miumjau.ee\\\/lt\\\/produktas\\\/ontario-vistienos-kalakutienos-ir-saltalankiu-pastetas-suaugusiems-katems-400-g\\\/\"]}]},{\"@type\":\"ImageObject\",\"inLanguage\":\"lt-LT\",\"@id\":\"https:\\\/\\\/miumjau.ee\\\/lt\\\/produktas\\\/ontario-vistienos-kalakutienos-ir-saltalankiu-pastetas-suaugusiems-katems-400-g\\\/#primaryimage\",\"url\":\"https:\\\/\\\/miumjau.ee\\\/wp-content\\\/uploads\\\/2025\\\/05\\\/konserv-kassidele-ontario-400g2.webp\",\"contentUrl\":\"https:\\\/\\\/miumjau.ee\\\/wp-content\\\/uploads\\\/2025\\\/05\\\/konserv-kassidele-ontario-400g2.webp\",\"width\":1200,\"height\":1600},{\"@type\":\"BreadcrumbList\",\"@id\":\"https:\\\/\\\/miumjau.ee\\\/lt\\\/produktas\\\/ontario-vistienos-kalakutienos-ir-saltalankiu-pastetas-suaugusiems-katems-400-g\\\/#breadcrumb\",\"itemListElement\":[{\"@type\":\"ListItem\",\"position\":1,\"name\":\"Home\",\"item\":\"https:\\\/\\\/miumjau.ee\\\/lt\\\/\"},{\"@type\":\"ListItem\",\"position\":2,\"name\":\"Parduotuv\u0117\",\"item\":\"https:\\\/\\\/miumjau.ee\\\/lt\\\/parduotuve\\\/\"},{\"@type\":\"ListItem\",\"position\":3,\"name\":\"Ontario vi\u0161tienos, kalakutienos ir \u0161altalanki\u0173 pa\u0161tetas suaugusiems kat\u0117ms 400 g\"}]},{\"@type\":\"WebSite\",\"@id\":\"https:\\\/\\\/miumjau.ee\\\/#website\",\"url\":\"https:\\\/\\\/miumjau.ee\\\/\",\"name\":\"MiuMjau\",\"description\":\"Kraapimispuud kassidele\",\"publisher\":{\"@id\":\"https:\\\/\\\/miumjau.ee\\\/#organization\"},\"potentialAction\":[{\"@type\":\"SearchAction\",\"target\":{\"@type\":\"EntryPoint\",\"urlTemplate\":\"https:\\\/\\\/miumjau.ee\\\/?s={search_term_string}\"},\"query-input\":{\"@type\":\"PropertyValueSpecification\",\"valueRequired\":true,\"valueName\":\"search_term_string\"}}],\"inLanguage\":\"lt-LT\"},{\"@type\":\"Organization\",\"@id\":\"https:\\\/\\\/miumjau.ee\\\/#organization\",\"name\":\"MiuMjau O\u00dc\",\"url\":\"https:\\\/\\\/miumjau.ee\\\/\",\"logo\":{\"@type\":\"ImageObject\",\"inLanguage\":\"lt-LT\",\"@id\":\"https:\\\/\\\/miumjau.ee\\\/#\\\/schema\\\/logo\\\/image\\\/\",\"url\":\"https:\\\/\\\/miumjau.ee\\\/wp-content\\\/uploads\\\/2022\\\/04\\\/MiuMjau-logo-kollane.png\",\"contentUrl\":\"https:\\\/\\\/miumjau.ee\\\/wp-content\\\/uploads\\\/2022\\\/04\\\/MiuMjau-logo-kollane.png\",\"width\":219,\"height\":100,\"caption\":\"MiuMjau O\u00dc\"},\"image\":{\"@id\":\"https:\\\/\\\/miumjau.ee\\\/#\\\/schema\\\/logo\\\/image\\\/\"},\"sameAs\":[\"https:\\\/\\\/www.facebook.com\\\/miumjaupood\\\/\"]}]}<\/script>\n<!-- \/ Yoast SEO plugin. -->","yoast_head_json":{"title":"Ontario vi\u0161tienos, kalakutienos ir \u0161altalanki\u0173 pa\u0161tetas suaugusiems kat\u0117ms 400 g - MiuMjau","robots":{"index":"index","follow":"follow","max-snippet":"max-snippet:-1","max-image-preview":"max-image-preview:large","max-video-preview":"max-video-preview:-1"},"canonical":"https:\/\/miumjau.ee\/lt\/produktas\/ontario-vistienos-kalakutienos-ir-saltalankiu-pastetas-suaugusiems-katems-400-g\/","og_locale":"lt_LT","og_type":"article","og_title":"Ontario vi\u0161tienos, kalakutienos ir \u0161altalanki\u0173 pa\u0161tetas suaugusiems kat\u0117ms 400 g - MiuMjau","og_description":"Sodrus vi\u0161tienos ir kalakutienos pa\u0161tetas su \u0161altalanki\u0173 prieskoniu. Visavertis pa\u0161aras suaugusioms kat\u0117ms nuo 1 met\u0173 am\u017eiaus. Sud\u0117tis: Sultinys 28,175%, kiauliena 26%, vi\u0161tiena 20,5%, kalakutiena 12,2%, jautiena 11,3%, mineralai 0,9%, la\u0161i\u0161\u0173 aliejus 0,5%, inulinas 0,4%, \u0161altalankiai 0,025%. Analitiniai komponentai: \u017dali baltymai 11%, \u017eali riebalai 6%, \u017eali pelenai 2,5%, \u017ealia l\u0105steliena 0,5%, dr\u0117gm\u0117 80%. Priedai \/ Maistiniai priedai kilogramui: Vitaminas D3 160 TV, vitaminas E 100 mg, cinkas (cinko sulfato monohidratas): 10 mg, manganas (mangano oksidas): 2 mg, varis (vario sulfato pentahidratas): 1,2 mg, jodas (bevandenis kalcio jodatas): 0,2 mg, taurinas 520 mg, biotinas 100 \u03bcg. \u0160\u0117rimo instrukcijos: Paros norma priklauso nuo kat\u0117s aktyvumo, am\u017eiaus, aplinkos ir veisl\u0117s. Vidutinio dyd\u017eio katei (3\u20135 kg) reikia 220\u2013310 g pa\u0161aro per dien\u0105, geriausia padalinti \u012f du maitinimus. I\u0161 prad\u017ei\u0173 \u0161erkite nurodytu kiekiu ir v\u0117liau palaipsniui koreguokite, kad kat\u0117 i\u0161likt\u0173 geros kondicijos. Patiekti kambario temperat\u016bros. Neatidaryt\u0105 pakuot\u0119 laikyti v\u0117sioje, sausoje vietoje, atokiai nuo tiesiogini\u0173 saul\u0117s spinduli\u0173. Atidarius laikyti \u0161aldytuve ir suvartoti per 2 dienas. Neskirta \u017emoni\u0173 maistui. U\u017etikrinti nuolatin\u0119 prieig\u0105 prie \u0161vie\u017eio geriamojo vandens. Geriausias iki \/ partijos numeris: \u017er. ant skardin\u0117s dugno.","og_url":"https:\/\/miumjau.ee\/lt\/produktas\/ontario-vistienos-kalakutienos-ir-saltalankiu-pastetas-suaugusiems-katems-400-g\/","og_site_name":"MiuMjau","article_publisher":"https:\/\/www.facebook.com\/miumjaupood\/","article_modified_time":"2026-01-07T18:46:41+00:00","og_image":[{"width":1200,"height":1600,"url":"https:\/\/miumjau.ee\/wp-content\/uploads\/2025\/05\/konserv-kassidele-ontario-400g2.webp","type":"image\/webp"}],"twitter_card":"summary_large_image","schema":{"@context":"https:\/\/schema.org","@graph":[{"@type":"WebPage","@id":"https:\/\/miumjau.ee\/lt\/produktas\/ontario-vistienos-kalakutienos-ir-saltalankiu-pastetas-suaugusiems-katems-400-g\/","url":"https:\/\/miumjau.ee\/lt\/produktas\/ontario-vistienos-kalakutienos-ir-saltalankiu-pastetas-suaugusiems-katems-400-g\/","name":"Ontario vi\u0161tienos, kalakutienos ir \u0161altalanki\u0173 pa\u0161tetas suaugusiems kat\u0117ms 400 g - MiuMjau","isPartOf":{"@id":"https:\/\/miumjau.ee\/#website"},"primaryImageOfPage":{"@id":"https:\/\/miumjau.ee\/lt\/produktas\/ontario-vistienos-kalakutienos-ir-saltalankiu-pastetas-suaugusiems-katems-400-g\/#primaryimage"},"image":{"@id":"https:\/\/miumjau.ee\/lt\/produktas\/ontario-vistienos-kalakutienos-ir-saltalankiu-pastetas-suaugusiems-katems-400-g\/#primaryimage"},"thumbnailUrl":"https:\/\/miumjau.ee\/wp-content\/uploads\/2025\/05\/konserv-kassidele-ontario-400g2.webp","datePublished":"2025-05-03T06:17:46+00:00","dateModified":"2026-01-07T18:46:41+00:00","breadcrumb":{"@id":"https:\/\/miumjau.ee\/lt\/produktas\/ontario-vistienos-kalakutienos-ir-saltalankiu-pastetas-suaugusiems-katems-400-g\/#breadcrumb"},"inLanguage":"lt-LT","potentialAction":[{"@type":"ReadAction","target":["https:\/\/miumjau.ee\/lt\/produktas\/ontario-vistienos-kalakutienos-ir-saltalankiu-pastetas-suaugusiems-katems-400-g\/"]}]},{"@type":"ImageObject","inLanguage":"lt-LT","@id":"https:\/\/miumjau.ee\/lt\/produktas\/ontario-vistienos-kalakutienos-ir-saltalankiu-pastetas-suaugusiems-katems-400-g\/#primaryimage","url":"https:\/\/miumjau.ee\/wp-content\/uploads\/2025\/05\/konserv-kassidele-ontario-400g2.webp","contentUrl":"https:\/\/miumjau.ee\/wp-content\/uploads\/2025\/05\/konserv-kassidele-ontario-400g2.webp","width":1200,"height":1600},{"@type":"BreadcrumbList","@id":"https:\/\/miumjau.ee\/lt\/produktas\/ontario-vistienos-kalakutienos-ir-saltalankiu-pastetas-suaugusiems-katems-400-g\/#breadcrumb","itemListElement":[{"@type":"ListItem","position":1,"name":"Home","item":"https:\/\/miumjau.ee\/lt\/"},{"@type":"ListItem","position":2,"name":"Parduotuv\u0117","item":"https:\/\/miumjau.ee\/lt\/parduotuve\/"},{"@type":"ListItem","position":3,"name":"Ontario vi\u0161tienos, kalakutienos ir \u0161altalanki\u0173 pa\u0161tetas suaugusiems kat\u0117ms 400 g"}]},{"@type":"WebSite","@id":"https:\/\/miumjau.ee\/#website","url":"https:\/\/miumjau.ee\/","name":"MiuMjau","description":"Kraapimispuud kassidele","publisher":{"@id":"https:\/\/miumjau.ee\/#organization"},"potentialAction":[{"@type":"SearchAction","target":{"@type":"EntryPoint","urlTemplate":"https:\/\/miumjau.ee\/?s={search_term_string}"},"query-input":{"@type":"PropertyValueSpecification","valueRequired":true,"valueName":"search_term_string"}}],"inLanguage":"lt-LT"},{"@type":"Organization","@id":"https:\/\/miumjau.ee\/#organization","name":"MiuMjau O\u00dc","url":"https:\/\/miumjau.ee\/","logo":{"@type":"ImageObject","inLanguage":"lt-LT","@id":"https:\/\/miumjau.ee\/#\/schema\/logo\/image\/","url":"https:\/\/miumjau.ee\/wp-content\/uploads\/2022\/04\/MiuMjau-logo-kollane.png","contentUrl":"https:\/\/miumjau.ee\/wp-content\/uploads\/2022\/04\/MiuMjau-logo-kollane.png","width":219,"height":100,"caption":"MiuMjau O\u00dc"},"image":{"@id":"https:\/\/miumjau.ee\/#\/schema\/logo\/image\/"},"sameAs":["https:\/\/www.facebook.com\/miumjaupood\/"]}]}},"_links":{"self":[{"href":"https:\/\/miumjau.ee\/lt\/wp-json\/wp\/v2\/product\/47309","targetHints":{"allow":["GET"]}}],"collection":[{"href":"https:\/\/miumjau.ee\/lt\/wp-json\/wp\/v2\/product"}],"about":[{"href":"https:\/\/miumjau.ee\/lt\/wp-json\/wp\/v2\/types\/product"}],"wp:featuredmedia":[{"embeddable":true,"href":"https:\/\/miumjau.ee\/lt\/wp-json\/wp\/v2\/media\/47301"}],"wp:attachment":[{"href":"https:\/\/miumjau.ee\/lt\/wp-json\/wp\/v2\/media?parent=47309"}],"wp:term":[{"taxonomy":"product_brand","embeddable":true,"href":"https:\/\/miumjau.ee\/lt\/wp-json\/wp\/v2\/product_brand?post=47309"},{"taxonomy":"product_cat","embeddable":true,"href":"https:\/\/miumjau.ee\/lt\/wp-json\/wp\/v2\/product_cat?post=47309"},{"taxonomy":"product_tag","embeddable":true,"href":"https:\/\/miumjau.ee\/lt\/wp-json\/wp\/v2\/product_tag?post=47309"}],"curies":[{"name":"wp","href":"https:\/\/api.w.org\/{rel}","templated":true}]}}