{"id":47299,"date":"2025-05-03T09:17:04","date_gmt":"2025-05-03T06:17:04","guid":{"rendered":"https:\/\/miumjau.ee\/toode\/ontario-mesos-pastetas-katems-su-jautiena-lasisa-ir-spirulina-400-g\/"},"modified":"2026-01-07T20:46:41","modified_gmt":"2026-01-07T18:46:41","slug":"ontario-mesos-pastetas-katems-su-jautiena-lasisa-ir-spirulina-400-g","status":"publish","type":"product","link":"https:\/\/miumjau.ee\/lt\/produktas\/ontario-mesos-pastetas-katems-su-jautiena-lasisa-ir-spirulina-400-g\/","title":{"rendered":"Ontario m\u0117sos pa\u0161tetas kat\u0117ms su jautiena, la\u0161i\u0161a ir spirulina 400 g"},"content":{"rendered":"","protected":false},"excerpt":{"rendered":"<p data-start=\"2911\" data-end=\"3019\">Jautienos turtingas la\u0161i\u0161os pa\u0161tetas su spirulinos skoniu. Visavertis pa\u0161aras suaugusioms kat\u0117ms nuo 1 met\u0173.<\/p>\n<p data-start=\"3021\" data-end=\"3215\"><strong data-start=\"3021\" data-end=\"3033\">Sud\u0117tis:<\/strong> sultinys 28,175%, jautiena 20,4%, kiauliena 18,8%, vi\u0161tiena 12,6%, la\u0161i\u0161a 10%, pauk\u0161tiena 8,2%, mineralin\u0117s med\u017eiagos 0,9%, saul\u0117gr\u0105\u017e\u0173 aliejus 0,5%, inulinas 0,4%, spirulina 0,025%.<\/p>\n<p data-start=\"3217\" data-end=\"3330\"><strong data-start=\"3217\" data-end=\"3239\">Analitin\u0117 sud\u0117tis:<\/strong> \u017eali baltymai 11%, \u017eali riebalai 6%, \u017eali pelenai 2,5%, \u017ealios skaidulos 0,5%, dr\u0117gm\u0117 80%.<\/p>\n<p data-start=\"3332\" data-end=\"3587\"><strong data-start=\"3332\" data-end=\"3349\">Priedai 1 kg:<\/strong> vitaminas D3 160 TV, vitaminas E 100 mg, cinkas (cinko sulfato monohidratas) 10 mg, manganas (mangano oksidas) 2 mg, varis (vario sulfato pentahidratas) 1,2 mg, jodas (bevandenius kalcio jodatas) 0,2 mg, taurinas 520 mg, biotinas 100 \u03bcg.<\/p>\n<p data-start=\"3589\" data-end=\"4229\"><strong data-start=\"3589\" data-end=\"3612\">\u0160\u0117rimo instrukcija:<\/strong><br data-start=\"3612\" data-end=\"3615\" \/>Dienos norma priklauso nuo kat\u0117s aktyvumo, am\u017eiaus, aplinkos ir veisl\u0117s. Vidutinio dyd\u017eio 3\u20135 kg kat\u0117ms reikia 220\u2013310 g pa\u0161aro per dien\u0105, geriausia padalinti \u012f du kartus. Prad\u0117kite nuo rekomenduojamos normos ir v\u0117liau koreguokite pagal poreik\u012f, kad kat\u0117 i\u0161laikyt\u0173 ger\u0105 fizin\u0119 b\u016bkl\u0119. Patartina duoti kambario temperat\u016bros. Neatidaryt\u0105 laikyti sausoje, v\u0117sioje vietoje, saugoti nuo tiesiogini\u0173 saul\u0117s spinduli\u0173. Atidarius laikyti \u0161aldytuve ir suvartoti per 2 dienas. Neskirta \u017emoni\u0173 maistui. Visada u\u017etikrinkite prieig\u0105 prie \u0161vie\u017eio geriamojo vandens. Geriausias iki \/ partijos numeris: \u017ei\u016br\u0117ti ant skardin\u0117s dugno.<\/p>\n","protected":false},"featured_media":47300,"template":"","meta":[],"product_brand":[],"product_cat":[526],"product_tag":[],"class_list":{"0":"post-47299","1":"product","2":"type-product","3":"status-publish","4":"has-post-thumbnail","6":"product_cat-slapias-maistas","8":"first","9":"instock","10":"taxable","11":"shipping-taxable","12":"purchasable","13":"product-type-simple"},"yoast_head":"<!-- This site is optimized with the Yoast SEO plugin v27.4 - https:\/\/yoast.com\/product\/yoast-seo-wordpress\/ -->\n<title>Ontario m\u0117sos pa\u0161tetas kat\u0117ms su jautiena, la\u0161i\u0161a ir spirulina 400 g - MiuMjau<\/title>\n<meta name=\"robots\" content=\"index, follow, max-snippet:-1, max-image-preview:large, max-video-preview:-1\" \/>\n<link rel=\"canonical\" href=\"https:\/\/miumjau.ee\/lt\/produktas\/ontario-mesos-pastetas-katems-su-jautiena-lasisa-ir-spirulina-400-g\/\" \/>\n<meta property=\"og:locale\" content=\"lt_LT\" \/>\n<meta property=\"og:type\" content=\"article\" \/>\n<meta property=\"og:title\" content=\"Ontario m\u0117sos pa\u0161tetas kat\u0117ms su jautiena, la\u0161i\u0161a ir spirulina 400 g - MiuMjau\" \/>\n<meta property=\"og:description\" content=\"Jautienos turtingas la\u0161i\u0161os pa\u0161tetas su spirulinos skoniu. Visavertis pa\u0161aras suaugusioms kat\u0117ms nuo 1 met\u0173. Sud\u0117tis: sultinys 28,175%, jautiena 20,4%, kiauliena 18,8%, vi\u0161tiena 12,6%, la\u0161i\u0161a 10%, pauk\u0161tiena 8,2%, mineralin\u0117s med\u017eiagos 0,9%, saul\u0117gr\u0105\u017e\u0173 aliejus 0,5%, inulinas 0,4%, spirulina 0,025%. Analitin\u0117 sud\u0117tis: \u017eali baltymai 11%, \u017eali riebalai 6%, \u017eali pelenai 2,5%, \u017ealios skaidulos 0,5%, dr\u0117gm\u0117 80%. Priedai 1 kg: vitaminas D3 160 TV, vitaminas E 100 mg, cinkas (cinko sulfato monohidratas) 10 mg, manganas (mangano oksidas) 2 mg, varis (vario sulfato pentahidratas) 1,2 mg, jodas (bevandenius kalcio jodatas) 0,2 mg, taurinas 520 mg, biotinas 100 \u03bcg. \u0160\u0117rimo instrukcija:Dienos norma priklauso nuo kat\u0117s aktyvumo, am\u017eiaus, aplinkos ir veisl\u0117s. Vidutinio dyd\u017eio 3\u20135 kg kat\u0117ms reikia 220\u2013310 g pa\u0161aro per dien\u0105, geriausia padalinti \u012f du kartus. Prad\u0117kite nuo rekomenduojamos normos ir v\u0117liau koreguokite pagal poreik\u012f, kad kat\u0117 i\u0161laikyt\u0173 ger\u0105 fizin\u0119 b\u016bkl\u0119. Patartina duoti kambario temperat\u016bros. Neatidaryt\u0105 laikyti sausoje, v\u0117sioje vietoje, saugoti nuo tiesiogini\u0173 saul\u0117s spinduli\u0173. Atidarius laikyti \u0161aldytuve ir suvartoti per 2 dienas. Neskirta \u017emoni\u0173 maistui. Visada u\u017etikrinkite prieig\u0105 prie \u0161vie\u017eio geriamojo vandens. Geriausias iki \/ partijos numeris: \u017ei\u016br\u0117ti ant skardin\u0117s dugno.\" \/>\n<meta property=\"og:url\" content=\"https:\/\/miumjau.ee\/lt\/produktas\/ontario-mesos-pastetas-katems-su-jautiena-lasisa-ir-spirulina-400-g\/\" \/>\n<meta property=\"og:site_name\" content=\"MiuMjau\" \/>\n<meta property=\"article:publisher\" content=\"https:\/\/www.facebook.com\/miumjaupood\/\" \/>\n<meta property=\"article:modified_time\" content=\"2026-01-07T18:46:41+00:00\" \/>\n<meta property=\"og:image\" content=\"https:\/\/miumjau.ee\/wp-content\/uploads\/2025\/05\/konserv-kassidele-ontario-400g1.webp\" \/>\n\t<meta property=\"og:image:width\" content=\"1200\" \/>\n\t<meta property=\"og:image:height\" content=\"1600\" \/>\n\t<meta property=\"og:image:type\" content=\"image\/webp\" \/>\n<meta name=\"twitter:card\" content=\"summary_large_image\" \/>\n<script type=\"application\/ld+json\" class=\"yoast-schema-graph\">{\"@context\":\"https:\\\/\\\/schema.org\",\"@graph\":[{\"@type\":\"WebPage\",\"@id\":\"https:\\\/\\\/miumjau.ee\\\/lt\\\/produktas\\\/ontario-mesos-pastetas-katems-su-jautiena-lasisa-ir-spirulina-400-g\\\/\",\"url\":\"https:\\\/\\\/miumjau.ee\\\/lt\\\/produktas\\\/ontario-mesos-pastetas-katems-su-jautiena-lasisa-ir-spirulina-400-g\\\/\",\"name\":\"Ontario m\u0117sos pa\u0161tetas kat\u0117ms su jautiena, la\u0161i\u0161a ir spirulina 400 g - MiuMjau\",\"isPartOf\":{\"@id\":\"https:\\\/\\\/miumjau.ee\\\/#website\"},\"primaryImageOfPage\":{\"@id\":\"https:\\\/\\\/miumjau.ee\\\/lt\\\/produktas\\\/ontario-mesos-pastetas-katems-su-jautiena-lasisa-ir-spirulina-400-g\\\/#primaryimage\"},\"image\":{\"@id\":\"https:\\\/\\\/miumjau.ee\\\/lt\\\/produktas\\\/ontario-mesos-pastetas-katems-su-jautiena-lasisa-ir-spirulina-400-g\\\/#primaryimage\"},\"thumbnailUrl\":\"https:\\\/\\\/miumjau.ee\\\/wp-content\\\/uploads\\\/2025\\\/05\\\/konserv-kassidele-ontario-400g1.webp\",\"datePublished\":\"2025-05-03T06:17:04+00:00\",\"dateModified\":\"2026-01-07T18:46:41+00:00\",\"breadcrumb\":{\"@id\":\"https:\\\/\\\/miumjau.ee\\\/lt\\\/produktas\\\/ontario-mesos-pastetas-katems-su-jautiena-lasisa-ir-spirulina-400-g\\\/#breadcrumb\"},\"inLanguage\":\"lt-LT\",\"potentialAction\":[{\"@type\":\"ReadAction\",\"target\":[\"https:\\\/\\\/miumjau.ee\\\/lt\\\/produktas\\\/ontario-mesos-pastetas-katems-su-jautiena-lasisa-ir-spirulina-400-g\\\/\"]}]},{\"@type\":\"ImageObject\",\"inLanguage\":\"lt-LT\",\"@id\":\"https:\\\/\\\/miumjau.ee\\\/lt\\\/produktas\\\/ontario-mesos-pastetas-katems-su-jautiena-lasisa-ir-spirulina-400-g\\\/#primaryimage\",\"url\":\"https:\\\/\\\/miumjau.ee\\\/wp-content\\\/uploads\\\/2025\\\/05\\\/konserv-kassidele-ontario-400g1.webp\",\"contentUrl\":\"https:\\\/\\\/miumjau.ee\\\/wp-content\\\/uploads\\\/2025\\\/05\\\/konserv-kassidele-ontario-400g1.webp\",\"width\":1200,\"height\":1600},{\"@type\":\"BreadcrumbList\",\"@id\":\"https:\\\/\\\/miumjau.ee\\\/lt\\\/produktas\\\/ontario-mesos-pastetas-katems-su-jautiena-lasisa-ir-spirulina-400-g\\\/#breadcrumb\",\"itemListElement\":[{\"@type\":\"ListItem\",\"position\":1,\"name\":\"Home\",\"item\":\"https:\\\/\\\/miumjau.ee\\\/lt\\\/\"},{\"@type\":\"ListItem\",\"position\":2,\"name\":\"Parduotuv\u0117\",\"item\":\"https:\\\/\\\/miumjau.ee\\\/lt\\\/parduotuve\\\/\"},{\"@type\":\"ListItem\",\"position\":3,\"name\":\"Ontario m\u0117sos pa\u0161tetas kat\u0117ms su jautiena, la\u0161i\u0161a ir spirulina 400 g\"}]},{\"@type\":\"WebSite\",\"@id\":\"https:\\\/\\\/miumjau.ee\\\/#website\",\"url\":\"https:\\\/\\\/miumjau.ee\\\/\",\"name\":\"MiuMjau\",\"description\":\"Kraapimispuud kassidele\",\"publisher\":{\"@id\":\"https:\\\/\\\/miumjau.ee\\\/#organization\"},\"potentialAction\":[{\"@type\":\"SearchAction\",\"target\":{\"@type\":\"EntryPoint\",\"urlTemplate\":\"https:\\\/\\\/miumjau.ee\\\/?s={search_term_string}\"},\"query-input\":{\"@type\":\"PropertyValueSpecification\",\"valueRequired\":true,\"valueName\":\"search_term_string\"}}],\"inLanguage\":\"lt-LT\"},{\"@type\":\"Organization\",\"@id\":\"https:\\\/\\\/miumjau.ee\\\/#organization\",\"name\":\"MiuMjau O\u00dc\",\"url\":\"https:\\\/\\\/miumjau.ee\\\/\",\"logo\":{\"@type\":\"ImageObject\",\"inLanguage\":\"lt-LT\",\"@id\":\"https:\\\/\\\/miumjau.ee\\\/#\\\/schema\\\/logo\\\/image\\\/\",\"url\":\"https:\\\/\\\/miumjau.ee\\\/wp-content\\\/uploads\\\/2022\\\/04\\\/MiuMjau-logo-kollane.png\",\"contentUrl\":\"https:\\\/\\\/miumjau.ee\\\/wp-content\\\/uploads\\\/2022\\\/04\\\/MiuMjau-logo-kollane.png\",\"width\":219,\"height\":100,\"caption\":\"MiuMjau O\u00dc\"},\"image\":{\"@id\":\"https:\\\/\\\/miumjau.ee\\\/#\\\/schema\\\/logo\\\/image\\\/\"},\"sameAs\":[\"https:\\\/\\\/www.facebook.com\\\/miumjaupood\\\/\"]}]}<\/script>\n<!-- \/ Yoast SEO plugin. -->","yoast_head_json":{"title":"Ontario m\u0117sos pa\u0161tetas kat\u0117ms su jautiena, la\u0161i\u0161a ir spirulina 400 g - MiuMjau","robots":{"index":"index","follow":"follow","max-snippet":"max-snippet:-1","max-image-preview":"max-image-preview:large","max-video-preview":"max-video-preview:-1"},"canonical":"https:\/\/miumjau.ee\/lt\/produktas\/ontario-mesos-pastetas-katems-su-jautiena-lasisa-ir-spirulina-400-g\/","og_locale":"lt_LT","og_type":"article","og_title":"Ontario m\u0117sos pa\u0161tetas kat\u0117ms su jautiena, la\u0161i\u0161a ir spirulina 400 g - MiuMjau","og_description":"Jautienos turtingas la\u0161i\u0161os pa\u0161tetas su spirulinos skoniu. Visavertis pa\u0161aras suaugusioms kat\u0117ms nuo 1 met\u0173. Sud\u0117tis: sultinys 28,175%, jautiena 20,4%, kiauliena 18,8%, vi\u0161tiena 12,6%, la\u0161i\u0161a 10%, pauk\u0161tiena 8,2%, mineralin\u0117s med\u017eiagos 0,9%, saul\u0117gr\u0105\u017e\u0173 aliejus 0,5%, inulinas 0,4%, spirulina 0,025%. Analitin\u0117 sud\u0117tis: \u017eali baltymai 11%, \u017eali riebalai 6%, \u017eali pelenai 2,5%, \u017ealios skaidulos 0,5%, dr\u0117gm\u0117 80%. Priedai 1 kg: vitaminas D3 160 TV, vitaminas E 100 mg, cinkas (cinko sulfato monohidratas) 10 mg, manganas (mangano oksidas) 2 mg, varis (vario sulfato pentahidratas) 1,2 mg, jodas (bevandenius kalcio jodatas) 0,2 mg, taurinas 520 mg, biotinas 100 \u03bcg. \u0160\u0117rimo instrukcija:Dienos norma priklauso nuo kat\u0117s aktyvumo, am\u017eiaus, aplinkos ir veisl\u0117s. Vidutinio dyd\u017eio 3\u20135 kg kat\u0117ms reikia 220\u2013310 g pa\u0161aro per dien\u0105, geriausia padalinti \u012f du kartus. Prad\u0117kite nuo rekomenduojamos normos ir v\u0117liau koreguokite pagal poreik\u012f, kad kat\u0117 i\u0161laikyt\u0173 ger\u0105 fizin\u0119 b\u016bkl\u0119. Patartina duoti kambario temperat\u016bros. Neatidaryt\u0105 laikyti sausoje, v\u0117sioje vietoje, saugoti nuo tiesiogini\u0173 saul\u0117s spinduli\u0173. Atidarius laikyti \u0161aldytuve ir suvartoti per 2 dienas. Neskirta \u017emoni\u0173 maistui. Visada u\u017etikrinkite prieig\u0105 prie \u0161vie\u017eio geriamojo vandens. Geriausias iki \/ partijos numeris: \u017ei\u016br\u0117ti ant skardin\u0117s dugno.","og_url":"https:\/\/miumjau.ee\/lt\/produktas\/ontario-mesos-pastetas-katems-su-jautiena-lasisa-ir-spirulina-400-g\/","og_site_name":"MiuMjau","article_publisher":"https:\/\/www.facebook.com\/miumjaupood\/","article_modified_time":"2026-01-07T18:46:41+00:00","og_image":[{"width":1200,"height":1600,"url":"https:\/\/miumjau.ee\/wp-content\/uploads\/2025\/05\/konserv-kassidele-ontario-400g1.webp","type":"image\/webp"}],"twitter_card":"summary_large_image","schema":{"@context":"https:\/\/schema.org","@graph":[{"@type":"WebPage","@id":"https:\/\/miumjau.ee\/lt\/produktas\/ontario-mesos-pastetas-katems-su-jautiena-lasisa-ir-spirulina-400-g\/","url":"https:\/\/miumjau.ee\/lt\/produktas\/ontario-mesos-pastetas-katems-su-jautiena-lasisa-ir-spirulina-400-g\/","name":"Ontario m\u0117sos pa\u0161tetas kat\u0117ms su jautiena, la\u0161i\u0161a ir spirulina 400 g - MiuMjau","isPartOf":{"@id":"https:\/\/miumjau.ee\/#website"},"primaryImageOfPage":{"@id":"https:\/\/miumjau.ee\/lt\/produktas\/ontario-mesos-pastetas-katems-su-jautiena-lasisa-ir-spirulina-400-g\/#primaryimage"},"image":{"@id":"https:\/\/miumjau.ee\/lt\/produktas\/ontario-mesos-pastetas-katems-su-jautiena-lasisa-ir-spirulina-400-g\/#primaryimage"},"thumbnailUrl":"https:\/\/miumjau.ee\/wp-content\/uploads\/2025\/05\/konserv-kassidele-ontario-400g1.webp","datePublished":"2025-05-03T06:17:04+00:00","dateModified":"2026-01-07T18:46:41+00:00","breadcrumb":{"@id":"https:\/\/miumjau.ee\/lt\/produktas\/ontario-mesos-pastetas-katems-su-jautiena-lasisa-ir-spirulina-400-g\/#breadcrumb"},"inLanguage":"lt-LT","potentialAction":[{"@type":"ReadAction","target":["https:\/\/miumjau.ee\/lt\/produktas\/ontario-mesos-pastetas-katems-su-jautiena-lasisa-ir-spirulina-400-g\/"]}]},{"@type":"ImageObject","inLanguage":"lt-LT","@id":"https:\/\/miumjau.ee\/lt\/produktas\/ontario-mesos-pastetas-katems-su-jautiena-lasisa-ir-spirulina-400-g\/#primaryimage","url":"https:\/\/miumjau.ee\/wp-content\/uploads\/2025\/05\/konserv-kassidele-ontario-400g1.webp","contentUrl":"https:\/\/miumjau.ee\/wp-content\/uploads\/2025\/05\/konserv-kassidele-ontario-400g1.webp","width":1200,"height":1600},{"@type":"BreadcrumbList","@id":"https:\/\/miumjau.ee\/lt\/produktas\/ontario-mesos-pastetas-katems-su-jautiena-lasisa-ir-spirulina-400-g\/#breadcrumb","itemListElement":[{"@type":"ListItem","position":1,"name":"Home","item":"https:\/\/miumjau.ee\/lt\/"},{"@type":"ListItem","position":2,"name":"Parduotuv\u0117","item":"https:\/\/miumjau.ee\/lt\/parduotuve\/"},{"@type":"ListItem","position":3,"name":"Ontario m\u0117sos pa\u0161tetas kat\u0117ms su jautiena, la\u0161i\u0161a ir spirulina 400 g"}]},{"@type":"WebSite","@id":"https:\/\/miumjau.ee\/#website","url":"https:\/\/miumjau.ee\/","name":"MiuMjau","description":"Kraapimispuud kassidele","publisher":{"@id":"https:\/\/miumjau.ee\/#organization"},"potentialAction":[{"@type":"SearchAction","target":{"@type":"EntryPoint","urlTemplate":"https:\/\/miumjau.ee\/?s={search_term_string}"},"query-input":{"@type":"PropertyValueSpecification","valueRequired":true,"valueName":"search_term_string"}}],"inLanguage":"lt-LT"},{"@type":"Organization","@id":"https:\/\/miumjau.ee\/#organization","name":"MiuMjau O\u00dc","url":"https:\/\/miumjau.ee\/","logo":{"@type":"ImageObject","inLanguage":"lt-LT","@id":"https:\/\/miumjau.ee\/#\/schema\/logo\/image\/","url":"https:\/\/miumjau.ee\/wp-content\/uploads\/2022\/04\/MiuMjau-logo-kollane.png","contentUrl":"https:\/\/miumjau.ee\/wp-content\/uploads\/2022\/04\/MiuMjau-logo-kollane.png","width":219,"height":100,"caption":"MiuMjau O\u00dc"},"image":{"@id":"https:\/\/miumjau.ee\/#\/schema\/logo\/image\/"},"sameAs":["https:\/\/www.facebook.com\/miumjaupood\/"]}]}},"_links":{"self":[{"href":"https:\/\/miumjau.ee\/lt\/wp-json\/wp\/v2\/product\/47299","targetHints":{"allow":["GET"]}}],"collection":[{"href":"https:\/\/miumjau.ee\/lt\/wp-json\/wp\/v2\/product"}],"about":[{"href":"https:\/\/miumjau.ee\/lt\/wp-json\/wp\/v2\/types\/product"}],"wp:featuredmedia":[{"embeddable":true,"href":"https:\/\/miumjau.ee\/lt\/wp-json\/wp\/v2\/media\/47300"}],"wp:attachment":[{"href":"https:\/\/miumjau.ee\/lt\/wp-json\/wp\/v2\/media?parent=47299"}],"wp:term":[{"taxonomy":"product_brand","embeddable":true,"href":"https:\/\/miumjau.ee\/lt\/wp-json\/wp\/v2\/product_brand?post=47299"},{"taxonomy":"product_cat","embeddable":true,"href":"https:\/\/miumjau.ee\/lt\/wp-json\/wp\/v2\/product_cat?post=47299"},{"taxonomy":"product_tag","embeddable":true,"href":"https:\/\/miumjau.ee\/lt\/wp-json\/wp\/v2\/product_tag?post=47299"}],"curies":[{"name":"wp","href":"https:\/\/api.w.org\/{rel}","templated":true}]}}