{"id":47284,"date":"2025-06-29T15:21:37","date_gmt":"2025-06-29T12:21:37","guid":{"rendered":"https:\/\/miumjau.ee\/toode\/ontario-cheese-bits-skanestai-su-taurinu-75-g\/"},"modified":"2026-01-07T20:46:48","modified_gmt":"2026-01-07T18:46:48","slug":"ontario-cheese-bits-skanestai-su-taurinu-75-g","status":"publish","type":"product","link":"https:\/\/miumjau.ee\/lt\/produktas\/ontario-cheese-bits-skanestai-su-taurinu-75-g\/","title":{"rendered":"Ontario Cheese Bits skan\u0117stai su taurinu 75 g"},"content":{"rendered":"","protected":false},"excerpt":{"rendered":"<p data-start=\"1244\" data-end=\"1426\">Ontario skan\u0117stai yra lengvai por\u0117ti, pagalv\u0117l\u0117s formos, tra\u0161k\u016bs. Palepinkite savo kat\u0119 \u0161velnumu ir d\u0117mesiu, galvodami apie jos poreikius. Taurinas yra labai svarbus ka\u010di\u0173 sveikatai!<\/p>\n<p data-start=\"1428\" data-end=\"1726\"><strong data-start=\"1428\" data-end=\"1440\">Sud\u0117tis:<\/strong> gr\u016bdai 39,62%, m\u0117sa ir gyv\u016bnin\u0117s kilm\u0117s produktai 17,1% (vi\u0161tiena 8%), aliejai ir riebalai 14,6%, augalini\u0173 baltym\u0173 ekstraktai 13%, \u017euvis ir \u017euv\u0173 produktai 10%, pienas ir pieno produktai 4,3% (s\u016brio milteliai 4%), mineralin\u0117s med\u017eiagos 0,4%, sud\u0117tyje yra ES patvirtint\u0173 da\u017eikli\u0173 0,63%.<\/p>\n<p data-start=\"1728\" data-end=\"1852\"><strong data-start=\"1728\" data-end=\"1750\">Analitin\u0117 sud\u0117tis:<\/strong> \u017eali baltymai 31%, \u017eali aliejai ir riebalai 20%, \u017ealios skaidulos 1,5%, \u017eali pelenai 6%, dr\u0117gm\u0117 &lt;10%.<\/p>\n<p data-start=\"1854\" data-end=\"1971\"><strong data-start=\"1854\" data-end=\"1892\">Priedai 1 kg \/ Maistiniai priedai:<\/strong> vitaminas A 9000 TV, vitaminas D3 630 TV, vitaminas E 90 mg, taurinas 1000 mg.<\/p>\n<p data-start=\"1973\" data-end=\"2176\"><strong data-start=\"1973\" data-end=\"1988\">Kaip duoti?<\/strong><br data-start=\"1988\" data-end=\"1991\" \/>Duokite katei 5\u201315 skan\u0117st\u0173 per dien\u0105. Kiek\u012f pritaikykite pagal kat\u0117s am\u017ei\u0173, aktyvum\u0105 ir sveikatos b\u016bkl\u0119. Nepamir\u0161kite, kad katei visada turi b\u016bti prieinamas \u0161vie\u017eias geriamasis vanduo.<\/p>\n<p data-start=\"2178\" data-end=\"2229\"><strong data-start=\"2178\" data-end=\"2191\">Laikymas:<\/strong><br data-start=\"2191\" data-end=\"2194\" \/>Laikyti sausoje ir v\u0117sioje vietoje.<\/p>\n<p data-start=\"2231\" data-end=\"2279\">\ud83d\udc95 Padarykite savo kat\u0117s dien\u0105 skani\u0105 ir sveik\u0105!<\/p>\n","protected":false},"featured_media":47285,"template":"","meta":[],"product_brand":[],"product_cat":[527],"product_tag":[],"class_list":{"0":"post-47284","1":"product","2":"type-product","3":"status-publish","4":"has-post-thumbnail","6":"product_cat-skanestai","8":"first","9":"instock","10":"taxable","11":"shipping-taxable","12":"purchasable","13":"product-type-simple"},"yoast_head":"<!-- This site is optimized with the Yoast SEO plugin v27.2 - https:\/\/yoast.com\/product\/yoast-seo-wordpress\/ -->\n<title>Ontario Cheese Bits skan\u0117stai su taurinu 75 g - MiuMjau<\/title>\n<meta name=\"robots\" content=\"index, follow, max-snippet:-1, max-image-preview:large, max-video-preview:-1\" \/>\n<link rel=\"canonical\" href=\"https:\/\/miumjau.ee\/lt\/produktas\/ontario-cheese-bits-skanestai-su-taurinu-75-g\/\" \/>\n<meta property=\"og:locale\" content=\"lt_LT\" \/>\n<meta property=\"og:type\" content=\"article\" \/>\n<meta property=\"og:title\" content=\"Ontario Cheese Bits skan\u0117stai su taurinu 75 g - MiuMjau\" \/>\n<meta property=\"og:description\" content=\"Ontario skan\u0117stai yra lengvai por\u0117ti, pagalv\u0117l\u0117s formos, tra\u0161k\u016bs. Palepinkite savo kat\u0119 \u0161velnumu ir d\u0117mesiu, galvodami apie jos poreikius. Taurinas yra labai svarbus ka\u010di\u0173 sveikatai! Sud\u0117tis: gr\u016bdai 39,62%, m\u0117sa ir gyv\u016bnin\u0117s kilm\u0117s produktai 17,1% (vi\u0161tiena 8%), aliejai ir riebalai 14,6%, augalini\u0173 baltym\u0173 ekstraktai 13%, \u017euvis ir \u017euv\u0173 produktai 10%, pienas ir pieno produktai 4,3% (s\u016brio milteliai 4%), mineralin\u0117s med\u017eiagos 0,4%, sud\u0117tyje yra ES patvirtint\u0173 da\u017eikli\u0173 0,63%. Analitin\u0117 sud\u0117tis: \u017eali baltymai 31%, \u017eali aliejai ir riebalai 20%, \u017ealios skaidulos 1,5%, \u017eali pelenai 6%, dr\u0117gm\u0117 &lt;10%. Priedai 1 kg \/ Maistiniai priedai: vitaminas A 9000 TV, vitaminas D3 630 TV, vitaminas E 90 mg, taurinas 1000 mg. Kaip duoti?Duokite katei 5\u201315 skan\u0117st\u0173 per dien\u0105. Kiek\u012f pritaikykite pagal kat\u0117s am\u017ei\u0173, aktyvum\u0105 ir sveikatos b\u016bkl\u0119. Nepamir\u0161kite, kad katei visada turi b\u016bti prieinamas \u0161vie\u017eias geriamasis vanduo. Laikymas:Laikyti sausoje ir v\u0117sioje vietoje. \ud83d\udc95 Padarykite savo kat\u0117s dien\u0105 skani\u0105 ir sveik\u0105!\" \/>\n<meta property=\"og:url\" content=\"https:\/\/miumjau.ee\/lt\/produktas\/ontario-cheese-bits-skanestai-su-taurinu-75-g\/\" \/>\n<meta property=\"og:site_name\" content=\"MiuMjau\" \/>\n<meta property=\"article:publisher\" content=\"https:\/\/www.facebook.com\/miumjaupood\/\" \/>\n<meta property=\"article:modified_time\" content=\"2026-01-07T18:46:48+00:00\" \/>\n<meta property=\"og:image\" content=\"https:\/\/miumjau.ee\/wp-content\/uploads\/2025\/06\/kassi-maius-ontario-cheese-bits.jpg\" \/>\n\t<meta property=\"og:image:width\" content=\"600\" \/>\n\t<meta property=\"og:image:height\" content=\"800\" \/>\n\t<meta property=\"og:image:type\" content=\"image\/jpeg\" \/>\n<meta name=\"twitter:card\" content=\"summary_large_image\" \/>\n<script type=\"application\/ld+json\" class=\"yoast-schema-graph\">{\"@context\":\"https:\/\/schema.org\",\"@graph\":[{\"@type\":\"WebPage\",\"@id\":\"https:\/\/miumjau.ee\/lt\/produktas\/ontario-cheese-bits-skanestai-su-taurinu-75-g\/\",\"url\":\"https:\/\/miumjau.ee\/lt\/produktas\/ontario-cheese-bits-skanestai-su-taurinu-75-g\/\",\"name\":\"Ontario Cheese Bits skan\u0117stai su taurinu 75 g - MiuMjau\",\"isPartOf\":{\"@id\":\"https:\/\/miumjau.ee\/#website\"},\"primaryImageOfPage\":{\"@id\":\"https:\/\/miumjau.ee\/lt\/produktas\/ontario-cheese-bits-skanestai-su-taurinu-75-g\/#primaryimage\"},\"image\":{\"@id\":\"https:\/\/miumjau.ee\/lt\/produktas\/ontario-cheese-bits-skanestai-su-taurinu-75-g\/#primaryimage\"},\"thumbnailUrl\":\"https:\/\/miumjau.ee\/wp-content\/uploads\/2025\/06\/kassi-maius-ontario-cheese-bits.jpg\",\"datePublished\":\"2025-06-29T12:21:37+00:00\",\"dateModified\":\"2026-01-07T18:46:48+00:00\",\"breadcrumb\":{\"@id\":\"https:\/\/miumjau.ee\/lt\/produktas\/ontario-cheese-bits-skanestai-su-taurinu-75-g\/#breadcrumb\"},\"inLanguage\":\"lt-LT\",\"potentialAction\":[{\"@type\":\"ReadAction\",\"target\":[\"https:\/\/miumjau.ee\/lt\/produktas\/ontario-cheese-bits-skanestai-su-taurinu-75-g\/\"]}]},{\"@type\":\"ImageObject\",\"inLanguage\":\"lt-LT\",\"@id\":\"https:\/\/miumjau.ee\/lt\/produktas\/ontario-cheese-bits-skanestai-su-taurinu-75-g\/#primaryimage\",\"url\":\"https:\/\/miumjau.ee\/wp-content\/uploads\/2025\/06\/kassi-maius-ontario-cheese-bits.jpg\",\"contentUrl\":\"https:\/\/miumjau.ee\/wp-content\/uploads\/2025\/06\/kassi-maius-ontario-cheese-bits.jpg\",\"width\":600,\"height\":800},{\"@type\":\"BreadcrumbList\",\"@id\":\"https:\/\/miumjau.ee\/lt\/produktas\/ontario-cheese-bits-skanestai-su-taurinu-75-g\/#breadcrumb\",\"itemListElement\":[{\"@type\":\"ListItem\",\"position\":1,\"name\":\"Home\",\"item\":\"https:\/\/miumjau.ee\/lt\/\"},{\"@type\":\"ListItem\",\"position\":2,\"name\":\"Parduotuv\u0117\",\"item\":\"https:\/\/miumjau.ee\/lt\/parduotuve\/\"},{\"@type\":\"ListItem\",\"position\":3,\"name\":\"Ontario Cheese Bits skan\u0117stai su taurinu 75 g\"}]},{\"@type\":\"WebSite\",\"@id\":\"https:\/\/miumjau.ee\/#website\",\"url\":\"https:\/\/miumjau.ee\/\",\"name\":\"MiuMjau\",\"description\":\"Kraapimispuud kassidele\",\"publisher\":{\"@id\":\"https:\/\/miumjau.ee\/#organization\"},\"potentialAction\":[{\"@type\":\"SearchAction\",\"target\":{\"@type\":\"EntryPoint\",\"urlTemplate\":\"https:\/\/miumjau.ee\/?s={search_term_string}\"},\"query-input\":{\"@type\":\"PropertyValueSpecification\",\"valueRequired\":true,\"valueName\":\"search_term_string\"}}],\"inLanguage\":\"lt-LT\"},{\"@type\":\"Organization\",\"@id\":\"https:\/\/miumjau.ee\/#organization\",\"name\":\"MiuMjau O\u00dc\",\"url\":\"https:\/\/miumjau.ee\/\",\"logo\":{\"@type\":\"ImageObject\",\"inLanguage\":\"lt-LT\",\"@id\":\"https:\/\/miumjau.ee\/#\/schema\/logo\/image\/\",\"url\":\"https:\/\/miumjau.ee\/wp-content\/uploads\/2022\/04\/MiuMjau-logo-kollane.png\",\"contentUrl\":\"https:\/\/miumjau.ee\/wp-content\/uploads\/2022\/04\/MiuMjau-logo-kollane.png\",\"width\":219,\"height\":100,\"caption\":\"MiuMjau O\u00dc\"},\"image\":{\"@id\":\"https:\/\/miumjau.ee\/#\/schema\/logo\/image\/\"},\"sameAs\":[\"https:\/\/www.facebook.com\/miumjaupood\/\"]}]}<\/script>\n<!-- \/ Yoast SEO plugin. -->","yoast_head_json":{"title":"Ontario Cheese Bits skan\u0117stai su taurinu 75 g - MiuMjau","robots":{"index":"index","follow":"follow","max-snippet":"max-snippet:-1","max-image-preview":"max-image-preview:large","max-video-preview":"max-video-preview:-1"},"canonical":"https:\/\/miumjau.ee\/lt\/produktas\/ontario-cheese-bits-skanestai-su-taurinu-75-g\/","og_locale":"lt_LT","og_type":"article","og_title":"Ontario Cheese Bits skan\u0117stai su taurinu 75 g - MiuMjau","og_description":"Ontario skan\u0117stai yra lengvai por\u0117ti, pagalv\u0117l\u0117s formos, tra\u0161k\u016bs. Palepinkite savo kat\u0119 \u0161velnumu ir d\u0117mesiu, galvodami apie jos poreikius. Taurinas yra labai svarbus ka\u010di\u0173 sveikatai! Sud\u0117tis: gr\u016bdai 39,62%, m\u0117sa ir gyv\u016bnin\u0117s kilm\u0117s produktai 17,1% (vi\u0161tiena 8%), aliejai ir riebalai 14,6%, augalini\u0173 baltym\u0173 ekstraktai 13%, \u017euvis ir \u017euv\u0173 produktai 10%, pienas ir pieno produktai 4,3% (s\u016brio milteliai 4%), mineralin\u0117s med\u017eiagos 0,4%, sud\u0117tyje yra ES patvirtint\u0173 da\u017eikli\u0173 0,63%. Analitin\u0117 sud\u0117tis: \u017eali baltymai 31%, \u017eali aliejai ir riebalai 20%, \u017ealios skaidulos 1,5%, \u017eali pelenai 6%, dr\u0117gm\u0117 &lt;10%. Priedai 1 kg \/ Maistiniai priedai: vitaminas A 9000 TV, vitaminas D3 630 TV, vitaminas E 90 mg, taurinas 1000 mg. Kaip duoti?Duokite katei 5\u201315 skan\u0117st\u0173 per dien\u0105. Kiek\u012f pritaikykite pagal kat\u0117s am\u017ei\u0173, aktyvum\u0105 ir sveikatos b\u016bkl\u0119. Nepamir\u0161kite, kad katei visada turi b\u016bti prieinamas \u0161vie\u017eias geriamasis vanduo. Laikymas:Laikyti sausoje ir v\u0117sioje vietoje. \ud83d\udc95 Padarykite savo kat\u0117s dien\u0105 skani\u0105 ir sveik\u0105!","og_url":"https:\/\/miumjau.ee\/lt\/produktas\/ontario-cheese-bits-skanestai-su-taurinu-75-g\/","og_site_name":"MiuMjau","article_publisher":"https:\/\/www.facebook.com\/miumjaupood\/","article_modified_time":"2026-01-07T18:46:48+00:00","og_image":[{"width":600,"height":800,"url":"https:\/\/miumjau.ee\/wp-content\/uploads\/2025\/06\/kassi-maius-ontario-cheese-bits.jpg","type":"image\/jpeg"}],"twitter_card":"summary_large_image","schema":{"@context":"https:\/\/schema.org","@graph":[{"@type":"WebPage","@id":"https:\/\/miumjau.ee\/lt\/produktas\/ontario-cheese-bits-skanestai-su-taurinu-75-g\/","url":"https:\/\/miumjau.ee\/lt\/produktas\/ontario-cheese-bits-skanestai-su-taurinu-75-g\/","name":"Ontario Cheese Bits skan\u0117stai su taurinu 75 g - MiuMjau","isPartOf":{"@id":"https:\/\/miumjau.ee\/#website"},"primaryImageOfPage":{"@id":"https:\/\/miumjau.ee\/lt\/produktas\/ontario-cheese-bits-skanestai-su-taurinu-75-g\/#primaryimage"},"image":{"@id":"https:\/\/miumjau.ee\/lt\/produktas\/ontario-cheese-bits-skanestai-su-taurinu-75-g\/#primaryimage"},"thumbnailUrl":"https:\/\/miumjau.ee\/wp-content\/uploads\/2025\/06\/kassi-maius-ontario-cheese-bits.jpg","datePublished":"2025-06-29T12:21:37+00:00","dateModified":"2026-01-07T18:46:48+00:00","breadcrumb":{"@id":"https:\/\/miumjau.ee\/lt\/produktas\/ontario-cheese-bits-skanestai-su-taurinu-75-g\/#breadcrumb"},"inLanguage":"lt-LT","potentialAction":[{"@type":"ReadAction","target":["https:\/\/miumjau.ee\/lt\/produktas\/ontario-cheese-bits-skanestai-su-taurinu-75-g\/"]}]},{"@type":"ImageObject","inLanguage":"lt-LT","@id":"https:\/\/miumjau.ee\/lt\/produktas\/ontario-cheese-bits-skanestai-su-taurinu-75-g\/#primaryimage","url":"https:\/\/miumjau.ee\/wp-content\/uploads\/2025\/06\/kassi-maius-ontario-cheese-bits.jpg","contentUrl":"https:\/\/miumjau.ee\/wp-content\/uploads\/2025\/06\/kassi-maius-ontario-cheese-bits.jpg","width":600,"height":800},{"@type":"BreadcrumbList","@id":"https:\/\/miumjau.ee\/lt\/produktas\/ontario-cheese-bits-skanestai-su-taurinu-75-g\/#breadcrumb","itemListElement":[{"@type":"ListItem","position":1,"name":"Home","item":"https:\/\/miumjau.ee\/lt\/"},{"@type":"ListItem","position":2,"name":"Parduotuv\u0117","item":"https:\/\/miumjau.ee\/lt\/parduotuve\/"},{"@type":"ListItem","position":3,"name":"Ontario Cheese Bits skan\u0117stai su taurinu 75 g"}]},{"@type":"WebSite","@id":"https:\/\/miumjau.ee\/#website","url":"https:\/\/miumjau.ee\/","name":"MiuMjau","description":"Kraapimispuud kassidele","publisher":{"@id":"https:\/\/miumjau.ee\/#organization"},"potentialAction":[{"@type":"SearchAction","target":{"@type":"EntryPoint","urlTemplate":"https:\/\/miumjau.ee\/?s={search_term_string}"},"query-input":{"@type":"PropertyValueSpecification","valueRequired":true,"valueName":"search_term_string"}}],"inLanguage":"lt-LT"},{"@type":"Organization","@id":"https:\/\/miumjau.ee\/#organization","name":"MiuMjau O\u00dc","url":"https:\/\/miumjau.ee\/","logo":{"@type":"ImageObject","inLanguage":"lt-LT","@id":"https:\/\/miumjau.ee\/#\/schema\/logo\/image\/","url":"https:\/\/miumjau.ee\/wp-content\/uploads\/2022\/04\/MiuMjau-logo-kollane.png","contentUrl":"https:\/\/miumjau.ee\/wp-content\/uploads\/2022\/04\/MiuMjau-logo-kollane.png","width":219,"height":100,"caption":"MiuMjau O\u00dc"},"image":{"@id":"https:\/\/miumjau.ee\/#\/schema\/logo\/image\/"},"sameAs":["https:\/\/www.facebook.com\/miumjaupood\/"]}]}},"_links":{"self":[{"href":"https:\/\/miumjau.ee\/lt\/wp-json\/wp\/v2\/product\/47284","targetHints":{"allow":["GET"]}}],"collection":[{"href":"https:\/\/miumjau.ee\/lt\/wp-json\/wp\/v2\/product"}],"about":[{"href":"https:\/\/miumjau.ee\/lt\/wp-json\/wp\/v2\/types\/product"}],"wp:featuredmedia":[{"embeddable":true,"href":"https:\/\/miumjau.ee\/lt\/wp-json\/wp\/v2\/media\/47285"}],"wp:attachment":[{"href":"https:\/\/miumjau.ee\/lt\/wp-json\/wp\/v2\/media?parent=47284"}],"wp:term":[{"taxonomy":"product_brand","embeddable":true,"href":"https:\/\/miumjau.ee\/lt\/wp-json\/wp\/v2\/product_brand?post=47284"},{"taxonomy":"product_cat","embeddable":true,"href":"https:\/\/miumjau.ee\/lt\/wp-json\/wp\/v2\/product_cat?post=47284"},{"taxonomy":"product_tag","embeddable":true,"href":"https:\/\/miumjau.ee\/lt\/wp-json\/wp\/v2\/product_tag?post=47284"}],"curies":[{"name":"wp","href":"https:\/\/api.w.org\/{rel}","templated":true}]}}