{"id":47150,"date":"2025-12-02T13:13:56","date_gmt":"2025-12-02T11:13:56","guid":{"rendered":"https:\/\/miumjau.ee\/toode\/eat-slow-live-longer-star-dubuo-melynas-l\/"},"modified":"2026-01-07T20:46:48","modified_gmt":"2026-01-07T18:46:48","slug":"eat-slow-live-longer-star-dubuo-melynas-l","status":"publish","type":"product","link":"https:\/\/miumjau.ee\/lt\/produktas\/eat-slow-live-longer-star-dubuo-melynas-l\/","title":{"rendered":"Eat Slow Live Longer Star Dubuo, M\u0117lynas L"},"content":{"rendered":"","protected":false},"excerpt":{"rendered":"<p data-start=\"4079\" data-end=\"4176\">Puikus dubuo kasdieniam naudojimui \u0161unims, kurie valgo per greitai ir tinkamai nekramto maisto.<\/p>\n<p data-start=\"4178\" data-end=\"4195\"><strong data-start=\"4178\" data-end=\"4193\">Privalumai:<\/strong><\/p>\n<ul data-start=\"4196\" data-end=\"4338\">\n<li data-start=\"4196\" data-end=\"4238\">\n<p data-start=\"4198\" data-end=\"4238\">Sulaiko rijim\u0105 ir skatina l\u0117t\u0105 valgym\u0105<\/p>\n<\/li>\n<li data-start=\"4239\" data-end=\"4283\">\n<p data-start=\"4241\" data-end=\"4283\">Pagamintas i\u0161 tvirto ir saugaus plastiko<\/p>\n<\/li>\n<li data-start=\"4284\" data-end=\"4312\">\n<p data-start=\"4286\" data-end=\"4312\">Tinka plauti indaplov\u0117je<\/p>\n<\/li>\n<li data-start=\"4313\" data-end=\"4338\">\n<p data-start=\"4315\" data-end=\"4338\">Neslystan\u010dios kojel\u0117s<\/p>\n<\/li>\n<\/ul>\n<p data-start=\"4340\" data-end=\"4611\">Eat Slow Live Longer Star l\u0117to \u0117dimo dubuo padaro greit\u0105 valgym\u0105 praeitimi! Ra\u0161tuotas dubuo apsunkina prieig\u0105 prie sauso maisto, tod\u0117l \u0161uo ar kat\u0117 ima ma\u017eesnius k\u0105snius, valgo l\u0117\u010diau ir geriau kramto. Dubuo turi neslystan\u010dias kojeles ir yra tinkamas plauti indaplov\u0117je.<\/p>\n<p data-start=\"4613\" data-end=\"4916\"><strong data-start=\"4613\" data-end=\"4653\">Kod\u0117l l\u0117tesnis valgymas yra svarbus:<\/strong><br data-start=\"4653\" data-end=\"4656\" \/>Per greitas valgymas ar rijimas gali sukelti sveikatos problem\u0173, toki\u0173 kaip nutukimas (nes maistas nesuvir\u0161kinamas tinkamai), skrand\u017eio pos\u016bkis ir duj\u0173 kaupimasis (nes gyv\u016bnas nurija daugiau oro). L\u0117to \u0117dimo dubuo padeda suma\u017einti arba i\u0161vengti \u0161i\u0173 problem\u0173.<\/p>\n<p data-start=\"4918\" data-end=\"5036\"><strong data-start=\"4918\" data-end=\"4931\">Med\u017eiaga:<\/strong> Eat Slow Live Longer l\u0117to \u0117dimo dubuo pagamintas i\u0161 saugaus plastiko. Neslystan\u010dios kojel\u0117s \u2013 gumin\u0117s.<\/p>\n<p data-start=\"5038\" data-end=\"5231\"><strong data-start=\"5038\" data-end=\"5053\">Naudojimas:<\/strong> Naudokite duben\u012f sausam maistui kasdien. Paskirstykite maist\u0105 tolygiai dubens dugne. Duben\u012f galima naudoti ir skan\u0117stams, kad \u0161uo ar kat\u0117 tur\u0117t\u0173 padirb\u0117ti, kad gaut\u0173 skan\u0117st\u0105.<\/p>\n<p data-start=\"5233\" data-end=\"5282\"><strong data-start=\"5233\" data-end=\"5246\">Matmenys:<\/strong><br data-start=\"5246\" data-end=\"5249\" \/>XS: 14 cm<br data-start=\"5258\" data-end=\"5261\" \/>S: 20,5 cm<br data-start=\"5271\" data-end=\"5274\" \/>L: 30 cm<\/p>\n","protected":false},"featured_media":46570,"template":"","meta":[],"product_brand":[],"product_cat":[543],"product_tag":[],"class_list":{"0":"post-47150","1":"product","2":"type-product","3":"status-publish","4":"has-post-thumbnail","6":"product_cat-maisto-ir-gerimu-indai","8":"first","9":"instock","10":"taxable","11":"shipping-taxable","12":"purchasable","13":"product-type-simple"},"yoast_head":"<!-- This site is optimized with the Yoast SEO plugin v27.2 - https:\/\/yoast.com\/product\/yoast-seo-wordpress\/ -->\n<title>Eat Slow Live Longer Star Dubuo, M\u0117lynas L - MiuMjau<\/title>\n<meta name=\"robots\" content=\"index, follow, max-snippet:-1, max-image-preview:large, max-video-preview:-1\" \/>\n<link rel=\"canonical\" href=\"https:\/\/miumjau.ee\/lt\/produktas\/eat-slow-live-longer-star-dubuo-melynas-l\/\" \/>\n<meta property=\"og:locale\" content=\"lt_LT\" \/>\n<meta property=\"og:type\" content=\"article\" \/>\n<meta property=\"og:title\" content=\"Eat Slow Live Longer Star Dubuo, M\u0117lynas L - MiuMjau\" \/>\n<meta property=\"og:description\" content=\"Puikus dubuo kasdieniam naudojimui \u0161unims, kurie valgo per greitai ir tinkamai nekramto maisto. Privalumai:     Sulaiko rijim\u0105 ir skatina l\u0117t\u0105 valgym\u0105    Pagamintas i\u0161 tvirto ir saugaus plastiko    Tinka plauti indaplov\u0117je    Neslystan\u010dios kojel\u0117s   Eat Slow Live Longer Star l\u0117to \u0117dimo dubuo padaro greit\u0105 valgym\u0105 praeitimi! Ra\u0161tuotas dubuo apsunkina prieig\u0105 prie sauso maisto, tod\u0117l \u0161uo ar kat\u0117 ima ma\u017eesnius k\u0105snius, valgo l\u0117\u010diau ir geriau kramto. Dubuo turi neslystan\u010dias kojeles ir yra tinkamas plauti indaplov\u0117je. Kod\u0117l l\u0117tesnis valgymas yra svarbus:Per greitas valgymas ar rijimas gali sukelti sveikatos problem\u0173, toki\u0173 kaip nutukimas (nes maistas nesuvir\u0161kinamas tinkamai), skrand\u017eio pos\u016bkis ir duj\u0173 kaupimasis (nes gyv\u016bnas nurija daugiau oro). L\u0117to \u0117dimo dubuo padeda suma\u017einti arba i\u0161vengti \u0161i\u0173 problem\u0173. Med\u017eiaga: Eat Slow Live Longer l\u0117to \u0117dimo dubuo pagamintas i\u0161 saugaus plastiko. Neslystan\u010dios kojel\u0117s \u2013 gumin\u0117s. Naudojimas: Naudokite duben\u012f sausam maistui kasdien. Paskirstykite maist\u0105 tolygiai dubens dugne. Duben\u012f galima naudoti ir skan\u0117stams, kad \u0161uo ar kat\u0117 tur\u0117t\u0173 padirb\u0117ti, kad gaut\u0173 skan\u0117st\u0105. Matmenys:XS: 14 cmS: 20,5 cmL: 30 cm\" \/>\n<meta property=\"og:url\" content=\"https:\/\/miumjau.ee\/lt\/produktas\/eat-slow-live-longer-star-dubuo-melynas-l\/\" \/>\n<meta property=\"og:site_name\" content=\"MiuMjau\" \/>\n<meta property=\"article:publisher\" content=\"https:\/\/www.facebook.com\/miumjaupood\/\" \/>\n<meta property=\"article:modified_time\" content=\"2026-01-07T18:46:48+00:00\" \/>\n<meta property=\"og:image\" content=\"https:\/\/miumjau.ee\/wp-content\/uploads\/2025\/12\/eat-slow-live-longer-kauss-Lsize2.jpg\" \/>\n\t<meta property=\"og:image:width\" content=\"600\" \/>\n\t<meta property=\"og:image:height\" content=\"800\" \/>\n\t<meta property=\"og:image:type\" content=\"image\/jpeg\" \/>\n<meta name=\"twitter:card\" content=\"summary_large_image\" \/>\n<script type=\"application\/ld+json\" class=\"yoast-schema-graph\">{\"@context\":\"https:\/\/schema.org\",\"@graph\":[{\"@type\":\"WebPage\",\"@id\":\"https:\/\/miumjau.ee\/lt\/produktas\/eat-slow-live-longer-star-dubuo-melynas-l\/\",\"url\":\"https:\/\/miumjau.ee\/lt\/produktas\/eat-slow-live-longer-star-dubuo-melynas-l\/\",\"name\":\"Eat Slow Live Longer Star Dubuo, M\u0117lynas L - MiuMjau\",\"isPartOf\":{\"@id\":\"https:\/\/miumjau.ee\/#website\"},\"primaryImageOfPage\":{\"@id\":\"https:\/\/miumjau.ee\/lt\/produktas\/eat-slow-live-longer-star-dubuo-melynas-l\/#primaryimage\"},\"image\":{\"@id\":\"https:\/\/miumjau.ee\/lt\/produktas\/eat-slow-live-longer-star-dubuo-melynas-l\/#primaryimage\"},\"thumbnailUrl\":\"https:\/\/miumjau.ee\/wp-content\/uploads\/2025\/12\/eat-slow-live-longer-kauss-Lsize2.jpg\",\"datePublished\":\"2025-12-02T11:13:56+00:00\",\"dateModified\":\"2026-01-07T18:46:48+00:00\",\"breadcrumb\":{\"@id\":\"https:\/\/miumjau.ee\/lt\/produktas\/eat-slow-live-longer-star-dubuo-melynas-l\/#breadcrumb\"},\"inLanguage\":\"lt-LT\",\"potentialAction\":[{\"@type\":\"ReadAction\",\"target\":[\"https:\/\/miumjau.ee\/lt\/produktas\/eat-slow-live-longer-star-dubuo-melynas-l\/\"]}]},{\"@type\":\"ImageObject\",\"inLanguage\":\"lt-LT\",\"@id\":\"https:\/\/miumjau.ee\/lt\/produktas\/eat-slow-live-longer-star-dubuo-melynas-l\/#primaryimage\",\"url\":\"https:\/\/miumjau.ee\/wp-content\/uploads\/2025\/12\/eat-slow-live-longer-kauss-Lsize2.jpg\",\"contentUrl\":\"https:\/\/miumjau.ee\/wp-content\/uploads\/2025\/12\/eat-slow-live-longer-kauss-Lsize2.jpg\",\"width\":600,\"height\":800,\"caption\":\"Eat slow live longer Star kauss, sinine L\"},{\"@type\":\"BreadcrumbList\",\"@id\":\"https:\/\/miumjau.ee\/lt\/produktas\/eat-slow-live-longer-star-dubuo-melynas-l\/#breadcrumb\",\"itemListElement\":[{\"@type\":\"ListItem\",\"position\":1,\"name\":\"Home\",\"item\":\"https:\/\/miumjau.ee\/lt\/\"},{\"@type\":\"ListItem\",\"position\":2,\"name\":\"Parduotuv\u0117\",\"item\":\"https:\/\/miumjau.ee\/lt\/parduotuve\/\"},{\"@type\":\"ListItem\",\"position\":3,\"name\":\"Eat Slow Live Longer Star Dubuo, M\u0117lynas L\"}]},{\"@type\":\"WebSite\",\"@id\":\"https:\/\/miumjau.ee\/#website\",\"url\":\"https:\/\/miumjau.ee\/\",\"name\":\"MiuMjau\",\"description\":\"Kraapimispuud kassidele\",\"publisher\":{\"@id\":\"https:\/\/miumjau.ee\/#organization\"},\"potentialAction\":[{\"@type\":\"SearchAction\",\"target\":{\"@type\":\"EntryPoint\",\"urlTemplate\":\"https:\/\/miumjau.ee\/?s={search_term_string}\"},\"query-input\":{\"@type\":\"PropertyValueSpecification\",\"valueRequired\":true,\"valueName\":\"search_term_string\"}}],\"inLanguage\":\"lt-LT\"},{\"@type\":\"Organization\",\"@id\":\"https:\/\/miumjau.ee\/#organization\",\"name\":\"MiuMjau O\u00dc\",\"url\":\"https:\/\/miumjau.ee\/\",\"logo\":{\"@type\":\"ImageObject\",\"inLanguage\":\"lt-LT\",\"@id\":\"https:\/\/miumjau.ee\/#\/schema\/logo\/image\/\",\"url\":\"https:\/\/miumjau.ee\/wp-content\/uploads\/2022\/04\/MiuMjau-logo-kollane.png\",\"contentUrl\":\"https:\/\/miumjau.ee\/wp-content\/uploads\/2022\/04\/MiuMjau-logo-kollane.png\",\"width\":219,\"height\":100,\"caption\":\"MiuMjau O\u00dc\"},\"image\":{\"@id\":\"https:\/\/miumjau.ee\/#\/schema\/logo\/image\/\"},\"sameAs\":[\"https:\/\/www.facebook.com\/miumjaupood\/\"]}]}<\/script>\n<!-- \/ Yoast SEO plugin. -->","yoast_head_json":{"title":"Eat Slow Live Longer Star Dubuo, M\u0117lynas L - MiuMjau","robots":{"index":"index","follow":"follow","max-snippet":"max-snippet:-1","max-image-preview":"max-image-preview:large","max-video-preview":"max-video-preview:-1"},"canonical":"https:\/\/miumjau.ee\/lt\/produktas\/eat-slow-live-longer-star-dubuo-melynas-l\/","og_locale":"lt_LT","og_type":"article","og_title":"Eat Slow Live Longer Star Dubuo, M\u0117lynas L - MiuMjau","og_description":"Puikus dubuo kasdieniam naudojimui \u0161unims, kurie valgo per greitai ir tinkamai nekramto maisto. Privalumai:     Sulaiko rijim\u0105 ir skatina l\u0117t\u0105 valgym\u0105    Pagamintas i\u0161 tvirto ir saugaus plastiko    Tinka plauti indaplov\u0117je    Neslystan\u010dios kojel\u0117s   Eat Slow Live Longer Star l\u0117to \u0117dimo dubuo padaro greit\u0105 valgym\u0105 praeitimi! Ra\u0161tuotas dubuo apsunkina prieig\u0105 prie sauso maisto, tod\u0117l \u0161uo ar kat\u0117 ima ma\u017eesnius k\u0105snius, valgo l\u0117\u010diau ir geriau kramto. Dubuo turi neslystan\u010dias kojeles ir yra tinkamas plauti indaplov\u0117je. Kod\u0117l l\u0117tesnis valgymas yra svarbus:Per greitas valgymas ar rijimas gali sukelti sveikatos problem\u0173, toki\u0173 kaip nutukimas (nes maistas nesuvir\u0161kinamas tinkamai), skrand\u017eio pos\u016bkis ir duj\u0173 kaupimasis (nes gyv\u016bnas nurija daugiau oro). L\u0117to \u0117dimo dubuo padeda suma\u017einti arba i\u0161vengti \u0161i\u0173 problem\u0173. Med\u017eiaga: Eat Slow Live Longer l\u0117to \u0117dimo dubuo pagamintas i\u0161 saugaus plastiko. Neslystan\u010dios kojel\u0117s \u2013 gumin\u0117s. Naudojimas: Naudokite duben\u012f sausam maistui kasdien. Paskirstykite maist\u0105 tolygiai dubens dugne. Duben\u012f galima naudoti ir skan\u0117stams, kad \u0161uo ar kat\u0117 tur\u0117t\u0173 padirb\u0117ti, kad gaut\u0173 skan\u0117st\u0105. Matmenys:XS: 14 cmS: 20,5 cmL: 30 cm","og_url":"https:\/\/miumjau.ee\/lt\/produktas\/eat-slow-live-longer-star-dubuo-melynas-l\/","og_site_name":"MiuMjau","article_publisher":"https:\/\/www.facebook.com\/miumjaupood\/","article_modified_time":"2026-01-07T18:46:48+00:00","og_image":[{"width":600,"height":800,"url":"https:\/\/miumjau.ee\/wp-content\/uploads\/2025\/12\/eat-slow-live-longer-kauss-Lsize2.jpg","type":"image\/jpeg"}],"twitter_card":"summary_large_image","schema":{"@context":"https:\/\/schema.org","@graph":[{"@type":"WebPage","@id":"https:\/\/miumjau.ee\/lt\/produktas\/eat-slow-live-longer-star-dubuo-melynas-l\/","url":"https:\/\/miumjau.ee\/lt\/produktas\/eat-slow-live-longer-star-dubuo-melynas-l\/","name":"Eat Slow Live Longer Star Dubuo, M\u0117lynas L - MiuMjau","isPartOf":{"@id":"https:\/\/miumjau.ee\/#website"},"primaryImageOfPage":{"@id":"https:\/\/miumjau.ee\/lt\/produktas\/eat-slow-live-longer-star-dubuo-melynas-l\/#primaryimage"},"image":{"@id":"https:\/\/miumjau.ee\/lt\/produktas\/eat-slow-live-longer-star-dubuo-melynas-l\/#primaryimage"},"thumbnailUrl":"https:\/\/miumjau.ee\/wp-content\/uploads\/2025\/12\/eat-slow-live-longer-kauss-Lsize2.jpg","datePublished":"2025-12-02T11:13:56+00:00","dateModified":"2026-01-07T18:46:48+00:00","breadcrumb":{"@id":"https:\/\/miumjau.ee\/lt\/produktas\/eat-slow-live-longer-star-dubuo-melynas-l\/#breadcrumb"},"inLanguage":"lt-LT","potentialAction":[{"@type":"ReadAction","target":["https:\/\/miumjau.ee\/lt\/produktas\/eat-slow-live-longer-star-dubuo-melynas-l\/"]}]},{"@type":"ImageObject","inLanguage":"lt-LT","@id":"https:\/\/miumjau.ee\/lt\/produktas\/eat-slow-live-longer-star-dubuo-melynas-l\/#primaryimage","url":"https:\/\/miumjau.ee\/wp-content\/uploads\/2025\/12\/eat-slow-live-longer-kauss-Lsize2.jpg","contentUrl":"https:\/\/miumjau.ee\/wp-content\/uploads\/2025\/12\/eat-slow-live-longer-kauss-Lsize2.jpg","width":600,"height":800,"caption":"Eat slow live longer Star kauss, sinine L"},{"@type":"BreadcrumbList","@id":"https:\/\/miumjau.ee\/lt\/produktas\/eat-slow-live-longer-star-dubuo-melynas-l\/#breadcrumb","itemListElement":[{"@type":"ListItem","position":1,"name":"Home","item":"https:\/\/miumjau.ee\/lt\/"},{"@type":"ListItem","position":2,"name":"Parduotuv\u0117","item":"https:\/\/miumjau.ee\/lt\/parduotuve\/"},{"@type":"ListItem","position":3,"name":"Eat Slow Live Longer Star Dubuo, M\u0117lynas L"}]},{"@type":"WebSite","@id":"https:\/\/miumjau.ee\/#website","url":"https:\/\/miumjau.ee\/","name":"MiuMjau","description":"Kraapimispuud kassidele","publisher":{"@id":"https:\/\/miumjau.ee\/#organization"},"potentialAction":[{"@type":"SearchAction","target":{"@type":"EntryPoint","urlTemplate":"https:\/\/miumjau.ee\/?s={search_term_string}"},"query-input":{"@type":"PropertyValueSpecification","valueRequired":true,"valueName":"search_term_string"}}],"inLanguage":"lt-LT"},{"@type":"Organization","@id":"https:\/\/miumjau.ee\/#organization","name":"MiuMjau O\u00dc","url":"https:\/\/miumjau.ee\/","logo":{"@type":"ImageObject","inLanguage":"lt-LT","@id":"https:\/\/miumjau.ee\/#\/schema\/logo\/image\/","url":"https:\/\/miumjau.ee\/wp-content\/uploads\/2022\/04\/MiuMjau-logo-kollane.png","contentUrl":"https:\/\/miumjau.ee\/wp-content\/uploads\/2022\/04\/MiuMjau-logo-kollane.png","width":219,"height":100,"caption":"MiuMjau O\u00dc"},"image":{"@id":"https:\/\/miumjau.ee\/#\/schema\/logo\/image\/"},"sameAs":["https:\/\/www.facebook.com\/miumjaupood\/"]}]}},"_links":{"self":[{"href":"https:\/\/miumjau.ee\/lt\/wp-json\/wp\/v2\/product\/47150","targetHints":{"allow":["GET"]}}],"collection":[{"href":"https:\/\/miumjau.ee\/lt\/wp-json\/wp\/v2\/product"}],"about":[{"href":"https:\/\/miumjau.ee\/lt\/wp-json\/wp\/v2\/types\/product"}],"wp:featuredmedia":[{"embeddable":true,"href":"https:\/\/miumjau.ee\/lt\/wp-json\/wp\/v2\/media\/46570"}],"wp:attachment":[{"href":"https:\/\/miumjau.ee\/lt\/wp-json\/wp\/v2\/media?parent=47150"}],"wp:term":[{"taxonomy":"product_brand","embeddable":true,"href":"https:\/\/miumjau.ee\/lt\/wp-json\/wp\/v2\/product_brand?post=47150"},{"taxonomy":"product_cat","embeddable":true,"href":"https:\/\/miumjau.ee\/lt\/wp-json\/wp\/v2\/product_cat?post=47150"},{"taxonomy":"product_tag","embeddable":true,"href":"https:\/\/miumjau.ee\/lt\/wp-json\/wp\/v2\/product_tag?post=47150"}],"curies":[{"name":"wp","href":"https:\/\/api.w.org\/{rel}","templated":true}]}}