{"id":47130,"date":"2025-12-02T13:10:36","date_gmt":"2025-12-02T11:10:36","guid":{"rendered":"https:\/\/miumjau.ee\/toode\/eat-slow-live-longer-dubuo-violetinis-s\/"},"modified":"2026-01-07T20:46:55","modified_gmt":"2026-01-07T18:46:55","slug":"eat-slow-live-longer-dubuo-violetinis-s","status":"publish","type":"product","link":"https:\/\/miumjau.ee\/lt\/produktas\/eat-slow-live-longer-dubuo-violetinis-s\/","title":{"rendered":"Eat Slow Live Longer Dubuo, Violetinis S"},"content":{"rendered":"","protected":false},"excerpt":{"rendered":"<p data-start=\"3215\" data-end=\"3486\">Eat Slow Live Longer Original l\u0117to \u0117dimo dubuo padaro greit\u0105 \u0117dim\u0105 praeitimi! Ra\u0161tuotas dubuo apsunkina prieig\u0105 prie sauso maisto, tod\u0117l \u0161uo ar kat\u0117 ima ma\u017eesnius k\u0105snius, valgo l\u0117\u010diau ir geriau kramto. Dubuo turi neslystan\u010dias kojeles ir yra tinkamas plauti indaplov\u0117je.<\/p>\n<p data-start=\"3488\" data-end=\"3779\"><strong data-start=\"3488\" data-end=\"3527\">Kod\u0117l l\u0117tesnis valgymas yra svarbus<\/strong><br data-start=\"3527\" data-end=\"3530\" \/>Per greitas valgymas ar rijimas gali sukelti \u012fvairias problemas, tokias kaip nutukimas (nes maistas nesuvir\u0161kinamas tinkamai), skrand\u017eio pos\u016bkis ir dujos (nes gyv\u016bnas nurija daugiau oro). L\u0117to \u0117dimo dubuo padeda suma\u017einti arba i\u0161vengti \u0161i\u0173 problem\u0173.<\/p>\n<p data-start=\"3781\" data-end=\"3886\"><strong data-start=\"3781\" data-end=\"3794\">Med\u017eiaga:<\/strong> Eat Slow Live Longer dubuo pagamintas i\u0161 saugaus plastiko. Neslystan\u010dios kojel\u0117s \u2013 gumin\u0117s.<\/p>\n<p data-start=\"3888\" data-end=\"4085\"><strong data-start=\"3888\" data-end=\"3903\">Naudojimas:<\/strong> Naudokite duben\u012f sausam maistui kasdien. Paskirstykite saus\u0105 maist\u0105 tolygiai dubens dugne. Duben\u012f galima naudoti ir skan\u0117stams, kad \u0161uo ar kat\u0117 tur\u0117t\u0173 padirb\u0117ti, kad gaut\u0173 skan\u0117st\u0105.<\/p>\n<p data-start=\"4087\" data-end=\"4132\"><strong data-start=\"4087\" data-end=\"4100\">Matmenys:<\/strong><br data-start=\"4100\" data-end=\"4103\" \/>S: 20,5 x 5 cm<br data-start=\"4117\" data-end=\"4120\" \/>L: 30 x 7 cm<\/p>\n","protected":false},"featured_media":46546,"template":"","meta":[],"product_brand":[],"product_cat":[543],"product_tag":[],"class_list":{"0":"post-47130","1":"product","2":"type-product","3":"status-publish","4":"has-post-thumbnail","6":"product_cat-maisto-ir-gerimu-indai","8":"first","9":"instock","10":"taxable","11":"shipping-taxable","12":"purchasable","13":"product-type-simple"},"yoast_head":"<!-- This site is optimized with the Yoast SEO plugin v27.2 - https:\/\/yoast.com\/product\/yoast-seo-wordpress\/ -->\n<title>Eat Slow Live Longer Dubuo, Violetinis S - MiuMjau<\/title>\n<meta name=\"robots\" content=\"index, follow, max-snippet:-1, max-image-preview:large, max-video-preview:-1\" \/>\n<link rel=\"canonical\" href=\"https:\/\/miumjau.ee\/lt\/produktas\/eat-slow-live-longer-dubuo-violetinis-s\/\" \/>\n<meta property=\"og:locale\" content=\"lt_LT\" \/>\n<meta property=\"og:type\" content=\"article\" \/>\n<meta property=\"og:title\" content=\"Eat Slow Live Longer Dubuo, Violetinis S - MiuMjau\" \/>\n<meta property=\"og:description\" content=\"Eat Slow Live Longer Original l\u0117to \u0117dimo dubuo padaro greit\u0105 \u0117dim\u0105 praeitimi! Ra\u0161tuotas dubuo apsunkina prieig\u0105 prie sauso maisto, tod\u0117l \u0161uo ar kat\u0117 ima ma\u017eesnius k\u0105snius, valgo l\u0117\u010diau ir geriau kramto. Dubuo turi neslystan\u010dias kojeles ir yra tinkamas plauti indaplov\u0117je. Kod\u0117l l\u0117tesnis valgymas yra svarbusPer greitas valgymas ar rijimas gali sukelti \u012fvairias problemas, tokias kaip nutukimas (nes maistas nesuvir\u0161kinamas tinkamai), skrand\u017eio pos\u016bkis ir dujos (nes gyv\u016bnas nurija daugiau oro). L\u0117to \u0117dimo dubuo padeda suma\u017einti arba i\u0161vengti \u0161i\u0173 problem\u0173. Med\u017eiaga: Eat Slow Live Longer dubuo pagamintas i\u0161 saugaus plastiko. Neslystan\u010dios kojel\u0117s \u2013 gumin\u0117s. Naudojimas: Naudokite duben\u012f sausam maistui kasdien. Paskirstykite saus\u0105 maist\u0105 tolygiai dubens dugne. Duben\u012f galima naudoti ir skan\u0117stams, kad \u0161uo ar kat\u0117 tur\u0117t\u0173 padirb\u0117ti, kad gaut\u0173 skan\u0117st\u0105. Matmenys:S: 20,5 x 5 cmL: 30 x 7 cm\" \/>\n<meta property=\"og:url\" content=\"https:\/\/miumjau.ee\/lt\/produktas\/eat-slow-live-longer-dubuo-violetinis-s\/\" \/>\n<meta property=\"og:site_name\" content=\"MiuMjau\" \/>\n<meta property=\"article:publisher\" content=\"https:\/\/www.facebook.com\/miumjaupood\/\" \/>\n<meta property=\"article:modified_time\" content=\"2026-01-07T18:46:55+00:00\" \/>\n<meta property=\"og:image\" content=\"https:\/\/miumjau.ee\/wp-content\/uploads\/2025\/12\/eat-slow-live-longer-kauss1.jpg\" \/>\n\t<meta property=\"og:image:width\" content=\"600\" \/>\n\t<meta property=\"og:image:height\" content=\"800\" \/>\n\t<meta property=\"og:image:type\" content=\"image\/jpeg\" \/>\n<meta name=\"twitter:card\" content=\"summary_large_image\" \/>\n<script type=\"application\/ld+json\" class=\"yoast-schema-graph\">{\"@context\":\"https:\/\/schema.org\",\"@graph\":[{\"@type\":\"WebPage\",\"@id\":\"https:\/\/miumjau.ee\/lt\/produktas\/eat-slow-live-longer-dubuo-violetinis-s\/\",\"url\":\"https:\/\/miumjau.ee\/lt\/produktas\/eat-slow-live-longer-dubuo-violetinis-s\/\",\"name\":\"Eat Slow Live Longer Dubuo, Violetinis S - MiuMjau\",\"isPartOf\":{\"@id\":\"https:\/\/miumjau.ee\/#website\"},\"primaryImageOfPage\":{\"@id\":\"https:\/\/miumjau.ee\/lt\/produktas\/eat-slow-live-longer-dubuo-violetinis-s\/#primaryimage\"},\"image\":{\"@id\":\"https:\/\/miumjau.ee\/lt\/produktas\/eat-slow-live-longer-dubuo-violetinis-s\/#primaryimage\"},\"thumbnailUrl\":\"https:\/\/miumjau.ee\/wp-content\/uploads\/2025\/12\/eat-slow-live-longer-kauss1.jpg\",\"datePublished\":\"2025-12-02T11:10:36+00:00\",\"dateModified\":\"2026-01-07T18:46:55+00:00\",\"breadcrumb\":{\"@id\":\"https:\/\/miumjau.ee\/lt\/produktas\/eat-slow-live-longer-dubuo-violetinis-s\/#breadcrumb\"},\"inLanguage\":\"lt-LT\",\"potentialAction\":[{\"@type\":\"ReadAction\",\"target\":[\"https:\/\/miumjau.ee\/lt\/produktas\/eat-slow-live-longer-dubuo-violetinis-s\/\"]}]},{\"@type\":\"ImageObject\",\"inLanguage\":\"lt-LT\",\"@id\":\"https:\/\/miumjau.ee\/lt\/produktas\/eat-slow-live-longer-dubuo-violetinis-s\/#primaryimage\",\"url\":\"https:\/\/miumjau.ee\/wp-content\/uploads\/2025\/12\/eat-slow-live-longer-kauss1.jpg\",\"contentUrl\":\"https:\/\/miumjau.ee\/wp-content\/uploads\/2025\/12\/eat-slow-live-longer-kauss1.jpg\",\"width\":600,\"height\":800,\"caption\":\"Eat slow live longer kauss, lilla S\"},{\"@type\":\"BreadcrumbList\",\"@id\":\"https:\/\/miumjau.ee\/lt\/produktas\/eat-slow-live-longer-dubuo-violetinis-s\/#breadcrumb\",\"itemListElement\":[{\"@type\":\"ListItem\",\"position\":1,\"name\":\"Home\",\"item\":\"https:\/\/miumjau.ee\/lt\/\"},{\"@type\":\"ListItem\",\"position\":2,\"name\":\"Parduotuv\u0117\",\"item\":\"https:\/\/miumjau.ee\/lt\/parduotuve\/\"},{\"@type\":\"ListItem\",\"position\":3,\"name\":\"Eat Slow Live Longer Dubuo, Violetinis S\"}]},{\"@type\":\"WebSite\",\"@id\":\"https:\/\/miumjau.ee\/#website\",\"url\":\"https:\/\/miumjau.ee\/\",\"name\":\"MiuMjau\",\"description\":\"Kraapimispuud kassidele\",\"publisher\":{\"@id\":\"https:\/\/miumjau.ee\/#organization\"},\"potentialAction\":[{\"@type\":\"SearchAction\",\"target\":{\"@type\":\"EntryPoint\",\"urlTemplate\":\"https:\/\/miumjau.ee\/?s={search_term_string}\"},\"query-input\":{\"@type\":\"PropertyValueSpecification\",\"valueRequired\":true,\"valueName\":\"search_term_string\"}}],\"inLanguage\":\"lt-LT\"},{\"@type\":\"Organization\",\"@id\":\"https:\/\/miumjau.ee\/#organization\",\"name\":\"MiuMjau O\u00dc\",\"url\":\"https:\/\/miumjau.ee\/\",\"logo\":{\"@type\":\"ImageObject\",\"inLanguage\":\"lt-LT\",\"@id\":\"https:\/\/miumjau.ee\/#\/schema\/logo\/image\/\",\"url\":\"https:\/\/miumjau.ee\/wp-content\/uploads\/2022\/04\/MiuMjau-logo-kollane.png\",\"contentUrl\":\"https:\/\/miumjau.ee\/wp-content\/uploads\/2022\/04\/MiuMjau-logo-kollane.png\",\"width\":219,\"height\":100,\"caption\":\"MiuMjau O\u00dc\"},\"image\":{\"@id\":\"https:\/\/miumjau.ee\/#\/schema\/logo\/image\/\"},\"sameAs\":[\"https:\/\/www.facebook.com\/miumjaupood\/\"]}]}<\/script>\n<!-- \/ Yoast SEO plugin. -->","yoast_head_json":{"title":"Eat Slow Live Longer Dubuo, Violetinis S - MiuMjau","robots":{"index":"index","follow":"follow","max-snippet":"max-snippet:-1","max-image-preview":"max-image-preview:large","max-video-preview":"max-video-preview:-1"},"canonical":"https:\/\/miumjau.ee\/lt\/produktas\/eat-slow-live-longer-dubuo-violetinis-s\/","og_locale":"lt_LT","og_type":"article","og_title":"Eat Slow Live Longer Dubuo, Violetinis S - MiuMjau","og_description":"Eat Slow Live Longer Original l\u0117to \u0117dimo dubuo padaro greit\u0105 \u0117dim\u0105 praeitimi! Ra\u0161tuotas dubuo apsunkina prieig\u0105 prie sauso maisto, tod\u0117l \u0161uo ar kat\u0117 ima ma\u017eesnius k\u0105snius, valgo l\u0117\u010diau ir geriau kramto. Dubuo turi neslystan\u010dias kojeles ir yra tinkamas plauti indaplov\u0117je. Kod\u0117l l\u0117tesnis valgymas yra svarbusPer greitas valgymas ar rijimas gali sukelti \u012fvairias problemas, tokias kaip nutukimas (nes maistas nesuvir\u0161kinamas tinkamai), skrand\u017eio pos\u016bkis ir dujos (nes gyv\u016bnas nurija daugiau oro). L\u0117to \u0117dimo dubuo padeda suma\u017einti arba i\u0161vengti \u0161i\u0173 problem\u0173. Med\u017eiaga: Eat Slow Live Longer dubuo pagamintas i\u0161 saugaus plastiko. Neslystan\u010dios kojel\u0117s \u2013 gumin\u0117s. Naudojimas: Naudokite duben\u012f sausam maistui kasdien. Paskirstykite saus\u0105 maist\u0105 tolygiai dubens dugne. Duben\u012f galima naudoti ir skan\u0117stams, kad \u0161uo ar kat\u0117 tur\u0117t\u0173 padirb\u0117ti, kad gaut\u0173 skan\u0117st\u0105. Matmenys:S: 20,5 x 5 cmL: 30 x 7 cm","og_url":"https:\/\/miumjau.ee\/lt\/produktas\/eat-slow-live-longer-dubuo-violetinis-s\/","og_site_name":"MiuMjau","article_publisher":"https:\/\/www.facebook.com\/miumjaupood\/","article_modified_time":"2026-01-07T18:46:55+00:00","og_image":[{"width":600,"height":800,"url":"https:\/\/miumjau.ee\/wp-content\/uploads\/2025\/12\/eat-slow-live-longer-kauss1.jpg","type":"image\/jpeg"}],"twitter_card":"summary_large_image","schema":{"@context":"https:\/\/schema.org","@graph":[{"@type":"WebPage","@id":"https:\/\/miumjau.ee\/lt\/produktas\/eat-slow-live-longer-dubuo-violetinis-s\/","url":"https:\/\/miumjau.ee\/lt\/produktas\/eat-slow-live-longer-dubuo-violetinis-s\/","name":"Eat Slow Live Longer Dubuo, Violetinis S - MiuMjau","isPartOf":{"@id":"https:\/\/miumjau.ee\/#website"},"primaryImageOfPage":{"@id":"https:\/\/miumjau.ee\/lt\/produktas\/eat-slow-live-longer-dubuo-violetinis-s\/#primaryimage"},"image":{"@id":"https:\/\/miumjau.ee\/lt\/produktas\/eat-slow-live-longer-dubuo-violetinis-s\/#primaryimage"},"thumbnailUrl":"https:\/\/miumjau.ee\/wp-content\/uploads\/2025\/12\/eat-slow-live-longer-kauss1.jpg","datePublished":"2025-12-02T11:10:36+00:00","dateModified":"2026-01-07T18:46:55+00:00","breadcrumb":{"@id":"https:\/\/miumjau.ee\/lt\/produktas\/eat-slow-live-longer-dubuo-violetinis-s\/#breadcrumb"},"inLanguage":"lt-LT","potentialAction":[{"@type":"ReadAction","target":["https:\/\/miumjau.ee\/lt\/produktas\/eat-slow-live-longer-dubuo-violetinis-s\/"]}]},{"@type":"ImageObject","inLanguage":"lt-LT","@id":"https:\/\/miumjau.ee\/lt\/produktas\/eat-slow-live-longer-dubuo-violetinis-s\/#primaryimage","url":"https:\/\/miumjau.ee\/wp-content\/uploads\/2025\/12\/eat-slow-live-longer-kauss1.jpg","contentUrl":"https:\/\/miumjau.ee\/wp-content\/uploads\/2025\/12\/eat-slow-live-longer-kauss1.jpg","width":600,"height":800,"caption":"Eat slow live longer kauss, lilla S"},{"@type":"BreadcrumbList","@id":"https:\/\/miumjau.ee\/lt\/produktas\/eat-slow-live-longer-dubuo-violetinis-s\/#breadcrumb","itemListElement":[{"@type":"ListItem","position":1,"name":"Home","item":"https:\/\/miumjau.ee\/lt\/"},{"@type":"ListItem","position":2,"name":"Parduotuv\u0117","item":"https:\/\/miumjau.ee\/lt\/parduotuve\/"},{"@type":"ListItem","position":3,"name":"Eat Slow Live Longer Dubuo, Violetinis S"}]},{"@type":"WebSite","@id":"https:\/\/miumjau.ee\/#website","url":"https:\/\/miumjau.ee\/","name":"MiuMjau","description":"Kraapimispuud kassidele","publisher":{"@id":"https:\/\/miumjau.ee\/#organization"},"potentialAction":[{"@type":"SearchAction","target":{"@type":"EntryPoint","urlTemplate":"https:\/\/miumjau.ee\/?s={search_term_string}"},"query-input":{"@type":"PropertyValueSpecification","valueRequired":true,"valueName":"search_term_string"}}],"inLanguage":"lt-LT"},{"@type":"Organization","@id":"https:\/\/miumjau.ee\/#organization","name":"MiuMjau O\u00dc","url":"https:\/\/miumjau.ee\/","logo":{"@type":"ImageObject","inLanguage":"lt-LT","@id":"https:\/\/miumjau.ee\/#\/schema\/logo\/image\/","url":"https:\/\/miumjau.ee\/wp-content\/uploads\/2022\/04\/MiuMjau-logo-kollane.png","contentUrl":"https:\/\/miumjau.ee\/wp-content\/uploads\/2022\/04\/MiuMjau-logo-kollane.png","width":219,"height":100,"caption":"MiuMjau O\u00dc"},"image":{"@id":"https:\/\/miumjau.ee\/#\/schema\/logo\/image\/"},"sameAs":["https:\/\/www.facebook.com\/miumjaupood\/"]}]}},"_links":{"self":[{"href":"https:\/\/miumjau.ee\/lt\/wp-json\/wp\/v2\/product\/47130","targetHints":{"allow":["GET"]}}],"collection":[{"href":"https:\/\/miumjau.ee\/lt\/wp-json\/wp\/v2\/product"}],"about":[{"href":"https:\/\/miumjau.ee\/lt\/wp-json\/wp\/v2\/types\/product"}],"wp:featuredmedia":[{"embeddable":true,"href":"https:\/\/miumjau.ee\/lt\/wp-json\/wp\/v2\/media\/46546"}],"wp:attachment":[{"href":"https:\/\/miumjau.ee\/lt\/wp-json\/wp\/v2\/media?parent=47130"}],"wp:term":[{"taxonomy":"product_brand","embeddable":true,"href":"https:\/\/miumjau.ee\/lt\/wp-json\/wp\/v2\/product_brand?post=47130"},{"taxonomy":"product_cat","embeddable":true,"href":"https:\/\/miumjau.ee\/lt\/wp-json\/wp\/v2\/product_cat?post=47130"},{"taxonomy":"product_tag","embeddable":true,"href":"https:\/\/miumjau.ee\/lt\/wp-json\/wp\/v2\/product_tag?post=47130"}],"curies":[{"name":"wp","href":"https:\/\/api.w.org\/{rel}","templated":true}]}}